{"id":1170,"date":"2021-09-29T10:48:52","date_gmt":"2021-09-29T10:48:52","guid":{"rendered":"https:\/\/snackjerusalem.com\/contact-us"},"modified":"2026-01-15T11:57:48","modified_gmt":"2026-01-15T11:57:48","slug":"contact-us","status":"publish","type":"page","link":"https:\/\/ifergangallery.com\/es\/contact-us\/","title":{"rendered":"Contacto"},"content":{"rendered":"<div data-elementor-type=\"wp-page\" data-elementor-id=\"1170\" class=\"elementor elementor-1170\" data-elementor-settings=\"[]\">\n\t\t\t\t\t\t\t<div class=\"elementor-section-wrap\">\n\t\t\t\t\t\t\t<section data-particle_enable=\"false\" data-particle-mobile-disabled=\"false\" class=\"elementor-section elementor-top-section elementor-element elementor-element-3cabccb elementor-section-boxed elementor-section-height-default elementor-section-height-default\" data-id=\"3cabccb\" data-element_type=\"section\">\n\t\t\t\t\t\t<div class=\"elementor-container elementor-column-gap-default\">\n\t\t\t\t\t<div class=\"elementor-column elementor-col-50 elementor-top-column elementor-element elementor-element-b11cbd0\" data-id=\"b11cbd0\" data-element_type=\"column\">\n\t\t\t<div class=\"elementor-widget-wrap elementor-element-populated\">\n\t\t\t\t\t\t\t\t<div class=\"elementor-element elementor-element-01839b7 elementor-widget elementor-widget-heading\" data-id=\"01839b7\" data-element_type=\"widget\" data-widget_type=\"heading.default\">\n\t\t\t\t<div class=\"elementor-widget-container\">\n\t\t\t<h2 class=\"elementor-heading-title elementor-size-default\">Cont\u00e1ctanos<\/h2>\t\t<\/div>\n\t\t\t\t<\/div>\n\t\t\t\t<div class=\"elementor-element elementor-element-63aa84d pp-wpforms-labels-yes pp-wpforms-form-button-custom elementor-widget elementor-widget-pp-wpforms\" data-id=\"63aa84d\" data-element_type=\"widget\" data-widget_type=\"pp-wpforms.default\">\n\t\t\t\t<div class=\"elementor-widget-container\">\n\t\t\t\t\t\t\t<div class=\"pp-contact-form pp-wpforms\">\n\t\t\t\t\t\t\t\t\t\t<div class=\"wpforms-container wpforms-container-full\" id=\"wpforms-1164\"><form id=\"wpforms-form-1164\" class=\"wpforms-validate wpforms-form\" data-formid=\"1164\" method=\"post\" enctype=\"multipart\/form-data\" action=\"\/es\/wp-json\/wp\/v2\/pages\/1170\" data-token=\"bdbcb69e76ed70292b56433f4d91be86\" data-trp-original-action=\"\/es\/wp-json\/wp\/v2\/pages\/1170\"><noscript class=\"wpforms-error-noscript\">Por favor, activa JavaScript en tu navegador para completar este formulario.<\/noscript><div class=\"wpforms-field-container\"><div id=\"wpforms-1164-field_0-container\" class=\"wpforms-field wpforms-field-name\" data-field-id=\"0\"><label class=\"wpforms-field-label wpforms-label-hide\" for=\"wpforms-1164-field_0\">Nombre <span class=\"wpforms-required-label\">*<\/span><\/label><input type=\"text\" id=\"wpforms-1164-field_0\" class=\"wpforms-field-small wpforms-field-required\" name=\"wpforms[fields][0]\" placeholder=\"Nombre\" required><\/div><div id=\"wpforms-1164-field_1-container\" class=\"wpforms-field wpforms-field-email\" data-field-id=\"1\"><label class=\"wpforms-field-label wpforms-label-hide\" for=\"wpforms-1164-field_1\">Email <span class=\"wpforms-required-label\">*<\/span><\/label><input type=\"email\" id=\"wpforms-1164-field_1\" class=\"wpforms-field-small wpforms-field-required\" name=\"wpforms[fields][1]\" placeholder=\"Email\" required><\/div><div id=\"wpforms-1164-field_3-container\" class=\"wpforms-field wpforms-field-text\" data-field-id=\"3\"><label class=\"wpforms-field-label\" for=\"wpforms-1164-field_3\">Si tu consulta es sobre una pieza en concreto, por favor no olvides indicarnos la referencia:<\/label><input type=\"text\" id=\"wpforms-1164-field_3\" class=\"wpforms-field-small\" name=\"wpforms[fields][3]\" placeholder=\"Referencia de la pieza\" ><\/div><div id=\"wpforms-1164-field_2-container\" class=\"wpforms-field wpforms-field-textarea\" data-field-id=\"2\"><label class=\"wpforms-field-label wpforms-label-hide\" for=\"wpforms-1164-field_2\">Consulta <span class=\"wpforms-required-label\">*<\/span><\/label><textarea id=\"wpforms-1164-field_2\" class=\"wpforms-field-medium wpforms-field-required\" name=\"wpforms[fields][2]\" placeholder=\"Consulta...\" required><\/textarea><\/div><\/div><div class=\"wpforms-submit-container\" ><input type=\"hidden\" name=\"wpforms[id]\" value=\"1164\"><input type=\"hidden\" name=\"wpforms[author]\" value=\"3\"><button type=\"submit\" name=\"wpforms[submit]\" class=\"wpforms-submit\" id=\"wpforms-submit-1164\" value=\"wpforms-submit\" aria-live=\"assertive\" data-alt-text=\"Enviando...\" data-submit-text=\"Enviar\">Enviar<\/button><\/div><input type=\"hidden\" name=\"trp-form-language\" value=\"es\"\/><\/form><\/div>  <!-- .wpforms-container -->\t\t\t\t<\/div>\n\t\t\t\t\t\t<\/div>\n\t\t\t\t<\/div>\n\t\t\t\t<div class=\"elementor-element elementor-element-6aead1c elementor-widget elementor-widget-text-editor\" data-id=\"6aead1c\" data-element_type=\"widget\" data-widget_type=\"text-editor.default\">\n\t\t\t\t<div class=\"elementor-widget-container\">\n\t\t\t\t\t\t\t<p>Al pulsar &#8220;Enviar&#8221; acepta la <a href=\"https:\/\/snackjerusalem.com\/es\/privacy-policy\/\">pol\u00edtica de privacidad<\/a> de esta web.<\/p>\t\t\t\t\t\t<\/div>\n\t\t\t\t<\/div>\n\t\t\t\t\t<\/div>\n\t\t<\/div>\n\t\t\t\t<div class=\"elementor-column elementor-col-50 elementor-top-column elementor-element elementor-element-095daf0\" data-id=\"095daf0\" data-element_type=\"column\">\n\t\t\t<div class=\"elementor-widget-wrap elementor-element-populated\">\n\t\t\t\t\t\t\t\t<div class=\"elementor-element elementor-element-3ca8ef4 elementor-widget elementor-widget-heading\" data-id=\"3ca8ef4\" data-element_type=\"widget\" data-widget_type=\"heading.default\">\n\t\t\t\t<div class=\"elementor-widget-container\">\n\t\t\t<h2 class=\"elementor-heading-title elementor-size-default\">Estamos en Rinc\u00f3n de la Victoria<\/h2>\t\t<\/div>\n\t\t\t\t<\/div>\n\t\t\t\t<div class=\"elementor-element elementor-element-59c9eff elementor-widget__width-initial elementor-widget elementor-widget-text-editor\" data-id=\"59c9eff\" data-element_type=\"widget\" data-widget_type=\"text-editor.default\">\n\t\t\t\t<div class=\"elementor-widget-container\">\n\t\t\t\t\t\t\t<p><strong>Direcci\u00f3n<\/strong><\/p><p><strong>Tel\u00e9fono<\/strong><\/p><p><strong>Email<\/strong><\/p>\t\t\t\t\t\t<\/div>\n\t\t\t\t<\/div>\n\t\t\t\t<div class=\"elementor-element elementor-element-28fcb28 elementor-widget__width-initial elementor-widget elementor-widget-text-editor\" data-id=\"28fcb28\" data-element_type=\"widget\" data-widget_type=\"text-editor.default\">\n\t\t\t\t<div class=\"elementor-widget-container\">\n\t\t\t\t\t\t\t<p>C\/ Sietecolores, 9, Rinc\u00f3n de La Victoria, M\u00e1laga, Espa\u00f1a<\/p>\n<p>(+34) <span aria-label=\"Llamar al n\u00famero de tel\u00e9fono 606 90 98 04\">606 90 98 04 \/ 650 67 02 21 \/ 952 404 595<\/span><\/p>\n<p><a href=\"mailto:info@ifergangallery.es\">info@ifergangallery.es<\/a><\/p>\t\t\t\t\t\t<\/div>\n\t\t\t\t<\/div>\n\t\t\t\t<div class=\"elementor-element elementor-element-a247f21 elementor-widget elementor-widget-premium-addon-maps\" data-id=\"a247f21\" data-element_type=\"widget\" data-widget_type=\"premium-addon-maps.default\">\n\t\t\t\t<div class=\"elementor-widget-container\">\n\t\t\t\n\t<div class=\"premium-maps-container\" id=\"premium-maps-container\">\n\t\t\t\t\t<div class=\"premium_maps_map_height\" data-settings=\"{&quot;zoom&quot;:15,&quot;maptype&quot;:&quot;roadmap&quot;,&quot;streetViewControl&quot;:&quot;false&quot;,&quot;centerlat&quot;:&quot;36.734316&quot;,&quot;centerlong&quot;:&quot;-4.260082&quot;,&quot;scrollwheel&quot;:&quot;false&quot;,&quot;fullScreen&quot;:&quot;false&quot;,&quot;zoomControl&quot;:&quot;false&quot;,&quot;typeControl&quot;:&quot;false&quot;,&quot;automaticOpen&quot;:&quot;false&quot;,&quot;hoverOpen&quot;:&quot;false&quot;,&quot;hoverClose&quot;:&quot;false&quot;,&quot;cluster&quot;:&quot;false&quot;,&quot;drag&quot;:&quot;&quot;}\" data-style=\"\">\n\t\t\t\t\t\t\t<div class=\"premium-pin\" data-lng=\"-4.260082\" data-lat=\"36.734316\" data-icon=\"\" data-icon-size=\"\" data-max-width=\"1000\">\n\t\t\t\t\t\t\t\t\t\t\t<div class='premium-maps-info-container'><p class='premium-maps-info-title'>Ifergan Gallery<\/p><div class='premium-maps-info-desc'><p>Sebasti\u00e1n Souvir\u00f3n 9, 29005, M\u00e1laga, Espa\u00f1a<\/p><\/div><\/div>\n\t\t\t\t\t\t\t\t\t<\/div>\n\t\t\t\t\t\t\t<\/div>\n\t\t\t\t<\/div>\n\t\t\t\t<\/div>\n\t\t\t\t<\/div>\n\t\t\t\t\t<\/div>\n\t\t<\/div>\n\t\t\t\t\t\t\t<\/div>\n\t\t<\/section>\n\t\t\t\t\t\t<\/div>\n\t\t\t\t\t<\/div>","protected":false},"excerpt":{"rendered":"<p>Cont\u00e1ctanos Please enable JavaScript in your browser to complete this form.Nombre *Email *Si tu consulta es sobre una pieza en concreto, por favor no olvides indicarnos la referencia:Consulta *Enviar Al pulsar &#8220;Enviar&#8221; acepta la pol\u00edtica de privacidad de esta web. Estamos en Rinc\u00f3n de la Victoria Direcci\u00f3n Tel\u00e9fono Email C\/ Sietecolores, 9, Rinc\u00f3n de La &hellip;<\/p>\n<p class=\"read-more\"> <a class=\"\" href=\"https:\/\/ifergangallery.com\/es\/contact-us\/\"> <span class=\"screen-reader-text\">Contacto<\/span> Leer m\u00e1s &raquo;<\/a><\/p>","protected":false},"author":3,"featured_media":0,"parent":0,"menu_order":0,"comment_status":"closed","ping_status":"closed","template":"","meta":{"spay_email":""},"yoast_head":"<!-- This site is optimized with the Yoast SEO Premium plugin v17.6 (Yoast SEO v17.6) - https:\/\/yoast.com\/wordpress\/plugins\/seo\/ -->\n<title>Contacto &ndash; Ifergan Gallery<\/title>\n<meta name=\"robots\" content=\"index, follow, max-snippet:-1, max-image-preview:large, max-video-preview:-1\" \/>\n<link rel=\"canonical\" href=\"https:\/\/ifergangallery.com\/es\/contact-us\/\" \/>\n<meta property=\"og:locale\" content=\"es_ES\" \/>\n<meta property=\"og:type\" content=\"article\" \/>\n<meta property=\"og:title\" content=\"Contacto\" \/>\n<meta property=\"og:description\" content=\"Cont\u00e1ctanos Please enable JavaScript in your browser to complete this form.Nombre *Email *Si tu consulta es sobre una pieza en concreto, por favor no olvides indicarnos la referencia:Consulta *Enviar Al pulsar &#8220;Enviar&#8221; acepta la pol\u00edtica de privacidad de esta web. Estamos en Rinc\u00f3n de la Victoria Direcci\u00f3n Tel\u00e9fono Email C\/ Sietecolores, 9, Rinc\u00f3n de La &hellip; Contacto Leer m\u00e1s &raquo;\" \/>\n<meta property=\"og:url\" content=\"https:\/\/ifergangallery.com\/es\/contact-us\/\" \/>\n<meta property=\"og:site_name\" content=\"Ifergan Gallery\" \/>\n<meta property=\"article:publisher\" content=\"https:\/\/www.facebook.com\/Ifergancollectionmalaga\" \/>\n<meta property=\"article:modified_time\" content=\"2026-01-15T11:57:48+00:00\" \/>\n<meta name=\"twitter:card\" content=\"summary_large_image\" \/>\n<meta name=\"twitter:site\" content=\"@Ifergangallery\" \/>\n<meta name=\"twitter:label1\" content=\"Tiempo de lectura\" \/>\n\t<meta name=\"twitter:data1\" content=\"12 minutos\" \/>\n<script type=\"application\/ld+json\" class=\"yoast-schema-graph\">{\"@context\":\"https:\/\/schema.org\",\"@graph\":[{\"@type\":\"Organization\",\"@id\":\"https:\/\/ifergangallery.com\/#organization\",\"name\":\"Ifergan Gallery\",\"url\":\"https:\/\/ifergangallery.com\/\",\"sameAs\":[\"https:\/\/www.facebook.com\/Ifergancollectionmalaga\",\"https:\/\/www.instagram.com\/ifergangallery\/\",\"https:\/\/www.youtube.com\/channel\/UC2O2zZ9BJKhbUFOnu_5mE3g\",\"https:\/\/twitter.com\/Ifergangallery\"],\"logo\":{\"@type\":\"ImageObject\",\"@id\":\"https:\/\/ifergangallery.com\/#logo\",\"inLanguage\":\"es\",\"url\":\"https:\/\/ifergangallery.com\/wp-content\/uploads\/2021\/09\/Imagotipo_blanco-e1637271379231.png\",\"contentUrl\":\"https:\/\/ifergangallery.com\/wp-content\/uploads\/2021\/09\/Imagotipo_blanco-e1637271379231.png\",\"width\":1920,\"height\":1065,\"caption\":\"Ifergan Gallery\"},\"image\":{\"@id\":\"https:\/\/ifergangallery.com\/#logo\"}},{\"@type\":\"WebSite\",\"@id\":\"https:\/\/ifergangallery.com\/#website\",\"url\":\"https:\/\/ifergangallery.com\/\",\"name\":\"Ifergan Gallery\",\"description\":\"Ancient Art Gallery\",\"publisher\":{\"@id\":\"https:\/\/ifergangallery.com\/#organization\"},\"potentialAction\":[{\"@type\":\"SearchAction\",\"target\":{\"@type\":\"EntryPoint\",\"urlTemplate\":\"https:\/\/ifergangallery.com\/?s={search_term_string}\"},\"query-input\":\"required name=search_term_string\"}],\"inLanguage\":\"es\"},{\"@type\":\"WebPage\",\"@id\":\"https:\/\/ifergangallery.com\/es\/contact-us\/#webpage\",\"url\":\"https:\/\/ifergangallery.com\/es\/contact-us\/\",\"name\":\"Contacto &ndash; Ifergan Gallery\",\"isPartOf\":{\"@id\":\"https:\/\/ifergangallery.com\/#website\"},\"datePublished\":\"2021-09-29T10:48:52+00:00\",\"dateModified\":\"2026-01-15T11:57:48+00:00\",\"breadcrumb\":{\"@id\":\"https:\/\/ifergangallery.com\/es\/contact-us\/#breadcrumb\"},\"inLanguage\":\"es\",\"potentialAction\":[{\"@type\":\"ReadAction\",\"target\":[\"https:\/\/ifergangallery.com\/es\/contact-us\/\"]}]},{\"@type\":\"BreadcrumbList\",\"@id\":\"https:\/\/ifergangallery.com\/es\/contact-us\/#breadcrumb\",\"itemListElement\":[{\"@type\":\"ListItem\",\"position\":1,\"name\":\"Home\",\"item\":\"https:\/\/ifergangallery.com\/es\/\"},{\"@type\":\"ListItem\",\"position\":2,\"name\":\"Contacto\"}]}]}<\/script>\n<!-- \/ Yoast SEO Premium plugin. -->","yoast_head_json":{"title":"Contacto &ndash; Ifergan Gallery","robots":{"index":"index","follow":"follow","max-snippet":"max-snippet:-1","max-image-preview":"max-image-preview:large","max-video-preview":"max-video-preview:-1"},"canonical":"https:\/\/ifergangallery.com\/es\/contact-us\/","og_locale":"es_ES","og_type":"article","og_title":"Contacto","og_description":"Cont\u00e1ctanos Please enable JavaScript in your browser to complete this form.Nombre *Email *Si tu consulta es sobre una pieza en concreto, por favor no olvides indicarnos la referencia:Consulta *Enviar Al pulsar &#8220;Enviar&#8221; acepta la pol\u00edtica de privacidad de esta web. Estamos en Rinc\u00f3n de la Victoria Direcci\u00f3n Tel\u00e9fono Email C\/ Sietecolores, 9, Rinc\u00f3n de La &hellip; Contacto Leer m\u00e1s &raquo;","og_url":"https:\/\/ifergangallery.com\/es\/contact-us\/","og_site_name":"Ifergan Gallery","article_publisher":"https:\/\/www.facebook.com\/Ifergancollectionmalaga","article_modified_time":"2026-01-15T11:57:48+00:00","twitter_card":"summary_large_image","twitter_site":"@Ifergangallery","twitter_misc":{"Tiempo de lectura":"12 minutos"},"schema":{"@context":"https:\/\/schema.org","@graph":[{"@type":"Organization","@id":"https:\/\/ifergangallery.com\/#organization","name":"Ifergan Gallery","url":"https:\/\/ifergangallery.com\/","sameAs":["https:\/\/www.facebook.com\/Ifergancollectionmalaga","https:\/\/www.instagram.com\/ifergangallery\/","https:\/\/www.youtube.com\/channel\/UC2O2zZ9BJKhbUFOnu_5mE3g","https:\/\/twitter.com\/Ifergangallery"],"logo":{"@type":"ImageObject","@id":"https:\/\/ifergangallery.com\/#logo","inLanguage":"es","url":"https:\/\/ifergangallery.com\/wp-content\/uploads\/2021\/09\/Imagotipo_blanco-e1637271379231.png","contentUrl":"https:\/\/ifergangallery.com\/wp-content\/uploads\/2021\/09\/Imagotipo_blanco-e1637271379231.png","width":1920,"height":1065,"caption":"Ifergan Gallery"},"image":{"@id":"https:\/\/ifergangallery.com\/#logo"}},{"@type":"WebSite","@id":"https:\/\/ifergangallery.com\/#website","url":"https:\/\/ifergangallery.com\/","name":"Ifergan Gallery","description":"Ancient Art Gallery","publisher":{"@id":"https:\/\/ifergangallery.com\/#organization"},"potentialAction":[{"@type":"SearchAction","target":{"@type":"EntryPoint","urlTemplate":"https:\/\/ifergangallery.com\/?s={search_term_string}"},"query-input":"required name=search_term_string"}],"inLanguage":"es"},{"@type":"WebPage","@id":"https:\/\/ifergangallery.com\/es\/contact-us\/#webpage","url":"https:\/\/ifergangallery.com\/es\/contact-us\/","name":"Contacto &ndash; Ifergan Gallery","isPartOf":{"@id":"https:\/\/ifergangallery.com\/#website"},"datePublished":"2021-09-29T10:48:52+00:00","dateModified":"2026-01-15T11:57:48+00:00","breadcrumb":{"@id":"https:\/\/ifergangallery.com\/es\/contact-us\/#breadcrumb"},"inLanguage":"es","potentialAction":[{"@type":"ReadAction","target":["https:\/\/ifergangallery.com\/es\/contact-us\/"]}]},{"@type":"BreadcrumbList","@id":"https:\/\/ifergangallery.com\/es\/contact-us\/#breadcrumb","itemListElement":[{"@type":"ListItem","position":1,"name":"Home","item":"https:\/\/ifergangallery.com\/es\/"},{"@type":"ListItem","position":2,"name":"Contacto"}]}]}},"_links":{"self":[{"href":"https:\/\/ifergangallery.com\/es\/wp-json\/wp\/v2\/pages\/1170"}],"collection":[{"href":"https:\/\/ifergangallery.com\/es\/wp-json\/wp\/v2\/pages"}],"about":[{"href":"https:\/\/ifergangallery.com\/es\/wp-json\/wp\/v2\/types\/page"}],"author":[{"embeddable":true,"href":"https:\/\/ifergangallery.com\/es\/wp-json\/wp\/v2\/users\/3"}],"replies":[{"embeddable":true,"href":"https:\/\/ifergangallery.com\/es\/wp-json\/wp\/v2\/comments?post=1170"}],"version-history":[{"count":9,"href":"https:\/\/ifergangallery.com\/es\/wp-json\/wp\/v2\/pages\/1170\/revisions"}],"predecessor-version":[{"id":15935,"href":"https:\/\/ifergangallery.com\/es\/wp-json\/wp\/v2\/pages\/1170\/revisions\/15935"}],"wp:attachment":[{"href":"https:\/\/ifergangallery.com\/es\/wp-json\/wp\/v2\/media?parent=1170"}],"curies":[{"name":"wp","href":"https:\/\/api.w.org\/{rel}","templated":true}]}}