{"id":1256,"date":"2021-09-30T08:30:18","date_gmt":"2021-09-30T08:30:18","guid":{"rendered":"https:\/\/snackjerusalem.com\/conditions-shipments\/"},"modified":"2021-10-04T09:12:56","modified_gmt":"2021-10-04T09:12:56","slug":"conditions-shipments","status":"publish","type":"page","link":"https:\/\/ifergangallery.com\/es\/conditions-shipments\/","title":{"rendered":"Condiciones &#038; env\u00edos"},"content":{"rendered":"<div data-elementor-type=\"wp-page\" data-elementor-id=\"1256\" class=\"elementor elementor-1256\" data-elementor-settings=\"[]\">\n\t\t\t\t\t\t\t<div class=\"elementor-section-wrap\">\n\t\t\t\t\t\t\t<section data-particle_enable=\"false\" data-particle-mobile-disabled=\"false\" class=\"elementor-section elementor-top-section elementor-element elementor-element-4f22e0db elementor-section-boxed elementor-section-height-default elementor-section-height-default\" data-id=\"4f22e0db\" data-element_type=\"section\">\n\t\t\t\t\t\t<div class=\"elementor-container elementor-column-gap-default\">\n\t\t\t\t\t<div class=\"elementor-column elementor-col-100 elementor-top-column elementor-element elementor-element-544f24a2\" data-id=\"544f24a2\" data-element_type=\"column\">\n\t\t\t<div class=\"elementor-widget-wrap elementor-element-populated\">\n\t\t\t\t\t\t\t\t<div class=\"elementor-element elementor-element-1ef80f53 elementor-widget elementor-widget-text-editor\" data-id=\"1ef80f53\" data-element_type=\"widget\" data-widget_type=\"text-editor.default\">\n\t\t\t\t<div class=\"elementor-widget-container\">\n\t\t\t\t\t\t\t<p>En cuanto se trata de piezas \u00fanicas, su disponibilidad est\u00e1 sujeta a confirmaci\u00f3n por Ifergan Gallery \u2013 Ancient Art al cliente a la recepci\u00f3n del pedido de compra verificado por \u00e9ste.<\/p><p>La catalogaci\u00f3n de las piezas contenida en su correspondiente descripci\u00f3n es realizada por Ifergan Gallery \u2013 Ancient Art conforme a su experiencia profesional, previa investigaci\u00f3n y comprobaci\u00f3n de piezas similares catalogadas en colecciones p\u00fablicas, colecciones privadas o en el mercado de antig\u00fcedades, y con el apoyo de pruebas cient\u00edficas que permiten fechar la antig\u00fcedad de los objetos, siempre que puedan ser llevadas a cabo.<\/p><p>El cliente acepta expresamente que la compraventa realizada pueda no perfeccionarse en cuanto en el momento de la recepci\u00f3n de su pedido la pieza solicitada puede haber sido vendida por medio distinto a compraventa v\u00eda Internet, sin que en tal caso pueda exigirse otra responsabilidad a Ifergan Gallery \u2013 Ancient Art que la devoluci\u00f3n del precio abonado.<\/p><p><strong>Ifergan Gallery \u2013 Ancient Art<\/strong> garantiza la autenticidad de las piezas que oferta.<\/p><p>Cada pieza vendida ir\u00e1 acompa\u00f1ada de su certificado de autenticidad expedido por <strong>Ifergan Gallery \u2013 Ancient Art<\/strong>. As\u00ed como los an\u00e1lisis cient\u00edficos o estudios que se hayan realizado expresamente para ello, y que figuren mencionados en la descripci\u00f3n.<\/p><p>Por razones de privacidad, en muchas descripciones de las piezas contenidas en el web no se identifica de forma expresa la procedencia anterior de la pieza ofertada, la misma, hasta donde sea conocida por Ifergan Gallery \u2013 Ancient Art, ser\u00e1 registrada en la ficha que se entregue al adquirente, a fin de garantizar su l\u00edcita procedencia y tr\u00e1fico.<\/p><p><strong>Ifergan Gallery \u2013 Ancient Art<\/strong> se reserva el derecho a utilizar y seguir publicando por cualquier medio propio de su actividad, y sin limitaci\u00f3n alguna, las im\u00e1genes, descripciones y fichas de cualesquiera piezas vendidas por la misma, consintiendo expresamente los adquirentes de esas piezas, por el s\u00f3lo hecho de su adquisici\u00f3n y sin necesidad de acto expreso alguno al efecto, dicha utilizaci\u00f3n.<\/p><p>Los precios fijados para cada pieza tienen un valor meramente informativo respecto de la fecha en que se fijan, y podr\u00e1n ser libremente modificados en cualquier momento por Ifergan Gallery \u2013 Ancient Art en atenci\u00f3n a aquellas circunstancias de mercado que puedan influir sobre los mismos.<\/p><p>Los precios fijados son unitarios para cada pieza, e incluyen impuestos indirectos, as\u00ed como los gastos de transporte y seguro de transporte (el env\u00edo se realizar\u00e1 mediante mensajer\u00eda urgente privada o transporte especializado).<\/p><p>Los gastos de transporte y seguro correr\u00e1n de exclusiva cuenta y cargo de \u00e9ste, y ser\u00e1n los que se espec\u00edficamente se acuerden para cada pieza y destino entre Ifergan Gallery \u2013 Ancient Art y el cliente si \u00e9ste decide que sea aquella quien contrate esos servicios.<\/p><p>Cualesquiera otros gastos, impuestos y aranceles aduaneros ligados a la importaci\u00f3n de la pieza exigidos por la legislaci\u00f3n del pa\u00eds de entrega ser\u00e1n de exclusivo cargo y cuenta del cliente.<\/p><p>Se pone en conocimiento expreso de los clientes que las ventas con destino a terceros pa\u00edses, forman parte o no de la Comunidad Europea, est\u00e1n sujetas a la previa obtenci\u00f3n de un permiso de exportaci\u00f3n librado por las autoridades espa\u00f1olas. Adem\u00e1s, cuando el pa\u00eds de destino de la pieza no forme parte de la Comunidad Europea, la legislaci\u00f3n espa\u00f1ola impone el pago de una tasa de exportaci\u00f3n, Ifergan Gallery \u2013 Ancient Art, informar\u00e1 detalladamente al interesado.<\/p><p>En tales supuestos, la obtenci\u00f3n de ese permiso de exportaci\u00f3n y, en su caso, el abono de las correspondientes tasas de exportaci\u00f3n, son obligaci\u00f3n directa del cliente, y de su exclusiva cuenta y cargo. No obstante, podr\u00e1 encomendar su gesti\u00f3n a Ifergan Gallery \u2013 Ancient Art, quien la asumir\u00e1 exclusivamente conforme a las condiciones siguientes:<\/p><ul><li>La expedici\u00f3n de la pieza no se verificar\u00e1 en ning\u00fan caso mientras no se haya obtenido el permiso de exportaci\u00f3n que debe acompa\u00f1arla en su transporte. A tal efecto, se informa al cliente que la tramitaci\u00f3n del mismo conlleva como regla general un plazo de entre cuatro y seis semanas, si bien puede durar hasta un m\u00e1ximo de cuatro meses. Si la exportaci\u00f3n conlleva abono de tasas, en ning\u00fan caso se iniciar\u00e1 su tramitaci\u00f3n mientras las mismas no hayan sido anticipadas por el cliente.<\/li><\/ul><ul><li>En caso, que dicho permiso de exportaci\u00f3n fuera denegado, la compraventa quedar\u00e1 sin efecto, sin responsabilidad para ninguna de las partes, procediendo Ifergan Gallery \u2013 Ancient Art a restituir al cliente el precio satisfecho por la pieza y, en su caso, la tasa de exportaci\u00f3n anticipada.<\/li><\/ul><p>Los medios de pago son los se\u00f1alados en la hoja de pedido:<\/p><ul><li>Transferencia bancaria: cuando la opci\u00f3n elegida por el cliente sea la de pago por transferencia bancaria, la venta no se entender\u00e1 verificada hasta la recepci\u00f3n efectiva de la misma por Ifergan Gallery \u2013 Ancient Art. De no ser recibida \u00e9sta transcurridos siete d\u00edas naturales desde la fecha de recepci\u00f3n de la compra, la venta quedar\u00e1 sin efecto e Ifergan gallery \u2013 Ancient Art podr\u00e1 ofertar de nuevo libremente la pieza de que se trate.<\/li><li>Para medios de pago distintos de los anteriores ( cheque, efectivo, etc ), el cliente deber\u00e1 ponerse en contacto con Ifergan Gallery \u2013 Ancient Art y recabar la conformidad expresa de \u00e9sta.<\/li><\/ul><p>El env\u00edo o entrega de la pieza se producir\u00e1 como regla general dentro de los tres d\u00edas siguientes a la recepci\u00f3n del pago, salvo previo acuerdo entre ambas partes, poniendo en conocimiento del cliente el d\u00eda y medio exacto de expedici\u00f3n. Cuando el env\u00edo tenga como destino pa\u00eds distinto de Espa\u00f1a, el env\u00edo se producir\u00e1 en esas mismas condiciones, pero a contar desde la obtenci\u00f3n del correspondiente permiso de exportaci\u00f3n expedido por las autoridades espa\u00f1olas.<\/p><p>El plazo de entrega ser\u00e1 el que venga determinado en cada caso por la agencia de transporte encargada del mismo y las circunstancias materiales que puedan afectarle, sin que Ifergan Gallery \u2013 Ancient Art asuma responsabilidad alguna por el retraso en la entrega sobre la fecha normalmente prevista.<\/p><p>Expedido el env\u00edo, se proporcionar\u00e1 al cliente el n\u00famero de seguimiento asignado por la agencia de transporte, a fin que puede proceder a su seguimiento y control.<\/p><p>Como regla general, y sin necesidad de alegar justa causa, el cliente podr\u00e1 proceder a la devoluci\u00f3n de la pieza dentro de los quince d\u00edas naturales siguientes a su recepci\u00f3n, quedando la venta anulada, siguiendo las instrucciones que facilite Ifergan Gallery \u2013 Ancient Art. Tal devoluci\u00f3n s\u00f3lo ser\u00e1 factible si la pieza se restituye por el cliente en las mismas condiciones en que la recibi\u00f3, sin da\u00f1o, menoscabo o deterioro alguno. Los gastos que pudieran derivar de la devoluci\u00f3n (transporte, seguro, etc) ser\u00e1n de exclusiva cuenta y cargo del cliente.<\/p><p>Igualmente, y dentro del mismo plazo de quince d\u00edas naturales desde la recepci\u00f3n de la pieza por el cliente, \u00e9ste podr\u00e1 proceder a su devoluci\u00f3n por causa justificada, en cuyo caso todos los gastos ser\u00e1n de exclusiva cuenta y cargo de Ifergan Gallery \u2013 Ancient Art, quien deber\u00e1 restituir al cliente el importe del precio pagado. Se entender\u00e1 en todo caso que existe tal causa en los siguientes supuestos:<\/p><ul><li>Que la pieza recepcionada por el cliente no coincida con la adquirida.<\/li><li>Que la pieza presente da\u00f1os importantes o desperfectos de consideraci\u00f3n no descritos en su ficha de venta. A tal efecto, no tendr\u00e1n en ning\u00fan caso tal consideraci\u00f3n los piquetes, golpes, erosiones y desgastes de peque\u00f1a entidad inherentes a este tipo de piezas por su propia naturaleza arqueol\u00f3gica, y que, seg\u00fan la costumbre del sector, se acepta no sean pormenorizadamente descritos en su ficha.<\/li><\/ul><p>De igual forma, el cliente podr\u00e1 proceder a la devoluci\u00f3n de la pieza, en cualquier momento y sin sujeci\u00f3n a plazo temporal alguno, y con la misma obligaci\u00f3n para Ifergan Gallery \u2013 Ancient Art de proceder a la restituci\u00f3n del precio pagado y a la asunci\u00f3n de los gastos inherentes a la devoluci\u00f3n, en los siguientes supuestos:<\/p><ul><li>Error grave en la catalogaci\u00f3n de la pieza, entendiendo por tal la asignaci\u00f3n de la misma a una cultura o per\u00edodo hist\u00f3rico distinto del que le corresponde.<\/li><\/ul><ul><li>No autenticidad, debidamente probada de la pieza, mediante an\u00e1lisis cient\u00edficos u opiniones de expertos reconocidos internacionalmente.<\/li><\/ul>\t\t\t\t\t\t<\/div>\n\t\t\t\t<\/div>\n\t\t\t\t\t<\/div>\n\t\t<\/div>\n\t\t\t\t\t\t\t<\/div>\n\t\t<\/section>\n\t\t\t\t\t\t<\/div>\n\t\t\t\t\t<\/div>","protected":false},"excerpt":{"rendered":"<p>En cuanto se trata de piezas \u00fanicas, su disponibilidad est\u00e1 sujeta a confirmaci\u00f3n por Ifergan Gallery \u2013 Ancient Art al cliente a la recepci\u00f3n del pedido de compra verificado por \u00e9ste. La catalogaci\u00f3n de las piezas contenida en su correspondiente descripci\u00f3n es realizada por Ifergan Gallery \u2013 Ancient Art conforme a su experiencia profesional, previa &hellip;<\/p>\n<p class=\"read-more\"> <a class=\"\" href=\"https:\/\/ifergangallery.com\/es\/conditions-shipments\/\"> <span class=\"screen-reader-text\">Condiciones &#038; env\u00edos<\/span> Leer m\u00e1s &raquo;<\/a><\/p>","protected":false},"author":1,"featured_media":0,"parent":0,"menu_order":0,"comment_status":"closed","ping_status":"closed","template":"","meta":{"spay_email":""},"yoast_head":"<!-- This site is optimized with the Yoast SEO Premium plugin v17.6 (Yoast SEO v17.6) - https:\/\/yoast.com\/wordpress\/plugins\/seo\/ -->\n<title>Condiciones &amp; env\u00edos &ndash; Ifergan Gallery<\/title>\n<meta name=\"robots\" content=\"index, follow, max-snippet:-1, max-image-preview:large, max-video-preview:-1\" \/>\n<link rel=\"canonical\" href=\"https:\/\/ifergangallery.com\/es\/conditions-shipments\/\" \/>\n<meta property=\"og:locale\" content=\"es_ES\" \/>\n<meta property=\"og:type\" content=\"article\" \/>\n<meta property=\"og:title\" content=\"Condiciones &amp; env\u00edos\" \/>\n<meta property=\"og:description\" content=\"En cuanto se trata de piezas \u00fanicas, su disponibilidad est\u00e1 sujeta a confirmaci\u00f3n por Ifergan Gallery \u2013 Ancient Art al cliente a la recepci\u00f3n del pedido de compra verificado por \u00e9ste. La catalogaci\u00f3n de las piezas contenida en su correspondiente descripci\u00f3n es realizada por Ifergan Gallery \u2013 Ancient Art conforme a su experiencia profesional, previa &hellip; Condiciones &#038; env\u00edos Leer m\u00e1s &raquo;\" \/>\n<meta property=\"og:url\" content=\"https:\/\/ifergangallery.com\/es\/conditions-shipments\/\" \/>\n<meta property=\"og:site_name\" content=\"Ifergan Gallery\" \/>\n<meta property=\"article:publisher\" content=\"https:\/\/www.facebook.com\/Ifergancollectionmalaga\" \/>\n<meta property=\"article:modified_time\" content=\"2021-10-04T09:12:56+00:00\" \/>\n<meta name=\"twitter:card\" content=\"summary_large_image\" \/>\n<meta name=\"twitter:site\" content=\"@Ifergangallery\" \/>\n<meta name=\"twitter:label1\" content=\"Tiempo de lectura\" \/>\n\t<meta name=\"twitter:data1\" content=\"7 minutos\" \/>\n<script type=\"application\/ld+json\" class=\"yoast-schema-graph\">{\"@context\":\"https:\/\/schema.org\",\"@graph\":[{\"@type\":\"Organization\",\"@id\":\"https:\/\/ifergangallery.com\/#organization\",\"name\":\"Ifergan Gallery\",\"url\":\"https:\/\/ifergangallery.com\/\",\"sameAs\":[\"https:\/\/www.facebook.com\/Ifergancollectionmalaga\",\"https:\/\/www.instagram.com\/ifergangallery\/\",\"https:\/\/www.youtube.com\/channel\/UC2O2zZ9BJKhbUFOnu_5mE3g\",\"https:\/\/twitter.com\/Ifergangallery\"],\"logo\":{\"@type\":\"ImageObject\",\"@id\":\"https:\/\/ifergangallery.com\/#logo\",\"inLanguage\":\"es\",\"url\":\"https:\/\/ifergangallery.com\/wp-content\/uploads\/2021\/09\/Imagotipo_blanco-e1637271379231.png\",\"contentUrl\":\"https:\/\/ifergangallery.com\/wp-content\/uploads\/2021\/09\/Imagotipo_blanco-e1637271379231.png\",\"width\":1920,\"height\":1065,\"caption\":\"Ifergan Gallery\"},\"image\":{\"@id\":\"https:\/\/ifergangallery.com\/#logo\"}},{\"@type\":\"WebSite\",\"@id\":\"https:\/\/ifergangallery.com\/#website\",\"url\":\"https:\/\/ifergangallery.com\/\",\"name\":\"Ifergan Gallery\",\"description\":\"Ancient Art Gallery\",\"publisher\":{\"@id\":\"https:\/\/ifergangallery.com\/#organization\"},\"potentialAction\":[{\"@type\":\"SearchAction\",\"target\":{\"@type\":\"EntryPoint\",\"urlTemplate\":\"https:\/\/ifergangallery.com\/?s={search_term_string}\"},\"query-input\":\"required name=search_term_string\"}],\"inLanguage\":\"es\"},{\"@type\":\"WebPage\",\"@id\":\"https:\/\/ifergangallery.com\/es\/conditions-shipments\/#webpage\",\"url\":\"https:\/\/ifergangallery.com\/es\/conditions-shipments\/\",\"name\":\"Condiciones & env\\u00edos &ndash; Ifergan Gallery\",\"isPartOf\":{\"@id\":\"https:\/\/ifergangallery.com\/#website\"},\"datePublished\":\"2021-09-30T08:30:18+00:00\",\"dateModified\":\"2021-10-04T09:12:56+00:00\",\"breadcrumb\":{\"@id\":\"https:\/\/ifergangallery.com\/es\/conditions-shipments\/#breadcrumb\"},\"inLanguage\":\"es\",\"potentialAction\":[{\"@type\":\"ReadAction\",\"target\":[\"https:\/\/ifergangallery.com\/es\/conditions-shipments\/\"]}]},{\"@type\":\"BreadcrumbList\",\"@id\":\"https:\/\/ifergangallery.com\/es\/conditions-shipments\/#breadcrumb\",\"itemListElement\":[{\"@type\":\"ListItem\",\"position\":1,\"name\":\"Home\",\"item\":\"https:\/\/ifergangallery.com\/es\/\"},{\"@type\":\"ListItem\",\"position\":2,\"name\":\"Condiciones &#038; env\\u00edos\"}]}]}<\/script>\n<!-- \/ Yoast SEO Premium plugin. -->","yoast_head_json":{"title":"Condiciones & env\u00edos &ndash; Ifergan Gallery","robots":{"index":"index","follow":"follow","max-snippet":"max-snippet:-1","max-image-preview":"max-image-preview:large","max-video-preview":"max-video-preview:-1"},"canonical":"https:\/\/ifergangallery.com\/es\/conditions-shipments\/","og_locale":"es_ES","og_type":"article","og_title":"Condiciones & env\u00edos","og_description":"En cuanto se trata de piezas \u00fanicas, su disponibilidad est\u00e1 sujeta a confirmaci\u00f3n por Ifergan Gallery \u2013 Ancient Art al cliente a la recepci\u00f3n del pedido de compra verificado por \u00e9ste. La catalogaci\u00f3n de las piezas contenida en su correspondiente descripci\u00f3n es realizada por Ifergan Gallery \u2013 Ancient Art conforme a su experiencia profesional, previa &hellip; Condiciones &#038; env\u00edos Leer m\u00e1s &raquo;","og_url":"https:\/\/ifergangallery.com\/es\/conditions-shipments\/","og_site_name":"Ifergan Gallery","article_publisher":"https:\/\/www.facebook.com\/Ifergancollectionmalaga","article_modified_time":"2021-10-04T09:12:56+00:00","twitter_card":"summary_large_image","twitter_site":"@Ifergangallery","twitter_misc":{"Tiempo de lectura":"7 minutos"},"schema":{"@context":"https:\/\/schema.org","@graph":[{"@type":"Organization","@id":"https:\/\/ifergangallery.com\/#organization","name":"Ifergan Gallery","url":"https:\/\/ifergangallery.com\/","sameAs":["https:\/\/www.facebook.com\/Ifergancollectionmalaga","https:\/\/www.instagram.com\/ifergangallery\/","https:\/\/www.youtube.com\/channel\/UC2O2zZ9BJKhbUFOnu_5mE3g","https:\/\/twitter.com\/Ifergangallery"],"logo":{"@type":"ImageObject","@id":"https:\/\/ifergangallery.com\/#logo","inLanguage":"es","url":"https:\/\/ifergangallery.com\/wp-content\/uploads\/2021\/09\/Imagotipo_blanco-e1637271379231.png","contentUrl":"https:\/\/ifergangallery.com\/wp-content\/uploads\/2021\/09\/Imagotipo_blanco-e1637271379231.png","width":1920,"height":1065,"caption":"Ifergan Gallery"},"image":{"@id":"https:\/\/ifergangallery.com\/#logo"}},{"@type":"WebSite","@id":"https:\/\/ifergangallery.com\/#website","url":"https:\/\/ifergangallery.com\/","name":"Ifergan Gallery","description":"Ancient Art Gallery","publisher":{"@id":"https:\/\/ifergangallery.com\/#organization"},"potentialAction":[{"@type":"SearchAction","target":{"@type":"EntryPoint","urlTemplate":"https:\/\/ifergangallery.com\/?s={search_term_string}"},"query-input":"required name=search_term_string"}],"inLanguage":"es"},{"@type":"WebPage","@id":"https:\/\/ifergangallery.com\/es\/conditions-shipments\/#webpage","url":"https:\/\/ifergangallery.com\/es\/conditions-shipments\/","name":"Condiciones & env\u00edos &ndash; Ifergan Gallery","isPartOf":{"@id":"https:\/\/ifergangallery.com\/#website"},"datePublished":"2021-09-30T08:30:18+00:00","dateModified":"2021-10-04T09:12:56+00:00","breadcrumb":{"@id":"https:\/\/ifergangallery.com\/es\/conditions-shipments\/#breadcrumb"},"inLanguage":"es","potentialAction":[{"@type":"ReadAction","target":["https:\/\/ifergangallery.com\/es\/conditions-shipments\/"]}]},{"@type":"BreadcrumbList","@id":"https:\/\/ifergangallery.com\/es\/conditions-shipments\/#breadcrumb","itemListElement":[{"@type":"ListItem","position":1,"name":"Home","item":"https:\/\/ifergangallery.com\/es\/"},{"@type":"ListItem","position":2,"name":"Condiciones &#038; env\u00edos"}]}]}},"_links":{"self":[{"href":"https:\/\/ifergangallery.com\/es\/wp-json\/wp\/v2\/pages\/1256"}],"collection":[{"href":"https:\/\/ifergangallery.com\/es\/wp-json\/wp\/v2\/pages"}],"about":[{"href":"https:\/\/ifergangallery.com\/es\/wp-json\/wp\/v2\/types\/page"}],"author":[{"embeddable":true,"href":"https:\/\/ifergangallery.com\/es\/wp-json\/wp\/v2\/users\/1"}],"replies":[{"embeddable":true,"href":"https:\/\/ifergangallery.com\/es\/wp-json\/wp\/v2\/comments?post=1256"}],"version-history":[{"count":0,"href":"https:\/\/ifergangallery.com\/es\/wp-json\/wp\/v2\/pages\/1256\/revisions"}],"wp:attachment":[{"href":"https:\/\/ifergangallery.com\/es\/wp-json\/wp\/v2\/media?parent=1256"}],"curies":[{"name":"wp","href":"https:\/\/api.w.org\/{rel}","templated":true}]}}