{"id":1309,"date":"2021-09-30T08:39:10","date_gmt":"2021-09-30T08:39:10","guid":{"rendered":"https:\/\/snackjerusalem.com\/legal-disclaimer\/"},"modified":"2024-11-13T11:57:56","modified_gmt":"2024-11-13T11:57:56","slug":"legal-disclaimer","status":"publish","type":"page","link":"https:\/\/ifergangallery.com\/es\/legal-disclaimer\/","title":{"rendered":"Aviso legal"},"content":{"rendered":"<div data-elementor-type=\"wp-page\" data-elementor-id=\"1309\" class=\"elementor elementor-1309\" data-elementor-settings=\"[]\">\n\t\t\t\t\t\t\t<div class=\"elementor-section-wrap\">\n\t\t\t\t\t\t\t<section data-particle_enable=\"false\" data-particle-mobile-disabled=\"false\" class=\"elementor-section elementor-top-section elementor-element elementor-element-4f22e0db elementor-section-boxed elementor-section-height-default elementor-section-height-default\" data-id=\"4f22e0db\" data-element_type=\"section\">\n\t\t\t\t\t\t<div class=\"elementor-container elementor-column-gap-default\">\n\t\t\t\t\t<div class=\"elementor-column elementor-col-100 elementor-top-column elementor-element elementor-element-544f24a2\" data-id=\"544f24a2\" data-element_type=\"column\">\n\t\t\t<div class=\"elementor-widget-wrap elementor-element-populated\">\n\t\t\t\t\t\t\t\t<div class=\"elementor-element elementor-element-1ef80f53 elementor-widget elementor-widget-text-editor\" data-id=\"1ef80f53\" data-element_type=\"widget\" data-widget_type=\"text-editor.default\">\n\t\t\t\t<div class=\"elementor-widget-container\">\n\t\t\t\t\t\t\t<h4 lang=\"en-US\"><strong>Datos Generales<\/strong><\/h4><p align=\"JUSTIFY\">De acuerdo con el art\u00edculo 10 de la Ley 34\/2002, de 11 de julio, de Servicios de la Sociedad de la Informaci\u00f3n y de Comercio Electr\u00f3nico ponemos a su disposici\u00f3n los siguientes datos:<\/p><p align=\"JUSTIFY\">Ifergan Gallery s.l. est\u00e1 domiciliada en la calle Siete colores n\u00ba 9 portal 2 Bajo C, con CIF B92713536 Inscrita en el Registro Mercantil n\u00ba5 de M\u00e1laga Tomo 3995 Libro 2909 Folio 77 y Hoja MA-82717. En la web www.ifergan-collection.com hay una serie de contenidos de car\u00e1cter informativo sobre la actividad del espacio muse\u00edstico Ifergan Collection.<\/p><p align=\"JUSTIFY\">Su principal objetivo\u00a0es facilitar a los clientes y al p\u00fablico en general, la informaci\u00f3n relativa a la empresa, a los productos y servicios que se ofrecen.<\/p><p align=\"JUSTIFY\">\u00a0<\/p><h4 lang=\"en-US\"><strong>Pol\u00edtica de privacidad<\/strong><\/h4><p align=\"JUSTIFY\">En cumplimiento de lo dispuesto en\u00a0<b>la Ley Org\u00e1nica 15\/1999, de 13 de Diciembre, de Protecci\u00f3n de Datos de Car\u00e1cter Personal (LOPD)\u00a0<\/b>se informa al usuario que todos los datos que nos proporcione ser\u00e1n incorporados a un fichero, creado y mantenido bajo la responsabilidad de Ifergan Gallery s.l.<\/p><p align=\"JUSTIFY\">Siempre\u00a0se va a respetar la confidencialidad de sus datos personales\u00a0que s\u00f3lo ser\u00e1n utilizados con la finalidad de gestionar los servicios ofrecidos, atender a las solicitudes que nos plantee, realizar tareas administrativas, as\u00ed como remitir informaci\u00f3n t\u00e9cnica, comercial o publicitaria por v\u00eda ordinaria o electr\u00f3nica.<\/p><p align=\"JUSTIFY\">Para ejercer sus\u00a0<b>derechos de oposici\u00f3n, rectificaci\u00f3n o cancelaci\u00f3n<\/b>\u00a0deber\u00e1 dirigirse a la sede de la empresa calle Siete colores n\u00ba 9 portal 2 Bajo C, escribirnos al siguiente correo<a href=\"mailto:info@ifergangallery.es\" target=\"_top\">info@ifergangallery.es<\/a>\u00a0o ll\u00e1manos al 951937341.<\/p><p align=\"JUSTIFY\">\u00a0<\/p><h4 lang=\"en-US\"><strong>Condiciones de uso<\/strong><\/h4><p>Las condiciones de acceso y uso del presente sitio web se rigen por la legalidad vigente y por el principio de buena fe\u00a0comprometi\u00e9ndose el usuario a realizar un buen uso de la web. No se permiten conductas que vayan contra la ley, los derechos o intereses de terceros.<\/p><p align=\"JUSTIFY\">Ser usuario de la web www.ifergan-collection.com implica que reconoce haber le\u00eddo y aceptado las presentes condiciones y lo que las extienda la normativa legal aplicable en esta materia. Si por el motivo que fuere no est\u00e1 de acuerdo con estas condiciones no contin\u00fae usando esta web.<\/p><p align=\"JUSTIFY\">Cualquier tipo de notificaci\u00f3n y\/o reclamaci\u00f3n solamente ser\u00e1 v\u00e1lida por notificaci\u00f3n escrita y\/o correo certificado.<\/p><p align=\"JUSTIFY\">\u00a0<\/p><h4 lang=\"en-US\"><strong>Responsabilidades<\/strong><\/h4><p align=\"JUSTIFY\"><b>I<\/b>fergan Gallery s.l. no se hace responsable de la informaci\u00f3n y contenidos almacenados en foros, redes sociales o cualquier otro medio\u00a0que permita a terceros publicar contenidos de forma independiente en la p\u00e1gina web del prestador.<\/p><p align=\"JUSTIFY\">Sin embargo, teniendo en cuenta los art. 11 y 16 de la LSSI-CE,\u00a0Ifergan Gallery s.l. se compromete a la retirada o en su caso bloqueo de aquellos contenidos que pudieran afectar o contravenir la legislaci\u00f3n nacional o internacional, derechos de terceros o la moral y el orden p\u00fablico.<\/p><p align=\"JUSTIFY\">Tampoco la empresa se responsabilizar\u00e1 de los da\u00f1os y perjuicios que se produzcan por fallos o malas configuraciones del software instalado en el ordenador del internauta.\u00a0Se excluye toda responsabilidad por alguna incidencia t\u00e9cnica o fallo que se produzca cuando el usuario se conecte a internet. Igualmente, no se garantiza la inexistencia de interrupciones o errores en el acceso al sitio web.<\/p><p align=\"JUSTIFY\">As\u00ed mismo,\u00a0Ifergan Gallery s.l. se reserva el derecho a actualizar, modificar o eliminar la informaci\u00f3n contenida en su p\u00e1gina web, as\u00ed como la configuraci\u00f3n o presentaci\u00f3n del mismo, en cualquier momento sin asumir alguna responsabilidad por ello.<\/p><p align=\"JUSTIFY\">Le comunicamos que cualquier precio de entrada que pueda ver en nuestra web ser\u00e1 solamente orientativo.<\/p><p align=\"JUSTIFY\">\u00a0<\/p><h4 lang=\"en-US\"><strong>Propiedad intelectual e industrial<\/strong><\/h4><p align=\"JUSTIFY\">Ifergan Gallery s.l., es titular de todos los derechos sobre el software de la publicaci\u00f3n digital as\u00ed como de los derechos de propiedad industrial e intelectual referidos a los contenidos que se incluyan, a excepci\u00f3n de los derechos sobre productos y servicios de car\u00e1cter p\u00fablico que no son propiedad de esta empresa.<\/p><p align=\"JUSTIFY\">Ning\u00fan material publicado en esta web podr\u00e1 ser reproducido, copiado o publicado\u00a0sin el consentimiento por escrito de\u00a0Ifergan Gallery s.l.<\/p><p align=\"JUSTIFY\">Toda la informaci\u00f3n que se reciba en la web, como comentarios, sugerencias o ideas, se considerar\u00e1 cedida\u00a0a\u00a0Ifergan Gallery s.l. de manera gratuita. No debe enviarse informaci\u00f3n que NO pueda ser tratada de este modo.<\/p><p align=\"JUSTIFY\">Todos los productos y servicios de estas p\u00e1ginas que NO son propiedad de\u00a0<b>Ifergan Gallery s.l<\/b>. son marcas registradas de sus respectivos propietarios y son reconocidas como tales por nuestra empresa. Solamente aparecen en la web www.ifergan-collection.com a efectos de promoci\u00f3n y de recopilaci\u00f3n de informaci\u00f3n. Estos propietarios pueden solicitar la modificaci\u00f3n o eliminaci\u00f3n de la informaci\u00f3n que les pertenece.<\/p><p align=\"JUSTIFY\">\u00a0<\/p><h4 lang=\"en-US\"><strong>Ley aplicable y jurisficci\u00f3n<\/strong><\/h4><p lang=\"en-US\">Las presentes condiciones generales se rigen por la legislaci\u00f3n espa\u00f1ola.\u00a0Para cualquier litigio que pudiera surgir relacionado con el sitio web o la actividad que en \u00e9l se desarrolla ser\u00e1n competentes Juzgados de M\u00e1laga, renunciando expresamente el usuario a cualquier otro fuero que pudiera corresponderle.<\/p><p lang=\"en-US\">\u00a0<\/p><h4 lang=\"en-US\"><strong>Pol\u00edtica de cookies<\/strong><\/h4><p align=\"JUSTIFY\">Ifergan Gallery s.l. por su propia cuenta o la de un tercero contratado para prestaci\u00f3n de servicios de medici\u00f3n, pueden utilizar cookies cuando el usuario navega por el sitio web. Las cookies son ficheros enviados al navegador por medio de un servicio web con la finalidad de registrar las actividades del usuario durante su tiempo de navegaci\u00f3n.<\/p><p align=\"JUSTIFY\">Las cookies utilizadas se asocian \u00fanicamente con un usuario an\u00f3nimo y su ordenador, y no proporcionan por s\u00ed mismas los datos personales del usuario.<\/p><p align=\"JUSTIFY\">Mediante el uso de las cookies resulta posible que el servidor donde se encuentra la web reconozca el navegador web utilizado por el usuario con la finalidad de que la navegaci\u00f3n sea m\u00e1s sencilla.\u00a0Se utilizan tambi\u00e9n para medir la audiencia y par\u00e1metros del tr\u00e1fico, controlar el proceso y n\u00famero de entradas.<\/p><p align=\"JUSTIFY\">El usuario tiene la posibilidad de configurar su navegador para ser avisado de la recepci\u00f3n de cookies y para impedir su instalaci\u00f3n en su equipo.\u00a0Por favor consulte las instrucciones y manuales de su navegador para ampliar esta informaci\u00f3n.<\/p><p align=\"JUSTIFY\">Para utilizar el sitio web no es necesario que el usuario permita la instalaci\u00f3n de las cookies enviadas al sitio web, o el tercero que act\u00fae en su nombre, sin perjuicio de que sea necesario que el usuario inicie una sesi\u00f3n tal en cada uno de los servicios cuya prestaci\u00f3n requiera el previo registro.<\/p><p align=\"JUSTIFY\">En todo caso\u00a0las cookies tienen un car\u00e1cter temporal\u00a0con la \u00fanica finalidad de hacer m\u00e1s eficaz su transmisi\u00f3n ulterior. En ning\u00fan caso se utilizar\u00e1 cookies para recoger informaci\u00f3n de car\u00e1cter personal.<\/p>\t\t\t\t\t\t<\/div>\n\t\t\t\t<\/div>\n\t\t\t\t\t<\/div>\n\t\t<\/div>\n\t\t\t\t\t\t\t<\/div>\n\t\t<\/section>\n\t\t\t\t\t\t<\/div>\n\t\t\t\t\t<\/div>","protected":false},"excerpt":{"rendered":"<p>Datos Generales De acuerdo con el art\u00edculo 10 de la Ley 34\/2002, de 11 de julio, de Servicios de la Sociedad de la Informaci\u00f3n y de Comercio Electr\u00f3nico ponemos a su disposici\u00f3n los siguientes datos: Ifergan Gallery s.l. est\u00e1 domiciliada en la calle Siete colores n\u00ba 9 portal 2 Bajo C, con CIF B92713536 Inscrita &hellip;<\/p>\n<p class=\"read-more\"> <a class=\"\" href=\"https:\/\/ifergangallery.com\/es\/legal-disclaimer\/\"> <span class=\"screen-reader-text\">Aviso legal<\/span> Leer m\u00e1s &raquo;<\/a><\/p>","protected":false},"author":1,"featured_media":0,"parent":0,"menu_order":0,"comment_status":"closed","ping_status":"closed","template":"","meta":{"spay_email":""},"yoast_head":"<!-- This site is optimized with the Yoast SEO Premium plugin v17.6 (Yoast SEO v17.6) - https:\/\/yoast.com\/wordpress\/plugins\/seo\/ -->\n<title>Aviso legal &ndash; Ifergan Gallery<\/title>\n<meta name=\"robots\" content=\"index, follow, max-snippet:-1, max-image-preview:large, max-video-preview:-1\" \/>\n<link rel=\"canonical\" href=\"https:\/\/ifergangallery.com\/es\/legal-disclaimer\/\" \/>\n<meta property=\"og:locale\" content=\"es_ES\" \/>\n<meta property=\"og:type\" content=\"article\" \/>\n<meta property=\"og:title\" content=\"Aviso legal\" \/>\n<meta property=\"og:description\" content=\"Datos Generales De acuerdo con el art\u00edculo 10 de la Ley 34\/2002, de 11 de julio, de Servicios de la Sociedad de la Informaci\u00f3n y de Comercio Electr\u00f3nico ponemos a su disposici\u00f3n los siguientes datos: Ifergan Gallery s.l. est\u00e1 domiciliada en la calle Siete colores n\u00ba 9 portal 2 Bajo C, con CIF B92713536 Inscrita &hellip; Aviso legal Leer m\u00e1s &raquo;\" \/>\n<meta property=\"og:url\" content=\"https:\/\/ifergangallery.com\/es\/legal-disclaimer\/\" \/>\n<meta property=\"og:site_name\" content=\"Ifergan Gallery\" \/>\n<meta property=\"article:publisher\" content=\"https:\/\/www.facebook.com\/Ifergancollectionmalaga\" \/>\n<meta property=\"article:modified_time\" content=\"2024-11-13T11:57:56+00:00\" \/>\n<meta name=\"twitter:card\" content=\"summary_large_image\" \/>\n<meta name=\"twitter:site\" content=\"@Ifergangallery\" \/>\n<meta name=\"twitter:label1\" content=\"Tiempo de lectura\" \/>\n\t<meta name=\"twitter:data1\" content=\"5 minutos\" \/>\n<script type=\"application\/ld+json\" class=\"yoast-schema-graph\">{\"@context\":\"https:\/\/schema.org\",\"@graph\":[{\"@type\":\"Organization\",\"@id\":\"https:\/\/ifergangallery.com\/#organization\",\"name\":\"Ifergan Gallery\",\"url\":\"https:\/\/ifergangallery.com\/\",\"sameAs\":[\"https:\/\/www.facebook.com\/Ifergancollectionmalaga\",\"https:\/\/www.instagram.com\/ifergangallery\/\",\"https:\/\/www.youtube.com\/channel\/UC2O2zZ9BJKhbUFOnu_5mE3g\",\"https:\/\/twitter.com\/Ifergangallery\"],\"logo\":{\"@type\":\"ImageObject\",\"@id\":\"https:\/\/ifergangallery.com\/#logo\",\"inLanguage\":\"es\",\"url\":\"https:\/\/ifergangallery.com\/wp-content\/uploads\/2021\/09\/Imagotipo_blanco-e1637271379231.png\",\"contentUrl\":\"https:\/\/ifergangallery.com\/wp-content\/uploads\/2021\/09\/Imagotipo_blanco-e1637271379231.png\",\"width\":1920,\"height\":1065,\"caption\":\"Ifergan Gallery\"},\"image\":{\"@id\":\"https:\/\/ifergangallery.com\/#logo\"}},{\"@type\":\"WebSite\",\"@id\":\"https:\/\/ifergangallery.com\/#website\",\"url\":\"https:\/\/ifergangallery.com\/\",\"name\":\"Ifergan Gallery\",\"description\":\"Ancient Art Gallery\",\"publisher\":{\"@id\":\"https:\/\/ifergangallery.com\/#organization\"},\"potentialAction\":[{\"@type\":\"SearchAction\",\"target\":{\"@type\":\"EntryPoint\",\"urlTemplate\":\"https:\/\/ifergangallery.com\/?s={search_term_string}\"},\"query-input\":\"required name=search_term_string\"}],\"inLanguage\":\"es\"},{\"@type\":\"WebPage\",\"@id\":\"https:\/\/ifergangallery.com\/es\/legal-disclaimer\/#webpage\",\"url\":\"https:\/\/ifergangallery.com\/es\/legal-disclaimer\/\",\"name\":\"Aviso legal &ndash; Ifergan Gallery\",\"isPartOf\":{\"@id\":\"https:\/\/ifergangallery.com\/#website\"},\"datePublished\":\"2021-09-30T08:39:10+00:00\",\"dateModified\":\"2024-11-13T11:57:56+00:00\",\"breadcrumb\":{\"@id\":\"https:\/\/ifergangallery.com\/es\/legal-disclaimer\/#breadcrumb\"},\"inLanguage\":\"es\",\"potentialAction\":[{\"@type\":\"ReadAction\",\"target\":[\"https:\/\/ifergangallery.com\/es\/legal-disclaimer\/\"]}]},{\"@type\":\"BreadcrumbList\",\"@id\":\"https:\/\/ifergangallery.com\/es\/legal-disclaimer\/#breadcrumb\",\"itemListElement\":[{\"@type\":\"ListItem\",\"position\":1,\"name\":\"Home\",\"item\":\"https:\/\/ifergangallery.com\/es\/\"},{\"@type\":\"ListItem\",\"position\":2,\"name\":\"Aviso legal\"}]}]}<\/script>\n<!-- \/ Yoast SEO Premium plugin. -->","yoast_head_json":{"title":"Aviso legal &ndash; Ifergan Gallery","robots":{"index":"index","follow":"follow","max-snippet":"max-snippet:-1","max-image-preview":"max-image-preview:large","max-video-preview":"max-video-preview:-1"},"canonical":"https:\/\/ifergangallery.com\/es\/legal-disclaimer\/","og_locale":"es_ES","og_type":"article","og_title":"Aviso legal","og_description":"Datos Generales De acuerdo con el art\u00edculo 10 de la Ley 34\/2002, de 11 de julio, de Servicios de la Sociedad de la Informaci\u00f3n y de Comercio Electr\u00f3nico ponemos a su disposici\u00f3n los siguientes datos: Ifergan Gallery s.l. est\u00e1 domiciliada en la calle Siete colores n\u00ba 9 portal 2 Bajo C, con CIF B92713536 Inscrita &hellip; Aviso legal Leer m\u00e1s &raquo;","og_url":"https:\/\/ifergangallery.com\/es\/legal-disclaimer\/","og_site_name":"Ifergan Gallery","article_publisher":"https:\/\/www.facebook.com\/Ifergancollectionmalaga","article_modified_time":"2024-11-13T11:57:56+00:00","twitter_card":"summary_large_image","twitter_site":"@Ifergangallery","twitter_misc":{"Tiempo de lectura":"5 minutos"},"schema":{"@context":"https:\/\/schema.org","@graph":[{"@type":"Organization","@id":"https:\/\/ifergangallery.com\/#organization","name":"Ifergan Gallery","url":"https:\/\/ifergangallery.com\/","sameAs":["https:\/\/www.facebook.com\/Ifergancollectionmalaga","https:\/\/www.instagram.com\/ifergangallery\/","https:\/\/www.youtube.com\/channel\/UC2O2zZ9BJKhbUFOnu_5mE3g","https:\/\/twitter.com\/Ifergangallery"],"logo":{"@type":"ImageObject","@id":"https:\/\/ifergangallery.com\/#logo","inLanguage":"es","url":"https:\/\/ifergangallery.com\/wp-content\/uploads\/2021\/09\/Imagotipo_blanco-e1637271379231.png","contentUrl":"https:\/\/ifergangallery.com\/wp-content\/uploads\/2021\/09\/Imagotipo_blanco-e1637271379231.png","width":1920,"height":1065,"caption":"Ifergan Gallery"},"image":{"@id":"https:\/\/ifergangallery.com\/#logo"}},{"@type":"WebSite","@id":"https:\/\/ifergangallery.com\/#website","url":"https:\/\/ifergangallery.com\/","name":"Ifergan Gallery","description":"Ancient Art Gallery","publisher":{"@id":"https:\/\/ifergangallery.com\/#organization"},"potentialAction":[{"@type":"SearchAction","target":{"@type":"EntryPoint","urlTemplate":"https:\/\/ifergangallery.com\/?s={search_term_string}"},"query-input":"required name=search_term_string"}],"inLanguage":"es"},{"@type":"WebPage","@id":"https:\/\/ifergangallery.com\/es\/legal-disclaimer\/#webpage","url":"https:\/\/ifergangallery.com\/es\/legal-disclaimer\/","name":"Aviso legal &ndash; Ifergan Gallery","isPartOf":{"@id":"https:\/\/ifergangallery.com\/#website"},"datePublished":"2021-09-30T08:39:10+00:00","dateModified":"2024-11-13T11:57:56+00:00","breadcrumb":{"@id":"https:\/\/ifergangallery.com\/es\/legal-disclaimer\/#breadcrumb"},"inLanguage":"es","potentialAction":[{"@type":"ReadAction","target":["https:\/\/ifergangallery.com\/es\/legal-disclaimer\/"]}]},{"@type":"BreadcrumbList","@id":"https:\/\/ifergangallery.com\/es\/legal-disclaimer\/#breadcrumb","itemListElement":[{"@type":"ListItem","position":1,"name":"Home","item":"https:\/\/ifergangallery.com\/es\/"},{"@type":"ListItem","position":2,"name":"Aviso legal"}]}]}},"_links":{"self":[{"href":"https:\/\/ifergangallery.com\/es\/wp-json\/wp\/v2\/pages\/1309"}],"collection":[{"href":"https:\/\/ifergangallery.com\/es\/wp-json\/wp\/v2\/pages"}],"about":[{"href":"https:\/\/ifergangallery.com\/es\/wp-json\/wp\/v2\/types\/page"}],"author":[{"embeddable":true,"href":"https:\/\/ifergangallery.com\/es\/wp-json\/wp\/v2\/users\/1"}],"replies":[{"embeddable":true,"href":"https:\/\/ifergangallery.com\/es\/wp-json\/wp\/v2\/comments?post=1309"}],"version-history":[{"count":6,"href":"https:\/\/ifergangallery.com\/es\/wp-json\/wp\/v2\/pages\/1309\/revisions"}],"predecessor-version":[{"id":15333,"href":"https:\/\/ifergangallery.com\/es\/wp-json\/wp\/v2\/pages\/1309\/revisions\/15333"}],"wp:attachment":[{"href":"https:\/\/ifergangallery.com\/es\/wp-json\/wp\/v2\/media?parent=1309"}],"curies":[{"name":"wp","href":"https:\/\/api.w.org\/{rel}","templated":true}]}}