{"id":1317,"date":"2021-07-23T13:28:33","date_gmt":"2021-07-23T13:28:33","guid":{"rendered":"https:\/\/snackjerusalem.com\/privacy-policy\/"},"modified":"2021-10-04T11:09:38","modified_gmt":"2021-10-04T11:09:38","slug":"privacy-policy","status":"publish","type":"page","link":"https:\/\/ifergangallery.com\/es\/privacy-policy\/","title":{"rendered":"Pol\u00edtica de privacidad"},"content":{"rendered":"<div data-elementor-type=\"wp-page\" data-elementor-id=\"1317\" class=\"elementor elementor-1317\" data-elementor-settings=\"[]\">\n\t\t\t\t\t\t\t<div class=\"elementor-section-wrap\">\n\t\t\t\t\t\t\t<section data-particle_enable=\"false\" data-particle-mobile-disabled=\"false\" class=\"elementor-section elementor-top-section elementor-element elementor-element-4f22e0db elementor-section-boxed elementor-section-height-default elementor-section-height-default\" data-id=\"4f22e0db\" data-element_type=\"section\">\n\t\t\t\t\t\t<div class=\"elementor-container elementor-column-gap-default\">\n\t\t\t\t\t<div class=\"elementor-column elementor-col-100 elementor-top-column elementor-element elementor-element-544f24a2\" data-id=\"544f24a2\" data-element_type=\"column\">\n\t\t\t<div class=\"elementor-widget-wrap elementor-element-populated\">\n\t\t\t\t\t\t\t\t<div class=\"elementor-element elementor-element-1ef80f53 elementor-widget elementor-widget-text-editor\" data-id=\"1ef80f53\" data-element_type=\"widget\" data-widget_type=\"text-editor.default\">\n\t\t\t\t<div class=\"elementor-widget-container\">\n\t\t\t\t\t\t\t<p><!-- wp:heading --><\/p>\n<h3><strong>\u00bfQui\u00e9n es el Responsable del tratamiento de sus datos?<\/strong><\/h3>\n<p><!-- \/wp:heading --><!-- wp:paragraph --><\/p>\n<p>Identidad:\u00a0<strong>Ifergan Gallery LTD.<br \/><\/strong>CIF:B92713536<br \/>Dir. Postal: C\/ Sebastian Souviron, 9 29005, Malaga, Espa\u00f1a<br \/>Tel\u00e9fono: +34 951 937 341<br \/>E-Mail: info@ifergangallery.es<\/p>\n<p>\u00a0<\/p>\n<p><!-- \/wp:paragraph --><!-- wp:heading --><\/p>\n<h3><strong>\u00bfCon qu\u00e9 finalidad tratamos sus datos personales?<\/strong><\/h3>\n<p><!-- \/wp:heading --><!-- wp:heading {\"level\":3} --><\/p>\n<h3>Finalidad 1<\/h3>\n<p><!-- \/wp:heading --><!-- wp:paragraph --><\/p>\n<p>mantener nuestra agenda de contactos,<\/p>\n<ul>\n<li>Como persona de contacto para mantener relaciones con la entidad jur\u00eddica u organizaci\u00f3n en la que usted presta sus servicios<\/li>\n<li>Como interesado que se ha puesto en contacto con nosotros consult\u00e1ndonos o solicit\u00e1ndonos alguna informaci\u00f3n, para poder atenderle.<\/li>\n<li>Como persona de contacto para mantener relaciones directamente.<\/li>\n<\/ul>\n<p><!-- \/wp:paragraph --><!-- wp:paragraph --><\/p>\n<p><!-- \/wp:paragraph --><!-- wp:heading {\"level\":3} --><\/p>\n<h3>Finalidad 2<\/h3>\n<p><!-- \/wp:heading --><!-- wp:paragraph --><\/p>\n<p>El env\u00edo de comunicaciones comerciales, incluido por correo electr\u00f3nico y otros medios de comunicaci\u00f3n electr\u00f3nica equivalentes, sobre nuestros productos y servicios, as\u00ed como informaci\u00f3n sobre eventos y acontecimientos, en el caso de que se le hubiera solicitado su autorizaci\u00f3n y nos la hubiera concedido.<\/p>\n<p>\u00a0<\/p>\n<p><!-- \/wp:paragraph --><!-- wp:heading {\"level\":3} --><\/p>\n<h3><strong>\u00bfPor cu\u00e1nto tiempo conservaremos sus datos?<\/strong><\/h3>\n<p><!-- \/wp:heading --><!-- wp:heading {\"level\":3} --><\/p>\n<p><!-- \/wp:heading --><!-- wp:paragraph --><\/p>\n<p>Los datos personales proporcionados se conservar\u00e1n en la finalidad 1:<\/p>\n<h3>Finalidad 1<\/h3>\n<p><!-- \/wp:paragraph --><!-- wp:paragraph --><\/p>\n<ul>\n<li>En caso de tratarse de una persona de contacto para mantener relaciones con la entidad jur\u00eddica u organizaci\u00f3n en la que usted presta sus servicios, o bien directamente, se conservar\u00e1n mientras se mantenga nuestra relaci\u00f3n con dicha entidad jur\u00eddica u organizaci\u00f3n, y a salvo los plazos legales por las responsabilidades legales que pudieran derivarse de la relaci\u00f3n con la entidad jur\u00eddica u organizaci\u00f3n.<\/li>\n<li>En caso de interesado puesto en contacto con nosotros, hasta 6 meses despu\u00e9s de atender su requerimiento, por si se produjeran por su parte comunicaciones posteriores en referencia a dicha consulta o requerimiento de informaci\u00f3n.<\/li>\n<li>En caso de persona de contacto para mantener relaciones directamente, se conservar\u00e1n en tanto se mantenga la relaci\u00f3n y a salvo los plazos legales de conservaci\u00f3n.<\/li>\n<\/ul>\n<h3>Finalidad 2<\/h3>\n<p>En la finalidad 2 de env\u00edo de comunicaciones comerciales, conservaremos sus datos en tanto no nos manifieste su oposici\u00f3n a continuar recibiendo nuestras comunicaciones.<\/p>\n<p>\u00a0<\/p>\n<p><!-- \/wp:paragraph --><!-- wp:heading {\"level\":3} --><\/p>\n<h3><strong>Decisiones automatizadas, perfiles y l\u00f3gica aplicada<\/strong><\/h3>\n<p><!-- \/wp:heading --><!-- wp:paragraph --><\/p>\n<p>La empresa NO tomar\u00e1 decisiones automatizadas.<\/p>\n<p>\u00a0<\/p>\n<p><!-- \/wp:paragraph --><!-- wp:heading {\"level\":3} --><\/p>\n<h3><strong>\u00bfCu\u00e1l es la legitimaci\u00f3n para el tratamiento de sus datos?<\/strong><\/h3>\n<p>La base legal para el tratamiento de sus datos en la <strong>finalidad 1<\/strong> de mantenimiento de agenda de contactos es,<\/p>\n<ul>\n<li>En caso de tratarse de una persona de contacto para mantener relaciones con la entidad jur\u00eddica u organizaci\u00f3n en la que usted presta sus servicios, es la satisfacci\u00f3n del inter\u00e9s leg\u00edtimo del responsable, de acuerdo con lo establecido en el art. 6.1.f del RGPD.<\/li>\n<li>En caso de interesado puesto en contacto con nosotros, la base legal es la obtenci\u00f3n de su consentimiento.<\/li>\n<li>En caso de persona de contacto para mantener relaciones directamente, es la satisfacci\u00f3n del inter\u00e9s leg\u00edtimo del responsable, de acuerdo con lo establecido en el art. 6.1.f del RGPD.<\/li>\n<\/ul>\n<p>En la <strong>finalidad 2<\/strong> de env\u00edo de comunicaciones comerciales, la base legal para el tratamiento de sus datos es la obtenci\u00f3n de su consentimiento.<\/p>\n<p>\u00a0<\/p>\n<p><!-- \/wp:heading --><!-- wp:heading --><\/p>\n<h3><strong>\u00bfA qu\u00e9 destinatarios se comunicar\u00e1n sus datos?<\/strong><\/h3>\n<p>Durante el periodo de duraci\u00f3n del tratamiento no comunicaremos sus datos a terceros.<\/p>\n<p>En\u00a0<strong>Ifergan Gallery LTD<\/strong>\u00a0contaremos con la colaboraci\u00f3n de terceros prestadores de servicios que en cada caso hayamos podido contratar y que, para la prestaci\u00f3n de dicho servicio, puede ser necesario que tengan acceso a sus datos de car\u00e1cter personal, pero que los tratar\u00e1n con todas las garant\u00edas legales exigibles, siguiendo nuestras instrucciones y previa suscripci\u00f3n de un contrato de protecci\u00f3n de datos en las que exigimos, entre otras, tratar los datos exclusivamente para las finalidades pactadas, aplicar medidas t\u00e9cnicas y organizativas adecuadas, as\u00ed como suprimir y devolver los datos a la finalizaci\u00f3n del servicio.<\/p>\n<p>En\u00a0<strong>Ifergan Gallery LTD<\/strong>\u00a0seguimos unos criterios estrictos de selecci\u00f3n de terceros prestadores de servicios con el fin de dar cumplimiento a nuestras obligaciones en materia de protecci\u00f3n de datos.<\/p>\n<p>\u00a0<\/p>\n<p><!-- \/wp:heading --><!-- wp:heading --><\/p>\n<h3><strong>\u00bfCu\u00e1les son sus derechos cuando nos facilita sus datos?<\/strong><\/h3>\n<p>Cualquier persona tiene derecho a obtener confirmaci\u00f3n sobre si\u00a0<strong>Ifergan Gallery LTD<\/strong>\u00a0estamos tratando datos personales que le conciernan o no.<\/p>\n<p>Asimismo, tiene:<\/p>\n<ul>\n<li>Derecho a solicitar el acceso a sus datos personales.<\/li>\n<li>Derecho a solicitar su rectificaci\u00f3n<\/li>\n<li>Derecho a solicitar su supresi\u00f3n.<\/li>\n<li>Derecho a solicitar la limitaci\u00f3n de su tratamiento.<\/li>\n<li>Derecho a oponerse al tratamiento.<\/li>\n<li>Derecho a la portabilidad de los datos.<\/li>\n<li>Derecho a retirar el consentimiento prestado.<\/li>\n<li>Derecho de informaci\u00f3n<\/li>\n<li>Derecho a oponerse a ser objeto de decisiones individuales automatizadas<\/li>\n<\/ul>\n<p>Para ejercer sus derechos, dirija un escrito adjuntando copia de su DNI a:<\/p>\n<p><!-- \/wp:paragraph --><!-- wp:paragraph --><\/p>\n<p><strong>Ifergan Gallery LTD<br \/><\/strong>Ejercicio derechos protecci\u00f3n de datos<br \/>C\/ Sebastian Souviron 9,<br \/><u>29005, Malaga, Espa\u00f1a<br \/><\/u>o bien remita un email a:\u00a0<a href=\"mailto:info@ifergangallery.es\"><strong>info@ifergangallery.es<\/strong><\/a><\/p>\n<p>\u00a0<\/p>\n<p>Asimismo, le informamos que puede dirigirse a la Agencia Espa\u00f1ola de Protecci\u00f3n de Datos (<a href=\"https:\/\/www.aepd.es\/\" target=\"_blank\" rel=\"noopener\">www.aepd.es<\/a>) para obtener informaci\u00f3n adicional o para presentar una reclamaci\u00f3n, por ejemplo, si no has obtenido satisfacci\u00f3n en el ejercicio de tus derechos.<\/p>\n<p><!-- \/wp:heading --><\/p>\t\t\t\t\t\t<\/div>\n\t\t\t\t<\/div>\n\t\t\t\t\t<\/div>\n\t\t<\/div>\n\t\t\t\t\t\t\t<\/div>\n\t\t<\/section>\n\t\t\t\t\t\t<\/div>\n\t\t\t\t\t<\/div>","protected":false},"excerpt":{"rendered":"<p>\u00bfQui\u00e9n es el Responsable del tratamiento de sus datos? Identidad:\u00a0Ifergan Gallery LTD.CIF:B92713536Dir. Postal: C\/ Sebastian Souviron, 9 29005, Malaga, Espa\u00f1aTel\u00e9fono: +34 951 937 341E-Mail: info@ifergangallery.es \u00a0 \u00bfCon qu\u00e9 finalidad tratamos sus datos personales? Finalidad 1 mantener nuestra agenda de contactos, Como persona de contacto para mantener relaciones con la entidad jur\u00eddica u organizaci\u00f3n en la &hellip;<\/p>\n<p class=\"read-more\"> <a class=\"\" href=\"https:\/\/ifergangallery.com\/es\/privacy-policy\/\"> <span class=\"screen-reader-text\">Pol\u00edtica de privacidad<\/span> Leer m\u00e1s &raquo;<\/a><\/p>","protected":false},"author":1,"featured_media":0,"parent":0,"menu_order":0,"comment_status":"closed","ping_status":"closed","template":"","meta":{"spay_email":""},"yoast_head":"<!-- This site is optimized with the Yoast SEO Premium plugin v17.6 (Yoast SEO v17.6) - https:\/\/yoast.com\/wordpress\/plugins\/seo\/ -->\n<title>Pol\u00edtica de privacidad &ndash; Ifergan Gallery<\/title>\n<meta name=\"robots\" content=\"index, follow, max-snippet:-1, max-image-preview:large, max-video-preview:-1\" \/>\n<link rel=\"canonical\" href=\"https:\/\/ifergangallery.com\/es\/privacy-policy\/\" \/>\n<meta property=\"og:locale\" content=\"es_ES\" \/>\n<meta property=\"og:type\" content=\"article\" \/>\n<meta property=\"og:title\" content=\"Pol\u00edtica de privacidad\" \/>\n<meta property=\"og:description\" content=\"\u00bfQui\u00e9n es el Responsable del tratamiento de sus datos? Identidad:\u00a0Ifergan Gallery LTD.CIF:B92713536Dir. Postal: C\/ Sebastian Souviron, 9 29005, Malaga, Espa\u00f1aTel\u00e9fono: +34 951 937 341E-Mail: info@ifergangallery.es \u00a0 \u00bfCon qu\u00e9 finalidad tratamos sus datos personales? Finalidad 1 mantener nuestra agenda de contactos, Como persona de contacto para mantener relaciones con la entidad jur\u00eddica u organizaci\u00f3n en la &hellip; Pol\u00edtica de privacidad Leer m\u00e1s &raquo;\" \/>\n<meta property=\"og:url\" content=\"https:\/\/ifergangallery.com\/es\/privacy-policy\/\" \/>\n<meta property=\"og:site_name\" content=\"Ifergan Gallery\" \/>\n<meta property=\"article:publisher\" content=\"https:\/\/www.facebook.com\/Ifergancollectionmalaga\" \/>\n<meta property=\"article:modified_time\" content=\"2021-10-04T11:09:38+00:00\" \/>\n<meta name=\"twitter:card\" content=\"summary_large_image\" \/>\n<meta name=\"twitter:site\" content=\"@Ifergangallery\" \/>\n<meta name=\"twitter:label1\" content=\"Tiempo de lectura\" \/>\n\t<meta name=\"twitter:data1\" content=\"4 minutos\" \/>\n<script type=\"application\/ld+json\" class=\"yoast-schema-graph\">{\"@context\":\"https:\/\/schema.org\",\"@graph\":[{\"@type\":\"Organization\",\"@id\":\"https:\/\/ifergangallery.com\/#organization\",\"name\":\"Ifergan Gallery\",\"url\":\"https:\/\/ifergangallery.com\/\",\"sameAs\":[\"https:\/\/www.facebook.com\/Ifergancollectionmalaga\",\"https:\/\/www.instagram.com\/ifergangallery\/\",\"https:\/\/www.youtube.com\/channel\/UC2O2zZ9BJKhbUFOnu_5mE3g\",\"https:\/\/twitter.com\/Ifergangallery\"],\"logo\":{\"@type\":\"ImageObject\",\"@id\":\"https:\/\/ifergangallery.com\/#logo\",\"inLanguage\":\"es\",\"url\":\"https:\/\/ifergangallery.com\/wp-content\/uploads\/2021\/09\/Imagotipo_blanco-e1637271379231.png\",\"contentUrl\":\"https:\/\/ifergangallery.com\/wp-content\/uploads\/2021\/09\/Imagotipo_blanco-e1637271379231.png\",\"width\":1920,\"height\":1065,\"caption\":\"Ifergan Gallery\"},\"image\":{\"@id\":\"https:\/\/ifergangallery.com\/#logo\"}},{\"@type\":\"WebSite\",\"@id\":\"https:\/\/ifergangallery.com\/#website\",\"url\":\"https:\/\/ifergangallery.com\/\",\"name\":\"Ifergan Gallery\",\"description\":\"Ancient Art Gallery\",\"publisher\":{\"@id\":\"https:\/\/ifergangallery.com\/#organization\"},\"potentialAction\":[{\"@type\":\"SearchAction\",\"target\":{\"@type\":\"EntryPoint\",\"urlTemplate\":\"https:\/\/ifergangallery.com\/?s={search_term_string}\"},\"query-input\":\"required name=search_term_string\"}],\"inLanguage\":\"es\"},{\"@type\":\"WebPage\",\"@id\":\"https:\/\/ifergangallery.com\/es\/privacy-policy\/#webpage\",\"url\":\"https:\/\/ifergangallery.com\/es\/privacy-policy\/\",\"name\":\"Pol\\u00edtica de privacidad &ndash; Ifergan Gallery\",\"isPartOf\":{\"@id\":\"https:\/\/ifergangallery.com\/#website\"},\"datePublished\":\"2021-07-23T13:28:33+00:00\",\"dateModified\":\"2021-10-04T11:09:38+00:00\",\"breadcrumb\":{\"@id\":\"https:\/\/ifergangallery.com\/es\/privacy-policy\/#breadcrumb\"},\"inLanguage\":\"es\",\"potentialAction\":[{\"@type\":\"ReadAction\",\"target\":[\"https:\/\/ifergangallery.com\/es\/privacy-policy\/\"]}]},{\"@type\":\"BreadcrumbList\",\"@id\":\"https:\/\/ifergangallery.com\/es\/privacy-policy\/#breadcrumb\",\"itemListElement\":[{\"@type\":\"ListItem\",\"position\":1,\"name\":\"Home\",\"item\":\"https:\/\/ifergangallery.com\/es\/\"},{\"@type\":\"ListItem\",\"position\":2,\"name\":\"Pol\\u00edtica de privacidad\"}]}]}<\/script>\n<!-- \/ Yoast SEO Premium plugin. -->","yoast_head_json":{"title":"Pol\u00edtica de privacidad &ndash; Ifergan Gallery","robots":{"index":"index","follow":"follow","max-snippet":"max-snippet:-1","max-image-preview":"max-image-preview:large","max-video-preview":"max-video-preview:-1"},"canonical":"https:\/\/ifergangallery.com\/es\/privacy-policy\/","og_locale":"es_ES","og_type":"article","og_title":"Pol\u00edtica de privacidad","og_description":"\u00bfQui\u00e9n es el Responsable del tratamiento de sus datos? Identidad:\u00a0Ifergan Gallery LTD.CIF:B92713536Dir. Postal: C\/ Sebastian Souviron, 9 29005, Malaga, Espa\u00f1aTel\u00e9fono: +34 951 937 341E-Mail: info@ifergangallery.es \u00a0 \u00bfCon qu\u00e9 finalidad tratamos sus datos personales? Finalidad 1 mantener nuestra agenda de contactos, Como persona de contacto para mantener relaciones con la entidad jur\u00eddica u organizaci\u00f3n en la &hellip; Pol\u00edtica de privacidad Leer m\u00e1s &raquo;","og_url":"https:\/\/ifergangallery.com\/es\/privacy-policy\/","og_site_name":"Ifergan Gallery","article_publisher":"https:\/\/www.facebook.com\/Ifergancollectionmalaga","article_modified_time":"2021-10-04T11:09:38+00:00","twitter_card":"summary_large_image","twitter_site":"@Ifergangallery","twitter_misc":{"Tiempo de lectura":"4 minutos"},"schema":{"@context":"https:\/\/schema.org","@graph":[{"@type":"Organization","@id":"https:\/\/ifergangallery.com\/#organization","name":"Ifergan Gallery","url":"https:\/\/ifergangallery.com\/","sameAs":["https:\/\/www.facebook.com\/Ifergancollectionmalaga","https:\/\/www.instagram.com\/ifergangallery\/","https:\/\/www.youtube.com\/channel\/UC2O2zZ9BJKhbUFOnu_5mE3g","https:\/\/twitter.com\/Ifergangallery"],"logo":{"@type":"ImageObject","@id":"https:\/\/ifergangallery.com\/#logo","inLanguage":"es","url":"https:\/\/ifergangallery.com\/wp-content\/uploads\/2021\/09\/Imagotipo_blanco-e1637271379231.png","contentUrl":"https:\/\/ifergangallery.com\/wp-content\/uploads\/2021\/09\/Imagotipo_blanco-e1637271379231.png","width":1920,"height":1065,"caption":"Ifergan Gallery"},"image":{"@id":"https:\/\/ifergangallery.com\/#logo"}},{"@type":"WebSite","@id":"https:\/\/ifergangallery.com\/#website","url":"https:\/\/ifergangallery.com\/","name":"Ifergan Gallery","description":"Ancient Art Gallery","publisher":{"@id":"https:\/\/ifergangallery.com\/#organization"},"potentialAction":[{"@type":"SearchAction","target":{"@type":"EntryPoint","urlTemplate":"https:\/\/ifergangallery.com\/?s={search_term_string}"},"query-input":"required name=search_term_string"}],"inLanguage":"es"},{"@type":"WebPage","@id":"https:\/\/ifergangallery.com\/es\/privacy-policy\/#webpage","url":"https:\/\/ifergangallery.com\/es\/privacy-policy\/","name":"Pol\u00edtica de privacidad &ndash; Ifergan Gallery","isPartOf":{"@id":"https:\/\/ifergangallery.com\/#website"},"datePublished":"2021-07-23T13:28:33+00:00","dateModified":"2021-10-04T11:09:38+00:00","breadcrumb":{"@id":"https:\/\/ifergangallery.com\/es\/privacy-policy\/#breadcrumb"},"inLanguage":"es","potentialAction":[{"@type":"ReadAction","target":["https:\/\/ifergangallery.com\/es\/privacy-policy\/"]}]},{"@type":"BreadcrumbList","@id":"https:\/\/ifergangallery.com\/es\/privacy-policy\/#breadcrumb","itemListElement":[{"@type":"ListItem","position":1,"name":"Home","item":"https:\/\/ifergangallery.com\/es\/"},{"@type":"ListItem","position":2,"name":"Pol\u00edtica de privacidad"}]}]}},"_links":{"self":[{"href":"https:\/\/ifergangallery.com\/es\/wp-json\/wp\/v2\/pages\/1317"}],"collection":[{"href":"https:\/\/ifergangallery.com\/es\/wp-json\/wp\/v2\/pages"}],"about":[{"href":"https:\/\/ifergangallery.com\/es\/wp-json\/wp\/v2\/types\/page"}],"author":[{"embeddable":true,"href":"https:\/\/ifergangallery.com\/es\/wp-json\/wp\/v2\/users\/1"}],"replies":[{"embeddable":true,"href":"https:\/\/ifergangallery.com\/es\/wp-json\/wp\/v2\/comments?post=1317"}],"version-history":[{"count":0,"href":"https:\/\/ifergangallery.com\/es\/wp-json\/wp\/v2\/pages\/1317\/revisions"}],"wp:attachment":[{"href":"https:\/\/ifergangallery.com\/es\/wp-json\/wp\/v2\/media?parent=1317"}],"curies":[{"name":"wp","href":"https:\/\/api.w.org\/{rel}","templated":true}]}}