{"id":10072,"date":"2022-06-02T09:41:40","date_gmt":"2022-06-02T09:41:40","guid":{"rendered":"https:\/\/ifergangallery.com\/?post_type=product&#038;p=10072"},"modified":"2023-05-04T09:30:04","modified_gmt":"2023-05-04T09:30:04","slug":"kylix-atico-de-figuras-negras-con-gorgona-atribuido-al-leafless-group-500-a-c","status":"publish","type":"product","link":"https:\/\/ifergangallery.com\/es\/piece\/kylix-atico-de-figuras-negras-con-gorgona-atribuido-al-leafless-group-500-a-c\/","title":{"rendered":"Kylix \u00e1tico de figuras negras con gorgona atribuido al Leafless Group, 500 a.C."},"content":{"rendered":"<p style=\"text-align: justify;\">El tondo con gorgoneion dentro de una banda, detalles incisos, el exterior con banda reservada. Las gorgonas son espantosas criaturas femeninas con aspecto de bestia que ya se ve\u00edan en los tiempos de Homero y que siguieron utiliz\u00e1ndose como s\u00edmbolo monstruoso durante toda la \u00e9poca romana. La Gorgona era una de las tres hermanas mitol\u00f3gicas del mundo griego antiguo cuyos horribles rostros encarnaban los aspectos m\u00e1s espantosos de la muerte y lo sobrenatural, con ojos muy abiertos, una nariz puntiaguda y sobresaliente, una inquietante sonrisa con dientes y colmillos y un peinado rizado, como vemos en este ejemplo. Conocidas por sus potentes miradas, capaces de convertir a alguien en piedra, las gorgonas tambi\u00e9n eran favorecidas como ornamentos arquitect\u00f3nicos, porque se cre\u00eda que proteger\u00edan a quienes estuvieran dentro.<\/p>\n<p style=\"text-align: justify;\">The Leafless Group Grupo de vasos atenienses de figuras negras tard\u00edas (en su mayor\u00eda copas) llamados as\u00ed por las ramas despojadas que rellenan el fondo. Muchas de las escenas pintadas son dionisiacas. La calidad es generalmente pobre y empeora con el tiempo. Se han atribuido muchos vasos a este grupo por su estilo.<\/p>","protected":false},"excerpt":{"rendered":"<p>El tondo con gorgoneion dentro de una banda, detalles incisos, el exterior con banda reservada. Las gorgonas son espantosas criaturas femeninas con aspecto de bestia que ya se ve\u00edan en los tiempos de Homero y que siguieron utiliz\u00e1ndose como s\u00edmbolo monstruoso durante toda la \u00e9poca romana. La Gorgona era una de las tres hermanas mitol\u00f3gicas &hellip;<\/p>\n<p class=\"read-more\"> <a class=\"\" href=\"https:\/\/ifergangallery.com\/es\/piece\/kylix-atico-de-figuras-negras-con-gorgona-atribuido-al-leafless-group-500-a-c\/\"> <span class=\"screen-reader-text\">Kylix \u00e1tico de figuras negras con gorgona atribuido al Leafless Group, 500 a.C.<\/span> Leer m\u00e1s &raquo;<\/a><\/p>","protected":false},"featured_media":10060,"comment_status":"closed","ping_status":"closed","template":"","meta":{"spay_email":""},"product_cat":[111,457],"product_tag":[538,531,534,536,539,537,533],"yoast_head":"<!-- This site is optimized with the Yoast SEO Premium plugin v17.6 (Yoast SEO v17.6) - https:\/\/yoast.com\/wordpress\/plugins\/seo\/ -->\n<title>Kylix \u00e1tico de figuras negras con gorgona atribuido al Leafless Group, 500 a.C. &ndash; Ifergan Gallery<\/title>\n<meta name=\"robots\" content=\"index, follow, max-snippet:-1, max-image-preview:large, max-video-preview:-1\" \/>\n<link rel=\"canonical\" href=\"https:\/\/ifergangallery.com\/es\/piece\/kylix-atico-de-figuras-negras-con-gorgona-atribuido-al-leafless-group-500-a-c\/\" \/>\n<meta property=\"og:locale\" content=\"es_ES\" \/>\n<meta property=\"og:type\" content=\"article\" \/>\n<meta property=\"og:title\" content=\"Kylix \u00e1tico de figuras negras con gorgona atribuido al Leafless Group, 500 a.C.\" \/>\n<meta property=\"og:description\" content=\"El tondo con gorgoneion dentro de una banda, detalles incisos, el exterior con banda reservada. Las gorgonas son espantosas criaturas femeninas con aspecto de bestia que ya se ve\u00edan en los tiempos de Homero y que siguieron utiliz\u00e1ndose como s\u00edmbolo monstruoso durante toda la \u00e9poca romana. La Gorgona era una de las tres hermanas mitol\u00f3gicas &hellip; Kylix \u00e1tico de figuras negras con gorgona atribuido al Leafless Group, 500 a.C. Leer m\u00e1s &raquo;\" \/>\n<meta property=\"og:url\" content=\"https:\/\/ifergangallery.com\/es\/piece\/kylix-atico-de-figuras-negras-con-gorgona-atribuido-al-leafless-group-500-a-c\/\" \/>\n<meta property=\"og:site_name\" content=\"Ifergan Gallery\" \/>\n<meta property=\"article:publisher\" content=\"https:\/\/www.facebook.com\/Ifergancollectionmalaga\" \/>\n<meta property=\"article:modified_time\" content=\"2023-05-04T09:30:04+00:00\" \/>\n<meta property=\"og:image\" content=\"https:\/\/ifergangallery.com\/wp-content\/uploads\/2022\/05\/mat017-2-1-scaled.jpg\" \/>\n\t<meta property=\"og:image:width\" content=\"2560\" \/>\n\t<meta property=\"og:image:height\" content=\"2560\" \/>\n<meta name=\"twitter:card\" content=\"summary_large_image\" \/>\n<meta name=\"twitter:site\" content=\"@Ifergangallery\" \/>\n<meta name=\"twitter:label1\" content=\"Tiempo de lectura\" \/>\n\t<meta name=\"twitter:data1\" content=\"1 minuto\" \/>\n<script type=\"application\/ld+json\" class=\"yoast-schema-graph\">{\"@context\":\"https:\/\/schema.org\",\"@graph\":[{\"@type\":\"Organization\",\"@id\":\"https:\/\/ifergangallery.com\/#organization\",\"name\":\"Ifergan Gallery\",\"url\":\"https:\/\/ifergangallery.com\/\",\"sameAs\":[\"https:\/\/www.facebook.com\/Ifergancollectionmalaga\",\"https:\/\/www.instagram.com\/ifergangallery\/\",\"https:\/\/www.youtube.com\/channel\/UC2O2zZ9BJKhbUFOnu_5mE3g\",\"https:\/\/twitter.com\/Ifergangallery\"],\"logo\":{\"@type\":\"ImageObject\",\"@id\":\"https:\/\/ifergangallery.com\/#logo\",\"inLanguage\":\"es\",\"url\":\"https:\/\/ifergangallery.com\/wp-content\/uploads\/2021\/09\/Imagotipo_blanco-e1637271379231.png\",\"contentUrl\":\"https:\/\/ifergangallery.com\/wp-content\/uploads\/2021\/09\/Imagotipo_blanco-e1637271379231.png\",\"width\":1920,\"height\":1065,\"caption\":\"Ifergan Gallery\"},\"image\":{\"@id\":\"https:\/\/ifergangallery.com\/#logo\"}},{\"@type\":\"WebSite\",\"@id\":\"https:\/\/ifergangallery.com\/#website\",\"url\":\"https:\/\/ifergangallery.com\/\",\"name\":\"Ifergan Gallery\",\"description\":\"Ancient Art Gallery\",\"publisher\":{\"@id\":\"https:\/\/ifergangallery.com\/#organization\"},\"potentialAction\":[{\"@type\":\"SearchAction\",\"target\":{\"@type\":\"EntryPoint\",\"urlTemplate\":\"https:\/\/ifergangallery.com\/?s={search_term_string}\"},\"query-input\":\"required name=search_term_string\"}],\"inLanguage\":\"es\"},{\"@type\":\"ImageObject\",\"@id\":\"https:\/\/ifergangallery.com\/es\/piece\/kylix-atico-de-figuras-negras-con-gorgona-atribuido-al-leafless-group-500-a-c\/#primaryimage\",\"inLanguage\":\"es\",\"url\":\"https:\/\/ifergangallery.com\/wp-content\/uploads\/2022\/05\/mat017-2-1-scaled.jpg\",\"contentUrl\":\"https:\/\/ifergangallery.com\/wp-content\/uploads\/2022\/05\/mat017-2-1-scaled.jpg\",\"width\":2560,\"height\":2560},{\"@type\":\"WebPage\",\"@id\":\"https:\/\/ifergangallery.com\/es\/piece\/kylix-atico-de-figuras-negras-con-gorgona-atribuido-al-leafless-group-500-a-c\/#webpage\",\"url\":\"https:\/\/ifergangallery.com\/es\/piece\/kylix-atico-de-figuras-negras-con-gorgona-atribuido-al-leafless-group-500-a-c\/\",\"name\":\"Kylix \\u00e1tico de figuras negras con gorgona atribuido al Leafless Group, 500 a.C. &ndash; Ifergan Gallery\",\"isPartOf\":{\"@id\":\"https:\/\/ifergangallery.com\/#website\"},\"primaryImageOfPage\":{\"@id\":\"https:\/\/ifergangallery.com\/es\/piece\/kylix-atico-de-figuras-negras-con-gorgona-atribuido-al-leafless-group-500-a-c\/#primaryimage\"},\"datePublished\":\"2022-06-02T09:41:40+00:00\",\"dateModified\":\"2023-05-04T09:30:04+00:00\",\"breadcrumb\":{\"@id\":\"https:\/\/ifergangallery.com\/es\/piece\/kylix-atico-de-figuras-negras-con-gorgona-atribuido-al-leafless-group-500-a-c\/#breadcrumb\"},\"inLanguage\":\"es\",\"potentialAction\":[{\"@type\":\"ReadAction\",\"target\":[\"https:\/\/ifergangallery.com\/es\/piece\/kylix-atico-de-figuras-negras-con-gorgona-atribuido-al-leafless-group-500-a-c\/\"]}]},{\"@type\":\"BreadcrumbList\",\"@id\":\"https:\/\/ifergangallery.com\/es\/piece\/kylix-atico-de-figuras-negras-con-gorgona-atribuido-al-leafless-group-500-a-c\/#breadcrumb\",\"itemListElement\":[{\"@type\":\"ListItem\",\"position\":1,\"name\":\"Home\",\"item\":\"https:\/\/ifergangallery.com\/es\/\"},{\"@type\":\"ListItem\",\"position\":2,\"name\":\"Works of art\",\"item\":\"https:\/\/ifergangallery.com\/es\/works_of_art\/\"},{\"@type\":\"ListItem\",\"position\":3,\"name\":\"Kylix \\u00e1tico de figuras negras con gorgona atribuido al Leafless Group, 500 a.C.\"}]}]}<\/script>\n<!-- \/ Yoast SEO Premium plugin. -->","yoast_head_json":{"title":"Kylix \u00e1tico de figuras negras con gorgona atribuido al Leafless Group, 500 a.C. &ndash; Ifergan Gallery","robots":{"index":"index","follow":"follow","max-snippet":"max-snippet:-1","max-image-preview":"max-image-preview:large","max-video-preview":"max-video-preview:-1"},"canonical":"https:\/\/ifergangallery.com\/es\/piece\/kylix-atico-de-figuras-negras-con-gorgona-atribuido-al-leafless-group-500-a-c\/","og_locale":"es_ES","og_type":"article","og_title":"Kylix \u00e1tico de figuras negras con gorgona atribuido al Leafless Group, 500 a.C.","og_description":"El tondo con gorgoneion dentro de una banda, detalles incisos, el exterior con banda reservada. Las gorgonas son espantosas criaturas femeninas con aspecto de bestia que ya se ve\u00edan en los tiempos de Homero y que siguieron utiliz\u00e1ndose como s\u00edmbolo monstruoso durante toda la \u00e9poca romana. La Gorgona era una de las tres hermanas mitol\u00f3gicas &hellip; Kylix \u00e1tico de figuras negras con gorgona atribuido al Leafless Group, 500 a.C. Leer m\u00e1s &raquo;","og_url":"https:\/\/ifergangallery.com\/es\/piece\/kylix-atico-de-figuras-negras-con-gorgona-atribuido-al-leafless-group-500-a-c\/","og_site_name":"Ifergan Gallery","article_publisher":"https:\/\/www.facebook.com\/Ifergancollectionmalaga","article_modified_time":"2023-05-04T09:30:04+00:00","og_image":[{"width":2560,"height":2560,"url":"https:\/\/ifergangallery.com\/wp-content\/uploads\/2022\/05\/mat017-2-1-scaled.jpg","type":"image\/jpeg"}],"twitter_card":"summary_large_image","twitter_site":"@Ifergangallery","twitter_misc":{"Tiempo de lectura":"1 minuto"},"schema":{"@context":"https:\/\/schema.org","@graph":[{"@type":"Organization","@id":"https:\/\/ifergangallery.com\/#organization","name":"Ifergan Gallery","url":"https:\/\/ifergangallery.com\/","sameAs":["https:\/\/www.facebook.com\/Ifergancollectionmalaga","https:\/\/www.instagram.com\/ifergangallery\/","https:\/\/www.youtube.com\/channel\/UC2O2zZ9BJKhbUFOnu_5mE3g","https:\/\/twitter.com\/Ifergangallery"],"logo":{"@type":"ImageObject","@id":"https:\/\/ifergangallery.com\/#logo","inLanguage":"es","url":"https:\/\/ifergangallery.com\/wp-content\/uploads\/2021\/09\/Imagotipo_blanco-e1637271379231.png","contentUrl":"https:\/\/ifergangallery.com\/wp-content\/uploads\/2021\/09\/Imagotipo_blanco-e1637271379231.png","width":1920,"height":1065,"caption":"Ifergan Gallery"},"image":{"@id":"https:\/\/ifergangallery.com\/#logo"}},{"@type":"WebSite","@id":"https:\/\/ifergangallery.com\/#website","url":"https:\/\/ifergangallery.com\/","name":"Ifergan Gallery","description":"Ancient Art Gallery","publisher":{"@id":"https:\/\/ifergangallery.com\/#organization"},"potentialAction":[{"@type":"SearchAction","target":{"@type":"EntryPoint","urlTemplate":"https:\/\/ifergangallery.com\/?s={search_term_string}"},"query-input":"required name=search_term_string"}],"inLanguage":"es"},{"@type":"ImageObject","@id":"https:\/\/ifergangallery.com\/es\/piece\/kylix-atico-de-figuras-negras-con-gorgona-atribuido-al-leafless-group-500-a-c\/#primaryimage","inLanguage":"es","url":"https:\/\/ifergangallery.com\/wp-content\/uploads\/2022\/05\/mat017-2-1-scaled.jpg","contentUrl":"https:\/\/ifergangallery.com\/wp-content\/uploads\/2022\/05\/mat017-2-1-scaled.jpg","width":2560,"height":2560},{"@type":"WebPage","@id":"https:\/\/ifergangallery.com\/es\/piece\/kylix-atico-de-figuras-negras-con-gorgona-atribuido-al-leafless-group-500-a-c\/#webpage","url":"https:\/\/ifergangallery.com\/es\/piece\/kylix-atico-de-figuras-negras-con-gorgona-atribuido-al-leafless-group-500-a-c\/","name":"Kylix \u00e1tico de figuras negras con gorgona atribuido al Leafless Group, 500 a.C. &ndash; Ifergan Gallery","isPartOf":{"@id":"https:\/\/ifergangallery.com\/#website"},"primaryImageOfPage":{"@id":"https:\/\/ifergangallery.com\/es\/piece\/kylix-atico-de-figuras-negras-con-gorgona-atribuido-al-leafless-group-500-a-c\/#primaryimage"},"datePublished":"2022-06-02T09:41:40+00:00","dateModified":"2023-05-04T09:30:04+00:00","breadcrumb":{"@id":"https:\/\/ifergangallery.com\/es\/piece\/kylix-atico-de-figuras-negras-con-gorgona-atribuido-al-leafless-group-500-a-c\/#breadcrumb"},"inLanguage":"es","potentialAction":[{"@type":"ReadAction","target":["https:\/\/ifergangallery.com\/es\/piece\/kylix-atico-de-figuras-negras-con-gorgona-atribuido-al-leafless-group-500-a-c\/"]}]},{"@type":"BreadcrumbList","@id":"https:\/\/ifergangallery.com\/es\/piece\/kylix-atico-de-figuras-negras-con-gorgona-atribuido-al-leafless-group-500-a-c\/#breadcrumb","itemListElement":[{"@type":"ListItem","position":1,"name":"Home","item":"https:\/\/ifergangallery.com\/es\/"},{"@type":"ListItem","position":2,"name":"Works of art","item":"https:\/\/ifergangallery.com\/es\/works_of_art\/"},{"@type":"ListItem","position":3,"name":"Kylix \u00e1tico de figuras negras con gorgona atribuido al Leafless Group, 500 a.C."}]}]}},"_links":{"self":[{"href":"https:\/\/ifergangallery.com\/es\/wp-json\/wp\/v2\/product\/10072"}],"collection":[{"href":"https:\/\/ifergangallery.com\/es\/wp-json\/wp\/v2\/product"}],"about":[{"href":"https:\/\/ifergangallery.com\/es\/wp-json\/wp\/v2\/types\/product"}],"replies":[{"embeddable":true,"href":"https:\/\/ifergangallery.com\/es\/wp-json\/wp\/v2\/comments?post=10072"}],"wp:featuredmedia":[{"embeddable":true,"href":"https:\/\/ifergangallery.com\/es\/wp-json\/wp\/v2\/media\/10060"}],"wp:attachment":[{"href":"https:\/\/ifergangallery.com\/es\/wp-json\/wp\/v2\/media?parent=10072"}],"wp:term":[{"taxonomy":"product_cat","embeddable":true,"href":"https:\/\/ifergangallery.com\/es\/wp-json\/wp\/v2\/product_cat?post=10072"},{"taxonomy":"product_tag","embeddable":true,"href":"https:\/\/ifergangallery.com\/es\/wp-json\/wp\/v2\/product_tag?post=10072"}],"curies":[{"name":"wp","href":"https:\/\/api.w.org\/{rel}","templated":true}]}}