{"id":10825,"date":"2023-06-06T10:50:29","date_gmt":"2023-06-06T10:50:29","guid":{"rendered":"https:\/\/ifergangallery.com\/?post_type=product&#038;p=10825"},"modified":"2024-11-15T13:34:14","modified_gmt":"2024-11-15T13:34:14","slug":"cuenco-decorado-de-terracota-dauniano-400-a-c","status":"publish","type":"product","link":"https:\/\/ifergangallery.com\/es\/piece\/cuenco-decorado-de-terracota-dauniano-400-a-c\/","title":{"rendered":"Cuenco decorado de terracota dauniano, 400 a.C."},"content":{"rendered":"<p style=\"text-align: justify;\">Cuenco con borde biselado y asa vertical en forma de lazo. Presenta una decoraci\u00f3n con c\u00edrculos conc\u00e9ntricos rojos y negros y una cruz en el tondo.<\/p>\n<p style=\"text-align: justify;\">La cer\u00e1mica dauniana se produjo principalmente en los centros de producci\u00f3n regionales de\u00a0Ordona\u00a0y\u00a0Canosa di Puglia, comenzando alrededor del 700 a. C. Las primeras pinturas sobre la cer\u00e1mica muestran las vasijas con patrones geom\u00e9tricos. La cer\u00e1mica fue formada a mano, en lugar de tirada en un\u00a0torno de alfarero. Consist\u00edan en color tierra rojo, marr\u00f3n o negro aplicado con la decoraci\u00f3n. Sobre ellos se pintaron diamantes, tri\u00e1ngulos, c\u00edrculos, cruces, cuadrados, arcos,\u00a0esv\u00e1sticas\u00a0y otras formas de arte.<\/p>","protected":false},"excerpt":{"rendered":"<p>Cuenco con borde biselado y asa vertical en forma de lazo. Presenta una decoraci\u00f3n con c\u00edrculos conc\u00e9ntricos rojos y negros y una cruz en el tondo. La cer\u00e1mica dauniana se produjo principalmente en los centros de producci\u00f3n regionales de\u00a0Ordona\u00a0y\u00a0Canosa di Puglia, comenzando alrededor del 700 a. C. Las primeras pinturas sobre la cer\u00e1mica muestran las &hellip;<\/p>\n<p class=\"read-more\"> <a class=\"\" href=\"https:\/\/ifergangallery.com\/es\/piece\/cuenco-decorado-de-terracota-dauniano-400-a-c\/\"> <span class=\"screen-reader-text\">Cuenco decorado de terracota dauniano, 400 a.C.<\/span> Leer m\u00e1s &raquo;<\/a><\/p>","protected":false},"featured_media":12035,"comment_status":"closed","ping_status":"closed","template":"","meta":{"spay_email":""},"product_cat":[811,111],"product_tag":[793,769,592],"yoast_head":"<!-- This site is optimized with the Yoast SEO Premium plugin v17.6 (Yoast SEO v17.6) - https:\/\/yoast.com\/wordpress\/plugins\/seo\/ -->\n<title>Cuenco decorado de terracota dauniano, 400 a.C. &ndash; Ifergan Gallery<\/title>\n<meta name=\"robots\" content=\"index, follow, max-snippet:-1, max-image-preview:large, max-video-preview:-1\" \/>\n<link rel=\"canonical\" href=\"https:\/\/ifergangallery.com\/es\/piece\/cuenco-decorado-de-terracota-dauniano-400-a-c\/\" \/>\n<meta property=\"og:locale\" content=\"es_ES\" \/>\n<meta property=\"og:type\" content=\"article\" \/>\n<meta property=\"og:title\" content=\"Cuenco decorado de terracota dauniano, 400 a.C.\" \/>\n<meta property=\"og:description\" content=\"Cuenco con borde biselado y asa vertical en forma de lazo. Presenta una decoraci\u00f3n con c\u00edrculos conc\u00e9ntricos rojos y negros y una cruz en el tondo. La cer\u00e1mica dauniana se produjo principalmente en los centros de producci\u00f3n regionales de\u00a0Ordona\u00a0y\u00a0Canosa di Puglia, comenzando alrededor del 700 a. C. Las primeras pinturas sobre la cer\u00e1mica muestran las &hellip; Cuenco decorado de terracota dauniano, 400 a.C. Leer m\u00e1s &raquo;\" \/>\n<meta property=\"og:url\" content=\"https:\/\/ifergangallery.com\/es\/piece\/cuenco-decorado-de-terracota-dauniano-400-a-c\/\" \/>\n<meta property=\"og:site_name\" content=\"Ifergan Gallery\" \/>\n<meta property=\"article:publisher\" content=\"https:\/\/www.facebook.com\/Ifergancollectionmalaga\" \/>\n<meta property=\"article:modified_time\" content=\"2024-11-15T13:34:14+00:00\" \/>\n<meta property=\"og:image\" content=\"https:\/\/ifergangallery.com\/wp-content\/uploads\/2022\/09\/MAT034-3.jpg\" \/>\n\t<meta property=\"og:image:width\" content=\"2048\" \/>\n\t<meta property=\"og:image:height\" content=\"2048\" \/>\n<meta name=\"twitter:card\" content=\"summary_large_image\" \/>\n<meta name=\"twitter:site\" content=\"@Ifergangallery\" \/>\n<meta name=\"twitter:label1\" content=\"Tiempo de lectura\" \/>\n\t<meta name=\"twitter:data1\" content=\"1 minuto\" \/>\n<script type=\"application\/ld+json\" class=\"yoast-schema-graph\">{\"@context\":\"https:\/\/schema.org\",\"@graph\":[{\"@type\":\"Organization\",\"@id\":\"https:\/\/ifergangallery.com\/#organization\",\"name\":\"Ifergan Gallery\",\"url\":\"https:\/\/ifergangallery.com\/\",\"sameAs\":[\"https:\/\/www.facebook.com\/Ifergancollectionmalaga\",\"https:\/\/www.instagram.com\/ifergangallery\/\",\"https:\/\/www.youtube.com\/channel\/UC2O2zZ9BJKhbUFOnu_5mE3g\",\"https:\/\/twitter.com\/Ifergangallery\"],\"logo\":{\"@type\":\"ImageObject\",\"@id\":\"https:\/\/ifergangallery.com\/#logo\",\"inLanguage\":\"es\",\"url\":\"https:\/\/ifergangallery.com\/wp-content\/uploads\/2021\/09\/Imagotipo_blanco-e1637271379231.png\",\"contentUrl\":\"https:\/\/ifergangallery.com\/wp-content\/uploads\/2021\/09\/Imagotipo_blanco-e1637271379231.png\",\"width\":1920,\"height\":1065,\"caption\":\"Ifergan Gallery\"},\"image\":{\"@id\":\"https:\/\/ifergangallery.com\/#logo\"}},{\"@type\":\"WebSite\",\"@id\":\"https:\/\/ifergangallery.com\/#website\",\"url\":\"https:\/\/ifergangallery.com\/\",\"name\":\"Ifergan Gallery\",\"description\":\"Ancient Art Gallery\",\"publisher\":{\"@id\":\"https:\/\/ifergangallery.com\/#organization\"},\"potentialAction\":[{\"@type\":\"SearchAction\",\"target\":{\"@type\":\"EntryPoint\",\"urlTemplate\":\"https:\/\/ifergangallery.com\/?s={search_term_string}\"},\"query-input\":\"required name=search_term_string\"}],\"inLanguage\":\"es\"},{\"@type\":\"ImageObject\",\"@id\":\"https:\/\/ifergangallery.com\/es\/piece\/cuenco-decorado-de-terracota-dauniano-400-a-c\/#primaryimage\",\"inLanguage\":\"es\",\"url\":\"https:\/\/ifergangallery.com\/wp-content\/uploads\/2022\/09\/MAT034-3.jpg\",\"contentUrl\":\"https:\/\/ifergangallery.com\/wp-content\/uploads\/2022\/09\/MAT034-3.jpg\",\"width\":2048,\"height\":2048},{\"@type\":\"WebPage\",\"@id\":\"https:\/\/ifergangallery.com\/es\/piece\/cuenco-decorado-de-terracota-dauniano-400-a-c\/#webpage\",\"url\":\"https:\/\/ifergangallery.com\/es\/piece\/cuenco-decorado-de-terracota-dauniano-400-a-c\/\",\"name\":\"Cuenco decorado de terracota dauniano, 400 a.C. &ndash; Ifergan Gallery\",\"isPartOf\":{\"@id\":\"https:\/\/ifergangallery.com\/#website\"},\"primaryImageOfPage\":{\"@id\":\"https:\/\/ifergangallery.com\/es\/piece\/cuenco-decorado-de-terracota-dauniano-400-a-c\/#primaryimage\"},\"datePublished\":\"2023-06-06T10:50:29+00:00\",\"dateModified\":\"2024-11-15T13:34:14+00:00\",\"breadcrumb\":{\"@id\":\"https:\/\/ifergangallery.com\/es\/piece\/cuenco-decorado-de-terracota-dauniano-400-a-c\/#breadcrumb\"},\"inLanguage\":\"es\",\"potentialAction\":[{\"@type\":\"ReadAction\",\"target\":[\"https:\/\/ifergangallery.com\/es\/piece\/cuenco-decorado-de-terracota-dauniano-400-a-c\/\"]}]},{\"@type\":\"BreadcrumbList\",\"@id\":\"https:\/\/ifergangallery.com\/es\/piece\/cuenco-decorado-de-terracota-dauniano-400-a-c\/#breadcrumb\",\"itemListElement\":[{\"@type\":\"ListItem\",\"position\":1,\"name\":\"Home\",\"item\":\"https:\/\/ifergangallery.com\/es\/\"},{\"@type\":\"ListItem\",\"position\":2,\"name\":\"Works of art\",\"item\":\"https:\/\/ifergangallery.com\/es\/works_of_art\/\"},{\"@type\":\"ListItem\",\"position\":3,\"name\":\"Cuenco decorado de terracota dauniano, 400 a.C.\"}]}]}<\/script>\n<!-- \/ Yoast SEO Premium plugin. -->","yoast_head_json":{"title":"Cuenco decorado de terracota dauniano, 400 a.C. &ndash; Ifergan Gallery","robots":{"index":"index","follow":"follow","max-snippet":"max-snippet:-1","max-image-preview":"max-image-preview:large","max-video-preview":"max-video-preview:-1"},"canonical":"https:\/\/ifergangallery.com\/es\/piece\/cuenco-decorado-de-terracota-dauniano-400-a-c\/","og_locale":"es_ES","og_type":"article","og_title":"Cuenco decorado de terracota dauniano, 400 a.C.","og_description":"Cuenco con borde biselado y asa vertical en forma de lazo. Presenta una decoraci\u00f3n con c\u00edrculos conc\u00e9ntricos rojos y negros y una cruz en el tondo. La cer\u00e1mica dauniana se produjo principalmente en los centros de producci\u00f3n regionales de\u00a0Ordona\u00a0y\u00a0Canosa di Puglia, comenzando alrededor del 700 a. C. Las primeras pinturas sobre la cer\u00e1mica muestran las &hellip; Cuenco decorado de terracota dauniano, 400 a.C. Leer m\u00e1s &raquo;","og_url":"https:\/\/ifergangallery.com\/es\/piece\/cuenco-decorado-de-terracota-dauniano-400-a-c\/","og_site_name":"Ifergan Gallery","article_publisher":"https:\/\/www.facebook.com\/Ifergancollectionmalaga","article_modified_time":"2024-11-15T13:34:14+00:00","og_image":[{"width":2048,"height":2048,"url":"https:\/\/ifergangallery.com\/wp-content\/uploads\/2022\/09\/MAT034-3.jpg","type":"image\/jpeg"}],"twitter_card":"summary_large_image","twitter_site":"@Ifergangallery","twitter_misc":{"Tiempo de lectura":"1 minuto"},"schema":{"@context":"https:\/\/schema.org","@graph":[{"@type":"Organization","@id":"https:\/\/ifergangallery.com\/#organization","name":"Ifergan Gallery","url":"https:\/\/ifergangallery.com\/","sameAs":["https:\/\/www.facebook.com\/Ifergancollectionmalaga","https:\/\/www.instagram.com\/ifergangallery\/","https:\/\/www.youtube.com\/channel\/UC2O2zZ9BJKhbUFOnu_5mE3g","https:\/\/twitter.com\/Ifergangallery"],"logo":{"@type":"ImageObject","@id":"https:\/\/ifergangallery.com\/#logo","inLanguage":"es","url":"https:\/\/ifergangallery.com\/wp-content\/uploads\/2021\/09\/Imagotipo_blanco-e1637271379231.png","contentUrl":"https:\/\/ifergangallery.com\/wp-content\/uploads\/2021\/09\/Imagotipo_blanco-e1637271379231.png","width":1920,"height":1065,"caption":"Ifergan Gallery"},"image":{"@id":"https:\/\/ifergangallery.com\/#logo"}},{"@type":"WebSite","@id":"https:\/\/ifergangallery.com\/#website","url":"https:\/\/ifergangallery.com\/","name":"Ifergan Gallery","description":"Ancient Art Gallery","publisher":{"@id":"https:\/\/ifergangallery.com\/#organization"},"potentialAction":[{"@type":"SearchAction","target":{"@type":"EntryPoint","urlTemplate":"https:\/\/ifergangallery.com\/?s={search_term_string}"},"query-input":"required name=search_term_string"}],"inLanguage":"es"},{"@type":"ImageObject","@id":"https:\/\/ifergangallery.com\/es\/piece\/cuenco-decorado-de-terracota-dauniano-400-a-c\/#primaryimage","inLanguage":"es","url":"https:\/\/ifergangallery.com\/wp-content\/uploads\/2022\/09\/MAT034-3.jpg","contentUrl":"https:\/\/ifergangallery.com\/wp-content\/uploads\/2022\/09\/MAT034-3.jpg","width":2048,"height":2048},{"@type":"WebPage","@id":"https:\/\/ifergangallery.com\/es\/piece\/cuenco-decorado-de-terracota-dauniano-400-a-c\/#webpage","url":"https:\/\/ifergangallery.com\/es\/piece\/cuenco-decorado-de-terracota-dauniano-400-a-c\/","name":"Cuenco decorado de terracota dauniano, 400 a.C. &ndash; Ifergan Gallery","isPartOf":{"@id":"https:\/\/ifergangallery.com\/#website"},"primaryImageOfPage":{"@id":"https:\/\/ifergangallery.com\/es\/piece\/cuenco-decorado-de-terracota-dauniano-400-a-c\/#primaryimage"},"datePublished":"2023-06-06T10:50:29+00:00","dateModified":"2024-11-15T13:34:14+00:00","breadcrumb":{"@id":"https:\/\/ifergangallery.com\/es\/piece\/cuenco-decorado-de-terracota-dauniano-400-a-c\/#breadcrumb"},"inLanguage":"es","potentialAction":[{"@type":"ReadAction","target":["https:\/\/ifergangallery.com\/es\/piece\/cuenco-decorado-de-terracota-dauniano-400-a-c\/"]}]},{"@type":"BreadcrumbList","@id":"https:\/\/ifergangallery.com\/es\/piece\/cuenco-decorado-de-terracota-dauniano-400-a-c\/#breadcrumb","itemListElement":[{"@type":"ListItem","position":1,"name":"Home","item":"https:\/\/ifergangallery.com\/es\/"},{"@type":"ListItem","position":2,"name":"Works of art","item":"https:\/\/ifergangallery.com\/es\/works_of_art\/"},{"@type":"ListItem","position":3,"name":"Cuenco decorado de terracota dauniano, 400 a.C."}]}]}},"_links":{"self":[{"href":"https:\/\/ifergangallery.com\/es\/wp-json\/wp\/v2\/product\/10825"}],"collection":[{"href":"https:\/\/ifergangallery.com\/es\/wp-json\/wp\/v2\/product"}],"about":[{"href":"https:\/\/ifergangallery.com\/es\/wp-json\/wp\/v2\/types\/product"}],"replies":[{"embeddable":true,"href":"https:\/\/ifergangallery.com\/es\/wp-json\/wp\/v2\/comments?post=10825"}],"wp:featuredmedia":[{"embeddable":true,"href":"https:\/\/ifergangallery.com\/es\/wp-json\/wp\/v2\/media\/12035"}],"wp:attachment":[{"href":"https:\/\/ifergangallery.com\/es\/wp-json\/wp\/v2\/media?parent=10825"}],"wp:term":[{"taxonomy":"product_cat","embeddable":true,"href":"https:\/\/ifergangallery.com\/es\/wp-json\/wp\/v2\/product_cat?post=10825"},{"taxonomy":"product_tag","embeddable":true,"href":"https:\/\/ifergangallery.com\/es\/wp-json\/wp\/v2\/product_tag?post=10825"}],"curies":[{"name":"wp","href":"https:\/\/api.w.org\/{rel}","templated":true}]}}