{"id":10869,"date":"2022-11-12T07:15:27","date_gmt":"2022-11-12T07:15:27","guid":{"rendered":"https:\/\/ifergangallery.com\/?post_type=product&#038;p=10869"},"modified":"2026-02-03T12:44:02","modified_gmt":"2026-02-03T12:44:02","slug":"figura-romana-de-la-diosa-venus-en-bronce-periodo-imperial-siglos-i-ii-d-c","status":"publish","type":"product","link":"https:\/\/ifergangallery.com\/es\/piece\/figura-romana-de-la-diosa-venus-en-bronce-periodo-imperial-siglos-i-ii-d-c\/","title":{"rendered":"Figura romana de la diosa Venus en bronce, Periodo Imperial, Siglos I-II d.C."},"content":{"rendered":"<p style=\"text-align: justify;\"><span dir=\"auto\" style=\"vertical-align: inherit;\"><span dir=\"auto\" style=\"vertical-align: inherit;\">Impresionante figura de bronce emplomado de Venus (Afrodita griega), la diosa del amor y la belleza, parecida a la Afrodita de Knidos de Praxiteles, envuelta en una p\u00e1tina verde. Coronada por una diadema en forma de medialuna, la hermosa deidad est\u00e1 de pie en contrapposto, con la pierna derecha doblada a la altura de la rodilla y su peso desplazado con gracia. Su brazo izquierdo se dobla suavemente mientras su mano roza su cuerpo, cerni\u00e9ndose sobre su sexo, tal vez un gesto de pudor como el de la Venus P\u00fadica, y su mano derecha se extiende desde su cuerpo en una pose de bienvenida. La diosa gira la cabeza ligeramente hacia su derecha, con un rostro tranquilo que muestra rasgos naturales enmarcados por un peinado enrollado hacia atr\u00e1s que se resuelve en un mo\u00f1o, mientras unos suaves mechones adornan sus hombros.<\/span><\/span><\/p>\n<p style=\"text-align: justify;\"><span dir=\"auto\" style=\"vertical-align: inherit;\"><span dir=\"auto\" style=\"vertical-align: inherit;\">Impresionante representaci\u00f3n de la diosa que pose\u00eda una belleza tan sublime, que inspir\u00f3 mucha rivalidad entre los dioses, todos los cuales deseaban hacerla su esposa. Seg\u00fan la mitolog\u00eda cl\u00e1sica, J\u00fapiter (Zeus) decidi\u00f3 que Venus (Afrodita) se casara con Vulcano (Hefesto), el dios herrero discapacitado. Vulcano, a su vez, cre\u00f3 una faja m\u00e1gica para garantizar su fidelidad. Por desgracia para \u00e9l, la diosa del amor y la belleza le fue infiel. Venus (Afrodita) ha inspirado innumerables representaciones en la cultura visual, entre las m\u00e1s famosas, la <\/span><\/span><em><span dir=\"auto\" style=\"vertical-align: inherit;\"><span dir=\"auto\" style=\"vertical-align: inherit;\">&#8220;Afrodita de Knidos&#8221;<\/span><\/span><\/em><span dir=\"auto\" style=\"vertical-align: inherit;\"><span dir=\"auto\" style=\"vertical-align: inherit;\"> del escultor \u00e1tico Prax\u00edteles (ca. 360 a 330 aC) y el <\/span><\/span><em><span dir=\"auto\" style=\"vertical-align: inherit;\"><span dir=\"auto\" style=\"vertical-align: inherit;\">&#8220;Nacimiento de Venus&#8221;<\/span><\/span><\/em><span dir=\"auto\" style=\"vertical-align: inherit;\"><span dir=\"auto\" style=\"vertical-align: inherit;\"> del pintor renacentista Sandro Botticelli (1484-86).<\/span><\/span><\/p>","protected":false},"excerpt":{"rendered":"<p>Impresionante figura de bronce emplomado de Venus (Afrodita griega), la diosa del amor y la belleza, parecida a la Afrodita de Knidos de Praxiteles, envuelta en una p\u00e1tina verde. Coronada por una diadema en forma de medialuna, la hermosa deidad est\u00e1 de pie en contrapposto, con la pierna derecha doblada a la altura de la &hellip;<\/p>\n<p class=\"read-more\"> <a class=\"\" href=\"https:\/\/ifergangallery.com\/es\/piece\/figura-romana-de-la-diosa-venus-en-bronce-periodo-imperial-siglos-i-ii-d-c\/\"> <span class=\"screen-reader-text\">Figura romana de la diosa Venus en bronce, Periodo Imperial, Siglos I-II d.C.<\/span> Leer m\u00e1s &raquo;<\/a><\/p>","protected":false},"featured_media":15699,"comment_status":"closed","ping_status":"closed","template":"","meta":{"spay_email":""},"product_cat":[112,490],"product_tag":[805,802,279],"yoast_head":"<!-- This site is optimized with the Yoast SEO Premium plugin v17.6 (Yoast SEO v17.6) - https:\/\/yoast.com\/wordpress\/plugins\/seo\/ -->\n<title>Figura romana de la diosa Venus en bronce, Siglos I-II d.C.<\/title>\n<meta name=\"description\" content=\"Impresionante representaci\u00f3n de la diosa Venus, que pose\u00eda una belleza tan sublime, que inspir\u00f3 mucha rivalidad entre los dioses.\" \/>\n<meta name=\"robots\" content=\"index, follow, max-snippet:-1, max-image-preview:large, max-video-preview:-1\" \/>\n<link rel=\"canonical\" href=\"https:\/\/ifergangallery.com\/es\/piece\/figura-romana-de-la-diosa-venus-en-bronce-periodo-imperial-siglos-i-ii-d-c\/\" \/>\n<meta property=\"og:locale\" content=\"es_ES\" \/>\n<meta property=\"og:type\" content=\"article\" \/>\n<meta property=\"og:title\" content=\"Figura romana de la diosa Venus en bronce, Periodo Imperial, Siglos I-II d.C.\" \/>\n<meta property=\"og:description\" content=\"Impresionante representaci\u00f3n de la diosa Venus, que pose\u00eda una belleza tan sublime, que inspir\u00f3 mucha rivalidad entre los dioses.\" \/>\n<meta property=\"og:url\" content=\"https:\/\/ifergangallery.com\/es\/piece\/figura-romana-de-la-diosa-venus-en-bronce-periodo-imperial-siglos-i-ii-d-c\/\" \/>\n<meta property=\"og:site_name\" content=\"Ifergan Gallery\" \/>\n<meta property=\"article:publisher\" content=\"https:\/\/www.facebook.com\/Ifergancollectionmalaga\" \/>\n<meta property=\"article:modified_time\" content=\"2026-02-03T12:44:02+00:00\" \/>\n<meta property=\"og:image\" content=\"https:\/\/ifergangallery.com\/wp-content\/uploads\/2024\/11\/arte004-4.jpg\" \/>\n\t<meta property=\"og:image:width\" content=\"2048\" \/>\n\t<meta property=\"og:image:height\" content=\"2048\" \/>\n<meta name=\"twitter:card\" content=\"summary_large_image\" \/>\n<meta name=\"twitter:site\" content=\"@Ifergangallery\" \/>\n<meta name=\"twitter:label1\" content=\"Tiempo de lectura\" \/>\n\t<meta name=\"twitter:data1\" content=\"2 minutos\" \/>\n<script type=\"application\/ld+json\" class=\"yoast-schema-graph\">{\"@context\":\"https:\/\/schema.org\",\"@graph\":[{\"@type\":\"Organization\",\"@id\":\"https:\/\/ifergangallery.com\/#organization\",\"name\":\"Ifergan Gallery\",\"url\":\"https:\/\/ifergangallery.com\/\",\"sameAs\":[\"https:\/\/www.facebook.com\/Ifergancollectionmalaga\",\"https:\/\/www.instagram.com\/ifergangallery\/\",\"https:\/\/www.youtube.com\/channel\/UC2O2zZ9BJKhbUFOnu_5mE3g\",\"https:\/\/twitter.com\/Ifergangallery\"],\"logo\":{\"@type\":\"ImageObject\",\"@id\":\"https:\/\/ifergangallery.com\/#logo\",\"inLanguage\":\"es\",\"url\":\"https:\/\/ifergangallery.com\/wp-content\/uploads\/2021\/09\/Imagotipo_blanco-e1637271379231.png\",\"contentUrl\":\"https:\/\/ifergangallery.com\/wp-content\/uploads\/2021\/09\/Imagotipo_blanco-e1637271379231.png\",\"width\":1920,\"height\":1065,\"caption\":\"Ifergan Gallery\"},\"image\":{\"@id\":\"https:\/\/ifergangallery.com\/#logo\"}},{\"@type\":\"WebSite\",\"@id\":\"https:\/\/ifergangallery.com\/#website\",\"url\":\"https:\/\/ifergangallery.com\/\",\"name\":\"Ifergan Gallery\",\"description\":\"Ancient Art Gallery\",\"publisher\":{\"@id\":\"https:\/\/ifergangallery.com\/#organization\"},\"potentialAction\":[{\"@type\":\"SearchAction\",\"target\":{\"@type\":\"EntryPoint\",\"urlTemplate\":\"https:\/\/ifergangallery.com\/?s={search_term_string}\"},\"query-input\":\"required name=search_term_string\"}],\"inLanguage\":\"es\"},{\"@type\":\"ImageObject\",\"@id\":\"https:\/\/ifergangallery.com\/es\/piece\/figura-romana-de-la-diosa-venus-en-bronce-periodo-imperial-siglos-i-ii-d-c\/#primaryimage\",\"inLanguage\":\"es\",\"url\":\"https:\/\/ifergangallery.com\/wp-content\/uploads\/2024\/11\/arte004-4.jpg\",\"contentUrl\":\"https:\/\/ifergangallery.com\/wp-content\/uploads\/2024\/11\/arte004-4.jpg\",\"width\":2048,\"height\":2048},{\"@type\":\"WebPage\",\"@id\":\"https:\/\/ifergangallery.com\/es\/piece\/figura-romana-de-la-diosa-venus-en-bronce-periodo-imperial-siglos-i-ii-d-c\/#webpage\",\"url\":\"https:\/\/ifergangallery.com\/es\/piece\/figura-romana-de-la-diosa-venus-en-bronce-periodo-imperial-siglos-i-ii-d-c\/\",\"name\":\"Figura romana de la diosa Venus en bronce, Siglos I-II d.C.\",\"isPartOf\":{\"@id\":\"https:\/\/ifergangallery.com\/#website\"},\"primaryImageOfPage\":{\"@id\":\"https:\/\/ifergangallery.com\/es\/piece\/figura-romana-de-la-diosa-venus-en-bronce-periodo-imperial-siglos-i-ii-d-c\/#primaryimage\"},\"datePublished\":\"2022-11-12T07:15:27+00:00\",\"dateModified\":\"2026-02-03T12:44:02+00:00\",\"description\":\"Impresionante representaci\\u00f3n de la diosa Venus, que pose\\u00eda una belleza tan sublime, que inspir\\u00f3 mucha rivalidad entre los dioses.\",\"breadcrumb\":{\"@id\":\"https:\/\/ifergangallery.com\/es\/piece\/figura-romana-de-la-diosa-venus-en-bronce-periodo-imperial-siglos-i-ii-d-c\/#breadcrumb\"},\"inLanguage\":\"es\",\"potentialAction\":[{\"@type\":\"ReadAction\",\"target\":[\"https:\/\/ifergangallery.com\/es\/piece\/figura-romana-de-la-diosa-venus-en-bronce-periodo-imperial-siglos-i-ii-d-c\/\"]}]},{\"@type\":\"BreadcrumbList\",\"@id\":\"https:\/\/ifergangallery.com\/es\/piece\/figura-romana-de-la-diosa-venus-en-bronce-periodo-imperial-siglos-i-ii-d-c\/#breadcrumb\",\"itemListElement\":[{\"@type\":\"ListItem\",\"position\":1,\"name\":\"Home\",\"item\":\"https:\/\/ifergangallery.com\/es\/\"},{\"@type\":\"ListItem\",\"position\":2,\"name\":\"Works of art\",\"item\":\"https:\/\/ifergangallery.com\/es\/works_of_art\/\"},{\"@type\":\"ListItem\",\"position\":3,\"name\":\"Figura romana de la diosa Venus en bronce, Periodo Imperial, Siglos I-II d.C.\"}]}]}<\/script>\n<!-- \/ Yoast SEO Premium plugin. -->","yoast_head_json":{"title":"Figura romana de la diosa Venus en bronce, Siglos I-II d.C.","description":"Impresionante representaci\u00f3n de la diosa Venus, que pose\u00eda una belleza tan sublime, que inspir\u00f3 mucha rivalidad entre los dioses.","robots":{"index":"index","follow":"follow","max-snippet":"max-snippet:-1","max-image-preview":"max-image-preview:large","max-video-preview":"max-video-preview:-1"},"canonical":"https:\/\/ifergangallery.com\/es\/piece\/figura-romana-de-la-diosa-venus-en-bronce-periodo-imperial-siglos-i-ii-d-c\/","og_locale":"es_ES","og_type":"article","og_title":"Figura romana de la diosa Venus en bronce, Periodo Imperial, Siglos I-II d.C.","og_description":"Impresionante representaci\u00f3n de la diosa Venus, que pose\u00eda una belleza tan sublime, que inspir\u00f3 mucha rivalidad entre los dioses.","og_url":"https:\/\/ifergangallery.com\/es\/piece\/figura-romana-de-la-diosa-venus-en-bronce-periodo-imperial-siglos-i-ii-d-c\/","og_site_name":"Ifergan Gallery","article_publisher":"https:\/\/www.facebook.com\/Ifergancollectionmalaga","article_modified_time":"2026-02-03T12:44:02+00:00","og_image":[{"width":2048,"height":2048,"url":"https:\/\/ifergangallery.com\/wp-content\/uploads\/2024\/11\/arte004-4.jpg","type":"image\/jpeg"}],"twitter_card":"summary_large_image","twitter_site":"@Ifergangallery","twitter_misc":{"Tiempo de lectura":"2 minutos"},"schema":{"@context":"https:\/\/schema.org","@graph":[{"@type":"Organization","@id":"https:\/\/ifergangallery.com\/#organization","name":"Ifergan Gallery","url":"https:\/\/ifergangallery.com\/","sameAs":["https:\/\/www.facebook.com\/Ifergancollectionmalaga","https:\/\/www.instagram.com\/ifergangallery\/","https:\/\/www.youtube.com\/channel\/UC2O2zZ9BJKhbUFOnu_5mE3g","https:\/\/twitter.com\/Ifergangallery"],"logo":{"@type":"ImageObject","@id":"https:\/\/ifergangallery.com\/#logo","inLanguage":"es","url":"https:\/\/ifergangallery.com\/wp-content\/uploads\/2021\/09\/Imagotipo_blanco-e1637271379231.png","contentUrl":"https:\/\/ifergangallery.com\/wp-content\/uploads\/2021\/09\/Imagotipo_blanco-e1637271379231.png","width":1920,"height":1065,"caption":"Ifergan Gallery"},"image":{"@id":"https:\/\/ifergangallery.com\/#logo"}},{"@type":"WebSite","@id":"https:\/\/ifergangallery.com\/#website","url":"https:\/\/ifergangallery.com\/","name":"Ifergan Gallery","description":"Ancient Art Gallery","publisher":{"@id":"https:\/\/ifergangallery.com\/#organization"},"potentialAction":[{"@type":"SearchAction","target":{"@type":"EntryPoint","urlTemplate":"https:\/\/ifergangallery.com\/?s={search_term_string}"},"query-input":"required name=search_term_string"}],"inLanguage":"es"},{"@type":"ImageObject","@id":"https:\/\/ifergangallery.com\/es\/piece\/figura-romana-de-la-diosa-venus-en-bronce-periodo-imperial-siglos-i-ii-d-c\/#primaryimage","inLanguage":"es","url":"https:\/\/ifergangallery.com\/wp-content\/uploads\/2024\/11\/arte004-4.jpg","contentUrl":"https:\/\/ifergangallery.com\/wp-content\/uploads\/2024\/11\/arte004-4.jpg","width":2048,"height":2048},{"@type":"WebPage","@id":"https:\/\/ifergangallery.com\/es\/piece\/figura-romana-de-la-diosa-venus-en-bronce-periodo-imperial-siglos-i-ii-d-c\/#webpage","url":"https:\/\/ifergangallery.com\/es\/piece\/figura-romana-de-la-diosa-venus-en-bronce-periodo-imperial-siglos-i-ii-d-c\/","name":"Figura romana de la diosa Venus en bronce, Siglos I-II d.C.","isPartOf":{"@id":"https:\/\/ifergangallery.com\/#website"},"primaryImageOfPage":{"@id":"https:\/\/ifergangallery.com\/es\/piece\/figura-romana-de-la-diosa-venus-en-bronce-periodo-imperial-siglos-i-ii-d-c\/#primaryimage"},"datePublished":"2022-11-12T07:15:27+00:00","dateModified":"2026-02-03T12:44:02+00:00","description":"Impresionante representaci\u00f3n de la diosa Venus, que pose\u00eda una belleza tan sublime, que inspir\u00f3 mucha rivalidad entre los dioses.","breadcrumb":{"@id":"https:\/\/ifergangallery.com\/es\/piece\/figura-romana-de-la-diosa-venus-en-bronce-periodo-imperial-siglos-i-ii-d-c\/#breadcrumb"},"inLanguage":"es","potentialAction":[{"@type":"ReadAction","target":["https:\/\/ifergangallery.com\/es\/piece\/figura-romana-de-la-diosa-venus-en-bronce-periodo-imperial-siglos-i-ii-d-c\/"]}]},{"@type":"BreadcrumbList","@id":"https:\/\/ifergangallery.com\/es\/piece\/figura-romana-de-la-diosa-venus-en-bronce-periodo-imperial-siglos-i-ii-d-c\/#breadcrumb","itemListElement":[{"@type":"ListItem","position":1,"name":"Home","item":"https:\/\/ifergangallery.com\/es\/"},{"@type":"ListItem","position":2,"name":"Works of art","item":"https:\/\/ifergangallery.com\/es\/works_of_art\/"},{"@type":"ListItem","position":3,"name":"Figura romana de la diosa Venus en bronce, Periodo Imperial, Siglos I-II d.C."}]}]}},"_links":{"self":[{"href":"https:\/\/ifergangallery.com\/es\/wp-json\/wp\/v2\/product\/10869"}],"collection":[{"href":"https:\/\/ifergangallery.com\/es\/wp-json\/wp\/v2\/product"}],"about":[{"href":"https:\/\/ifergangallery.com\/es\/wp-json\/wp\/v2\/types\/product"}],"replies":[{"embeddable":true,"href":"https:\/\/ifergangallery.com\/es\/wp-json\/wp\/v2\/comments?post=10869"}],"wp:featuredmedia":[{"embeddable":true,"href":"https:\/\/ifergangallery.com\/es\/wp-json\/wp\/v2\/media\/15699"}],"wp:attachment":[{"href":"https:\/\/ifergangallery.com\/es\/wp-json\/wp\/v2\/media?parent=10869"}],"wp:term":[{"taxonomy":"product_cat","embeddable":true,"href":"https:\/\/ifergangallery.com\/es\/wp-json\/wp\/v2\/product_cat?post=10869"},{"taxonomy":"product_tag","embeddable":true,"href":"https:\/\/ifergangallery.com\/es\/wp-json\/wp\/v2\/product_tag?post=10869"}],"curies":[{"name":"wp","href":"https:\/\/api.w.org\/{rel}","templated":true}]}}