{"id":11681,"date":"2023-03-03T11:52:52","date_gmt":"2023-03-03T11:52:52","guid":{"rendered":"https:\/\/ifergangallery.com\/?post_type=product&#038;p=11681"},"modified":"2024-11-06T12:43:35","modified_gmt":"2024-11-06T12:43:35","slug":"figura-egipcia-de-un-ibis-andante-periodo-tardio-epoca-ptolemaica-664-30-a-c","status":"publish","type":"product","link":"https:\/\/ifergangallery.com\/es\/piece\/figura-egipcia-de-un-ibis-andante-periodo-tardio-epoca-ptolemaica-664-30-a-c\/","title":{"rendered":"Figura egipcia de un Ibis andante, Per\u00edodo Tard\u00edo-\u00c9poca Ptolemaica, 664-30 a.C."},"content":{"rendered":"<p style=\"text-align: justify;\">Esta majestuosa estatuilla representa al dios Thot en forma de ibis sagrado africano, modelado con la pata izquierda colocada delante de la derecha, en actitud de caminar cautelosamente a grandes zancadas por orillas pantanosas. El ibis, de cuerpo ovoide de madera, tiene el cuello y la cabeza de bronce fundido con un largo pico curvado y patas y pies bien detallados. El pico curvado del ibis se asemejaba a la luna creciente, por lo que esta ave se convirti\u00f3 en s\u00edmbolo del dios de la luna. La figura conserva detalles policromados en el cuerpo y la cola, ojos estilizados y algunos detalles en el pico. Las incrustaciones azul oscuro de la cola imitan las plumas oscuras del ibis sagrado. El ibis representaba a Thot, dios de la sabidur\u00eda, el conocimiento y la escritura.<\/p>\n<p style=\"text-align: justify;\">Las partes de bronce de esta pieza es probable que hayan sido realizadas mediante la t\u00e9cnica de la cera perdida, empleada para la estatuaria en el Antiguo Egipto desde el Reino Medio. Esta t\u00e9cnica consist\u00eda en moldear el objeto con cera de abeja, practicar en \u00e9l bebederos y cubrirlo con una fina capa de arcilla semil\u00edquida. Una vez que esta capa se hab\u00eda secado y endurecido, se calentaba en un brasero, de modo que la cera se consum\u00eda y dejaba una impresi\u00f3n hueca en la arcilla recalentada hasta convertirse en terracota. Entonces se vert\u00eda metal fundido de un crisol por los canalillos, con lo que se produc\u00eda una copia exacta del modelo original. Finalmente, se romp\u00eda el molde, se quitaba el metal sobrante y se pul\u00eda la figura. As\u00ed, con la t\u00e9cnica de la cera perdida, se vaciaban estatuas de oro, plata y bronce macizo.<\/p>","protected":false},"excerpt":{"rendered":"<p>Esta majestuosa estatuilla representa al dios Thot en forma de ibis sagrado africano, modelado con la pata izquierda colocada delante de la derecha, en actitud de caminar cautelosamente a grandes zancadas por orillas pantanosas. El ibis, de cuerpo ovoide de madera, tiene el cuello y la cabeza de bronce fundido con un largo pico curvado &hellip;<\/p>\n<p class=\"read-more\"> <a class=\"\" href=\"https:\/\/ifergangallery.com\/es\/piece\/figura-egipcia-de-un-ibis-andante-periodo-tardio-epoca-ptolemaica-664-30-a-c\/\"> <span class=\"screen-reader-text\">Figura egipcia de un Ibis andante, Per\u00edodo Tard\u00edo-\u00c9poca Ptolemaica, 664-30 a.C.<\/span> Leer m\u00e1s &raquo;<\/a><\/p>","protected":false},"featured_media":12772,"comment_status":"closed","ping_status":"closed","template":"","meta":{"spay_email":""},"product_cat":[110],"product_tag":[506,802],"yoast_head":"<!-- This site is optimized with the Yoast SEO Premium plugin v17.6 (Yoast SEO v17.6) - https:\/\/yoast.com\/wordpress\/plugins\/seo\/ -->\n<title>Figura egipcia de un Ibis andante, Per\u00edodo Tard\u00edo-\u00c9poca Ptolemaica, 664-30 a.C. &ndash; Ifergan Gallery<\/title>\n<meta name=\"robots\" content=\"index, follow, max-snippet:-1, max-image-preview:large, max-video-preview:-1\" \/>\n<link rel=\"canonical\" href=\"https:\/\/ifergangallery.com\/es\/piece\/figura-egipcia-de-un-ibis-andante-periodo-tardio-epoca-ptolemaica-664-30-a-c\/\" \/>\n<meta property=\"og:locale\" content=\"es_ES\" \/>\n<meta property=\"og:type\" content=\"article\" \/>\n<meta property=\"og:title\" content=\"Figura egipcia de un Ibis andante, Per\u00edodo Tard\u00edo-\u00c9poca Ptolemaica, 664-30 a.C.\" \/>\n<meta property=\"og:description\" content=\"Esta majestuosa estatuilla representa al dios Thot en forma de ibis sagrado africano, modelado con la pata izquierda colocada delante de la derecha, en actitud de caminar cautelosamente a grandes zancadas por orillas pantanosas. El ibis, de cuerpo ovoide de madera, tiene el cuello y la cabeza de bronce fundido con un largo pico curvado &hellip; Figura egipcia de un Ibis andante, Per\u00edodo Tard\u00edo-\u00c9poca Ptolemaica, 664-30 a.C. Leer m\u00e1s &raquo;\" \/>\n<meta property=\"og:url\" content=\"https:\/\/ifergangallery.com\/es\/piece\/figura-egipcia-de-un-ibis-andante-periodo-tardio-epoca-ptolemaica-664-30-a-c\/\" \/>\n<meta property=\"og:site_name\" content=\"Ifergan Gallery\" \/>\n<meta property=\"article:publisher\" content=\"https:\/\/www.facebook.com\/Ifergancollectionmalaga\" \/>\n<meta property=\"article:modified_time\" content=\"2024-11-06T12:43:35+00:00\" \/>\n<meta property=\"og:image\" content=\"https:\/\/ifergangallery.com\/wp-content\/uploads\/2023\/01\/tim001-2.jpg\" \/>\n\t<meta property=\"og:image:width\" content=\"2048\" \/>\n\t<meta property=\"og:image:height\" content=\"2048\" \/>\n<meta name=\"twitter:card\" content=\"summary_large_image\" \/>\n<meta name=\"twitter:site\" content=\"@Ifergangallery\" \/>\n<meta name=\"twitter:label1\" content=\"Tiempo de lectura\" \/>\n\t<meta name=\"twitter:data1\" content=\"2 minutos\" \/>\n<script type=\"application\/ld+json\" class=\"yoast-schema-graph\">{\"@context\":\"https:\/\/schema.org\",\"@graph\":[{\"@type\":\"Organization\",\"@id\":\"https:\/\/ifergangallery.com\/#organization\",\"name\":\"Ifergan Gallery\",\"url\":\"https:\/\/ifergangallery.com\/\",\"sameAs\":[\"https:\/\/www.facebook.com\/Ifergancollectionmalaga\",\"https:\/\/www.instagram.com\/ifergangallery\/\",\"https:\/\/www.youtube.com\/channel\/UC2O2zZ9BJKhbUFOnu_5mE3g\",\"https:\/\/twitter.com\/Ifergangallery\"],\"logo\":{\"@type\":\"ImageObject\",\"@id\":\"https:\/\/ifergangallery.com\/#logo\",\"inLanguage\":\"es\",\"url\":\"https:\/\/ifergangallery.com\/wp-content\/uploads\/2021\/09\/Imagotipo_blanco-e1637271379231.png\",\"contentUrl\":\"https:\/\/ifergangallery.com\/wp-content\/uploads\/2021\/09\/Imagotipo_blanco-e1637271379231.png\",\"width\":1920,\"height\":1065,\"caption\":\"Ifergan Gallery\"},\"image\":{\"@id\":\"https:\/\/ifergangallery.com\/#logo\"}},{\"@type\":\"WebSite\",\"@id\":\"https:\/\/ifergangallery.com\/#website\",\"url\":\"https:\/\/ifergangallery.com\/\",\"name\":\"Ifergan Gallery\",\"description\":\"Ancient Art Gallery\",\"publisher\":{\"@id\":\"https:\/\/ifergangallery.com\/#organization\"},\"potentialAction\":[{\"@type\":\"SearchAction\",\"target\":{\"@type\":\"EntryPoint\",\"urlTemplate\":\"https:\/\/ifergangallery.com\/?s={search_term_string}\"},\"query-input\":\"required name=search_term_string\"}],\"inLanguage\":\"es\"},{\"@type\":\"ImageObject\",\"@id\":\"https:\/\/ifergangallery.com\/es\/piece\/figura-egipcia-de-un-ibis-andante-periodo-tardio-epoca-ptolemaica-664-30-a-c\/#primaryimage\",\"inLanguage\":\"es\",\"url\":\"https:\/\/ifergangallery.com\/wp-content\/uploads\/2023\/01\/tim001-2.jpg\",\"contentUrl\":\"https:\/\/ifergangallery.com\/wp-content\/uploads\/2023\/01\/tim001-2.jpg\",\"width\":2048,\"height\":2048},{\"@type\":\"WebPage\",\"@id\":\"https:\/\/ifergangallery.com\/es\/piece\/figura-egipcia-de-un-ibis-andante-periodo-tardio-epoca-ptolemaica-664-30-a-c\/#webpage\",\"url\":\"https:\/\/ifergangallery.com\/es\/piece\/figura-egipcia-de-un-ibis-andante-periodo-tardio-epoca-ptolemaica-664-30-a-c\/\",\"name\":\"Figura egipcia de un Ibis andante, Per\\u00edodo Tard\\u00edo-\\u00c9poca Ptolemaica, 664-30 a.C. &ndash; Ifergan Gallery\",\"isPartOf\":{\"@id\":\"https:\/\/ifergangallery.com\/#website\"},\"primaryImageOfPage\":{\"@id\":\"https:\/\/ifergangallery.com\/es\/piece\/figura-egipcia-de-un-ibis-andante-periodo-tardio-epoca-ptolemaica-664-30-a-c\/#primaryimage\"},\"datePublished\":\"2023-03-03T11:52:52+00:00\",\"dateModified\":\"2024-11-06T12:43:35+00:00\",\"breadcrumb\":{\"@id\":\"https:\/\/ifergangallery.com\/es\/piece\/figura-egipcia-de-un-ibis-andante-periodo-tardio-epoca-ptolemaica-664-30-a-c\/#breadcrumb\"},\"inLanguage\":\"es\",\"potentialAction\":[{\"@type\":\"ReadAction\",\"target\":[\"https:\/\/ifergangallery.com\/es\/piece\/figura-egipcia-de-un-ibis-andante-periodo-tardio-epoca-ptolemaica-664-30-a-c\/\"]}]},{\"@type\":\"BreadcrumbList\",\"@id\":\"https:\/\/ifergangallery.com\/es\/piece\/figura-egipcia-de-un-ibis-andante-periodo-tardio-epoca-ptolemaica-664-30-a-c\/#breadcrumb\",\"itemListElement\":[{\"@type\":\"ListItem\",\"position\":1,\"name\":\"Home\",\"item\":\"https:\/\/ifergangallery.com\/es\/\"},{\"@type\":\"ListItem\",\"position\":2,\"name\":\"Works of art\",\"item\":\"https:\/\/ifergangallery.com\/es\/works_of_art\/\"},{\"@type\":\"ListItem\",\"position\":3,\"name\":\"Figura egipcia de un Ibis andante, Per\\u00edodo Tard\\u00edo-\\u00c9poca Ptolemaica, 664-30 a.C.\"}]}]}<\/script>\n<!-- \/ Yoast SEO Premium plugin. -->","yoast_head_json":{"title":"Figura egipcia de un Ibis andante, Per\u00edodo Tard\u00edo-\u00c9poca Ptolemaica, 664-30 a.C. &ndash; Ifergan Gallery","robots":{"index":"index","follow":"follow","max-snippet":"max-snippet:-1","max-image-preview":"max-image-preview:large","max-video-preview":"max-video-preview:-1"},"canonical":"https:\/\/ifergangallery.com\/es\/piece\/figura-egipcia-de-un-ibis-andante-periodo-tardio-epoca-ptolemaica-664-30-a-c\/","og_locale":"es_ES","og_type":"article","og_title":"Figura egipcia de un Ibis andante, Per\u00edodo Tard\u00edo-\u00c9poca Ptolemaica, 664-30 a.C.","og_description":"Esta majestuosa estatuilla representa al dios Thot en forma de ibis sagrado africano, modelado con la pata izquierda colocada delante de la derecha, en actitud de caminar cautelosamente a grandes zancadas por orillas pantanosas. El ibis, de cuerpo ovoide de madera, tiene el cuello y la cabeza de bronce fundido con un largo pico curvado &hellip; Figura egipcia de un Ibis andante, Per\u00edodo Tard\u00edo-\u00c9poca Ptolemaica, 664-30 a.C. Leer m\u00e1s &raquo;","og_url":"https:\/\/ifergangallery.com\/es\/piece\/figura-egipcia-de-un-ibis-andante-periodo-tardio-epoca-ptolemaica-664-30-a-c\/","og_site_name":"Ifergan Gallery","article_publisher":"https:\/\/www.facebook.com\/Ifergancollectionmalaga","article_modified_time":"2024-11-06T12:43:35+00:00","og_image":[{"width":2048,"height":2048,"url":"https:\/\/ifergangallery.com\/wp-content\/uploads\/2023\/01\/tim001-2.jpg","type":"image\/jpeg"}],"twitter_card":"summary_large_image","twitter_site":"@Ifergangallery","twitter_misc":{"Tiempo de lectura":"2 minutos"},"schema":{"@context":"https:\/\/schema.org","@graph":[{"@type":"Organization","@id":"https:\/\/ifergangallery.com\/#organization","name":"Ifergan Gallery","url":"https:\/\/ifergangallery.com\/","sameAs":["https:\/\/www.facebook.com\/Ifergancollectionmalaga","https:\/\/www.instagram.com\/ifergangallery\/","https:\/\/www.youtube.com\/channel\/UC2O2zZ9BJKhbUFOnu_5mE3g","https:\/\/twitter.com\/Ifergangallery"],"logo":{"@type":"ImageObject","@id":"https:\/\/ifergangallery.com\/#logo","inLanguage":"es","url":"https:\/\/ifergangallery.com\/wp-content\/uploads\/2021\/09\/Imagotipo_blanco-e1637271379231.png","contentUrl":"https:\/\/ifergangallery.com\/wp-content\/uploads\/2021\/09\/Imagotipo_blanco-e1637271379231.png","width":1920,"height":1065,"caption":"Ifergan Gallery"},"image":{"@id":"https:\/\/ifergangallery.com\/#logo"}},{"@type":"WebSite","@id":"https:\/\/ifergangallery.com\/#website","url":"https:\/\/ifergangallery.com\/","name":"Ifergan Gallery","description":"Ancient Art Gallery","publisher":{"@id":"https:\/\/ifergangallery.com\/#organization"},"potentialAction":[{"@type":"SearchAction","target":{"@type":"EntryPoint","urlTemplate":"https:\/\/ifergangallery.com\/?s={search_term_string}"},"query-input":"required name=search_term_string"}],"inLanguage":"es"},{"@type":"ImageObject","@id":"https:\/\/ifergangallery.com\/es\/piece\/figura-egipcia-de-un-ibis-andante-periodo-tardio-epoca-ptolemaica-664-30-a-c\/#primaryimage","inLanguage":"es","url":"https:\/\/ifergangallery.com\/wp-content\/uploads\/2023\/01\/tim001-2.jpg","contentUrl":"https:\/\/ifergangallery.com\/wp-content\/uploads\/2023\/01\/tim001-2.jpg","width":2048,"height":2048},{"@type":"WebPage","@id":"https:\/\/ifergangallery.com\/es\/piece\/figura-egipcia-de-un-ibis-andante-periodo-tardio-epoca-ptolemaica-664-30-a-c\/#webpage","url":"https:\/\/ifergangallery.com\/es\/piece\/figura-egipcia-de-un-ibis-andante-periodo-tardio-epoca-ptolemaica-664-30-a-c\/","name":"Figura egipcia de un Ibis andante, Per\u00edodo Tard\u00edo-\u00c9poca Ptolemaica, 664-30 a.C. &ndash; Ifergan Gallery","isPartOf":{"@id":"https:\/\/ifergangallery.com\/#website"},"primaryImageOfPage":{"@id":"https:\/\/ifergangallery.com\/es\/piece\/figura-egipcia-de-un-ibis-andante-periodo-tardio-epoca-ptolemaica-664-30-a-c\/#primaryimage"},"datePublished":"2023-03-03T11:52:52+00:00","dateModified":"2024-11-06T12:43:35+00:00","breadcrumb":{"@id":"https:\/\/ifergangallery.com\/es\/piece\/figura-egipcia-de-un-ibis-andante-periodo-tardio-epoca-ptolemaica-664-30-a-c\/#breadcrumb"},"inLanguage":"es","potentialAction":[{"@type":"ReadAction","target":["https:\/\/ifergangallery.com\/es\/piece\/figura-egipcia-de-un-ibis-andante-periodo-tardio-epoca-ptolemaica-664-30-a-c\/"]}]},{"@type":"BreadcrumbList","@id":"https:\/\/ifergangallery.com\/es\/piece\/figura-egipcia-de-un-ibis-andante-periodo-tardio-epoca-ptolemaica-664-30-a-c\/#breadcrumb","itemListElement":[{"@type":"ListItem","position":1,"name":"Home","item":"https:\/\/ifergangallery.com\/es\/"},{"@type":"ListItem","position":2,"name":"Works of art","item":"https:\/\/ifergangallery.com\/es\/works_of_art\/"},{"@type":"ListItem","position":3,"name":"Figura egipcia de un Ibis andante, Per\u00edodo Tard\u00edo-\u00c9poca Ptolemaica, 664-30 a.C."}]}]}},"_links":{"self":[{"href":"https:\/\/ifergangallery.com\/es\/wp-json\/wp\/v2\/product\/11681"}],"collection":[{"href":"https:\/\/ifergangallery.com\/es\/wp-json\/wp\/v2\/product"}],"about":[{"href":"https:\/\/ifergangallery.com\/es\/wp-json\/wp\/v2\/types\/product"}],"replies":[{"embeddable":true,"href":"https:\/\/ifergangallery.com\/es\/wp-json\/wp\/v2\/comments?post=11681"}],"wp:featuredmedia":[{"embeddable":true,"href":"https:\/\/ifergangallery.com\/es\/wp-json\/wp\/v2\/media\/12772"}],"wp:attachment":[{"href":"https:\/\/ifergangallery.com\/es\/wp-json\/wp\/v2\/media?parent=11681"}],"wp:term":[{"taxonomy":"product_cat","embeddable":true,"href":"https:\/\/ifergangallery.com\/es\/wp-json\/wp\/v2\/product_cat?post=11681"},{"taxonomy":"product_tag","embeddable":true,"href":"https:\/\/ifergangallery.com\/es\/wp-json\/wp\/v2\/product_tag?post=11681"}],"curies":[{"name":"wp","href":"https:\/\/api.w.org\/{rel}","templated":true}]}}