{"id":12067,"date":"2023-06-06T10:34:13","date_gmt":"2023-06-06T10:34:13","guid":{"rendered":"https:\/\/ifergangallery.com\/?post_type=product&#038;p=12067"},"modified":"2024-11-06T14:22:49","modified_gmt":"2024-11-06T14:22:49","slug":"tablero-lateral-de-una-caja-de-ushebti-o-cofre-canopo-antiguo-egipto-periodo-ptolemaico-romano-siglo-i-a-c-siglo-i-d-c","status":"publish","type":"product","link":"https:\/\/ifergangallery.com\/es\/piece\/tablero-lateral-de-una-caja-de-ushebti-o-cofre-canopo-antiguo-egipto-periodo-ptolemaico-romano-siglo-i-a-c-siglo-i-d-c\/","title":{"rendered":"Tablero lateral de una caja de ushebti o cofre canopo, Antiguo Egipto, Per\u00edodo Ptolemaico-romano, Siglo I a.C.-Siglo I d.C."},"content":{"rendered":"<p style=\"text-align: justify;\">Panel rectangular estrecho de una caja de ushebti o cofre canopo coronado en la parte superior por un segmento circular. En el front\u00f3n arqueado un disco solar alado, debajo en dos registros separados por bandas ornamentales con signos celestes, un f\u00e9retro en forma de le\u00f3n con la momia del difunto como parte del rito de embalsamamiento y el dios del inframundo con cabeza de halc\u00f3n Ptah-Sokar-Osiris con columnas de jerogl\u00edficos.<\/p>\n<p style=\"text-align: justify;\">En el antiguo Egipto, la figura del le\u00f3n es muy frecuente en la iconograf\u00eda para encarnar a algunas divinidades y al propio rey. Tradicionalmente el le\u00f3n represent\u00f3 el poder, la ferocidad, la protecci\u00f3n y fue s\u00edmbolo de soberan\u00eda, encarnando la fuerza, el valor y la defensa.<\/p>\n<p style=\"text-align: justify;\">Por otro lado, vemos al dios del inframundo con cabeza de halc\u00f3n Ptah-Sokar-Osiris con columnas de jerogl\u00edficos. Sokar era el Dios de la oscuridad, del Mundo Inferior (Duat), del que guardaba la puerta de acceso, y dios la decadencia en la tierra. Fue adorado como dios de la tierra y la fertilidad y se le atribu\u00eda la barca henu, que conduc\u00eda al muerto hacia las regiones celestes. A partir del Reino Nuevo se le representa como halc\u00f3n, o como momia con cabeza de halc\u00f3n, corona atef y sentado sobre una piedra. Cuando Ptah se convirti\u00f3 en el patr\u00f3n de la ciudad de Menfis ambos dioses se fundieron en Ptah-Sokar. A partir del Tercer Periodo Intermedio fue asociado a Ptah y Osiris, formando la divinidad Ptah-Sokar-Osiris, que reun\u00eda las funciones de creaci\u00f3n, metamorfosis y renacimiento.<\/p>\n<p style=\"text-align: justify;\">El aumento del n\u00famero de figurillas shabti colocadas en la tumba llev\u00f3 a la creaci\u00f3n de contenedores especiales para ellas: las cajas shabti. En el periodo ram\u00e9sida (Dinast\u00edas XIX y XX) su estructura era sencilla, pero el continuo aumento de su n\u00famero hizo que pasaran de dos a tres compartimentos.<\/p>\n<p style=\"text-align: justify;\">Algunos recipientes altos de madera del periodo ptolemaico se identifican a veces err\u00f3neamente como cajas shabti, aunque parecen ser la \u00faltima forma de contenedor canopo, o cofres altos para los \u00f3rganos internos del cuerpo momificado por separado. Los recipientes del tipo canopo, que se hab\u00edan utilizado durante miles de a\u00f1os, llegaron a su fin en alg\u00fan momento del periodo ptolemaico (griego). Se conocen muy pocos c\u00e1ntaros ptolemaicos, pero parece que fueron sustituidos por peque\u00f1os cofres altos parecidos a santuarios. Estaban pintadas con colores brillantes, decoradas con im\u00e1genes de los genios y coronadas por peque\u00f1as estatuas de un halc\u00f3n en cuclillas.<\/p>\n<p style=\"text-align: justify;\">Podemos encontrar ejemplos similares en\u00a0 The Metropolitan Museum, n\u00famero de acceso 86.1.14; The British Museum, n\u00fameros EA41548, EA54090 y <a href=\"https:\/\/www.britishmuseum.org\/collection\/object\/Y_EA8535\" target=\"_blank\" rel=\"noopener\">EA8535.<\/a><\/p>","protected":false},"excerpt":{"rendered":"<p>Panel rectangular estrecho de una caja de ushebti o cofre canopo coronado en la parte superior por un segmento circular. En el front\u00f3n arqueado un disco solar alado, debajo en dos registros separados por bandas ornamentales con signos celestes, un f\u00e9retro en forma de le\u00f3n con la momia del difunto como parte del rito de &hellip;<\/p>\n<p class=\"read-more\"> <a class=\"\" href=\"https:\/\/ifergangallery.com\/es\/piece\/tablero-lateral-de-una-caja-de-ushebti-o-cofre-canopo-antiguo-egipto-periodo-ptolemaico-romano-siglo-i-a-c-siglo-i-d-c\/\"> <span class=\"screen-reader-text\">Tablero lateral de una caja de ushebti o cofre canopo, Antiguo Egipto, Per\u00edodo Ptolemaico-romano, Siglo I a.C.-Siglo I d.C.<\/span> Leer m\u00e1s &raquo;<\/a><\/p>","protected":false},"featured_media":13232,"comment_status":"closed","ping_status":"closed","template":"","meta":{"spay_email":""},"product_cat":[110],"product_tag":[742,741,581],"yoast_head":"<!-- This site is optimized with the Yoast SEO Premium plugin v17.6 (Yoast SEO v17.6) - https:\/\/yoast.com\/wordpress\/plugins\/seo\/ -->\n<title>Tablero lateral de madera de una caja de ushebti o cofre canopo<\/title>\n<meta name=\"description\" content=\"Panel rectangular estrecho de una caja de ushebti o cofre canopo coronado en la parte superior por un segmento circular.\" \/>\n<meta name=\"robots\" content=\"index, follow, max-snippet:-1, max-image-preview:large, max-video-preview:-1\" \/>\n<link rel=\"canonical\" href=\"https:\/\/ifergangallery.com\/es\/piece\/tablero-lateral-de-una-caja-de-ushebti-o-cofre-canopo-antiguo-egipto-periodo-ptolemaico-romano-siglo-i-a-c-siglo-i-d-c\/\" \/>\n<meta property=\"og:locale\" content=\"es_ES\" \/>\n<meta property=\"og:type\" content=\"article\" \/>\n<meta property=\"og:title\" content=\"Tablero lateral de una caja de ushebti o cofre canopo, Antiguo Egipto, Per\u00edodo Ptolemaico-romano, Siglo I a.C.-Siglo I d.C.\" \/>\n<meta property=\"og:description\" content=\"Panel rectangular estrecho de una caja de ushebti o cofre canopo coronado en la parte superior por un segmento circular.\" \/>\n<meta property=\"og:url\" content=\"https:\/\/ifergangallery.com\/es\/piece\/tablero-lateral-de-una-caja-de-ushebti-o-cofre-canopo-antiguo-egipto-periodo-ptolemaico-romano-siglo-i-a-c-siglo-i-d-c\/\" \/>\n<meta property=\"og:site_name\" content=\"Ifergan Gallery\" \/>\n<meta property=\"article:publisher\" content=\"https:\/\/www.facebook.com\/Ifergancollectionmalaga\" \/>\n<meta property=\"article:modified_time\" content=\"2024-11-06T14:22:49+00:00\" \/>\n<meta property=\"og:image\" content=\"https:\/\/ifergangallery.com\/wp-content\/uploads\/2023\/01\/gor008-2-1.jpg\" \/>\n\t<meta property=\"og:image:width\" content=\"2048\" \/>\n\t<meta property=\"og:image:height\" content=\"2048\" \/>\n<meta name=\"twitter:card\" content=\"summary_large_image\" \/>\n<meta name=\"twitter:site\" content=\"@Ifergangallery\" \/>\n<meta name=\"twitter:label1\" content=\"Tiempo de lectura\" \/>\n\t<meta name=\"twitter:data1\" content=\"2 minutos\" \/>\n<script type=\"application\/ld+json\" class=\"yoast-schema-graph\">{\"@context\":\"https:\/\/schema.org\",\"@graph\":[{\"@type\":\"Organization\",\"@id\":\"https:\/\/ifergangallery.com\/#organization\",\"name\":\"Ifergan Gallery\",\"url\":\"https:\/\/ifergangallery.com\/\",\"sameAs\":[\"https:\/\/www.facebook.com\/Ifergancollectionmalaga\",\"https:\/\/www.instagram.com\/ifergangallery\/\",\"https:\/\/www.youtube.com\/channel\/UC2O2zZ9BJKhbUFOnu_5mE3g\",\"https:\/\/twitter.com\/Ifergangallery\"],\"logo\":{\"@type\":\"ImageObject\",\"@id\":\"https:\/\/ifergangallery.com\/#logo\",\"inLanguage\":\"es\",\"url\":\"https:\/\/ifergangallery.com\/wp-content\/uploads\/2021\/09\/Imagotipo_blanco-e1637271379231.png\",\"contentUrl\":\"https:\/\/ifergangallery.com\/wp-content\/uploads\/2021\/09\/Imagotipo_blanco-e1637271379231.png\",\"width\":1920,\"height\":1065,\"caption\":\"Ifergan Gallery\"},\"image\":{\"@id\":\"https:\/\/ifergangallery.com\/#logo\"}},{\"@type\":\"WebSite\",\"@id\":\"https:\/\/ifergangallery.com\/#website\",\"url\":\"https:\/\/ifergangallery.com\/\",\"name\":\"Ifergan Gallery\",\"description\":\"Ancient Art Gallery\",\"publisher\":{\"@id\":\"https:\/\/ifergangallery.com\/#organization\"},\"potentialAction\":[{\"@type\":\"SearchAction\",\"target\":{\"@type\":\"EntryPoint\",\"urlTemplate\":\"https:\/\/ifergangallery.com\/?s={search_term_string}\"},\"query-input\":\"required name=search_term_string\"}],\"inLanguage\":\"es\"},{\"@type\":\"ImageObject\",\"@id\":\"https:\/\/ifergangallery.com\/es\/piece\/tablero-lateral-de-una-caja-de-ushebti-o-cofre-canopo-antiguo-egipto-periodo-ptolemaico-romano-siglo-i-a-c-siglo-i-d-c\/#primaryimage\",\"inLanguage\":\"es\",\"url\":\"https:\/\/ifergangallery.com\/wp-content\/uploads\/2023\/01\/gor008-2-1.jpg\",\"contentUrl\":\"https:\/\/ifergangallery.com\/wp-content\/uploads\/2023\/01\/gor008-2-1.jpg\",\"width\":2048,\"height\":2048,\"caption\":\"Panel rectangular estrecho de una caja de ushebti o cofre canopo\"},{\"@type\":\"WebPage\",\"@id\":\"https:\/\/ifergangallery.com\/es\/piece\/tablero-lateral-de-una-caja-de-ushebti-o-cofre-canopo-antiguo-egipto-periodo-ptolemaico-romano-siglo-i-a-c-siglo-i-d-c\/#webpage\",\"url\":\"https:\/\/ifergangallery.com\/es\/piece\/tablero-lateral-de-una-caja-de-ushebti-o-cofre-canopo-antiguo-egipto-periodo-ptolemaico-romano-siglo-i-a-c-siglo-i-d-c\/\",\"name\":\"Tablero lateral de madera de una caja de ushebti o cofre canopo\",\"isPartOf\":{\"@id\":\"https:\/\/ifergangallery.com\/#website\"},\"primaryImageOfPage\":{\"@id\":\"https:\/\/ifergangallery.com\/es\/piece\/tablero-lateral-de-una-caja-de-ushebti-o-cofre-canopo-antiguo-egipto-periodo-ptolemaico-romano-siglo-i-a-c-siglo-i-d-c\/#primaryimage\"},\"datePublished\":\"2023-06-06T10:34:13+00:00\",\"dateModified\":\"2024-11-06T14:22:49+00:00\",\"description\":\"Panel rectangular estrecho de una caja de ushebti o cofre canopo coronado en la parte superior por un segmento circular.\",\"breadcrumb\":{\"@id\":\"https:\/\/ifergangallery.com\/es\/piece\/tablero-lateral-de-una-caja-de-ushebti-o-cofre-canopo-antiguo-egipto-periodo-ptolemaico-romano-siglo-i-a-c-siglo-i-d-c\/#breadcrumb\"},\"inLanguage\":\"es\",\"potentialAction\":[{\"@type\":\"ReadAction\",\"target\":[\"https:\/\/ifergangallery.com\/es\/piece\/tablero-lateral-de-una-caja-de-ushebti-o-cofre-canopo-antiguo-egipto-periodo-ptolemaico-romano-siglo-i-a-c-siglo-i-d-c\/\"]}]},{\"@type\":\"BreadcrumbList\",\"@id\":\"https:\/\/ifergangallery.com\/es\/piece\/tablero-lateral-de-una-caja-de-ushebti-o-cofre-canopo-antiguo-egipto-periodo-ptolemaico-romano-siglo-i-a-c-siglo-i-d-c\/#breadcrumb\",\"itemListElement\":[{\"@type\":\"ListItem\",\"position\":1,\"name\":\"Home\",\"item\":\"https:\/\/ifergangallery.com\/es\/\"},{\"@type\":\"ListItem\",\"position\":2,\"name\":\"Works of art\",\"item\":\"https:\/\/ifergangallery.com\/es\/works_of_art\/\"},{\"@type\":\"ListItem\",\"position\":3,\"name\":\"Tablero lateral de una caja de ushebti o cofre canopo, Antiguo Egipto, Per\\u00edodo Ptolemaico-romano, Siglo I a.C.-Siglo I d.C.\"}]}]}<\/script>\n<!-- \/ Yoast SEO Premium plugin. -->","yoast_head_json":{"title":"Tablero lateral de madera de una caja de ushebti o cofre canopo","description":"Panel rectangular estrecho de una caja de ushebti o cofre canopo coronado en la parte superior por un segmento circular.","robots":{"index":"index","follow":"follow","max-snippet":"max-snippet:-1","max-image-preview":"max-image-preview:large","max-video-preview":"max-video-preview:-1"},"canonical":"https:\/\/ifergangallery.com\/es\/piece\/tablero-lateral-de-una-caja-de-ushebti-o-cofre-canopo-antiguo-egipto-periodo-ptolemaico-romano-siglo-i-a-c-siglo-i-d-c\/","og_locale":"es_ES","og_type":"article","og_title":"Tablero lateral de una caja de ushebti o cofre canopo, Antiguo Egipto, Per\u00edodo Ptolemaico-romano, Siglo I a.C.-Siglo I d.C.","og_description":"Panel rectangular estrecho de una caja de ushebti o cofre canopo coronado en la parte superior por un segmento circular.","og_url":"https:\/\/ifergangallery.com\/es\/piece\/tablero-lateral-de-una-caja-de-ushebti-o-cofre-canopo-antiguo-egipto-periodo-ptolemaico-romano-siglo-i-a-c-siglo-i-d-c\/","og_site_name":"Ifergan Gallery","article_publisher":"https:\/\/www.facebook.com\/Ifergancollectionmalaga","article_modified_time":"2024-11-06T14:22:49+00:00","og_image":[{"width":2048,"height":2048,"url":"https:\/\/ifergangallery.com\/wp-content\/uploads\/2023\/01\/gor008-2-1.jpg","type":"image\/jpeg"}],"twitter_card":"summary_large_image","twitter_site":"@Ifergangallery","twitter_misc":{"Tiempo de lectura":"2 minutos"},"schema":{"@context":"https:\/\/schema.org","@graph":[{"@type":"Organization","@id":"https:\/\/ifergangallery.com\/#organization","name":"Ifergan Gallery","url":"https:\/\/ifergangallery.com\/","sameAs":["https:\/\/www.facebook.com\/Ifergancollectionmalaga","https:\/\/www.instagram.com\/ifergangallery\/","https:\/\/www.youtube.com\/channel\/UC2O2zZ9BJKhbUFOnu_5mE3g","https:\/\/twitter.com\/Ifergangallery"],"logo":{"@type":"ImageObject","@id":"https:\/\/ifergangallery.com\/#logo","inLanguage":"es","url":"https:\/\/ifergangallery.com\/wp-content\/uploads\/2021\/09\/Imagotipo_blanco-e1637271379231.png","contentUrl":"https:\/\/ifergangallery.com\/wp-content\/uploads\/2021\/09\/Imagotipo_blanco-e1637271379231.png","width":1920,"height":1065,"caption":"Ifergan Gallery"},"image":{"@id":"https:\/\/ifergangallery.com\/#logo"}},{"@type":"WebSite","@id":"https:\/\/ifergangallery.com\/#website","url":"https:\/\/ifergangallery.com\/","name":"Ifergan Gallery","description":"Ancient Art Gallery","publisher":{"@id":"https:\/\/ifergangallery.com\/#organization"},"potentialAction":[{"@type":"SearchAction","target":{"@type":"EntryPoint","urlTemplate":"https:\/\/ifergangallery.com\/?s={search_term_string}"},"query-input":"required name=search_term_string"}],"inLanguage":"es"},{"@type":"ImageObject","@id":"https:\/\/ifergangallery.com\/es\/piece\/tablero-lateral-de-una-caja-de-ushebti-o-cofre-canopo-antiguo-egipto-periodo-ptolemaico-romano-siglo-i-a-c-siglo-i-d-c\/#primaryimage","inLanguage":"es","url":"https:\/\/ifergangallery.com\/wp-content\/uploads\/2023\/01\/gor008-2-1.jpg","contentUrl":"https:\/\/ifergangallery.com\/wp-content\/uploads\/2023\/01\/gor008-2-1.jpg","width":2048,"height":2048,"caption":"Panel rectangular estrecho de una caja de ushebti o cofre canopo"},{"@type":"WebPage","@id":"https:\/\/ifergangallery.com\/es\/piece\/tablero-lateral-de-una-caja-de-ushebti-o-cofre-canopo-antiguo-egipto-periodo-ptolemaico-romano-siglo-i-a-c-siglo-i-d-c\/#webpage","url":"https:\/\/ifergangallery.com\/es\/piece\/tablero-lateral-de-una-caja-de-ushebti-o-cofre-canopo-antiguo-egipto-periodo-ptolemaico-romano-siglo-i-a-c-siglo-i-d-c\/","name":"Tablero lateral de madera de una caja de ushebti o cofre canopo","isPartOf":{"@id":"https:\/\/ifergangallery.com\/#website"},"primaryImageOfPage":{"@id":"https:\/\/ifergangallery.com\/es\/piece\/tablero-lateral-de-una-caja-de-ushebti-o-cofre-canopo-antiguo-egipto-periodo-ptolemaico-romano-siglo-i-a-c-siglo-i-d-c\/#primaryimage"},"datePublished":"2023-06-06T10:34:13+00:00","dateModified":"2024-11-06T14:22:49+00:00","description":"Panel rectangular estrecho de una caja de ushebti o cofre canopo coronado en la parte superior por un segmento circular.","breadcrumb":{"@id":"https:\/\/ifergangallery.com\/es\/piece\/tablero-lateral-de-una-caja-de-ushebti-o-cofre-canopo-antiguo-egipto-periodo-ptolemaico-romano-siglo-i-a-c-siglo-i-d-c\/#breadcrumb"},"inLanguage":"es","potentialAction":[{"@type":"ReadAction","target":["https:\/\/ifergangallery.com\/es\/piece\/tablero-lateral-de-una-caja-de-ushebti-o-cofre-canopo-antiguo-egipto-periodo-ptolemaico-romano-siglo-i-a-c-siglo-i-d-c\/"]}]},{"@type":"BreadcrumbList","@id":"https:\/\/ifergangallery.com\/es\/piece\/tablero-lateral-de-una-caja-de-ushebti-o-cofre-canopo-antiguo-egipto-periodo-ptolemaico-romano-siglo-i-a-c-siglo-i-d-c\/#breadcrumb","itemListElement":[{"@type":"ListItem","position":1,"name":"Home","item":"https:\/\/ifergangallery.com\/es\/"},{"@type":"ListItem","position":2,"name":"Works of art","item":"https:\/\/ifergangallery.com\/es\/works_of_art\/"},{"@type":"ListItem","position":3,"name":"Tablero lateral de una caja de ushebti o cofre canopo, Antiguo Egipto, Per\u00edodo Ptolemaico-romano, Siglo I a.C.-Siglo I d.C."}]}]}},"_links":{"self":[{"href":"https:\/\/ifergangallery.com\/es\/wp-json\/wp\/v2\/product\/12067"}],"collection":[{"href":"https:\/\/ifergangallery.com\/es\/wp-json\/wp\/v2\/product"}],"about":[{"href":"https:\/\/ifergangallery.com\/es\/wp-json\/wp\/v2\/types\/product"}],"replies":[{"embeddable":true,"href":"https:\/\/ifergangallery.com\/es\/wp-json\/wp\/v2\/comments?post=12067"}],"wp:featuredmedia":[{"embeddable":true,"href":"https:\/\/ifergangallery.com\/es\/wp-json\/wp\/v2\/media\/13232"}],"wp:attachment":[{"href":"https:\/\/ifergangallery.com\/es\/wp-json\/wp\/v2\/media?parent=12067"}],"wp:term":[{"taxonomy":"product_cat","embeddable":true,"href":"https:\/\/ifergangallery.com\/es\/wp-json\/wp\/v2\/product_cat?post=12067"},{"taxonomy":"product_tag","embeddable":true,"href":"https:\/\/ifergangallery.com\/es\/wp-json\/wp\/v2\/product_tag?post=12067"}],"curies":[{"name":"wp","href":"https:\/\/api.w.org\/{rel}","templated":true}]}}