{"id":12087,"date":"2021-02-09T10:51:38","date_gmt":"2021-02-09T10:51:38","guid":{"rendered":"https:\/\/ifergangallery.com\/?post_type=product&#038;p=12087"},"modified":"2025-03-20T10:24:34","modified_gmt":"2025-03-20T10:24:34","slug":"figura-de-un-caballo-en-terracota-policromada-china-dinastia-tang-618-906-d-c","status":"publish","type":"product","link":"https:\/\/ifergangallery.com\/es\/piece\/figura-de-un-caballo-en-terracota-policromada-china-dinastia-tang-618-906-d-c\/","title":{"rendered":"Figura de un caballo en terracota policromada, China, Dinast\u00eda Tang, 618-906 d.C."},"content":{"rendered":"<p style=\"text-align: justify;\">Figura de un caballo, realizada en terracota policromada, seguramente con los habituales engobes de la \u00e9poca (aplicados en fr\u00edo). Debido a sus caracter\u00edsticas est\u00e9ticas y al tipo de figura que es posiblemente, haya formado parte de un ajuar funerario de alg\u00fan miembro destacado de \u00e9poca de la Dinast\u00eda Tang. La pieza ha sido captada por el escultor con gran naturalismo que se aprecia especialmente en el detalle el rostro y en la posici\u00f3n del animal, con piernas abiertas. Una caracter\u00edstica que aporta movimiento y actitud activa a la figura.<\/p>\n<p style=\"text-align: justify;\">Adem\u00e1s de figuras humanas, las estatuillas de terracota encontradas en los enterramientos tambi\u00e9n pod\u00edan adoptar la forma de animales considerados esenciales incluso en la otra vida, como los caballos. Los caballos se consideraban de vital importancia en la cultura de la antigua China por su utilidad tanto en la guerra como en la vida cotidiana; por ello, aparecen con frecuencia en forma de terracota, en los enterramientos chinos de todos los siglos, con la esperanza de que tambi\u00e9n pudieran pasar a la otra vida.<\/p>\n<p style=\"text-align: justify;\">El caballo de Fergana fue una de las primeras importaciones importantes de China, originarias de una zona de Asia Central. Estos caballos, representados en las figuras de barro de las tumbas de la dinast\u00eda Tang, &#8220;tambi\u00e9n se conocen como el &#8220;caballo celestial&#8221; en China o el caballo Niseano en Occidente.<\/p>\n<p style=\"text-align: justify;\">Las estatuas y pinturas chinas indican que estos caballos ten\u00edan patas proporcionalmente cortas, crestas poderosas y barriles redondos. Las patas delanteras de las representaciones chinas son muy rectas, parecidas al caballo Guoxia de la China actual.<\/p>","protected":false},"excerpt":{"rendered":"<p>Figura de un caballo, realizada en terracota policromada, seguramente con los habituales engobes de la \u00e9poca (aplicados en fr\u00edo). Debido a sus caracter\u00edsticas est\u00e9ticas y al tipo de figura que es posiblemente, haya formado parte de un ajuar funerario de alg\u00fan miembro destacado de \u00e9poca de la Dinast\u00eda Tang. La pieza ha sido captada por &hellip;<\/p>\n<p class=\"read-more\"> <a class=\"\" href=\"https:\/\/ifergangallery.com\/es\/piece\/figura-de-un-caballo-en-terracota-policromada-china-dinastia-tang-618-906-d-c\/\"> <span class=\"screen-reader-text\">Figura de un caballo en terracota policromada, China, Dinast\u00eda Tang, 618-906 d.C.<\/span> Leer m\u00e1s &raquo;<\/a><\/p>","protected":false},"featured_media":12401,"comment_status":"closed","ping_status":"closed","template":"","meta":{"spay_email":""},"product_cat":[661],"product_tag":[807],"yoast_head":"<!-- This site is optimized with the Yoast SEO Premium plugin v17.6 (Yoast SEO v17.6) - https:\/\/yoast.com\/wordpress\/plugins\/seo\/ -->\n<title>Figura de un caballo en terracota, China, Dinast\u00eda Tang, 618-906 d.C<\/title>\n<meta name=\"description\" content=\"Figura china de un caballo, realizada en terracota policromada, seguramente con los habituales engobes de la \u00e9poca.\" \/>\n<meta name=\"robots\" content=\"index, follow, max-snippet:-1, max-image-preview:large, max-video-preview:-1\" \/>\n<link rel=\"canonical\" href=\"https:\/\/ifergangallery.com\/es\/piece\/figura-de-un-caballo-en-terracota-policromada-china-dinastia-tang-618-906-d-c\/\" \/>\n<meta property=\"og:locale\" content=\"es_ES\" \/>\n<meta property=\"og:type\" content=\"article\" \/>\n<meta property=\"og:title\" content=\"Figura de un caballo en terracota policromada, China, Dinast\u00eda Tang, 618-906 d.C.\" \/>\n<meta property=\"og:description\" content=\"Figura china de un caballo, realizada en terracota policromada, seguramente con los habituales engobes de la \u00e9poca.\" \/>\n<meta property=\"og:url\" content=\"https:\/\/ifergangallery.com\/es\/piece\/figura-de-un-caballo-en-terracota-policromada-china-dinastia-tang-618-906-d-c\/\" \/>\n<meta property=\"og:site_name\" content=\"Ifergan Gallery\" \/>\n<meta property=\"article:publisher\" content=\"https:\/\/www.facebook.com\/Ifergancollectionmalaga\" \/>\n<meta property=\"article:modified_time\" content=\"2025-03-20T10:24:34+00:00\" \/>\n<meta property=\"og:image\" content=\"https:\/\/ifergangallery.com\/wp-content\/uploads\/2023\/01\/gf001-3-1.jpg\" \/>\n\t<meta property=\"og:image:width\" content=\"2048\" \/>\n\t<meta property=\"og:image:height\" content=\"2048\" \/>\n<meta name=\"twitter:card\" content=\"summary_large_image\" \/>\n<meta name=\"twitter:site\" content=\"@Ifergangallery\" \/>\n<meta name=\"twitter:label1\" content=\"Tiempo de lectura\" \/>\n\t<meta name=\"twitter:data1\" content=\"2 minutos\" \/>\n<script type=\"application\/ld+json\" class=\"yoast-schema-graph\">{\"@context\":\"https:\/\/schema.org\",\"@graph\":[{\"@type\":\"Organization\",\"@id\":\"https:\/\/ifergangallery.com\/#organization\",\"name\":\"Ifergan Gallery\",\"url\":\"https:\/\/ifergangallery.com\/\",\"sameAs\":[\"https:\/\/www.facebook.com\/Ifergancollectionmalaga\",\"https:\/\/www.instagram.com\/ifergangallery\/\",\"https:\/\/www.youtube.com\/channel\/UC2O2zZ9BJKhbUFOnu_5mE3g\",\"https:\/\/twitter.com\/Ifergangallery\"],\"logo\":{\"@type\":\"ImageObject\",\"@id\":\"https:\/\/ifergangallery.com\/#logo\",\"inLanguage\":\"es\",\"url\":\"https:\/\/ifergangallery.com\/wp-content\/uploads\/2021\/09\/Imagotipo_blanco-e1637271379231.png\",\"contentUrl\":\"https:\/\/ifergangallery.com\/wp-content\/uploads\/2021\/09\/Imagotipo_blanco-e1637271379231.png\",\"width\":1920,\"height\":1065,\"caption\":\"Ifergan Gallery\"},\"image\":{\"@id\":\"https:\/\/ifergangallery.com\/#logo\"}},{\"@type\":\"WebSite\",\"@id\":\"https:\/\/ifergangallery.com\/#website\",\"url\":\"https:\/\/ifergangallery.com\/\",\"name\":\"Ifergan Gallery\",\"description\":\"Ancient Art Gallery\",\"publisher\":{\"@id\":\"https:\/\/ifergangallery.com\/#organization\"},\"potentialAction\":[{\"@type\":\"SearchAction\",\"target\":{\"@type\":\"EntryPoint\",\"urlTemplate\":\"https:\/\/ifergangallery.com\/?s={search_term_string}\"},\"query-input\":\"required name=search_term_string\"}],\"inLanguage\":\"es\"},{\"@type\":\"ImageObject\",\"@id\":\"https:\/\/ifergangallery.com\/es\/piece\/figura-de-un-caballo-en-terracota-policromada-china-dinastia-tang-618-906-d-c\/#primaryimage\",\"inLanguage\":\"es\",\"url\":\"https:\/\/ifergangallery.com\/wp-content\/uploads\/2023\/01\/gf001-3-1.jpg\",\"contentUrl\":\"https:\/\/ifergangallery.com\/wp-content\/uploads\/2023\/01\/gf001-3-1.jpg\",\"width\":2048,\"height\":2048,\"caption\":\"caballo-terracota-china\"},{\"@type\":\"WebPage\",\"@id\":\"https:\/\/ifergangallery.com\/es\/piece\/figura-de-un-caballo-en-terracota-policromada-china-dinastia-tang-618-906-d-c\/#webpage\",\"url\":\"https:\/\/ifergangallery.com\/es\/piece\/figura-de-un-caballo-en-terracota-policromada-china-dinastia-tang-618-906-d-c\/\",\"name\":\"Figura de un caballo en terracota, China, Dinast\\u00eda Tang, 618-906 d.C\",\"isPartOf\":{\"@id\":\"https:\/\/ifergangallery.com\/#website\"},\"primaryImageOfPage\":{\"@id\":\"https:\/\/ifergangallery.com\/es\/piece\/figura-de-un-caballo-en-terracota-policromada-china-dinastia-tang-618-906-d-c\/#primaryimage\"},\"datePublished\":\"2021-02-09T10:51:38+00:00\",\"dateModified\":\"2025-03-20T10:24:34+00:00\",\"description\":\"Figura china de un caballo, realizada en terracota policromada, seguramente con los habituales engobes de la \\u00e9poca.\",\"breadcrumb\":{\"@id\":\"https:\/\/ifergangallery.com\/es\/piece\/figura-de-un-caballo-en-terracota-policromada-china-dinastia-tang-618-906-d-c\/#breadcrumb\"},\"inLanguage\":\"es\",\"potentialAction\":[{\"@type\":\"ReadAction\",\"target\":[\"https:\/\/ifergangallery.com\/es\/piece\/figura-de-un-caballo-en-terracota-policromada-china-dinastia-tang-618-906-d-c\/\"]}]},{\"@type\":\"BreadcrumbList\",\"@id\":\"https:\/\/ifergangallery.com\/es\/piece\/figura-de-un-caballo-en-terracota-policromada-china-dinastia-tang-618-906-d-c\/#breadcrumb\",\"itemListElement\":[{\"@type\":\"ListItem\",\"position\":1,\"name\":\"Home\",\"item\":\"https:\/\/ifergangallery.com\/es\/\"},{\"@type\":\"ListItem\",\"position\":2,\"name\":\"Works of art\",\"item\":\"https:\/\/ifergangallery.com\/es\/works_of_art\/\"},{\"@type\":\"ListItem\",\"position\":3,\"name\":\"Figura de un caballo en terracota policromada, China, Dinast\\u00eda Tang, 618-906 d.C.\"}]}]}<\/script>\n<!-- \/ Yoast SEO Premium plugin. -->","yoast_head_json":{"title":"Figura de un caballo en terracota, China, Dinast\u00eda Tang, 618-906 d.C","description":"Figura china de un caballo, realizada en terracota policromada, seguramente con los habituales engobes de la \u00e9poca.","robots":{"index":"index","follow":"follow","max-snippet":"max-snippet:-1","max-image-preview":"max-image-preview:large","max-video-preview":"max-video-preview:-1"},"canonical":"https:\/\/ifergangallery.com\/es\/piece\/figura-de-un-caballo-en-terracota-policromada-china-dinastia-tang-618-906-d-c\/","og_locale":"es_ES","og_type":"article","og_title":"Figura de un caballo en terracota policromada, China, Dinast\u00eda Tang, 618-906 d.C.","og_description":"Figura china de un caballo, realizada en terracota policromada, seguramente con los habituales engobes de la \u00e9poca.","og_url":"https:\/\/ifergangallery.com\/es\/piece\/figura-de-un-caballo-en-terracota-policromada-china-dinastia-tang-618-906-d-c\/","og_site_name":"Ifergan Gallery","article_publisher":"https:\/\/www.facebook.com\/Ifergancollectionmalaga","article_modified_time":"2025-03-20T10:24:34+00:00","og_image":[{"width":2048,"height":2048,"url":"https:\/\/ifergangallery.com\/wp-content\/uploads\/2023\/01\/gf001-3-1.jpg","type":"image\/jpeg"}],"twitter_card":"summary_large_image","twitter_site":"@Ifergangallery","twitter_misc":{"Tiempo de lectura":"2 minutos"},"schema":{"@context":"https:\/\/schema.org","@graph":[{"@type":"Organization","@id":"https:\/\/ifergangallery.com\/#organization","name":"Ifergan Gallery","url":"https:\/\/ifergangallery.com\/","sameAs":["https:\/\/www.facebook.com\/Ifergancollectionmalaga","https:\/\/www.instagram.com\/ifergangallery\/","https:\/\/www.youtube.com\/channel\/UC2O2zZ9BJKhbUFOnu_5mE3g","https:\/\/twitter.com\/Ifergangallery"],"logo":{"@type":"ImageObject","@id":"https:\/\/ifergangallery.com\/#logo","inLanguage":"es","url":"https:\/\/ifergangallery.com\/wp-content\/uploads\/2021\/09\/Imagotipo_blanco-e1637271379231.png","contentUrl":"https:\/\/ifergangallery.com\/wp-content\/uploads\/2021\/09\/Imagotipo_blanco-e1637271379231.png","width":1920,"height":1065,"caption":"Ifergan Gallery"},"image":{"@id":"https:\/\/ifergangallery.com\/#logo"}},{"@type":"WebSite","@id":"https:\/\/ifergangallery.com\/#website","url":"https:\/\/ifergangallery.com\/","name":"Ifergan Gallery","description":"Ancient Art Gallery","publisher":{"@id":"https:\/\/ifergangallery.com\/#organization"},"potentialAction":[{"@type":"SearchAction","target":{"@type":"EntryPoint","urlTemplate":"https:\/\/ifergangallery.com\/?s={search_term_string}"},"query-input":"required name=search_term_string"}],"inLanguage":"es"},{"@type":"ImageObject","@id":"https:\/\/ifergangallery.com\/es\/piece\/figura-de-un-caballo-en-terracota-policromada-china-dinastia-tang-618-906-d-c\/#primaryimage","inLanguage":"es","url":"https:\/\/ifergangallery.com\/wp-content\/uploads\/2023\/01\/gf001-3-1.jpg","contentUrl":"https:\/\/ifergangallery.com\/wp-content\/uploads\/2023\/01\/gf001-3-1.jpg","width":2048,"height":2048,"caption":"caballo-terracota-china"},{"@type":"WebPage","@id":"https:\/\/ifergangallery.com\/es\/piece\/figura-de-un-caballo-en-terracota-policromada-china-dinastia-tang-618-906-d-c\/#webpage","url":"https:\/\/ifergangallery.com\/es\/piece\/figura-de-un-caballo-en-terracota-policromada-china-dinastia-tang-618-906-d-c\/","name":"Figura de un caballo en terracota, China, Dinast\u00eda Tang, 618-906 d.C","isPartOf":{"@id":"https:\/\/ifergangallery.com\/#website"},"primaryImageOfPage":{"@id":"https:\/\/ifergangallery.com\/es\/piece\/figura-de-un-caballo-en-terracota-policromada-china-dinastia-tang-618-906-d-c\/#primaryimage"},"datePublished":"2021-02-09T10:51:38+00:00","dateModified":"2025-03-20T10:24:34+00:00","description":"Figura china de un caballo, realizada en terracota policromada, seguramente con los habituales engobes de la \u00e9poca.","breadcrumb":{"@id":"https:\/\/ifergangallery.com\/es\/piece\/figura-de-un-caballo-en-terracota-policromada-china-dinastia-tang-618-906-d-c\/#breadcrumb"},"inLanguage":"es","potentialAction":[{"@type":"ReadAction","target":["https:\/\/ifergangallery.com\/es\/piece\/figura-de-un-caballo-en-terracota-policromada-china-dinastia-tang-618-906-d-c\/"]}]},{"@type":"BreadcrumbList","@id":"https:\/\/ifergangallery.com\/es\/piece\/figura-de-un-caballo-en-terracota-policromada-china-dinastia-tang-618-906-d-c\/#breadcrumb","itemListElement":[{"@type":"ListItem","position":1,"name":"Home","item":"https:\/\/ifergangallery.com\/es\/"},{"@type":"ListItem","position":2,"name":"Works of art","item":"https:\/\/ifergangallery.com\/es\/works_of_art\/"},{"@type":"ListItem","position":3,"name":"Figura de un caballo en terracota policromada, China, Dinast\u00eda Tang, 618-906 d.C."}]}]}},"_links":{"self":[{"href":"https:\/\/ifergangallery.com\/es\/wp-json\/wp\/v2\/product\/12087"}],"collection":[{"href":"https:\/\/ifergangallery.com\/es\/wp-json\/wp\/v2\/product"}],"about":[{"href":"https:\/\/ifergangallery.com\/es\/wp-json\/wp\/v2\/types\/product"}],"replies":[{"embeddable":true,"href":"https:\/\/ifergangallery.com\/es\/wp-json\/wp\/v2\/comments?post=12087"}],"wp:featuredmedia":[{"embeddable":true,"href":"https:\/\/ifergangallery.com\/es\/wp-json\/wp\/v2\/media\/12401"}],"wp:attachment":[{"href":"https:\/\/ifergangallery.com\/es\/wp-json\/wp\/v2\/media?parent=12087"}],"wp:term":[{"taxonomy":"product_cat","embeddable":true,"href":"https:\/\/ifergangallery.com\/es\/wp-json\/wp\/v2\/product_cat?post=12087"},{"taxonomy":"product_tag","embeddable":true,"href":"https:\/\/ifergangallery.com\/es\/wp-json\/wp\/v2\/product_tag?post=12087"}],"curies":[{"name":"wp","href":"https:\/\/api.w.org\/{rel}","templated":true}]}}