{"id":13512,"date":"2023-05-17T12:37:14","date_gmt":"2023-05-17T12:37:14","guid":{"rendered":"https:\/\/ifergangallery.com\/piece\/attic-pottery-black-bodied-lekythos-circa-5th-century-b-c\/"},"modified":"2026-01-30T12:46:16","modified_gmt":"2026-01-30T12:46:16","slug":"attic-pottery-black-bodied-lekythos-circa-5th-century-b-c","status":"publish","type":"product","link":"https:\/\/ifergangallery.com\/es\/piece\/attic-pottery-black-bodied-lekythos-circa-5th-century-b-c\/","title":{"rendered":"Lekythos griego (\u00c1tico) de cer\u00e1mica negra, 500 a.C."},"content":{"rendered":"<p style=\"text-align: justify;\"><span dir=\"auto\" style=\"vertical-align: inherit;\"><span dir=\"auto\" style=\"vertical-align: inherit;\">Un lekythos es una jarra con una sola asa ancha y un cuello estrecho combinado con una boca ancha, lo que le permitir\u00eda controlar la cantidad de aceite. Se utilizaban para contener aceites y se asociaban generalmente a rituales funerarios, ya que se han encontrado varios lekythos con el cad\u00e1ver en diversos enterramientos. Tambi\u00e9n est\u00e1n estrechamente asociados a rituales de purificaci\u00f3n y sesiones de higiene femenina, ya que formaban parte del ajuar cotidiano.<\/span><\/span><\/p>\n<p>&nbsp;<\/p>","protected":false},"excerpt":{"rendered":"<p>Un lekythos es una jarra con una sola asa ancha y un cuello estrecho combinado con una boca ancha, lo que le permitir\u00eda controlar la cantidad de aceite. Se utilizaban para contener aceites y se asociaban generalmente a rituales funerarios, ya que se han encontrado varios lekythos con el cad\u00e1ver en diversos enterramientos. Tambi\u00e9n est\u00e1n &hellip;<\/p>\n<p class=\"read-more\"> <a class=\"\" href=\"https:\/\/ifergangallery.com\/es\/piece\/attic-pottery-black-bodied-lekythos-circa-5th-century-b-c\/\"> <span class=\"screen-reader-text\">Lekythos griego (\u00c1tico) de cer\u00e1mica negra, 500 a.C.<\/span> Leer m\u00e1s &raquo;<\/a><\/p>","protected":false},"featured_media":13514,"comment_status":"closed","ping_status":"closed","template":"","meta":{"spay_email":""},"product_cat":[111,457],"product_tag":[534,537,540],"yoast_head":"<!-- This site is optimized with the Yoast SEO Premium plugin v17.6 (Yoast SEO v17.6) - https:\/\/yoast.com\/wordpress\/plugins\/seo\/ -->\n<title>Lekythos griego (\u00c1tico) de cer\u00e1mica negra, 500 a.C. &ndash; Ifergan Gallery<\/title>\n<meta name=\"robots\" content=\"index, follow, max-snippet:-1, max-image-preview:large, max-video-preview:-1\" \/>\n<link rel=\"canonical\" href=\"https:\/\/ifergangallery.com\/es\/piece\/attic-pottery-black-bodied-lekythos-circa-5th-century-b-c\/\" \/>\n<meta property=\"og:locale\" content=\"es_ES\" \/>\n<meta property=\"og:type\" content=\"article\" \/>\n<meta property=\"og:title\" content=\"Lekythos griego (\u00c1tico) de cer\u00e1mica negra, 500 a.C.\" \/>\n<meta property=\"og:description\" content=\"Un lekythos es una jarra con una sola asa ancha y un cuello estrecho combinado con una boca ancha, lo que le permitir\u00eda controlar la cantidad de aceite. Se utilizaban para contener aceites y se asociaban generalmente a rituales funerarios, ya que se han encontrado varios lekythos con el cad\u00e1ver en diversos enterramientos. Tambi\u00e9n est\u00e1n &hellip; Lekythos griego (\u00c1tico) de cer\u00e1mica negra, 500 a.C. Leer m\u00e1s &raquo;\" \/>\n<meta property=\"og:url\" content=\"https:\/\/ifergangallery.com\/es\/piece\/attic-pottery-black-bodied-lekythos-circa-5th-century-b-c\/\" \/>\n<meta property=\"og:site_name\" content=\"Ifergan Gallery\" \/>\n<meta property=\"article:publisher\" content=\"https:\/\/www.facebook.com\/Ifergancollectionmalaga\" \/>\n<meta property=\"article:modified_time\" content=\"2026-01-30T12:46:16+00:00\" \/>\n<meta property=\"og:image\" content=\"https:\/\/ifergangallery.com\/wp-content\/uploads\/2023\/05\/jvi062-6.jpg\" \/>\n\t<meta property=\"og:image:width\" content=\"2048\" \/>\n\t<meta property=\"og:image:height\" content=\"2048\" \/>\n<meta name=\"twitter:card\" content=\"summary_large_image\" \/>\n<meta name=\"twitter:site\" content=\"@Ifergangallery\" \/>\n<meta name=\"twitter:label1\" content=\"Tiempo de lectura\" \/>\n\t<meta name=\"twitter:data1\" content=\"1 minuto\" \/>\n<script type=\"application\/ld+json\" class=\"yoast-schema-graph\">{\"@context\":\"https:\/\/schema.org\",\"@graph\":[{\"@type\":\"Organization\",\"@id\":\"https:\/\/ifergangallery.com\/#organization\",\"name\":\"Ifergan Gallery\",\"url\":\"https:\/\/ifergangallery.com\/\",\"sameAs\":[\"https:\/\/www.facebook.com\/Ifergancollectionmalaga\",\"https:\/\/www.instagram.com\/ifergangallery\/\",\"https:\/\/www.youtube.com\/channel\/UC2O2zZ9BJKhbUFOnu_5mE3g\",\"https:\/\/twitter.com\/Ifergangallery\"],\"logo\":{\"@type\":\"ImageObject\",\"@id\":\"https:\/\/ifergangallery.com\/#logo\",\"inLanguage\":\"es\",\"url\":\"https:\/\/ifergangallery.com\/wp-content\/uploads\/2021\/09\/Imagotipo_blanco-e1637271379231.png\",\"contentUrl\":\"https:\/\/ifergangallery.com\/wp-content\/uploads\/2021\/09\/Imagotipo_blanco-e1637271379231.png\",\"width\":1920,\"height\":1065,\"caption\":\"Ifergan Gallery\"},\"image\":{\"@id\":\"https:\/\/ifergangallery.com\/#logo\"}},{\"@type\":\"WebSite\",\"@id\":\"https:\/\/ifergangallery.com\/#website\",\"url\":\"https:\/\/ifergangallery.com\/\",\"name\":\"Ifergan Gallery\",\"description\":\"Ancient Art Gallery\",\"publisher\":{\"@id\":\"https:\/\/ifergangallery.com\/#organization\"},\"potentialAction\":[{\"@type\":\"SearchAction\",\"target\":{\"@type\":\"EntryPoint\",\"urlTemplate\":\"https:\/\/ifergangallery.com\/?s={search_term_string}\"},\"query-input\":\"required name=search_term_string\"}],\"inLanguage\":\"es\"},{\"@type\":\"ImageObject\",\"@id\":\"https:\/\/ifergangallery.com\/es\/piece\/attic-pottery-black-bodied-lekythos-circa-5th-century-b-c\/#primaryimage\",\"inLanguage\":\"es\",\"url\":\"https:\/\/ifergangallery.com\/wp-content\/uploads\/2023\/05\/jvi062-6.jpg\",\"contentUrl\":\"https:\/\/ifergangallery.com\/wp-content\/uploads\/2023\/05\/jvi062-6.jpg\",\"width\":2048,\"height\":2048},{\"@type\":\"WebPage\",\"@id\":\"https:\/\/ifergangallery.com\/es\/piece\/attic-pottery-black-bodied-lekythos-circa-5th-century-b-c\/#webpage\",\"url\":\"https:\/\/ifergangallery.com\/es\/piece\/attic-pottery-black-bodied-lekythos-circa-5th-century-b-c\/\",\"name\":\"Lekythos griego (\\u00c1tico) de cer\\u00e1mica negra, 500 a.C. &ndash; Ifergan Gallery\",\"isPartOf\":{\"@id\":\"https:\/\/ifergangallery.com\/#website\"},\"primaryImageOfPage\":{\"@id\":\"https:\/\/ifergangallery.com\/es\/piece\/attic-pottery-black-bodied-lekythos-circa-5th-century-b-c\/#primaryimage\"},\"datePublished\":\"2023-05-17T12:37:14+00:00\",\"dateModified\":\"2026-01-30T12:46:16+00:00\",\"breadcrumb\":{\"@id\":\"https:\/\/ifergangallery.com\/es\/piece\/attic-pottery-black-bodied-lekythos-circa-5th-century-b-c\/#breadcrumb\"},\"inLanguage\":\"es\",\"potentialAction\":[{\"@type\":\"ReadAction\",\"target\":[\"https:\/\/ifergangallery.com\/es\/piece\/attic-pottery-black-bodied-lekythos-circa-5th-century-b-c\/\"]}]},{\"@type\":\"BreadcrumbList\",\"@id\":\"https:\/\/ifergangallery.com\/es\/piece\/attic-pottery-black-bodied-lekythos-circa-5th-century-b-c\/#breadcrumb\",\"itemListElement\":[{\"@type\":\"ListItem\",\"position\":1,\"name\":\"Home\",\"item\":\"https:\/\/ifergangallery.com\/es\/\"},{\"@type\":\"ListItem\",\"position\":2,\"name\":\"Works of art\",\"item\":\"https:\/\/ifergangallery.com\/es\/works_of_art\/\"},{\"@type\":\"ListItem\",\"position\":3,\"name\":\"Lekythos griego (\\u00c1tico) de cer\\u00e1mica negra, 500 a.C.\"}]}]}<\/script>\n<!-- \/ Yoast SEO Premium plugin. -->","yoast_head_json":{"title":"Lekythos griego (\u00c1tico) de cer\u00e1mica negra, 500 a.C. &ndash; Ifergan Gallery","robots":{"index":"index","follow":"follow","max-snippet":"max-snippet:-1","max-image-preview":"max-image-preview:large","max-video-preview":"max-video-preview:-1"},"canonical":"https:\/\/ifergangallery.com\/es\/piece\/attic-pottery-black-bodied-lekythos-circa-5th-century-b-c\/","og_locale":"es_ES","og_type":"article","og_title":"Lekythos griego (\u00c1tico) de cer\u00e1mica negra, 500 a.C.","og_description":"Un lekythos es una jarra con una sola asa ancha y un cuello estrecho combinado con una boca ancha, lo que le permitir\u00eda controlar la cantidad de aceite. Se utilizaban para contener aceites y se asociaban generalmente a rituales funerarios, ya que se han encontrado varios lekythos con el cad\u00e1ver en diversos enterramientos. Tambi\u00e9n est\u00e1n &hellip; Lekythos griego (\u00c1tico) de cer\u00e1mica negra, 500 a.C. Leer m\u00e1s &raquo;","og_url":"https:\/\/ifergangallery.com\/es\/piece\/attic-pottery-black-bodied-lekythos-circa-5th-century-b-c\/","og_site_name":"Ifergan Gallery","article_publisher":"https:\/\/www.facebook.com\/Ifergancollectionmalaga","article_modified_time":"2026-01-30T12:46:16+00:00","og_image":[{"width":2048,"height":2048,"url":"https:\/\/ifergangallery.com\/wp-content\/uploads\/2023\/05\/jvi062-6.jpg","type":"image\/jpeg"}],"twitter_card":"summary_large_image","twitter_site":"@Ifergangallery","twitter_misc":{"Tiempo de lectura":"1 minuto"},"schema":{"@context":"https:\/\/schema.org","@graph":[{"@type":"Organization","@id":"https:\/\/ifergangallery.com\/#organization","name":"Ifergan Gallery","url":"https:\/\/ifergangallery.com\/","sameAs":["https:\/\/www.facebook.com\/Ifergancollectionmalaga","https:\/\/www.instagram.com\/ifergangallery\/","https:\/\/www.youtube.com\/channel\/UC2O2zZ9BJKhbUFOnu_5mE3g","https:\/\/twitter.com\/Ifergangallery"],"logo":{"@type":"ImageObject","@id":"https:\/\/ifergangallery.com\/#logo","inLanguage":"es","url":"https:\/\/ifergangallery.com\/wp-content\/uploads\/2021\/09\/Imagotipo_blanco-e1637271379231.png","contentUrl":"https:\/\/ifergangallery.com\/wp-content\/uploads\/2021\/09\/Imagotipo_blanco-e1637271379231.png","width":1920,"height":1065,"caption":"Ifergan Gallery"},"image":{"@id":"https:\/\/ifergangallery.com\/#logo"}},{"@type":"WebSite","@id":"https:\/\/ifergangallery.com\/#website","url":"https:\/\/ifergangallery.com\/","name":"Ifergan Gallery","description":"Ancient Art Gallery","publisher":{"@id":"https:\/\/ifergangallery.com\/#organization"},"potentialAction":[{"@type":"SearchAction","target":{"@type":"EntryPoint","urlTemplate":"https:\/\/ifergangallery.com\/?s={search_term_string}"},"query-input":"required name=search_term_string"}],"inLanguage":"es"},{"@type":"ImageObject","@id":"https:\/\/ifergangallery.com\/es\/piece\/attic-pottery-black-bodied-lekythos-circa-5th-century-b-c\/#primaryimage","inLanguage":"es","url":"https:\/\/ifergangallery.com\/wp-content\/uploads\/2023\/05\/jvi062-6.jpg","contentUrl":"https:\/\/ifergangallery.com\/wp-content\/uploads\/2023\/05\/jvi062-6.jpg","width":2048,"height":2048},{"@type":"WebPage","@id":"https:\/\/ifergangallery.com\/es\/piece\/attic-pottery-black-bodied-lekythos-circa-5th-century-b-c\/#webpage","url":"https:\/\/ifergangallery.com\/es\/piece\/attic-pottery-black-bodied-lekythos-circa-5th-century-b-c\/","name":"Lekythos griego (\u00c1tico) de cer\u00e1mica negra, 500 a.C. &ndash; Ifergan Gallery","isPartOf":{"@id":"https:\/\/ifergangallery.com\/#website"},"primaryImageOfPage":{"@id":"https:\/\/ifergangallery.com\/es\/piece\/attic-pottery-black-bodied-lekythos-circa-5th-century-b-c\/#primaryimage"},"datePublished":"2023-05-17T12:37:14+00:00","dateModified":"2026-01-30T12:46:16+00:00","breadcrumb":{"@id":"https:\/\/ifergangallery.com\/es\/piece\/attic-pottery-black-bodied-lekythos-circa-5th-century-b-c\/#breadcrumb"},"inLanguage":"es","potentialAction":[{"@type":"ReadAction","target":["https:\/\/ifergangallery.com\/es\/piece\/attic-pottery-black-bodied-lekythos-circa-5th-century-b-c\/"]}]},{"@type":"BreadcrumbList","@id":"https:\/\/ifergangallery.com\/es\/piece\/attic-pottery-black-bodied-lekythos-circa-5th-century-b-c\/#breadcrumb","itemListElement":[{"@type":"ListItem","position":1,"name":"Home","item":"https:\/\/ifergangallery.com\/es\/"},{"@type":"ListItem","position":2,"name":"Works of art","item":"https:\/\/ifergangallery.com\/es\/works_of_art\/"},{"@type":"ListItem","position":3,"name":"Lekythos griego (\u00c1tico) de cer\u00e1mica negra, 500 a.C."}]}]}},"_links":{"self":[{"href":"https:\/\/ifergangallery.com\/es\/wp-json\/wp\/v2\/product\/13512"}],"collection":[{"href":"https:\/\/ifergangallery.com\/es\/wp-json\/wp\/v2\/product"}],"about":[{"href":"https:\/\/ifergangallery.com\/es\/wp-json\/wp\/v2\/types\/product"}],"replies":[{"embeddable":true,"href":"https:\/\/ifergangallery.com\/es\/wp-json\/wp\/v2\/comments?post=13512"}],"wp:featuredmedia":[{"embeddable":true,"href":"https:\/\/ifergangallery.com\/es\/wp-json\/wp\/v2\/media\/13514"}],"wp:attachment":[{"href":"https:\/\/ifergangallery.com\/es\/wp-json\/wp\/v2\/media?parent=13512"}],"wp:term":[{"taxonomy":"product_cat","embeddable":true,"href":"https:\/\/ifergangallery.com\/es\/wp-json\/wp\/v2\/product_cat?post=13512"},{"taxonomy":"product_tag","embeddable":true,"href":"https:\/\/ifergangallery.com\/es\/wp-json\/wp\/v2\/product_tag?post=13512"}],"curies":[{"name":"wp","href":"https:\/\/api.w.org\/{rel}","templated":true}]}}