{"id":13967,"date":"2026-02-08T10:17:17","date_gmt":"2026-02-08T10:17:17","guid":{"rendered":"https:\/\/ifergangallery.com\/?post_type=product&#038;p=13967"},"modified":"2026-02-13T13:11:46","modified_gmt":"2026-02-13T13:11:46","slug":"figura-en-terracota-de-mujer-con-himation-magna-grecia-siglo-iv-a-c","status":"publish","type":"product","link":"https:\/\/ifergangallery.com\/es\/piece\/figura-en-terracota-de-mujer-con-himation-magna-grecia-siglo-iv-a-c\/","title":{"rendered":"Figura en terracota de mujer con himati\u00f3n, Magna Grecia, Siglo IV a.C."},"content":{"rendered":"<p style=\"text-align: justify;\"><span dir=\"auto\" style=\"vertical-align: inherit;\"><span dir=\"auto\" style=\"vertical-align: inherit;\">Esta exquisita estatuilla de terracota representa una figura femenina de pie, completamente ataviada, un ic\u00f3nico del periodo helen\u00edstico estilo conocido como las &#8220;Figurillas de Tanagra&#8221;. La figura est\u00e1 meticulosamente modelada, probablemente utilizando un molde de alta calidad, y muestra un dominio t\u00e9cnico en el tratamiento de los pa\u00f1os. Viste un quit\u00f3n (t\u00fanica interior) y una himati\u00f3n (manto exterior) que envuelve su cuerpo y su cabeza a modo de velo, una postura que evoca modestia.<\/span><\/span><\/p>\n<p style=\"text-align: justify;\"><span dir=\"auto\" style=\"vertical-align: inherit;\"><span dir=\"auto\" style=\"vertical-align: inherit;\">Su naturalismo y la elegancia de los pliegues de la tela, que insin\u00faan la forma corporal subyacente, son caracter\u00edsticos de la influencia del arte griego cl\u00e1sico tard\u00edo. Esta pieza es un testimonio palpable de la est\u00e9tica y las costumbres sociales del mundo antiguo.<\/span><\/span><\/p>\n<p style=\"text-align: justify;\"><span dir=\"auto\" style=\"vertical-align: inherit;\"><span dir=\"auto\" style=\"vertical-align: inherit;\">Las figurillas de Tanagra son un tipo ic\u00f3nico de estatuillas de terracota del periodo helen\u00edstico, que datan de los siglos IV al III aC Reciben su principalmente nombre del yacimiento arqueol\u00f3gico de Tanagra en Beocia (Grecia Central), donde se encontraron millas de ellas en necr\u00f3polis durante excavaciones clandestinas en el siglo XIX. Estas figuras, a diferencia de las figuras arcaicas o cl\u00e1sicas anteriores, que sol\u00edan representar deidades o tener una funci\u00f3n estrictamente religiosa, capturan escenas de la vida cotidiana y la moda contempor\u00e1nea, sirviendo como ajuar funerario, ofrendas votivas en santuarios dom\u00e9sticos o simplemente como objetos decorativos y de colecci\u00f3n en todo el mundo mediterr\u00e1neo.<\/span><\/span><\/p>\n<p style=\"text-align: justify;\">","protected":false},"excerpt":{"rendered":"<p>Esta exquisita estatuilla de terracota representa una figura femenina de pie, completamente ataviada, un ic\u00f3nico del periodo helen\u00edstico estilo conocido como las &#8220;Figurillas de Tanagra&#8221;. La figura est\u00e1 meticulosamente modelada, probablemente utilizando un molde de alta calidad, y muestra un dominio t\u00e9cnico en el tratamiento de los pa\u00f1os. Viste un quit\u00f3n (t\u00fanica interior) y una &hellip;<\/p>\n<p class=\"read-more\"> <a class=\"\" href=\"https:\/\/ifergangallery.com\/es\/piece\/figura-en-terracota-de-mujer-con-himation-magna-grecia-siglo-iv-a-c\/\"> <span class=\"screen-reader-text\">Figura en terracota de mujer con himati\u00f3n, Magna Grecia, Siglo IV a.C.<\/span> Leer m\u00e1s &raquo;<\/a><\/p>","protected":false},"featured_media":13969,"comment_status":"closed","ping_status":"closed","template":"","meta":{"spay_email":""},"product_cat":[111,457],"product_tag":[555],"yoast_head":"<!-- This site is optimized with the Yoast SEO Premium plugin v17.6 (Yoast SEO v17.6) - https:\/\/yoast.com\/wordpress\/plugins\/seo\/ -->\n<title>Figura en terracota de mujer con himati\u00f3n, Magna Grecia, Siglo IV a.C. &ndash; Ifergan Gallery<\/title>\n<meta name=\"robots\" content=\"index, follow, max-snippet:-1, max-image-preview:large, max-video-preview:-1\" \/>\n<link rel=\"canonical\" href=\"https:\/\/ifergangallery.com\/es\/piece\/figura-en-terracota-de-mujer-con-himation-magna-grecia-siglo-iv-a-c\/\" \/>\n<meta property=\"og:locale\" content=\"es_ES\" \/>\n<meta property=\"og:type\" content=\"article\" \/>\n<meta property=\"og:title\" content=\"Figura en terracota de mujer con himati\u00f3n, Magna Grecia, Siglo IV a.C.\" \/>\n<meta property=\"og:description\" content=\"Esta exquisita estatuilla de terracota representa una figura femenina de pie, completamente ataviada, un ic\u00f3nico del periodo helen\u00edstico estilo conocido como las &#8220;Figurillas de Tanagra&#8221;. La figura est\u00e1 meticulosamente modelada, probablemente utilizando un molde de alta calidad, y muestra un dominio t\u00e9cnico en el tratamiento de los pa\u00f1os. Viste un quit\u00f3n (t\u00fanica interior) y una &hellip; Figura en terracota de mujer con himati\u00f3n, Magna Grecia, Siglo IV a.C. Leer m\u00e1s &raquo;\" \/>\n<meta property=\"og:url\" content=\"https:\/\/ifergangallery.com\/es\/piece\/figura-en-terracota-de-mujer-con-himation-magna-grecia-siglo-iv-a-c\/\" \/>\n<meta property=\"og:site_name\" content=\"Ifergan Gallery\" \/>\n<meta property=\"article:publisher\" content=\"https:\/\/www.facebook.com\/Ifergancollectionmalaga\" \/>\n<meta property=\"article:modified_time\" content=\"2026-02-13T13:11:46+00:00\" \/>\n<meta property=\"og:image\" content=\"https:\/\/ifergangallery.com\/wp-content\/uploads\/2023\/10\/FCR070-2-scaled.jpg\" \/>\n\t<meta property=\"og:image:width\" content=\"1968\" \/>\n\t<meta property=\"og:image:height\" content=\"2560\" \/>\n<meta name=\"twitter:card\" content=\"summary_large_image\" \/>\n<meta name=\"twitter:site\" content=\"@Ifergangallery\" \/>\n<meta name=\"twitter:label1\" content=\"Tiempo de lectura\" \/>\n\t<meta name=\"twitter:data1\" content=\"1 minuto\" \/>\n<script type=\"application\/ld+json\" class=\"yoast-schema-graph\">{\"@context\":\"https:\/\/schema.org\",\"@graph\":[{\"@type\":\"Organization\",\"@id\":\"https:\/\/ifergangallery.com\/#organization\",\"name\":\"Ifergan Gallery\",\"url\":\"https:\/\/ifergangallery.com\/\",\"sameAs\":[\"https:\/\/www.facebook.com\/Ifergancollectionmalaga\",\"https:\/\/www.instagram.com\/ifergangallery\/\",\"https:\/\/www.youtube.com\/channel\/UC2O2zZ9BJKhbUFOnu_5mE3g\",\"https:\/\/twitter.com\/Ifergangallery\"],\"logo\":{\"@type\":\"ImageObject\",\"@id\":\"https:\/\/ifergangallery.com\/#logo\",\"inLanguage\":\"es\",\"url\":\"https:\/\/ifergangallery.com\/wp-content\/uploads\/2021\/09\/Imagotipo_blanco-e1637271379231.png\",\"contentUrl\":\"https:\/\/ifergangallery.com\/wp-content\/uploads\/2021\/09\/Imagotipo_blanco-e1637271379231.png\",\"width\":1920,\"height\":1065,\"caption\":\"Ifergan Gallery\"},\"image\":{\"@id\":\"https:\/\/ifergangallery.com\/#logo\"}},{\"@type\":\"WebSite\",\"@id\":\"https:\/\/ifergangallery.com\/#website\",\"url\":\"https:\/\/ifergangallery.com\/\",\"name\":\"Ifergan Gallery\",\"description\":\"Ancient Art Gallery\",\"publisher\":{\"@id\":\"https:\/\/ifergangallery.com\/#organization\"},\"potentialAction\":[{\"@type\":\"SearchAction\",\"target\":{\"@type\":\"EntryPoint\",\"urlTemplate\":\"https:\/\/ifergangallery.com\/?s={search_term_string}\"},\"query-input\":\"required name=search_term_string\"}],\"inLanguage\":\"es\"},{\"@type\":\"ImageObject\",\"@id\":\"https:\/\/ifergangallery.com\/es\/piece\/figura-en-terracota-de-mujer-con-himation-magna-grecia-siglo-iv-a-c\/#primaryimage\",\"inLanguage\":\"es\",\"url\":\"https:\/\/ifergangallery.com\/wp-content\/uploads\/2023\/10\/FCR070-2-scaled.jpg\",\"contentUrl\":\"https:\/\/ifergangallery.com\/wp-content\/uploads\/2023\/10\/FCR070-2-scaled.jpg\",\"width\":1968,\"height\":2560},{\"@type\":\"WebPage\",\"@id\":\"https:\/\/ifergangallery.com\/es\/piece\/figura-en-terracota-de-mujer-con-himation-magna-grecia-siglo-iv-a-c\/#webpage\",\"url\":\"https:\/\/ifergangallery.com\/es\/piece\/figura-en-terracota-de-mujer-con-himation-magna-grecia-siglo-iv-a-c\/\",\"name\":\"Figura en terracota de mujer con himati\\u00f3n, Magna Grecia, Siglo IV a.C. &ndash; Ifergan Gallery\",\"isPartOf\":{\"@id\":\"https:\/\/ifergangallery.com\/#website\"},\"primaryImageOfPage\":{\"@id\":\"https:\/\/ifergangallery.com\/es\/piece\/figura-en-terracota-de-mujer-con-himation-magna-grecia-siglo-iv-a-c\/#primaryimage\"},\"datePublished\":\"2026-02-08T10:17:17+00:00\",\"dateModified\":\"2026-02-13T13:11:46+00:00\",\"breadcrumb\":{\"@id\":\"https:\/\/ifergangallery.com\/es\/piece\/figura-en-terracota-de-mujer-con-himation-magna-grecia-siglo-iv-a-c\/#breadcrumb\"},\"inLanguage\":\"es\",\"potentialAction\":[{\"@type\":\"ReadAction\",\"target\":[\"https:\/\/ifergangallery.com\/es\/piece\/figura-en-terracota-de-mujer-con-himation-magna-grecia-siglo-iv-a-c\/\"]}]},{\"@type\":\"BreadcrumbList\",\"@id\":\"https:\/\/ifergangallery.com\/es\/piece\/figura-en-terracota-de-mujer-con-himation-magna-grecia-siglo-iv-a-c\/#breadcrumb\",\"itemListElement\":[{\"@type\":\"ListItem\",\"position\":1,\"name\":\"Home\",\"item\":\"https:\/\/ifergangallery.com\/es\/\"},{\"@type\":\"ListItem\",\"position\":2,\"name\":\"Works of art\",\"item\":\"https:\/\/ifergangallery.com\/es\/works_of_art\/\"},{\"@type\":\"ListItem\",\"position\":3,\"name\":\"Figura en terracota de mujer con himati\\u00f3n, Magna Grecia, Siglo IV a.C.\"}]}]}<\/script>\n<!-- \/ Yoast SEO Premium plugin. -->","yoast_head_json":{"title":"Figura en terracota de mujer con himati\u00f3n, Magna Grecia, Siglo IV a.C. &ndash; Ifergan Gallery","robots":{"index":"index","follow":"follow","max-snippet":"max-snippet:-1","max-image-preview":"max-image-preview:large","max-video-preview":"max-video-preview:-1"},"canonical":"https:\/\/ifergangallery.com\/es\/piece\/figura-en-terracota-de-mujer-con-himation-magna-grecia-siglo-iv-a-c\/","og_locale":"es_ES","og_type":"article","og_title":"Figura en terracota de mujer con himati\u00f3n, Magna Grecia, Siglo IV a.C.","og_description":"Esta exquisita estatuilla de terracota representa una figura femenina de pie, completamente ataviada, un ic\u00f3nico del periodo helen\u00edstico estilo conocido como las &#8220;Figurillas de Tanagra&#8221;. La figura est\u00e1 meticulosamente modelada, probablemente utilizando un molde de alta calidad, y muestra un dominio t\u00e9cnico en el tratamiento de los pa\u00f1os. Viste un quit\u00f3n (t\u00fanica interior) y una &hellip; Figura en terracota de mujer con himati\u00f3n, Magna Grecia, Siglo IV a.C. Leer m\u00e1s &raquo;","og_url":"https:\/\/ifergangallery.com\/es\/piece\/figura-en-terracota-de-mujer-con-himation-magna-grecia-siglo-iv-a-c\/","og_site_name":"Ifergan Gallery","article_publisher":"https:\/\/www.facebook.com\/Ifergancollectionmalaga","article_modified_time":"2026-02-13T13:11:46+00:00","og_image":[{"width":1968,"height":2560,"url":"https:\/\/ifergangallery.com\/wp-content\/uploads\/2023\/10\/FCR070-2-scaled.jpg","type":"image\/jpeg"}],"twitter_card":"summary_large_image","twitter_site":"@Ifergangallery","twitter_misc":{"Tiempo de lectura":"1 minuto"},"schema":{"@context":"https:\/\/schema.org","@graph":[{"@type":"Organization","@id":"https:\/\/ifergangallery.com\/#organization","name":"Ifergan Gallery","url":"https:\/\/ifergangallery.com\/","sameAs":["https:\/\/www.facebook.com\/Ifergancollectionmalaga","https:\/\/www.instagram.com\/ifergangallery\/","https:\/\/www.youtube.com\/channel\/UC2O2zZ9BJKhbUFOnu_5mE3g","https:\/\/twitter.com\/Ifergangallery"],"logo":{"@type":"ImageObject","@id":"https:\/\/ifergangallery.com\/#logo","inLanguage":"es","url":"https:\/\/ifergangallery.com\/wp-content\/uploads\/2021\/09\/Imagotipo_blanco-e1637271379231.png","contentUrl":"https:\/\/ifergangallery.com\/wp-content\/uploads\/2021\/09\/Imagotipo_blanco-e1637271379231.png","width":1920,"height":1065,"caption":"Ifergan Gallery"},"image":{"@id":"https:\/\/ifergangallery.com\/#logo"}},{"@type":"WebSite","@id":"https:\/\/ifergangallery.com\/#website","url":"https:\/\/ifergangallery.com\/","name":"Ifergan Gallery","description":"Ancient Art Gallery","publisher":{"@id":"https:\/\/ifergangallery.com\/#organization"},"potentialAction":[{"@type":"SearchAction","target":{"@type":"EntryPoint","urlTemplate":"https:\/\/ifergangallery.com\/?s={search_term_string}"},"query-input":"required name=search_term_string"}],"inLanguage":"es"},{"@type":"ImageObject","@id":"https:\/\/ifergangallery.com\/es\/piece\/figura-en-terracota-de-mujer-con-himation-magna-grecia-siglo-iv-a-c\/#primaryimage","inLanguage":"es","url":"https:\/\/ifergangallery.com\/wp-content\/uploads\/2023\/10\/FCR070-2-scaled.jpg","contentUrl":"https:\/\/ifergangallery.com\/wp-content\/uploads\/2023\/10\/FCR070-2-scaled.jpg","width":1968,"height":2560},{"@type":"WebPage","@id":"https:\/\/ifergangallery.com\/es\/piece\/figura-en-terracota-de-mujer-con-himation-magna-grecia-siglo-iv-a-c\/#webpage","url":"https:\/\/ifergangallery.com\/es\/piece\/figura-en-terracota-de-mujer-con-himation-magna-grecia-siglo-iv-a-c\/","name":"Figura en terracota de mujer con himati\u00f3n, Magna Grecia, Siglo IV a.C. &ndash; Ifergan Gallery","isPartOf":{"@id":"https:\/\/ifergangallery.com\/#website"},"primaryImageOfPage":{"@id":"https:\/\/ifergangallery.com\/es\/piece\/figura-en-terracota-de-mujer-con-himation-magna-grecia-siglo-iv-a-c\/#primaryimage"},"datePublished":"2026-02-08T10:17:17+00:00","dateModified":"2026-02-13T13:11:46+00:00","breadcrumb":{"@id":"https:\/\/ifergangallery.com\/es\/piece\/figura-en-terracota-de-mujer-con-himation-magna-grecia-siglo-iv-a-c\/#breadcrumb"},"inLanguage":"es","potentialAction":[{"@type":"ReadAction","target":["https:\/\/ifergangallery.com\/es\/piece\/figura-en-terracota-de-mujer-con-himation-magna-grecia-siglo-iv-a-c\/"]}]},{"@type":"BreadcrumbList","@id":"https:\/\/ifergangallery.com\/es\/piece\/figura-en-terracota-de-mujer-con-himation-magna-grecia-siglo-iv-a-c\/#breadcrumb","itemListElement":[{"@type":"ListItem","position":1,"name":"Home","item":"https:\/\/ifergangallery.com\/es\/"},{"@type":"ListItem","position":2,"name":"Works of art","item":"https:\/\/ifergangallery.com\/es\/works_of_art\/"},{"@type":"ListItem","position":3,"name":"Figura en terracota de mujer con himati\u00f3n, Magna Grecia, Siglo IV a.C."}]}]}},"_links":{"self":[{"href":"https:\/\/ifergangallery.com\/es\/wp-json\/wp\/v2\/product\/13967"}],"collection":[{"href":"https:\/\/ifergangallery.com\/es\/wp-json\/wp\/v2\/product"}],"about":[{"href":"https:\/\/ifergangallery.com\/es\/wp-json\/wp\/v2\/types\/product"}],"replies":[{"embeddable":true,"href":"https:\/\/ifergangallery.com\/es\/wp-json\/wp\/v2\/comments?post=13967"}],"wp:featuredmedia":[{"embeddable":true,"href":"https:\/\/ifergangallery.com\/es\/wp-json\/wp\/v2\/media\/13969"}],"wp:attachment":[{"href":"https:\/\/ifergangallery.com\/es\/wp-json\/wp\/v2\/media?parent=13967"}],"wp:term":[{"taxonomy":"product_cat","embeddable":true,"href":"https:\/\/ifergangallery.com\/es\/wp-json\/wp\/v2\/product_cat?post=13967"},{"taxonomy":"product_tag","embeddable":true,"href":"https:\/\/ifergangallery.com\/es\/wp-json\/wp\/v2\/product_tag?post=13967"}],"curies":[{"name":"wp","href":"https:\/\/api.w.org\/{rel}","templated":true}]}}