{"id":14598,"date":"2022-11-12T07:54:36","date_gmt":"2022-11-12T07:54:36","guid":{"rendered":"https:\/\/ifergangallery.com\/piece\/chinese-tang-dynasty-terracotta-figure-of-a-court-dignatary-circa-618-907-ad\/"},"modified":"2025-03-20T10:25:20","modified_gmt":"2025-03-20T10:25:20","slug":"chinese-tang-dynasty-terracotta-figure-of-a-court-dignatary-circa-618-907-ad","status":"publish","type":"product","link":"https:\/\/ifergangallery.com\/es\/piece\/chinese-tang-dynasty-terracotta-figure-of-a-court-dignatary-circa-618-907-ad\/","title":{"rendered":"Figura china de dignatario de la corte en terracota, Dinast\u00eda Tang, 618-906 d.C."},"content":{"rendered":"<p style=\"text-align: justify;\">El alto dignatario aparece de pie sobre una estilizada base de rocalla, con las manos juntas sobre el pecho, tocado con un gorro alto de doble l\u00f3bulo, t\u00fanica larga de color rojo oscuro y mangas anchas, que se mantiene alejada del suelo gracias a unos grandes zapatos tradicionales volteados.<\/p>\n<p style=\"text-align: justify;\">La dinast\u00eda Tang est\u00e1 considerada por los historiadores como un momento de esplendor de la civilizaci\u00f3n china, igual o incluso superior al periodo Han. Surgida tras un periodo de despotismo bajo el reinado del cruel Yang Di, fue instaurada por Li Shimin quien, movido por piedad filiar, puso a su padre en el trono antes de asumir \u00e9l mismo la funci\u00f3n de emperador y fundar la dinast\u00eda Tang. Estimulado por el contacto con India y Oriente Medio, a trav\u00e9s de la Ruta de la Seda, el imperio Tang vivi\u00f3 un auge creativo en numerosos campos. El budismo, que hab\u00eda surgido en India en la \u00e9poca de Confucio, continu\u00f3 floreciendo durante este periodo y fue adoptado por la familia imperial, convirti\u00e9ndose en una parte esencial de la cultura tradicional china. La gran apertura cultural tendr\u00e1 como resultado un arte fundamentalmente colorista, expresivo y muy ecl\u00e9ctico, si bien contin\u00faa siendo principalmente de uso funerario, donde el artista sigue siendo artesano an\u00f3nimo.<\/p>","protected":false},"excerpt":{"rendered":"<p>El alto dignatario aparece de pie sobre una estilizada base de rocalla, con las manos juntas sobre el pecho, tocado con un gorro alto de doble l\u00f3bulo, t\u00fanica larga de color rojo oscuro y mangas anchas, que se mantiene alejada del suelo gracias a unos grandes zapatos tradicionales volteados. La dinast\u00eda Tang est\u00e1 considerada por &hellip;<\/p>\n<p class=\"read-more\"> <a class=\"\" href=\"https:\/\/ifergangallery.com\/es\/piece\/chinese-tang-dynasty-terracotta-figure-of-a-court-dignatary-circa-618-907-ad\/\"> <span class=\"screen-reader-text\">Figura china de dignatario de la corte en terracota, Dinast\u00eda Tang, 618-906 d.C.<\/span> Leer m\u00e1s &raquo;<\/a><\/p>","protected":false},"featured_media":14709,"comment_status":"closed","ping_status":"closed","template":"","meta":{"spay_email":""},"product_cat":[661,786],"product_tag":[820,807],"yoast_head":"<!-- This site is optimized with the Yoast SEO Premium plugin v17.6 (Yoast SEO v17.6) - https:\/\/yoast.com\/wordpress\/plugins\/seo\/ -->\n<title>Figura china de dignatario de la corte en terracota, Dinast\u00eda Tang, 618-906 d.C. &ndash; Ifergan Gallery<\/title>\n<meta name=\"robots\" content=\"index, follow, max-snippet:-1, max-image-preview:large, max-video-preview:-1\" \/>\n<link rel=\"canonical\" href=\"https:\/\/ifergangallery.com\/es\/piece\/chinese-tang-dynasty-terracotta-figure-of-a-court-dignatary-circa-618-907-ad\/\" \/>\n<meta property=\"og:locale\" content=\"es_ES\" \/>\n<meta property=\"og:type\" content=\"article\" \/>\n<meta property=\"og:title\" content=\"Figura china de dignatario de la corte en terracota, Dinast\u00eda Tang, 618-906 d.C.\" \/>\n<meta property=\"og:description\" content=\"El alto dignatario aparece de pie sobre una estilizada base de rocalla, con las manos juntas sobre el pecho, tocado con un gorro alto de doble l\u00f3bulo, t\u00fanica larga de color rojo oscuro y mangas anchas, que se mantiene alejada del suelo gracias a unos grandes zapatos tradicionales volteados. La dinast\u00eda Tang est\u00e1 considerada por &hellip; Figura china de dignatario de la corte en terracota, Dinast\u00eda Tang, 618-906 d.C. Leer m\u00e1s &raquo;\" \/>\n<meta property=\"og:url\" content=\"https:\/\/ifergangallery.com\/es\/piece\/chinese-tang-dynasty-terracotta-figure-of-a-court-dignatary-circa-618-907-ad\/\" \/>\n<meta property=\"og:site_name\" content=\"Ifergan Gallery\" \/>\n<meta property=\"article:publisher\" content=\"https:\/\/www.facebook.com\/Ifergancollectionmalaga\" \/>\n<meta property=\"article:modified_time\" content=\"2025-03-20T10:25:20+00:00\" \/>\n<meta property=\"og:image\" content=\"https:\/\/ifergangallery.com\/wp-content\/uploads\/2024\/04\/mac001-2-2.jpg\" \/>\n\t<meta property=\"og:image:width\" content=\"2048\" \/>\n\t<meta property=\"og:image:height\" content=\"2048\" \/>\n<meta name=\"twitter:card\" content=\"summary_large_image\" \/>\n<meta name=\"twitter:site\" content=\"@Ifergangallery\" \/>\n<meta name=\"twitter:label1\" content=\"Tiempo de lectura\" \/>\n\t<meta name=\"twitter:data1\" content=\"1 minuto\" \/>\n<script type=\"application\/ld+json\" class=\"yoast-schema-graph\">{\"@context\":\"https:\/\/schema.org\",\"@graph\":[{\"@type\":\"Organization\",\"@id\":\"https:\/\/ifergangallery.com\/#organization\",\"name\":\"Ifergan Gallery\",\"url\":\"https:\/\/ifergangallery.com\/\",\"sameAs\":[\"https:\/\/www.facebook.com\/Ifergancollectionmalaga\",\"https:\/\/www.instagram.com\/ifergangallery\/\",\"https:\/\/www.youtube.com\/channel\/UC2O2zZ9BJKhbUFOnu_5mE3g\",\"https:\/\/twitter.com\/Ifergangallery\"],\"logo\":{\"@type\":\"ImageObject\",\"@id\":\"https:\/\/ifergangallery.com\/#logo\",\"inLanguage\":\"es\",\"url\":\"https:\/\/ifergangallery.com\/wp-content\/uploads\/2021\/09\/Imagotipo_blanco-e1637271379231.png\",\"contentUrl\":\"https:\/\/ifergangallery.com\/wp-content\/uploads\/2021\/09\/Imagotipo_blanco-e1637271379231.png\",\"width\":1920,\"height\":1065,\"caption\":\"Ifergan Gallery\"},\"image\":{\"@id\":\"https:\/\/ifergangallery.com\/#logo\"}},{\"@type\":\"WebSite\",\"@id\":\"https:\/\/ifergangallery.com\/#website\",\"url\":\"https:\/\/ifergangallery.com\/\",\"name\":\"Ifergan Gallery\",\"description\":\"Ancient Art Gallery\",\"publisher\":{\"@id\":\"https:\/\/ifergangallery.com\/#organization\"},\"potentialAction\":[{\"@type\":\"SearchAction\",\"target\":{\"@type\":\"EntryPoint\",\"urlTemplate\":\"https:\/\/ifergangallery.com\/?s={search_term_string}\"},\"query-input\":\"required name=search_term_string\"}],\"inLanguage\":\"es\"},{\"@type\":\"ImageObject\",\"@id\":\"https:\/\/ifergangallery.com\/es\/piece\/chinese-tang-dynasty-terracotta-figure-of-a-court-dignatary-circa-618-907-ad\/#primaryimage\",\"inLanguage\":\"es\",\"url\":\"https:\/\/ifergangallery.com\/wp-content\/uploads\/2024\/04\/mac001-2-2.jpg\",\"contentUrl\":\"https:\/\/ifergangallery.com\/wp-content\/uploads\/2024\/04\/mac001-2-2.jpg\",\"width\":2048,\"height\":2048},{\"@type\":\"WebPage\",\"@id\":\"https:\/\/ifergangallery.com\/es\/piece\/chinese-tang-dynasty-terracotta-figure-of-a-court-dignatary-circa-618-907-ad\/#webpage\",\"url\":\"https:\/\/ifergangallery.com\/es\/piece\/chinese-tang-dynasty-terracotta-figure-of-a-court-dignatary-circa-618-907-ad\/\",\"name\":\"Figura china de dignatario de la corte en terracota, Dinast\\u00eda Tang, 618-906 d.C. &ndash; Ifergan Gallery\",\"isPartOf\":{\"@id\":\"https:\/\/ifergangallery.com\/#website\"},\"primaryImageOfPage\":{\"@id\":\"https:\/\/ifergangallery.com\/es\/piece\/chinese-tang-dynasty-terracotta-figure-of-a-court-dignatary-circa-618-907-ad\/#primaryimage\"},\"datePublished\":\"2022-11-12T07:54:36+00:00\",\"dateModified\":\"2025-03-20T10:25:20+00:00\",\"breadcrumb\":{\"@id\":\"https:\/\/ifergangallery.com\/es\/piece\/chinese-tang-dynasty-terracotta-figure-of-a-court-dignatary-circa-618-907-ad\/#breadcrumb\"},\"inLanguage\":\"es\",\"potentialAction\":[{\"@type\":\"ReadAction\",\"target\":[\"https:\/\/ifergangallery.com\/es\/piece\/chinese-tang-dynasty-terracotta-figure-of-a-court-dignatary-circa-618-907-ad\/\"]}]},{\"@type\":\"BreadcrumbList\",\"@id\":\"https:\/\/ifergangallery.com\/es\/piece\/chinese-tang-dynasty-terracotta-figure-of-a-court-dignatary-circa-618-907-ad\/#breadcrumb\",\"itemListElement\":[{\"@type\":\"ListItem\",\"position\":1,\"name\":\"Home\",\"item\":\"https:\/\/ifergangallery.com\/es\/\"},{\"@type\":\"ListItem\",\"position\":2,\"name\":\"Works of art\",\"item\":\"https:\/\/ifergangallery.com\/es\/works_of_art\/\"},{\"@type\":\"ListItem\",\"position\":3,\"name\":\"Figura china de dignatario de la corte en terracota, Dinast\\u00eda Tang, 618-906 d.C.\"}]}]}<\/script>\n<!-- \/ Yoast SEO Premium plugin. -->","yoast_head_json":{"title":"Figura china de dignatario de la corte en terracota, Dinast\u00eda Tang, 618-906 d.C. &ndash; Ifergan Gallery","robots":{"index":"index","follow":"follow","max-snippet":"max-snippet:-1","max-image-preview":"max-image-preview:large","max-video-preview":"max-video-preview:-1"},"canonical":"https:\/\/ifergangallery.com\/es\/piece\/chinese-tang-dynasty-terracotta-figure-of-a-court-dignatary-circa-618-907-ad\/","og_locale":"es_ES","og_type":"article","og_title":"Figura china de dignatario de la corte en terracota, Dinast\u00eda Tang, 618-906 d.C.","og_description":"El alto dignatario aparece de pie sobre una estilizada base de rocalla, con las manos juntas sobre el pecho, tocado con un gorro alto de doble l\u00f3bulo, t\u00fanica larga de color rojo oscuro y mangas anchas, que se mantiene alejada del suelo gracias a unos grandes zapatos tradicionales volteados. La dinast\u00eda Tang est\u00e1 considerada por &hellip; Figura china de dignatario de la corte en terracota, Dinast\u00eda Tang, 618-906 d.C. Leer m\u00e1s &raquo;","og_url":"https:\/\/ifergangallery.com\/es\/piece\/chinese-tang-dynasty-terracotta-figure-of-a-court-dignatary-circa-618-907-ad\/","og_site_name":"Ifergan Gallery","article_publisher":"https:\/\/www.facebook.com\/Ifergancollectionmalaga","article_modified_time":"2025-03-20T10:25:20+00:00","og_image":[{"width":2048,"height":2048,"url":"https:\/\/ifergangallery.com\/wp-content\/uploads\/2024\/04\/mac001-2-2.jpg","type":"image\/jpeg"}],"twitter_card":"summary_large_image","twitter_site":"@Ifergangallery","twitter_misc":{"Tiempo de lectura":"1 minuto"},"schema":{"@context":"https:\/\/schema.org","@graph":[{"@type":"Organization","@id":"https:\/\/ifergangallery.com\/#organization","name":"Ifergan Gallery","url":"https:\/\/ifergangallery.com\/","sameAs":["https:\/\/www.facebook.com\/Ifergancollectionmalaga","https:\/\/www.instagram.com\/ifergangallery\/","https:\/\/www.youtube.com\/channel\/UC2O2zZ9BJKhbUFOnu_5mE3g","https:\/\/twitter.com\/Ifergangallery"],"logo":{"@type":"ImageObject","@id":"https:\/\/ifergangallery.com\/#logo","inLanguage":"es","url":"https:\/\/ifergangallery.com\/wp-content\/uploads\/2021\/09\/Imagotipo_blanco-e1637271379231.png","contentUrl":"https:\/\/ifergangallery.com\/wp-content\/uploads\/2021\/09\/Imagotipo_blanco-e1637271379231.png","width":1920,"height":1065,"caption":"Ifergan Gallery"},"image":{"@id":"https:\/\/ifergangallery.com\/#logo"}},{"@type":"WebSite","@id":"https:\/\/ifergangallery.com\/#website","url":"https:\/\/ifergangallery.com\/","name":"Ifergan Gallery","description":"Ancient Art Gallery","publisher":{"@id":"https:\/\/ifergangallery.com\/#organization"},"potentialAction":[{"@type":"SearchAction","target":{"@type":"EntryPoint","urlTemplate":"https:\/\/ifergangallery.com\/?s={search_term_string}"},"query-input":"required name=search_term_string"}],"inLanguage":"es"},{"@type":"ImageObject","@id":"https:\/\/ifergangallery.com\/es\/piece\/chinese-tang-dynasty-terracotta-figure-of-a-court-dignatary-circa-618-907-ad\/#primaryimage","inLanguage":"es","url":"https:\/\/ifergangallery.com\/wp-content\/uploads\/2024\/04\/mac001-2-2.jpg","contentUrl":"https:\/\/ifergangallery.com\/wp-content\/uploads\/2024\/04\/mac001-2-2.jpg","width":2048,"height":2048},{"@type":"WebPage","@id":"https:\/\/ifergangallery.com\/es\/piece\/chinese-tang-dynasty-terracotta-figure-of-a-court-dignatary-circa-618-907-ad\/#webpage","url":"https:\/\/ifergangallery.com\/es\/piece\/chinese-tang-dynasty-terracotta-figure-of-a-court-dignatary-circa-618-907-ad\/","name":"Figura china de dignatario de la corte en terracota, Dinast\u00eda Tang, 618-906 d.C. &ndash; Ifergan Gallery","isPartOf":{"@id":"https:\/\/ifergangallery.com\/#website"},"primaryImageOfPage":{"@id":"https:\/\/ifergangallery.com\/es\/piece\/chinese-tang-dynasty-terracotta-figure-of-a-court-dignatary-circa-618-907-ad\/#primaryimage"},"datePublished":"2022-11-12T07:54:36+00:00","dateModified":"2025-03-20T10:25:20+00:00","breadcrumb":{"@id":"https:\/\/ifergangallery.com\/es\/piece\/chinese-tang-dynasty-terracotta-figure-of-a-court-dignatary-circa-618-907-ad\/#breadcrumb"},"inLanguage":"es","potentialAction":[{"@type":"ReadAction","target":["https:\/\/ifergangallery.com\/es\/piece\/chinese-tang-dynasty-terracotta-figure-of-a-court-dignatary-circa-618-907-ad\/"]}]},{"@type":"BreadcrumbList","@id":"https:\/\/ifergangallery.com\/es\/piece\/chinese-tang-dynasty-terracotta-figure-of-a-court-dignatary-circa-618-907-ad\/#breadcrumb","itemListElement":[{"@type":"ListItem","position":1,"name":"Home","item":"https:\/\/ifergangallery.com\/es\/"},{"@type":"ListItem","position":2,"name":"Works of art","item":"https:\/\/ifergangallery.com\/es\/works_of_art\/"},{"@type":"ListItem","position":3,"name":"Figura china de dignatario de la corte en terracota, Dinast\u00eda Tang, 618-906 d.C."}]}]}},"_links":{"self":[{"href":"https:\/\/ifergangallery.com\/es\/wp-json\/wp\/v2\/product\/14598"}],"collection":[{"href":"https:\/\/ifergangallery.com\/es\/wp-json\/wp\/v2\/product"}],"about":[{"href":"https:\/\/ifergangallery.com\/es\/wp-json\/wp\/v2\/types\/product"}],"replies":[{"embeddable":true,"href":"https:\/\/ifergangallery.com\/es\/wp-json\/wp\/v2\/comments?post=14598"}],"wp:featuredmedia":[{"embeddable":true,"href":"https:\/\/ifergangallery.com\/es\/wp-json\/wp\/v2\/media\/14709"}],"wp:attachment":[{"href":"https:\/\/ifergangallery.com\/es\/wp-json\/wp\/v2\/media?parent=14598"}],"wp:term":[{"taxonomy":"product_cat","embeddable":true,"href":"https:\/\/ifergangallery.com\/es\/wp-json\/wp\/v2\/product_cat?post=14598"},{"taxonomy":"product_tag","embeddable":true,"href":"https:\/\/ifergangallery.com\/es\/wp-json\/wp\/v2\/product_tag?post=14598"}],"curies":[{"name":"wp","href":"https:\/\/api.w.org\/{rel}","templated":true}]}}