{"id":14615,"date":"2024-11-19T11:34:17","date_gmt":"2024-11-19T11:34:17","guid":{"rendered":"https:\/\/ifergangallery.com\/?post_type=product&#038;p=14615"},"modified":"2026-03-11T10:31:16","modified_gmt":"2026-03-11T10:31:16","slug":"ushebti-de-fayenza-del-general-padj-horem-hab-antiguo-egipto-periodo-tardio-dinastias-xxvi-xxvii-664-525-a-c","status":"publish","type":"product","link":"https:\/\/ifergangallery.com\/es\/piece\/ushebti-de-fayenza-del-general-padj-horem-hab-antiguo-egipto-periodo-tardio-dinastias-xxvi-xxvii-664-525-a-c\/","title":{"rendered":"Ushebti de fayenza del general Padj-Horem-Hab, Antiguo Egipto, Periodo Tard\u00edo, Dinast\u00edas XXVI-XXVII, 664-525 a.C."},"content":{"rendered":"<p style=\"text-align: justify;\"><span dir=\"auto\" style=\"vertical-align: inherit;\"><span dir=\"auto\" style=\"vertical-align: inherit;\"><span dir=\"auto\" style=\"vertical-align: inherit;\"><span dir=\"auto\" style=\"vertical-align: inherit;\">Ushebti del general Padjhoremhab de fayenza vidriada azul claro con jerogl\u00edficos azules. Figura en forma de momia con peluca lisa en tres partes, las manos cruzadas sobre el pecho, con un cesto de semillas y un arado de mano. Sencillo pilar posterior en la espalda. Hermosa sonrisa sa\u00edtica. Inscripci\u00f3n jerogl\u00edfica vertical sobre el cuerpo: <\/span><\/span><\/span><\/span><em><span dir=\"auto\" style=\"vertical-align: inherit;\"><span dir=\"auto\" style=\"vertical-align: inherit;\"><span dir=\"auto\" style=\"vertical-align: inherit;\"><span dir=\"auto\" style=\"vertical-align: inherit;\">&#8220;Padj-horem-hab (General) nacido de Bastet-herti&#8221;<\/span><\/span><\/span><\/span><\/em><span dir=\"auto\" style=\"vertical-align: inherit;\"><span dir=\"auto\" style=\"vertical-align: inherit;\"><span dir=\"auto\" style=\"vertical-align: inherit;\"><span dir=\"auto\" style=\"vertical-align: inherit;\"> . El ushabti se caracteriza por una gran delicadeza de rasgos faciales y jerogl\u00edficos.<\/span><\/span><\/span><\/span><\/p>\n<p style=\"text-align: justify;\"><span dir=\"auto\" style=\"vertical-align: inherit;\"><span dir=\"auto\" style=\"vertical-align: inherit;\"><span dir=\"auto\" style=\"vertical-align: inherit;\"><span dir=\"auto\" style=\"vertical-align: inherit;\">Excavado por Gaston Maspero y su restaurador Allesandro Barsanti cerca de la pir\u00e1mide de Unas, en Saqqara, hacia 1890. Maspero (Par\u00eds, 1846-1916) Egipt\u00f3logo franc\u00e9s de origen italiano, uno de los m\u00e1s importantes de su generaci\u00f3n. A los catorce a\u00f1os de edad entr\u00f3 en contacto con el mundo de los jerogl\u00edficos, en el que pronto revel\u00f3 grandes habilidades. Se dice que a los veinti\u00fan a\u00f1os recibi\u00f3 de Mariette dos nuevas inscripciones recientemente descubiertas, y los tradujo con \u00e9xito en menos de dos semanas.<\/span><\/span><\/span><\/span><\/p>\n<p style=\"text-align: justify;\"><span dir=\"auto\" style=\"vertical-align: inherit;\"><span dir=\"auto\" style=\"vertical-align: inherit;\"><span dir=\"auto\" style=\"vertical-align: inherit;\"><span dir=\"auto\" style=\"vertical-align: inherit;\">Doctorado en Letras en 1873, imparti\u00f3 clases de arqueolog\u00eda y filolog\u00eda egipcias en el Coll\u00e8ge de France. En 1880 encabez\u00f3 una misi\u00f3n arqueol\u00f3gica a Egipto, que constituir\u00eda la base para la posterior creaci\u00f3n del Instituto Franc\u00e9s de Arqueolog\u00eda Oriental, con sede en El Cairo, en 1898. En Egipto, pronto se convirti\u00f3 en el sucesor de Mariette y lleg\u00f3 a ser director del Servicio de Antig\u00fcedades, del que fue uno de sus mayores impulsores.<\/span><\/span><\/span><\/span><\/p>\n<p><strong>Nota sobre la pieza<\/strong><\/p>\n<p>Para ampliar m\u00e1s informaci\u00f3n sobre la pieza puede hacer click <a href=\"https:\/\/ifergangallery.com\/es\/news\/16541\/\" target=\"_blank\" rel=\"noopener\">aqu\u00ed<\/a> en nuestro apartado de noticias: <a href=\"https:\/\/ifergangallery.com\/news\/16544\/\" target=\"_blank\" rel=\"noopener\">https:\/\/ifergangallery.com\/news\/16541\/<\/a><\/p>","protected":false},"excerpt":{"rendered":"<p>Ushebti del general Padjhoremhab de fayenza vidriada azul claro con jerogl\u00edficos azules. Figura en forma de momia con peluca lisa en tres partes, las manos cruzadas sobre el pecho, con un cesto de semillas y un arado de mano. Sencillo pilar posterior en la espalda. Hermosa sonrisa sa\u00edtica. Inscripci\u00f3n jerogl\u00edfica vertical sobre el cuerpo: &#8220;Padj-horem-hab &hellip;<\/p>\n<p class=\"read-more\"> <a class=\"\" href=\"https:\/\/ifergangallery.com\/es\/piece\/ushebti-de-fayenza-del-general-padj-horem-hab-antiguo-egipto-periodo-tardio-dinastias-xxvi-xxvii-664-525-a-c\/\"> <span class=\"screen-reader-text\">Ushebti de fayenza del general Padj-Horem-Hab, Antiguo Egipto, Periodo Tard\u00edo, Dinast\u00edas XXVI-XXVII, 664-525 a.C.<\/span> Leer m\u00e1s &raquo;<\/a><\/p>","protected":false},"featured_media":14803,"comment_status":"closed","ping_status":"closed","template":"","meta":{"spay_email":""},"product_cat":[110],"product_tag":[802,812,581],"yoast_head":"<!-- This site is optimized with the Yoast SEO Premium plugin v17.6 (Yoast SEO v17.6) - https:\/\/yoast.com\/wordpress\/plugins\/seo\/ -->\n<title>Ushebti de fayenza del general Padj-Horem-Hab, Antiguo Egipto, Periodo Tard\u00edo, Dinast\u00edas XXVI-XXVII, 664-525 a.C. &ndash; Ifergan Gallery<\/title>\n<meta name=\"robots\" content=\"index, follow, max-snippet:-1, max-image-preview:large, max-video-preview:-1\" \/>\n<link rel=\"canonical\" href=\"https:\/\/ifergangallery.com\/es\/piece\/ushebti-de-fayenza-del-general-padj-horem-hab-antiguo-egipto-periodo-tardio-dinastias-xxvi-xxvii-664-525-a-c\/\" \/>\n<meta property=\"og:locale\" content=\"es_ES\" \/>\n<meta property=\"og:type\" content=\"article\" \/>\n<meta property=\"og:title\" content=\"Ushebti de fayenza del general Padj-Horem-Hab, Antiguo Egipto, Periodo Tard\u00edo, Dinast\u00edas XXVI-XXVII, 664-525 a.C.\" \/>\n<meta property=\"og:description\" content=\"Ushebti del general Padjhoremhab de fayenza vidriada azul claro con jerogl\u00edficos azules. Figura en forma de momia con peluca lisa en tres partes, las manos cruzadas sobre el pecho, con un cesto de semillas y un arado de mano. Sencillo pilar posterior en la espalda. Hermosa sonrisa sa\u00edtica. Inscripci\u00f3n jerogl\u00edfica vertical sobre el cuerpo: &#8220;Padj-horem-hab &hellip; Ushebti de fayenza del general Padj-Horem-Hab, Antiguo Egipto, Periodo Tard\u00edo, Dinast\u00edas XXVI-XXVII, 664-525 a.C. Leer m\u00e1s &raquo;\" \/>\n<meta property=\"og:url\" content=\"https:\/\/ifergangallery.com\/es\/piece\/ushebti-de-fayenza-del-general-padj-horem-hab-antiguo-egipto-periodo-tardio-dinastias-xxvi-xxvii-664-525-a-c\/\" \/>\n<meta property=\"og:site_name\" content=\"Ifergan Gallery\" \/>\n<meta property=\"article:publisher\" content=\"https:\/\/www.facebook.com\/Ifergancollectionmalaga\" \/>\n<meta property=\"article:modified_time\" content=\"2026-03-11T10:31:16+00:00\" \/>\n<meta property=\"og:image\" content=\"https:\/\/ifergangallery.com\/wp-content\/uploads\/2024\/04\/twe001-8-2.jpg\" \/>\n\t<meta property=\"og:image:width\" content=\"2048\" \/>\n\t<meta property=\"og:image:height\" content=\"2048\" \/>\n<meta name=\"twitter:card\" content=\"summary_large_image\" \/>\n<meta name=\"twitter:site\" content=\"@Ifergangallery\" \/>\n<meta name=\"twitter:label1\" content=\"Tiempo de lectura\" \/>\n\t<meta name=\"twitter:data1\" content=\"2 minutos\" \/>\n<script type=\"application\/ld+json\" class=\"yoast-schema-graph\">{\"@context\":\"https:\/\/schema.org\",\"@graph\":[{\"@type\":\"Organization\",\"@id\":\"https:\/\/ifergangallery.com\/#organization\",\"name\":\"Ifergan Gallery\",\"url\":\"https:\/\/ifergangallery.com\/\",\"sameAs\":[\"https:\/\/www.facebook.com\/Ifergancollectionmalaga\",\"https:\/\/www.instagram.com\/ifergangallery\/\",\"https:\/\/www.youtube.com\/channel\/UC2O2zZ9BJKhbUFOnu_5mE3g\",\"https:\/\/twitter.com\/Ifergangallery\"],\"logo\":{\"@type\":\"ImageObject\",\"@id\":\"https:\/\/ifergangallery.com\/#logo\",\"inLanguage\":\"es\",\"url\":\"https:\/\/ifergangallery.com\/wp-content\/uploads\/2021\/09\/Imagotipo_blanco-e1637271379231.png\",\"contentUrl\":\"https:\/\/ifergangallery.com\/wp-content\/uploads\/2021\/09\/Imagotipo_blanco-e1637271379231.png\",\"width\":1920,\"height\":1065,\"caption\":\"Ifergan Gallery\"},\"image\":{\"@id\":\"https:\/\/ifergangallery.com\/#logo\"}},{\"@type\":\"WebSite\",\"@id\":\"https:\/\/ifergangallery.com\/#website\",\"url\":\"https:\/\/ifergangallery.com\/\",\"name\":\"Ifergan Gallery\",\"description\":\"Ancient Art Gallery\",\"publisher\":{\"@id\":\"https:\/\/ifergangallery.com\/#organization\"},\"potentialAction\":[{\"@type\":\"SearchAction\",\"target\":{\"@type\":\"EntryPoint\",\"urlTemplate\":\"https:\/\/ifergangallery.com\/?s={search_term_string}\"},\"query-input\":\"required name=search_term_string\"}],\"inLanguage\":\"es\"},{\"@type\":\"ImageObject\",\"@id\":\"https:\/\/ifergangallery.com\/es\/piece\/ushebti-de-fayenza-del-general-padj-horem-hab-antiguo-egipto-periodo-tardio-dinastias-xxvi-xxvii-664-525-a-c\/#primaryimage\",\"inLanguage\":\"es\",\"url\":\"https:\/\/ifergangallery.com\/wp-content\/uploads\/2024\/04\/twe001-8-2.jpg\",\"contentUrl\":\"https:\/\/ifergangallery.com\/wp-content\/uploads\/2024\/04\/twe001-8-2.jpg\",\"width\":2048,\"height\":2048},{\"@type\":\"WebPage\",\"@id\":\"https:\/\/ifergangallery.com\/es\/piece\/ushebti-de-fayenza-del-general-padj-horem-hab-antiguo-egipto-periodo-tardio-dinastias-xxvi-xxvii-664-525-a-c\/#webpage\",\"url\":\"https:\/\/ifergangallery.com\/es\/piece\/ushebti-de-fayenza-del-general-padj-horem-hab-antiguo-egipto-periodo-tardio-dinastias-xxvi-xxvii-664-525-a-c\/\",\"name\":\"Ushebti de fayenza del general Padj-Horem-Hab, Antiguo Egipto, Periodo Tard\\u00edo, Dinast\\u00edas XXVI-XXVII, 664-525 a.C. &ndash; Ifergan Gallery\",\"isPartOf\":{\"@id\":\"https:\/\/ifergangallery.com\/#website\"},\"primaryImageOfPage\":{\"@id\":\"https:\/\/ifergangallery.com\/es\/piece\/ushebti-de-fayenza-del-general-padj-horem-hab-antiguo-egipto-periodo-tardio-dinastias-xxvi-xxvii-664-525-a-c\/#primaryimage\"},\"datePublished\":\"2024-11-19T11:34:17+00:00\",\"dateModified\":\"2026-03-11T10:31:16+00:00\",\"breadcrumb\":{\"@id\":\"https:\/\/ifergangallery.com\/es\/piece\/ushebti-de-fayenza-del-general-padj-horem-hab-antiguo-egipto-periodo-tardio-dinastias-xxvi-xxvii-664-525-a-c\/#breadcrumb\"},\"inLanguage\":\"es\",\"potentialAction\":[{\"@type\":\"ReadAction\",\"target\":[\"https:\/\/ifergangallery.com\/es\/piece\/ushebti-de-fayenza-del-general-padj-horem-hab-antiguo-egipto-periodo-tardio-dinastias-xxvi-xxvii-664-525-a-c\/\"]}]},{\"@type\":\"BreadcrumbList\",\"@id\":\"https:\/\/ifergangallery.com\/es\/piece\/ushebti-de-fayenza-del-general-padj-horem-hab-antiguo-egipto-periodo-tardio-dinastias-xxvi-xxvii-664-525-a-c\/#breadcrumb\",\"itemListElement\":[{\"@type\":\"ListItem\",\"position\":1,\"name\":\"Home\",\"item\":\"https:\/\/ifergangallery.com\/es\/\"},{\"@type\":\"ListItem\",\"position\":2,\"name\":\"Works of art\",\"item\":\"https:\/\/ifergangallery.com\/es\/works_of_art\/\"},{\"@type\":\"ListItem\",\"position\":3,\"name\":\"Ushebti de fayenza del general Padj-Horem-Hab, Antiguo Egipto, Periodo Tard\\u00edo, Dinast\\u00edas XXVI-XXVII, 664-525 a.C.\"}]}]}<\/script>\n<!-- \/ Yoast SEO Premium plugin. -->","yoast_head_json":{"title":"Ushebti de fayenza del general Padj-Horem-Hab, Antiguo Egipto, Periodo Tard\u00edo, Dinast\u00edas XXVI-XXVII, 664-525 a.C. &ndash; Ifergan Gallery","robots":{"index":"index","follow":"follow","max-snippet":"max-snippet:-1","max-image-preview":"max-image-preview:large","max-video-preview":"max-video-preview:-1"},"canonical":"https:\/\/ifergangallery.com\/es\/piece\/ushebti-de-fayenza-del-general-padj-horem-hab-antiguo-egipto-periodo-tardio-dinastias-xxvi-xxvii-664-525-a-c\/","og_locale":"es_ES","og_type":"article","og_title":"Ushebti de fayenza del general Padj-Horem-Hab, Antiguo Egipto, Periodo Tard\u00edo, Dinast\u00edas XXVI-XXVII, 664-525 a.C.","og_description":"Ushebti del general Padjhoremhab de fayenza vidriada azul claro con jerogl\u00edficos azules. Figura en forma de momia con peluca lisa en tres partes, las manos cruzadas sobre el pecho, con un cesto de semillas y un arado de mano. Sencillo pilar posterior en la espalda. Hermosa sonrisa sa\u00edtica. Inscripci\u00f3n jerogl\u00edfica vertical sobre el cuerpo: &#8220;Padj-horem-hab &hellip; Ushebti de fayenza del general Padj-Horem-Hab, Antiguo Egipto, Periodo Tard\u00edo, Dinast\u00edas XXVI-XXVII, 664-525 a.C. Leer m\u00e1s &raquo;","og_url":"https:\/\/ifergangallery.com\/es\/piece\/ushebti-de-fayenza-del-general-padj-horem-hab-antiguo-egipto-periodo-tardio-dinastias-xxvi-xxvii-664-525-a-c\/","og_site_name":"Ifergan Gallery","article_publisher":"https:\/\/www.facebook.com\/Ifergancollectionmalaga","article_modified_time":"2026-03-11T10:31:16+00:00","og_image":[{"width":2048,"height":2048,"url":"https:\/\/ifergangallery.com\/wp-content\/uploads\/2024\/04\/twe001-8-2.jpg","type":"image\/jpeg"}],"twitter_card":"summary_large_image","twitter_site":"@Ifergangallery","twitter_misc":{"Tiempo de lectura":"2 minutos"},"schema":{"@context":"https:\/\/schema.org","@graph":[{"@type":"Organization","@id":"https:\/\/ifergangallery.com\/#organization","name":"Ifergan Gallery","url":"https:\/\/ifergangallery.com\/","sameAs":["https:\/\/www.facebook.com\/Ifergancollectionmalaga","https:\/\/www.instagram.com\/ifergangallery\/","https:\/\/www.youtube.com\/channel\/UC2O2zZ9BJKhbUFOnu_5mE3g","https:\/\/twitter.com\/Ifergangallery"],"logo":{"@type":"ImageObject","@id":"https:\/\/ifergangallery.com\/#logo","inLanguage":"es","url":"https:\/\/ifergangallery.com\/wp-content\/uploads\/2021\/09\/Imagotipo_blanco-e1637271379231.png","contentUrl":"https:\/\/ifergangallery.com\/wp-content\/uploads\/2021\/09\/Imagotipo_blanco-e1637271379231.png","width":1920,"height":1065,"caption":"Ifergan Gallery"},"image":{"@id":"https:\/\/ifergangallery.com\/#logo"}},{"@type":"WebSite","@id":"https:\/\/ifergangallery.com\/#website","url":"https:\/\/ifergangallery.com\/","name":"Ifergan Gallery","description":"Ancient Art Gallery","publisher":{"@id":"https:\/\/ifergangallery.com\/#organization"},"potentialAction":[{"@type":"SearchAction","target":{"@type":"EntryPoint","urlTemplate":"https:\/\/ifergangallery.com\/?s={search_term_string}"},"query-input":"required name=search_term_string"}],"inLanguage":"es"},{"@type":"ImageObject","@id":"https:\/\/ifergangallery.com\/es\/piece\/ushebti-de-fayenza-del-general-padj-horem-hab-antiguo-egipto-periodo-tardio-dinastias-xxvi-xxvii-664-525-a-c\/#primaryimage","inLanguage":"es","url":"https:\/\/ifergangallery.com\/wp-content\/uploads\/2024\/04\/twe001-8-2.jpg","contentUrl":"https:\/\/ifergangallery.com\/wp-content\/uploads\/2024\/04\/twe001-8-2.jpg","width":2048,"height":2048},{"@type":"WebPage","@id":"https:\/\/ifergangallery.com\/es\/piece\/ushebti-de-fayenza-del-general-padj-horem-hab-antiguo-egipto-periodo-tardio-dinastias-xxvi-xxvii-664-525-a-c\/#webpage","url":"https:\/\/ifergangallery.com\/es\/piece\/ushebti-de-fayenza-del-general-padj-horem-hab-antiguo-egipto-periodo-tardio-dinastias-xxvi-xxvii-664-525-a-c\/","name":"Ushebti de fayenza del general Padj-Horem-Hab, Antiguo Egipto, Periodo Tard\u00edo, Dinast\u00edas XXVI-XXVII, 664-525 a.C. &ndash; Ifergan Gallery","isPartOf":{"@id":"https:\/\/ifergangallery.com\/#website"},"primaryImageOfPage":{"@id":"https:\/\/ifergangallery.com\/es\/piece\/ushebti-de-fayenza-del-general-padj-horem-hab-antiguo-egipto-periodo-tardio-dinastias-xxvi-xxvii-664-525-a-c\/#primaryimage"},"datePublished":"2024-11-19T11:34:17+00:00","dateModified":"2026-03-11T10:31:16+00:00","breadcrumb":{"@id":"https:\/\/ifergangallery.com\/es\/piece\/ushebti-de-fayenza-del-general-padj-horem-hab-antiguo-egipto-periodo-tardio-dinastias-xxvi-xxvii-664-525-a-c\/#breadcrumb"},"inLanguage":"es","potentialAction":[{"@type":"ReadAction","target":["https:\/\/ifergangallery.com\/es\/piece\/ushebti-de-fayenza-del-general-padj-horem-hab-antiguo-egipto-periodo-tardio-dinastias-xxvi-xxvii-664-525-a-c\/"]}]},{"@type":"BreadcrumbList","@id":"https:\/\/ifergangallery.com\/es\/piece\/ushebti-de-fayenza-del-general-padj-horem-hab-antiguo-egipto-periodo-tardio-dinastias-xxvi-xxvii-664-525-a-c\/#breadcrumb","itemListElement":[{"@type":"ListItem","position":1,"name":"Home","item":"https:\/\/ifergangallery.com\/es\/"},{"@type":"ListItem","position":2,"name":"Works of art","item":"https:\/\/ifergangallery.com\/es\/works_of_art\/"},{"@type":"ListItem","position":3,"name":"Ushebti de fayenza del general Padj-Horem-Hab, Antiguo Egipto, Periodo Tard\u00edo, Dinast\u00edas XXVI-XXVII, 664-525 a.C."}]}]}},"_links":{"self":[{"href":"https:\/\/ifergangallery.com\/es\/wp-json\/wp\/v2\/product\/14615"}],"collection":[{"href":"https:\/\/ifergangallery.com\/es\/wp-json\/wp\/v2\/product"}],"about":[{"href":"https:\/\/ifergangallery.com\/es\/wp-json\/wp\/v2\/types\/product"}],"replies":[{"embeddable":true,"href":"https:\/\/ifergangallery.com\/es\/wp-json\/wp\/v2\/comments?post=14615"}],"wp:featuredmedia":[{"embeddable":true,"href":"https:\/\/ifergangallery.com\/es\/wp-json\/wp\/v2\/media\/14803"}],"wp:attachment":[{"href":"https:\/\/ifergangallery.com\/es\/wp-json\/wp\/v2\/media?parent=14615"}],"wp:term":[{"taxonomy":"product_cat","embeddable":true,"href":"https:\/\/ifergangallery.com\/es\/wp-json\/wp\/v2\/product_cat?post=14615"},{"taxonomy":"product_tag","embeddable":true,"href":"https:\/\/ifergangallery.com\/es\/wp-json\/wp\/v2\/product_tag?post=14615"}],"curies":[{"name":"wp","href":"https:\/\/api.w.org\/{rel}","templated":true}]}}