{"id":14914,"date":"2024-11-06T10:41:34","date_gmt":"2024-11-06T10:41:34","guid":{"rendered":"https:\/\/ifergangallery.com\/?post_type=product&#038;p=14914"},"modified":"2026-02-25T10:20:57","modified_gmt":"2026-02-25T10:20:57","slug":"torso-acefalo-de-eros-en-piedra-caliza-antigua-roma-siglos-ii-iii-d-c","status":"publish","type":"product","link":"https:\/\/ifergangallery.com\/es\/piece\/torso-acefalo-de-eros-en-piedra-caliza-antigua-roma-siglos-ii-iii-d-c\/","title":{"rendered":"Torso ac\u00e9falo de Eros en piedra caliza, Antigua Roma, Siglos II-III d.C."},"content":{"rendered":"<p><span dir=\"auto\" style=\"vertical-align: inherit;\"><span dir=\"auto\" style=\"vertical-align: inherit;\">El joven dios est\u00e1 representado desnudo, de pie con el peso sobre la pierna derecha. Un brazo est\u00e1 en una posici\u00f3n relajada hacia abajo, mientras que el otro est\u00e1 levantado, acentuando la tensi\u00f3n muscular en el cuerpo poderosamente modelado.<\/span><\/span><\/p>\n<p><span dir=\"auto\" style=\"vertical-align: inherit;\"><span dir=\"auto\" style=\"vertical-align: inherit;\">Aunque le falta la cabeza, el torso puede identificarse como el del dios sin la menor duda, dada la fisonom\u00eda t\u00edpica: est\u00e1 de pie, desnudo y tiene el f\u00edsico de un ni\u00f1o robusto. El dios griego Eros (Cupido era su hom\u00f3logo romano) era el dios primordial del amor y el deseo, y tambi\u00e9n estaba relacionado con la fertilidad. En algunos mitos, era hijo de Nyx y Erebus. Tambi\u00e9n figura como hijo de Afrodita y Ares, aunque seg\u00fan el Simposio de Plat\u00f3n, fue concebido por Poros y Penia en las celebraciones del cumplea\u00f1os de Afrodita. Esto explicar\u00eda los diferentes aspectos del amor.<\/span><\/span><\/p>","protected":false},"excerpt":{"rendered":"<p>El joven dios est\u00e1 representado desnudo, de pie con el peso sobre la pierna derecha. Un brazo est\u00e1 en una posici\u00f3n relajada hacia abajo, mientras que el otro est\u00e1 levantado, acentuando la tensi\u00f3n muscular en el cuerpo poderosamente modelado. Aunque le falta la cabeza, el torso puede identificarse como el del dios sin la menor &hellip;<\/p>\n<p class=\"read-more\"> <a class=\"\" href=\"https:\/\/ifergangallery.com\/es\/piece\/torso-acefalo-de-eros-en-piedra-caliza-antigua-roma-siglos-ii-iii-d-c\/\"> <span class=\"screen-reader-text\">Torso ac\u00e9falo de Eros en piedra caliza, Antigua Roma, Siglos II-III d.C.<\/span> Leer m\u00e1s &raquo;<\/a><\/p>","protected":false},"featured_media":14916,"comment_status":"closed","ping_status":"closed","template":"","meta":{"spay_email":""},"product_cat":[112,490],"product_tag":[758,798,816],"yoast_head":"<!-- This site is optimized with the Yoast SEO Premium plugin v17.6 (Yoast SEO v17.6) - https:\/\/yoast.com\/wordpress\/plugins\/seo\/ -->\n<title>Torso ac\u00e9falo de Eros en piedra caliza, Antigua Roma, Siglos II-III d.C. &ndash; Ifergan Gallery<\/title>\n<meta name=\"robots\" content=\"index, follow, max-snippet:-1, max-image-preview:large, max-video-preview:-1\" \/>\n<link rel=\"canonical\" href=\"https:\/\/ifergangallery.com\/es\/piece\/torso-acefalo-de-eros-en-piedra-caliza-antigua-roma-siglos-ii-iii-d-c\/\" \/>\n<meta property=\"og:locale\" content=\"es_ES\" \/>\n<meta property=\"og:type\" content=\"article\" \/>\n<meta property=\"og:title\" content=\"Torso ac\u00e9falo de Eros en piedra caliza, Antigua Roma, Siglos II-III d.C.\" \/>\n<meta property=\"og:description\" content=\"El joven dios est\u00e1 representado desnudo, de pie con el peso sobre la pierna derecha. Un brazo est\u00e1 en una posici\u00f3n relajada hacia abajo, mientras que el otro est\u00e1 levantado, acentuando la tensi\u00f3n muscular en el cuerpo poderosamente modelado. Aunque le falta la cabeza, el torso puede identificarse como el del dios sin la menor &hellip; Torso ac\u00e9falo de Eros en piedra caliza, Antigua Roma, Siglos II-III d.C. Leer m\u00e1s &raquo;\" \/>\n<meta property=\"og:url\" content=\"https:\/\/ifergangallery.com\/es\/piece\/torso-acefalo-de-eros-en-piedra-caliza-antigua-roma-siglos-ii-iii-d-c\/\" \/>\n<meta property=\"og:site_name\" content=\"Ifergan Gallery\" \/>\n<meta property=\"article:publisher\" content=\"https:\/\/www.facebook.com\/Ifergancollectionmalaga\" \/>\n<meta property=\"article:modified_time\" content=\"2026-02-25T10:20:57+00:00\" \/>\n<meta property=\"og:image\" content=\"https:\/\/ifergangallery.com\/wp-content\/uploads\/2024\/10\/dar002-2.jpg\" \/>\n\t<meta property=\"og:image:width\" content=\"2048\" \/>\n\t<meta property=\"og:image:height\" content=\"2048\" \/>\n<meta name=\"twitter:card\" content=\"summary_large_image\" \/>\n<meta name=\"twitter:site\" content=\"@Ifergangallery\" \/>\n<meta name=\"twitter:label1\" content=\"Tiempo de lectura\" \/>\n\t<meta name=\"twitter:data1\" content=\"1 minuto\" \/>\n<script type=\"application\/ld+json\" class=\"yoast-schema-graph\">{\"@context\":\"https:\/\/schema.org\",\"@graph\":[{\"@type\":\"Organization\",\"@id\":\"https:\/\/ifergangallery.com\/#organization\",\"name\":\"Ifergan Gallery\",\"url\":\"https:\/\/ifergangallery.com\/\",\"sameAs\":[\"https:\/\/www.facebook.com\/Ifergancollectionmalaga\",\"https:\/\/www.instagram.com\/ifergangallery\/\",\"https:\/\/www.youtube.com\/channel\/UC2O2zZ9BJKhbUFOnu_5mE3g\",\"https:\/\/twitter.com\/Ifergangallery\"],\"logo\":{\"@type\":\"ImageObject\",\"@id\":\"https:\/\/ifergangallery.com\/#logo\",\"inLanguage\":\"es\",\"url\":\"https:\/\/ifergangallery.com\/wp-content\/uploads\/2021\/09\/Imagotipo_blanco-e1637271379231.png\",\"contentUrl\":\"https:\/\/ifergangallery.com\/wp-content\/uploads\/2021\/09\/Imagotipo_blanco-e1637271379231.png\",\"width\":1920,\"height\":1065,\"caption\":\"Ifergan Gallery\"},\"image\":{\"@id\":\"https:\/\/ifergangallery.com\/#logo\"}},{\"@type\":\"WebSite\",\"@id\":\"https:\/\/ifergangallery.com\/#website\",\"url\":\"https:\/\/ifergangallery.com\/\",\"name\":\"Ifergan Gallery\",\"description\":\"Ancient Art Gallery\",\"publisher\":{\"@id\":\"https:\/\/ifergangallery.com\/#organization\"},\"potentialAction\":[{\"@type\":\"SearchAction\",\"target\":{\"@type\":\"EntryPoint\",\"urlTemplate\":\"https:\/\/ifergangallery.com\/?s={search_term_string}\"},\"query-input\":\"required name=search_term_string\"}],\"inLanguage\":\"es\"},{\"@type\":\"ImageObject\",\"@id\":\"https:\/\/ifergangallery.com\/es\/piece\/torso-acefalo-de-eros-en-piedra-caliza-antigua-roma-siglos-ii-iii-d-c\/#primaryimage\",\"inLanguage\":\"es\",\"url\":\"https:\/\/ifergangallery.com\/wp-content\/uploads\/2024\/10\/dar002-2.jpg\",\"contentUrl\":\"https:\/\/ifergangallery.com\/wp-content\/uploads\/2024\/10\/dar002-2.jpg\",\"width\":2048,\"height\":2048},{\"@type\":\"WebPage\",\"@id\":\"https:\/\/ifergangallery.com\/es\/piece\/torso-acefalo-de-eros-en-piedra-caliza-antigua-roma-siglos-ii-iii-d-c\/#webpage\",\"url\":\"https:\/\/ifergangallery.com\/es\/piece\/torso-acefalo-de-eros-en-piedra-caliza-antigua-roma-siglos-ii-iii-d-c\/\",\"name\":\"Torso ac\\u00e9falo de Eros en piedra caliza, Antigua Roma, Siglos II-III d.C. &ndash; Ifergan Gallery\",\"isPartOf\":{\"@id\":\"https:\/\/ifergangallery.com\/#website\"},\"primaryImageOfPage\":{\"@id\":\"https:\/\/ifergangallery.com\/es\/piece\/torso-acefalo-de-eros-en-piedra-caliza-antigua-roma-siglos-ii-iii-d-c\/#primaryimage\"},\"datePublished\":\"2024-11-06T10:41:34+00:00\",\"dateModified\":\"2026-02-25T10:20:57+00:00\",\"breadcrumb\":{\"@id\":\"https:\/\/ifergangallery.com\/es\/piece\/torso-acefalo-de-eros-en-piedra-caliza-antigua-roma-siglos-ii-iii-d-c\/#breadcrumb\"},\"inLanguage\":\"es\",\"potentialAction\":[{\"@type\":\"ReadAction\",\"target\":[\"https:\/\/ifergangallery.com\/es\/piece\/torso-acefalo-de-eros-en-piedra-caliza-antigua-roma-siglos-ii-iii-d-c\/\"]}]},{\"@type\":\"BreadcrumbList\",\"@id\":\"https:\/\/ifergangallery.com\/es\/piece\/torso-acefalo-de-eros-en-piedra-caliza-antigua-roma-siglos-ii-iii-d-c\/#breadcrumb\",\"itemListElement\":[{\"@type\":\"ListItem\",\"position\":1,\"name\":\"Home\",\"item\":\"https:\/\/ifergangallery.com\/es\/\"},{\"@type\":\"ListItem\",\"position\":2,\"name\":\"Works of art\",\"item\":\"https:\/\/ifergangallery.com\/es\/works_of_art\/\"},{\"@type\":\"ListItem\",\"position\":3,\"name\":\"Torso ac\\u00e9falo de Eros en piedra caliza, Antigua Roma, Siglos II-III d.C.\"}]}]}<\/script>\n<!-- \/ Yoast SEO Premium plugin. -->","yoast_head_json":{"title":"Torso ac\u00e9falo de Eros en piedra caliza, Antigua Roma, Siglos II-III d.C. &ndash; Ifergan Gallery","robots":{"index":"index","follow":"follow","max-snippet":"max-snippet:-1","max-image-preview":"max-image-preview:large","max-video-preview":"max-video-preview:-1"},"canonical":"https:\/\/ifergangallery.com\/es\/piece\/torso-acefalo-de-eros-en-piedra-caliza-antigua-roma-siglos-ii-iii-d-c\/","og_locale":"es_ES","og_type":"article","og_title":"Torso ac\u00e9falo de Eros en piedra caliza, Antigua Roma, Siglos II-III d.C.","og_description":"El joven dios est\u00e1 representado desnudo, de pie con el peso sobre la pierna derecha. Un brazo est\u00e1 en una posici\u00f3n relajada hacia abajo, mientras que el otro est\u00e1 levantado, acentuando la tensi\u00f3n muscular en el cuerpo poderosamente modelado. Aunque le falta la cabeza, el torso puede identificarse como el del dios sin la menor &hellip; Torso ac\u00e9falo de Eros en piedra caliza, Antigua Roma, Siglos II-III d.C. Leer m\u00e1s &raquo;","og_url":"https:\/\/ifergangallery.com\/es\/piece\/torso-acefalo-de-eros-en-piedra-caliza-antigua-roma-siglos-ii-iii-d-c\/","og_site_name":"Ifergan Gallery","article_publisher":"https:\/\/www.facebook.com\/Ifergancollectionmalaga","article_modified_time":"2026-02-25T10:20:57+00:00","og_image":[{"width":2048,"height":2048,"url":"https:\/\/ifergangallery.com\/wp-content\/uploads\/2024\/10\/dar002-2.jpg","type":"image\/jpeg"}],"twitter_card":"summary_large_image","twitter_site":"@Ifergangallery","twitter_misc":{"Tiempo de lectura":"1 minuto"},"schema":{"@context":"https:\/\/schema.org","@graph":[{"@type":"Organization","@id":"https:\/\/ifergangallery.com\/#organization","name":"Ifergan Gallery","url":"https:\/\/ifergangallery.com\/","sameAs":["https:\/\/www.facebook.com\/Ifergancollectionmalaga","https:\/\/www.instagram.com\/ifergangallery\/","https:\/\/www.youtube.com\/channel\/UC2O2zZ9BJKhbUFOnu_5mE3g","https:\/\/twitter.com\/Ifergangallery"],"logo":{"@type":"ImageObject","@id":"https:\/\/ifergangallery.com\/#logo","inLanguage":"es","url":"https:\/\/ifergangallery.com\/wp-content\/uploads\/2021\/09\/Imagotipo_blanco-e1637271379231.png","contentUrl":"https:\/\/ifergangallery.com\/wp-content\/uploads\/2021\/09\/Imagotipo_blanco-e1637271379231.png","width":1920,"height":1065,"caption":"Ifergan Gallery"},"image":{"@id":"https:\/\/ifergangallery.com\/#logo"}},{"@type":"WebSite","@id":"https:\/\/ifergangallery.com\/#website","url":"https:\/\/ifergangallery.com\/","name":"Ifergan Gallery","description":"Ancient Art Gallery","publisher":{"@id":"https:\/\/ifergangallery.com\/#organization"},"potentialAction":[{"@type":"SearchAction","target":{"@type":"EntryPoint","urlTemplate":"https:\/\/ifergangallery.com\/?s={search_term_string}"},"query-input":"required name=search_term_string"}],"inLanguage":"es"},{"@type":"ImageObject","@id":"https:\/\/ifergangallery.com\/es\/piece\/torso-acefalo-de-eros-en-piedra-caliza-antigua-roma-siglos-ii-iii-d-c\/#primaryimage","inLanguage":"es","url":"https:\/\/ifergangallery.com\/wp-content\/uploads\/2024\/10\/dar002-2.jpg","contentUrl":"https:\/\/ifergangallery.com\/wp-content\/uploads\/2024\/10\/dar002-2.jpg","width":2048,"height":2048},{"@type":"WebPage","@id":"https:\/\/ifergangallery.com\/es\/piece\/torso-acefalo-de-eros-en-piedra-caliza-antigua-roma-siglos-ii-iii-d-c\/#webpage","url":"https:\/\/ifergangallery.com\/es\/piece\/torso-acefalo-de-eros-en-piedra-caliza-antigua-roma-siglos-ii-iii-d-c\/","name":"Torso ac\u00e9falo de Eros en piedra caliza, Antigua Roma, Siglos II-III d.C. &ndash; Ifergan Gallery","isPartOf":{"@id":"https:\/\/ifergangallery.com\/#website"},"primaryImageOfPage":{"@id":"https:\/\/ifergangallery.com\/es\/piece\/torso-acefalo-de-eros-en-piedra-caliza-antigua-roma-siglos-ii-iii-d-c\/#primaryimage"},"datePublished":"2024-11-06T10:41:34+00:00","dateModified":"2026-02-25T10:20:57+00:00","breadcrumb":{"@id":"https:\/\/ifergangallery.com\/es\/piece\/torso-acefalo-de-eros-en-piedra-caliza-antigua-roma-siglos-ii-iii-d-c\/#breadcrumb"},"inLanguage":"es","potentialAction":[{"@type":"ReadAction","target":["https:\/\/ifergangallery.com\/es\/piece\/torso-acefalo-de-eros-en-piedra-caliza-antigua-roma-siglos-ii-iii-d-c\/"]}]},{"@type":"BreadcrumbList","@id":"https:\/\/ifergangallery.com\/es\/piece\/torso-acefalo-de-eros-en-piedra-caliza-antigua-roma-siglos-ii-iii-d-c\/#breadcrumb","itemListElement":[{"@type":"ListItem","position":1,"name":"Home","item":"https:\/\/ifergangallery.com\/es\/"},{"@type":"ListItem","position":2,"name":"Works of art","item":"https:\/\/ifergangallery.com\/es\/works_of_art\/"},{"@type":"ListItem","position":3,"name":"Torso ac\u00e9falo de Eros en piedra caliza, Antigua Roma, Siglos II-III d.C."}]}]}},"_links":{"self":[{"href":"https:\/\/ifergangallery.com\/es\/wp-json\/wp\/v2\/product\/14914"}],"collection":[{"href":"https:\/\/ifergangallery.com\/es\/wp-json\/wp\/v2\/product"}],"about":[{"href":"https:\/\/ifergangallery.com\/es\/wp-json\/wp\/v2\/types\/product"}],"replies":[{"embeddable":true,"href":"https:\/\/ifergangallery.com\/es\/wp-json\/wp\/v2\/comments?post=14914"}],"wp:featuredmedia":[{"embeddable":true,"href":"https:\/\/ifergangallery.com\/es\/wp-json\/wp\/v2\/media\/14916"}],"wp:attachment":[{"href":"https:\/\/ifergangallery.com\/es\/wp-json\/wp\/v2\/media?parent=14914"}],"wp:term":[{"taxonomy":"product_cat","embeddable":true,"href":"https:\/\/ifergangallery.com\/es\/wp-json\/wp\/v2\/product_cat?post=14914"},{"taxonomy":"product_tag","embeddable":true,"href":"https:\/\/ifergangallery.com\/es\/wp-json\/wp\/v2\/product_tag?post=14914"}],"curies":[{"name":"wp","href":"https:\/\/api.w.org\/{rel}","templated":true}]}}