{"id":14931,"date":"2022-11-15T12:32:03","date_gmt":"2022-11-15T12:32:03","guid":{"rendered":"https:\/\/ifergangallery.com\/?post_type=product&#038;p=14931"},"modified":"2026-02-03T12:45:04","modified_gmt":"2026-02-03T12:45:04","slug":"maqueta-de-barco-de-madera-con-remeros-antiguo-egipto-imperio-medio-2050-1750-a-c","status":"publish","type":"product","link":"https:\/\/ifergangallery.com\/es\/piece\/maqueta-de-barco-de-madera-con-remeros-antiguo-egipto-imperio-medio-2050-1750-a-c\/","title":{"rendered":"Maqueta de barco de madera con remeros. Antiguo Egipto, Imperio Medio, 2050-1750 a.C"},"content":{"rendered":"<p>Modelo de barca funeraria con cinco remeros, dos m\u00e1stiles (incompletos), un tim\u00f3n y un camarote estilizado. Este modelo de barca es caracter\u00edstico del ajuar funerario del Primer Periodo Intermedio y del Reino Medio. Deb\u00eda garantizar el bienestar corporal y la movilidad del difunto en la otra vida. En el antiguo Egipto, los or\u00edgenes de la navegaci\u00f3n se remontan a la \u00e9poca predin\u00e1stica. Los barcos de vela o de remos eran los medios de transporte m\u00e1s utilizados en el Nilo. Junto a este uso pr\u00e1ctico, estos barcos permit\u00edan transportar la momia del difunto para su \u00faltimo viaje, pero tambi\u00e9n permitir la navegaci\u00f3n post mortem en el m\u00e1s all\u00e1.<\/p>\n<p>La barca funeraria es una ofrenda tradicional egipcia creada para simbolizar el transporte de un difunto de la vida al m\u00e1s all\u00e1. Los eruditos creen que los egipcios imaginaban la muerte como un viaje en barco a trav\u00e9s del r\u00edo Nilo, el r\u00edo sagrado que corr\u00eda por el centro del pa\u00eds y era respetado como recurso para la agricultura, el comercio, el transporte y s\u00edmbolo de fertilidad.<\/p>","protected":false},"excerpt":{"rendered":"<p>Modelo de barca funeraria con cinco remeros, dos m\u00e1stiles (incompletos), un tim\u00f3n y un camarote estilizado. Este modelo de barca es caracter\u00edstico del ajuar funerario del Primer Periodo Intermedio y del Reino Medio. Deb\u00eda garantizar el bienestar corporal y la movilidad del difunto en la otra vida. En el antiguo Egipto, los or\u00edgenes de la &hellip;<\/p>\n<p class=\"read-more\"> <a class=\"\" href=\"https:\/\/ifergangallery.com\/es\/piece\/maqueta-de-barco-de-madera-con-remeros-antiguo-egipto-imperio-medio-2050-1750-a-c\/\"> <span class=\"screen-reader-text\">Maqueta de barco de madera con remeros. Antiguo Egipto, Imperio Medio, 2050-1750 a.C<\/span> Leer m\u00e1s &raquo;<\/a><\/p>","protected":false},"featured_media":14933,"comment_status":"closed","ping_status":"closed","template":"","meta":{"spay_email":""},"product_cat":[110],"product_tag":[771,790,306,805,791,802],"yoast_head":"<!-- This site is optimized with the Yoast SEO Premium plugin v17.6 (Yoast SEO v17.6) - https:\/\/yoast.com\/wordpress\/plugins\/seo\/ -->\n<title>Maqueta de barco de madera con remeros. Antiguo Egipto, Imperio Medio, 2050-1750 a.C &ndash; Ifergan Gallery<\/title>\n<meta name=\"robots\" content=\"index, follow, max-snippet:-1, max-image-preview:large, max-video-preview:-1\" \/>\n<link rel=\"canonical\" href=\"https:\/\/ifergangallery.com\/es\/piece\/maqueta-de-barco-de-madera-con-remeros-antiguo-egipto-imperio-medio-2050-1750-a-c\/\" \/>\n<meta property=\"og:locale\" content=\"es_ES\" \/>\n<meta property=\"og:type\" content=\"article\" \/>\n<meta property=\"og:title\" content=\"Maqueta de barco de madera con remeros. Antiguo Egipto, Imperio Medio, 2050-1750 a.C\" \/>\n<meta property=\"og:description\" content=\"Modelo de barca funeraria con cinco remeros, dos m\u00e1stiles (incompletos), un tim\u00f3n y un camarote estilizado. Este modelo de barca es caracter\u00edstico del ajuar funerario del Primer Periodo Intermedio y del Reino Medio. Deb\u00eda garantizar el bienestar corporal y la movilidad del difunto en la otra vida. En el antiguo Egipto, los or\u00edgenes de la &hellip; Maqueta de barco de madera con remeros. Antiguo Egipto, Imperio Medio, 2050-1750 a.C Leer m\u00e1s &raquo;\" \/>\n<meta property=\"og:url\" content=\"https:\/\/ifergangallery.com\/es\/piece\/maqueta-de-barco-de-madera-con-remeros-antiguo-egipto-imperio-medio-2050-1750-a-c\/\" \/>\n<meta property=\"og:site_name\" content=\"Ifergan Gallery\" \/>\n<meta property=\"article:publisher\" content=\"https:\/\/www.facebook.com\/Ifergancollectionmalaga\" \/>\n<meta property=\"article:modified_time\" content=\"2026-02-03T12:45:04+00:00\" \/>\n<meta property=\"og:image\" content=\"https:\/\/ifergangallery.com\/wp-content\/uploads\/2024\/10\/dar001-7-1024x683.jpg\" \/>\n\t<meta property=\"og:image:width\" content=\"1024\" \/>\n\t<meta property=\"og:image:height\" content=\"683\" \/>\n<meta name=\"twitter:card\" content=\"summary_large_image\" \/>\n<meta name=\"twitter:site\" content=\"@Ifergangallery\" \/>\n<meta name=\"twitter:label1\" content=\"Tiempo de lectura\" \/>\n\t<meta name=\"twitter:data1\" content=\"1 minuto\" \/>\n<script type=\"application\/ld+json\" class=\"yoast-schema-graph\">{\"@context\":\"https:\/\/schema.org\",\"@graph\":[{\"@type\":\"Organization\",\"@id\":\"https:\/\/ifergangallery.com\/#organization\",\"name\":\"Ifergan Gallery\",\"url\":\"https:\/\/ifergangallery.com\/\",\"sameAs\":[\"https:\/\/www.facebook.com\/Ifergancollectionmalaga\",\"https:\/\/www.instagram.com\/ifergangallery\/\",\"https:\/\/www.youtube.com\/channel\/UC2O2zZ9BJKhbUFOnu_5mE3g\",\"https:\/\/twitter.com\/Ifergangallery\"],\"logo\":{\"@type\":\"ImageObject\",\"@id\":\"https:\/\/ifergangallery.com\/#logo\",\"inLanguage\":\"es\",\"url\":\"https:\/\/ifergangallery.com\/wp-content\/uploads\/2021\/09\/Imagotipo_blanco-e1637271379231.png\",\"contentUrl\":\"https:\/\/ifergangallery.com\/wp-content\/uploads\/2021\/09\/Imagotipo_blanco-e1637271379231.png\",\"width\":1920,\"height\":1065,\"caption\":\"Ifergan Gallery\"},\"image\":{\"@id\":\"https:\/\/ifergangallery.com\/#logo\"}},{\"@type\":\"WebSite\",\"@id\":\"https:\/\/ifergangallery.com\/#website\",\"url\":\"https:\/\/ifergangallery.com\/\",\"name\":\"Ifergan Gallery\",\"description\":\"Ancient Art Gallery\",\"publisher\":{\"@id\":\"https:\/\/ifergangallery.com\/#organization\"},\"potentialAction\":[{\"@type\":\"SearchAction\",\"target\":{\"@type\":\"EntryPoint\",\"urlTemplate\":\"https:\/\/ifergangallery.com\/?s={search_term_string}\"},\"query-input\":\"required name=search_term_string\"}],\"inLanguage\":\"es\"},{\"@type\":\"ImageObject\",\"@id\":\"https:\/\/ifergangallery.com\/es\/piece\/maqueta-de-barco-de-madera-con-remeros-antiguo-egipto-imperio-medio-2050-1750-a-c\/#primaryimage\",\"inLanguage\":\"es\",\"url\":\"https:\/\/ifergangallery.com\/wp-content\/uploads\/2024\/10\/dar001-7.jpg\",\"contentUrl\":\"https:\/\/ifergangallery.com\/wp-content\/uploads\/2024\/10\/dar001-7.jpg\",\"width\":2048,\"height\":1365},{\"@type\":\"WebPage\",\"@id\":\"https:\/\/ifergangallery.com\/es\/piece\/maqueta-de-barco-de-madera-con-remeros-antiguo-egipto-imperio-medio-2050-1750-a-c\/#webpage\",\"url\":\"https:\/\/ifergangallery.com\/es\/piece\/maqueta-de-barco-de-madera-con-remeros-antiguo-egipto-imperio-medio-2050-1750-a-c\/\",\"name\":\"Maqueta de barco de madera con remeros. Antiguo Egipto, Imperio Medio, 2050-1750 a.C &ndash; Ifergan Gallery\",\"isPartOf\":{\"@id\":\"https:\/\/ifergangallery.com\/#website\"},\"primaryImageOfPage\":{\"@id\":\"https:\/\/ifergangallery.com\/es\/piece\/maqueta-de-barco-de-madera-con-remeros-antiguo-egipto-imperio-medio-2050-1750-a-c\/#primaryimage\"},\"datePublished\":\"2022-11-15T12:32:03+00:00\",\"dateModified\":\"2026-02-03T12:45:04+00:00\",\"breadcrumb\":{\"@id\":\"https:\/\/ifergangallery.com\/es\/piece\/maqueta-de-barco-de-madera-con-remeros-antiguo-egipto-imperio-medio-2050-1750-a-c\/#breadcrumb\"},\"inLanguage\":\"es\",\"potentialAction\":[{\"@type\":\"ReadAction\",\"target\":[\"https:\/\/ifergangallery.com\/es\/piece\/maqueta-de-barco-de-madera-con-remeros-antiguo-egipto-imperio-medio-2050-1750-a-c\/\"]}]},{\"@type\":\"BreadcrumbList\",\"@id\":\"https:\/\/ifergangallery.com\/es\/piece\/maqueta-de-barco-de-madera-con-remeros-antiguo-egipto-imperio-medio-2050-1750-a-c\/#breadcrumb\",\"itemListElement\":[{\"@type\":\"ListItem\",\"position\":1,\"name\":\"Home\",\"item\":\"https:\/\/ifergangallery.com\/es\/\"},{\"@type\":\"ListItem\",\"position\":2,\"name\":\"Works of art\",\"item\":\"https:\/\/ifergangallery.com\/es\/works_of_art\/\"},{\"@type\":\"ListItem\",\"position\":3,\"name\":\"Maqueta de barco de madera con remeros. Antiguo Egipto, Imperio Medio, 2050-1750 a.C\"}]}]}<\/script>\n<!-- \/ Yoast SEO Premium plugin. -->","yoast_head_json":{"title":"Maqueta de barco de madera con remeros. Antiguo Egipto, Imperio Medio, 2050-1750 a.C &ndash; Ifergan Gallery","robots":{"index":"index","follow":"follow","max-snippet":"max-snippet:-1","max-image-preview":"max-image-preview:large","max-video-preview":"max-video-preview:-1"},"canonical":"https:\/\/ifergangallery.com\/es\/piece\/maqueta-de-barco-de-madera-con-remeros-antiguo-egipto-imperio-medio-2050-1750-a-c\/","og_locale":"es_ES","og_type":"article","og_title":"Maqueta de barco de madera con remeros. Antiguo Egipto, Imperio Medio, 2050-1750 a.C","og_description":"Modelo de barca funeraria con cinco remeros, dos m\u00e1stiles (incompletos), un tim\u00f3n y un camarote estilizado. Este modelo de barca es caracter\u00edstico del ajuar funerario del Primer Periodo Intermedio y del Reino Medio. Deb\u00eda garantizar el bienestar corporal y la movilidad del difunto en la otra vida. En el antiguo Egipto, los or\u00edgenes de la &hellip; Maqueta de barco de madera con remeros. Antiguo Egipto, Imperio Medio, 2050-1750 a.C Leer m\u00e1s &raquo;","og_url":"https:\/\/ifergangallery.com\/es\/piece\/maqueta-de-barco-de-madera-con-remeros-antiguo-egipto-imperio-medio-2050-1750-a-c\/","og_site_name":"Ifergan Gallery","article_publisher":"https:\/\/www.facebook.com\/Ifergancollectionmalaga","article_modified_time":"2026-02-03T12:45:04+00:00","og_image":[{"width":1024,"height":683,"url":"https:\/\/ifergangallery.com\/wp-content\/uploads\/2024\/10\/dar001-7-1024x683.jpg","type":"image\/jpeg"}],"twitter_card":"summary_large_image","twitter_site":"@Ifergangallery","twitter_misc":{"Tiempo de lectura":"1 minuto"},"schema":{"@context":"https:\/\/schema.org","@graph":[{"@type":"Organization","@id":"https:\/\/ifergangallery.com\/#organization","name":"Ifergan Gallery","url":"https:\/\/ifergangallery.com\/","sameAs":["https:\/\/www.facebook.com\/Ifergancollectionmalaga","https:\/\/www.instagram.com\/ifergangallery\/","https:\/\/www.youtube.com\/channel\/UC2O2zZ9BJKhbUFOnu_5mE3g","https:\/\/twitter.com\/Ifergangallery"],"logo":{"@type":"ImageObject","@id":"https:\/\/ifergangallery.com\/#logo","inLanguage":"es","url":"https:\/\/ifergangallery.com\/wp-content\/uploads\/2021\/09\/Imagotipo_blanco-e1637271379231.png","contentUrl":"https:\/\/ifergangallery.com\/wp-content\/uploads\/2021\/09\/Imagotipo_blanco-e1637271379231.png","width":1920,"height":1065,"caption":"Ifergan Gallery"},"image":{"@id":"https:\/\/ifergangallery.com\/#logo"}},{"@type":"WebSite","@id":"https:\/\/ifergangallery.com\/#website","url":"https:\/\/ifergangallery.com\/","name":"Ifergan Gallery","description":"Ancient Art Gallery","publisher":{"@id":"https:\/\/ifergangallery.com\/#organization"},"potentialAction":[{"@type":"SearchAction","target":{"@type":"EntryPoint","urlTemplate":"https:\/\/ifergangallery.com\/?s={search_term_string}"},"query-input":"required name=search_term_string"}],"inLanguage":"es"},{"@type":"ImageObject","@id":"https:\/\/ifergangallery.com\/es\/piece\/maqueta-de-barco-de-madera-con-remeros-antiguo-egipto-imperio-medio-2050-1750-a-c\/#primaryimage","inLanguage":"es","url":"https:\/\/ifergangallery.com\/wp-content\/uploads\/2024\/10\/dar001-7.jpg","contentUrl":"https:\/\/ifergangallery.com\/wp-content\/uploads\/2024\/10\/dar001-7.jpg","width":2048,"height":1365},{"@type":"WebPage","@id":"https:\/\/ifergangallery.com\/es\/piece\/maqueta-de-barco-de-madera-con-remeros-antiguo-egipto-imperio-medio-2050-1750-a-c\/#webpage","url":"https:\/\/ifergangallery.com\/es\/piece\/maqueta-de-barco-de-madera-con-remeros-antiguo-egipto-imperio-medio-2050-1750-a-c\/","name":"Maqueta de barco de madera con remeros. Antiguo Egipto, Imperio Medio, 2050-1750 a.C &ndash; Ifergan Gallery","isPartOf":{"@id":"https:\/\/ifergangallery.com\/#website"},"primaryImageOfPage":{"@id":"https:\/\/ifergangallery.com\/es\/piece\/maqueta-de-barco-de-madera-con-remeros-antiguo-egipto-imperio-medio-2050-1750-a-c\/#primaryimage"},"datePublished":"2022-11-15T12:32:03+00:00","dateModified":"2026-02-03T12:45:04+00:00","breadcrumb":{"@id":"https:\/\/ifergangallery.com\/es\/piece\/maqueta-de-barco-de-madera-con-remeros-antiguo-egipto-imperio-medio-2050-1750-a-c\/#breadcrumb"},"inLanguage":"es","potentialAction":[{"@type":"ReadAction","target":["https:\/\/ifergangallery.com\/es\/piece\/maqueta-de-barco-de-madera-con-remeros-antiguo-egipto-imperio-medio-2050-1750-a-c\/"]}]},{"@type":"BreadcrumbList","@id":"https:\/\/ifergangallery.com\/es\/piece\/maqueta-de-barco-de-madera-con-remeros-antiguo-egipto-imperio-medio-2050-1750-a-c\/#breadcrumb","itemListElement":[{"@type":"ListItem","position":1,"name":"Home","item":"https:\/\/ifergangallery.com\/es\/"},{"@type":"ListItem","position":2,"name":"Works of art","item":"https:\/\/ifergangallery.com\/es\/works_of_art\/"},{"@type":"ListItem","position":3,"name":"Maqueta de barco de madera con remeros. Antiguo Egipto, Imperio Medio, 2050-1750 a.C"}]}]}},"_links":{"self":[{"href":"https:\/\/ifergangallery.com\/es\/wp-json\/wp\/v2\/product\/14931"}],"collection":[{"href":"https:\/\/ifergangallery.com\/es\/wp-json\/wp\/v2\/product"}],"about":[{"href":"https:\/\/ifergangallery.com\/es\/wp-json\/wp\/v2\/types\/product"}],"replies":[{"embeddable":true,"href":"https:\/\/ifergangallery.com\/es\/wp-json\/wp\/v2\/comments?post=14931"}],"wp:featuredmedia":[{"embeddable":true,"href":"https:\/\/ifergangallery.com\/es\/wp-json\/wp\/v2\/media\/14933"}],"wp:attachment":[{"href":"https:\/\/ifergangallery.com\/es\/wp-json\/wp\/v2\/media?parent=14931"}],"wp:term":[{"taxonomy":"product_cat","embeddable":true,"href":"https:\/\/ifergangallery.com\/es\/wp-json\/wp\/v2\/product_cat?post=14931"},{"taxonomy":"product_tag","embeddable":true,"href":"https:\/\/ifergangallery.com\/es\/wp-json\/wp\/v2\/product_tag?post=14931"}],"curies":[{"name":"wp","href":"https:\/\/api.w.org\/{rel}","templated":true}]}}