{"id":14942,"date":"2024-12-18T09:05:12","date_gmt":"2024-12-18T09:05:12","guid":{"rendered":"https:\/\/ifergangallery.com\/?post_type=product&#038;p=14942"},"modified":"2026-02-03T13:26:17","modified_gmt":"2026-02-03T13:26:17","slug":"mascara-funeraria-egipcia-de-madera-periodo-tardio-663-332-a-c","status":"publish","type":"product","link":"https:\/\/ifergangallery.com\/es\/piece\/mascara-funeraria-egipcia-de-madera-periodo-tardio-663-332-a-c\/","title":{"rendered":"M\u00e1scara funeraria egipcia de madera, Periodo Tard\u00edo, 663-332 a.C."},"content":{"rendered":"<p><span dir=\"auto\" style=\"vertical-align: inherit;\"><span dir=\"auto\" style=\"vertical-align: inherit;\">Una impresionante y h\u00e1bilmente tallada secci\u00f3n superior de la tapa de un sarc\u00f3fago que representa el rostro de un hombre de piel blanca, con una suave peluca tripartita, ojos y cejas con incrustaciones de bronce y piedra caliza, pintados de negro. Las orejas, seg\u00fan la convenci\u00f3n egipcia, parecen m\u00e1s grandes que en la vida real, y han sido dise\u00f1adas de tal forma que quedan por encima del tocado tripartito. El difunto aparece sin barba, pero la ausencia de este atributo no refleja necesariamente una distinci\u00f3n de g\u00e9nero, ya que los sarc\u00f3fagos antropoides de la \u00e9poca inscritos para hombres o mujeres carecen a menudo de barba postiza.<\/span><\/span><\/p>\n<p><span dir=\"auto\" style=\"vertical-align: inherit;\"><span dir=\"auto\" style=\"vertical-align: inherit;\">En el transcurso del Periodo Tard\u00edo (despu\u00e9s del 664 aC), el uso de la madera para estatuas y sarc\u00f3fagos se volvi\u00f3 a ganar adeptos, sobre todo durante el transcurso de la Dinast\u00eda XXX (380-342 aC) y principios del Periodo Ptolemaico. El mejor conjunto de ataques de este tipo se descubri\u00f3 en el siglo pasado en la Tumba de Petosiris, un sepulcro parecido a un templo y magn\u00edficamente decorado en el Egipto Medio, cerca de Ashmumein, en Tuna el-Gebel, donde los excavadores descubrieron un enterramiento m\u00faltiple en una c\u00e1mara subterr\u00e1nea. <\/span><\/span><br \/>\n<span dir=\"auto\" style=\"vertical-align: inherit;\"><span dir=\"auto\" style=\"vertical-align: inherit;\">Los antiguos egipcios cre\u00edan que era de suma importancia conservar el cuerpo del difunto, porque el alma necesitaba un lugar donde residir tras la muerte. Las tapas de ata\u00fad como la de este ejemplo se crearon para que el alma pudiera reconocer el cuerpo y volver a \u00e9l. Por este motivo, estas tapas y las m\u00e1scaras mortuorias que se colocaban debajo se hac\u00edan a semejanza del difunto.<\/span><\/span><\/p>\n<p>&nbsp;<\/p>","protected":false},"excerpt":{"rendered":"<p>Una impresionante y h\u00e1bilmente tallada secci\u00f3n superior de la tapa de un sarc\u00f3fago que representa el rostro de un hombre de piel blanca, con una suave peluca tripartita, ojos y cejas con incrustaciones de bronce y piedra caliza, pintados de negro. Las orejas, seg\u00fan la convenci\u00f3n egipcia, parecen m\u00e1s grandes que en la vida real, &hellip;<\/p>\n<p class=\"read-more\"> <a class=\"\" href=\"https:\/\/ifergangallery.com\/es\/piece\/mascara-funeraria-egipcia-de-madera-periodo-tardio-663-332-a-c\/\"> <span class=\"screen-reader-text\">M\u00e1scara funeraria egipcia de madera, Periodo Tard\u00edo, 663-332 a.C.<\/span> Leer m\u00e1s &raquo;<\/a><\/p>","protected":false},"featured_media":15741,"comment_status":"closed","ping_status":"closed","template":"","meta":{"spay_email":""},"product_cat":[110,499],"product_tag":[708,792,805,802],"yoast_head":"<!-- This site is optimized with the Yoast SEO Premium plugin v17.6 (Yoast SEO v17.6) - https:\/\/yoast.com\/wordpress\/plugins\/seo\/ -->\n<title>M\u00e1scara funeraria egipcia de madera, Periodo Tard\u00edo, 663-332 a.C. &ndash; Ifergan Gallery<\/title>\n<meta name=\"robots\" content=\"index, follow, max-snippet:-1, max-image-preview:large, max-video-preview:-1\" \/>\n<link rel=\"canonical\" href=\"https:\/\/ifergangallery.com\/es\/piece\/mascara-funeraria-egipcia-de-madera-periodo-tardio-663-332-a-c\/\" \/>\n<meta property=\"og:locale\" content=\"es_ES\" \/>\n<meta property=\"og:type\" content=\"article\" \/>\n<meta property=\"og:title\" content=\"M\u00e1scara funeraria egipcia de madera, Periodo Tard\u00edo, 663-332 a.C.\" \/>\n<meta property=\"og:description\" content=\"Una impresionante y h\u00e1bilmente tallada secci\u00f3n superior de la tapa de un sarc\u00f3fago que representa el rostro de un hombre de piel blanca, con una suave peluca tripartita, ojos y cejas con incrustaciones de bronce y piedra caliza, pintados de negro. Las orejas, seg\u00fan la convenci\u00f3n egipcia, parecen m\u00e1s grandes que en la vida real, &hellip; M\u00e1scara funeraria egipcia de madera, Periodo Tard\u00edo, 663-332 a.C. Leer m\u00e1s &raquo;\" \/>\n<meta property=\"og:url\" content=\"https:\/\/ifergangallery.com\/es\/piece\/mascara-funeraria-egipcia-de-madera-periodo-tardio-663-332-a-c\/\" \/>\n<meta property=\"og:site_name\" content=\"Ifergan Gallery\" \/>\n<meta property=\"article:publisher\" content=\"https:\/\/www.facebook.com\/Ifergancollectionmalaga\" \/>\n<meta property=\"article:modified_time\" content=\"2026-02-03T13:26:17+00:00\" \/>\n<meta property=\"og:image\" content=\"https:\/\/ifergangallery.com\/wp-content\/uploads\/2024\/12\/giq001-1-2-scaled.jpg\" \/>\n\t<meta property=\"og:image:width\" content=\"2560\" \/>\n\t<meta property=\"og:image:height\" content=\"2560\" \/>\n<meta name=\"twitter:card\" content=\"summary_large_image\" \/>\n<meta name=\"twitter:site\" content=\"@Ifergangallery\" \/>\n<meta name=\"twitter:label1\" content=\"Tiempo de lectura\" \/>\n\t<meta name=\"twitter:data1\" content=\"2 minutos\" \/>\n<script type=\"application\/ld+json\" class=\"yoast-schema-graph\">{\"@context\":\"https:\/\/schema.org\",\"@graph\":[{\"@type\":\"Organization\",\"@id\":\"https:\/\/ifergangallery.com\/#organization\",\"name\":\"Ifergan Gallery\",\"url\":\"https:\/\/ifergangallery.com\/\",\"sameAs\":[\"https:\/\/www.facebook.com\/Ifergancollectionmalaga\",\"https:\/\/www.instagram.com\/ifergangallery\/\",\"https:\/\/www.youtube.com\/channel\/UC2O2zZ9BJKhbUFOnu_5mE3g\",\"https:\/\/twitter.com\/Ifergangallery\"],\"logo\":{\"@type\":\"ImageObject\",\"@id\":\"https:\/\/ifergangallery.com\/#logo\",\"inLanguage\":\"es\",\"url\":\"https:\/\/ifergangallery.com\/wp-content\/uploads\/2021\/09\/Imagotipo_blanco-e1637271379231.png\",\"contentUrl\":\"https:\/\/ifergangallery.com\/wp-content\/uploads\/2021\/09\/Imagotipo_blanco-e1637271379231.png\",\"width\":1920,\"height\":1065,\"caption\":\"Ifergan Gallery\"},\"image\":{\"@id\":\"https:\/\/ifergangallery.com\/#logo\"}},{\"@type\":\"WebSite\",\"@id\":\"https:\/\/ifergangallery.com\/#website\",\"url\":\"https:\/\/ifergangallery.com\/\",\"name\":\"Ifergan Gallery\",\"description\":\"Ancient Art Gallery\",\"publisher\":{\"@id\":\"https:\/\/ifergangallery.com\/#organization\"},\"potentialAction\":[{\"@type\":\"SearchAction\",\"target\":{\"@type\":\"EntryPoint\",\"urlTemplate\":\"https:\/\/ifergangallery.com\/?s={search_term_string}\"},\"query-input\":\"required name=search_term_string\"}],\"inLanguage\":\"es\"},{\"@type\":\"ImageObject\",\"@id\":\"https:\/\/ifergangallery.com\/es\/piece\/mascara-funeraria-egipcia-de-madera-periodo-tardio-663-332-a-c\/#primaryimage\",\"inLanguage\":\"es\",\"url\":\"https:\/\/ifergangallery.com\/wp-content\/uploads\/2024\/12\/giq001-1-2-scaled.jpg\",\"contentUrl\":\"https:\/\/ifergangallery.com\/wp-content\/uploads\/2024\/12\/giq001-1-2-scaled.jpg\",\"width\":2560,\"height\":2560},{\"@type\":\"WebPage\",\"@id\":\"https:\/\/ifergangallery.com\/es\/piece\/mascara-funeraria-egipcia-de-madera-periodo-tardio-663-332-a-c\/#webpage\",\"url\":\"https:\/\/ifergangallery.com\/es\/piece\/mascara-funeraria-egipcia-de-madera-periodo-tardio-663-332-a-c\/\",\"name\":\"M\\u00e1scara funeraria egipcia de madera, Periodo Tard\\u00edo, 663-332 a.C. &ndash; Ifergan Gallery\",\"isPartOf\":{\"@id\":\"https:\/\/ifergangallery.com\/#website\"},\"primaryImageOfPage\":{\"@id\":\"https:\/\/ifergangallery.com\/es\/piece\/mascara-funeraria-egipcia-de-madera-periodo-tardio-663-332-a-c\/#primaryimage\"},\"datePublished\":\"2024-12-18T09:05:12+00:00\",\"dateModified\":\"2026-02-03T13:26:17+00:00\",\"breadcrumb\":{\"@id\":\"https:\/\/ifergangallery.com\/es\/piece\/mascara-funeraria-egipcia-de-madera-periodo-tardio-663-332-a-c\/#breadcrumb\"},\"inLanguage\":\"es\",\"potentialAction\":[{\"@type\":\"ReadAction\",\"target\":[\"https:\/\/ifergangallery.com\/es\/piece\/mascara-funeraria-egipcia-de-madera-periodo-tardio-663-332-a-c\/\"]}]},{\"@type\":\"BreadcrumbList\",\"@id\":\"https:\/\/ifergangallery.com\/es\/piece\/mascara-funeraria-egipcia-de-madera-periodo-tardio-663-332-a-c\/#breadcrumb\",\"itemListElement\":[{\"@type\":\"ListItem\",\"position\":1,\"name\":\"Home\",\"item\":\"https:\/\/ifergangallery.com\/es\/\"},{\"@type\":\"ListItem\",\"position\":2,\"name\":\"Works of art\",\"item\":\"https:\/\/ifergangallery.com\/es\/works_of_art\/\"},{\"@type\":\"ListItem\",\"position\":3,\"name\":\"M\\u00e1scara funeraria egipcia de madera, Periodo Tard\\u00edo, 663-332 a.C.\"}]}]}<\/script>\n<!-- \/ Yoast SEO Premium plugin. -->","yoast_head_json":{"title":"M\u00e1scara funeraria egipcia de madera, Periodo Tard\u00edo, 663-332 a.C. &ndash; Ifergan Gallery","robots":{"index":"index","follow":"follow","max-snippet":"max-snippet:-1","max-image-preview":"max-image-preview:large","max-video-preview":"max-video-preview:-1"},"canonical":"https:\/\/ifergangallery.com\/es\/piece\/mascara-funeraria-egipcia-de-madera-periodo-tardio-663-332-a-c\/","og_locale":"es_ES","og_type":"article","og_title":"M\u00e1scara funeraria egipcia de madera, Periodo Tard\u00edo, 663-332 a.C.","og_description":"Una impresionante y h\u00e1bilmente tallada secci\u00f3n superior de la tapa de un sarc\u00f3fago que representa el rostro de un hombre de piel blanca, con una suave peluca tripartita, ojos y cejas con incrustaciones de bronce y piedra caliza, pintados de negro. Las orejas, seg\u00fan la convenci\u00f3n egipcia, parecen m\u00e1s grandes que en la vida real, &hellip; M\u00e1scara funeraria egipcia de madera, Periodo Tard\u00edo, 663-332 a.C. Leer m\u00e1s &raquo;","og_url":"https:\/\/ifergangallery.com\/es\/piece\/mascara-funeraria-egipcia-de-madera-periodo-tardio-663-332-a-c\/","og_site_name":"Ifergan Gallery","article_publisher":"https:\/\/www.facebook.com\/Ifergancollectionmalaga","article_modified_time":"2026-02-03T13:26:17+00:00","og_image":[{"width":2560,"height":2560,"url":"https:\/\/ifergangallery.com\/wp-content\/uploads\/2024\/12\/giq001-1-2-scaled.jpg","type":"image\/jpeg"}],"twitter_card":"summary_large_image","twitter_site":"@Ifergangallery","twitter_misc":{"Tiempo de lectura":"2 minutos"},"schema":{"@context":"https:\/\/schema.org","@graph":[{"@type":"Organization","@id":"https:\/\/ifergangallery.com\/#organization","name":"Ifergan Gallery","url":"https:\/\/ifergangallery.com\/","sameAs":["https:\/\/www.facebook.com\/Ifergancollectionmalaga","https:\/\/www.instagram.com\/ifergangallery\/","https:\/\/www.youtube.com\/channel\/UC2O2zZ9BJKhbUFOnu_5mE3g","https:\/\/twitter.com\/Ifergangallery"],"logo":{"@type":"ImageObject","@id":"https:\/\/ifergangallery.com\/#logo","inLanguage":"es","url":"https:\/\/ifergangallery.com\/wp-content\/uploads\/2021\/09\/Imagotipo_blanco-e1637271379231.png","contentUrl":"https:\/\/ifergangallery.com\/wp-content\/uploads\/2021\/09\/Imagotipo_blanco-e1637271379231.png","width":1920,"height":1065,"caption":"Ifergan Gallery"},"image":{"@id":"https:\/\/ifergangallery.com\/#logo"}},{"@type":"WebSite","@id":"https:\/\/ifergangallery.com\/#website","url":"https:\/\/ifergangallery.com\/","name":"Ifergan Gallery","description":"Ancient Art Gallery","publisher":{"@id":"https:\/\/ifergangallery.com\/#organization"},"potentialAction":[{"@type":"SearchAction","target":{"@type":"EntryPoint","urlTemplate":"https:\/\/ifergangallery.com\/?s={search_term_string}"},"query-input":"required name=search_term_string"}],"inLanguage":"es"},{"@type":"ImageObject","@id":"https:\/\/ifergangallery.com\/es\/piece\/mascara-funeraria-egipcia-de-madera-periodo-tardio-663-332-a-c\/#primaryimage","inLanguage":"es","url":"https:\/\/ifergangallery.com\/wp-content\/uploads\/2024\/12\/giq001-1-2-scaled.jpg","contentUrl":"https:\/\/ifergangallery.com\/wp-content\/uploads\/2024\/12\/giq001-1-2-scaled.jpg","width":2560,"height":2560},{"@type":"WebPage","@id":"https:\/\/ifergangallery.com\/es\/piece\/mascara-funeraria-egipcia-de-madera-periodo-tardio-663-332-a-c\/#webpage","url":"https:\/\/ifergangallery.com\/es\/piece\/mascara-funeraria-egipcia-de-madera-periodo-tardio-663-332-a-c\/","name":"M\u00e1scara funeraria egipcia de madera, Periodo Tard\u00edo, 663-332 a.C. &ndash; Ifergan Gallery","isPartOf":{"@id":"https:\/\/ifergangallery.com\/#website"},"primaryImageOfPage":{"@id":"https:\/\/ifergangallery.com\/es\/piece\/mascara-funeraria-egipcia-de-madera-periodo-tardio-663-332-a-c\/#primaryimage"},"datePublished":"2024-12-18T09:05:12+00:00","dateModified":"2026-02-03T13:26:17+00:00","breadcrumb":{"@id":"https:\/\/ifergangallery.com\/es\/piece\/mascara-funeraria-egipcia-de-madera-periodo-tardio-663-332-a-c\/#breadcrumb"},"inLanguage":"es","potentialAction":[{"@type":"ReadAction","target":["https:\/\/ifergangallery.com\/es\/piece\/mascara-funeraria-egipcia-de-madera-periodo-tardio-663-332-a-c\/"]}]},{"@type":"BreadcrumbList","@id":"https:\/\/ifergangallery.com\/es\/piece\/mascara-funeraria-egipcia-de-madera-periodo-tardio-663-332-a-c\/#breadcrumb","itemListElement":[{"@type":"ListItem","position":1,"name":"Home","item":"https:\/\/ifergangallery.com\/es\/"},{"@type":"ListItem","position":2,"name":"Works of art","item":"https:\/\/ifergangallery.com\/es\/works_of_art\/"},{"@type":"ListItem","position":3,"name":"M\u00e1scara funeraria egipcia de madera, Periodo Tard\u00edo, 663-332 a.C."}]}]}},"_links":{"self":[{"href":"https:\/\/ifergangallery.com\/es\/wp-json\/wp\/v2\/product\/14942"}],"collection":[{"href":"https:\/\/ifergangallery.com\/es\/wp-json\/wp\/v2\/product"}],"about":[{"href":"https:\/\/ifergangallery.com\/es\/wp-json\/wp\/v2\/types\/product"}],"replies":[{"embeddable":true,"href":"https:\/\/ifergangallery.com\/es\/wp-json\/wp\/v2\/comments?post=14942"}],"wp:featuredmedia":[{"embeddable":true,"href":"https:\/\/ifergangallery.com\/es\/wp-json\/wp\/v2\/media\/15741"}],"wp:attachment":[{"href":"https:\/\/ifergangallery.com\/es\/wp-json\/wp\/v2\/media?parent=14942"}],"wp:term":[{"taxonomy":"product_cat","embeddable":true,"href":"https:\/\/ifergangallery.com\/es\/wp-json\/wp\/v2\/product_cat?post=14942"},{"taxonomy":"product_tag","embeddable":true,"href":"https:\/\/ifergangallery.com\/es\/wp-json\/wp\/v2\/product_tag?post=14942"}],"curies":[{"name":"wp","href":"https:\/\/api.w.org\/{rel}","templated":true}]}}