{"id":14956,"date":"2024-11-06T08:40:57","date_gmt":"2024-11-06T08:40:57","guid":{"rendered":"https:\/\/ifergangallery.com\/?post_type=product&#038;p=14956"},"modified":"2024-11-15T13:33:10","modified_gmt":"2024-11-15T13:33:10","slug":"pequena-cabeza-votiva-etrusca-en-terracota-siglo-iv-a-c","status":"publish","type":"product","link":"https:\/\/ifergangallery.com\/es\/piece\/pequena-cabeza-votiva-etrusca-en-terracota-siglo-iv-a-c\/","title":{"rendered":"Peque\u00f1a cabeza votiva etrusca en terracota, Siglo IV a.C."},"content":{"rendered":"<p>El arte etrusco es a menudo de car\u00e1cter religioso y de ah\u00ed que se relacione con las exigencias de la religi\u00f3n etrusca. La vida de ultratumba etrusca era negativa, a diferencia del punto de vista positivo del antiguo Egipto donde era una continuaci\u00f3n de la vida terrenal, o las relaciones de confianza con los dioses propias de la antigua Grecia. Los dioses etruscos eran indiferentes y tend\u00edan a traer buena suerte, de manera que la religi\u00f3n etrusca estaba centrada en su veneraci\u00f3n y la adoraci\u00f3n de los difuntos. La mayor parte de los restos de arte etrusco se encuentran en excavaciones de cementerios (como en Cerveteri, Tarquinia, Populonia, Orvieto, Vetulonia, Norchia), lo que significa que vemos el arte etrusco dominado por representaciones de la religi\u00f3n y en particular el culto funerario<\/p>","protected":false},"excerpt":{"rendered":"<p>El arte etrusco es a menudo de car\u00e1cter religioso y de ah\u00ed que se relacione con las exigencias de la religi\u00f3n etrusca. La vida de ultratumba etrusca era negativa, a diferencia del punto de vista positivo del antiguo Egipto donde era una continuaci\u00f3n de la vida terrenal, o las relaciones de confianza con los dioses &hellip;<\/p>\n<p class=\"read-more\"> <a class=\"\" href=\"https:\/\/ifergangallery.com\/es\/piece\/pequena-cabeza-votiva-etrusca-en-terracota-siglo-iv-a-c\/\"> <span class=\"screen-reader-text\">Peque\u00f1a cabeza votiva etrusca en terracota, Siglo IV a.C.<\/span> Leer m\u00e1s &raquo;<\/a><\/p>","protected":false},"featured_media":14958,"comment_status":"closed","ping_status":"closed","template":"","meta":{"spay_email":""},"product_cat":[811,112],"product_tag":[156,793,384,190],"yoast_head":"<!-- This site is optimized with the Yoast SEO Premium plugin v17.6 (Yoast SEO v17.6) - https:\/\/yoast.com\/wordpress\/plugins\/seo\/ -->\n<title>Peque\u00f1a cabeza votiva etrusca en terracota, Siglo IV a.C. &ndash; Ifergan Gallery<\/title>\n<meta name=\"robots\" content=\"index, follow, max-snippet:-1, max-image-preview:large, max-video-preview:-1\" \/>\n<link rel=\"canonical\" href=\"https:\/\/ifergangallery.com\/es\/piece\/pequena-cabeza-votiva-etrusca-en-terracota-siglo-iv-a-c\/\" \/>\n<meta property=\"og:locale\" content=\"es_ES\" \/>\n<meta property=\"og:type\" content=\"article\" \/>\n<meta property=\"og:title\" content=\"Peque\u00f1a cabeza votiva etrusca en terracota, Siglo IV a.C.\" \/>\n<meta property=\"og:description\" content=\"El arte etrusco es a menudo de car\u00e1cter religioso y de ah\u00ed que se relacione con las exigencias de la religi\u00f3n etrusca. La vida de ultratumba etrusca era negativa, a diferencia del punto de vista positivo del antiguo Egipto donde era una continuaci\u00f3n de la vida terrenal, o las relaciones de confianza con los dioses &hellip; Peque\u00f1a cabeza votiva etrusca en terracota, Siglo IV a.C. Leer m\u00e1s &raquo;\" \/>\n<meta property=\"og:url\" content=\"https:\/\/ifergangallery.com\/es\/piece\/pequena-cabeza-votiva-etrusca-en-terracota-siglo-iv-a-c\/\" \/>\n<meta property=\"og:site_name\" content=\"Ifergan Gallery\" \/>\n<meta property=\"article:publisher\" content=\"https:\/\/www.facebook.com\/Ifergancollectionmalaga\" \/>\n<meta property=\"article:modified_time\" content=\"2024-11-15T13:33:10+00:00\" \/>\n<meta property=\"og:image\" content=\"https:\/\/ifergangallery.com\/wp-content\/uploads\/2024\/11\/mat079-2.jpg\" \/>\n\t<meta property=\"og:image:width\" content=\"2048\" \/>\n\t<meta property=\"og:image:height\" content=\"2048\" \/>\n<meta name=\"twitter:card\" content=\"summary_large_image\" \/>\n<meta name=\"twitter:site\" content=\"@Ifergangallery\" \/>\n<meta name=\"twitter:label1\" content=\"Tiempo de lectura\" \/>\n\t<meta name=\"twitter:data1\" content=\"1 minuto\" \/>\n<script type=\"application\/ld+json\" class=\"yoast-schema-graph\">{\"@context\":\"https:\/\/schema.org\",\"@graph\":[{\"@type\":\"Organization\",\"@id\":\"https:\/\/ifergangallery.com\/#organization\",\"name\":\"Ifergan Gallery\",\"url\":\"https:\/\/ifergangallery.com\/\",\"sameAs\":[\"https:\/\/www.facebook.com\/Ifergancollectionmalaga\",\"https:\/\/www.instagram.com\/ifergangallery\/\",\"https:\/\/www.youtube.com\/channel\/UC2O2zZ9BJKhbUFOnu_5mE3g\",\"https:\/\/twitter.com\/Ifergangallery\"],\"logo\":{\"@type\":\"ImageObject\",\"@id\":\"https:\/\/ifergangallery.com\/#logo\",\"inLanguage\":\"es\",\"url\":\"https:\/\/ifergangallery.com\/wp-content\/uploads\/2021\/09\/Imagotipo_blanco-e1637271379231.png\",\"contentUrl\":\"https:\/\/ifergangallery.com\/wp-content\/uploads\/2021\/09\/Imagotipo_blanco-e1637271379231.png\",\"width\":1920,\"height\":1065,\"caption\":\"Ifergan Gallery\"},\"image\":{\"@id\":\"https:\/\/ifergangallery.com\/#logo\"}},{\"@type\":\"WebSite\",\"@id\":\"https:\/\/ifergangallery.com\/#website\",\"url\":\"https:\/\/ifergangallery.com\/\",\"name\":\"Ifergan Gallery\",\"description\":\"Ancient Art Gallery\",\"publisher\":{\"@id\":\"https:\/\/ifergangallery.com\/#organization\"},\"potentialAction\":[{\"@type\":\"SearchAction\",\"target\":{\"@type\":\"EntryPoint\",\"urlTemplate\":\"https:\/\/ifergangallery.com\/?s={search_term_string}\"},\"query-input\":\"required name=search_term_string\"}],\"inLanguage\":\"es\"},{\"@type\":\"ImageObject\",\"@id\":\"https:\/\/ifergangallery.com\/es\/piece\/pequena-cabeza-votiva-etrusca-en-terracota-siglo-iv-a-c\/#primaryimage\",\"inLanguage\":\"es\",\"url\":\"https:\/\/ifergangallery.com\/wp-content\/uploads\/2024\/11\/mat079-2.jpg\",\"contentUrl\":\"https:\/\/ifergangallery.com\/wp-content\/uploads\/2024\/11\/mat079-2.jpg\",\"width\":2048,\"height\":2048},{\"@type\":\"WebPage\",\"@id\":\"https:\/\/ifergangallery.com\/es\/piece\/pequena-cabeza-votiva-etrusca-en-terracota-siglo-iv-a-c\/#webpage\",\"url\":\"https:\/\/ifergangallery.com\/es\/piece\/pequena-cabeza-votiva-etrusca-en-terracota-siglo-iv-a-c\/\",\"name\":\"Peque\\u00f1a cabeza votiva etrusca en terracota, Siglo IV a.C. &ndash; Ifergan Gallery\",\"isPartOf\":{\"@id\":\"https:\/\/ifergangallery.com\/#website\"},\"primaryImageOfPage\":{\"@id\":\"https:\/\/ifergangallery.com\/es\/piece\/pequena-cabeza-votiva-etrusca-en-terracota-siglo-iv-a-c\/#primaryimage\"},\"datePublished\":\"2024-11-06T08:40:57+00:00\",\"dateModified\":\"2024-11-15T13:33:10+00:00\",\"breadcrumb\":{\"@id\":\"https:\/\/ifergangallery.com\/es\/piece\/pequena-cabeza-votiva-etrusca-en-terracota-siglo-iv-a-c\/#breadcrumb\"},\"inLanguage\":\"es\",\"potentialAction\":[{\"@type\":\"ReadAction\",\"target\":[\"https:\/\/ifergangallery.com\/es\/piece\/pequena-cabeza-votiva-etrusca-en-terracota-siglo-iv-a-c\/\"]}]},{\"@type\":\"BreadcrumbList\",\"@id\":\"https:\/\/ifergangallery.com\/es\/piece\/pequena-cabeza-votiva-etrusca-en-terracota-siglo-iv-a-c\/#breadcrumb\",\"itemListElement\":[{\"@type\":\"ListItem\",\"position\":1,\"name\":\"Home\",\"item\":\"https:\/\/ifergangallery.com\/es\/\"},{\"@type\":\"ListItem\",\"position\":2,\"name\":\"Works of art\",\"item\":\"https:\/\/ifergangallery.com\/es\/works_of_art\/\"},{\"@type\":\"ListItem\",\"position\":3,\"name\":\"Peque\\u00f1a cabeza votiva etrusca en terracota, Siglo IV a.C.\"}]}]}<\/script>\n<!-- \/ Yoast SEO Premium plugin. -->","yoast_head_json":{"title":"Peque\u00f1a cabeza votiva etrusca en terracota, Siglo IV a.C. &ndash; Ifergan Gallery","robots":{"index":"index","follow":"follow","max-snippet":"max-snippet:-1","max-image-preview":"max-image-preview:large","max-video-preview":"max-video-preview:-1"},"canonical":"https:\/\/ifergangallery.com\/es\/piece\/pequena-cabeza-votiva-etrusca-en-terracota-siglo-iv-a-c\/","og_locale":"es_ES","og_type":"article","og_title":"Peque\u00f1a cabeza votiva etrusca en terracota, Siglo IV a.C.","og_description":"El arte etrusco es a menudo de car\u00e1cter religioso y de ah\u00ed que se relacione con las exigencias de la religi\u00f3n etrusca. La vida de ultratumba etrusca era negativa, a diferencia del punto de vista positivo del antiguo Egipto donde era una continuaci\u00f3n de la vida terrenal, o las relaciones de confianza con los dioses &hellip; Peque\u00f1a cabeza votiva etrusca en terracota, Siglo IV a.C. Leer m\u00e1s &raquo;","og_url":"https:\/\/ifergangallery.com\/es\/piece\/pequena-cabeza-votiva-etrusca-en-terracota-siglo-iv-a-c\/","og_site_name":"Ifergan Gallery","article_publisher":"https:\/\/www.facebook.com\/Ifergancollectionmalaga","article_modified_time":"2024-11-15T13:33:10+00:00","og_image":[{"width":2048,"height":2048,"url":"https:\/\/ifergangallery.com\/wp-content\/uploads\/2024\/11\/mat079-2.jpg","type":"image\/jpeg"}],"twitter_card":"summary_large_image","twitter_site":"@Ifergangallery","twitter_misc":{"Tiempo de lectura":"1 minuto"},"schema":{"@context":"https:\/\/schema.org","@graph":[{"@type":"Organization","@id":"https:\/\/ifergangallery.com\/#organization","name":"Ifergan Gallery","url":"https:\/\/ifergangallery.com\/","sameAs":["https:\/\/www.facebook.com\/Ifergancollectionmalaga","https:\/\/www.instagram.com\/ifergangallery\/","https:\/\/www.youtube.com\/channel\/UC2O2zZ9BJKhbUFOnu_5mE3g","https:\/\/twitter.com\/Ifergangallery"],"logo":{"@type":"ImageObject","@id":"https:\/\/ifergangallery.com\/#logo","inLanguage":"es","url":"https:\/\/ifergangallery.com\/wp-content\/uploads\/2021\/09\/Imagotipo_blanco-e1637271379231.png","contentUrl":"https:\/\/ifergangallery.com\/wp-content\/uploads\/2021\/09\/Imagotipo_blanco-e1637271379231.png","width":1920,"height":1065,"caption":"Ifergan Gallery"},"image":{"@id":"https:\/\/ifergangallery.com\/#logo"}},{"@type":"WebSite","@id":"https:\/\/ifergangallery.com\/#website","url":"https:\/\/ifergangallery.com\/","name":"Ifergan Gallery","description":"Ancient Art Gallery","publisher":{"@id":"https:\/\/ifergangallery.com\/#organization"},"potentialAction":[{"@type":"SearchAction","target":{"@type":"EntryPoint","urlTemplate":"https:\/\/ifergangallery.com\/?s={search_term_string}"},"query-input":"required name=search_term_string"}],"inLanguage":"es"},{"@type":"ImageObject","@id":"https:\/\/ifergangallery.com\/es\/piece\/pequena-cabeza-votiva-etrusca-en-terracota-siglo-iv-a-c\/#primaryimage","inLanguage":"es","url":"https:\/\/ifergangallery.com\/wp-content\/uploads\/2024\/11\/mat079-2.jpg","contentUrl":"https:\/\/ifergangallery.com\/wp-content\/uploads\/2024\/11\/mat079-2.jpg","width":2048,"height":2048},{"@type":"WebPage","@id":"https:\/\/ifergangallery.com\/es\/piece\/pequena-cabeza-votiva-etrusca-en-terracota-siglo-iv-a-c\/#webpage","url":"https:\/\/ifergangallery.com\/es\/piece\/pequena-cabeza-votiva-etrusca-en-terracota-siglo-iv-a-c\/","name":"Peque\u00f1a cabeza votiva etrusca en terracota, Siglo IV a.C. &ndash; Ifergan Gallery","isPartOf":{"@id":"https:\/\/ifergangallery.com\/#website"},"primaryImageOfPage":{"@id":"https:\/\/ifergangallery.com\/es\/piece\/pequena-cabeza-votiva-etrusca-en-terracota-siglo-iv-a-c\/#primaryimage"},"datePublished":"2024-11-06T08:40:57+00:00","dateModified":"2024-11-15T13:33:10+00:00","breadcrumb":{"@id":"https:\/\/ifergangallery.com\/es\/piece\/pequena-cabeza-votiva-etrusca-en-terracota-siglo-iv-a-c\/#breadcrumb"},"inLanguage":"es","potentialAction":[{"@type":"ReadAction","target":["https:\/\/ifergangallery.com\/es\/piece\/pequena-cabeza-votiva-etrusca-en-terracota-siglo-iv-a-c\/"]}]},{"@type":"BreadcrumbList","@id":"https:\/\/ifergangallery.com\/es\/piece\/pequena-cabeza-votiva-etrusca-en-terracota-siglo-iv-a-c\/#breadcrumb","itemListElement":[{"@type":"ListItem","position":1,"name":"Home","item":"https:\/\/ifergangallery.com\/es\/"},{"@type":"ListItem","position":2,"name":"Works of art","item":"https:\/\/ifergangallery.com\/es\/works_of_art\/"},{"@type":"ListItem","position":3,"name":"Peque\u00f1a cabeza votiva etrusca en terracota, Siglo IV a.C."}]}]}},"_links":{"self":[{"href":"https:\/\/ifergangallery.com\/es\/wp-json\/wp\/v2\/product\/14956"}],"collection":[{"href":"https:\/\/ifergangallery.com\/es\/wp-json\/wp\/v2\/product"}],"about":[{"href":"https:\/\/ifergangallery.com\/es\/wp-json\/wp\/v2\/types\/product"}],"replies":[{"embeddable":true,"href":"https:\/\/ifergangallery.com\/es\/wp-json\/wp\/v2\/comments?post=14956"}],"wp:featuredmedia":[{"embeddable":true,"href":"https:\/\/ifergangallery.com\/es\/wp-json\/wp\/v2\/media\/14958"}],"wp:attachment":[{"href":"https:\/\/ifergangallery.com\/es\/wp-json\/wp\/v2\/media?parent=14956"}],"wp:term":[{"taxonomy":"product_cat","embeddable":true,"href":"https:\/\/ifergangallery.com\/es\/wp-json\/wp\/v2\/product_cat?post=14956"},{"taxonomy":"product_tag","embeddable":true,"href":"https:\/\/ifergangallery.com\/es\/wp-json\/wp\/v2\/product_tag?post=14956"}],"curies":[{"name":"wp","href":"https:\/\/api.w.org\/{rel}","templated":true}]}}