{"id":15005,"date":"2021-11-06T13:01:39","date_gmt":"2021-11-06T13:01:39","guid":{"rendered":"https:\/\/ifergangallery.com\/piece\/ancient-egyptian-polychrome-wooden-sarcophagus-lid-ptolemaic-period-323-30-bc\/"},"modified":"2025-03-20T10:10:40","modified_gmt":"2025-03-20T10:10:40","slug":"ancient-egyptian-polychrome-wooden-sarcophagus-lid-ptolemaic-period-323-30-bc","status":"publish","type":"product","link":"https:\/\/ifergangallery.com\/es\/piece\/ancient-egyptian-polychrome-wooden-sarcophagus-lid-ptolemaic-period-323-30-bc\/","title":{"rendered":"Tapa de sarc\u00f3fago egipcio de madera policromada, Periodo Ptolemaico, 323-30 a.C."},"content":{"rendered":"<p>Esta tapa de sarc\u00f3fago es una representaci\u00f3n antropomorfa del difunto, aunque no se trata de un retrato fiel del difunto, sino m\u00e1s bien de una imagen idealizada de \u00e9l. La figura lleva peluca y a ambos lados aparecen representadas dos diosas egipcias, Isis y Neftis. Su pecho est\u00e1 protegido por un collar que le llega hasta el cuello y culmina a cada lado con la representaci\u00f3n del dios Horus en forma de halc\u00f3n.<\/p>\n<p>El resto de la tapa est\u00e1 dividido en registros horizontales que contienen escenas narrativas extra\u00eddas del Libro de los Muertos, el documento egipcio que explicaba c\u00f3mo deb\u00eda llevarse a cabo el ritual de momificaci\u00f3n y las etapas que deb\u00eda superar el difunto antes de alcanzar la paz eterna en el M\u00e1s All\u00e1.<\/p>\n<p>En uno de los registros encontramos representada la escena del pesaje del coraz\u00f3n: se trataba de un ritual presidido por el dios Osiris en el que se pesaba en una balanza el coraz\u00f3n extra\u00eddo al difunto. Si el coraz\u00f3n pesaba m\u00e1s de una pluma, se consideraba que ten\u00eda un coraz\u00f3n impuro, mientras que si pesaba menos, se consideraba que era puro. Si el difunto ten\u00eda un coraz\u00f3n impuro, era devorado por un monstruo con cuerpo de cocodrilo y pinchos en el lomo, que aparece representado en la parte central del registro.<\/p>\n<p>El siguiente registro describe la momificaci\u00f3n ceremonial del cuerpo del difunto, en la que se extirpaban los \u00f3rganos y se aplicaban ung\u00fcentos para garantizar la conservaci\u00f3n del cad\u00e1ver. El dios Anubis, con cabeza de chacal, preside este ritual. Por \u00faltimo, en el registro inferior se representa la barca solar con una serie de figuras, siendo el veh\u00edculo encargado de transportar al difunto de coraz\u00f3n puro a la vida eterna. La tapa del sarc\u00f3fago est\u00e1 dividida en registros horizontales que contienen escenas narrativas extra\u00eddas del Libro de los Muertos.<\/p>","protected":false},"excerpt":{"rendered":"<p>Esta tapa de sarc\u00f3fago es una representaci\u00f3n antropomorfa del difunto, aunque no se trata de un retrato fiel del difunto, sino m\u00e1s bien de una imagen idealizada de \u00e9l. La figura lleva peluca y a ambos lados aparecen representadas dos diosas egipcias, Isis y Neftis. Su pecho est\u00e1 protegido por un collar que le llega &hellip;<\/p>\n<p class=\"read-more\"> <a class=\"\" href=\"https:\/\/ifergangallery.com\/es\/piece\/ancient-egyptian-polychrome-wooden-sarcophagus-lid-ptolemaic-period-323-30-bc\/\"> <span class=\"screen-reader-text\">Tapa de sarc\u00f3fago egipcio de madera policromada, Periodo Ptolemaico, 323-30 a.C.<\/span> Leer m\u00e1s &raquo;<\/a><\/p>","protected":false},"featured_media":15006,"comment_status":"closed","ping_status":"closed","template":"","meta":{"spay_email":""},"product_cat":[110],"product_tag":[147,805,802,318,806,149],"yoast_head":"<!-- This site is optimized with the Yoast SEO Premium plugin v17.6 (Yoast SEO v17.6) - https:\/\/yoast.com\/wordpress\/plugins\/seo\/ -->\n<title>Tapa de sarc\u00f3fago egipcio de madera policromada, Periodo Ptolemaico, 323-30 a.C. &ndash; Ifergan Gallery<\/title>\n<meta name=\"robots\" content=\"index, follow, max-snippet:-1, max-image-preview:large, max-video-preview:-1\" \/>\n<link rel=\"canonical\" href=\"https:\/\/ifergangallery.com\/es\/piece\/ancient-egyptian-polychrome-wooden-sarcophagus-lid-ptolemaic-period-323-30-bc\/\" \/>\n<meta property=\"og:locale\" content=\"es_ES\" \/>\n<meta property=\"og:type\" content=\"article\" \/>\n<meta property=\"og:title\" content=\"Tapa de sarc\u00f3fago egipcio de madera policromada, Periodo Ptolemaico, 323-30 a.C.\" \/>\n<meta property=\"og:description\" content=\"Esta tapa de sarc\u00f3fago es una representaci\u00f3n antropomorfa del difunto, aunque no se trata de un retrato fiel del difunto, sino m\u00e1s bien de una imagen idealizada de \u00e9l. La figura lleva peluca y a ambos lados aparecen representadas dos diosas egipcias, Isis y Neftis. Su pecho est\u00e1 protegido por un collar que le llega &hellip; Tapa de sarc\u00f3fago egipcio de madera policromada, Periodo Ptolemaico, 323-30 a.C. Leer m\u00e1s &raquo;\" \/>\n<meta property=\"og:url\" content=\"https:\/\/ifergangallery.com\/es\/piece\/ancient-egyptian-polychrome-wooden-sarcophagus-lid-ptolemaic-period-323-30-bc\/\" \/>\n<meta property=\"og:site_name\" content=\"Ifergan Gallery\" \/>\n<meta property=\"article:publisher\" content=\"https:\/\/www.facebook.com\/Ifergancollectionmalaga\" \/>\n<meta property=\"article:modified_time\" content=\"2025-03-20T10:10:40+00:00\" \/>\n<meta property=\"og:image\" content=\"https:\/\/ifergangallery.com\/wp-content\/uploads\/2024\/11\/fcr061-1-scaled.jpg\" \/>\n\t<meta property=\"og:image:width\" content=\"2560\" \/>\n\t<meta property=\"og:image:height\" content=\"2560\" \/>\n<meta name=\"twitter:card\" content=\"summary_large_image\" \/>\n<meta name=\"twitter:site\" content=\"@Ifergangallery\" \/>\n<meta name=\"twitter:label1\" content=\"Tiempo de lectura\" \/>\n\t<meta name=\"twitter:data1\" content=\"2 minutos\" \/>\n<script type=\"application\/ld+json\" class=\"yoast-schema-graph\">{\"@context\":\"https:\/\/schema.org\",\"@graph\":[{\"@type\":\"Organization\",\"@id\":\"https:\/\/ifergangallery.com\/#organization\",\"name\":\"Ifergan Gallery\",\"url\":\"https:\/\/ifergangallery.com\/\",\"sameAs\":[\"https:\/\/www.facebook.com\/Ifergancollectionmalaga\",\"https:\/\/www.instagram.com\/ifergangallery\/\",\"https:\/\/www.youtube.com\/channel\/UC2O2zZ9BJKhbUFOnu_5mE3g\",\"https:\/\/twitter.com\/Ifergangallery\"],\"logo\":{\"@type\":\"ImageObject\",\"@id\":\"https:\/\/ifergangallery.com\/#logo\",\"inLanguage\":\"es\",\"url\":\"https:\/\/ifergangallery.com\/wp-content\/uploads\/2021\/09\/Imagotipo_blanco-e1637271379231.png\",\"contentUrl\":\"https:\/\/ifergangallery.com\/wp-content\/uploads\/2021\/09\/Imagotipo_blanco-e1637271379231.png\",\"width\":1920,\"height\":1065,\"caption\":\"Ifergan Gallery\"},\"image\":{\"@id\":\"https:\/\/ifergangallery.com\/#logo\"}},{\"@type\":\"WebSite\",\"@id\":\"https:\/\/ifergangallery.com\/#website\",\"url\":\"https:\/\/ifergangallery.com\/\",\"name\":\"Ifergan Gallery\",\"description\":\"Ancient Art Gallery\",\"publisher\":{\"@id\":\"https:\/\/ifergangallery.com\/#organization\"},\"potentialAction\":[{\"@type\":\"SearchAction\",\"target\":{\"@type\":\"EntryPoint\",\"urlTemplate\":\"https:\/\/ifergangallery.com\/?s={search_term_string}\"},\"query-input\":\"required name=search_term_string\"}],\"inLanguage\":\"es\"},{\"@type\":\"ImageObject\",\"@id\":\"https:\/\/ifergangallery.com\/es\/piece\/ancient-egyptian-polychrome-wooden-sarcophagus-lid-ptolemaic-period-323-30-bc\/#primaryimage\",\"inLanguage\":\"es\",\"url\":\"https:\/\/ifergangallery.com\/wp-content\/uploads\/2024\/11\/fcr061-1-scaled.jpg\",\"contentUrl\":\"https:\/\/ifergangallery.com\/wp-content\/uploads\/2024\/11\/fcr061-1-scaled.jpg\",\"width\":2560,\"height\":2560},{\"@type\":\"WebPage\",\"@id\":\"https:\/\/ifergangallery.com\/es\/piece\/ancient-egyptian-polychrome-wooden-sarcophagus-lid-ptolemaic-period-323-30-bc\/#webpage\",\"url\":\"https:\/\/ifergangallery.com\/es\/piece\/ancient-egyptian-polychrome-wooden-sarcophagus-lid-ptolemaic-period-323-30-bc\/\",\"name\":\"Tapa de sarc\\u00f3fago egipcio de madera policromada, Periodo Ptolemaico, 323-30 a.C. &ndash; Ifergan Gallery\",\"isPartOf\":{\"@id\":\"https:\/\/ifergangallery.com\/#website\"},\"primaryImageOfPage\":{\"@id\":\"https:\/\/ifergangallery.com\/es\/piece\/ancient-egyptian-polychrome-wooden-sarcophagus-lid-ptolemaic-period-323-30-bc\/#primaryimage\"},\"datePublished\":\"2021-11-06T13:01:39+00:00\",\"dateModified\":\"2025-03-20T10:10:40+00:00\",\"breadcrumb\":{\"@id\":\"https:\/\/ifergangallery.com\/es\/piece\/ancient-egyptian-polychrome-wooden-sarcophagus-lid-ptolemaic-period-323-30-bc\/#breadcrumb\"},\"inLanguage\":\"es\",\"potentialAction\":[{\"@type\":\"ReadAction\",\"target\":[\"https:\/\/ifergangallery.com\/es\/piece\/ancient-egyptian-polychrome-wooden-sarcophagus-lid-ptolemaic-period-323-30-bc\/\"]}]},{\"@type\":\"BreadcrumbList\",\"@id\":\"https:\/\/ifergangallery.com\/es\/piece\/ancient-egyptian-polychrome-wooden-sarcophagus-lid-ptolemaic-period-323-30-bc\/#breadcrumb\",\"itemListElement\":[{\"@type\":\"ListItem\",\"position\":1,\"name\":\"Home\",\"item\":\"https:\/\/ifergangallery.com\/es\/\"},{\"@type\":\"ListItem\",\"position\":2,\"name\":\"Works of art\",\"item\":\"https:\/\/ifergangallery.com\/es\/works_of_art\/\"},{\"@type\":\"ListItem\",\"position\":3,\"name\":\"Tapa de sarc\\u00f3fago egipcio de madera policromada, Periodo Ptolemaico, 323-30 a.C.\"}]}]}<\/script>\n<!-- \/ Yoast SEO Premium plugin. -->","yoast_head_json":{"title":"Tapa de sarc\u00f3fago egipcio de madera policromada, Periodo Ptolemaico, 323-30 a.C. &ndash; Ifergan Gallery","robots":{"index":"index","follow":"follow","max-snippet":"max-snippet:-1","max-image-preview":"max-image-preview:large","max-video-preview":"max-video-preview:-1"},"canonical":"https:\/\/ifergangallery.com\/es\/piece\/ancient-egyptian-polychrome-wooden-sarcophagus-lid-ptolemaic-period-323-30-bc\/","og_locale":"es_ES","og_type":"article","og_title":"Tapa de sarc\u00f3fago egipcio de madera policromada, Periodo Ptolemaico, 323-30 a.C.","og_description":"Esta tapa de sarc\u00f3fago es una representaci\u00f3n antropomorfa del difunto, aunque no se trata de un retrato fiel del difunto, sino m\u00e1s bien de una imagen idealizada de \u00e9l. La figura lleva peluca y a ambos lados aparecen representadas dos diosas egipcias, Isis y Neftis. Su pecho est\u00e1 protegido por un collar que le llega &hellip; Tapa de sarc\u00f3fago egipcio de madera policromada, Periodo Ptolemaico, 323-30 a.C. Leer m\u00e1s &raquo;","og_url":"https:\/\/ifergangallery.com\/es\/piece\/ancient-egyptian-polychrome-wooden-sarcophagus-lid-ptolemaic-period-323-30-bc\/","og_site_name":"Ifergan Gallery","article_publisher":"https:\/\/www.facebook.com\/Ifergancollectionmalaga","article_modified_time":"2025-03-20T10:10:40+00:00","og_image":[{"width":2560,"height":2560,"url":"https:\/\/ifergangallery.com\/wp-content\/uploads\/2024\/11\/fcr061-1-scaled.jpg","type":"image\/jpeg"}],"twitter_card":"summary_large_image","twitter_site":"@Ifergangallery","twitter_misc":{"Tiempo de lectura":"2 minutos"},"schema":{"@context":"https:\/\/schema.org","@graph":[{"@type":"Organization","@id":"https:\/\/ifergangallery.com\/#organization","name":"Ifergan Gallery","url":"https:\/\/ifergangallery.com\/","sameAs":["https:\/\/www.facebook.com\/Ifergancollectionmalaga","https:\/\/www.instagram.com\/ifergangallery\/","https:\/\/www.youtube.com\/channel\/UC2O2zZ9BJKhbUFOnu_5mE3g","https:\/\/twitter.com\/Ifergangallery"],"logo":{"@type":"ImageObject","@id":"https:\/\/ifergangallery.com\/#logo","inLanguage":"es","url":"https:\/\/ifergangallery.com\/wp-content\/uploads\/2021\/09\/Imagotipo_blanco-e1637271379231.png","contentUrl":"https:\/\/ifergangallery.com\/wp-content\/uploads\/2021\/09\/Imagotipo_blanco-e1637271379231.png","width":1920,"height":1065,"caption":"Ifergan Gallery"},"image":{"@id":"https:\/\/ifergangallery.com\/#logo"}},{"@type":"WebSite","@id":"https:\/\/ifergangallery.com\/#website","url":"https:\/\/ifergangallery.com\/","name":"Ifergan Gallery","description":"Ancient Art Gallery","publisher":{"@id":"https:\/\/ifergangallery.com\/#organization"},"potentialAction":[{"@type":"SearchAction","target":{"@type":"EntryPoint","urlTemplate":"https:\/\/ifergangallery.com\/?s={search_term_string}"},"query-input":"required name=search_term_string"}],"inLanguage":"es"},{"@type":"ImageObject","@id":"https:\/\/ifergangallery.com\/es\/piece\/ancient-egyptian-polychrome-wooden-sarcophagus-lid-ptolemaic-period-323-30-bc\/#primaryimage","inLanguage":"es","url":"https:\/\/ifergangallery.com\/wp-content\/uploads\/2024\/11\/fcr061-1-scaled.jpg","contentUrl":"https:\/\/ifergangallery.com\/wp-content\/uploads\/2024\/11\/fcr061-1-scaled.jpg","width":2560,"height":2560},{"@type":"WebPage","@id":"https:\/\/ifergangallery.com\/es\/piece\/ancient-egyptian-polychrome-wooden-sarcophagus-lid-ptolemaic-period-323-30-bc\/#webpage","url":"https:\/\/ifergangallery.com\/es\/piece\/ancient-egyptian-polychrome-wooden-sarcophagus-lid-ptolemaic-period-323-30-bc\/","name":"Tapa de sarc\u00f3fago egipcio de madera policromada, Periodo Ptolemaico, 323-30 a.C. &ndash; Ifergan Gallery","isPartOf":{"@id":"https:\/\/ifergangallery.com\/#website"},"primaryImageOfPage":{"@id":"https:\/\/ifergangallery.com\/es\/piece\/ancient-egyptian-polychrome-wooden-sarcophagus-lid-ptolemaic-period-323-30-bc\/#primaryimage"},"datePublished":"2021-11-06T13:01:39+00:00","dateModified":"2025-03-20T10:10:40+00:00","breadcrumb":{"@id":"https:\/\/ifergangallery.com\/es\/piece\/ancient-egyptian-polychrome-wooden-sarcophagus-lid-ptolemaic-period-323-30-bc\/#breadcrumb"},"inLanguage":"es","potentialAction":[{"@type":"ReadAction","target":["https:\/\/ifergangallery.com\/es\/piece\/ancient-egyptian-polychrome-wooden-sarcophagus-lid-ptolemaic-period-323-30-bc\/"]}]},{"@type":"BreadcrumbList","@id":"https:\/\/ifergangallery.com\/es\/piece\/ancient-egyptian-polychrome-wooden-sarcophagus-lid-ptolemaic-period-323-30-bc\/#breadcrumb","itemListElement":[{"@type":"ListItem","position":1,"name":"Home","item":"https:\/\/ifergangallery.com\/es\/"},{"@type":"ListItem","position":2,"name":"Works of art","item":"https:\/\/ifergangallery.com\/es\/works_of_art\/"},{"@type":"ListItem","position":3,"name":"Tapa de sarc\u00f3fago egipcio de madera policromada, Periodo Ptolemaico, 323-30 a.C."}]}]}},"_links":{"self":[{"href":"https:\/\/ifergangallery.com\/es\/wp-json\/wp\/v2\/product\/15005"}],"collection":[{"href":"https:\/\/ifergangallery.com\/es\/wp-json\/wp\/v2\/product"}],"about":[{"href":"https:\/\/ifergangallery.com\/es\/wp-json\/wp\/v2\/types\/product"}],"replies":[{"embeddable":true,"href":"https:\/\/ifergangallery.com\/es\/wp-json\/wp\/v2\/comments?post=15005"}],"wp:featuredmedia":[{"embeddable":true,"href":"https:\/\/ifergangallery.com\/es\/wp-json\/wp\/v2\/media\/15006"}],"wp:attachment":[{"href":"https:\/\/ifergangallery.com\/es\/wp-json\/wp\/v2\/media?parent=15005"}],"wp:term":[{"taxonomy":"product_cat","embeddable":true,"href":"https:\/\/ifergangallery.com\/es\/wp-json\/wp\/v2\/product_cat?post=15005"},{"taxonomy":"product_tag","embeddable":true,"href":"https:\/\/ifergangallery.com\/es\/wp-json\/wp\/v2\/product_tag?post=15005"}],"curies":[{"name":"wp","href":"https:\/\/api.w.org\/{rel}","templated":true}]}}