{"id":15023,"date":"2021-11-06T13:21:11","date_gmt":"2021-11-06T13:21:11","guid":{"rendered":"https:\/\/ifergangallery.com\/piece\/ancient-greek-ceramic-red-figure-volute-krater-attributed-to-the-painter-of-the-underworld-circa-330-320-bc\/"},"modified":"2025-03-20T10:15:11","modified_gmt":"2025-03-20T10:15:11","slug":"ancient-greek-ceramic-red-figure-volute-krater-attributed-to-the-painter-of-the-underworld-circa-330-320-bc","status":"publish","type":"product","link":"https:\/\/ifergangallery.com\/es\/piece\/ancient-greek-ceramic-red-figure-volute-krater-attributed-to-the-painter-of-the-underworld-circa-330-320-bc\/","title":{"rendered":"Cr\u00e1tera de volutas de figuras rojas atribuida al Pintor del Inframundo, 330-320 a.C."},"content":{"rendered":"<p>Cr\u00e1tera de volutas de cer\u00e1mica roja, decorada con motivos figurativos y rostros en relieve en las asas, por encima de la vuelta de la voluta. Las asas est\u00e1n caladas en la base, donde est\u00e1n decoradas con cabezas de pato de cuello curvo trabajadas en redondo.<br \/>\nEn el anverso, la composici\u00f3n est\u00e1 dominada por dos figuras en el interior de un naiskos o templo con base decorada con palmetas, dos columnas j\u00f3nicas, entablamento y front\u00f3n triangular, rebajado para ajustarse al marco. El naiskos est\u00e1 rodeado de oferentes (dos hombres y dos mujeres) que portan cajas, bandejas, ramas y coronas florales. En el interior del santuario hay un guerrero de pie, con coraza, manto y casco adornados con plumas o alas, que sostiene una lanza en la mano derecha y un escudo redondo en la izquierda. Junto a \u00e9l hay un hombre barbudo, vestido con toga, que le ofrece una copa ornamentada.<\/p>\n<p>En el lado opuesto, el reverso o cara B, vemos a otros cuatro oferentes similares a los del anverso, dos mujeres vestidas con chit\u00f3n y dos hombres desnudos, con capa, portando objetos similares a los del anverso. Est\u00e1n situados alrededor de un pilar conmemorativo decorado con cintas y guirnaldas, con motivos florales en la base y un front\u00f3n triangular en la parte superior.<\/p>\n<p>A los lados, separando las dos escenas, hay grandes palmetas decoradas con roleos vegetales sintetizados, de contorno sinuoso, y otras palmetas m\u00e1s peque\u00f1as. Esta decoraci\u00f3n de la panza est\u00e1 enmarcada en la parte superior e inferior por cenefas, la inferior con grecas y la superior con gallones y \u00f3valos.<\/p>\n<p>El cuello tambi\u00e9n est\u00e1 ricamente decorado con motivos figurativos. En el lado A hay un busto alado que surge de una copa, rodeado de intrincados motivos vegetales que incluyen flores, hojas lobuladas y cintas sinuosas. En el reverso, tambi\u00e9n sobre una copa que parte de una serie de hojas lobuladas, vemos un busto masculino con cuernos de cabra, representado de perfil y flanqueado por motivos m\u00e1s sencillos que los del anverso, palmetas similares a las que adornan los laterales del vientre. Encima de esta banda con decoraci\u00f3n figurativa, vemos una cenefa con coronas de laurel y peque\u00f1as flores sintetizadas y, sobre ella, una cenefa invertida de olas marinas, tambi\u00e9n con un dise\u00f1o sintetizado. Por \u00faltimo, la boca, ahuecada, est\u00e1 decorada exteriormente con ondas similares a las que vemos pinceladas en los hombros. El pie es alto y estrecho, sin m\u00e1s decoraci\u00f3n que dos finas bandas lisas de color rojo sobre fondo negro pulido.<\/p>","protected":false},"excerpt":{"rendered":"<p>Cr\u00e1tera de volutas de cer\u00e1mica roja, decorada con motivos figurativos y rostros en relieve en las asas, por encima de la vuelta de la voluta. Las asas est\u00e1n caladas en la base, donde est\u00e1n decoradas con cabezas de pato de cuello curvo trabajadas en redondo. En el anverso, la composici\u00f3n est\u00e1 dominada por dos figuras &hellip;<\/p>\n<p class=\"read-more\"> <a class=\"\" href=\"https:\/\/ifergangallery.com\/es\/piece\/ancient-greek-ceramic-red-figure-volute-krater-attributed-to-the-painter-of-the-underworld-circa-330-320-bc\/\"> <span class=\"screen-reader-text\">Cr\u00e1tera de volutas de figuras rojas atribuida al Pintor del Inframundo, 330-320 a.C.<\/span> Leer m\u00e1s &raquo;<\/a><\/p>","protected":false},"featured_media":15025,"comment_status":"closed","ping_status":"closed","template":"","meta":{"spay_email":""},"product_cat":[111],"product_tag":[534,463,537,460,805,802],"yoast_head":"<!-- This site is optimized with the Yoast SEO Premium plugin v17.6 (Yoast SEO v17.6) - https:\/\/yoast.com\/wordpress\/plugins\/seo\/ -->\n<title>Cr\u00e1tera de volutas de figuras rojas atribuida al Pintor del Inframundo, 330-320 a.C. &ndash; Ifergan Gallery<\/title>\n<meta name=\"robots\" content=\"index, follow, max-snippet:-1, max-image-preview:large, max-video-preview:-1\" \/>\n<link rel=\"canonical\" href=\"https:\/\/ifergangallery.com\/es\/piece\/ancient-greek-ceramic-red-figure-volute-krater-attributed-to-the-painter-of-the-underworld-circa-330-320-bc\/\" \/>\n<meta property=\"og:locale\" content=\"es_ES\" \/>\n<meta property=\"og:type\" content=\"article\" \/>\n<meta property=\"og:title\" content=\"Cr\u00e1tera de volutas de figuras rojas atribuida al Pintor del Inframundo, 330-320 a.C.\" \/>\n<meta property=\"og:description\" content=\"Cr\u00e1tera de volutas de cer\u00e1mica roja, decorada con motivos figurativos y rostros en relieve en las asas, por encima de la vuelta de la voluta. Las asas est\u00e1n caladas en la base, donde est\u00e1n decoradas con cabezas de pato de cuello curvo trabajadas en redondo. En el anverso, la composici\u00f3n est\u00e1 dominada por dos figuras &hellip; Cr\u00e1tera de volutas de figuras rojas atribuida al Pintor del Inframundo, 330-320 a.C. Leer m\u00e1s &raquo;\" \/>\n<meta property=\"og:url\" content=\"https:\/\/ifergangallery.com\/es\/piece\/ancient-greek-ceramic-red-figure-volute-krater-attributed-to-the-painter-of-the-underworld-circa-330-320-bc\/\" \/>\n<meta property=\"og:site_name\" content=\"Ifergan Gallery\" \/>\n<meta property=\"article:publisher\" content=\"https:\/\/www.facebook.com\/Ifergancollectionmalaga\" \/>\n<meta property=\"article:modified_time\" content=\"2025-03-20T10:15:11+00:00\" \/>\n<meta property=\"og:image\" content=\"https:\/\/ifergangallery.com\/wp-content\/uploads\/2024\/11\/jba014-11-copia-scaled.jpg\" \/>\n\t<meta property=\"og:image:width\" content=\"2560\" \/>\n\t<meta property=\"og:image:height\" content=\"2560\" \/>\n<meta name=\"twitter:card\" content=\"summary_large_image\" \/>\n<meta name=\"twitter:site\" content=\"@Ifergangallery\" \/>\n<meta name=\"twitter:label1\" content=\"Tiempo de lectura\" \/>\n\t<meta name=\"twitter:data1\" content=\"2 minutos\" \/>\n<script type=\"application\/ld+json\" class=\"yoast-schema-graph\">{\"@context\":\"https:\/\/schema.org\",\"@graph\":[{\"@type\":\"Organization\",\"@id\":\"https:\/\/ifergangallery.com\/#organization\",\"name\":\"Ifergan Gallery\",\"url\":\"https:\/\/ifergangallery.com\/\",\"sameAs\":[\"https:\/\/www.facebook.com\/Ifergancollectionmalaga\",\"https:\/\/www.instagram.com\/ifergangallery\/\",\"https:\/\/www.youtube.com\/channel\/UC2O2zZ9BJKhbUFOnu_5mE3g\",\"https:\/\/twitter.com\/Ifergangallery\"],\"logo\":{\"@type\":\"ImageObject\",\"@id\":\"https:\/\/ifergangallery.com\/#logo\",\"inLanguage\":\"es\",\"url\":\"https:\/\/ifergangallery.com\/wp-content\/uploads\/2021\/09\/Imagotipo_blanco-e1637271379231.png\",\"contentUrl\":\"https:\/\/ifergangallery.com\/wp-content\/uploads\/2021\/09\/Imagotipo_blanco-e1637271379231.png\",\"width\":1920,\"height\":1065,\"caption\":\"Ifergan Gallery\"},\"image\":{\"@id\":\"https:\/\/ifergangallery.com\/#logo\"}},{\"@type\":\"WebSite\",\"@id\":\"https:\/\/ifergangallery.com\/#website\",\"url\":\"https:\/\/ifergangallery.com\/\",\"name\":\"Ifergan Gallery\",\"description\":\"Ancient Art Gallery\",\"publisher\":{\"@id\":\"https:\/\/ifergangallery.com\/#organization\"},\"potentialAction\":[{\"@type\":\"SearchAction\",\"target\":{\"@type\":\"EntryPoint\",\"urlTemplate\":\"https:\/\/ifergangallery.com\/?s={search_term_string}\"},\"query-input\":\"required name=search_term_string\"}],\"inLanguage\":\"es\"},{\"@type\":\"ImageObject\",\"@id\":\"https:\/\/ifergangallery.com\/es\/piece\/ancient-greek-ceramic-red-figure-volute-krater-attributed-to-the-painter-of-the-underworld-circa-330-320-bc\/#primaryimage\",\"inLanguage\":\"es\",\"url\":\"https:\/\/ifergangallery.com\/wp-content\/uploads\/2024\/11\/jba014-11-copia-scaled.jpg\",\"contentUrl\":\"https:\/\/ifergangallery.com\/wp-content\/uploads\/2024\/11\/jba014-11-copia-scaled.jpg\",\"width\":2560,\"height\":2560},{\"@type\":\"WebPage\",\"@id\":\"https:\/\/ifergangallery.com\/es\/piece\/ancient-greek-ceramic-red-figure-volute-krater-attributed-to-the-painter-of-the-underworld-circa-330-320-bc\/#webpage\",\"url\":\"https:\/\/ifergangallery.com\/es\/piece\/ancient-greek-ceramic-red-figure-volute-krater-attributed-to-the-painter-of-the-underworld-circa-330-320-bc\/\",\"name\":\"Cr\\u00e1tera de volutas de figuras rojas atribuida al Pintor del Inframundo, 330-320 a.C. &ndash; Ifergan Gallery\",\"isPartOf\":{\"@id\":\"https:\/\/ifergangallery.com\/#website\"},\"primaryImageOfPage\":{\"@id\":\"https:\/\/ifergangallery.com\/es\/piece\/ancient-greek-ceramic-red-figure-volute-krater-attributed-to-the-painter-of-the-underworld-circa-330-320-bc\/#primaryimage\"},\"datePublished\":\"2021-11-06T13:21:11+00:00\",\"dateModified\":\"2025-03-20T10:15:11+00:00\",\"breadcrumb\":{\"@id\":\"https:\/\/ifergangallery.com\/es\/piece\/ancient-greek-ceramic-red-figure-volute-krater-attributed-to-the-painter-of-the-underworld-circa-330-320-bc\/#breadcrumb\"},\"inLanguage\":\"es\",\"potentialAction\":[{\"@type\":\"ReadAction\",\"target\":[\"https:\/\/ifergangallery.com\/es\/piece\/ancient-greek-ceramic-red-figure-volute-krater-attributed-to-the-painter-of-the-underworld-circa-330-320-bc\/\"]}]},{\"@type\":\"BreadcrumbList\",\"@id\":\"https:\/\/ifergangallery.com\/es\/piece\/ancient-greek-ceramic-red-figure-volute-krater-attributed-to-the-painter-of-the-underworld-circa-330-320-bc\/#breadcrumb\",\"itemListElement\":[{\"@type\":\"ListItem\",\"position\":1,\"name\":\"Home\",\"item\":\"https:\/\/ifergangallery.com\/es\/\"},{\"@type\":\"ListItem\",\"position\":2,\"name\":\"Works of art\",\"item\":\"https:\/\/ifergangallery.com\/es\/works_of_art\/\"},{\"@type\":\"ListItem\",\"position\":3,\"name\":\"Cr\\u00e1tera de volutas de figuras rojas atribuida al Pintor del Inframundo, 330-320 a.C.\"}]}]}<\/script>\n<!-- \/ Yoast SEO Premium plugin. -->","yoast_head_json":{"title":"Cr\u00e1tera de volutas de figuras rojas atribuida al Pintor del Inframundo, 330-320 a.C. &ndash; Ifergan Gallery","robots":{"index":"index","follow":"follow","max-snippet":"max-snippet:-1","max-image-preview":"max-image-preview:large","max-video-preview":"max-video-preview:-1"},"canonical":"https:\/\/ifergangallery.com\/es\/piece\/ancient-greek-ceramic-red-figure-volute-krater-attributed-to-the-painter-of-the-underworld-circa-330-320-bc\/","og_locale":"es_ES","og_type":"article","og_title":"Cr\u00e1tera de volutas de figuras rojas atribuida al Pintor del Inframundo, 330-320 a.C.","og_description":"Cr\u00e1tera de volutas de cer\u00e1mica roja, decorada con motivos figurativos y rostros en relieve en las asas, por encima de la vuelta de la voluta. Las asas est\u00e1n caladas en la base, donde est\u00e1n decoradas con cabezas de pato de cuello curvo trabajadas en redondo. En el anverso, la composici\u00f3n est\u00e1 dominada por dos figuras &hellip; Cr\u00e1tera de volutas de figuras rojas atribuida al Pintor del Inframundo, 330-320 a.C. Leer m\u00e1s &raquo;","og_url":"https:\/\/ifergangallery.com\/es\/piece\/ancient-greek-ceramic-red-figure-volute-krater-attributed-to-the-painter-of-the-underworld-circa-330-320-bc\/","og_site_name":"Ifergan Gallery","article_publisher":"https:\/\/www.facebook.com\/Ifergancollectionmalaga","article_modified_time":"2025-03-20T10:15:11+00:00","og_image":[{"width":2560,"height":2560,"url":"https:\/\/ifergangallery.com\/wp-content\/uploads\/2024\/11\/jba014-11-copia-scaled.jpg","type":"image\/jpeg"}],"twitter_card":"summary_large_image","twitter_site":"@Ifergangallery","twitter_misc":{"Tiempo de lectura":"2 minutos"},"schema":{"@context":"https:\/\/schema.org","@graph":[{"@type":"Organization","@id":"https:\/\/ifergangallery.com\/#organization","name":"Ifergan Gallery","url":"https:\/\/ifergangallery.com\/","sameAs":["https:\/\/www.facebook.com\/Ifergancollectionmalaga","https:\/\/www.instagram.com\/ifergangallery\/","https:\/\/www.youtube.com\/channel\/UC2O2zZ9BJKhbUFOnu_5mE3g","https:\/\/twitter.com\/Ifergangallery"],"logo":{"@type":"ImageObject","@id":"https:\/\/ifergangallery.com\/#logo","inLanguage":"es","url":"https:\/\/ifergangallery.com\/wp-content\/uploads\/2021\/09\/Imagotipo_blanco-e1637271379231.png","contentUrl":"https:\/\/ifergangallery.com\/wp-content\/uploads\/2021\/09\/Imagotipo_blanco-e1637271379231.png","width":1920,"height":1065,"caption":"Ifergan Gallery"},"image":{"@id":"https:\/\/ifergangallery.com\/#logo"}},{"@type":"WebSite","@id":"https:\/\/ifergangallery.com\/#website","url":"https:\/\/ifergangallery.com\/","name":"Ifergan Gallery","description":"Ancient Art Gallery","publisher":{"@id":"https:\/\/ifergangallery.com\/#organization"},"potentialAction":[{"@type":"SearchAction","target":{"@type":"EntryPoint","urlTemplate":"https:\/\/ifergangallery.com\/?s={search_term_string}"},"query-input":"required name=search_term_string"}],"inLanguage":"es"},{"@type":"ImageObject","@id":"https:\/\/ifergangallery.com\/es\/piece\/ancient-greek-ceramic-red-figure-volute-krater-attributed-to-the-painter-of-the-underworld-circa-330-320-bc\/#primaryimage","inLanguage":"es","url":"https:\/\/ifergangallery.com\/wp-content\/uploads\/2024\/11\/jba014-11-copia-scaled.jpg","contentUrl":"https:\/\/ifergangallery.com\/wp-content\/uploads\/2024\/11\/jba014-11-copia-scaled.jpg","width":2560,"height":2560},{"@type":"WebPage","@id":"https:\/\/ifergangallery.com\/es\/piece\/ancient-greek-ceramic-red-figure-volute-krater-attributed-to-the-painter-of-the-underworld-circa-330-320-bc\/#webpage","url":"https:\/\/ifergangallery.com\/es\/piece\/ancient-greek-ceramic-red-figure-volute-krater-attributed-to-the-painter-of-the-underworld-circa-330-320-bc\/","name":"Cr\u00e1tera de volutas de figuras rojas atribuida al Pintor del Inframundo, 330-320 a.C. &ndash; Ifergan Gallery","isPartOf":{"@id":"https:\/\/ifergangallery.com\/#website"},"primaryImageOfPage":{"@id":"https:\/\/ifergangallery.com\/es\/piece\/ancient-greek-ceramic-red-figure-volute-krater-attributed-to-the-painter-of-the-underworld-circa-330-320-bc\/#primaryimage"},"datePublished":"2021-11-06T13:21:11+00:00","dateModified":"2025-03-20T10:15:11+00:00","breadcrumb":{"@id":"https:\/\/ifergangallery.com\/es\/piece\/ancient-greek-ceramic-red-figure-volute-krater-attributed-to-the-painter-of-the-underworld-circa-330-320-bc\/#breadcrumb"},"inLanguage":"es","potentialAction":[{"@type":"ReadAction","target":["https:\/\/ifergangallery.com\/es\/piece\/ancient-greek-ceramic-red-figure-volute-krater-attributed-to-the-painter-of-the-underworld-circa-330-320-bc\/"]}]},{"@type":"BreadcrumbList","@id":"https:\/\/ifergangallery.com\/es\/piece\/ancient-greek-ceramic-red-figure-volute-krater-attributed-to-the-painter-of-the-underworld-circa-330-320-bc\/#breadcrumb","itemListElement":[{"@type":"ListItem","position":1,"name":"Home","item":"https:\/\/ifergangallery.com\/es\/"},{"@type":"ListItem","position":2,"name":"Works of art","item":"https:\/\/ifergangallery.com\/es\/works_of_art\/"},{"@type":"ListItem","position":3,"name":"Cr\u00e1tera de volutas de figuras rojas atribuida al Pintor del Inframundo, 330-320 a.C."}]}]}},"_links":{"self":[{"href":"https:\/\/ifergangallery.com\/es\/wp-json\/wp\/v2\/product\/15023"}],"collection":[{"href":"https:\/\/ifergangallery.com\/es\/wp-json\/wp\/v2\/product"}],"about":[{"href":"https:\/\/ifergangallery.com\/es\/wp-json\/wp\/v2\/types\/product"}],"replies":[{"embeddable":true,"href":"https:\/\/ifergangallery.com\/es\/wp-json\/wp\/v2\/comments?post=15023"}],"wp:featuredmedia":[{"embeddable":true,"href":"https:\/\/ifergangallery.com\/es\/wp-json\/wp\/v2\/media\/15025"}],"wp:attachment":[{"href":"https:\/\/ifergangallery.com\/es\/wp-json\/wp\/v2\/media?parent=15023"}],"wp:term":[{"taxonomy":"product_cat","embeddable":true,"href":"https:\/\/ifergangallery.com\/es\/wp-json\/wp\/v2\/product_cat?post=15023"},{"taxonomy":"product_tag","embeddable":true,"href":"https:\/\/ifergangallery.com\/es\/wp-json\/wp\/v2\/product_tag?post=15023"}],"curies":[{"name":"wp","href":"https:\/\/api.w.org\/{rel}","templated":true}]}}