{"id":15773,"date":"2025-02-24T09:09:55","date_gmt":"2025-02-24T09:09:55","guid":{"rendered":"https:\/\/ifergangallery.com\/?post_type=product&#038;p=15773"},"modified":"2025-03-24T09:11:48","modified_gmt":"2025-03-24T09:11:48","slug":"amuleto-egipcio-de-fayenza-en-forma-del-dios-pataikos-periodo-ptolemaico-300-a-c","status":"publish","type":"product","link":"https:\/\/ifergangallery.com\/es\/piece\/amuleto-egipcio-de-fayenza-en-forma-del-dios-pataikos-periodo-ptolemaico-300-a-c\/","title":{"rendered":"Amuleto egipcio de fayenza en forma del dios Pataikos, Periodo Ptolemaico, 300 a.C."},"content":{"rendered":"<p style=\"text-align: justify;\">Amuleto de loza que representa al dios enano Pataikos, en cuclillas, con las piernas dobladas hacia los lados y las manos entrelazadas sobre su prominente vientre. Su cabeza es desproporcionadamente grande, lo que acent\u00faa la exageraci\u00f3n de sus rasgos faciales. Los antiguos egipcios llevaban amuletos junto con otras piezas de joyer\u00eda. Los amuletos eran decorativos, pero tambi\u00e9n ten\u00edan una funci\u00f3n pr\u00e1ctica, ya que se consideraba que otorgaban poder y protecci\u00f3n a quien los usaba. Se han encontrado muchos amuletos dentro de los envoltorios de las momias, ya que se utilizaban para preparar al difunto para la otra vida.<\/p>","protected":false},"excerpt":{"rendered":"<p>Amuleto de loza que representa al dios enano Pataikos, en cuclillas, con las piernas dobladas hacia los lados y las manos entrelazadas sobre su prominente vientre. Su cabeza es desproporcionadamente grande, lo que acent\u00faa la exageraci\u00f3n de sus rasgos faciales. Los antiguos egipcios llevaban amuletos junto con otras piezas de joyer\u00eda. Los amuletos eran decorativos, &hellip;<\/p>\n<p class=\"read-more\"> <a class=\"\" href=\"https:\/\/ifergangallery.com\/es\/piece\/amuleto-egipcio-de-fayenza-en-forma-del-dios-pataikos-periodo-ptolemaico-300-a-c\/\"> <span class=\"screen-reader-text\">Amuleto egipcio de fayenza en forma del dios Pataikos, Periodo Ptolemaico, 300 a.C.<\/span> Leer m\u00e1s &raquo;<\/a><\/p>","protected":false},"featured_media":15775,"comment_status":"closed","ping_status":"closed","template":"","meta":{"spay_email":""},"product_cat":[110,499],"product_tag":[755,646],"yoast_head":"<!-- This site is optimized with the Yoast SEO Premium plugin v17.6 (Yoast SEO v17.6) - https:\/\/yoast.com\/wordpress\/plugins\/seo\/ -->\n<title>Amuleto egipcio de fayenza en forma del dios Pataikos, Periodo Ptolemaico, 300 a.C. &ndash; Ifergan Gallery<\/title>\n<meta name=\"robots\" content=\"index, follow, max-snippet:-1, max-image-preview:large, max-video-preview:-1\" \/>\n<link rel=\"canonical\" href=\"https:\/\/ifergangallery.com\/es\/piece\/amuleto-egipcio-de-fayenza-en-forma-del-dios-pataikos-periodo-ptolemaico-300-a-c\/\" \/>\n<meta property=\"og:locale\" content=\"es_ES\" \/>\n<meta property=\"og:type\" content=\"article\" \/>\n<meta property=\"og:title\" content=\"Amuleto egipcio de fayenza en forma del dios Pataikos, Periodo Ptolemaico, 300 a.C.\" \/>\n<meta property=\"og:description\" content=\"Amuleto de loza que representa al dios enano Pataikos, en cuclillas, con las piernas dobladas hacia los lados y las manos entrelazadas sobre su prominente vientre. Su cabeza es desproporcionadamente grande, lo que acent\u00faa la exageraci\u00f3n de sus rasgos faciales. Los antiguos egipcios llevaban amuletos junto con otras piezas de joyer\u00eda. Los amuletos eran decorativos, &hellip; Amuleto egipcio de fayenza en forma del dios Pataikos, Periodo Ptolemaico, 300 a.C. Leer m\u00e1s &raquo;\" \/>\n<meta property=\"og:url\" content=\"https:\/\/ifergangallery.com\/es\/piece\/amuleto-egipcio-de-fayenza-en-forma-del-dios-pataikos-periodo-ptolemaico-300-a-c\/\" \/>\n<meta property=\"og:site_name\" content=\"Ifergan Gallery\" \/>\n<meta property=\"article:publisher\" content=\"https:\/\/www.facebook.com\/Ifergancollectionmalaga\" \/>\n<meta property=\"article:modified_time\" content=\"2025-03-24T09:11:48+00:00\" \/>\n<meta property=\"og:image\" content=\"https:\/\/ifergangallery.com\/wp-content\/uploads\/2025\/03\/jvi068-2.jpg\" \/>\n\t<meta property=\"og:image:width\" content=\"2048\" \/>\n\t<meta property=\"og:image:height\" content=\"2048\" \/>\n<meta name=\"twitter:card\" content=\"summary_large_image\" \/>\n<meta name=\"twitter:site\" content=\"@Ifergangallery\" \/>\n<meta name=\"twitter:label1\" content=\"Tiempo de lectura\" \/>\n\t<meta name=\"twitter:data1\" content=\"1 minuto\" \/>\n<script type=\"application\/ld+json\" class=\"yoast-schema-graph\">{\"@context\":\"https:\/\/schema.org\",\"@graph\":[{\"@type\":\"Organization\",\"@id\":\"https:\/\/ifergangallery.com\/#organization\",\"name\":\"Ifergan Gallery\",\"url\":\"https:\/\/ifergangallery.com\/\",\"sameAs\":[\"https:\/\/www.facebook.com\/Ifergancollectionmalaga\",\"https:\/\/www.instagram.com\/ifergangallery\/\",\"https:\/\/www.youtube.com\/channel\/UC2O2zZ9BJKhbUFOnu_5mE3g\",\"https:\/\/twitter.com\/Ifergangallery\"],\"logo\":{\"@type\":\"ImageObject\",\"@id\":\"https:\/\/ifergangallery.com\/#logo\",\"inLanguage\":\"es\",\"url\":\"https:\/\/ifergangallery.com\/wp-content\/uploads\/2021\/09\/Imagotipo_blanco-e1637271379231.png\",\"contentUrl\":\"https:\/\/ifergangallery.com\/wp-content\/uploads\/2021\/09\/Imagotipo_blanco-e1637271379231.png\",\"width\":1920,\"height\":1065,\"caption\":\"Ifergan Gallery\"},\"image\":{\"@id\":\"https:\/\/ifergangallery.com\/#logo\"}},{\"@type\":\"WebSite\",\"@id\":\"https:\/\/ifergangallery.com\/#website\",\"url\":\"https:\/\/ifergangallery.com\/\",\"name\":\"Ifergan Gallery\",\"description\":\"Ancient Art Gallery\",\"publisher\":{\"@id\":\"https:\/\/ifergangallery.com\/#organization\"},\"potentialAction\":[{\"@type\":\"SearchAction\",\"target\":{\"@type\":\"EntryPoint\",\"urlTemplate\":\"https:\/\/ifergangallery.com\/?s={search_term_string}\"},\"query-input\":\"required name=search_term_string\"}],\"inLanguage\":\"es\"},{\"@type\":\"ImageObject\",\"@id\":\"https:\/\/ifergangallery.com\/es\/piece\/amuleto-egipcio-de-fayenza-en-forma-del-dios-pataikos-periodo-ptolemaico-300-a-c\/#primaryimage\",\"inLanguage\":\"es\",\"url\":\"https:\/\/ifergangallery.com\/wp-content\/uploads\/2025\/03\/jvi068-2.jpg\",\"contentUrl\":\"https:\/\/ifergangallery.com\/wp-content\/uploads\/2025\/03\/jvi068-2.jpg\",\"width\":2048,\"height\":2048},{\"@type\":\"WebPage\",\"@id\":\"https:\/\/ifergangallery.com\/es\/piece\/amuleto-egipcio-de-fayenza-en-forma-del-dios-pataikos-periodo-ptolemaico-300-a-c\/#webpage\",\"url\":\"https:\/\/ifergangallery.com\/es\/piece\/amuleto-egipcio-de-fayenza-en-forma-del-dios-pataikos-periodo-ptolemaico-300-a-c\/\",\"name\":\"Amuleto egipcio de fayenza en forma del dios Pataikos, Periodo Ptolemaico, 300 a.C. &ndash; Ifergan Gallery\",\"isPartOf\":{\"@id\":\"https:\/\/ifergangallery.com\/#website\"},\"primaryImageOfPage\":{\"@id\":\"https:\/\/ifergangallery.com\/es\/piece\/amuleto-egipcio-de-fayenza-en-forma-del-dios-pataikos-periodo-ptolemaico-300-a-c\/#primaryimage\"},\"datePublished\":\"2025-02-24T09:09:55+00:00\",\"dateModified\":\"2025-03-24T09:11:48+00:00\",\"breadcrumb\":{\"@id\":\"https:\/\/ifergangallery.com\/es\/piece\/amuleto-egipcio-de-fayenza-en-forma-del-dios-pataikos-periodo-ptolemaico-300-a-c\/#breadcrumb\"},\"inLanguage\":\"es\",\"potentialAction\":[{\"@type\":\"ReadAction\",\"target\":[\"https:\/\/ifergangallery.com\/es\/piece\/amuleto-egipcio-de-fayenza-en-forma-del-dios-pataikos-periodo-ptolemaico-300-a-c\/\"]}]},{\"@type\":\"BreadcrumbList\",\"@id\":\"https:\/\/ifergangallery.com\/es\/piece\/amuleto-egipcio-de-fayenza-en-forma-del-dios-pataikos-periodo-ptolemaico-300-a-c\/#breadcrumb\",\"itemListElement\":[{\"@type\":\"ListItem\",\"position\":1,\"name\":\"Home\",\"item\":\"https:\/\/ifergangallery.com\/es\/\"},{\"@type\":\"ListItem\",\"position\":2,\"name\":\"Works of art\",\"item\":\"https:\/\/ifergangallery.com\/es\/works_of_art\/\"},{\"@type\":\"ListItem\",\"position\":3,\"name\":\"Amuleto egipcio de fayenza en forma del dios Pataikos, Periodo Ptolemaico, 300 a.C.\"}]}]}<\/script>\n<!-- \/ Yoast SEO Premium plugin. -->","yoast_head_json":{"title":"Amuleto egipcio de fayenza en forma del dios Pataikos, Periodo Ptolemaico, 300 a.C. &ndash; Ifergan Gallery","robots":{"index":"index","follow":"follow","max-snippet":"max-snippet:-1","max-image-preview":"max-image-preview:large","max-video-preview":"max-video-preview:-1"},"canonical":"https:\/\/ifergangallery.com\/es\/piece\/amuleto-egipcio-de-fayenza-en-forma-del-dios-pataikos-periodo-ptolemaico-300-a-c\/","og_locale":"es_ES","og_type":"article","og_title":"Amuleto egipcio de fayenza en forma del dios Pataikos, Periodo Ptolemaico, 300 a.C.","og_description":"Amuleto de loza que representa al dios enano Pataikos, en cuclillas, con las piernas dobladas hacia los lados y las manos entrelazadas sobre su prominente vientre. Su cabeza es desproporcionadamente grande, lo que acent\u00faa la exageraci\u00f3n de sus rasgos faciales. Los antiguos egipcios llevaban amuletos junto con otras piezas de joyer\u00eda. Los amuletos eran decorativos, &hellip; Amuleto egipcio de fayenza en forma del dios Pataikos, Periodo Ptolemaico, 300 a.C. Leer m\u00e1s &raquo;","og_url":"https:\/\/ifergangallery.com\/es\/piece\/amuleto-egipcio-de-fayenza-en-forma-del-dios-pataikos-periodo-ptolemaico-300-a-c\/","og_site_name":"Ifergan Gallery","article_publisher":"https:\/\/www.facebook.com\/Ifergancollectionmalaga","article_modified_time":"2025-03-24T09:11:48+00:00","og_image":[{"width":2048,"height":2048,"url":"https:\/\/ifergangallery.com\/wp-content\/uploads\/2025\/03\/jvi068-2.jpg","type":"image\/jpeg"}],"twitter_card":"summary_large_image","twitter_site":"@Ifergangallery","twitter_misc":{"Tiempo de lectura":"1 minuto"},"schema":{"@context":"https:\/\/schema.org","@graph":[{"@type":"Organization","@id":"https:\/\/ifergangallery.com\/#organization","name":"Ifergan Gallery","url":"https:\/\/ifergangallery.com\/","sameAs":["https:\/\/www.facebook.com\/Ifergancollectionmalaga","https:\/\/www.instagram.com\/ifergangallery\/","https:\/\/www.youtube.com\/channel\/UC2O2zZ9BJKhbUFOnu_5mE3g","https:\/\/twitter.com\/Ifergangallery"],"logo":{"@type":"ImageObject","@id":"https:\/\/ifergangallery.com\/#logo","inLanguage":"es","url":"https:\/\/ifergangallery.com\/wp-content\/uploads\/2021\/09\/Imagotipo_blanco-e1637271379231.png","contentUrl":"https:\/\/ifergangallery.com\/wp-content\/uploads\/2021\/09\/Imagotipo_blanco-e1637271379231.png","width":1920,"height":1065,"caption":"Ifergan Gallery"},"image":{"@id":"https:\/\/ifergangallery.com\/#logo"}},{"@type":"WebSite","@id":"https:\/\/ifergangallery.com\/#website","url":"https:\/\/ifergangallery.com\/","name":"Ifergan Gallery","description":"Ancient Art Gallery","publisher":{"@id":"https:\/\/ifergangallery.com\/#organization"},"potentialAction":[{"@type":"SearchAction","target":{"@type":"EntryPoint","urlTemplate":"https:\/\/ifergangallery.com\/?s={search_term_string}"},"query-input":"required name=search_term_string"}],"inLanguage":"es"},{"@type":"ImageObject","@id":"https:\/\/ifergangallery.com\/es\/piece\/amuleto-egipcio-de-fayenza-en-forma-del-dios-pataikos-periodo-ptolemaico-300-a-c\/#primaryimage","inLanguage":"es","url":"https:\/\/ifergangallery.com\/wp-content\/uploads\/2025\/03\/jvi068-2.jpg","contentUrl":"https:\/\/ifergangallery.com\/wp-content\/uploads\/2025\/03\/jvi068-2.jpg","width":2048,"height":2048},{"@type":"WebPage","@id":"https:\/\/ifergangallery.com\/es\/piece\/amuleto-egipcio-de-fayenza-en-forma-del-dios-pataikos-periodo-ptolemaico-300-a-c\/#webpage","url":"https:\/\/ifergangallery.com\/es\/piece\/amuleto-egipcio-de-fayenza-en-forma-del-dios-pataikos-periodo-ptolemaico-300-a-c\/","name":"Amuleto egipcio de fayenza en forma del dios Pataikos, Periodo Ptolemaico, 300 a.C. &ndash; Ifergan Gallery","isPartOf":{"@id":"https:\/\/ifergangallery.com\/#website"},"primaryImageOfPage":{"@id":"https:\/\/ifergangallery.com\/es\/piece\/amuleto-egipcio-de-fayenza-en-forma-del-dios-pataikos-periodo-ptolemaico-300-a-c\/#primaryimage"},"datePublished":"2025-02-24T09:09:55+00:00","dateModified":"2025-03-24T09:11:48+00:00","breadcrumb":{"@id":"https:\/\/ifergangallery.com\/es\/piece\/amuleto-egipcio-de-fayenza-en-forma-del-dios-pataikos-periodo-ptolemaico-300-a-c\/#breadcrumb"},"inLanguage":"es","potentialAction":[{"@type":"ReadAction","target":["https:\/\/ifergangallery.com\/es\/piece\/amuleto-egipcio-de-fayenza-en-forma-del-dios-pataikos-periodo-ptolemaico-300-a-c\/"]}]},{"@type":"BreadcrumbList","@id":"https:\/\/ifergangallery.com\/es\/piece\/amuleto-egipcio-de-fayenza-en-forma-del-dios-pataikos-periodo-ptolemaico-300-a-c\/#breadcrumb","itemListElement":[{"@type":"ListItem","position":1,"name":"Home","item":"https:\/\/ifergangallery.com\/es\/"},{"@type":"ListItem","position":2,"name":"Works of art","item":"https:\/\/ifergangallery.com\/es\/works_of_art\/"},{"@type":"ListItem","position":3,"name":"Amuleto egipcio de fayenza en forma del dios Pataikos, Periodo Ptolemaico, 300 a.C."}]}]}},"_links":{"self":[{"href":"https:\/\/ifergangallery.com\/es\/wp-json\/wp\/v2\/product\/15773"}],"collection":[{"href":"https:\/\/ifergangallery.com\/es\/wp-json\/wp\/v2\/product"}],"about":[{"href":"https:\/\/ifergangallery.com\/es\/wp-json\/wp\/v2\/types\/product"}],"replies":[{"embeddable":true,"href":"https:\/\/ifergangallery.com\/es\/wp-json\/wp\/v2\/comments?post=15773"}],"wp:featuredmedia":[{"embeddable":true,"href":"https:\/\/ifergangallery.com\/es\/wp-json\/wp\/v2\/media\/15775"}],"wp:attachment":[{"href":"https:\/\/ifergangallery.com\/es\/wp-json\/wp\/v2\/media?parent=15773"}],"wp:term":[{"taxonomy":"product_cat","embeddable":true,"href":"https:\/\/ifergangallery.com\/es\/wp-json\/wp\/v2\/product_cat?post=15773"},{"taxonomy":"product_tag","embeddable":true,"href":"https:\/\/ifergangallery.com\/es\/wp-json\/wp\/v2\/product_tag?post=15773"}],"curies":[{"name":"wp","href":"https:\/\/api.w.org\/{rel}","templated":true}]}}