{"id":16465,"date":"2026-02-27T10:07:38","date_gmt":"2026-02-27T10:07:38","guid":{"rendered":"https:\/\/ifergangallery.com\/?post_type=product&#038;p=16465"},"modified":"2026-03-09T10:14:55","modified_gmt":"2026-03-09T10:14:55","slug":"estatuilla-egipcia-de-piedra-caliza-que-representa-al-dios-momiforme-ptah-periodo-tardio-664-332-a-c","status":"publish","type":"product","link":"https:\/\/ifergangallery.com\/es\/piece\/estatuilla-egipcia-de-piedra-caliza-que-representa-al-dios-momiforme-ptah-periodo-tardio-664-332-a-c\/","title":{"rendered":"Relieve egipcio de piedra caliza que representa al dios momiforme Ptah, Per\u00edodo tard\u00edo, 664-332 a. C."},"content":{"rendered":"<p>Peque\u00f1o relieve egipcio en piedra caliza que representa al dios Ptah en su forma momiforme, de pie dentro de un naos o nicho arquitect\u00f3nico. La figura aparece envuelta en un sudario ajustado, con los brazos pegados al cuerpo y las manos emergiendo para sostener el cetro uas (was), s\u00edmbolo de poder y dominio divino.<\/p>\n<p>Ptah se identifica por:<\/p>\n<ul>\n<li>Forma momiforme r\u00edgida<\/li>\n<li>Casquete cef\u00e1lico ajustado<\/li>\n<li>Cetro compuesto (probablemente combinaci\u00f3n de uas, anj y djed, aunque el desgaste dificulta su lectura completa)<\/li>\n<\/ul>\n<p>El nicho rectangular reproduce en miniatura un santuario, reforzando la funci\u00f3n cultual de la pieza. El modelado es esquem\u00e1tico pero eficaz, t\u00edpico de producciones votivas del Periodo Tard\u00edo, donde prima la claridad iconogr\u00e1fica sobre el detallismo naturalista.<\/p>\n<p>En los laterales del naos se representan figuras masculinas de perfil con los brazos alzados en gesto de adoraci\u00f3n (<em>dw\ua723<\/em>), iconograf\u00eda caracter\u00edstica de fieles o devotos en actitud de culto. Estas figuras refuerzan la funci\u00f3n votiva de la pieza, concebida probablemente como ofrenda depositada en un contexto templario vinculado al culto de Ptah.<\/p>\n<p><strong><span dir=\"auto\" style=\"vertical-align: inherit;\">Contexto hist\u00f3rico<\/span><\/strong><\/p>\n<p>Durante el Periodo Tard\u00edo (Dinast\u00edas XXVI\u2013XXX), Egipto experiment\u00f3 un fuerte renacimiento religioso y arcaizante. Se produjo gran proliferaci\u00f3n de exvotos y peque\u00f1as im\u00e1genes divinas, revalorizaci\u00f3n de cultos tradicionales y una gran producci\u00f3n seriada en piedra caliza y bronce<\/p>\n<p>Ptah, dios creador de la teolog\u00eda menfita y patrono de artesanos y arquitectos, fue especialmente venerado en <strong>Menfis<\/strong>, su principal centro de culto. Las im\u00e1genes momiformes dentro de naoi eran comunes como:<\/p>\n<ul>\n<li>Ofrendas votivas depositadas en templos<\/li>\n<li>Objetos de devoci\u00f3n privada<\/li>\n<li>Elementos protectores en contextos funerarios<\/li>\n<\/ul>\n<p>El tama\u00f1o de la pieza sugiere una funci\u00f3n <strong>exvotiva personal<\/strong> m\u00e1s que escult\u00f3rica monumental.<\/p>\n<p><strong><span dir=\"auto\" style=\"vertical-align: inherit;\">Piezas similares<br \/>\n<\/span><\/strong><span dir=\"auto\" style=\"vertical-align: inherit;\">Ejemplar poco com\u00fan en el mercado. Paralelos tipol\u00f3gicos se conservan en colecciones p\u00fablicas, como el British Museum.<\/span><strong><span dir=\"auto\" style=\"vertical-align: inherit;\"><br \/>\n<\/span><\/strong><\/p>\n<table style=\"height: 46px; width: 51.8007%; border-collapse: collapse; border-color: #ffffff; border-style: hidden;\" cellspacing=\"50\">\n<tbody>\n<tr style=\"height: 46px;\">\n<td style=\"width: 37.4225%; height: 46px;\"><a href=\"http:\/\/https:\/\/www.britishmuseum.org\/collection\/object\/Y_EA845?selectedImageId=1613866653\"><img loading=\"lazy\" class=\"aligncenter wp-image-16539 size-medium\" src=\"https:\/\/ifergangallery.com\/wp-content\/uploads\/2026\/02\/similares-208x300.jpg\" alt=\"\" width=\"208\" height=\"300\" srcset=\"https:\/\/ifergangallery.com\/wp-content\/uploads\/2026\/02\/similares-208x300.jpg 208w, https:\/\/ifergangallery.com\/wp-content\/uploads\/2026\/02\/similares-709x1024.jpg 709w, https:\/\/ifergangallery.com\/wp-content\/uploads\/2026\/02\/similares-768x1109.jpg 768w, https:\/\/ifergangallery.com\/wp-content\/uploads\/2026\/02\/similares-1064x1536.jpg 1064w, https:\/\/ifergangallery.com\/wp-content\/uploads\/2026\/02\/similares-1419x2048.jpg 1419w, https:\/\/ifergangallery.com\/wp-content\/uploads\/2026\/02\/similares-8x12.jpg 8w, https:\/\/ifergangallery.com\/wp-content\/uploads\/2026\/02\/similares-600x866.jpg 600w, https:\/\/ifergangallery.com\/wp-content\/uploads\/2026\/02\/similares.jpg 1732w\" sizes=\"(max-width: 208px) 100vw, 208px\" \/><\/a><\/p>\n<p style=\"text-align: center;\"><span style=\"font-size: 8pt;\"><em><span dir=\"auto\" style=\"vertical-align: inherit;\">Fig. 1 Estatua de Hori (EA845) Oficial arrodillado sosteniendo un\u00a0naos\u00a0que contiene una figura de Ptah en su forma momiforme, con su casquete y el cetro Ouas. British Museum,\u00a0Londres.<\/span><\/em><\/span><\/p>\n<\/td>\n<\/tr>\n<tr>\n<td style=\"width: 37.4225%;\"><\/td>\n<\/tr>\n<\/tbody>\n<\/table>\n<p>&nbsp;<\/p>\n<p>&nbsp;<\/p>\n<p>&nbsp;<\/p>","protected":false},"excerpt":{"rendered":"<p>Peque\u00f1o relieve egipcio en piedra caliza que representa al dios Ptah en su forma momiforme, de pie dentro de un naos o nicho arquitect\u00f3nico. La figura aparece envuelta en un sudario ajustado, con los brazos pegados al cuerpo y las manos emergiendo para sostener el cetro uas (was), s\u00edmbolo de poder y dominio divino. Ptah &hellip;<\/p>\n<p class=\"read-more\"> <a class=\"\" href=\"https:\/\/ifergangallery.com\/es\/piece\/estatuilla-egipcia-de-piedra-caliza-que-representa-al-dios-momiforme-ptah-periodo-tardio-664-332-a-c\/\"> <span class=\"screen-reader-text\">Relieve egipcio de piedra caliza que representa al dios momiforme Ptah, Per\u00edodo tard\u00edo, 664-332 a. C.<\/span> Leer m\u00e1s &raquo;<\/a><\/p>","protected":false},"featured_media":16467,"comment_status":"closed","ping_status":"closed","template":"","meta":{"spay_email":""},"product_cat":[110,499],"product_tag":[798,816],"yoast_head":"<!-- This site is optimized with the Yoast SEO Premium plugin v17.6 (Yoast SEO v17.6) - https:\/\/yoast.com\/wordpress\/plugins\/seo\/ -->\n<title>Relieve egipcio de piedra caliza que representa al dios momiforme Ptah, Per\u00edodo tard\u00edo, 664-332 a. C. &ndash; Ifergan Gallery<\/title>\n<meta name=\"robots\" content=\"index, follow, max-snippet:-1, max-image-preview:large, max-video-preview:-1\" \/>\n<link rel=\"canonical\" href=\"https:\/\/ifergangallery.com\/es\/piece\/estatuilla-egipcia-de-piedra-caliza-que-representa-al-dios-momiforme-ptah-periodo-tardio-664-332-a-c\/\" \/>\n<meta property=\"og:locale\" content=\"es_ES\" \/>\n<meta property=\"og:type\" content=\"article\" \/>\n<meta property=\"og:title\" content=\"Relieve egipcio de piedra caliza que representa al dios momiforme Ptah, Per\u00edodo tard\u00edo, 664-332 a. C.\" \/>\n<meta property=\"og:description\" content=\"Peque\u00f1o relieve egipcio en piedra caliza que representa al dios Ptah en su forma momiforme, de pie dentro de un naos o nicho arquitect\u00f3nico. La figura aparece envuelta en un sudario ajustado, con los brazos pegados al cuerpo y las manos emergiendo para sostener el cetro uas (was), s\u00edmbolo de poder y dominio divino. Ptah &hellip; Relieve egipcio de piedra caliza que representa al dios momiforme Ptah, Per\u00edodo tard\u00edo, 664-332 a. C. Leer m\u00e1s &raquo;\" \/>\n<meta property=\"og:url\" content=\"https:\/\/ifergangallery.com\/es\/piece\/estatuilla-egipcia-de-piedra-caliza-que-representa-al-dios-momiforme-ptah-periodo-tardio-664-332-a-c\/\" \/>\n<meta property=\"og:site_name\" content=\"Ifergan Gallery\" \/>\n<meta property=\"article:publisher\" content=\"https:\/\/www.facebook.com\/Ifergancollectionmalaga\" \/>\n<meta property=\"article:modified_time\" content=\"2026-03-09T10:14:55+00:00\" \/>\n<meta property=\"og:image\" content=\"https:\/\/ifergangallery.com\/wp-content\/uploads\/2026\/02\/nan001-4.jpg\" \/>\n\t<meta property=\"og:image:width\" content=\"2048\" \/>\n\t<meta property=\"og:image:height\" content=\"2048\" \/>\n<meta name=\"twitter:card\" content=\"summary_large_image\" \/>\n<meta name=\"twitter:site\" content=\"@Ifergangallery\" \/>\n<meta name=\"twitter:label1\" content=\"Tiempo de lectura\" \/>\n\t<meta name=\"twitter:data1\" content=\"2 minutos\" \/>\n<script type=\"application\/ld+json\" class=\"yoast-schema-graph\">{\"@context\":\"https:\/\/schema.org\",\"@graph\":[{\"@type\":\"Organization\",\"@id\":\"https:\/\/ifergangallery.com\/#organization\",\"name\":\"Ifergan Gallery\",\"url\":\"https:\/\/ifergangallery.com\/\",\"sameAs\":[\"https:\/\/www.facebook.com\/Ifergancollectionmalaga\",\"https:\/\/www.instagram.com\/ifergangallery\/\",\"https:\/\/www.youtube.com\/channel\/UC2O2zZ9BJKhbUFOnu_5mE3g\",\"https:\/\/twitter.com\/Ifergangallery\"],\"logo\":{\"@type\":\"ImageObject\",\"@id\":\"https:\/\/ifergangallery.com\/#logo\",\"inLanguage\":\"es\",\"url\":\"https:\/\/ifergangallery.com\/wp-content\/uploads\/2021\/09\/Imagotipo_blanco-e1637271379231.png\",\"contentUrl\":\"https:\/\/ifergangallery.com\/wp-content\/uploads\/2021\/09\/Imagotipo_blanco-e1637271379231.png\",\"width\":1920,\"height\":1065,\"caption\":\"Ifergan Gallery\"},\"image\":{\"@id\":\"https:\/\/ifergangallery.com\/#logo\"}},{\"@type\":\"WebSite\",\"@id\":\"https:\/\/ifergangallery.com\/#website\",\"url\":\"https:\/\/ifergangallery.com\/\",\"name\":\"Ifergan Gallery\",\"description\":\"Ancient Art Gallery\",\"publisher\":{\"@id\":\"https:\/\/ifergangallery.com\/#organization\"},\"potentialAction\":[{\"@type\":\"SearchAction\",\"target\":{\"@type\":\"EntryPoint\",\"urlTemplate\":\"https:\/\/ifergangallery.com\/?s={search_term_string}\"},\"query-input\":\"required name=search_term_string\"}],\"inLanguage\":\"es\"},{\"@type\":\"ImageObject\",\"@id\":\"https:\/\/ifergangallery.com\/es\/piece\/estatuilla-egipcia-de-piedra-caliza-que-representa-al-dios-momiforme-ptah-periodo-tardio-664-332-a-c\/#primaryimage\",\"inLanguage\":\"es\",\"url\":\"https:\/\/ifergangallery.com\/wp-content\/uploads\/2026\/02\/nan001-4.jpg\",\"contentUrl\":\"https:\/\/ifergangallery.com\/wp-content\/uploads\/2026\/02\/nan001-4.jpg\",\"width\":2048,\"height\":2048},{\"@type\":\"WebPage\",\"@id\":\"https:\/\/ifergangallery.com\/es\/piece\/estatuilla-egipcia-de-piedra-caliza-que-representa-al-dios-momiforme-ptah-periodo-tardio-664-332-a-c\/#webpage\",\"url\":\"https:\/\/ifergangallery.com\/es\/piece\/estatuilla-egipcia-de-piedra-caliza-que-representa-al-dios-momiforme-ptah-periodo-tardio-664-332-a-c\/\",\"name\":\"Relieve egipcio de piedra caliza que representa al dios momiforme Ptah, Per\\u00edodo tard\\u00edo, 664-332 a. C. &ndash; Ifergan Gallery\",\"isPartOf\":{\"@id\":\"https:\/\/ifergangallery.com\/#website\"},\"primaryImageOfPage\":{\"@id\":\"https:\/\/ifergangallery.com\/es\/piece\/estatuilla-egipcia-de-piedra-caliza-que-representa-al-dios-momiforme-ptah-periodo-tardio-664-332-a-c\/#primaryimage\"},\"datePublished\":\"2026-02-27T10:07:38+00:00\",\"dateModified\":\"2026-03-09T10:14:55+00:00\",\"breadcrumb\":{\"@id\":\"https:\/\/ifergangallery.com\/es\/piece\/estatuilla-egipcia-de-piedra-caliza-que-representa-al-dios-momiforme-ptah-periodo-tardio-664-332-a-c\/#breadcrumb\"},\"inLanguage\":\"es\",\"potentialAction\":[{\"@type\":\"ReadAction\",\"target\":[\"https:\/\/ifergangallery.com\/es\/piece\/estatuilla-egipcia-de-piedra-caliza-que-representa-al-dios-momiforme-ptah-periodo-tardio-664-332-a-c\/\"]}]},{\"@type\":\"BreadcrumbList\",\"@id\":\"https:\/\/ifergangallery.com\/es\/piece\/estatuilla-egipcia-de-piedra-caliza-que-representa-al-dios-momiforme-ptah-periodo-tardio-664-332-a-c\/#breadcrumb\",\"itemListElement\":[{\"@type\":\"ListItem\",\"position\":1,\"name\":\"Home\",\"item\":\"https:\/\/ifergangallery.com\/es\/\"},{\"@type\":\"ListItem\",\"position\":2,\"name\":\"Works of art\",\"item\":\"https:\/\/ifergangallery.com\/es\/works_of_art\/\"},{\"@type\":\"ListItem\",\"position\":3,\"name\":\"Relieve egipcio de piedra caliza que representa al dios momiforme Ptah, Per\\u00edodo tard\\u00edo, 664-332 a. C.\"}]}]}<\/script>\n<!-- \/ Yoast SEO Premium plugin. -->","yoast_head_json":{"title":"Relieve egipcio de piedra caliza que representa al dios momiforme Ptah, Per\u00edodo tard\u00edo, 664-332 a. C. &ndash; Ifergan Gallery","robots":{"index":"index","follow":"follow","max-snippet":"max-snippet:-1","max-image-preview":"max-image-preview:large","max-video-preview":"max-video-preview:-1"},"canonical":"https:\/\/ifergangallery.com\/es\/piece\/estatuilla-egipcia-de-piedra-caliza-que-representa-al-dios-momiforme-ptah-periodo-tardio-664-332-a-c\/","og_locale":"es_ES","og_type":"article","og_title":"Relieve egipcio de piedra caliza que representa al dios momiforme Ptah, Per\u00edodo tard\u00edo, 664-332 a. C.","og_description":"Peque\u00f1o relieve egipcio en piedra caliza que representa al dios Ptah en su forma momiforme, de pie dentro de un naos o nicho arquitect\u00f3nico. La figura aparece envuelta en un sudario ajustado, con los brazos pegados al cuerpo y las manos emergiendo para sostener el cetro uas (was), s\u00edmbolo de poder y dominio divino. Ptah &hellip; Relieve egipcio de piedra caliza que representa al dios momiforme Ptah, Per\u00edodo tard\u00edo, 664-332 a. C. Leer m\u00e1s &raquo;","og_url":"https:\/\/ifergangallery.com\/es\/piece\/estatuilla-egipcia-de-piedra-caliza-que-representa-al-dios-momiforme-ptah-periodo-tardio-664-332-a-c\/","og_site_name":"Ifergan Gallery","article_publisher":"https:\/\/www.facebook.com\/Ifergancollectionmalaga","article_modified_time":"2026-03-09T10:14:55+00:00","og_image":[{"width":2048,"height":2048,"url":"https:\/\/ifergangallery.com\/wp-content\/uploads\/2026\/02\/nan001-4.jpg","type":"image\/jpeg"}],"twitter_card":"summary_large_image","twitter_site":"@Ifergangallery","twitter_misc":{"Tiempo de lectura":"2 minutos"},"schema":{"@context":"https:\/\/schema.org","@graph":[{"@type":"Organization","@id":"https:\/\/ifergangallery.com\/#organization","name":"Ifergan Gallery","url":"https:\/\/ifergangallery.com\/","sameAs":["https:\/\/www.facebook.com\/Ifergancollectionmalaga","https:\/\/www.instagram.com\/ifergangallery\/","https:\/\/www.youtube.com\/channel\/UC2O2zZ9BJKhbUFOnu_5mE3g","https:\/\/twitter.com\/Ifergangallery"],"logo":{"@type":"ImageObject","@id":"https:\/\/ifergangallery.com\/#logo","inLanguage":"es","url":"https:\/\/ifergangallery.com\/wp-content\/uploads\/2021\/09\/Imagotipo_blanco-e1637271379231.png","contentUrl":"https:\/\/ifergangallery.com\/wp-content\/uploads\/2021\/09\/Imagotipo_blanco-e1637271379231.png","width":1920,"height":1065,"caption":"Ifergan Gallery"},"image":{"@id":"https:\/\/ifergangallery.com\/#logo"}},{"@type":"WebSite","@id":"https:\/\/ifergangallery.com\/#website","url":"https:\/\/ifergangallery.com\/","name":"Ifergan Gallery","description":"Ancient Art Gallery","publisher":{"@id":"https:\/\/ifergangallery.com\/#organization"},"potentialAction":[{"@type":"SearchAction","target":{"@type":"EntryPoint","urlTemplate":"https:\/\/ifergangallery.com\/?s={search_term_string}"},"query-input":"required name=search_term_string"}],"inLanguage":"es"},{"@type":"ImageObject","@id":"https:\/\/ifergangallery.com\/es\/piece\/estatuilla-egipcia-de-piedra-caliza-que-representa-al-dios-momiforme-ptah-periodo-tardio-664-332-a-c\/#primaryimage","inLanguage":"es","url":"https:\/\/ifergangallery.com\/wp-content\/uploads\/2026\/02\/nan001-4.jpg","contentUrl":"https:\/\/ifergangallery.com\/wp-content\/uploads\/2026\/02\/nan001-4.jpg","width":2048,"height":2048},{"@type":"WebPage","@id":"https:\/\/ifergangallery.com\/es\/piece\/estatuilla-egipcia-de-piedra-caliza-que-representa-al-dios-momiforme-ptah-periodo-tardio-664-332-a-c\/#webpage","url":"https:\/\/ifergangallery.com\/es\/piece\/estatuilla-egipcia-de-piedra-caliza-que-representa-al-dios-momiforme-ptah-periodo-tardio-664-332-a-c\/","name":"Relieve egipcio de piedra caliza que representa al dios momiforme Ptah, Per\u00edodo tard\u00edo, 664-332 a. C. &ndash; Ifergan Gallery","isPartOf":{"@id":"https:\/\/ifergangallery.com\/#website"},"primaryImageOfPage":{"@id":"https:\/\/ifergangallery.com\/es\/piece\/estatuilla-egipcia-de-piedra-caliza-que-representa-al-dios-momiforme-ptah-periodo-tardio-664-332-a-c\/#primaryimage"},"datePublished":"2026-02-27T10:07:38+00:00","dateModified":"2026-03-09T10:14:55+00:00","breadcrumb":{"@id":"https:\/\/ifergangallery.com\/es\/piece\/estatuilla-egipcia-de-piedra-caliza-que-representa-al-dios-momiforme-ptah-periodo-tardio-664-332-a-c\/#breadcrumb"},"inLanguage":"es","potentialAction":[{"@type":"ReadAction","target":["https:\/\/ifergangallery.com\/es\/piece\/estatuilla-egipcia-de-piedra-caliza-que-representa-al-dios-momiforme-ptah-periodo-tardio-664-332-a-c\/"]}]},{"@type":"BreadcrumbList","@id":"https:\/\/ifergangallery.com\/es\/piece\/estatuilla-egipcia-de-piedra-caliza-que-representa-al-dios-momiforme-ptah-periodo-tardio-664-332-a-c\/#breadcrumb","itemListElement":[{"@type":"ListItem","position":1,"name":"Home","item":"https:\/\/ifergangallery.com\/es\/"},{"@type":"ListItem","position":2,"name":"Works of art","item":"https:\/\/ifergangallery.com\/es\/works_of_art\/"},{"@type":"ListItem","position":3,"name":"Relieve egipcio de piedra caliza que representa al dios momiforme Ptah, Per\u00edodo tard\u00edo, 664-332 a. C."}]}]}},"_links":{"self":[{"href":"https:\/\/ifergangallery.com\/es\/wp-json\/wp\/v2\/product\/16465"}],"collection":[{"href":"https:\/\/ifergangallery.com\/es\/wp-json\/wp\/v2\/product"}],"about":[{"href":"https:\/\/ifergangallery.com\/es\/wp-json\/wp\/v2\/types\/product"}],"replies":[{"embeddable":true,"href":"https:\/\/ifergangallery.com\/es\/wp-json\/wp\/v2\/comments?post=16465"}],"wp:featuredmedia":[{"embeddable":true,"href":"https:\/\/ifergangallery.com\/es\/wp-json\/wp\/v2\/media\/16467"}],"wp:attachment":[{"href":"https:\/\/ifergangallery.com\/es\/wp-json\/wp\/v2\/media?parent=16465"}],"wp:term":[{"taxonomy":"product_cat","embeddable":true,"href":"https:\/\/ifergangallery.com\/es\/wp-json\/wp\/v2\/product_cat?post=16465"},{"taxonomy":"product_tag","embeddable":true,"href":"https:\/\/ifergangallery.com\/es\/wp-json\/wp\/v2\/product_tag?post=16465"}],"curies":[{"name":"wp","href":"https:\/\/api.w.org\/{rel}","templated":true}]}}