{"id":16481,"date":"2026-02-27T10:07:38","date_gmt":"2026-02-27T10:07:38","guid":{"rendered":"https:\/\/ifergangallery.com\/?post_type=product&#038;p=16481"},"modified":"2026-02-27T10:34:22","modified_gmt":"2026-02-27T10:34:22","slug":"estatuilla-helenistica-de-terracota-de-una-joven-envuelta-en-un-himation-siglo-iii-a-c","status":"publish","type":"product","link":"https:\/\/ifergangallery.com\/es\/piece\/estatuilla-helenistica-de-terracota-de-una-joven-envuelta-en-un-himation-siglo-iii-a-c\/","title":{"rendered":"Estatuilla helen\u00edstica de terracota de una joven envuelta en un himati\u00f3n, Siglo III a. C."},"content":{"rendered":"<p>La joven est\u00e1 vestida con un quit\u00f3n (t\u00fanica larga de tela fina) bajo un himati\u00f3n (manto o capa de tela m\u00e1s pesada) que la envuelve completamente, ocultando a menudo los brazos y manos en una pose elegante y recogida. Presenta un peinado elaborado, posiblemente el estilo &#8220;mel\u00f3n&#8221; (mechones ondulados recogidos hacia atr\u00e1s), coronado por una guirnalda de hojas de hiedra o flores, com\u00fan en contextos festivos o religiosos.<\/p>\n<p>Esta estatuilla es un ejemplo caracter\u00edstico de las\u00a0figurillas de Tanagra, un tipo de arte helen\u00edstico en terracota que se populariz\u00f3 a partir del\u00a0siglo IV a. C.\u00a0y continu\u00f3 durante el\u00a0siglo III a. C. Originalmente estas piezas presentaban una\u00a0policrom\u00eda viva\u00a0sobre un engobe blanco (capa de arcilla l\u00edquida). A\u00fan se aprecian restos de pigmentos en los pliegues de las vestiduras. A diferencia de las figuras cl\u00e1sicas anteriores de deidades, las tanagrinas suelen representar a mujeres de la vida cotidiana en poses naturales. Se utilizaban com\u00fanmente como\u00a0ajuar funerario\u00a0en tumbas o como\u00a0ofrendas votivas\u00a0en santuarios.<\/p>","protected":false},"excerpt":{"rendered":"<p>La joven est\u00e1 vestida con un quit\u00f3n (t\u00fanica larga de tela fina) bajo un himati\u00f3n (manto o capa de tela m\u00e1s pesada) que la envuelve completamente, ocultando a menudo los brazos y manos en una pose elegante y recogida. Presenta un peinado elaborado, posiblemente el estilo &#8220;mel\u00f3n&#8221; (mechones ondulados recogidos hacia atr\u00e1s), coronado por una &hellip;<\/p>\n<p class=\"read-more\"> <a class=\"\" href=\"https:\/\/ifergangallery.com\/es\/piece\/estatuilla-helenistica-de-terracota-de-una-joven-envuelta-en-un-himation-siglo-iii-a-c\/\"> <span class=\"screen-reader-text\">Estatuilla helen\u00edstica de terracota de una joven envuelta en un himati\u00f3n, Siglo III a. C.<\/span> Leer m\u00e1s &raquo;<\/a><\/p>","protected":false},"featured_media":16483,"comment_status":"closed","ping_status":"closed","template":"","meta":{"spay_email":""},"product_cat":[111,457],"product_tag":[798,816],"yoast_head":"<!-- This site is optimized with the Yoast SEO Premium plugin v17.6 (Yoast SEO v17.6) - https:\/\/yoast.com\/wordpress\/plugins\/seo\/ -->\n<title>Estatuilla helen\u00edstica de terracota de una joven envuelta en un himati\u00f3n, Siglo III a. C. &ndash; Ifergan Gallery<\/title>\n<meta name=\"robots\" content=\"index, follow, max-snippet:-1, max-image-preview:large, max-video-preview:-1\" \/>\n<link rel=\"canonical\" href=\"https:\/\/ifergangallery.com\/es\/piece\/estatuilla-helenistica-de-terracota-de-una-joven-envuelta-en-un-himation-siglo-iii-a-c\/\" \/>\n<meta property=\"og:locale\" content=\"es_ES\" \/>\n<meta property=\"og:type\" content=\"article\" \/>\n<meta property=\"og:title\" content=\"Estatuilla helen\u00edstica de terracota de una joven envuelta en un himati\u00f3n, Siglo III a. C.\" \/>\n<meta property=\"og:description\" content=\"La joven est\u00e1 vestida con un quit\u00f3n (t\u00fanica larga de tela fina) bajo un himati\u00f3n (manto o capa de tela m\u00e1s pesada) que la envuelve completamente, ocultando a menudo los brazos y manos en una pose elegante y recogida. Presenta un peinado elaborado, posiblemente el estilo &#8220;mel\u00f3n&#8221; (mechones ondulados recogidos hacia atr\u00e1s), coronado por una &hellip; Estatuilla helen\u00edstica de terracota de una joven envuelta en un himati\u00f3n, Siglo III a. C. Leer m\u00e1s &raquo;\" \/>\n<meta property=\"og:url\" content=\"https:\/\/ifergangallery.com\/es\/piece\/estatuilla-helenistica-de-terracota-de-una-joven-envuelta-en-un-himation-siglo-iii-a-c\/\" \/>\n<meta property=\"og:site_name\" content=\"Ifergan Gallery\" \/>\n<meta property=\"article:publisher\" content=\"https:\/\/www.facebook.com\/Ifergancollectionmalaga\" \/>\n<meta property=\"article:modified_time\" content=\"2026-02-27T10:34:22+00:00\" \/>\n<meta property=\"og:image\" content=\"https:\/\/ifergangallery.com\/wp-content\/uploads\/2026\/02\/roi001-2.jpg\" \/>\n\t<meta property=\"og:image:width\" content=\"2048\" \/>\n\t<meta property=\"og:image:height\" content=\"2048\" \/>\n<meta name=\"twitter:card\" content=\"summary_large_image\" \/>\n<meta name=\"twitter:site\" content=\"@Ifergangallery\" \/>\n<meta name=\"twitter:label1\" content=\"Tiempo de lectura\" \/>\n\t<meta name=\"twitter:data1\" content=\"1 minuto\" \/>\n<script type=\"application\/ld+json\" class=\"yoast-schema-graph\">{\"@context\":\"https:\/\/schema.org\",\"@graph\":[{\"@type\":\"Organization\",\"@id\":\"https:\/\/ifergangallery.com\/#organization\",\"name\":\"Ifergan Gallery\",\"url\":\"https:\/\/ifergangallery.com\/\",\"sameAs\":[\"https:\/\/www.facebook.com\/Ifergancollectionmalaga\",\"https:\/\/www.instagram.com\/ifergangallery\/\",\"https:\/\/www.youtube.com\/channel\/UC2O2zZ9BJKhbUFOnu_5mE3g\",\"https:\/\/twitter.com\/Ifergangallery\"],\"logo\":{\"@type\":\"ImageObject\",\"@id\":\"https:\/\/ifergangallery.com\/#logo\",\"inLanguage\":\"es\",\"url\":\"https:\/\/ifergangallery.com\/wp-content\/uploads\/2021\/09\/Imagotipo_blanco-e1637271379231.png\",\"contentUrl\":\"https:\/\/ifergangallery.com\/wp-content\/uploads\/2021\/09\/Imagotipo_blanco-e1637271379231.png\",\"width\":1920,\"height\":1065,\"caption\":\"Ifergan Gallery\"},\"image\":{\"@id\":\"https:\/\/ifergangallery.com\/#logo\"}},{\"@type\":\"WebSite\",\"@id\":\"https:\/\/ifergangallery.com\/#website\",\"url\":\"https:\/\/ifergangallery.com\/\",\"name\":\"Ifergan Gallery\",\"description\":\"Ancient Art Gallery\",\"publisher\":{\"@id\":\"https:\/\/ifergangallery.com\/#organization\"},\"potentialAction\":[{\"@type\":\"SearchAction\",\"target\":{\"@type\":\"EntryPoint\",\"urlTemplate\":\"https:\/\/ifergangallery.com\/?s={search_term_string}\"},\"query-input\":\"required name=search_term_string\"}],\"inLanguage\":\"es\"},{\"@type\":\"ImageObject\",\"@id\":\"https:\/\/ifergangallery.com\/es\/piece\/estatuilla-helenistica-de-terracota-de-una-joven-envuelta-en-un-himation-siglo-iii-a-c\/#primaryimage\",\"inLanguage\":\"es\",\"url\":\"https:\/\/ifergangallery.com\/wp-content\/uploads\/2026\/02\/roi001-2.jpg\",\"contentUrl\":\"https:\/\/ifergangallery.com\/wp-content\/uploads\/2026\/02\/roi001-2.jpg\",\"width\":2048,\"height\":2048},{\"@type\":\"WebPage\",\"@id\":\"https:\/\/ifergangallery.com\/es\/piece\/estatuilla-helenistica-de-terracota-de-una-joven-envuelta-en-un-himation-siglo-iii-a-c\/#webpage\",\"url\":\"https:\/\/ifergangallery.com\/es\/piece\/estatuilla-helenistica-de-terracota-de-una-joven-envuelta-en-un-himation-siglo-iii-a-c\/\",\"name\":\"Estatuilla helen\\u00edstica de terracota de una joven envuelta en un himati\\u00f3n, Siglo III a. C. &ndash; Ifergan Gallery\",\"isPartOf\":{\"@id\":\"https:\/\/ifergangallery.com\/#website\"},\"primaryImageOfPage\":{\"@id\":\"https:\/\/ifergangallery.com\/es\/piece\/estatuilla-helenistica-de-terracota-de-una-joven-envuelta-en-un-himation-siglo-iii-a-c\/#primaryimage\"},\"datePublished\":\"2026-02-27T10:07:38+00:00\",\"dateModified\":\"2026-02-27T10:34:22+00:00\",\"breadcrumb\":{\"@id\":\"https:\/\/ifergangallery.com\/es\/piece\/estatuilla-helenistica-de-terracota-de-una-joven-envuelta-en-un-himation-siglo-iii-a-c\/#breadcrumb\"},\"inLanguage\":\"es\",\"potentialAction\":[{\"@type\":\"ReadAction\",\"target\":[\"https:\/\/ifergangallery.com\/es\/piece\/estatuilla-helenistica-de-terracota-de-una-joven-envuelta-en-un-himation-siglo-iii-a-c\/\"]}]},{\"@type\":\"BreadcrumbList\",\"@id\":\"https:\/\/ifergangallery.com\/es\/piece\/estatuilla-helenistica-de-terracota-de-una-joven-envuelta-en-un-himation-siglo-iii-a-c\/#breadcrumb\",\"itemListElement\":[{\"@type\":\"ListItem\",\"position\":1,\"name\":\"Home\",\"item\":\"https:\/\/ifergangallery.com\/es\/\"},{\"@type\":\"ListItem\",\"position\":2,\"name\":\"Works of art\",\"item\":\"https:\/\/ifergangallery.com\/es\/works_of_art\/\"},{\"@type\":\"ListItem\",\"position\":3,\"name\":\"Estatuilla helen\\u00edstica de terracota de una joven envuelta en un himati\\u00f3n, Siglo III a. C.\"}]}]}<\/script>\n<!-- \/ Yoast SEO Premium plugin. -->","yoast_head_json":{"title":"Estatuilla helen\u00edstica de terracota de una joven envuelta en un himati\u00f3n, Siglo III a. C. &ndash; Ifergan Gallery","robots":{"index":"index","follow":"follow","max-snippet":"max-snippet:-1","max-image-preview":"max-image-preview:large","max-video-preview":"max-video-preview:-1"},"canonical":"https:\/\/ifergangallery.com\/es\/piece\/estatuilla-helenistica-de-terracota-de-una-joven-envuelta-en-un-himation-siglo-iii-a-c\/","og_locale":"es_ES","og_type":"article","og_title":"Estatuilla helen\u00edstica de terracota de una joven envuelta en un himati\u00f3n, Siglo III a. C.","og_description":"La joven est\u00e1 vestida con un quit\u00f3n (t\u00fanica larga de tela fina) bajo un himati\u00f3n (manto o capa de tela m\u00e1s pesada) que la envuelve completamente, ocultando a menudo los brazos y manos en una pose elegante y recogida. Presenta un peinado elaborado, posiblemente el estilo &#8220;mel\u00f3n&#8221; (mechones ondulados recogidos hacia atr\u00e1s), coronado por una &hellip; Estatuilla helen\u00edstica de terracota de una joven envuelta en un himati\u00f3n, Siglo III a. C. Leer m\u00e1s &raquo;","og_url":"https:\/\/ifergangallery.com\/es\/piece\/estatuilla-helenistica-de-terracota-de-una-joven-envuelta-en-un-himation-siglo-iii-a-c\/","og_site_name":"Ifergan Gallery","article_publisher":"https:\/\/www.facebook.com\/Ifergancollectionmalaga","article_modified_time":"2026-02-27T10:34:22+00:00","og_image":[{"width":2048,"height":2048,"url":"https:\/\/ifergangallery.com\/wp-content\/uploads\/2026\/02\/roi001-2.jpg","type":"image\/jpeg"}],"twitter_card":"summary_large_image","twitter_site":"@Ifergangallery","twitter_misc":{"Tiempo de lectura":"1 minuto"},"schema":{"@context":"https:\/\/schema.org","@graph":[{"@type":"Organization","@id":"https:\/\/ifergangallery.com\/#organization","name":"Ifergan Gallery","url":"https:\/\/ifergangallery.com\/","sameAs":["https:\/\/www.facebook.com\/Ifergancollectionmalaga","https:\/\/www.instagram.com\/ifergangallery\/","https:\/\/www.youtube.com\/channel\/UC2O2zZ9BJKhbUFOnu_5mE3g","https:\/\/twitter.com\/Ifergangallery"],"logo":{"@type":"ImageObject","@id":"https:\/\/ifergangallery.com\/#logo","inLanguage":"es","url":"https:\/\/ifergangallery.com\/wp-content\/uploads\/2021\/09\/Imagotipo_blanco-e1637271379231.png","contentUrl":"https:\/\/ifergangallery.com\/wp-content\/uploads\/2021\/09\/Imagotipo_blanco-e1637271379231.png","width":1920,"height":1065,"caption":"Ifergan Gallery"},"image":{"@id":"https:\/\/ifergangallery.com\/#logo"}},{"@type":"WebSite","@id":"https:\/\/ifergangallery.com\/#website","url":"https:\/\/ifergangallery.com\/","name":"Ifergan Gallery","description":"Ancient Art Gallery","publisher":{"@id":"https:\/\/ifergangallery.com\/#organization"},"potentialAction":[{"@type":"SearchAction","target":{"@type":"EntryPoint","urlTemplate":"https:\/\/ifergangallery.com\/?s={search_term_string}"},"query-input":"required name=search_term_string"}],"inLanguage":"es"},{"@type":"ImageObject","@id":"https:\/\/ifergangallery.com\/es\/piece\/estatuilla-helenistica-de-terracota-de-una-joven-envuelta-en-un-himation-siglo-iii-a-c\/#primaryimage","inLanguage":"es","url":"https:\/\/ifergangallery.com\/wp-content\/uploads\/2026\/02\/roi001-2.jpg","contentUrl":"https:\/\/ifergangallery.com\/wp-content\/uploads\/2026\/02\/roi001-2.jpg","width":2048,"height":2048},{"@type":"WebPage","@id":"https:\/\/ifergangallery.com\/es\/piece\/estatuilla-helenistica-de-terracota-de-una-joven-envuelta-en-un-himation-siglo-iii-a-c\/#webpage","url":"https:\/\/ifergangallery.com\/es\/piece\/estatuilla-helenistica-de-terracota-de-una-joven-envuelta-en-un-himation-siglo-iii-a-c\/","name":"Estatuilla helen\u00edstica de terracota de una joven envuelta en un himati\u00f3n, Siglo III a. C. &ndash; Ifergan Gallery","isPartOf":{"@id":"https:\/\/ifergangallery.com\/#website"},"primaryImageOfPage":{"@id":"https:\/\/ifergangallery.com\/es\/piece\/estatuilla-helenistica-de-terracota-de-una-joven-envuelta-en-un-himation-siglo-iii-a-c\/#primaryimage"},"datePublished":"2026-02-27T10:07:38+00:00","dateModified":"2026-02-27T10:34:22+00:00","breadcrumb":{"@id":"https:\/\/ifergangallery.com\/es\/piece\/estatuilla-helenistica-de-terracota-de-una-joven-envuelta-en-un-himation-siglo-iii-a-c\/#breadcrumb"},"inLanguage":"es","potentialAction":[{"@type":"ReadAction","target":["https:\/\/ifergangallery.com\/es\/piece\/estatuilla-helenistica-de-terracota-de-una-joven-envuelta-en-un-himation-siglo-iii-a-c\/"]}]},{"@type":"BreadcrumbList","@id":"https:\/\/ifergangallery.com\/es\/piece\/estatuilla-helenistica-de-terracota-de-una-joven-envuelta-en-un-himation-siglo-iii-a-c\/#breadcrumb","itemListElement":[{"@type":"ListItem","position":1,"name":"Home","item":"https:\/\/ifergangallery.com\/es\/"},{"@type":"ListItem","position":2,"name":"Works of art","item":"https:\/\/ifergangallery.com\/es\/works_of_art\/"},{"@type":"ListItem","position":3,"name":"Estatuilla helen\u00edstica de terracota de una joven envuelta en un himati\u00f3n, Siglo III a. C."}]}]}},"_links":{"self":[{"href":"https:\/\/ifergangallery.com\/es\/wp-json\/wp\/v2\/product\/16481"}],"collection":[{"href":"https:\/\/ifergangallery.com\/es\/wp-json\/wp\/v2\/product"}],"about":[{"href":"https:\/\/ifergangallery.com\/es\/wp-json\/wp\/v2\/types\/product"}],"replies":[{"embeddable":true,"href":"https:\/\/ifergangallery.com\/es\/wp-json\/wp\/v2\/comments?post=16481"}],"wp:featuredmedia":[{"embeddable":true,"href":"https:\/\/ifergangallery.com\/es\/wp-json\/wp\/v2\/media\/16483"}],"wp:attachment":[{"href":"https:\/\/ifergangallery.com\/es\/wp-json\/wp\/v2\/media?parent=16481"}],"wp:term":[{"taxonomy":"product_cat","embeddable":true,"href":"https:\/\/ifergangallery.com\/es\/wp-json\/wp\/v2\/product_cat?post=16481"},{"taxonomy":"product_tag","embeddable":true,"href":"https:\/\/ifergangallery.com\/es\/wp-json\/wp\/v2\/product_tag?post=16481"}],"curies":[{"name":"wp","href":"https:\/\/api.w.org\/{rel}","templated":true}]}}