{"id":16508,"date":"2026-02-27T10:07:37","date_gmt":"2026-02-27T10:07:37","guid":{"rendered":"https:\/\/ifergangallery.com\/?post_type=product&#038;p=16508"},"modified":"2026-03-09T10:17:29","modified_gmt":"2026-03-09T10:17:29","slug":"pelice-apuliana-de-figuras-rojas-siglo-iv-a-c","status":"publish","type":"product","link":"https:\/\/ifergangallery.com\/es\/piece\/pelice-apuliana-de-figuras-rojas-siglo-iv-a-c\/","title":{"rendered":"P\u00e9lice apuliana de figuras rojas, Siglo IV a. C."},"content":{"rendered":"<p style=\"text-align: justify;\">Esta p\u00e9lice presenta el perfil de una cabeza femenina en ambos lados, a menudo identificada como una m\u00e9nade o una dama ricamente ataviada. El dise\u00f1o utiliza la t\u00e9cnica de figuras rojas, en la que el color natural de la arcilla destaca sobre el engobe negro gris\u00e1ceo del fondo para resaltar los rasgos faciales y el peinado. Este ejemplar concreto es de origen apuliano (sur de Italia) y pertenece a la tradici\u00f3n de la Magna Grecia, donde los artistas locales adaptaron el estilo \u00e1tico de figuras rojas.<\/p>","protected":false},"excerpt":{"rendered":"<p>Esta p\u00e9lice presenta el perfil de una cabeza femenina en ambos lados, a menudo identificada como una m\u00e9nade o una dama ricamente ataviada. El dise\u00f1o utiliza la t\u00e9cnica de figuras rojas, en la que el color natural de la arcilla destaca sobre el engobe negro gris\u00e1ceo del fondo para resaltar los rasgos faciales y el &hellip;<\/p>\n<p class=\"read-more\"> <a class=\"\" href=\"https:\/\/ifergangallery.com\/es\/piece\/pelice-apuliana-de-figuras-rojas-siglo-iv-a-c\/\"> <span class=\"screen-reader-text\">P\u00e9lice apuliana de figuras rojas, Siglo IV a. C.<\/span> Leer m\u00e1s &raquo;<\/a><\/p>","protected":false},"featured_media":16510,"comment_status":"closed","ping_status":"closed","template":"","meta":{"spay_email":""},"product_cat":[111,457],"product_tag":[537,798,816],"yoast_head":"<!-- This site is optimized with the Yoast SEO Premium plugin v17.6 (Yoast SEO v17.6) - https:\/\/yoast.com\/wordpress\/plugins\/seo\/ -->\n<title>P\u00e9lice apuliana de figuras rojas, Siglo IV a. C. &ndash; Ifergan Gallery<\/title>\n<meta name=\"robots\" content=\"index, follow, max-snippet:-1, max-image-preview:large, max-video-preview:-1\" \/>\n<link rel=\"canonical\" href=\"https:\/\/ifergangallery.com\/es\/piece\/pelice-apuliana-de-figuras-rojas-siglo-iv-a-c\/\" \/>\n<meta property=\"og:locale\" content=\"es_ES\" \/>\n<meta property=\"og:type\" content=\"article\" \/>\n<meta property=\"og:title\" content=\"P\u00e9lice apuliana de figuras rojas, Siglo IV a. C.\" \/>\n<meta property=\"og:description\" content=\"Esta p\u00e9lice presenta el perfil de una cabeza femenina en ambos lados, a menudo identificada como una m\u00e9nade o una dama ricamente ataviada. El dise\u00f1o utiliza la t\u00e9cnica de figuras rojas, en la que el color natural de la arcilla destaca sobre el engobe negro gris\u00e1ceo del fondo para resaltar los rasgos faciales y el &hellip; P\u00e9lice apuliana de figuras rojas, Siglo IV a. C. Leer m\u00e1s &raquo;\" \/>\n<meta property=\"og:url\" content=\"https:\/\/ifergangallery.com\/es\/piece\/pelice-apuliana-de-figuras-rojas-siglo-iv-a-c\/\" \/>\n<meta property=\"og:site_name\" content=\"Ifergan Gallery\" \/>\n<meta property=\"article:publisher\" content=\"https:\/\/www.facebook.com\/Ifergancollectionmalaga\" \/>\n<meta property=\"article:modified_time\" content=\"2026-03-09T10:17:29+00:00\" \/>\n<meta property=\"og:image\" content=\"https:\/\/ifergangallery.com\/wp-content\/uploads\/2026\/02\/nin001-2-2.jpg\" \/>\n\t<meta property=\"og:image:width\" content=\"2048\" \/>\n\t<meta property=\"og:image:height\" content=\"2048\" \/>\n<meta name=\"twitter:card\" content=\"summary_large_image\" \/>\n<meta name=\"twitter:site\" content=\"@Ifergangallery\" \/>\n<script type=\"application\/ld+json\" class=\"yoast-schema-graph\">{\"@context\":\"https:\/\/schema.org\",\"@graph\":[{\"@type\":\"Organization\",\"@id\":\"https:\/\/ifergangallery.com\/#organization\",\"name\":\"Ifergan Gallery\",\"url\":\"https:\/\/ifergangallery.com\/\",\"sameAs\":[\"https:\/\/www.facebook.com\/Ifergancollectionmalaga\",\"https:\/\/www.instagram.com\/ifergangallery\/\",\"https:\/\/www.youtube.com\/channel\/UC2O2zZ9BJKhbUFOnu_5mE3g\",\"https:\/\/twitter.com\/Ifergangallery\"],\"logo\":{\"@type\":\"ImageObject\",\"@id\":\"https:\/\/ifergangallery.com\/#logo\",\"inLanguage\":\"es\",\"url\":\"https:\/\/ifergangallery.com\/wp-content\/uploads\/2021\/09\/Imagotipo_blanco-e1637271379231.png\",\"contentUrl\":\"https:\/\/ifergangallery.com\/wp-content\/uploads\/2021\/09\/Imagotipo_blanco-e1637271379231.png\",\"width\":1920,\"height\":1065,\"caption\":\"Ifergan Gallery\"},\"image\":{\"@id\":\"https:\/\/ifergangallery.com\/#logo\"}},{\"@type\":\"WebSite\",\"@id\":\"https:\/\/ifergangallery.com\/#website\",\"url\":\"https:\/\/ifergangallery.com\/\",\"name\":\"Ifergan Gallery\",\"description\":\"Ancient Art Gallery\",\"publisher\":{\"@id\":\"https:\/\/ifergangallery.com\/#organization\"},\"potentialAction\":[{\"@type\":\"SearchAction\",\"target\":{\"@type\":\"EntryPoint\",\"urlTemplate\":\"https:\/\/ifergangallery.com\/?s={search_term_string}\"},\"query-input\":\"required name=search_term_string\"}],\"inLanguage\":\"es\"},{\"@type\":\"ImageObject\",\"@id\":\"https:\/\/ifergangallery.com\/es\/piece\/pelice-apuliana-de-figuras-rojas-siglo-iv-a-c\/#primaryimage\",\"inLanguage\":\"es\",\"url\":\"https:\/\/ifergangallery.com\/wp-content\/uploads\/2026\/02\/nin001-2-2.jpg\",\"contentUrl\":\"https:\/\/ifergangallery.com\/wp-content\/uploads\/2026\/02\/nin001-2-2.jpg\",\"width\":2048,\"height\":2048},{\"@type\":\"WebPage\",\"@id\":\"https:\/\/ifergangallery.com\/es\/piece\/pelice-apuliana-de-figuras-rojas-siglo-iv-a-c\/#webpage\",\"url\":\"https:\/\/ifergangallery.com\/es\/piece\/pelice-apuliana-de-figuras-rojas-siglo-iv-a-c\/\",\"name\":\"P\\u00e9lice apuliana de figuras rojas, Siglo IV a. C. &ndash; Ifergan Gallery\",\"isPartOf\":{\"@id\":\"https:\/\/ifergangallery.com\/#website\"},\"primaryImageOfPage\":{\"@id\":\"https:\/\/ifergangallery.com\/es\/piece\/pelice-apuliana-de-figuras-rojas-siglo-iv-a-c\/#primaryimage\"},\"datePublished\":\"2026-02-27T10:07:37+00:00\",\"dateModified\":\"2026-03-09T10:17:29+00:00\",\"breadcrumb\":{\"@id\":\"https:\/\/ifergangallery.com\/es\/piece\/pelice-apuliana-de-figuras-rojas-siglo-iv-a-c\/#breadcrumb\"},\"inLanguage\":\"es\",\"potentialAction\":[{\"@type\":\"ReadAction\",\"target\":[\"https:\/\/ifergangallery.com\/es\/piece\/pelice-apuliana-de-figuras-rojas-siglo-iv-a-c\/\"]}]},{\"@type\":\"BreadcrumbList\",\"@id\":\"https:\/\/ifergangallery.com\/es\/piece\/pelice-apuliana-de-figuras-rojas-siglo-iv-a-c\/#breadcrumb\",\"itemListElement\":[{\"@type\":\"ListItem\",\"position\":1,\"name\":\"Home\",\"item\":\"https:\/\/ifergangallery.com\/es\/\"},{\"@type\":\"ListItem\",\"position\":2,\"name\":\"Works of art\",\"item\":\"https:\/\/ifergangallery.com\/es\/works_of_art\/\"},{\"@type\":\"ListItem\",\"position\":3,\"name\":\"P\\u00e9lice apuliana de figuras rojas, Siglo IV a. C.\"}]}]}<\/script>\n<!-- \/ Yoast SEO Premium plugin. -->","yoast_head_json":{"title":"P\u00e9lice apuliana de figuras rojas, Siglo IV a. C. &ndash; Ifergan Gallery","robots":{"index":"index","follow":"follow","max-snippet":"max-snippet:-1","max-image-preview":"max-image-preview:large","max-video-preview":"max-video-preview:-1"},"canonical":"https:\/\/ifergangallery.com\/es\/piece\/pelice-apuliana-de-figuras-rojas-siglo-iv-a-c\/","og_locale":"es_ES","og_type":"article","og_title":"P\u00e9lice apuliana de figuras rojas, Siglo IV a. C.","og_description":"Esta p\u00e9lice presenta el perfil de una cabeza femenina en ambos lados, a menudo identificada como una m\u00e9nade o una dama ricamente ataviada. El dise\u00f1o utiliza la t\u00e9cnica de figuras rojas, en la que el color natural de la arcilla destaca sobre el engobe negro gris\u00e1ceo del fondo para resaltar los rasgos faciales y el &hellip; P\u00e9lice apuliana de figuras rojas, Siglo IV a. C. Leer m\u00e1s &raquo;","og_url":"https:\/\/ifergangallery.com\/es\/piece\/pelice-apuliana-de-figuras-rojas-siglo-iv-a-c\/","og_site_name":"Ifergan Gallery","article_publisher":"https:\/\/www.facebook.com\/Ifergancollectionmalaga","article_modified_time":"2026-03-09T10:17:29+00:00","og_image":[{"width":2048,"height":2048,"url":"https:\/\/ifergangallery.com\/wp-content\/uploads\/2026\/02\/nin001-2-2.jpg","type":"image\/jpeg"}],"twitter_card":"summary_large_image","twitter_site":"@Ifergangallery","schema":{"@context":"https:\/\/schema.org","@graph":[{"@type":"Organization","@id":"https:\/\/ifergangallery.com\/#organization","name":"Ifergan Gallery","url":"https:\/\/ifergangallery.com\/","sameAs":["https:\/\/www.facebook.com\/Ifergancollectionmalaga","https:\/\/www.instagram.com\/ifergangallery\/","https:\/\/www.youtube.com\/channel\/UC2O2zZ9BJKhbUFOnu_5mE3g","https:\/\/twitter.com\/Ifergangallery"],"logo":{"@type":"ImageObject","@id":"https:\/\/ifergangallery.com\/#logo","inLanguage":"es","url":"https:\/\/ifergangallery.com\/wp-content\/uploads\/2021\/09\/Imagotipo_blanco-e1637271379231.png","contentUrl":"https:\/\/ifergangallery.com\/wp-content\/uploads\/2021\/09\/Imagotipo_blanco-e1637271379231.png","width":1920,"height":1065,"caption":"Ifergan Gallery"},"image":{"@id":"https:\/\/ifergangallery.com\/#logo"}},{"@type":"WebSite","@id":"https:\/\/ifergangallery.com\/#website","url":"https:\/\/ifergangallery.com\/","name":"Ifergan Gallery","description":"Ancient Art Gallery","publisher":{"@id":"https:\/\/ifergangallery.com\/#organization"},"potentialAction":[{"@type":"SearchAction","target":{"@type":"EntryPoint","urlTemplate":"https:\/\/ifergangallery.com\/?s={search_term_string}"},"query-input":"required name=search_term_string"}],"inLanguage":"es"},{"@type":"ImageObject","@id":"https:\/\/ifergangallery.com\/es\/piece\/pelice-apuliana-de-figuras-rojas-siglo-iv-a-c\/#primaryimage","inLanguage":"es","url":"https:\/\/ifergangallery.com\/wp-content\/uploads\/2026\/02\/nin001-2-2.jpg","contentUrl":"https:\/\/ifergangallery.com\/wp-content\/uploads\/2026\/02\/nin001-2-2.jpg","width":2048,"height":2048},{"@type":"WebPage","@id":"https:\/\/ifergangallery.com\/es\/piece\/pelice-apuliana-de-figuras-rojas-siglo-iv-a-c\/#webpage","url":"https:\/\/ifergangallery.com\/es\/piece\/pelice-apuliana-de-figuras-rojas-siglo-iv-a-c\/","name":"P\u00e9lice apuliana de figuras rojas, Siglo IV a. C. &ndash; Ifergan Gallery","isPartOf":{"@id":"https:\/\/ifergangallery.com\/#website"},"primaryImageOfPage":{"@id":"https:\/\/ifergangallery.com\/es\/piece\/pelice-apuliana-de-figuras-rojas-siglo-iv-a-c\/#primaryimage"},"datePublished":"2026-02-27T10:07:37+00:00","dateModified":"2026-03-09T10:17:29+00:00","breadcrumb":{"@id":"https:\/\/ifergangallery.com\/es\/piece\/pelice-apuliana-de-figuras-rojas-siglo-iv-a-c\/#breadcrumb"},"inLanguage":"es","potentialAction":[{"@type":"ReadAction","target":["https:\/\/ifergangallery.com\/es\/piece\/pelice-apuliana-de-figuras-rojas-siglo-iv-a-c\/"]}]},{"@type":"BreadcrumbList","@id":"https:\/\/ifergangallery.com\/es\/piece\/pelice-apuliana-de-figuras-rojas-siglo-iv-a-c\/#breadcrumb","itemListElement":[{"@type":"ListItem","position":1,"name":"Home","item":"https:\/\/ifergangallery.com\/es\/"},{"@type":"ListItem","position":2,"name":"Works of art","item":"https:\/\/ifergangallery.com\/es\/works_of_art\/"},{"@type":"ListItem","position":3,"name":"P\u00e9lice apuliana de figuras rojas, Siglo IV a. C."}]}]}},"_links":{"self":[{"href":"https:\/\/ifergangallery.com\/es\/wp-json\/wp\/v2\/product\/16508"}],"collection":[{"href":"https:\/\/ifergangallery.com\/es\/wp-json\/wp\/v2\/product"}],"about":[{"href":"https:\/\/ifergangallery.com\/es\/wp-json\/wp\/v2\/types\/product"}],"replies":[{"embeddable":true,"href":"https:\/\/ifergangallery.com\/es\/wp-json\/wp\/v2\/comments?post=16508"}],"wp:featuredmedia":[{"embeddable":true,"href":"https:\/\/ifergangallery.com\/es\/wp-json\/wp\/v2\/media\/16510"}],"wp:attachment":[{"href":"https:\/\/ifergangallery.com\/es\/wp-json\/wp\/v2\/media?parent=16508"}],"wp:term":[{"taxonomy":"product_cat","embeddable":true,"href":"https:\/\/ifergangallery.com\/es\/wp-json\/wp\/v2\/product_cat?post=16508"},{"taxonomy":"product_tag","embeddable":true,"href":"https:\/\/ifergangallery.com\/es\/wp-json\/wp\/v2\/product_tag?post=16508"}],"curies":[{"name":"wp","href":"https:\/\/api.w.org\/{rel}","templated":true}]}}