{"id":16623,"date":"2026-03-12T11:05:02","date_gmt":"2026-03-12T11:05:02","guid":{"rendered":"https:\/\/ifergangallery.com\/?post_type=product&#038;p=16623"},"modified":"2026-03-30T09:26:31","modified_gmt":"2026-03-30T09:26:31","slug":"figura-egipcia-de-bronce-representando-un-ibis-periodo-tardio-664-30-a-c","status":"publish","type":"product","link":"https:\/\/ifergangallery.com\/es\/piece\/figura-egipcia-de-bronce-representando-un-ibis-periodo-tardio-664-30-a-c\/","title":{"rendered":"Figura egipcia de bronce representando un Ibis, Periodo Tard\u00edo, 664-30 a.C."},"content":{"rendered":"<p style=\"text-align: justify;\">Los ibis son aves consideradas sagradas en el Antiguo Egipto, ya que se asimilaban al dios Thoth, el dios que fue el pacificador de los conflictos entre Horus y Seth y sanador del ojo de Horus. Tambi\u00e9n se asociaba con uno de los elementos del ser humano, el Aj, que es como la luz del cuerpo, representado por esta ave.<\/p>\n<p style=\"text-align: justify;\">El ibis era objeto de veneraci\u00f3n religiosa en el antiguo Egipto y estaba asociado a la deidad\u00a0<strong>Djehuty\u00a0<\/strong>-que significa\u00a0<em>\u201cEl que es como el ibis\u201d<\/em>\u2013 o tambi\u00e9n llamada en\u00a0<strong>griego Thot<\/strong>. Se le responsabiliza de la sabidur\u00eda, el conocimiento,\u00a0<strong>la escritura<\/strong>, las matem\u00e1ticas, la medici\u00f3n y el tiempo, as\u00ed como de la luna y la magia, siendo una de las tres divinidades m\u00e1s importantes del pante\u00f3n egipcio, ya que su adoraci\u00f3n se extendi\u00f3 desde el\u00a0<strong>per\u00edodo Pre-Din\u00e1stico (6000-3150 a.C.<\/strong>) hasta el\u00a0<strong>per\u00edodo Ptolemaico (323-30 a.C.).<\/strong><\/p>\n<p style=\"text-align: justify;\">Thot fue el encargado de promulgar las decisiones de los dioses, de registrarlas por escrito y de hacer que se cumplieran. Como guardi\u00e1n de los registros de los dioses, Thot llevaba cuenta de los d\u00edas de los seres humanos. Estaba investido de numerosas responsabilidades en la administraci\u00f3n del mundo como por ejemplo cuando interven\u00eda al lado de\u00a0<strong>Osiris y Anubis<\/strong>\u00a0en el\u00a0<strong>Sal\u00f3n de la Verdad<\/strong>\u00a0como el escriba que ha llevado las cuentas de la vida del alma del difunto y registrando el resultado del\u00a0<strong>peso del coraz\u00f3n<\/strong>\u00a0contra la pluma de la verdad. En la compleja iconograf\u00eda del\u00a0<strong>juicio de Osiris<\/strong>, pese a que en m\u00faltiples ocasiones aparece la figura de Thot como el encargado de la verificaci\u00f3n del veredicto, la manipulaci\u00f3n de la balanza se sit\u00faa siempre en manos de Anubis.<\/p>","protected":false},"excerpt":{"rendered":"<p>Los ibis son aves consideradas sagradas en el Antiguo Egipto, ya que se asimilaban al dios Thoth, el dios que fue el pacificador de los conflictos entre Horus y Seth y sanador del ojo de Horus. Tambi\u00e9n se asociaba con uno de los elementos del ser humano, el Aj, que es como la luz del &hellip;<\/p>\n<p class=\"read-more\"> <a class=\"\" href=\"https:\/\/ifergangallery.com\/es\/piece\/figura-egipcia-de-bronce-representando-un-ibis-periodo-tardio-664-30-a-c\/\"> <span class=\"screen-reader-text\">Figura egipcia de bronce representando un Ibis, Periodo Tard\u00edo, 664-30 a.C.<\/span> Leer m\u00e1s &raquo;<\/a><\/p>","protected":false},"featured_media":16625,"comment_status":"closed","ping_status":"closed","template":"","meta":{"spay_email":""},"product_cat":[110],"product_tag":[798,816],"yoast_head":"<!-- This site is optimized with the Yoast SEO Premium plugin v17.6 (Yoast SEO v17.6) - https:\/\/yoast.com\/wordpress\/plugins\/seo\/ -->\n<title>Figura egipcia de bronce representando un Ibis, Periodo Tard\u00edo, 664-30 a.C. &ndash; Ifergan Gallery<\/title>\n<meta name=\"robots\" content=\"index, follow, max-snippet:-1, max-image-preview:large, max-video-preview:-1\" \/>\n<link rel=\"canonical\" href=\"https:\/\/ifergangallery.com\/es\/piece\/figura-egipcia-de-bronce-representando-un-ibis-periodo-tardio-664-30-a-c\/\" \/>\n<meta property=\"og:locale\" content=\"es_ES\" \/>\n<meta property=\"og:type\" content=\"article\" \/>\n<meta property=\"og:title\" content=\"Figura egipcia de bronce representando un Ibis, Periodo Tard\u00edo, 664-30 a.C.\" \/>\n<meta property=\"og:description\" content=\"Los ibis son aves consideradas sagradas en el Antiguo Egipto, ya que se asimilaban al dios Thoth, el dios que fue el pacificador de los conflictos entre Horus y Seth y sanador del ojo de Horus. Tambi\u00e9n se asociaba con uno de los elementos del ser humano, el Aj, que es como la luz del &hellip; Figura egipcia de bronce representando un Ibis, Periodo Tard\u00edo, 664-30 a.C. Leer m\u00e1s &raquo;\" \/>\n<meta property=\"og:url\" content=\"https:\/\/ifergangallery.com\/es\/piece\/figura-egipcia-de-bronce-representando-un-ibis-periodo-tardio-664-30-a-c\/\" \/>\n<meta property=\"og:site_name\" content=\"Ifergan Gallery\" \/>\n<meta property=\"article:publisher\" content=\"https:\/\/www.facebook.com\/Ifergancollectionmalaga\" \/>\n<meta property=\"article:modified_time\" content=\"2026-03-30T09:26:31+00:00\" \/>\n<meta property=\"og:image\" content=\"https:\/\/ifergangallery.com\/wp-content\/uploads\/2026\/03\/001.jpg\" \/>\n\t<meta property=\"og:image:width\" content=\"2048\" \/>\n\t<meta property=\"og:image:height\" content=\"2048\" \/>\n<meta name=\"twitter:card\" content=\"summary_large_image\" \/>\n<meta name=\"twitter:site\" content=\"@Ifergangallery\" \/>\n<meta name=\"twitter:label1\" content=\"Tiempo de lectura\" \/>\n\t<meta name=\"twitter:data1\" content=\"2 minutos\" \/>\n<script type=\"application\/ld+json\" class=\"yoast-schema-graph\">{\"@context\":\"https:\/\/schema.org\",\"@graph\":[{\"@type\":\"Organization\",\"@id\":\"https:\/\/ifergangallery.com\/#organization\",\"name\":\"Ifergan Gallery\",\"url\":\"https:\/\/ifergangallery.com\/\",\"sameAs\":[\"https:\/\/www.facebook.com\/Ifergancollectionmalaga\",\"https:\/\/www.instagram.com\/ifergangallery\/\",\"https:\/\/www.youtube.com\/channel\/UC2O2zZ9BJKhbUFOnu_5mE3g\",\"https:\/\/twitter.com\/Ifergangallery\"],\"logo\":{\"@type\":\"ImageObject\",\"@id\":\"https:\/\/ifergangallery.com\/#logo\",\"inLanguage\":\"es\",\"url\":\"https:\/\/ifergangallery.com\/wp-content\/uploads\/2021\/09\/Imagotipo_blanco-e1637271379231.png\",\"contentUrl\":\"https:\/\/ifergangallery.com\/wp-content\/uploads\/2021\/09\/Imagotipo_blanco-e1637271379231.png\",\"width\":1920,\"height\":1065,\"caption\":\"Ifergan Gallery\"},\"image\":{\"@id\":\"https:\/\/ifergangallery.com\/#logo\"}},{\"@type\":\"WebSite\",\"@id\":\"https:\/\/ifergangallery.com\/#website\",\"url\":\"https:\/\/ifergangallery.com\/\",\"name\":\"Ifergan Gallery\",\"description\":\"Ancient Art Gallery\",\"publisher\":{\"@id\":\"https:\/\/ifergangallery.com\/#organization\"},\"potentialAction\":[{\"@type\":\"SearchAction\",\"target\":{\"@type\":\"EntryPoint\",\"urlTemplate\":\"https:\/\/ifergangallery.com\/?s={search_term_string}\"},\"query-input\":\"required name=search_term_string\"}],\"inLanguage\":\"es\"},{\"@type\":\"ImageObject\",\"@id\":\"https:\/\/ifergangallery.com\/es\/piece\/figura-egipcia-de-bronce-representando-un-ibis-periodo-tardio-664-30-a-c\/#primaryimage\",\"inLanguage\":\"es\",\"url\":\"https:\/\/ifergangallery.com\/wp-content\/uploads\/2026\/03\/001.jpg\",\"contentUrl\":\"https:\/\/ifergangallery.com\/wp-content\/uploads\/2026\/03\/001.jpg\",\"width\":2048,\"height\":2048},{\"@type\":\"WebPage\",\"@id\":\"https:\/\/ifergangallery.com\/es\/piece\/figura-egipcia-de-bronce-representando-un-ibis-periodo-tardio-664-30-a-c\/#webpage\",\"url\":\"https:\/\/ifergangallery.com\/es\/piece\/figura-egipcia-de-bronce-representando-un-ibis-periodo-tardio-664-30-a-c\/\",\"name\":\"Figura egipcia de bronce representando un Ibis, Periodo Tard\\u00edo, 664-30 a.C. &ndash; Ifergan Gallery\",\"isPartOf\":{\"@id\":\"https:\/\/ifergangallery.com\/#website\"},\"primaryImageOfPage\":{\"@id\":\"https:\/\/ifergangallery.com\/es\/piece\/figura-egipcia-de-bronce-representando-un-ibis-periodo-tardio-664-30-a-c\/#primaryimage\"},\"datePublished\":\"2026-03-12T11:05:02+00:00\",\"dateModified\":\"2026-03-30T09:26:31+00:00\",\"breadcrumb\":{\"@id\":\"https:\/\/ifergangallery.com\/es\/piece\/figura-egipcia-de-bronce-representando-un-ibis-periodo-tardio-664-30-a-c\/#breadcrumb\"},\"inLanguage\":\"es\",\"potentialAction\":[{\"@type\":\"ReadAction\",\"target\":[\"https:\/\/ifergangallery.com\/es\/piece\/figura-egipcia-de-bronce-representando-un-ibis-periodo-tardio-664-30-a-c\/\"]}]},{\"@type\":\"BreadcrumbList\",\"@id\":\"https:\/\/ifergangallery.com\/es\/piece\/figura-egipcia-de-bronce-representando-un-ibis-periodo-tardio-664-30-a-c\/#breadcrumb\",\"itemListElement\":[{\"@type\":\"ListItem\",\"position\":1,\"name\":\"Home\",\"item\":\"https:\/\/ifergangallery.com\/es\/\"},{\"@type\":\"ListItem\",\"position\":2,\"name\":\"Works of art\",\"item\":\"https:\/\/ifergangallery.com\/es\/works_of_art\/\"},{\"@type\":\"ListItem\",\"position\":3,\"name\":\"Figura egipcia de bronce representando un Ibis, Periodo Tard\\u00edo, 664-30 a.C.\"}]}]}<\/script>\n<!-- \/ Yoast SEO Premium plugin. -->","yoast_head_json":{"title":"Figura egipcia de bronce representando un Ibis, Periodo Tard\u00edo, 664-30 a.C. &ndash; Ifergan Gallery","robots":{"index":"index","follow":"follow","max-snippet":"max-snippet:-1","max-image-preview":"max-image-preview:large","max-video-preview":"max-video-preview:-1"},"canonical":"https:\/\/ifergangallery.com\/es\/piece\/figura-egipcia-de-bronce-representando-un-ibis-periodo-tardio-664-30-a-c\/","og_locale":"es_ES","og_type":"article","og_title":"Figura egipcia de bronce representando un Ibis, Periodo Tard\u00edo, 664-30 a.C.","og_description":"Los ibis son aves consideradas sagradas en el Antiguo Egipto, ya que se asimilaban al dios Thoth, el dios que fue el pacificador de los conflictos entre Horus y Seth y sanador del ojo de Horus. Tambi\u00e9n se asociaba con uno de los elementos del ser humano, el Aj, que es como la luz del &hellip; Figura egipcia de bronce representando un Ibis, Periodo Tard\u00edo, 664-30 a.C. Leer m\u00e1s &raquo;","og_url":"https:\/\/ifergangallery.com\/es\/piece\/figura-egipcia-de-bronce-representando-un-ibis-periodo-tardio-664-30-a-c\/","og_site_name":"Ifergan Gallery","article_publisher":"https:\/\/www.facebook.com\/Ifergancollectionmalaga","article_modified_time":"2026-03-30T09:26:31+00:00","og_image":[{"width":2048,"height":2048,"url":"https:\/\/ifergangallery.com\/wp-content\/uploads\/2026\/03\/001.jpg","type":"image\/jpeg"}],"twitter_card":"summary_large_image","twitter_site":"@Ifergangallery","twitter_misc":{"Tiempo de lectura":"2 minutos"},"schema":{"@context":"https:\/\/schema.org","@graph":[{"@type":"Organization","@id":"https:\/\/ifergangallery.com\/#organization","name":"Ifergan Gallery","url":"https:\/\/ifergangallery.com\/","sameAs":["https:\/\/www.facebook.com\/Ifergancollectionmalaga","https:\/\/www.instagram.com\/ifergangallery\/","https:\/\/www.youtube.com\/channel\/UC2O2zZ9BJKhbUFOnu_5mE3g","https:\/\/twitter.com\/Ifergangallery"],"logo":{"@type":"ImageObject","@id":"https:\/\/ifergangallery.com\/#logo","inLanguage":"es","url":"https:\/\/ifergangallery.com\/wp-content\/uploads\/2021\/09\/Imagotipo_blanco-e1637271379231.png","contentUrl":"https:\/\/ifergangallery.com\/wp-content\/uploads\/2021\/09\/Imagotipo_blanco-e1637271379231.png","width":1920,"height":1065,"caption":"Ifergan Gallery"},"image":{"@id":"https:\/\/ifergangallery.com\/#logo"}},{"@type":"WebSite","@id":"https:\/\/ifergangallery.com\/#website","url":"https:\/\/ifergangallery.com\/","name":"Ifergan Gallery","description":"Ancient Art Gallery","publisher":{"@id":"https:\/\/ifergangallery.com\/#organization"},"potentialAction":[{"@type":"SearchAction","target":{"@type":"EntryPoint","urlTemplate":"https:\/\/ifergangallery.com\/?s={search_term_string}"},"query-input":"required name=search_term_string"}],"inLanguage":"es"},{"@type":"ImageObject","@id":"https:\/\/ifergangallery.com\/es\/piece\/figura-egipcia-de-bronce-representando-un-ibis-periodo-tardio-664-30-a-c\/#primaryimage","inLanguage":"es","url":"https:\/\/ifergangallery.com\/wp-content\/uploads\/2026\/03\/001.jpg","contentUrl":"https:\/\/ifergangallery.com\/wp-content\/uploads\/2026\/03\/001.jpg","width":2048,"height":2048},{"@type":"WebPage","@id":"https:\/\/ifergangallery.com\/es\/piece\/figura-egipcia-de-bronce-representando-un-ibis-periodo-tardio-664-30-a-c\/#webpage","url":"https:\/\/ifergangallery.com\/es\/piece\/figura-egipcia-de-bronce-representando-un-ibis-periodo-tardio-664-30-a-c\/","name":"Figura egipcia de bronce representando un Ibis, Periodo Tard\u00edo, 664-30 a.C. &ndash; Ifergan Gallery","isPartOf":{"@id":"https:\/\/ifergangallery.com\/#website"},"primaryImageOfPage":{"@id":"https:\/\/ifergangallery.com\/es\/piece\/figura-egipcia-de-bronce-representando-un-ibis-periodo-tardio-664-30-a-c\/#primaryimage"},"datePublished":"2026-03-12T11:05:02+00:00","dateModified":"2026-03-30T09:26:31+00:00","breadcrumb":{"@id":"https:\/\/ifergangallery.com\/es\/piece\/figura-egipcia-de-bronce-representando-un-ibis-periodo-tardio-664-30-a-c\/#breadcrumb"},"inLanguage":"es","potentialAction":[{"@type":"ReadAction","target":["https:\/\/ifergangallery.com\/es\/piece\/figura-egipcia-de-bronce-representando-un-ibis-periodo-tardio-664-30-a-c\/"]}]},{"@type":"BreadcrumbList","@id":"https:\/\/ifergangallery.com\/es\/piece\/figura-egipcia-de-bronce-representando-un-ibis-periodo-tardio-664-30-a-c\/#breadcrumb","itemListElement":[{"@type":"ListItem","position":1,"name":"Home","item":"https:\/\/ifergangallery.com\/es\/"},{"@type":"ListItem","position":2,"name":"Works of art","item":"https:\/\/ifergangallery.com\/es\/works_of_art\/"},{"@type":"ListItem","position":3,"name":"Figura egipcia de bronce representando un Ibis, Periodo Tard\u00edo, 664-30 a.C."}]}]}},"_links":{"self":[{"href":"https:\/\/ifergangallery.com\/es\/wp-json\/wp\/v2\/product\/16623"}],"collection":[{"href":"https:\/\/ifergangallery.com\/es\/wp-json\/wp\/v2\/product"}],"about":[{"href":"https:\/\/ifergangallery.com\/es\/wp-json\/wp\/v2\/types\/product"}],"replies":[{"embeddable":true,"href":"https:\/\/ifergangallery.com\/es\/wp-json\/wp\/v2\/comments?post=16623"}],"wp:featuredmedia":[{"embeddable":true,"href":"https:\/\/ifergangallery.com\/es\/wp-json\/wp\/v2\/media\/16625"}],"wp:attachment":[{"href":"https:\/\/ifergangallery.com\/es\/wp-json\/wp\/v2\/media?parent=16623"}],"wp:term":[{"taxonomy":"product_cat","embeddable":true,"href":"https:\/\/ifergangallery.com\/es\/wp-json\/wp\/v2\/product_cat?post=16623"},{"taxonomy":"product_tag","embeddable":true,"href":"https:\/\/ifergangallery.com\/es\/wp-json\/wp\/v2\/product_tag?post=16623"}],"curies":[{"name":"wp","href":"https:\/\/api.w.org\/{rel}","templated":true}]}}