{"id":16651,"date":"2026-03-30T09:23:27","date_gmt":"2026-03-30T09:23:27","guid":{"rendered":"https:\/\/ifergangallery.com\/?post_type=product&#038;p=16651"},"modified":"2026-03-30T10:42:18","modified_gmt":"2026-03-30T10:42:18","slug":"pelice-apuliana-de-figuras-rojas-magna-grecia-siglo-iv-a-c","status":"publish","type":"product","link":"https:\/\/ifergangallery.com\/es\/piece\/pelice-apuliana-de-figuras-rojas-magna-grecia-siglo-iv-a-c\/","title":{"rendered":"P\u00e9lice apuliana de figuras rojas, Magna Grecia, Siglo IV a.C."},"content":{"rendered":"<p style=\"text-align: justify;\">P\u00e9lice de figuras rojas que presenta bandas decorativas caracter\u00edsticas, como la\u00a0<strong>greca<\/strong>\u00a0(meandro) en la base de la escena y motivos vegetales (como hojas de olivo o laurel) en la zona del cuello.<\/p>\n<p style=\"text-align: justify;\">El lado A muestra una escena con una figura femenina estante, ataviada con un himati\u00f3n de pliegues finamente ejecutados mediante trazos fluidos que realzan la elegancia del drapeado. Su actitud es de serena autoridad, sosteniendo un atributo alargado \u2014identificado como una vara o vara de mando\u2014 dirigido hacia un joven efebo sentado. El joven, de anatom\u00eda idealizada, adopta una postura receptiva que sugiere un contexto de iniciaci\u00f3n o pedagog\u00eda ritual.<\/p>\n<p style=\"text-align: justify;\">\nEn el reverso siguiendo la tradici\u00f3n decorativa del sur de Italia, muestra a dos j\u00f3venes en conversaci\u00f3n. La figura de la izquierda exhibe un drapeado en &#8220;eslinga&#8221;, un motivo iconogr\u00e1fico caracter\u00edstico de la regi\u00f3n. El programa decorativo se completa con una greca de meandros en la base y una corona de laurel en el cuello.<\/p>\n<p style=\"text-align: justify;\">Durante el siglo IV a. C., los talleres cer\u00e1micos en la Magna Grecia (especialmente en regiones como Apulia, Lucania y Campania) desarrollaron un estilo propio que, aunque inspirado en la cer\u00e1mica \u00e1tica de Atenas, incorpor\u00f3 decoraciones m\u00e1s recargadas y un uso distintivo de figuras y accesorios.<\/p>\n<p>&nbsp;<\/p>\n<p>&nbsp;<\/p>","protected":false},"excerpt":{"rendered":"<p>P\u00e9lice de figuras rojas que presenta bandas decorativas caracter\u00edsticas, como la\u00a0greca\u00a0(meandro) en la base de la escena y motivos vegetales (como hojas de olivo o laurel) en la zona del cuello. El lado A muestra una escena con una figura femenina estante, ataviada con un himati\u00f3n de pliegues finamente ejecutados mediante trazos fluidos que realzan &hellip;<\/p>\n<p class=\"read-more\"> <a class=\"\" href=\"https:\/\/ifergangallery.com\/es\/piece\/pelice-apuliana-de-figuras-rojas-magna-grecia-siglo-iv-a-c\/\"> <span class=\"screen-reader-text\">P\u00e9lice apuliana de figuras rojas, Magna Grecia, Siglo IV a.C.<\/span> Leer m\u00e1s &raquo;<\/a><\/p>","protected":false},"featured_media":16653,"comment_status":"closed","ping_status":"closed","template":"","meta":{"spay_email":""},"product_cat":[111,457],"product_tag":[534,537],"yoast_head":"<!-- This site is optimized with the Yoast SEO Premium plugin v17.6 (Yoast SEO v17.6) - https:\/\/yoast.com\/wordpress\/plugins\/seo\/ -->\n<title>P\u00e9lice apuliana de figuras rojas, Magna Grecia, Siglo IV a.C. &ndash; Ifergan Gallery<\/title>\n<meta name=\"robots\" content=\"index, follow, max-snippet:-1, max-image-preview:large, max-video-preview:-1\" \/>\n<link rel=\"canonical\" href=\"https:\/\/ifergangallery.com\/es\/piece\/pelice-apuliana-de-figuras-rojas-magna-grecia-siglo-iv-a-c\/\" \/>\n<meta property=\"og:locale\" content=\"es_ES\" \/>\n<meta property=\"og:type\" content=\"article\" \/>\n<meta property=\"og:title\" content=\"P\u00e9lice apuliana de figuras rojas, Magna Grecia, Siglo IV a.C.\" \/>\n<meta property=\"og:description\" content=\"P\u00e9lice de figuras rojas que presenta bandas decorativas caracter\u00edsticas, como la\u00a0greca\u00a0(meandro) en la base de la escena y motivos vegetales (como hojas de olivo o laurel) en la zona del cuello. El lado A muestra una escena con una figura femenina estante, ataviada con un himati\u00f3n de pliegues finamente ejecutados mediante trazos fluidos que realzan &hellip; P\u00e9lice apuliana de figuras rojas, Magna Grecia, Siglo IV a.C. Leer m\u00e1s &raquo;\" \/>\n<meta property=\"og:url\" content=\"https:\/\/ifergangallery.com\/es\/piece\/pelice-apuliana-de-figuras-rojas-magna-grecia-siglo-iv-a-c\/\" \/>\n<meta property=\"og:site_name\" content=\"Ifergan Gallery\" \/>\n<meta property=\"article:publisher\" content=\"https:\/\/www.facebook.com\/Ifergancollectionmalaga\" \/>\n<meta property=\"article:modified_time\" content=\"2026-03-30T10:42:18+00:00\" \/>\n<meta property=\"og:image\" content=\"https:\/\/ifergangallery.com\/wp-content\/uploads\/2026\/03\/SEN001-2-1024x1024.jpg\" \/>\n\t<meta property=\"og:image:width\" content=\"1024\" \/>\n\t<meta property=\"og:image:height\" content=\"1024\" \/>\n<meta name=\"twitter:card\" content=\"summary_large_image\" \/>\n<meta name=\"twitter:site\" content=\"@Ifergangallery\" \/>\n<meta name=\"twitter:label1\" content=\"Tiempo de lectura\" \/>\n\t<meta name=\"twitter:data1\" content=\"2 minutos\" \/>\n<script type=\"application\/ld+json\" class=\"yoast-schema-graph\">{\"@context\":\"https:\/\/schema.org\",\"@graph\":[{\"@type\":\"Organization\",\"@id\":\"https:\/\/ifergangallery.com\/#organization\",\"name\":\"Ifergan Gallery\",\"url\":\"https:\/\/ifergangallery.com\/\",\"sameAs\":[\"https:\/\/www.facebook.com\/Ifergancollectionmalaga\",\"https:\/\/www.instagram.com\/ifergangallery\/\",\"https:\/\/www.youtube.com\/channel\/UC2O2zZ9BJKhbUFOnu_5mE3g\",\"https:\/\/twitter.com\/Ifergangallery\"],\"logo\":{\"@type\":\"ImageObject\",\"@id\":\"https:\/\/ifergangallery.com\/#logo\",\"inLanguage\":\"es\",\"url\":\"https:\/\/ifergangallery.com\/wp-content\/uploads\/2021\/09\/Imagotipo_blanco-e1637271379231.png\",\"contentUrl\":\"https:\/\/ifergangallery.com\/wp-content\/uploads\/2021\/09\/Imagotipo_blanco-e1637271379231.png\",\"width\":1920,\"height\":1065,\"caption\":\"Ifergan Gallery\"},\"image\":{\"@id\":\"https:\/\/ifergangallery.com\/#logo\"}},{\"@type\":\"WebSite\",\"@id\":\"https:\/\/ifergangallery.com\/#website\",\"url\":\"https:\/\/ifergangallery.com\/\",\"name\":\"Ifergan Gallery\",\"description\":\"Ancient Art Gallery\",\"publisher\":{\"@id\":\"https:\/\/ifergangallery.com\/#organization\"},\"potentialAction\":[{\"@type\":\"SearchAction\",\"target\":{\"@type\":\"EntryPoint\",\"urlTemplate\":\"https:\/\/ifergangallery.com\/?s={search_term_string}\"},\"query-input\":\"required name=search_term_string\"}],\"inLanguage\":\"es\"},{\"@type\":\"ImageObject\",\"@id\":\"https:\/\/ifergangallery.com\/es\/piece\/pelice-apuliana-de-figuras-rojas-magna-grecia-siglo-iv-a-c\/#primaryimage\",\"inLanguage\":\"es\",\"url\":\"https:\/\/ifergangallery.com\/wp-content\/uploads\/2026\/03\/SEN001-2.jpg\",\"contentUrl\":\"https:\/\/ifergangallery.com\/wp-content\/uploads\/2026\/03\/SEN001-2.jpg\",\"width\":2048,\"height\":2048},{\"@type\":\"WebPage\",\"@id\":\"https:\/\/ifergangallery.com\/es\/piece\/pelice-apuliana-de-figuras-rojas-magna-grecia-siglo-iv-a-c\/#webpage\",\"url\":\"https:\/\/ifergangallery.com\/es\/piece\/pelice-apuliana-de-figuras-rojas-magna-grecia-siglo-iv-a-c\/\",\"name\":\"P\\u00e9lice apuliana de figuras rojas, Magna Grecia, Siglo IV a.C. &ndash; Ifergan Gallery\",\"isPartOf\":{\"@id\":\"https:\/\/ifergangallery.com\/#website\"},\"primaryImageOfPage\":{\"@id\":\"https:\/\/ifergangallery.com\/es\/piece\/pelice-apuliana-de-figuras-rojas-magna-grecia-siglo-iv-a-c\/#primaryimage\"},\"datePublished\":\"2026-03-30T09:23:27+00:00\",\"dateModified\":\"2026-03-30T10:42:18+00:00\",\"breadcrumb\":{\"@id\":\"https:\/\/ifergangallery.com\/es\/piece\/pelice-apuliana-de-figuras-rojas-magna-grecia-siglo-iv-a-c\/#breadcrumb\"},\"inLanguage\":\"es\",\"potentialAction\":[{\"@type\":\"ReadAction\",\"target\":[\"https:\/\/ifergangallery.com\/es\/piece\/pelice-apuliana-de-figuras-rojas-magna-grecia-siglo-iv-a-c\/\"]}]},{\"@type\":\"BreadcrumbList\",\"@id\":\"https:\/\/ifergangallery.com\/es\/piece\/pelice-apuliana-de-figuras-rojas-magna-grecia-siglo-iv-a-c\/#breadcrumb\",\"itemListElement\":[{\"@type\":\"ListItem\",\"position\":1,\"name\":\"Home\",\"item\":\"https:\/\/ifergangallery.com\/es\/\"},{\"@type\":\"ListItem\",\"position\":2,\"name\":\"Works of art\",\"item\":\"https:\/\/ifergangallery.com\/es\/works_of_art\/\"},{\"@type\":\"ListItem\",\"position\":3,\"name\":\"P\\u00e9lice apuliana de figuras rojas, Magna Grecia, Siglo IV a.C.\"}]}]}<\/script>\n<!-- \/ Yoast SEO Premium plugin. -->","yoast_head_json":{"title":"P\u00e9lice apuliana de figuras rojas, Magna Grecia, Siglo IV a.C. &ndash; Ifergan Gallery","robots":{"index":"index","follow":"follow","max-snippet":"max-snippet:-1","max-image-preview":"max-image-preview:large","max-video-preview":"max-video-preview:-1"},"canonical":"https:\/\/ifergangallery.com\/es\/piece\/pelice-apuliana-de-figuras-rojas-magna-grecia-siglo-iv-a-c\/","og_locale":"es_ES","og_type":"article","og_title":"P\u00e9lice apuliana de figuras rojas, Magna Grecia, Siglo IV a.C.","og_description":"P\u00e9lice de figuras rojas que presenta bandas decorativas caracter\u00edsticas, como la\u00a0greca\u00a0(meandro) en la base de la escena y motivos vegetales (como hojas de olivo o laurel) en la zona del cuello. El lado A muestra una escena con una figura femenina estante, ataviada con un himati\u00f3n de pliegues finamente ejecutados mediante trazos fluidos que realzan &hellip; P\u00e9lice apuliana de figuras rojas, Magna Grecia, Siglo IV a.C. Leer m\u00e1s &raquo;","og_url":"https:\/\/ifergangallery.com\/es\/piece\/pelice-apuliana-de-figuras-rojas-magna-grecia-siglo-iv-a-c\/","og_site_name":"Ifergan Gallery","article_publisher":"https:\/\/www.facebook.com\/Ifergancollectionmalaga","article_modified_time":"2026-03-30T10:42:18+00:00","og_image":[{"width":1024,"height":1024,"url":"https:\/\/ifergangallery.com\/wp-content\/uploads\/2026\/03\/SEN001-2-1024x1024.jpg","type":"image\/jpeg"}],"twitter_card":"summary_large_image","twitter_site":"@Ifergangallery","twitter_misc":{"Tiempo de lectura":"2 minutos"},"schema":{"@context":"https:\/\/schema.org","@graph":[{"@type":"Organization","@id":"https:\/\/ifergangallery.com\/#organization","name":"Ifergan Gallery","url":"https:\/\/ifergangallery.com\/","sameAs":["https:\/\/www.facebook.com\/Ifergancollectionmalaga","https:\/\/www.instagram.com\/ifergangallery\/","https:\/\/www.youtube.com\/channel\/UC2O2zZ9BJKhbUFOnu_5mE3g","https:\/\/twitter.com\/Ifergangallery"],"logo":{"@type":"ImageObject","@id":"https:\/\/ifergangallery.com\/#logo","inLanguage":"es","url":"https:\/\/ifergangallery.com\/wp-content\/uploads\/2021\/09\/Imagotipo_blanco-e1637271379231.png","contentUrl":"https:\/\/ifergangallery.com\/wp-content\/uploads\/2021\/09\/Imagotipo_blanco-e1637271379231.png","width":1920,"height":1065,"caption":"Ifergan Gallery"},"image":{"@id":"https:\/\/ifergangallery.com\/#logo"}},{"@type":"WebSite","@id":"https:\/\/ifergangallery.com\/#website","url":"https:\/\/ifergangallery.com\/","name":"Ifergan Gallery","description":"Ancient Art Gallery","publisher":{"@id":"https:\/\/ifergangallery.com\/#organization"},"potentialAction":[{"@type":"SearchAction","target":{"@type":"EntryPoint","urlTemplate":"https:\/\/ifergangallery.com\/?s={search_term_string}"},"query-input":"required name=search_term_string"}],"inLanguage":"es"},{"@type":"ImageObject","@id":"https:\/\/ifergangallery.com\/es\/piece\/pelice-apuliana-de-figuras-rojas-magna-grecia-siglo-iv-a-c\/#primaryimage","inLanguage":"es","url":"https:\/\/ifergangallery.com\/wp-content\/uploads\/2026\/03\/SEN001-2.jpg","contentUrl":"https:\/\/ifergangallery.com\/wp-content\/uploads\/2026\/03\/SEN001-2.jpg","width":2048,"height":2048},{"@type":"WebPage","@id":"https:\/\/ifergangallery.com\/es\/piece\/pelice-apuliana-de-figuras-rojas-magna-grecia-siglo-iv-a-c\/#webpage","url":"https:\/\/ifergangallery.com\/es\/piece\/pelice-apuliana-de-figuras-rojas-magna-grecia-siglo-iv-a-c\/","name":"P\u00e9lice apuliana de figuras rojas, Magna Grecia, Siglo IV a.C. &ndash; Ifergan Gallery","isPartOf":{"@id":"https:\/\/ifergangallery.com\/#website"},"primaryImageOfPage":{"@id":"https:\/\/ifergangallery.com\/es\/piece\/pelice-apuliana-de-figuras-rojas-magna-grecia-siglo-iv-a-c\/#primaryimage"},"datePublished":"2026-03-30T09:23:27+00:00","dateModified":"2026-03-30T10:42:18+00:00","breadcrumb":{"@id":"https:\/\/ifergangallery.com\/es\/piece\/pelice-apuliana-de-figuras-rojas-magna-grecia-siglo-iv-a-c\/#breadcrumb"},"inLanguage":"es","potentialAction":[{"@type":"ReadAction","target":["https:\/\/ifergangallery.com\/es\/piece\/pelice-apuliana-de-figuras-rojas-magna-grecia-siglo-iv-a-c\/"]}]},{"@type":"BreadcrumbList","@id":"https:\/\/ifergangallery.com\/es\/piece\/pelice-apuliana-de-figuras-rojas-magna-grecia-siglo-iv-a-c\/#breadcrumb","itemListElement":[{"@type":"ListItem","position":1,"name":"Home","item":"https:\/\/ifergangallery.com\/es\/"},{"@type":"ListItem","position":2,"name":"Works of art","item":"https:\/\/ifergangallery.com\/es\/works_of_art\/"},{"@type":"ListItem","position":3,"name":"P\u00e9lice apuliana de figuras rojas, Magna Grecia, Siglo IV a.C."}]}]}},"_links":{"self":[{"href":"https:\/\/ifergangallery.com\/es\/wp-json\/wp\/v2\/product\/16651"}],"collection":[{"href":"https:\/\/ifergangallery.com\/es\/wp-json\/wp\/v2\/product"}],"about":[{"href":"https:\/\/ifergangallery.com\/es\/wp-json\/wp\/v2\/types\/product"}],"replies":[{"embeddable":true,"href":"https:\/\/ifergangallery.com\/es\/wp-json\/wp\/v2\/comments?post=16651"}],"wp:featuredmedia":[{"embeddable":true,"href":"https:\/\/ifergangallery.com\/es\/wp-json\/wp\/v2\/media\/16653"}],"wp:attachment":[{"href":"https:\/\/ifergangallery.com\/es\/wp-json\/wp\/v2\/media?parent=16651"}],"wp:term":[{"taxonomy":"product_cat","embeddable":true,"href":"https:\/\/ifergangallery.com\/es\/wp-json\/wp\/v2\/product_cat?post=16651"},{"taxonomy":"product_tag","embeddable":true,"href":"https:\/\/ifergangallery.com\/es\/wp-json\/wp\/v2\/product_tag?post=16651"}],"curies":[{"name":"wp","href":"https:\/\/api.w.org\/{rel}","templated":true}]}}