{"id":16674,"date":"2026-03-30T09:20:29","date_gmt":"2026-03-30T09:20:29","guid":{"rendered":"https:\/\/ifergangallery.com\/?post_type=product&#038;p=16674"},"modified":"2026-03-30T09:20:29","modified_gmt":"2026-03-30T09:20:29","slug":"pelice-apuliana-de-figuras-rojas-siglo-iv-a-c-2","status":"publish","type":"product","link":"https:\/\/ifergangallery.com\/es\/piece\/pelice-apuliana-de-figuras-rojas-siglo-iv-a-c-2\/","title":{"rendered":"P\u00e9lice apuliana de figuras rojas, Siglo IV a.C."},"content":{"rendered":"<p style=\"text-align: justify;\">La escena principal representa a una\u00a0m\u00e9nade, seguidora del dios Dioniso, en un estado de calma o ritual. En la cer\u00e1mica apulia de este periodo, es com\u00fan representar m\u00e9nades o figuras femeninas portando objetos rituales como coronas, espejos o cajas de cosm\u00e9ticos (<em>cista<\/em>). La figura sostiene una\u00a0<strong>corona<\/strong>\u00a0(s\u00edmbolo de victoria o festividad) y lo que parece ser un\u00a0<strong>fardo de lino<\/strong>\u00a0(posiblemente relacionado con rituales dionis\u00edacos o dom\u00e9sticos).<\/p>\n<p style=\"text-align: justify;\">La escena del anverso muestra a una\u00a0<strong>m\u00e9nade o figura femenina en movimiento<\/strong>\u00a0(posiblemente danzando), lo cual es caracter\u00edstico del repertorio dionis\u00edaco. Viste un\u00a0<strong>quit\u00f3n<\/strong>\u00a0largo con pliegues marcados que sugieren dinamismo. El cabello est\u00e1 recogido en un\u00a0<em>sakkos<\/em>\u00a0(cofia decorada). \u00a0Sostiene en su mano izquierda un\u00a0<strong>tympanon<\/strong>\u00a0(pandereta), instrumento central en los ritos de Dioniso [5]. En su mano derecha (extendida hacia atr\u00e1s) parece llevar una corona o guirnalda.<\/p>\n<p style=\"text-align: justify;\">El cuello presenta una banda de\u00a0<strong>ovolo<\/strong>\u00a0o leng\u00fcetas, un motivo ornamental cl\u00e1sico en los bordes de la cer\u00e1mica griega. Bajo las asas es habitual encontrar grandes\u00a0<strong>palmetas<\/strong>\u00a0que sirven para separar las escenas de cada lado del jarr\u00f3n.<\/p>\n<p style=\"text-align: justify;\">Originalmente dise\u00f1ados para almacenar l\u00edquidos como aceite o vino, los p\u00e9likes de Apulia tan elaborados sol\u00edan tener una\u00a0<strong>funci\u00f3n funeraria<\/strong>, deposit\u00e1ndose en las tumbas como parte del ajuar para acompa\u00f1ar al difunto en el m\u00e1s all\u00e1.<\/p>\n<p style=\"text-align: justify;\">El\u00a0<strong>pelike<\/strong>\u00a0es una forma cer\u00e1mica que alcanz\u00f3 su m\u00e1xima expresi\u00f3n en los talleres de la\u00a0<strong>Magna Grecia<\/strong>, espec\u00edficamente en la regi\u00f3n de\u00a0<strong>Apulia<\/strong>, durante el\u00a0<strong>siglo IV a.C.<\/strong>\u00a0A diferencia de las grandes \u00e1nforas, el pelike destaca por su base ancha y estable, lo que facilitaba su uso cotidiano para el almacenamiento de l\u00edquidos como aceite o vino. No obstante, en el contexto apulio, estas piezas trascendieron su funci\u00f3n utilitaria para convertirse en objetos de\u00a0<strong>car\u00e1cter votivo y funerario<\/strong>. Su decoraci\u00f3n de figuras rojas, que a menudo representa m\u00e9nades y motivos dionis\u00edacos, simbolizaba la conexi\u00f3n con el ciclo de la vida, el renacimiento y el ritual, sirviendo como ofrendas en las tumbas para acompa\u00f1ar al difunto.<\/p>","protected":false},"excerpt":{"rendered":"<p>La escena principal representa a una\u00a0m\u00e9nade, seguidora del dios Dioniso, en un estado de calma o ritual. En la cer\u00e1mica apulia de este periodo, es com\u00fan representar m\u00e9nades o figuras femeninas portando objetos rituales como coronas, espejos o cajas de cosm\u00e9ticos (cista). La figura sostiene una\u00a0corona\u00a0(s\u00edmbolo de victoria o festividad) y lo que parece ser &hellip;<\/p>\n<p class=\"read-more\"> <a class=\"\" href=\"https:\/\/ifergangallery.com\/es\/piece\/pelice-apuliana-de-figuras-rojas-siglo-iv-a-c-2\/\"> <span class=\"screen-reader-text\">P\u00e9lice apuliana de figuras rojas, Siglo IV a.C.<\/span> Leer m\u00e1s &raquo;<\/a><\/p>","protected":false},"featured_media":16676,"comment_status":"closed","ping_status":"closed","template":"","meta":{"spay_email":""},"product_cat":[111,457,440],"product_tag":[534,537,798,816],"yoast_head":"<!-- This site is optimized with the Yoast SEO Premium plugin v17.6 (Yoast SEO v17.6) - https:\/\/yoast.com\/wordpress\/plugins\/seo\/ -->\n<title>P\u00e9lice apuliana de figuras rojas, Siglo IV a.C. &ndash; Ifergan Gallery<\/title>\n<meta name=\"robots\" content=\"index, follow, max-snippet:-1, max-image-preview:large, max-video-preview:-1\" \/>\n<link rel=\"canonical\" href=\"https:\/\/ifergangallery.com\/es\/piece\/pelice-apuliana-de-figuras-rojas-siglo-iv-a-c-2\/\" \/>\n<meta property=\"og:locale\" content=\"es_ES\" \/>\n<meta property=\"og:type\" content=\"article\" \/>\n<meta property=\"og:title\" content=\"P\u00e9lice apuliana de figuras rojas, Siglo IV a.C.\" \/>\n<meta property=\"og:description\" content=\"La escena principal representa a una\u00a0m\u00e9nade, seguidora del dios Dioniso, en un estado de calma o ritual. En la cer\u00e1mica apulia de este periodo, es com\u00fan representar m\u00e9nades o figuras femeninas portando objetos rituales como coronas, espejos o cajas de cosm\u00e9ticos (cista). La figura sostiene una\u00a0corona\u00a0(s\u00edmbolo de victoria o festividad) y lo que parece ser &hellip; P\u00e9lice apuliana de figuras rojas, Siglo IV a.C. Leer m\u00e1s &raquo;\" \/>\n<meta property=\"og:url\" content=\"https:\/\/ifergangallery.com\/es\/piece\/pelice-apuliana-de-figuras-rojas-siglo-iv-a-c-2\/\" \/>\n<meta property=\"og:site_name\" content=\"Ifergan Gallery\" \/>\n<meta property=\"article:publisher\" content=\"https:\/\/www.facebook.com\/Ifergancollectionmalaga\" \/>\n<meta property=\"og:image\" content=\"https:\/\/ifergangallery.com\/wp-content\/uploads\/2026\/03\/DSC03596.jpg\" \/>\n\t<meta property=\"og:image:width\" content=\"2048\" \/>\n\t<meta property=\"og:image:height\" content=\"2048\" \/>\n<meta name=\"twitter:card\" content=\"summary_large_image\" \/>\n<meta name=\"twitter:site\" content=\"@Ifergangallery\" \/>\n<meta name=\"twitter:label1\" content=\"Tiempo de lectura\" \/>\n\t<meta name=\"twitter:data1\" content=\"2 minutos\" \/>\n<script type=\"application\/ld+json\" class=\"yoast-schema-graph\">{\"@context\":\"https:\/\/schema.org\",\"@graph\":[{\"@type\":\"Organization\",\"@id\":\"https:\/\/ifergangallery.com\/#organization\",\"name\":\"Ifergan Gallery\",\"url\":\"https:\/\/ifergangallery.com\/\",\"sameAs\":[\"https:\/\/www.facebook.com\/Ifergancollectionmalaga\",\"https:\/\/www.instagram.com\/ifergangallery\/\",\"https:\/\/www.youtube.com\/channel\/UC2O2zZ9BJKhbUFOnu_5mE3g\",\"https:\/\/twitter.com\/Ifergangallery\"],\"logo\":{\"@type\":\"ImageObject\",\"@id\":\"https:\/\/ifergangallery.com\/#logo\",\"inLanguage\":\"es\",\"url\":\"https:\/\/ifergangallery.com\/wp-content\/uploads\/2021\/09\/Imagotipo_blanco-e1637271379231.png\",\"contentUrl\":\"https:\/\/ifergangallery.com\/wp-content\/uploads\/2021\/09\/Imagotipo_blanco-e1637271379231.png\",\"width\":1920,\"height\":1065,\"caption\":\"Ifergan Gallery\"},\"image\":{\"@id\":\"https:\/\/ifergangallery.com\/#logo\"}},{\"@type\":\"WebSite\",\"@id\":\"https:\/\/ifergangallery.com\/#website\",\"url\":\"https:\/\/ifergangallery.com\/\",\"name\":\"Ifergan Gallery\",\"description\":\"Ancient Art Gallery\",\"publisher\":{\"@id\":\"https:\/\/ifergangallery.com\/#organization\"},\"potentialAction\":[{\"@type\":\"SearchAction\",\"target\":{\"@type\":\"EntryPoint\",\"urlTemplate\":\"https:\/\/ifergangallery.com\/?s={search_term_string}\"},\"query-input\":\"required name=search_term_string\"}],\"inLanguage\":\"es\"},{\"@type\":\"ImageObject\",\"@id\":\"https:\/\/ifergangallery.com\/es\/piece\/pelice-apuliana-de-figuras-rojas-siglo-iv-a-c-2\/#primaryimage\",\"inLanguage\":\"es\",\"url\":\"https:\/\/ifergangallery.com\/wp-content\/uploads\/2026\/03\/DSC03596.jpg\",\"contentUrl\":\"https:\/\/ifergangallery.com\/wp-content\/uploads\/2026\/03\/DSC03596.jpg\",\"width\":2048,\"height\":2048},{\"@type\":\"WebPage\",\"@id\":\"https:\/\/ifergangallery.com\/es\/piece\/pelice-apuliana-de-figuras-rojas-siglo-iv-a-c-2\/#webpage\",\"url\":\"https:\/\/ifergangallery.com\/es\/piece\/pelice-apuliana-de-figuras-rojas-siglo-iv-a-c-2\/\",\"name\":\"P\\u00e9lice apuliana de figuras rojas, Siglo IV a.C. &ndash; Ifergan Gallery\",\"isPartOf\":{\"@id\":\"https:\/\/ifergangallery.com\/#website\"},\"primaryImageOfPage\":{\"@id\":\"https:\/\/ifergangallery.com\/es\/piece\/pelice-apuliana-de-figuras-rojas-siglo-iv-a-c-2\/#primaryimage\"},\"datePublished\":\"2026-03-30T09:20:29+00:00\",\"dateModified\":\"2026-03-30T09:20:29+00:00\",\"breadcrumb\":{\"@id\":\"https:\/\/ifergangallery.com\/es\/piece\/pelice-apuliana-de-figuras-rojas-siglo-iv-a-c-2\/#breadcrumb\"},\"inLanguage\":\"es\",\"potentialAction\":[{\"@type\":\"ReadAction\",\"target\":[\"https:\/\/ifergangallery.com\/es\/piece\/pelice-apuliana-de-figuras-rojas-siglo-iv-a-c-2\/\"]}]},{\"@type\":\"BreadcrumbList\",\"@id\":\"https:\/\/ifergangallery.com\/es\/piece\/pelice-apuliana-de-figuras-rojas-siglo-iv-a-c-2\/#breadcrumb\",\"itemListElement\":[{\"@type\":\"ListItem\",\"position\":1,\"name\":\"Home\",\"item\":\"https:\/\/ifergangallery.com\/es\/\"},{\"@type\":\"ListItem\",\"position\":2,\"name\":\"Works of art\",\"item\":\"https:\/\/ifergangallery.com\/es\/works_of_art\/\"},{\"@type\":\"ListItem\",\"position\":3,\"name\":\"P\\u00e9lice apuliana de figuras rojas, Siglo IV a.C.\"}]}]}<\/script>\n<!-- \/ Yoast SEO Premium plugin. -->","yoast_head_json":{"title":"P\u00e9lice apuliana de figuras rojas, Siglo IV a.C. &ndash; Ifergan Gallery","robots":{"index":"index","follow":"follow","max-snippet":"max-snippet:-1","max-image-preview":"max-image-preview:large","max-video-preview":"max-video-preview:-1"},"canonical":"https:\/\/ifergangallery.com\/es\/piece\/pelice-apuliana-de-figuras-rojas-siglo-iv-a-c-2\/","og_locale":"es_ES","og_type":"article","og_title":"P\u00e9lice apuliana de figuras rojas, Siglo IV a.C.","og_description":"La escena principal representa a una\u00a0m\u00e9nade, seguidora del dios Dioniso, en un estado de calma o ritual. En la cer\u00e1mica apulia de este periodo, es com\u00fan representar m\u00e9nades o figuras femeninas portando objetos rituales como coronas, espejos o cajas de cosm\u00e9ticos (cista). La figura sostiene una\u00a0corona\u00a0(s\u00edmbolo de victoria o festividad) y lo que parece ser &hellip; P\u00e9lice apuliana de figuras rojas, Siglo IV a.C. Leer m\u00e1s &raquo;","og_url":"https:\/\/ifergangallery.com\/es\/piece\/pelice-apuliana-de-figuras-rojas-siglo-iv-a-c-2\/","og_site_name":"Ifergan Gallery","article_publisher":"https:\/\/www.facebook.com\/Ifergancollectionmalaga","og_image":[{"width":2048,"height":2048,"url":"https:\/\/ifergangallery.com\/wp-content\/uploads\/2026\/03\/DSC03596.jpg","type":"image\/jpeg"}],"twitter_card":"summary_large_image","twitter_site":"@Ifergangallery","twitter_misc":{"Tiempo de lectura":"2 minutos"},"schema":{"@context":"https:\/\/schema.org","@graph":[{"@type":"Organization","@id":"https:\/\/ifergangallery.com\/#organization","name":"Ifergan Gallery","url":"https:\/\/ifergangallery.com\/","sameAs":["https:\/\/www.facebook.com\/Ifergancollectionmalaga","https:\/\/www.instagram.com\/ifergangallery\/","https:\/\/www.youtube.com\/channel\/UC2O2zZ9BJKhbUFOnu_5mE3g","https:\/\/twitter.com\/Ifergangallery"],"logo":{"@type":"ImageObject","@id":"https:\/\/ifergangallery.com\/#logo","inLanguage":"es","url":"https:\/\/ifergangallery.com\/wp-content\/uploads\/2021\/09\/Imagotipo_blanco-e1637271379231.png","contentUrl":"https:\/\/ifergangallery.com\/wp-content\/uploads\/2021\/09\/Imagotipo_blanco-e1637271379231.png","width":1920,"height":1065,"caption":"Ifergan Gallery"},"image":{"@id":"https:\/\/ifergangallery.com\/#logo"}},{"@type":"WebSite","@id":"https:\/\/ifergangallery.com\/#website","url":"https:\/\/ifergangallery.com\/","name":"Ifergan Gallery","description":"Ancient Art Gallery","publisher":{"@id":"https:\/\/ifergangallery.com\/#organization"},"potentialAction":[{"@type":"SearchAction","target":{"@type":"EntryPoint","urlTemplate":"https:\/\/ifergangallery.com\/?s={search_term_string}"},"query-input":"required name=search_term_string"}],"inLanguage":"es"},{"@type":"ImageObject","@id":"https:\/\/ifergangallery.com\/es\/piece\/pelice-apuliana-de-figuras-rojas-siglo-iv-a-c-2\/#primaryimage","inLanguage":"es","url":"https:\/\/ifergangallery.com\/wp-content\/uploads\/2026\/03\/DSC03596.jpg","contentUrl":"https:\/\/ifergangallery.com\/wp-content\/uploads\/2026\/03\/DSC03596.jpg","width":2048,"height":2048},{"@type":"WebPage","@id":"https:\/\/ifergangallery.com\/es\/piece\/pelice-apuliana-de-figuras-rojas-siglo-iv-a-c-2\/#webpage","url":"https:\/\/ifergangallery.com\/es\/piece\/pelice-apuliana-de-figuras-rojas-siglo-iv-a-c-2\/","name":"P\u00e9lice apuliana de figuras rojas, Siglo IV a.C. &ndash; Ifergan Gallery","isPartOf":{"@id":"https:\/\/ifergangallery.com\/#website"},"primaryImageOfPage":{"@id":"https:\/\/ifergangallery.com\/es\/piece\/pelice-apuliana-de-figuras-rojas-siglo-iv-a-c-2\/#primaryimage"},"datePublished":"2026-03-30T09:20:29+00:00","dateModified":"2026-03-30T09:20:29+00:00","breadcrumb":{"@id":"https:\/\/ifergangallery.com\/es\/piece\/pelice-apuliana-de-figuras-rojas-siglo-iv-a-c-2\/#breadcrumb"},"inLanguage":"es","potentialAction":[{"@type":"ReadAction","target":["https:\/\/ifergangallery.com\/es\/piece\/pelice-apuliana-de-figuras-rojas-siglo-iv-a-c-2\/"]}]},{"@type":"BreadcrumbList","@id":"https:\/\/ifergangallery.com\/es\/piece\/pelice-apuliana-de-figuras-rojas-siglo-iv-a-c-2\/#breadcrumb","itemListElement":[{"@type":"ListItem","position":1,"name":"Home","item":"https:\/\/ifergangallery.com\/es\/"},{"@type":"ListItem","position":2,"name":"Works of art","item":"https:\/\/ifergangallery.com\/es\/works_of_art\/"},{"@type":"ListItem","position":3,"name":"P\u00e9lice apuliana de figuras rojas, Siglo IV a.C."}]}]}},"_links":{"self":[{"href":"https:\/\/ifergangallery.com\/es\/wp-json\/wp\/v2\/product\/16674"}],"collection":[{"href":"https:\/\/ifergangallery.com\/es\/wp-json\/wp\/v2\/product"}],"about":[{"href":"https:\/\/ifergangallery.com\/es\/wp-json\/wp\/v2\/types\/product"}],"replies":[{"embeddable":true,"href":"https:\/\/ifergangallery.com\/es\/wp-json\/wp\/v2\/comments?post=16674"}],"wp:featuredmedia":[{"embeddable":true,"href":"https:\/\/ifergangallery.com\/es\/wp-json\/wp\/v2\/media\/16676"}],"wp:attachment":[{"href":"https:\/\/ifergangallery.com\/es\/wp-json\/wp\/v2\/media?parent=16674"}],"wp:term":[{"taxonomy":"product_cat","embeddable":true,"href":"https:\/\/ifergangallery.com\/es\/wp-json\/wp\/v2\/product_cat?post=16674"},{"taxonomy":"product_tag","embeddable":true,"href":"https:\/\/ifergangallery.com\/es\/wp-json\/wp\/v2\/product_tag?post=16674"}],"curies":[{"name":"wp","href":"https:\/\/api.w.org\/{rel}","templated":true}]}}