{"id":16689,"date":"2026-03-30T09:18:19","date_gmt":"2026-03-30T09:18:19","guid":{"rendered":"https:\/\/ifergangallery.com\/?post_type=product&#038;p=16689"},"modified":"2026-03-30T09:18:19","modified_gmt":"2026-03-30T09:18:19","slug":"punta-de-lanza-de-bronce-del-luristan-1200-800-a-c","status":"publish","type":"product","link":"https:\/\/ifergangallery.com\/es\/piece\/punta-de-lanza-de-bronce-del-luristan-1200-800-a-c\/","title":{"rendered":"Punta de lanza de bronce del Lurist\u00e1n, 1200-800 a.C."},"content":{"rendered":"<p style=\"text-align: justify;\">La pieza presenta una\u00a0<strong>hoja foli\u00e1cea<\/strong>\u00a0(en forma de hoja) con hombros redondeados que se estrechan gradualmente hacia la punta. A lo largo de todo el eje central de la hoja sobresale un\u00a0<strong>nervio medio pronunciado<\/strong>, dise\u00f1ado para proporcionar rigidez estructural y fuerza de penetraci\u00f3n al arma. La parte inferior se transforma en una espiga de secci\u00f3n rectangular o cuadrada de gran longitud.<\/p>\n<p style=\"text-align: justify;\">El extremo de la espiga termina en un caracter\u00edstico gancho o punta curvada. Esta morfolog\u00eda, conocida t\u00e9cnicamente como terminal de\u00a0<strong>&#8220;cola de rata&#8221;<\/strong>\u00a0(<em>rat-tail tang<\/em>), era una soluci\u00f3n ingeniosa de montaje: la espiga se insertaba en el astil de madera y la punta curvada se doblaba sobre el exterior o se fijaba para evitar que la lanza se desprendiera o que la madera se rajara al impactar.<\/p>\n<p style=\"text-align: justify;\">En la base de la hoja, antes de la espiga, presenta un peque\u00f1o resalte o\u00a0<strong>guarda<\/strong>\u00a0que a veces imita el dise\u00f1o de las ataduras de cuerda originalmente usadas para fijar el arma al poste.<\/p>","protected":false},"excerpt":{"rendered":"<p>La pieza presenta una\u00a0hoja foli\u00e1cea\u00a0(en forma de hoja) con hombros redondeados que se estrechan gradualmente hacia la punta. A lo largo de todo el eje central de la hoja sobresale un\u00a0nervio medio pronunciado, dise\u00f1ado para proporcionar rigidez estructural y fuerza de penetraci\u00f3n al arma. La parte inferior se transforma en una espiga de secci\u00f3n rectangular &hellip;<\/p>\n<p class=\"read-more\"> <a class=\"\" href=\"https:\/\/ifergangallery.com\/es\/piece\/punta-de-lanza-de-bronce-del-luristan-1200-800-a-c\/\"> <span class=\"screen-reader-text\">Punta de lanza de bronce del Lurist\u00e1n, 1200-800 a.C.<\/span> Leer m\u00e1s &raquo;<\/a><\/p>","protected":false},"featured_media":16690,"comment_status":"closed","ping_status":"closed","template":"","meta":{"spay_email":""},"product_cat":[123,441],"product_tag":[820,807,798,816],"yoast_head":"<!-- This site is optimized with the Yoast SEO Premium plugin v17.6 (Yoast SEO v17.6) - https:\/\/yoast.com\/wordpress\/plugins\/seo\/ -->\n<title>Punta de lanza de bronce del Lurist\u00e1n, 1200-800 a.C. &ndash; Ifergan Gallery<\/title>\n<meta name=\"robots\" content=\"index, follow, max-snippet:-1, max-image-preview:large, max-video-preview:-1\" \/>\n<link rel=\"canonical\" href=\"https:\/\/ifergangallery.com\/es\/piece\/punta-de-lanza-de-bronce-del-luristan-1200-800-a-c\/\" \/>\n<meta property=\"og:locale\" content=\"es_ES\" \/>\n<meta property=\"og:type\" content=\"article\" \/>\n<meta property=\"og:title\" content=\"Punta de lanza de bronce del Lurist\u00e1n, 1200-800 a.C.\" \/>\n<meta property=\"og:description\" content=\"La pieza presenta una\u00a0hoja foli\u00e1cea\u00a0(en forma de hoja) con hombros redondeados que se estrechan gradualmente hacia la punta. A lo largo de todo el eje central de la hoja sobresale un\u00a0nervio medio pronunciado, dise\u00f1ado para proporcionar rigidez estructural y fuerza de penetraci\u00f3n al arma. La parte inferior se transforma en una espiga de secci\u00f3n rectangular &hellip; Punta de lanza de bronce del Lurist\u00e1n, 1200-800 a.C. Leer m\u00e1s &raquo;\" \/>\n<meta property=\"og:url\" content=\"https:\/\/ifergangallery.com\/es\/piece\/punta-de-lanza-de-bronce-del-luristan-1200-800-a-c\/\" \/>\n<meta property=\"og:site_name\" content=\"Ifergan Gallery\" \/>\n<meta property=\"article:publisher\" content=\"https:\/\/www.facebook.com\/Ifergancollectionmalaga\" \/>\n<meta property=\"og:image\" content=\"https:\/\/ifergangallery.com\/wp-content\/uploads\/2026\/03\/DSC03584-1.jpg\" \/>\n\t<meta property=\"og:image:width\" content=\"2048\" \/>\n\t<meta property=\"og:image:height\" content=\"2048\" \/>\n<meta name=\"twitter:card\" content=\"summary_large_image\" \/>\n<meta name=\"twitter:site\" content=\"@Ifergangallery\" \/>\n<meta name=\"twitter:label1\" content=\"Tiempo de lectura\" \/>\n\t<meta name=\"twitter:data1\" content=\"1 minuto\" \/>\n<script type=\"application\/ld+json\" class=\"yoast-schema-graph\">{\"@context\":\"https:\/\/schema.org\",\"@graph\":[{\"@type\":\"Organization\",\"@id\":\"https:\/\/ifergangallery.com\/#organization\",\"name\":\"Ifergan Gallery\",\"url\":\"https:\/\/ifergangallery.com\/\",\"sameAs\":[\"https:\/\/www.facebook.com\/Ifergancollectionmalaga\",\"https:\/\/www.instagram.com\/ifergangallery\/\",\"https:\/\/www.youtube.com\/channel\/UC2O2zZ9BJKhbUFOnu_5mE3g\",\"https:\/\/twitter.com\/Ifergangallery\"],\"logo\":{\"@type\":\"ImageObject\",\"@id\":\"https:\/\/ifergangallery.com\/#logo\",\"inLanguage\":\"es\",\"url\":\"https:\/\/ifergangallery.com\/wp-content\/uploads\/2021\/09\/Imagotipo_blanco-e1637271379231.png\",\"contentUrl\":\"https:\/\/ifergangallery.com\/wp-content\/uploads\/2021\/09\/Imagotipo_blanco-e1637271379231.png\",\"width\":1920,\"height\":1065,\"caption\":\"Ifergan Gallery\"},\"image\":{\"@id\":\"https:\/\/ifergangallery.com\/#logo\"}},{\"@type\":\"WebSite\",\"@id\":\"https:\/\/ifergangallery.com\/#website\",\"url\":\"https:\/\/ifergangallery.com\/\",\"name\":\"Ifergan Gallery\",\"description\":\"Ancient Art Gallery\",\"publisher\":{\"@id\":\"https:\/\/ifergangallery.com\/#organization\"},\"potentialAction\":[{\"@type\":\"SearchAction\",\"target\":{\"@type\":\"EntryPoint\",\"urlTemplate\":\"https:\/\/ifergangallery.com\/?s={search_term_string}\"},\"query-input\":\"required name=search_term_string\"}],\"inLanguage\":\"es\"},{\"@type\":\"ImageObject\",\"@id\":\"https:\/\/ifergangallery.com\/es\/piece\/punta-de-lanza-de-bronce-del-luristan-1200-800-a-c\/#primaryimage\",\"inLanguage\":\"es\",\"url\":\"https:\/\/ifergangallery.com\/wp-content\/uploads\/2026\/03\/DSC03584-1.jpg\",\"contentUrl\":\"https:\/\/ifergangallery.com\/wp-content\/uploads\/2026\/03\/DSC03584-1.jpg\",\"width\":2048,\"height\":2048},{\"@type\":\"WebPage\",\"@id\":\"https:\/\/ifergangallery.com\/es\/piece\/punta-de-lanza-de-bronce-del-luristan-1200-800-a-c\/#webpage\",\"url\":\"https:\/\/ifergangallery.com\/es\/piece\/punta-de-lanza-de-bronce-del-luristan-1200-800-a-c\/\",\"name\":\"Punta de lanza de bronce del Lurist\\u00e1n, 1200-800 a.C. &ndash; Ifergan Gallery\",\"isPartOf\":{\"@id\":\"https:\/\/ifergangallery.com\/#website\"},\"primaryImageOfPage\":{\"@id\":\"https:\/\/ifergangallery.com\/es\/piece\/punta-de-lanza-de-bronce-del-luristan-1200-800-a-c\/#primaryimage\"},\"datePublished\":\"2026-03-30T09:18:19+00:00\",\"dateModified\":\"2026-03-30T09:18:19+00:00\",\"breadcrumb\":{\"@id\":\"https:\/\/ifergangallery.com\/es\/piece\/punta-de-lanza-de-bronce-del-luristan-1200-800-a-c\/#breadcrumb\"},\"inLanguage\":\"es\",\"potentialAction\":[{\"@type\":\"ReadAction\",\"target\":[\"https:\/\/ifergangallery.com\/es\/piece\/punta-de-lanza-de-bronce-del-luristan-1200-800-a-c\/\"]}]},{\"@type\":\"BreadcrumbList\",\"@id\":\"https:\/\/ifergangallery.com\/es\/piece\/punta-de-lanza-de-bronce-del-luristan-1200-800-a-c\/#breadcrumb\",\"itemListElement\":[{\"@type\":\"ListItem\",\"position\":1,\"name\":\"Home\",\"item\":\"https:\/\/ifergangallery.com\/es\/\"},{\"@type\":\"ListItem\",\"position\":2,\"name\":\"Works of art\",\"item\":\"https:\/\/ifergangallery.com\/es\/works_of_art\/\"},{\"@type\":\"ListItem\",\"position\":3,\"name\":\"Punta de lanza de bronce del Lurist\\u00e1n, 1200-800 a.C.\"}]}]}<\/script>\n<!-- \/ Yoast SEO Premium plugin. -->","yoast_head_json":{"title":"Punta de lanza de bronce del Lurist\u00e1n, 1200-800 a.C. &ndash; Ifergan Gallery","robots":{"index":"index","follow":"follow","max-snippet":"max-snippet:-1","max-image-preview":"max-image-preview:large","max-video-preview":"max-video-preview:-1"},"canonical":"https:\/\/ifergangallery.com\/es\/piece\/punta-de-lanza-de-bronce-del-luristan-1200-800-a-c\/","og_locale":"es_ES","og_type":"article","og_title":"Punta de lanza de bronce del Lurist\u00e1n, 1200-800 a.C.","og_description":"La pieza presenta una\u00a0hoja foli\u00e1cea\u00a0(en forma de hoja) con hombros redondeados que se estrechan gradualmente hacia la punta. A lo largo de todo el eje central de la hoja sobresale un\u00a0nervio medio pronunciado, dise\u00f1ado para proporcionar rigidez estructural y fuerza de penetraci\u00f3n al arma. La parte inferior se transforma en una espiga de secci\u00f3n rectangular &hellip; Punta de lanza de bronce del Lurist\u00e1n, 1200-800 a.C. Leer m\u00e1s &raquo;","og_url":"https:\/\/ifergangallery.com\/es\/piece\/punta-de-lanza-de-bronce-del-luristan-1200-800-a-c\/","og_site_name":"Ifergan Gallery","article_publisher":"https:\/\/www.facebook.com\/Ifergancollectionmalaga","og_image":[{"width":2048,"height":2048,"url":"https:\/\/ifergangallery.com\/wp-content\/uploads\/2026\/03\/DSC03584-1.jpg","type":"image\/jpeg"}],"twitter_card":"summary_large_image","twitter_site":"@Ifergangallery","twitter_misc":{"Tiempo de lectura":"1 minuto"},"schema":{"@context":"https:\/\/schema.org","@graph":[{"@type":"Organization","@id":"https:\/\/ifergangallery.com\/#organization","name":"Ifergan Gallery","url":"https:\/\/ifergangallery.com\/","sameAs":["https:\/\/www.facebook.com\/Ifergancollectionmalaga","https:\/\/www.instagram.com\/ifergangallery\/","https:\/\/www.youtube.com\/channel\/UC2O2zZ9BJKhbUFOnu_5mE3g","https:\/\/twitter.com\/Ifergangallery"],"logo":{"@type":"ImageObject","@id":"https:\/\/ifergangallery.com\/#logo","inLanguage":"es","url":"https:\/\/ifergangallery.com\/wp-content\/uploads\/2021\/09\/Imagotipo_blanco-e1637271379231.png","contentUrl":"https:\/\/ifergangallery.com\/wp-content\/uploads\/2021\/09\/Imagotipo_blanco-e1637271379231.png","width":1920,"height":1065,"caption":"Ifergan Gallery"},"image":{"@id":"https:\/\/ifergangallery.com\/#logo"}},{"@type":"WebSite","@id":"https:\/\/ifergangallery.com\/#website","url":"https:\/\/ifergangallery.com\/","name":"Ifergan Gallery","description":"Ancient Art Gallery","publisher":{"@id":"https:\/\/ifergangallery.com\/#organization"},"potentialAction":[{"@type":"SearchAction","target":{"@type":"EntryPoint","urlTemplate":"https:\/\/ifergangallery.com\/?s={search_term_string}"},"query-input":"required name=search_term_string"}],"inLanguage":"es"},{"@type":"ImageObject","@id":"https:\/\/ifergangallery.com\/es\/piece\/punta-de-lanza-de-bronce-del-luristan-1200-800-a-c\/#primaryimage","inLanguage":"es","url":"https:\/\/ifergangallery.com\/wp-content\/uploads\/2026\/03\/DSC03584-1.jpg","contentUrl":"https:\/\/ifergangallery.com\/wp-content\/uploads\/2026\/03\/DSC03584-1.jpg","width":2048,"height":2048},{"@type":"WebPage","@id":"https:\/\/ifergangallery.com\/es\/piece\/punta-de-lanza-de-bronce-del-luristan-1200-800-a-c\/#webpage","url":"https:\/\/ifergangallery.com\/es\/piece\/punta-de-lanza-de-bronce-del-luristan-1200-800-a-c\/","name":"Punta de lanza de bronce del Lurist\u00e1n, 1200-800 a.C. &ndash; Ifergan Gallery","isPartOf":{"@id":"https:\/\/ifergangallery.com\/#website"},"primaryImageOfPage":{"@id":"https:\/\/ifergangallery.com\/es\/piece\/punta-de-lanza-de-bronce-del-luristan-1200-800-a-c\/#primaryimage"},"datePublished":"2026-03-30T09:18:19+00:00","dateModified":"2026-03-30T09:18:19+00:00","breadcrumb":{"@id":"https:\/\/ifergangallery.com\/es\/piece\/punta-de-lanza-de-bronce-del-luristan-1200-800-a-c\/#breadcrumb"},"inLanguage":"es","potentialAction":[{"@type":"ReadAction","target":["https:\/\/ifergangallery.com\/es\/piece\/punta-de-lanza-de-bronce-del-luristan-1200-800-a-c\/"]}]},{"@type":"BreadcrumbList","@id":"https:\/\/ifergangallery.com\/es\/piece\/punta-de-lanza-de-bronce-del-luristan-1200-800-a-c\/#breadcrumb","itemListElement":[{"@type":"ListItem","position":1,"name":"Home","item":"https:\/\/ifergangallery.com\/es\/"},{"@type":"ListItem","position":2,"name":"Works of art","item":"https:\/\/ifergangallery.com\/es\/works_of_art\/"},{"@type":"ListItem","position":3,"name":"Punta de lanza de bronce del Lurist\u00e1n, 1200-800 a.C."}]}]}},"_links":{"self":[{"href":"https:\/\/ifergangallery.com\/es\/wp-json\/wp\/v2\/product\/16689"}],"collection":[{"href":"https:\/\/ifergangallery.com\/es\/wp-json\/wp\/v2\/product"}],"about":[{"href":"https:\/\/ifergangallery.com\/es\/wp-json\/wp\/v2\/types\/product"}],"replies":[{"embeddable":true,"href":"https:\/\/ifergangallery.com\/es\/wp-json\/wp\/v2\/comments?post=16689"}],"wp:featuredmedia":[{"embeddable":true,"href":"https:\/\/ifergangallery.com\/es\/wp-json\/wp\/v2\/media\/16690"}],"wp:attachment":[{"href":"https:\/\/ifergangallery.com\/es\/wp-json\/wp\/v2\/media?parent=16689"}],"wp:term":[{"taxonomy":"product_cat","embeddable":true,"href":"https:\/\/ifergangallery.com\/es\/wp-json\/wp\/v2\/product_cat?post=16689"},{"taxonomy":"product_tag","embeddable":true,"href":"https:\/\/ifergangallery.com\/es\/wp-json\/wp\/v2\/product_tag?post=16689"}],"curies":[{"name":"wp","href":"https:\/\/api.w.org\/{rel}","templated":true}]}}