{"id":16702,"date":"2026-04-14T10:55:27","date_gmt":"2026-04-14T10:55:27","guid":{"rendered":"https:\/\/ifergangallery.com\/?post_type=product&#038;p=16702"},"modified":"2026-04-14T10:55:27","modified_gmt":"2026-04-14T10:55:27","slug":"figura-votiva-de-bronce-de-un-pez-oxirrinco-periodo-ptolemaico-332-30-a-c","status":"publish","type":"product","link":"https:\/\/ifergangallery.com\/es\/piece\/figura-votiva-de-bronce-de-un-pez-oxirrinco-periodo-ptolemaico-332-30-a-c\/","title":{"rendered":"Figura votiva de bronce de un pez Oxirrinco, Per\u00edodo Ptolemaico, 332-30 a. C."},"content":{"rendered":"<p style=\"text-align: justify;\">Representaci\u00f3n de un oxirrinco, el pez sagrado del Nilo y conocido por los egipcios como\u00a0<em>medjed<\/em>. Presenta un cuerpo fusiforme con un caracter\u00edstico hocico curvado hacia abajo. Presenta aletas dorsales y pectorales marcadas y una cola b\u00edfida. Sobre la cabeza porta un\u00a0<strong>tocado de cuernos bovinos con disco solar<\/strong>, s\u00edmbolo de la diosa Hathor o Isis. En algunos ejemplares, los ojos eran originalmente incrustaciones de vidrio o metales nobles. El pez se apoya sobre dos peque\u00f1os soportes o &#8220;patas&#8221; integradas que descansan sobre un\u00a0<strong>pedestal rectangular<\/strong>\u00a0de bronce.<\/p>\n<p style=\"text-align: justify;\">Este pez es protagonista en el mito de\u00a0<strong>Osiris<\/strong>; seg\u00fan la leyenda, fue quien devor\u00f3 el falo del dios despu\u00e9s de que su cuerpo fuera desmembrado por Seth. Debido a esto, se convirti\u00f3 en un animal sagrado y su consumo estaba prohibido en ciertas regiones de Egipto. Seguramente se trata de un objeto ritual ofrecido en templos como exvoto para obtener favores divinos.<\/p>\n<p style=\"text-align: justify;\">El\u00a0<strong>per\u00edodo ptolemaico (332-30 a.C.)<\/strong>\u00a0representa una de las etapas m\u00e1s din\u00e1micas del Antiguo Egipto, iniciada con la conquista de\u00a0<strong>Alejandro Magno<\/strong>\u00a0y consolidada por su general\u00a0<strong>Ptolomeo I S\u00f3ter<\/strong>, fundador de una dinast\u00eda de origen macedonio. Durante estos tres siglos, Egipto se transform\u00f3 en el epicentro del mundo helen\u00edstico, con\u00a0<strong>Alejandr\u00eda<\/strong>\u00a0como una capital cosmopolita que albergaba instituciones legendarias como la Gran Biblioteca y el Faro. Hist\u00f3ricamente, esta \u00e9poca se caracteriza por un\u00a0<strong>sincretismo cultural<\/strong>\u00a0\u00fanico: mientras la \u00e9lite gobernante introduc\u00eda modelos griegos en la administraci\u00f3n, la moneda y el arte, tambi\u00e9n adoptaba t\u00edtulos fara\u00f3nicos y proteg\u00eda los cultos tradicionales para legitimar su poder ante la poblaci\u00f3n nativa. Este equilibrio entre lo griego y lo egipcio permiti\u00f3 un florecimiento de la producci\u00f3n de\u00a0<strong>exvotos de bronce<\/strong>, como el pez Oxirrinco, reflejando una religiosidad que permaneci\u00f3 profundamente arraigada hasta la ca\u00edda del reino tras la derrota de\u00a0<strong>Cleopatra VII<\/strong>\u00a0ante Roma.<\/p>\n<p>&nbsp;<\/p>","protected":false},"excerpt":{"rendered":"<p>Representaci\u00f3n de un oxirrinco, el pez sagrado del Nilo y conocido por los egipcios como\u00a0medjed. Presenta un cuerpo fusiforme con un caracter\u00edstico hocico curvado hacia abajo. Presenta aletas dorsales y pectorales marcadas y una cola b\u00edfida. Sobre la cabeza porta un\u00a0tocado de cuernos bovinos con disco solar, s\u00edmbolo de la diosa Hathor o Isis. En &hellip;<\/p>\n<p class=\"read-more\"> <a class=\"\" href=\"https:\/\/ifergangallery.com\/es\/piece\/figura-votiva-de-bronce-de-un-pez-oxirrinco-periodo-ptolemaico-332-30-a-c\/\"> <span class=\"screen-reader-text\">Figura votiva de bronce de un pez Oxirrinco, Per\u00edodo Ptolemaico, 332-30 a. C.<\/span> Leer m\u00e1s &raquo;<\/a><\/p>","protected":false},"featured_media":16704,"comment_status":"closed","ping_status":"closed","template":"","meta":{"spay_email":""},"product_cat":[110,499],"product_tag":[798],"yoast_head":"<!-- This site is optimized with the Yoast SEO Premium plugin v17.6 (Yoast SEO v17.6) - https:\/\/yoast.com\/wordpress\/plugins\/seo\/ -->\n<title>Figura votiva de bronce de un pez Oxirrinco, Per\u00edodo Ptolemaico, 332-30 a. C. &ndash; Ifergan Gallery<\/title>\n<meta name=\"robots\" content=\"index, follow, max-snippet:-1, max-image-preview:large, max-video-preview:-1\" \/>\n<link rel=\"canonical\" href=\"https:\/\/ifergangallery.com\/es\/piece\/figura-votiva-de-bronce-de-un-pez-oxirrinco-periodo-ptolemaico-332-30-a-c\/\" \/>\n<meta property=\"og:locale\" content=\"es_ES\" \/>\n<meta property=\"og:type\" content=\"article\" \/>\n<meta property=\"og:title\" content=\"Figura votiva de bronce de un pez Oxirrinco, Per\u00edodo Ptolemaico, 332-30 a. C.\" \/>\n<meta property=\"og:description\" content=\"Representaci\u00f3n de un oxirrinco, el pez sagrado del Nilo y conocido por los egipcios como\u00a0medjed. Presenta un cuerpo fusiforme con un caracter\u00edstico hocico curvado hacia abajo. Presenta aletas dorsales y pectorales marcadas y una cola b\u00edfida. Sobre la cabeza porta un\u00a0tocado de cuernos bovinos con disco solar, s\u00edmbolo de la diosa Hathor o Isis. En &hellip; Figura votiva de bronce de un pez Oxirrinco, Per\u00edodo Ptolemaico, 332-30 a. C. Leer m\u00e1s &raquo;\" \/>\n<meta property=\"og:url\" content=\"https:\/\/ifergangallery.com\/es\/piece\/figura-votiva-de-bronce-de-un-pez-oxirrinco-periodo-ptolemaico-332-30-a-c\/\" \/>\n<meta property=\"og:site_name\" content=\"Ifergan Gallery\" \/>\n<meta property=\"article:publisher\" content=\"https:\/\/www.facebook.com\/Ifergancollectionmalaga\" \/>\n<meta property=\"og:image\" content=\"https:\/\/ifergangallery.com\/wp-content\/uploads\/2026\/04\/ren001-5.jpg\" \/>\n\t<meta property=\"og:image:width\" content=\"2048\" \/>\n\t<meta property=\"og:image:height\" content=\"2048\" \/>\n<meta name=\"twitter:card\" content=\"summary_large_image\" \/>\n<meta name=\"twitter:site\" content=\"@Ifergangallery\" \/>\n<meta name=\"twitter:label1\" content=\"Tiempo de lectura\" \/>\n\t<meta name=\"twitter:data1\" content=\"2 minutos\" \/>\n<script type=\"application\/ld+json\" class=\"yoast-schema-graph\">{\"@context\":\"https:\/\/schema.org\",\"@graph\":[{\"@type\":\"Organization\",\"@id\":\"https:\/\/ifergangallery.com\/#organization\",\"name\":\"Ifergan Gallery\",\"url\":\"https:\/\/ifergangallery.com\/\",\"sameAs\":[\"https:\/\/www.facebook.com\/Ifergancollectionmalaga\",\"https:\/\/www.instagram.com\/ifergangallery\/\",\"https:\/\/www.youtube.com\/channel\/UC2O2zZ9BJKhbUFOnu_5mE3g\",\"https:\/\/twitter.com\/Ifergangallery\"],\"logo\":{\"@type\":\"ImageObject\",\"@id\":\"https:\/\/ifergangallery.com\/#logo\",\"inLanguage\":\"es\",\"url\":\"https:\/\/ifergangallery.com\/wp-content\/uploads\/2021\/09\/Imagotipo_blanco-e1637271379231.png\",\"contentUrl\":\"https:\/\/ifergangallery.com\/wp-content\/uploads\/2021\/09\/Imagotipo_blanco-e1637271379231.png\",\"width\":1920,\"height\":1065,\"caption\":\"Ifergan Gallery\"},\"image\":{\"@id\":\"https:\/\/ifergangallery.com\/#logo\"}},{\"@type\":\"WebSite\",\"@id\":\"https:\/\/ifergangallery.com\/#website\",\"url\":\"https:\/\/ifergangallery.com\/\",\"name\":\"Ifergan Gallery\",\"description\":\"Ancient Art Gallery\",\"publisher\":{\"@id\":\"https:\/\/ifergangallery.com\/#organization\"},\"potentialAction\":[{\"@type\":\"SearchAction\",\"target\":{\"@type\":\"EntryPoint\",\"urlTemplate\":\"https:\/\/ifergangallery.com\/?s={search_term_string}\"},\"query-input\":\"required name=search_term_string\"}],\"inLanguage\":\"es\"},{\"@type\":\"ImageObject\",\"@id\":\"https:\/\/ifergangallery.com\/es\/piece\/figura-votiva-de-bronce-de-un-pez-oxirrinco-periodo-ptolemaico-332-30-a-c\/#primaryimage\",\"inLanguage\":\"es\",\"url\":\"https:\/\/ifergangallery.com\/wp-content\/uploads\/2026\/04\/ren001-5.jpg\",\"contentUrl\":\"https:\/\/ifergangallery.com\/wp-content\/uploads\/2026\/04\/ren001-5.jpg\",\"width\":2048,\"height\":2048},{\"@type\":\"WebPage\",\"@id\":\"https:\/\/ifergangallery.com\/es\/piece\/figura-votiva-de-bronce-de-un-pez-oxirrinco-periodo-ptolemaico-332-30-a-c\/#webpage\",\"url\":\"https:\/\/ifergangallery.com\/es\/piece\/figura-votiva-de-bronce-de-un-pez-oxirrinco-periodo-ptolemaico-332-30-a-c\/\",\"name\":\"Figura votiva de bronce de un pez Oxirrinco, Per\\u00edodo Ptolemaico, 332-30 a. C. &ndash; Ifergan Gallery\",\"isPartOf\":{\"@id\":\"https:\/\/ifergangallery.com\/#website\"},\"primaryImageOfPage\":{\"@id\":\"https:\/\/ifergangallery.com\/es\/piece\/figura-votiva-de-bronce-de-un-pez-oxirrinco-periodo-ptolemaico-332-30-a-c\/#primaryimage\"},\"datePublished\":\"2026-04-14T10:55:27+00:00\",\"dateModified\":\"2026-04-14T10:55:27+00:00\",\"breadcrumb\":{\"@id\":\"https:\/\/ifergangallery.com\/es\/piece\/figura-votiva-de-bronce-de-un-pez-oxirrinco-periodo-ptolemaico-332-30-a-c\/#breadcrumb\"},\"inLanguage\":\"es\",\"potentialAction\":[{\"@type\":\"ReadAction\",\"target\":[\"https:\/\/ifergangallery.com\/es\/piece\/figura-votiva-de-bronce-de-un-pez-oxirrinco-periodo-ptolemaico-332-30-a-c\/\"]}]},{\"@type\":\"BreadcrumbList\",\"@id\":\"https:\/\/ifergangallery.com\/es\/piece\/figura-votiva-de-bronce-de-un-pez-oxirrinco-periodo-ptolemaico-332-30-a-c\/#breadcrumb\",\"itemListElement\":[{\"@type\":\"ListItem\",\"position\":1,\"name\":\"Home\",\"item\":\"https:\/\/ifergangallery.com\/es\/\"},{\"@type\":\"ListItem\",\"position\":2,\"name\":\"Works of art\",\"item\":\"https:\/\/ifergangallery.com\/es\/works_of_art\/\"},{\"@type\":\"ListItem\",\"position\":3,\"name\":\"Figura votiva de bronce de un pez Oxirrinco, Per\\u00edodo Ptolemaico, 332-30 a. C.\"}]}]}<\/script>\n<!-- \/ Yoast SEO Premium plugin. -->","yoast_head_json":{"title":"Figura votiva de bronce de un pez Oxirrinco, Per\u00edodo Ptolemaico, 332-30 a. C. &ndash; Ifergan Gallery","robots":{"index":"index","follow":"follow","max-snippet":"max-snippet:-1","max-image-preview":"max-image-preview:large","max-video-preview":"max-video-preview:-1"},"canonical":"https:\/\/ifergangallery.com\/es\/piece\/figura-votiva-de-bronce-de-un-pez-oxirrinco-periodo-ptolemaico-332-30-a-c\/","og_locale":"es_ES","og_type":"article","og_title":"Figura votiva de bronce de un pez Oxirrinco, Per\u00edodo Ptolemaico, 332-30 a. C.","og_description":"Representaci\u00f3n de un oxirrinco, el pez sagrado del Nilo y conocido por los egipcios como\u00a0medjed. Presenta un cuerpo fusiforme con un caracter\u00edstico hocico curvado hacia abajo. Presenta aletas dorsales y pectorales marcadas y una cola b\u00edfida. Sobre la cabeza porta un\u00a0tocado de cuernos bovinos con disco solar, s\u00edmbolo de la diosa Hathor o Isis. En &hellip; Figura votiva de bronce de un pez Oxirrinco, Per\u00edodo Ptolemaico, 332-30 a. C. Leer m\u00e1s &raquo;","og_url":"https:\/\/ifergangallery.com\/es\/piece\/figura-votiva-de-bronce-de-un-pez-oxirrinco-periodo-ptolemaico-332-30-a-c\/","og_site_name":"Ifergan Gallery","article_publisher":"https:\/\/www.facebook.com\/Ifergancollectionmalaga","og_image":[{"width":2048,"height":2048,"url":"https:\/\/ifergangallery.com\/wp-content\/uploads\/2026\/04\/ren001-5.jpg","type":"image\/jpeg"}],"twitter_card":"summary_large_image","twitter_site":"@Ifergangallery","twitter_misc":{"Tiempo de lectura":"2 minutos"},"schema":{"@context":"https:\/\/schema.org","@graph":[{"@type":"Organization","@id":"https:\/\/ifergangallery.com\/#organization","name":"Ifergan Gallery","url":"https:\/\/ifergangallery.com\/","sameAs":["https:\/\/www.facebook.com\/Ifergancollectionmalaga","https:\/\/www.instagram.com\/ifergangallery\/","https:\/\/www.youtube.com\/channel\/UC2O2zZ9BJKhbUFOnu_5mE3g","https:\/\/twitter.com\/Ifergangallery"],"logo":{"@type":"ImageObject","@id":"https:\/\/ifergangallery.com\/#logo","inLanguage":"es","url":"https:\/\/ifergangallery.com\/wp-content\/uploads\/2021\/09\/Imagotipo_blanco-e1637271379231.png","contentUrl":"https:\/\/ifergangallery.com\/wp-content\/uploads\/2021\/09\/Imagotipo_blanco-e1637271379231.png","width":1920,"height":1065,"caption":"Ifergan Gallery"},"image":{"@id":"https:\/\/ifergangallery.com\/#logo"}},{"@type":"WebSite","@id":"https:\/\/ifergangallery.com\/#website","url":"https:\/\/ifergangallery.com\/","name":"Ifergan Gallery","description":"Ancient Art Gallery","publisher":{"@id":"https:\/\/ifergangallery.com\/#organization"},"potentialAction":[{"@type":"SearchAction","target":{"@type":"EntryPoint","urlTemplate":"https:\/\/ifergangallery.com\/?s={search_term_string}"},"query-input":"required name=search_term_string"}],"inLanguage":"es"},{"@type":"ImageObject","@id":"https:\/\/ifergangallery.com\/es\/piece\/figura-votiva-de-bronce-de-un-pez-oxirrinco-periodo-ptolemaico-332-30-a-c\/#primaryimage","inLanguage":"es","url":"https:\/\/ifergangallery.com\/wp-content\/uploads\/2026\/04\/ren001-5.jpg","contentUrl":"https:\/\/ifergangallery.com\/wp-content\/uploads\/2026\/04\/ren001-5.jpg","width":2048,"height":2048},{"@type":"WebPage","@id":"https:\/\/ifergangallery.com\/es\/piece\/figura-votiva-de-bronce-de-un-pez-oxirrinco-periodo-ptolemaico-332-30-a-c\/#webpage","url":"https:\/\/ifergangallery.com\/es\/piece\/figura-votiva-de-bronce-de-un-pez-oxirrinco-periodo-ptolemaico-332-30-a-c\/","name":"Figura votiva de bronce de un pez Oxirrinco, Per\u00edodo Ptolemaico, 332-30 a. C. &ndash; Ifergan Gallery","isPartOf":{"@id":"https:\/\/ifergangallery.com\/#website"},"primaryImageOfPage":{"@id":"https:\/\/ifergangallery.com\/es\/piece\/figura-votiva-de-bronce-de-un-pez-oxirrinco-periodo-ptolemaico-332-30-a-c\/#primaryimage"},"datePublished":"2026-04-14T10:55:27+00:00","dateModified":"2026-04-14T10:55:27+00:00","breadcrumb":{"@id":"https:\/\/ifergangallery.com\/es\/piece\/figura-votiva-de-bronce-de-un-pez-oxirrinco-periodo-ptolemaico-332-30-a-c\/#breadcrumb"},"inLanguage":"es","potentialAction":[{"@type":"ReadAction","target":["https:\/\/ifergangallery.com\/es\/piece\/figura-votiva-de-bronce-de-un-pez-oxirrinco-periodo-ptolemaico-332-30-a-c\/"]}]},{"@type":"BreadcrumbList","@id":"https:\/\/ifergangallery.com\/es\/piece\/figura-votiva-de-bronce-de-un-pez-oxirrinco-periodo-ptolemaico-332-30-a-c\/#breadcrumb","itemListElement":[{"@type":"ListItem","position":1,"name":"Home","item":"https:\/\/ifergangallery.com\/es\/"},{"@type":"ListItem","position":2,"name":"Works of art","item":"https:\/\/ifergangallery.com\/es\/works_of_art\/"},{"@type":"ListItem","position":3,"name":"Figura votiva de bronce de un pez Oxirrinco, Per\u00edodo Ptolemaico, 332-30 a. C."}]}]}},"_links":{"self":[{"href":"https:\/\/ifergangallery.com\/es\/wp-json\/wp\/v2\/product\/16702"}],"collection":[{"href":"https:\/\/ifergangallery.com\/es\/wp-json\/wp\/v2\/product"}],"about":[{"href":"https:\/\/ifergangallery.com\/es\/wp-json\/wp\/v2\/types\/product"}],"replies":[{"embeddable":true,"href":"https:\/\/ifergangallery.com\/es\/wp-json\/wp\/v2\/comments?post=16702"}],"wp:featuredmedia":[{"embeddable":true,"href":"https:\/\/ifergangallery.com\/es\/wp-json\/wp\/v2\/media\/16704"}],"wp:attachment":[{"href":"https:\/\/ifergangallery.com\/es\/wp-json\/wp\/v2\/media?parent=16702"}],"wp:term":[{"taxonomy":"product_cat","embeddable":true,"href":"https:\/\/ifergangallery.com\/es\/wp-json\/wp\/v2\/product_cat?post=16702"},{"taxonomy":"product_tag","embeddable":true,"href":"https:\/\/ifergangallery.com\/es\/wp-json\/wp\/v2\/product_tag?post=16702"}],"curies":[{"name":"wp","href":"https:\/\/api.w.org\/{rel}","templated":true}]}}