{"id":16720,"date":"2026-04-14T10:55:27","date_gmt":"2026-04-14T10:55:27","guid":{"rendered":"https:\/\/ifergangallery.com\/?post_type=product&#038;p=16720"},"modified":"2026-04-14T10:55:27","modified_gmt":"2026-04-14T10:55:27","slug":"ushebti-egipcio-de-fayenza-periodo-tardio-p-ptolemaico-711-30-a-c","status":"publish","type":"product","link":"https:\/\/ifergangallery.com\/es\/piece\/ushebti-egipcio-de-fayenza-periodo-tardio-p-ptolemaico-711-30-a-c\/","title":{"rendered":"Ushebti egipcio de fayenza, Periodo Tard\u00edo\u2013P. Ptolemaico, 711-30 a. C."},"content":{"rendered":"<p style=\"text-align: justify;\">El cuerpo momiforme est\u00e1 envuelto en un sudario que solo deja al descubierto la cabeza y las manos. De rasgos serenos, con una <strong>peluca tripartita<\/strong>\u00a0lisa y la\u00a0<strong>barba osir\u00edaca<\/strong>\u00a0trenzada, identificando al difunto con el dios Osiris. Las manos asoman del sudario cruzadas sobre el pecho, sosteniendo en relieve un\u00a0<strong>pico<\/strong>\u00a0y una\u00a0<strong>azada<\/strong>, herramientas agr\u00edcolas tradicionales. Presenta una columna vertical de\u00a0<strong>texto jerogl\u00edfico<\/strong>\u00a0grabado en la parte frontal de las piernas. El vidriado de color verde turquesa era un s\u00edmbolo de\u00a0<strong>regeneraci\u00f3n y fertilidad<\/strong>, evocando el color de los brotes de papiro y el renacimiento de Osiris.<\/p>\n<p style=\"text-align: justify;\">El t\u00e9rmino\u00a0<em>Ushabti<\/em>\u00a0significa &#8220;el que responde&#8221;. Su funci\u00f3n era actuar como\u00a0<strong>sustituto del difunto<\/strong>\u00a0en el m\u00e1s all\u00e1, respondiendo al llamado para realizar trabajos f\u00edsicos (especialmente agr\u00edcolas) en los campos de\u00a0<em>Iaru<\/em>\u00a0(el para\u00edso egipcio).<\/p>\n<p style=\"text-align: justify;\">Eran fabricados mediante moldes de arcilla, lo que permit\u00eda una producci\u00f3n masiva. Durante el Per\u00edodo Ptolemaico, la calidad del detalle en el rostro y la profundidad de la inscripci\u00f3n sol\u00edan ser indicadores del estatus social del propietario.<\/p>\n<p style=\"text-align: justify;\">Este ushebti pertenece al Periodo Tard\u00edo de Egipto (c. 711-332 a. C.), una \u00e9poca marcada por el renacimiento de las artes tradicionales y la b\u00fasqueda de la perfecci\u00f3n t\u00e9cnica, especialmente durante la Dinast\u00eda XXVI o Sa\u00edta. En este contexto de inestabilidad pol\u00edtica frente a potencias extranjeras, la \u00e9lite egipcia reafirm\u00f3 su identidad cultural a trav\u00e9s de objetos funerarios de alta calidad.<\/p>\n<p>&nbsp;<\/p>","protected":false},"excerpt":{"rendered":"<p>El cuerpo momiforme est\u00e1 envuelto en un sudario que solo deja al descubierto la cabeza y las manos. De rasgos serenos, con una peluca tripartita\u00a0lisa y la\u00a0barba osir\u00edaca\u00a0trenzada, identificando al difunto con el dios Osiris. Las manos asoman del sudario cruzadas sobre el pecho, sosteniendo en relieve un\u00a0pico\u00a0y una\u00a0azada, herramientas agr\u00edcolas tradicionales. Presenta una columna &hellip;<\/p>\n<p class=\"read-more\"> <a class=\"\" href=\"https:\/\/ifergangallery.com\/es\/piece\/ushebti-egipcio-de-fayenza-periodo-tardio-p-ptolemaico-711-30-a-c\/\"> <span class=\"screen-reader-text\">Ushebti egipcio de fayenza, Periodo Tard\u00edo\u2013P. Ptolemaico, 711-30 a. C.<\/span> Leer m\u00e1s &raquo;<\/a><\/p>","protected":false},"featured_media":16722,"comment_status":"closed","ping_status":"closed","template":"","meta":{"spay_email":""},"product_cat":[110,499],"product_tag":[798],"yoast_head":"<!-- This site is optimized with the Yoast SEO Premium plugin v17.6 (Yoast SEO v17.6) - https:\/\/yoast.com\/wordpress\/plugins\/seo\/ -->\n<title>Ushebti egipcio de fayenza, Periodo Tard\u00edo\u2013P. Ptolemaico, 711-30 a. C. &ndash; Ifergan Gallery<\/title>\n<meta name=\"robots\" content=\"index, follow, max-snippet:-1, max-image-preview:large, max-video-preview:-1\" \/>\n<link rel=\"canonical\" href=\"https:\/\/ifergangallery.com\/es\/piece\/ushebti-egipcio-de-fayenza-periodo-tardio-p-ptolemaico-711-30-a-c\/\" \/>\n<meta property=\"og:locale\" content=\"es_ES\" \/>\n<meta property=\"og:type\" content=\"article\" \/>\n<meta property=\"og:title\" content=\"Ushebti egipcio de fayenza, Periodo Tard\u00edo\u2013P. Ptolemaico, 711-30 a. C.\" \/>\n<meta property=\"og:description\" content=\"El cuerpo momiforme est\u00e1 envuelto en un sudario que solo deja al descubierto la cabeza y las manos. De rasgos serenos, con una peluca tripartita\u00a0lisa y la\u00a0barba osir\u00edaca\u00a0trenzada, identificando al difunto con el dios Osiris. Las manos asoman del sudario cruzadas sobre el pecho, sosteniendo en relieve un\u00a0pico\u00a0y una\u00a0azada, herramientas agr\u00edcolas tradicionales. Presenta una columna &hellip; Ushebti egipcio de fayenza, Periodo Tard\u00edo\u2013P. Ptolemaico, 711-30 a. C. Leer m\u00e1s &raquo;\" \/>\n<meta property=\"og:url\" content=\"https:\/\/ifergangallery.com\/es\/piece\/ushebti-egipcio-de-fayenza-periodo-tardio-p-ptolemaico-711-30-a-c\/\" \/>\n<meta property=\"og:site_name\" content=\"Ifergan Gallery\" \/>\n<meta property=\"article:publisher\" content=\"https:\/\/www.facebook.com\/Ifergancollectionmalaga\" \/>\n<meta property=\"og:image\" content=\"https:\/\/ifergangallery.com\/wp-content\/uploads\/2026\/04\/ren003-7.jpg\" \/>\n\t<meta property=\"og:image:width\" content=\"2048\" \/>\n\t<meta property=\"og:image:height\" content=\"2048\" \/>\n<meta name=\"twitter:card\" content=\"summary_large_image\" \/>\n<meta name=\"twitter:site\" content=\"@Ifergangallery\" \/>\n<meta name=\"twitter:label1\" content=\"Tiempo de lectura\" \/>\n\t<meta name=\"twitter:data1\" content=\"1 minuto\" \/>\n<script type=\"application\/ld+json\" class=\"yoast-schema-graph\">{\"@context\":\"https:\/\/schema.org\",\"@graph\":[{\"@type\":\"Organization\",\"@id\":\"https:\/\/ifergangallery.com\/#organization\",\"name\":\"Ifergan Gallery\",\"url\":\"https:\/\/ifergangallery.com\/\",\"sameAs\":[\"https:\/\/www.facebook.com\/Ifergancollectionmalaga\",\"https:\/\/www.instagram.com\/ifergangallery\/\",\"https:\/\/www.youtube.com\/channel\/UC2O2zZ9BJKhbUFOnu_5mE3g\",\"https:\/\/twitter.com\/Ifergangallery\"],\"logo\":{\"@type\":\"ImageObject\",\"@id\":\"https:\/\/ifergangallery.com\/#logo\",\"inLanguage\":\"es\",\"url\":\"https:\/\/ifergangallery.com\/wp-content\/uploads\/2021\/09\/Imagotipo_blanco-e1637271379231.png\",\"contentUrl\":\"https:\/\/ifergangallery.com\/wp-content\/uploads\/2021\/09\/Imagotipo_blanco-e1637271379231.png\",\"width\":1920,\"height\":1065,\"caption\":\"Ifergan Gallery\"},\"image\":{\"@id\":\"https:\/\/ifergangallery.com\/#logo\"}},{\"@type\":\"WebSite\",\"@id\":\"https:\/\/ifergangallery.com\/#website\",\"url\":\"https:\/\/ifergangallery.com\/\",\"name\":\"Ifergan Gallery\",\"description\":\"Ancient Art Gallery\",\"publisher\":{\"@id\":\"https:\/\/ifergangallery.com\/#organization\"},\"potentialAction\":[{\"@type\":\"SearchAction\",\"target\":{\"@type\":\"EntryPoint\",\"urlTemplate\":\"https:\/\/ifergangallery.com\/?s={search_term_string}\"},\"query-input\":\"required name=search_term_string\"}],\"inLanguage\":\"es\"},{\"@type\":\"ImageObject\",\"@id\":\"https:\/\/ifergangallery.com\/es\/piece\/ushebti-egipcio-de-fayenza-periodo-tardio-p-ptolemaico-711-30-a-c\/#primaryimage\",\"inLanguage\":\"es\",\"url\":\"https:\/\/ifergangallery.com\/wp-content\/uploads\/2026\/04\/ren003-7.jpg\",\"contentUrl\":\"https:\/\/ifergangallery.com\/wp-content\/uploads\/2026\/04\/ren003-7.jpg\",\"width\":2048,\"height\":2048},{\"@type\":\"WebPage\",\"@id\":\"https:\/\/ifergangallery.com\/es\/piece\/ushebti-egipcio-de-fayenza-periodo-tardio-p-ptolemaico-711-30-a-c\/#webpage\",\"url\":\"https:\/\/ifergangallery.com\/es\/piece\/ushebti-egipcio-de-fayenza-periodo-tardio-p-ptolemaico-711-30-a-c\/\",\"name\":\"Ushebti egipcio de fayenza, Periodo Tard\\u00edo\\u2013P. Ptolemaico, 711-30 a. C. &ndash; Ifergan Gallery\",\"isPartOf\":{\"@id\":\"https:\/\/ifergangallery.com\/#website\"},\"primaryImageOfPage\":{\"@id\":\"https:\/\/ifergangallery.com\/es\/piece\/ushebti-egipcio-de-fayenza-periodo-tardio-p-ptolemaico-711-30-a-c\/#primaryimage\"},\"datePublished\":\"2026-04-14T10:55:27+00:00\",\"dateModified\":\"2026-04-14T10:55:27+00:00\",\"breadcrumb\":{\"@id\":\"https:\/\/ifergangallery.com\/es\/piece\/ushebti-egipcio-de-fayenza-periodo-tardio-p-ptolemaico-711-30-a-c\/#breadcrumb\"},\"inLanguage\":\"es\",\"potentialAction\":[{\"@type\":\"ReadAction\",\"target\":[\"https:\/\/ifergangallery.com\/es\/piece\/ushebti-egipcio-de-fayenza-periodo-tardio-p-ptolemaico-711-30-a-c\/\"]}]},{\"@type\":\"BreadcrumbList\",\"@id\":\"https:\/\/ifergangallery.com\/es\/piece\/ushebti-egipcio-de-fayenza-periodo-tardio-p-ptolemaico-711-30-a-c\/#breadcrumb\",\"itemListElement\":[{\"@type\":\"ListItem\",\"position\":1,\"name\":\"Home\",\"item\":\"https:\/\/ifergangallery.com\/es\/\"},{\"@type\":\"ListItem\",\"position\":2,\"name\":\"Works of art\",\"item\":\"https:\/\/ifergangallery.com\/es\/works_of_art\/\"},{\"@type\":\"ListItem\",\"position\":3,\"name\":\"Ushebti egipcio de fayenza, Periodo Tard\\u00edo\\u2013P. Ptolemaico, 711-30 a. C.\"}]}]}<\/script>\n<!-- \/ Yoast SEO Premium plugin. -->","yoast_head_json":{"title":"Ushebti egipcio de fayenza, Periodo Tard\u00edo\u2013P. Ptolemaico, 711-30 a. C. &ndash; Ifergan Gallery","robots":{"index":"index","follow":"follow","max-snippet":"max-snippet:-1","max-image-preview":"max-image-preview:large","max-video-preview":"max-video-preview:-1"},"canonical":"https:\/\/ifergangallery.com\/es\/piece\/ushebti-egipcio-de-fayenza-periodo-tardio-p-ptolemaico-711-30-a-c\/","og_locale":"es_ES","og_type":"article","og_title":"Ushebti egipcio de fayenza, Periodo Tard\u00edo\u2013P. Ptolemaico, 711-30 a. C.","og_description":"El cuerpo momiforme est\u00e1 envuelto en un sudario que solo deja al descubierto la cabeza y las manos. De rasgos serenos, con una peluca tripartita\u00a0lisa y la\u00a0barba osir\u00edaca\u00a0trenzada, identificando al difunto con el dios Osiris. Las manos asoman del sudario cruzadas sobre el pecho, sosteniendo en relieve un\u00a0pico\u00a0y una\u00a0azada, herramientas agr\u00edcolas tradicionales. Presenta una columna &hellip; Ushebti egipcio de fayenza, Periodo Tard\u00edo\u2013P. Ptolemaico, 711-30 a. C. Leer m\u00e1s &raquo;","og_url":"https:\/\/ifergangallery.com\/es\/piece\/ushebti-egipcio-de-fayenza-periodo-tardio-p-ptolemaico-711-30-a-c\/","og_site_name":"Ifergan Gallery","article_publisher":"https:\/\/www.facebook.com\/Ifergancollectionmalaga","og_image":[{"width":2048,"height":2048,"url":"https:\/\/ifergangallery.com\/wp-content\/uploads\/2026\/04\/ren003-7.jpg","type":"image\/jpeg"}],"twitter_card":"summary_large_image","twitter_site":"@Ifergangallery","twitter_misc":{"Tiempo de lectura":"1 minuto"},"schema":{"@context":"https:\/\/schema.org","@graph":[{"@type":"Organization","@id":"https:\/\/ifergangallery.com\/#organization","name":"Ifergan Gallery","url":"https:\/\/ifergangallery.com\/","sameAs":["https:\/\/www.facebook.com\/Ifergancollectionmalaga","https:\/\/www.instagram.com\/ifergangallery\/","https:\/\/www.youtube.com\/channel\/UC2O2zZ9BJKhbUFOnu_5mE3g","https:\/\/twitter.com\/Ifergangallery"],"logo":{"@type":"ImageObject","@id":"https:\/\/ifergangallery.com\/#logo","inLanguage":"es","url":"https:\/\/ifergangallery.com\/wp-content\/uploads\/2021\/09\/Imagotipo_blanco-e1637271379231.png","contentUrl":"https:\/\/ifergangallery.com\/wp-content\/uploads\/2021\/09\/Imagotipo_blanco-e1637271379231.png","width":1920,"height":1065,"caption":"Ifergan Gallery"},"image":{"@id":"https:\/\/ifergangallery.com\/#logo"}},{"@type":"WebSite","@id":"https:\/\/ifergangallery.com\/#website","url":"https:\/\/ifergangallery.com\/","name":"Ifergan Gallery","description":"Ancient Art Gallery","publisher":{"@id":"https:\/\/ifergangallery.com\/#organization"},"potentialAction":[{"@type":"SearchAction","target":{"@type":"EntryPoint","urlTemplate":"https:\/\/ifergangallery.com\/?s={search_term_string}"},"query-input":"required name=search_term_string"}],"inLanguage":"es"},{"@type":"ImageObject","@id":"https:\/\/ifergangallery.com\/es\/piece\/ushebti-egipcio-de-fayenza-periodo-tardio-p-ptolemaico-711-30-a-c\/#primaryimage","inLanguage":"es","url":"https:\/\/ifergangallery.com\/wp-content\/uploads\/2026\/04\/ren003-7.jpg","contentUrl":"https:\/\/ifergangallery.com\/wp-content\/uploads\/2026\/04\/ren003-7.jpg","width":2048,"height":2048},{"@type":"WebPage","@id":"https:\/\/ifergangallery.com\/es\/piece\/ushebti-egipcio-de-fayenza-periodo-tardio-p-ptolemaico-711-30-a-c\/#webpage","url":"https:\/\/ifergangallery.com\/es\/piece\/ushebti-egipcio-de-fayenza-periodo-tardio-p-ptolemaico-711-30-a-c\/","name":"Ushebti egipcio de fayenza, Periodo Tard\u00edo\u2013P. Ptolemaico, 711-30 a. C. &ndash; Ifergan Gallery","isPartOf":{"@id":"https:\/\/ifergangallery.com\/#website"},"primaryImageOfPage":{"@id":"https:\/\/ifergangallery.com\/es\/piece\/ushebti-egipcio-de-fayenza-periodo-tardio-p-ptolemaico-711-30-a-c\/#primaryimage"},"datePublished":"2026-04-14T10:55:27+00:00","dateModified":"2026-04-14T10:55:27+00:00","breadcrumb":{"@id":"https:\/\/ifergangallery.com\/es\/piece\/ushebti-egipcio-de-fayenza-periodo-tardio-p-ptolemaico-711-30-a-c\/#breadcrumb"},"inLanguage":"es","potentialAction":[{"@type":"ReadAction","target":["https:\/\/ifergangallery.com\/es\/piece\/ushebti-egipcio-de-fayenza-periodo-tardio-p-ptolemaico-711-30-a-c\/"]}]},{"@type":"BreadcrumbList","@id":"https:\/\/ifergangallery.com\/es\/piece\/ushebti-egipcio-de-fayenza-periodo-tardio-p-ptolemaico-711-30-a-c\/#breadcrumb","itemListElement":[{"@type":"ListItem","position":1,"name":"Home","item":"https:\/\/ifergangallery.com\/es\/"},{"@type":"ListItem","position":2,"name":"Works of art","item":"https:\/\/ifergangallery.com\/es\/works_of_art\/"},{"@type":"ListItem","position":3,"name":"Ushebti egipcio de fayenza, Periodo Tard\u00edo\u2013P. Ptolemaico, 711-30 a. C."}]}]}},"_links":{"self":[{"href":"https:\/\/ifergangallery.com\/es\/wp-json\/wp\/v2\/product\/16720"}],"collection":[{"href":"https:\/\/ifergangallery.com\/es\/wp-json\/wp\/v2\/product"}],"about":[{"href":"https:\/\/ifergangallery.com\/es\/wp-json\/wp\/v2\/types\/product"}],"replies":[{"embeddable":true,"href":"https:\/\/ifergangallery.com\/es\/wp-json\/wp\/v2\/comments?post=16720"}],"wp:featuredmedia":[{"embeddable":true,"href":"https:\/\/ifergangallery.com\/es\/wp-json\/wp\/v2\/media\/16722"}],"wp:attachment":[{"href":"https:\/\/ifergangallery.com\/es\/wp-json\/wp\/v2\/media?parent=16720"}],"wp:term":[{"taxonomy":"product_cat","embeddable":true,"href":"https:\/\/ifergangallery.com\/es\/wp-json\/wp\/v2\/product_cat?post=16720"},{"taxonomy":"product_tag","embeddable":true,"href":"https:\/\/ifergangallery.com\/es\/wp-json\/wp\/v2\/product_tag?post=16720"}],"curies":[{"name":"wp","href":"https:\/\/api.w.org\/{rel}","templated":true}]}}