{"id":2312,"date":"2021-10-18T13:03:13","date_gmt":"2021-10-18T13:03:13","guid":{"rendered":"https:\/\/snackjerusalem.com\/piece\/relieve-femenino-egipcio-de-piedra-caliza-periodo-romano-s-iii-iv-d-c\/"},"modified":"2025-01-02T11:17:30","modified_gmt":"2025-01-02T11:17:30","slug":"relieve-femenino-egipcio-de-piedra-caliza-periodo-romano-s-iii-iv-d-c","status":"publish","type":"product","link":"https:\/\/ifergangallery.com\/es\/piece\/relieve-femenino-egipcio-de-piedra-caliza-periodo-romano-s-iii-iv-d-c\/","title":{"rendered":"Relieve femenino egipcio de piedra caliza, Per\u00edodo romano, S. III-IV d.C."},"content":{"rendered":"<p style=\"text-align: justify;\">Con la parte superior del torso de una mujer dentro de un nicho profundo, vistiendo una capa pesada sobre sus hombros y cayendo sobre su brazo derecho que sostiene cruzado por su cintura, su cabello apartado de su rostro y atado en un mo\u00f1o alto, con cejas negras , ojos y pesta\u00f1as superiores cortas, orejas prominentes y detalladas, el nicho conserva bandas de decoraci\u00f3n policromada.<\/p>","protected":false},"excerpt":{"rendered":"<p>Con la parte superior del torso de una mujer dentro de un nicho profundo, vistiendo una capa pesada sobre sus hombros y cayendo sobre su brazo derecho que sostiene cruzado por su cintura, su cabello apartado de su rostro y atado en un mo\u00f1o alto, con cejas negras , ojos y pesta\u00f1as superiores cortas, orejas &hellip;<\/p>\n<p class=\"read-more\"> <a class=\"\" href=\"https:\/\/ifergangallery.com\/es\/piece\/relieve-femenino-egipcio-de-piedra-caliza-periodo-romano-s-iii-iv-d-c\/\"> <span class=\"screen-reader-text\">Relieve femenino egipcio de piedra caliza, Per\u00edodo romano, S. III-IV d.C.<\/span> Leer m\u00e1s &raquo;<\/a><\/p>","protected":false},"featured_media":8614,"comment_status":"closed","ping_status":"closed","template":"","meta":{"spay_email":""},"product_cat":[110,499],"product_tag":[209],"yoast_head":"<!-- This site is optimized with the Yoast SEO Premium plugin v17.6 (Yoast SEO v17.6) - https:\/\/yoast.com\/wordpress\/plugins\/seo\/ -->\n<title>Relieve femenino egipcio de piedra caliza, Per\u00edodo romano, S. III-IV d.C. &ndash; Ifergan Gallery<\/title>\n<meta name=\"robots\" content=\"index, follow, max-snippet:-1, max-image-preview:large, max-video-preview:-1\" \/>\n<link rel=\"canonical\" href=\"https:\/\/ifergangallery.com\/es\/piece\/relieve-femenino-egipcio-de-piedra-caliza-periodo-romano-s-iii-iv-d-c\/\" \/>\n<meta property=\"og:locale\" content=\"es_ES\" \/>\n<meta property=\"og:type\" content=\"article\" \/>\n<meta property=\"og:title\" content=\"Relieve femenino egipcio de piedra caliza, Per\u00edodo romano, S. III-IV d.C.\" \/>\n<meta property=\"og:description\" content=\"Con la parte superior del torso de una mujer dentro de un nicho profundo, vistiendo una capa pesada sobre sus hombros y cayendo sobre su brazo derecho que sostiene cruzado por su cintura, su cabello apartado de su rostro y atado en un mo\u00f1o alto, con cejas negras , ojos y pesta\u00f1as superiores cortas, orejas &hellip; Relieve femenino egipcio de piedra caliza, Per\u00edodo romano, S. III-IV d.C. Leer m\u00e1s &raquo;\" \/>\n<meta property=\"og:url\" content=\"https:\/\/ifergangallery.com\/es\/piece\/relieve-femenino-egipcio-de-piedra-caliza-periodo-romano-s-iii-iv-d-c\/\" \/>\n<meta property=\"og:site_name\" content=\"Ifergan Gallery\" \/>\n<meta property=\"article:publisher\" content=\"https:\/\/www.facebook.com\/Ifergancollectionmalaga\" \/>\n<meta property=\"article:modified_time\" content=\"2025-01-02T11:17:30+00:00\" \/>\n<meta property=\"og:image\" content=\"https:\/\/ifergangallery.com\/wp-content\/uploads\/2021\/10\/chr033-4-scaled.jpg\" \/>\n\t<meta property=\"og:image:width\" content=\"2560\" \/>\n\t<meta property=\"og:image:height\" content=\"1707\" \/>\n<meta name=\"twitter:card\" content=\"summary_large_image\" \/>\n<meta name=\"twitter:site\" content=\"@Ifergangallery\" \/>\n<script type=\"application\/ld+json\" class=\"yoast-schema-graph\">{\"@context\":\"https:\/\/schema.org\",\"@graph\":[{\"@type\":\"Organization\",\"@id\":\"https:\/\/ifergangallery.com\/#organization\",\"name\":\"Ifergan Gallery\",\"url\":\"https:\/\/ifergangallery.com\/\",\"sameAs\":[\"https:\/\/www.facebook.com\/Ifergancollectionmalaga\",\"https:\/\/www.instagram.com\/ifergangallery\/\",\"https:\/\/www.youtube.com\/channel\/UC2O2zZ9BJKhbUFOnu_5mE3g\",\"https:\/\/twitter.com\/Ifergangallery\"],\"logo\":{\"@type\":\"ImageObject\",\"@id\":\"https:\/\/ifergangallery.com\/#logo\",\"inLanguage\":\"es\",\"url\":\"https:\/\/ifergangallery.com\/wp-content\/uploads\/2021\/09\/Imagotipo_blanco-e1637271379231.png\",\"contentUrl\":\"https:\/\/ifergangallery.com\/wp-content\/uploads\/2021\/09\/Imagotipo_blanco-e1637271379231.png\",\"width\":1920,\"height\":1065,\"caption\":\"Ifergan Gallery\"},\"image\":{\"@id\":\"https:\/\/ifergangallery.com\/#logo\"}},{\"@type\":\"WebSite\",\"@id\":\"https:\/\/ifergangallery.com\/#website\",\"url\":\"https:\/\/ifergangallery.com\/\",\"name\":\"Ifergan Gallery\",\"description\":\"Ancient Art Gallery\",\"publisher\":{\"@id\":\"https:\/\/ifergangallery.com\/#organization\"},\"potentialAction\":[{\"@type\":\"SearchAction\",\"target\":{\"@type\":\"EntryPoint\",\"urlTemplate\":\"https:\/\/ifergangallery.com\/?s={search_term_string}\"},\"query-input\":\"required name=search_term_string\"}],\"inLanguage\":\"es\"},{\"@type\":\"ImageObject\",\"@id\":\"https:\/\/ifergangallery.com\/es\/piece\/relieve-femenino-egipcio-de-piedra-caliza-periodo-romano-s-iii-iv-d-c\/#primaryimage\",\"inLanguage\":\"es\",\"url\":\"https:\/\/ifergangallery.com\/wp-content\/uploads\/2021\/10\/chr033-4-scaled.jpg\",\"contentUrl\":\"https:\/\/ifergangallery.com\/wp-content\/uploads\/2021\/10\/chr033-4-scaled.jpg\",\"width\":2560,\"height\":1707},{\"@type\":\"WebPage\",\"@id\":\"https:\/\/ifergangallery.com\/es\/piece\/relieve-femenino-egipcio-de-piedra-caliza-periodo-romano-s-iii-iv-d-c\/#webpage\",\"url\":\"https:\/\/ifergangallery.com\/es\/piece\/relieve-femenino-egipcio-de-piedra-caliza-periodo-romano-s-iii-iv-d-c\/\",\"name\":\"Relieve femenino egipcio de piedra caliza, Per\\u00edodo romano, S. III-IV d.C. &ndash; Ifergan Gallery\",\"isPartOf\":{\"@id\":\"https:\/\/ifergangallery.com\/#website\"},\"primaryImageOfPage\":{\"@id\":\"https:\/\/ifergangallery.com\/es\/piece\/relieve-femenino-egipcio-de-piedra-caliza-periodo-romano-s-iii-iv-d-c\/#primaryimage\"},\"datePublished\":\"2021-10-18T13:03:13+00:00\",\"dateModified\":\"2025-01-02T11:17:30+00:00\",\"breadcrumb\":{\"@id\":\"https:\/\/ifergangallery.com\/es\/piece\/relieve-femenino-egipcio-de-piedra-caliza-periodo-romano-s-iii-iv-d-c\/#breadcrumb\"},\"inLanguage\":\"es\",\"potentialAction\":[{\"@type\":\"ReadAction\",\"target\":[\"https:\/\/ifergangallery.com\/es\/piece\/relieve-femenino-egipcio-de-piedra-caliza-periodo-romano-s-iii-iv-d-c\/\"]}]},{\"@type\":\"BreadcrumbList\",\"@id\":\"https:\/\/ifergangallery.com\/es\/piece\/relieve-femenino-egipcio-de-piedra-caliza-periodo-romano-s-iii-iv-d-c\/#breadcrumb\",\"itemListElement\":[{\"@type\":\"ListItem\",\"position\":1,\"name\":\"Home\",\"item\":\"https:\/\/ifergangallery.com\/es\/\"},{\"@type\":\"ListItem\",\"position\":2,\"name\":\"Works of art\",\"item\":\"https:\/\/ifergangallery.com\/es\/works_of_art\/\"},{\"@type\":\"ListItem\",\"position\":3,\"name\":\"Relieve femenino egipcio de piedra caliza, Per\\u00edodo romano, S. III-IV d.C.\"}]}]}<\/script>\n<!-- \/ Yoast SEO Premium plugin. -->","yoast_head_json":{"title":"Relieve femenino egipcio de piedra caliza, Per\u00edodo romano, S. III-IV d.C. &ndash; Ifergan Gallery","robots":{"index":"index","follow":"follow","max-snippet":"max-snippet:-1","max-image-preview":"max-image-preview:large","max-video-preview":"max-video-preview:-1"},"canonical":"https:\/\/ifergangallery.com\/es\/piece\/relieve-femenino-egipcio-de-piedra-caliza-periodo-romano-s-iii-iv-d-c\/","og_locale":"es_ES","og_type":"article","og_title":"Relieve femenino egipcio de piedra caliza, Per\u00edodo romano, S. III-IV d.C.","og_description":"Con la parte superior del torso de una mujer dentro de un nicho profundo, vistiendo una capa pesada sobre sus hombros y cayendo sobre su brazo derecho que sostiene cruzado por su cintura, su cabello apartado de su rostro y atado en un mo\u00f1o alto, con cejas negras , ojos y pesta\u00f1as superiores cortas, orejas &hellip; Relieve femenino egipcio de piedra caliza, Per\u00edodo romano, S. III-IV d.C. Leer m\u00e1s &raquo;","og_url":"https:\/\/ifergangallery.com\/es\/piece\/relieve-femenino-egipcio-de-piedra-caliza-periodo-romano-s-iii-iv-d-c\/","og_site_name":"Ifergan Gallery","article_publisher":"https:\/\/www.facebook.com\/Ifergancollectionmalaga","article_modified_time":"2025-01-02T11:17:30+00:00","og_image":[{"width":2560,"height":1707,"url":"https:\/\/ifergangallery.com\/wp-content\/uploads\/2021\/10\/chr033-4-scaled.jpg","type":"image\/jpeg"}],"twitter_card":"summary_large_image","twitter_site":"@Ifergangallery","schema":{"@context":"https:\/\/schema.org","@graph":[{"@type":"Organization","@id":"https:\/\/ifergangallery.com\/#organization","name":"Ifergan Gallery","url":"https:\/\/ifergangallery.com\/","sameAs":["https:\/\/www.facebook.com\/Ifergancollectionmalaga","https:\/\/www.instagram.com\/ifergangallery\/","https:\/\/www.youtube.com\/channel\/UC2O2zZ9BJKhbUFOnu_5mE3g","https:\/\/twitter.com\/Ifergangallery"],"logo":{"@type":"ImageObject","@id":"https:\/\/ifergangallery.com\/#logo","inLanguage":"es","url":"https:\/\/ifergangallery.com\/wp-content\/uploads\/2021\/09\/Imagotipo_blanco-e1637271379231.png","contentUrl":"https:\/\/ifergangallery.com\/wp-content\/uploads\/2021\/09\/Imagotipo_blanco-e1637271379231.png","width":1920,"height":1065,"caption":"Ifergan Gallery"},"image":{"@id":"https:\/\/ifergangallery.com\/#logo"}},{"@type":"WebSite","@id":"https:\/\/ifergangallery.com\/#website","url":"https:\/\/ifergangallery.com\/","name":"Ifergan Gallery","description":"Ancient Art Gallery","publisher":{"@id":"https:\/\/ifergangallery.com\/#organization"},"potentialAction":[{"@type":"SearchAction","target":{"@type":"EntryPoint","urlTemplate":"https:\/\/ifergangallery.com\/?s={search_term_string}"},"query-input":"required name=search_term_string"}],"inLanguage":"es"},{"@type":"ImageObject","@id":"https:\/\/ifergangallery.com\/es\/piece\/relieve-femenino-egipcio-de-piedra-caliza-periodo-romano-s-iii-iv-d-c\/#primaryimage","inLanguage":"es","url":"https:\/\/ifergangallery.com\/wp-content\/uploads\/2021\/10\/chr033-4-scaled.jpg","contentUrl":"https:\/\/ifergangallery.com\/wp-content\/uploads\/2021\/10\/chr033-4-scaled.jpg","width":2560,"height":1707},{"@type":"WebPage","@id":"https:\/\/ifergangallery.com\/es\/piece\/relieve-femenino-egipcio-de-piedra-caliza-periodo-romano-s-iii-iv-d-c\/#webpage","url":"https:\/\/ifergangallery.com\/es\/piece\/relieve-femenino-egipcio-de-piedra-caliza-periodo-romano-s-iii-iv-d-c\/","name":"Relieve femenino egipcio de piedra caliza, Per\u00edodo romano, S. III-IV d.C. &ndash; Ifergan Gallery","isPartOf":{"@id":"https:\/\/ifergangallery.com\/#website"},"primaryImageOfPage":{"@id":"https:\/\/ifergangallery.com\/es\/piece\/relieve-femenino-egipcio-de-piedra-caliza-periodo-romano-s-iii-iv-d-c\/#primaryimage"},"datePublished":"2021-10-18T13:03:13+00:00","dateModified":"2025-01-02T11:17:30+00:00","breadcrumb":{"@id":"https:\/\/ifergangallery.com\/es\/piece\/relieve-femenino-egipcio-de-piedra-caliza-periodo-romano-s-iii-iv-d-c\/#breadcrumb"},"inLanguage":"es","potentialAction":[{"@type":"ReadAction","target":["https:\/\/ifergangallery.com\/es\/piece\/relieve-femenino-egipcio-de-piedra-caliza-periodo-romano-s-iii-iv-d-c\/"]}]},{"@type":"BreadcrumbList","@id":"https:\/\/ifergangallery.com\/es\/piece\/relieve-femenino-egipcio-de-piedra-caliza-periodo-romano-s-iii-iv-d-c\/#breadcrumb","itemListElement":[{"@type":"ListItem","position":1,"name":"Home","item":"https:\/\/ifergangallery.com\/es\/"},{"@type":"ListItem","position":2,"name":"Works of art","item":"https:\/\/ifergangallery.com\/es\/works_of_art\/"},{"@type":"ListItem","position":3,"name":"Relieve femenino egipcio de piedra caliza, Per\u00edodo romano, S. III-IV d.C."}]}]}},"_links":{"self":[{"href":"https:\/\/ifergangallery.com\/es\/wp-json\/wp\/v2\/product\/2312"}],"collection":[{"href":"https:\/\/ifergangallery.com\/es\/wp-json\/wp\/v2\/product"}],"about":[{"href":"https:\/\/ifergangallery.com\/es\/wp-json\/wp\/v2\/types\/product"}],"replies":[{"embeddable":true,"href":"https:\/\/ifergangallery.com\/es\/wp-json\/wp\/v2\/comments?post=2312"}],"wp:featuredmedia":[{"embeddable":true,"href":"https:\/\/ifergangallery.com\/es\/wp-json\/wp\/v2\/media\/8614"}],"wp:attachment":[{"href":"https:\/\/ifergangallery.com\/es\/wp-json\/wp\/v2\/media?parent=2312"}],"wp:term":[{"taxonomy":"product_cat","embeddable":true,"href":"https:\/\/ifergangallery.com\/es\/wp-json\/wp\/v2\/product_cat?post=2312"},{"taxonomy":"product_tag","embeddable":true,"href":"https:\/\/ifergangallery.com\/es\/wp-json\/wp\/v2\/product_tag?post=2312"}],"curies":[{"name":"wp","href":"https:\/\/api.w.org\/{rel}","templated":true}]}}