{"id":2320,"date":"2021-10-18T13:04:07","date_gmt":"2021-10-18T13:04:07","guid":{"rendered":"https:\/\/snackjerusalem.com\/piece\/estela-de-palmira-con-cuatro-bustos-con-epigrafia-griega-en-piedra-caliza-s-ii-d-c\/"},"modified":"2022-12-01T09:14:18","modified_gmt":"2022-12-01T09:14:18","slug":"estela-de-palmira-con-cuatro-bustos-con-epigrafia-griega-en-piedra-caliza-s-ii-d-c","status":"publish","type":"product","link":"https:\/\/ifergangallery.com\/es\/piece\/estela-de-palmira-con-cuatro-bustos-con-epigrafia-griega-en-piedra-caliza-s-ii-d-c\/","title":{"rendered":"Estela de palmira con cuatro bustos con epigraf\u00eda griega en piedra caliza, S. II d.C."},"content":{"rendered":"<p>Esta estela funeraria presenta una fuerte influencia romana por tres motivos. En primer lugar, la composici\u00f3n cuadrada dividida en dos registros, con dos bustos masculinos en la parte superior y uno femenino y otro masculino en la parte inferior, pone de manifiesto una clara influencia en las estelas funerarias del \u00e1mbito romano. En segundo lugar, el estilo es cl\u00e1sico mediante un altorrelieve tallado con t\u00e9cnica romana y donde los rostros se convierten en aut\u00e9nticos retratos al puro estilo romano. Finalmente, las t\u00fanicas y togas que visten los representados siguen la moda del imperio. Esta obra pone de manifiesto que, a pesar de la desvinculaci\u00f3n que llev\u00f3 a cabo Palmira, el estilo art\u00edstico se encuentran fuertemente arraigado en la base estil\u00edstica romana.<\/p>\n<p>El Imperio de Palmira, ubicado en la actual Siria, surge en el siglo III d.C. como una escisi\u00f3n del Imperio Romano, cuando la reina de Palmira, Zenobia, busc\u00f3 una desconexi\u00f3n de Roma aprovechando el vac\u00edo de poder que hab\u00eda dejado en Oriente. Las \u00e9lites locales aceptaron el control de Palmira por parte de Zenobia debido a que estaba comprometida a defender sus intereses comerciales. La posici\u00f3n geogr\u00e1fica de la ciudad le confiri\u00f3 un estatus privilegiado en relaciones comerciales entre Oriente y Occidente, ya que se erigi\u00f3 como el punto clave del comercio de caravanas y de intercambio de productos de lujo participando como enclave en la Ruta de la Seda.<\/p>","protected":false},"excerpt":{"rendered":"<p>Esta estela funeraria presenta una fuerte influencia romana por tres motivos. En primer lugar, la composici\u00f3n cuadrada dividida en dos registros, con dos bustos masculinos en la parte superior y uno femenino y otro masculino en la parte inferior, pone de manifiesto una clara influencia en las estelas funerarias del \u00e1mbito romano. En segundo lugar, &hellip;<\/p>\n<p class=\"read-more\"> <a class=\"\" href=\"https:\/\/ifergangallery.com\/es\/piece\/estela-de-palmira-con-cuatro-bustos-con-epigrafia-griega-en-piedra-caliza-s-ii-d-c\/\"> <span class=\"screen-reader-text\">Estela de palmira con cuatro bustos con epigraf\u00eda griega en piedra caliza, S. II d.C.<\/span> Leer m\u00e1s &raquo;<\/a><\/p>","protected":false},"featured_media":11597,"comment_status":"closed","ping_status":"closed","template":"","meta":{"spay_email":""},"product_cat":[112],"product_tag":[215,209,216],"yoast_head":"<!-- This site is optimized with the Yoast SEO Premium plugin v17.6 (Yoast SEO v17.6) - https:\/\/yoast.com\/wordpress\/plugins\/seo\/ -->\n<title>Estela de palmira con cuatro bustos con epigraf\u00eda griega en piedra caliza, S. II d.C. &ndash; Ifergan Gallery<\/title>\n<meta name=\"robots\" content=\"index, follow, max-snippet:-1, max-image-preview:large, max-video-preview:-1\" \/>\n<link rel=\"canonical\" href=\"https:\/\/ifergangallery.com\/es\/piece\/estela-de-palmira-con-cuatro-bustos-con-epigrafia-griega-en-piedra-caliza-s-ii-d-c\/\" \/>\n<meta property=\"og:locale\" content=\"es_ES\" \/>\n<meta property=\"og:type\" content=\"article\" \/>\n<meta property=\"og:title\" content=\"Estela de palmira con cuatro bustos con epigraf\u00eda griega en piedra caliza, S. II d.C.\" \/>\n<meta property=\"og:description\" content=\"Esta estela funeraria presenta una fuerte influencia romana por tres motivos. En primer lugar, la composici\u00f3n cuadrada dividida en dos registros, con dos bustos masculinos en la parte superior y uno femenino y otro masculino en la parte inferior, pone de manifiesto una clara influencia en las estelas funerarias del \u00e1mbito romano. En segundo lugar, &hellip; Estela de palmira con cuatro bustos con epigraf\u00eda griega en piedra caliza, S. II d.C. Leer m\u00e1s &raquo;\" \/>\n<meta property=\"og:url\" content=\"https:\/\/ifergangallery.com\/es\/piece\/estela-de-palmira-con-cuatro-bustos-con-epigrafia-griega-en-piedra-caliza-s-ii-d-c\/\" \/>\n<meta property=\"og:site_name\" content=\"Ifergan Gallery\" \/>\n<meta property=\"article:publisher\" content=\"https:\/\/www.facebook.com\/Ifergancollectionmalaga\" \/>\n<meta property=\"article:modified_time\" content=\"2022-12-01T09:14:18+00:00\" \/>\n<meta property=\"og:image\" content=\"https:\/\/ifergangallery.com\/wp-content\/uploads\/2021\/10\/jvi008-1-1-scaled.jpg\" \/>\n\t<meta property=\"og:image:width\" content=\"2560\" \/>\n\t<meta property=\"og:image:height\" content=\"2560\" \/>\n<meta name=\"twitter:card\" content=\"summary_large_image\" \/>\n<meta name=\"twitter:site\" content=\"@Ifergangallery\" \/>\n<meta name=\"twitter:label1\" content=\"Tiempo de lectura\" \/>\n\t<meta name=\"twitter:data1\" content=\"1 minuto\" \/>\n<script type=\"application\/ld+json\" class=\"yoast-schema-graph\">{\"@context\":\"https:\/\/schema.org\",\"@graph\":[{\"@type\":\"Organization\",\"@id\":\"https:\/\/ifergangallery.com\/#organization\",\"name\":\"Ifergan Gallery\",\"url\":\"https:\/\/ifergangallery.com\/\",\"sameAs\":[\"https:\/\/www.facebook.com\/Ifergancollectionmalaga\",\"https:\/\/www.instagram.com\/ifergangallery\/\",\"https:\/\/www.youtube.com\/channel\/UC2O2zZ9BJKhbUFOnu_5mE3g\",\"https:\/\/twitter.com\/Ifergangallery\"],\"logo\":{\"@type\":\"ImageObject\",\"@id\":\"https:\/\/ifergangallery.com\/#logo\",\"inLanguage\":\"es\",\"url\":\"https:\/\/ifergangallery.com\/wp-content\/uploads\/2021\/09\/Imagotipo_blanco-e1637271379231.png\",\"contentUrl\":\"https:\/\/ifergangallery.com\/wp-content\/uploads\/2021\/09\/Imagotipo_blanco-e1637271379231.png\",\"width\":1920,\"height\":1065,\"caption\":\"Ifergan Gallery\"},\"image\":{\"@id\":\"https:\/\/ifergangallery.com\/#logo\"}},{\"@type\":\"WebSite\",\"@id\":\"https:\/\/ifergangallery.com\/#website\",\"url\":\"https:\/\/ifergangallery.com\/\",\"name\":\"Ifergan Gallery\",\"description\":\"Ancient Art Gallery\",\"publisher\":{\"@id\":\"https:\/\/ifergangallery.com\/#organization\"},\"potentialAction\":[{\"@type\":\"SearchAction\",\"target\":{\"@type\":\"EntryPoint\",\"urlTemplate\":\"https:\/\/ifergangallery.com\/?s={search_term_string}\"},\"query-input\":\"required name=search_term_string\"}],\"inLanguage\":\"es\"},{\"@type\":\"ImageObject\",\"@id\":\"https:\/\/ifergangallery.com\/es\/piece\/estela-de-palmira-con-cuatro-bustos-con-epigrafia-griega-en-piedra-caliza-s-ii-d-c\/#primaryimage\",\"inLanguage\":\"es\",\"url\":\"https:\/\/ifergangallery.com\/wp-content\/uploads\/2021\/10\/jvi008-1-1-scaled.jpg\",\"contentUrl\":\"https:\/\/ifergangallery.com\/wp-content\/uploads\/2021\/10\/jvi008-1-1-scaled.jpg\",\"width\":2560,\"height\":2560},{\"@type\":\"WebPage\",\"@id\":\"https:\/\/ifergangallery.com\/es\/piece\/estela-de-palmira-con-cuatro-bustos-con-epigrafia-griega-en-piedra-caliza-s-ii-d-c\/#webpage\",\"url\":\"https:\/\/ifergangallery.com\/es\/piece\/estela-de-palmira-con-cuatro-bustos-con-epigrafia-griega-en-piedra-caliza-s-ii-d-c\/\",\"name\":\"Estela de palmira con cuatro bustos con epigraf\\u00eda griega en piedra caliza, S. II d.C. &ndash; Ifergan Gallery\",\"isPartOf\":{\"@id\":\"https:\/\/ifergangallery.com\/#website\"},\"primaryImageOfPage\":{\"@id\":\"https:\/\/ifergangallery.com\/es\/piece\/estela-de-palmira-con-cuatro-bustos-con-epigrafia-griega-en-piedra-caliza-s-ii-d-c\/#primaryimage\"},\"datePublished\":\"2021-10-18T13:04:07+00:00\",\"dateModified\":\"2022-12-01T09:14:18+00:00\",\"breadcrumb\":{\"@id\":\"https:\/\/ifergangallery.com\/es\/piece\/estela-de-palmira-con-cuatro-bustos-con-epigrafia-griega-en-piedra-caliza-s-ii-d-c\/#breadcrumb\"},\"inLanguage\":\"es\",\"potentialAction\":[{\"@type\":\"ReadAction\",\"target\":[\"https:\/\/ifergangallery.com\/es\/piece\/estela-de-palmira-con-cuatro-bustos-con-epigrafia-griega-en-piedra-caliza-s-ii-d-c\/\"]}]},{\"@type\":\"BreadcrumbList\",\"@id\":\"https:\/\/ifergangallery.com\/es\/piece\/estela-de-palmira-con-cuatro-bustos-con-epigrafia-griega-en-piedra-caliza-s-ii-d-c\/#breadcrumb\",\"itemListElement\":[{\"@type\":\"ListItem\",\"position\":1,\"name\":\"Home\",\"item\":\"https:\/\/ifergangallery.com\/es\/\"},{\"@type\":\"ListItem\",\"position\":2,\"name\":\"Works of art\",\"item\":\"https:\/\/ifergangallery.com\/es\/works_of_art\/\"},{\"@type\":\"ListItem\",\"position\":3,\"name\":\"Estela de palmira con cuatro bustos con epigraf\\u00eda griega en piedra caliza, S. II d.C.\"}]}]}<\/script>\n<!-- \/ Yoast SEO Premium plugin. -->","yoast_head_json":{"title":"Estela de palmira con cuatro bustos con epigraf\u00eda griega en piedra caliza, S. II d.C. &ndash; Ifergan Gallery","robots":{"index":"index","follow":"follow","max-snippet":"max-snippet:-1","max-image-preview":"max-image-preview:large","max-video-preview":"max-video-preview:-1"},"canonical":"https:\/\/ifergangallery.com\/es\/piece\/estela-de-palmira-con-cuatro-bustos-con-epigrafia-griega-en-piedra-caliza-s-ii-d-c\/","og_locale":"es_ES","og_type":"article","og_title":"Estela de palmira con cuatro bustos con epigraf\u00eda griega en piedra caliza, S. II d.C.","og_description":"Esta estela funeraria presenta una fuerte influencia romana por tres motivos. En primer lugar, la composici\u00f3n cuadrada dividida en dos registros, con dos bustos masculinos en la parte superior y uno femenino y otro masculino en la parte inferior, pone de manifiesto una clara influencia en las estelas funerarias del \u00e1mbito romano. En segundo lugar, &hellip; Estela de palmira con cuatro bustos con epigraf\u00eda griega en piedra caliza, S. II d.C. Leer m\u00e1s &raquo;","og_url":"https:\/\/ifergangallery.com\/es\/piece\/estela-de-palmira-con-cuatro-bustos-con-epigrafia-griega-en-piedra-caliza-s-ii-d-c\/","og_site_name":"Ifergan Gallery","article_publisher":"https:\/\/www.facebook.com\/Ifergancollectionmalaga","article_modified_time":"2022-12-01T09:14:18+00:00","og_image":[{"width":2560,"height":2560,"url":"https:\/\/ifergangallery.com\/wp-content\/uploads\/2021\/10\/jvi008-1-1-scaled.jpg","type":"image\/jpeg"}],"twitter_card":"summary_large_image","twitter_site":"@Ifergangallery","twitter_misc":{"Tiempo de lectura":"1 minuto"},"schema":{"@context":"https:\/\/schema.org","@graph":[{"@type":"Organization","@id":"https:\/\/ifergangallery.com\/#organization","name":"Ifergan Gallery","url":"https:\/\/ifergangallery.com\/","sameAs":["https:\/\/www.facebook.com\/Ifergancollectionmalaga","https:\/\/www.instagram.com\/ifergangallery\/","https:\/\/www.youtube.com\/channel\/UC2O2zZ9BJKhbUFOnu_5mE3g","https:\/\/twitter.com\/Ifergangallery"],"logo":{"@type":"ImageObject","@id":"https:\/\/ifergangallery.com\/#logo","inLanguage":"es","url":"https:\/\/ifergangallery.com\/wp-content\/uploads\/2021\/09\/Imagotipo_blanco-e1637271379231.png","contentUrl":"https:\/\/ifergangallery.com\/wp-content\/uploads\/2021\/09\/Imagotipo_blanco-e1637271379231.png","width":1920,"height":1065,"caption":"Ifergan Gallery"},"image":{"@id":"https:\/\/ifergangallery.com\/#logo"}},{"@type":"WebSite","@id":"https:\/\/ifergangallery.com\/#website","url":"https:\/\/ifergangallery.com\/","name":"Ifergan Gallery","description":"Ancient Art Gallery","publisher":{"@id":"https:\/\/ifergangallery.com\/#organization"},"potentialAction":[{"@type":"SearchAction","target":{"@type":"EntryPoint","urlTemplate":"https:\/\/ifergangallery.com\/?s={search_term_string}"},"query-input":"required name=search_term_string"}],"inLanguage":"es"},{"@type":"ImageObject","@id":"https:\/\/ifergangallery.com\/es\/piece\/estela-de-palmira-con-cuatro-bustos-con-epigrafia-griega-en-piedra-caliza-s-ii-d-c\/#primaryimage","inLanguage":"es","url":"https:\/\/ifergangallery.com\/wp-content\/uploads\/2021\/10\/jvi008-1-1-scaled.jpg","contentUrl":"https:\/\/ifergangallery.com\/wp-content\/uploads\/2021\/10\/jvi008-1-1-scaled.jpg","width":2560,"height":2560},{"@type":"WebPage","@id":"https:\/\/ifergangallery.com\/es\/piece\/estela-de-palmira-con-cuatro-bustos-con-epigrafia-griega-en-piedra-caliza-s-ii-d-c\/#webpage","url":"https:\/\/ifergangallery.com\/es\/piece\/estela-de-palmira-con-cuatro-bustos-con-epigrafia-griega-en-piedra-caliza-s-ii-d-c\/","name":"Estela de palmira con cuatro bustos con epigraf\u00eda griega en piedra caliza, S. II d.C. &ndash; Ifergan Gallery","isPartOf":{"@id":"https:\/\/ifergangallery.com\/#website"},"primaryImageOfPage":{"@id":"https:\/\/ifergangallery.com\/es\/piece\/estela-de-palmira-con-cuatro-bustos-con-epigrafia-griega-en-piedra-caliza-s-ii-d-c\/#primaryimage"},"datePublished":"2021-10-18T13:04:07+00:00","dateModified":"2022-12-01T09:14:18+00:00","breadcrumb":{"@id":"https:\/\/ifergangallery.com\/es\/piece\/estela-de-palmira-con-cuatro-bustos-con-epigrafia-griega-en-piedra-caliza-s-ii-d-c\/#breadcrumb"},"inLanguage":"es","potentialAction":[{"@type":"ReadAction","target":["https:\/\/ifergangallery.com\/es\/piece\/estela-de-palmira-con-cuatro-bustos-con-epigrafia-griega-en-piedra-caliza-s-ii-d-c\/"]}]},{"@type":"BreadcrumbList","@id":"https:\/\/ifergangallery.com\/es\/piece\/estela-de-palmira-con-cuatro-bustos-con-epigrafia-griega-en-piedra-caliza-s-ii-d-c\/#breadcrumb","itemListElement":[{"@type":"ListItem","position":1,"name":"Home","item":"https:\/\/ifergangallery.com\/es\/"},{"@type":"ListItem","position":2,"name":"Works of art","item":"https:\/\/ifergangallery.com\/es\/works_of_art\/"},{"@type":"ListItem","position":3,"name":"Estela de palmira con cuatro bustos con epigraf\u00eda griega en piedra caliza, S. II d.C."}]}]}},"_links":{"self":[{"href":"https:\/\/ifergangallery.com\/es\/wp-json\/wp\/v2\/product\/2320"}],"collection":[{"href":"https:\/\/ifergangallery.com\/es\/wp-json\/wp\/v2\/product"}],"about":[{"href":"https:\/\/ifergangallery.com\/es\/wp-json\/wp\/v2\/types\/product"}],"replies":[{"embeddable":true,"href":"https:\/\/ifergangallery.com\/es\/wp-json\/wp\/v2\/comments?post=2320"}],"wp:featuredmedia":[{"embeddable":true,"href":"https:\/\/ifergangallery.com\/es\/wp-json\/wp\/v2\/media\/11597"}],"wp:attachment":[{"href":"https:\/\/ifergangallery.com\/es\/wp-json\/wp\/v2\/media?parent=2320"}],"wp:term":[{"taxonomy":"product_cat","embeddable":true,"href":"https:\/\/ifergangallery.com\/es\/wp-json\/wp\/v2\/product_cat?post=2320"},{"taxonomy":"product_tag","embeddable":true,"href":"https:\/\/ifergangallery.com\/es\/wp-json\/wp\/v2\/product_tag?post=2320"}],"curies":[{"name":"wp","href":"https:\/\/api.w.org\/{rel}","templated":true}]}}