{"id":2355,"date":"2021-10-18T13:55:08","date_gmt":"2021-10-18T13:55:08","guid":{"rendered":"https:\/\/snackjerusalem.com\/piece\/cabeza-de-sacerdote-en-piedra-caliza-palmira-s-ii-iii-d-c\/"},"modified":"2024-11-15T13:35:55","modified_gmt":"2024-11-15T13:35:55","slug":"cabeza-de-sacerdote-en-piedra-caliza-palmira-s-ii-iii-d-c","status":"publish","type":"product","link":"https:\/\/ifergangallery.com\/es\/piece\/cabeza-de-sacerdote-en-piedra-caliza-palmira-s-ii-iii-d-c\/","title":{"rendered":"Cabeza de sacerdote en piedra caliza, Palmira, S. II-III d.C"},"content":{"rendered":"<p>Este busto funerario es un ejemplo superlativo del arte de Palmira e irradia la nobleza de un hombre de gran estima. Por su est\u00e9tica cl\u00e1sica, puede deducirse que el sacerdote pertenec\u00eda a la tradici\u00f3n religiosa hel\u00e9nica. Con su ment\u00f3n cuadrado y su exquisita simetr\u00eda facial, el apuesto sacerdote personifica las proporciones idealizadas de los griegos. Posee un alto tocado cil\u00edndrico con dos surcos verticales, un rostro con la nariz torcida hacia abajo, un ment\u00f3n cuadrado y orejas prominentes, cejas arqueadas bien definidas y ojos con gruesos p\u00e1rpados.<\/p>\n<p>En la periferia oriental del Imperio Romano, la antigua ciudad de Palmira era una puerta que un\u00eda el mundo occidental con los lujos de Oriente. Para los antiguos habitantes de este \u00e1rido reino, Palmira era conocida simplemente como la Novia del Desierto, y durante siglos intr\u00e9pidos mercaderes pasaron por este oasis en busca de alivio del sol del desierto. La Biblia hebrea atribuye la ciudad al rey Salom\u00f3n, aunque antiguos registros marianos mencionan Palmira del segundo milenio a.C. Bajo el voluble reinado de los sel\u00e9ucidas, la ciudad experiment\u00f3 los placeres de la civilizaci\u00f3n hel\u00e9nica, que continuaron 300 a\u00f1os despu\u00e9s, cuando en el siglo I d.C. Tiberio incorpor\u00f3 Siria al Imperio Romano. De los romanos, la ciudad pas\u00f3 a Bizancio antes de caer en manos de los ej\u00e9rcitos de Mahoma y ser abandonada hacia el a\u00f1o 800 d.C.<\/p>\n<p>En su apogeo, Palmira fue un elegante s\u00edmbolo de la grandeza imperial. El comercio trajo riqueza, poder y esplendor a esta ciudad del desierto, transformando Palmira en una metr\u00f3polis de piedra caliza que ha legado una rica y abundante fuente de restos arqueol\u00f3gicos que reflejan la larga historia imperial de la ciudad.<\/p>\n<p>Los habitantes de Palmira son famosos por la construcci\u00f3n de colosales monumentos funerarios construidos por encima y por debajo del suelo del desierto. Los compartimentos funerarios estaban sellados con losas de piedra caliza decoradas con magn\u00edficos bustos en altorrelieve que representaban el alma del difunto.<\/p>\n<p>&nbsp;<\/p>\n<p style=\"text-align: justify;\">","protected":false},"excerpt":{"rendered":"<p>Este busto funerario es un ejemplo superlativo del arte de Palmira e irradia la nobleza de un hombre de gran estima. Por su est\u00e9tica cl\u00e1sica, puede deducirse que el sacerdote pertenec\u00eda a la tradici\u00f3n religiosa hel\u00e9nica. Con su ment\u00f3n cuadrado y su exquisita simetr\u00eda facial, el apuesto sacerdote personifica las proporciones idealizadas de los griegos. &hellip;<\/p>\n<p class=\"read-more\"> <a class=\"\" href=\"https:\/\/ifergangallery.com\/es\/piece\/cabeza-de-sacerdote-en-piedra-caliza-palmira-s-ii-iii-d-c\/\"> <span class=\"screen-reader-text\">Cabeza de sacerdote en piedra caliza, Palmira, S. II-III d.C<\/span> Leer m\u00e1s &raquo;<\/a><\/p>","protected":false},"featured_media":14771,"comment_status":"closed","ping_status":"closed","template":"","meta":{"spay_email":""},"product_cat":[811,112],"product_tag":[793,769,442],"yoast_head":"<!-- This site is optimized with the Yoast SEO Premium plugin v17.6 (Yoast SEO v17.6) - https:\/\/yoast.com\/wordpress\/plugins\/seo\/ -->\n<title>Cabeza de sacerdote en piedra caliza, Palmira, S. II-III d.C &ndash; Ifergan Gallery<\/title>\n<meta name=\"robots\" content=\"index, follow, max-snippet:-1, max-image-preview:large, max-video-preview:-1\" \/>\n<link rel=\"canonical\" href=\"https:\/\/ifergangallery.com\/es\/piece\/cabeza-de-sacerdote-en-piedra-caliza-palmira-s-ii-iii-d-c\/\" \/>\n<meta property=\"og:locale\" content=\"es_ES\" \/>\n<meta property=\"og:type\" content=\"article\" \/>\n<meta property=\"og:title\" content=\"Cabeza de sacerdote en piedra caliza, Palmira, S. II-III d.C\" \/>\n<meta property=\"og:description\" content=\"Este busto funerario es un ejemplo superlativo del arte de Palmira e irradia la nobleza de un hombre de gran estima. Por su est\u00e9tica cl\u00e1sica, puede deducirse que el sacerdote pertenec\u00eda a la tradici\u00f3n religiosa hel\u00e9nica. Con su ment\u00f3n cuadrado y su exquisita simetr\u00eda facial, el apuesto sacerdote personifica las proporciones idealizadas de los griegos. &hellip; Cabeza de sacerdote en piedra caliza, Palmira, S. II-III d.C Leer m\u00e1s &raquo;\" \/>\n<meta property=\"og:url\" content=\"https:\/\/ifergangallery.com\/es\/piece\/cabeza-de-sacerdote-en-piedra-caliza-palmira-s-ii-iii-d-c\/\" \/>\n<meta property=\"og:site_name\" content=\"Ifergan Gallery\" \/>\n<meta property=\"article:publisher\" content=\"https:\/\/www.facebook.com\/Ifergancollectionmalaga\" \/>\n<meta property=\"article:modified_time\" content=\"2024-11-15T13:35:55+00:00\" \/>\n<meta property=\"og:image\" content=\"https:\/\/ifergangallery.com\/wp-content\/uploads\/2021\/10\/jvi005-2-3.jpg\" \/>\n\t<meta property=\"og:image:width\" content=\"2048\" \/>\n\t<meta property=\"og:image:height\" content=\"2048\" \/>\n<meta name=\"twitter:card\" content=\"summary_large_image\" \/>\n<meta name=\"twitter:site\" content=\"@Ifergangallery\" \/>\n<meta name=\"twitter:label1\" content=\"Tiempo de lectura\" \/>\n\t<meta name=\"twitter:data1\" content=\"1 minuto\" \/>\n<script type=\"application\/ld+json\" class=\"yoast-schema-graph\">{\"@context\":\"https:\/\/schema.org\",\"@graph\":[{\"@type\":\"Organization\",\"@id\":\"https:\/\/ifergangallery.com\/#organization\",\"name\":\"Ifergan Gallery\",\"url\":\"https:\/\/ifergangallery.com\/\",\"sameAs\":[\"https:\/\/www.facebook.com\/Ifergancollectionmalaga\",\"https:\/\/www.instagram.com\/ifergangallery\/\",\"https:\/\/www.youtube.com\/channel\/UC2O2zZ9BJKhbUFOnu_5mE3g\",\"https:\/\/twitter.com\/Ifergangallery\"],\"logo\":{\"@type\":\"ImageObject\",\"@id\":\"https:\/\/ifergangallery.com\/#logo\",\"inLanguage\":\"es\",\"url\":\"https:\/\/ifergangallery.com\/wp-content\/uploads\/2021\/09\/Imagotipo_blanco-e1637271379231.png\",\"contentUrl\":\"https:\/\/ifergangallery.com\/wp-content\/uploads\/2021\/09\/Imagotipo_blanco-e1637271379231.png\",\"width\":1920,\"height\":1065,\"caption\":\"Ifergan Gallery\"},\"image\":{\"@id\":\"https:\/\/ifergangallery.com\/#logo\"}},{\"@type\":\"WebSite\",\"@id\":\"https:\/\/ifergangallery.com\/#website\",\"url\":\"https:\/\/ifergangallery.com\/\",\"name\":\"Ifergan Gallery\",\"description\":\"Ancient Art Gallery\",\"publisher\":{\"@id\":\"https:\/\/ifergangallery.com\/#organization\"},\"potentialAction\":[{\"@type\":\"SearchAction\",\"target\":{\"@type\":\"EntryPoint\",\"urlTemplate\":\"https:\/\/ifergangallery.com\/?s={search_term_string}\"},\"query-input\":\"required name=search_term_string\"}],\"inLanguage\":\"es\"},{\"@type\":\"ImageObject\",\"@id\":\"https:\/\/ifergangallery.com\/es\/piece\/cabeza-de-sacerdote-en-piedra-caliza-palmira-s-ii-iii-d-c\/#primaryimage\",\"inLanguage\":\"es\",\"url\":\"https:\/\/ifergangallery.com\/wp-content\/uploads\/2021\/10\/jvi005-2-3.jpg\",\"contentUrl\":\"https:\/\/ifergangallery.com\/wp-content\/uploads\/2021\/10\/jvi005-2-3.jpg\",\"width\":2048,\"height\":2048},{\"@type\":\"WebPage\",\"@id\":\"https:\/\/ifergangallery.com\/es\/piece\/cabeza-de-sacerdote-en-piedra-caliza-palmira-s-ii-iii-d-c\/#webpage\",\"url\":\"https:\/\/ifergangallery.com\/es\/piece\/cabeza-de-sacerdote-en-piedra-caliza-palmira-s-ii-iii-d-c\/\",\"name\":\"Cabeza de sacerdote en piedra caliza, Palmira, S. II-III d.C &ndash; Ifergan Gallery\",\"isPartOf\":{\"@id\":\"https:\/\/ifergangallery.com\/#website\"},\"primaryImageOfPage\":{\"@id\":\"https:\/\/ifergangallery.com\/es\/piece\/cabeza-de-sacerdote-en-piedra-caliza-palmira-s-ii-iii-d-c\/#primaryimage\"},\"datePublished\":\"2021-10-18T13:55:08+00:00\",\"dateModified\":\"2024-11-15T13:35:55+00:00\",\"breadcrumb\":{\"@id\":\"https:\/\/ifergangallery.com\/es\/piece\/cabeza-de-sacerdote-en-piedra-caliza-palmira-s-ii-iii-d-c\/#breadcrumb\"},\"inLanguage\":\"es\",\"potentialAction\":[{\"@type\":\"ReadAction\",\"target\":[\"https:\/\/ifergangallery.com\/es\/piece\/cabeza-de-sacerdote-en-piedra-caliza-palmira-s-ii-iii-d-c\/\"]}]},{\"@type\":\"BreadcrumbList\",\"@id\":\"https:\/\/ifergangallery.com\/es\/piece\/cabeza-de-sacerdote-en-piedra-caliza-palmira-s-ii-iii-d-c\/#breadcrumb\",\"itemListElement\":[{\"@type\":\"ListItem\",\"position\":1,\"name\":\"Home\",\"item\":\"https:\/\/ifergangallery.com\/es\/\"},{\"@type\":\"ListItem\",\"position\":2,\"name\":\"Works of art\",\"item\":\"https:\/\/ifergangallery.com\/es\/works_of_art\/\"},{\"@type\":\"ListItem\",\"position\":3,\"name\":\"Cabeza de sacerdote en piedra caliza, Palmira, S. II-III d.C\"}]}]}<\/script>\n<!-- \/ Yoast SEO Premium plugin. -->","yoast_head_json":{"title":"Cabeza de sacerdote en piedra caliza, Palmira, S. II-III d.C &ndash; Ifergan Gallery","robots":{"index":"index","follow":"follow","max-snippet":"max-snippet:-1","max-image-preview":"max-image-preview:large","max-video-preview":"max-video-preview:-1"},"canonical":"https:\/\/ifergangallery.com\/es\/piece\/cabeza-de-sacerdote-en-piedra-caliza-palmira-s-ii-iii-d-c\/","og_locale":"es_ES","og_type":"article","og_title":"Cabeza de sacerdote en piedra caliza, Palmira, S. II-III d.C","og_description":"Este busto funerario es un ejemplo superlativo del arte de Palmira e irradia la nobleza de un hombre de gran estima. Por su est\u00e9tica cl\u00e1sica, puede deducirse que el sacerdote pertenec\u00eda a la tradici\u00f3n religiosa hel\u00e9nica. Con su ment\u00f3n cuadrado y su exquisita simetr\u00eda facial, el apuesto sacerdote personifica las proporciones idealizadas de los griegos. &hellip; Cabeza de sacerdote en piedra caliza, Palmira, S. II-III d.C Leer m\u00e1s &raquo;","og_url":"https:\/\/ifergangallery.com\/es\/piece\/cabeza-de-sacerdote-en-piedra-caliza-palmira-s-ii-iii-d-c\/","og_site_name":"Ifergan Gallery","article_publisher":"https:\/\/www.facebook.com\/Ifergancollectionmalaga","article_modified_time":"2024-11-15T13:35:55+00:00","og_image":[{"width":2048,"height":2048,"url":"https:\/\/ifergangallery.com\/wp-content\/uploads\/2021\/10\/jvi005-2-3.jpg","type":"image\/jpeg"}],"twitter_card":"summary_large_image","twitter_site":"@Ifergangallery","twitter_misc":{"Tiempo de lectura":"1 minuto"},"schema":{"@context":"https:\/\/schema.org","@graph":[{"@type":"Organization","@id":"https:\/\/ifergangallery.com\/#organization","name":"Ifergan Gallery","url":"https:\/\/ifergangallery.com\/","sameAs":["https:\/\/www.facebook.com\/Ifergancollectionmalaga","https:\/\/www.instagram.com\/ifergangallery\/","https:\/\/www.youtube.com\/channel\/UC2O2zZ9BJKhbUFOnu_5mE3g","https:\/\/twitter.com\/Ifergangallery"],"logo":{"@type":"ImageObject","@id":"https:\/\/ifergangallery.com\/#logo","inLanguage":"es","url":"https:\/\/ifergangallery.com\/wp-content\/uploads\/2021\/09\/Imagotipo_blanco-e1637271379231.png","contentUrl":"https:\/\/ifergangallery.com\/wp-content\/uploads\/2021\/09\/Imagotipo_blanco-e1637271379231.png","width":1920,"height":1065,"caption":"Ifergan Gallery"},"image":{"@id":"https:\/\/ifergangallery.com\/#logo"}},{"@type":"WebSite","@id":"https:\/\/ifergangallery.com\/#website","url":"https:\/\/ifergangallery.com\/","name":"Ifergan Gallery","description":"Ancient Art Gallery","publisher":{"@id":"https:\/\/ifergangallery.com\/#organization"},"potentialAction":[{"@type":"SearchAction","target":{"@type":"EntryPoint","urlTemplate":"https:\/\/ifergangallery.com\/?s={search_term_string}"},"query-input":"required name=search_term_string"}],"inLanguage":"es"},{"@type":"ImageObject","@id":"https:\/\/ifergangallery.com\/es\/piece\/cabeza-de-sacerdote-en-piedra-caliza-palmira-s-ii-iii-d-c\/#primaryimage","inLanguage":"es","url":"https:\/\/ifergangallery.com\/wp-content\/uploads\/2021\/10\/jvi005-2-3.jpg","contentUrl":"https:\/\/ifergangallery.com\/wp-content\/uploads\/2021\/10\/jvi005-2-3.jpg","width":2048,"height":2048},{"@type":"WebPage","@id":"https:\/\/ifergangallery.com\/es\/piece\/cabeza-de-sacerdote-en-piedra-caliza-palmira-s-ii-iii-d-c\/#webpage","url":"https:\/\/ifergangallery.com\/es\/piece\/cabeza-de-sacerdote-en-piedra-caliza-palmira-s-ii-iii-d-c\/","name":"Cabeza de sacerdote en piedra caliza, Palmira, S. II-III d.C &ndash; Ifergan Gallery","isPartOf":{"@id":"https:\/\/ifergangallery.com\/#website"},"primaryImageOfPage":{"@id":"https:\/\/ifergangallery.com\/es\/piece\/cabeza-de-sacerdote-en-piedra-caliza-palmira-s-ii-iii-d-c\/#primaryimage"},"datePublished":"2021-10-18T13:55:08+00:00","dateModified":"2024-11-15T13:35:55+00:00","breadcrumb":{"@id":"https:\/\/ifergangallery.com\/es\/piece\/cabeza-de-sacerdote-en-piedra-caliza-palmira-s-ii-iii-d-c\/#breadcrumb"},"inLanguage":"es","potentialAction":[{"@type":"ReadAction","target":["https:\/\/ifergangallery.com\/es\/piece\/cabeza-de-sacerdote-en-piedra-caliza-palmira-s-ii-iii-d-c\/"]}]},{"@type":"BreadcrumbList","@id":"https:\/\/ifergangallery.com\/es\/piece\/cabeza-de-sacerdote-en-piedra-caliza-palmira-s-ii-iii-d-c\/#breadcrumb","itemListElement":[{"@type":"ListItem","position":1,"name":"Home","item":"https:\/\/ifergangallery.com\/es\/"},{"@type":"ListItem","position":2,"name":"Works of art","item":"https:\/\/ifergangallery.com\/es\/works_of_art\/"},{"@type":"ListItem","position":3,"name":"Cabeza de sacerdote en piedra caliza, Palmira, S. II-III d.C"}]}]}},"_links":{"self":[{"href":"https:\/\/ifergangallery.com\/es\/wp-json\/wp\/v2\/product\/2355"}],"collection":[{"href":"https:\/\/ifergangallery.com\/es\/wp-json\/wp\/v2\/product"}],"about":[{"href":"https:\/\/ifergangallery.com\/es\/wp-json\/wp\/v2\/types\/product"}],"replies":[{"embeddable":true,"href":"https:\/\/ifergangallery.com\/es\/wp-json\/wp\/v2\/comments?post=2355"}],"wp:featuredmedia":[{"embeddable":true,"href":"https:\/\/ifergangallery.com\/es\/wp-json\/wp\/v2\/media\/14771"}],"wp:attachment":[{"href":"https:\/\/ifergangallery.com\/es\/wp-json\/wp\/v2\/media?parent=2355"}],"wp:term":[{"taxonomy":"product_cat","embeddable":true,"href":"https:\/\/ifergangallery.com\/es\/wp-json\/wp\/v2\/product_cat?post=2355"},{"taxonomy":"product_tag","embeddable":true,"href":"https:\/\/ifergangallery.com\/es\/wp-json\/wp\/v2\/product_tag?post=2355"}],"curies":[{"name":"wp","href":"https:\/\/api.w.org\/{rel}","templated":true}]}}