{"id":2393,"date":"2021-10-18T14:11:55","date_gmt":"2021-10-18T14:11:55","guid":{"rendered":"https:\/\/snackjerusalem.com\/piece\/maqueta-egipcia-de-madera-representando-a-un-hombre-6a-dinastia-2345-2190-a-c\/"},"modified":"2022-12-01T09:08:57","modified_gmt":"2022-12-01T09:08:57","slug":"maqueta-egipcia-de-madera-representando-a-un-hombre-6a-dinastia-2345-2190-a-c","status":"publish","type":"product","link":"https:\/\/ifergangallery.com\/es\/piece\/maqueta-egipcia-de-madera-representando-a-un-hombre-6a-dinastia-2345-2190-a-c\/","title":{"rendered":"Maqueta egipcia de madera representando a un hombre, 6\u00aa Dinast\u00eda, 2345-2190 a.C."},"content":{"rendered":"<p style=\"text-align: justify;\">Representaci\u00f3n de una figura masculina de pie, de frente, con la pierna izquierda adelantada en posici\u00f3n de marcha, vistiendo la t\u00edpica falda egipcia hasta la rodilla. El brazo izquierdo est\u00e1 flexionado con la mano cerrada en un pu\u00f1o, como si llevara alg\u00fan tipo de instrumento, como un cetro que ya se ha perdido. Lo mismo ocurre con el otro brazo, aunque est\u00e1 estirado cerca del cuerpo. En la representaci\u00f3n del rostro destaca la t\u00edpica peluca corta egipcia.<\/p>\n<p>&nbsp;<\/p>","protected":false},"excerpt":{"rendered":"<p>Representaci\u00f3n de una figura masculina de pie, de frente, con la pierna izquierda adelantada en posici\u00f3n de marcha, vistiendo la t\u00edpica falda egipcia hasta la rodilla. El brazo izquierdo est\u00e1 flexionado con la mano cerrada en un pu\u00f1o, como si llevara alg\u00fan tipo de instrumento, como un cetro que ya se ha perdido. Lo mismo &hellip;<\/p>\n<p class=\"read-more\"> <a class=\"\" href=\"https:\/\/ifergangallery.com\/es\/piece\/maqueta-egipcia-de-madera-representando-a-un-hombre-6a-dinastia-2345-2190-a-c\/\"> <span class=\"screen-reader-text\">Maqueta egipcia de madera representando a un hombre, 6\u00aa Dinast\u00eda, 2345-2190 a.C.<\/span> Leer m\u00e1s &raquo;<\/a><\/p>","protected":false},"featured_media":8798,"comment_status":"closed","ping_status":"closed","template":"","meta":{"spay_email":""},"product_cat":[110,499],"product_tag":[442,554,306],"yoast_head":"<!-- This site is optimized with the Yoast SEO Premium plugin v17.6 (Yoast SEO v17.6) - https:\/\/yoast.com\/wordpress\/plugins\/seo\/ -->\n<title>Maqueta egipcia de madera representando a un hombre, 6\u00aa Dinast\u00eda, 2345-2190 a.C. &ndash; Ifergan Gallery<\/title>\n<meta name=\"robots\" content=\"index, follow, max-snippet:-1, max-image-preview:large, max-video-preview:-1\" \/>\n<link rel=\"canonical\" href=\"https:\/\/ifergangallery.com\/es\/piece\/maqueta-egipcia-de-madera-representando-a-un-hombre-6a-dinastia-2345-2190-a-c\/\" \/>\n<meta property=\"og:locale\" content=\"es_ES\" \/>\n<meta property=\"og:type\" content=\"article\" \/>\n<meta property=\"og:title\" content=\"Maqueta egipcia de madera representando a un hombre, 6\u00aa Dinast\u00eda, 2345-2190 a.C.\" \/>\n<meta property=\"og:description\" content=\"Representaci\u00f3n de una figura masculina de pie, de frente, con la pierna izquierda adelantada en posici\u00f3n de marcha, vistiendo la t\u00edpica falda egipcia hasta la rodilla. El brazo izquierdo est\u00e1 flexionado con la mano cerrada en un pu\u00f1o, como si llevara alg\u00fan tipo de instrumento, como un cetro que ya se ha perdido. Lo mismo &hellip; Maqueta egipcia de madera representando a un hombre, 6\u00aa Dinast\u00eda, 2345-2190 a.C. Leer m\u00e1s &raquo;\" \/>\n<meta property=\"og:url\" content=\"https:\/\/ifergangallery.com\/es\/piece\/maqueta-egipcia-de-madera-representando-a-un-hombre-6a-dinastia-2345-2190-a-c\/\" \/>\n<meta property=\"og:site_name\" content=\"Ifergan Gallery\" \/>\n<meta property=\"article:publisher\" content=\"https:\/\/www.facebook.com\/Ifergancollectionmalaga\" \/>\n<meta property=\"article:modified_time\" content=\"2022-12-01T09:08:57+00:00\" \/>\n<meta property=\"og:image\" content=\"https:\/\/ifergangallery.com\/wp-content\/uploads\/2021\/10\/jba146_edit_001.jpg\" \/>\n\t<meta property=\"og:image:width\" content=\"1920\" \/>\n\t<meta property=\"og:image:height\" content=\"1920\" \/>\n<meta name=\"twitter:card\" content=\"summary_large_image\" \/>\n<meta name=\"twitter:site\" content=\"@Ifergangallery\" \/>\n<meta name=\"twitter:label1\" content=\"Tiempo de lectura\" \/>\n\t<meta name=\"twitter:data1\" content=\"1 minuto\" \/>\n<script type=\"application\/ld+json\" class=\"yoast-schema-graph\">{\"@context\":\"https:\/\/schema.org\",\"@graph\":[{\"@type\":\"Organization\",\"@id\":\"https:\/\/ifergangallery.com\/#organization\",\"name\":\"Ifergan Gallery\",\"url\":\"https:\/\/ifergangallery.com\/\",\"sameAs\":[\"https:\/\/www.facebook.com\/Ifergancollectionmalaga\",\"https:\/\/www.instagram.com\/ifergangallery\/\",\"https:\/\/www.youtube.com\/channel\/UC2O2zZ9BJKhbUFOnu_5mE3g\",\"https:\/\/twitter.com\/Ifergangallery\"],\"logo\":{\"@type\":\"ImageObject\",\"@id\":\"https:\/\/ifergangallery.com\/#logo\",\"inLanguage\":\"es\",\"url\":\"https:\/\/ifergangallery.com\/wp-content\/uploads\/2021\/09\/Imagotipo_blanco-e1637271379231.png\",\"contentUrl\":\"https:\/\/ifergangallery.com\/wp-content\/uploads\/2021\/09\/Imagotipo_blanco-e1637271379231.png\",\"width\":1920,\"height\":1065,\"caption\":\"Ifergan Gallery\"},\"image\":{\"@id\":\"https:\/\/ifergangallery.com\/#logo\"}},{\"@type\":\"WebSite\",\"@id\":\"https:\/\/ifergangallery.com\/#website\",\"url\":\"https:\/\/ifergangallery.com\/\",\"name\":\"Ifergan Gallery\",\"description\":\"Ancient Art Gallery\",\"publisher\":{\"@id\":\"https:\/\/ifergangallery.com\/#organization\"},\"potentialAction\":[{\"@type\":\"SearchAction\",\"target\":{\"@type\":\"EntryPoint\",\"urlTemplate\":\"https:\/\/ifergangallery.com\/?s={search_term_string}\"},\"query-input\":\"required name=search_term_string\"}],\"inLanguage\":\"es\"},{\"@type\":\"ImageObject\",\"@id\":\"https:\/\/ifergangallery.com\/es\/piece\/maqueta-egipcia-de-madera-representando-a-un-hombre-6a-dinastia-2345-2190-a-c\/#primaryimage\",\"inLanguage\":\"es\",\"url\":\"https:\/\/ifergangallery.com\/wp-content\/uploads\/2021\/10\/jba146_edit_001.jpg\",\"contentUrl\":\"https:\/\/ifergangallery.com\/wp-content\/uploads\/2021\/10\/jba146_edit_001.jpg\",\"width\":1920,\"height\":1920},{\"@type\":\"WebPage\",\"@id\":\"https:\/\/ifergangallery.com\/es\/piece\/maqueta-egipcia-de-madera-representando-a-un-hombre-6a-dinastia-2345-2190-a-c\/#webpage\",\"url\":\"https:\/\/ifergangallery.com\/es\/piece\/maqueta-egipcia-de-madera-representando-a-un-hombre-6a-dinastia-2345-2190-a-c\/\",\"name\":\"Maqueta egipcia de madera representando a un hombre, 6\\u00aa Dinast\\u00eda, 2345-2190 a.C. &ndash; Ifergan Gallery\",\"isPartOf\":{\"@id\":\"https:\/\/ifergangallery.com\/#website\"},\"primaryImageOfPage\":{\"@id\":\"https:\/\/ifergangallery.com\/es\/piece\/maqueta-egipcia-de-madera-representando-a-un-hombre-6a-dinastia-2345-2190-a-c\/#primaryimage\"},\"datePublished\":\"2021-10-18T14:11:55+00:00\",\"dateModified\":\"2022-12-01T09:08:57+00:00\",\"breadcrumb\":{\"@id\":\"https:\/\/ifergangallery.com\/es\/piece\/maqueta-egipcia-de-madera-representando-a-un-hombre-6a-dinastia-2345-2190-a-c\/#breadcrumb\"},\"inLanguage\":\"es\",\"potentialAction\":[{\"@type\":\"ReadAction\",\"target\":[\"https:\/\/ifergangallery.com\/es\/piece\/maqueta-egipcia-de-madera-representando-a-un-hombre-6a-dinastia-2345-2190-a-c\/\"]}]},{\"@type\":\"BreadcrumbList\",\"@id\":\"https:\/\/ifergangallery.com\/es\/piece\/maqueta-egipcia-de-madera-representando-a-un-hombre-6a-dinastia-2345-2190-a-c\/#breadcrumb\",\"itemListElement\":[{\"@type\":\"ListItem\",\"position\":1,\"name\":\"Home\",\"item\":\"https:\/\/ifergangallery.com\/es\/\"},{\"@type\":\"ListItem\",\"position\":2,\"name\":\"Works of art\",\"item\":\"https:\/\/ifergangallery.com\/es\/works_of_art\/\"},{\"@type\":\"ListItem\",\"position\":3,\"name\":\"Maqueta egipcia de madera representando a un hombre, 6\\u00aa Dinast\\u00eda, 2345-2190 a.C.\"}]}]}<\/script>\n<!-- \/ Yoast SEO Premium plugin. -->","yoast_head_json":{"title":"Maqueta egipcia de madera representando a un hombre, 6\u00aa Dinast\u00eda, 2345-2190 a.C. &ndash; Ifergan Gallery","robots":{"index":"index","follow":"follow","max-snippet":"max-snippet:-1","max-image-preview":"max-image-preview:large","max-video-preview":"max-video-preview:-1"},"canonical":"https:\/\/ifergangallery.com\/es\/piece\/maqueta-egipcia-de-madera-representando-a-un-hombre-6a-dinastia-2345-2190-a-c\/","og_locale":"es_ES","og_type":"article","og_title":"Maqueta egipcia de madera representando a un hombre, 6\u00aa Dinast\u00eda, 2345-2190 a.C.","og_description":"Representaci\u00f3n de una figura masculina de pie, de frente, con la pierna izquierda adelantada en posici\u00f3n de marcha, vistiendo la t\u00edpica falda egipcia hasta la rodilla. El brazo izquierdo est\u00e1 flexionado con la mano cerrada en un pu\u00f1o, como si llevara alg\u00fan tipo de instrumento, como un cetro que ya se ha perdido. Lo mismo &hellip; Maqueta egipcia de madera representando a un hombre, 6\u00aa Dinast\u00eda, 2345-2190 a.C. Leer m\u00e1s &raquo;","og_url":"https:\/\/ifergangallery.com\/es\/piece\/maqueta-egipcia-de-madera-representando-a-un-hombre-6a-dinastia-2345-2190-a-c\/","og_site_name":"Ifergan Gallery","article_publisher":"https:\/\/www.facebook.com\/Ifergancollectionmalaga","article_modified_time":"2022-12-01T09:08:57+00:00","og_image":[{"width":1920,"height":1920,"url":"https:\/\/ifergangallery.com\/wp-content\/uploads\/2021\/10\/jba146_edit_001.jpg","type":"image\/jpeg"}],"twitter_card":"summary_large_image","twitter_site":"@Ifergangallery","twitter_misc":{"Tiempo de lectura":"1 minuto"},"schema":{"@context":"https:\/\/schema.org","@graph":[{"@type":"Organization","@id":"https:\/\/ifergangallery.com\/#organization","name":"Ifergan Gallery","url":"https:\/\/ifergangallery.com\/","sameAs":["https:\/\/www.facebook.com\/Ifergancollectionmalaga","https:\/\/www.instagram.com\/ifergangallery\/","https:\/\/www.youtube.com\/channel\/UC2O2zZ9BJKhbUFOnu_5mE3g","https:\/\/twitter.com\/Ifergangallery"],"logo":{"@type":"ImageObject","@id":"https:\/\/ifergangallery.com\/#logo","inLanguage":"es","url":"https:\/\/ifergangallery.com\/wp-content\/uploads\/2021\/09\/Imagotipo_blanco-e1637271379231.png","contentUrl":"https:\/\/ifergangallery.com\/wp-content\/uploads\/2021\/09\/Imagotipo_blanco-e1637271379231.png","width":1920,"height":1065,"caption":"Ifergan Gallery"},"image":{"@id":"https:\/\/ifergangallery.com\/#logo"}},{"@type":"WebSite","@id":"https:\/\/ifergangallery.com\/#website","url":"https:\/\/ifergangallery.com\/","name":"Ifergan Gallery","description":"Ancient Art Gallery","publisher":{"@id":"https:\/\/ifergangallery.com\/#organization"},"potentialAction":[{"@type":"SearchAction","target":{"@type":"EntryPoint","urlTemplate":"https:\/\/ifergangallery.com\/?s={search_term_string}"},"query-input":"required name=search_term_string"}],"inLanguage":"es"},{"@type":"ImageObject","@id":"https:\/\/ifergangallery.com\/es\/piece\/maqueta-egipcia-de-madera-representando-a-un-hombre-6a-dinastia-2345-2190-a-c\/#primaryimage","inLanguage":"es","url":"https:\/\/ifergangallery.com\/wp-content\/uploads\/2021\/10\/jba146_edit_001.jpg","contentUrl":"https:\/\/ifergangallery.com\/wp-content\/uploads\/2021\/10\/jba146_edit_001.jpg","width":1920,"height":1920},{"@type":"WebPage","@id":"https:\/\/ifergangallery.com\/es\/piece\/maqueta-egipcia-de-madera-representando-a-un-hombre-6a-dinastia-2345-2190-a-c\/#webpage","url":"https:\/\/ifergangallery.com\/es\/piece\/maqueta-egipcia-de-madera-representando-a-un-hombre-6a-dinastia-2345-2190-a-c\/","name":"Maqueta egipcia de madera representando a un hombre, 6\u00aa Dinast\u00eda, 2345-2190 a.C. &ndash; Ifergan Gallery","isPartOf":{"@id":"https:\/\/ifergangallery.com\/#website"},"primaryImageOfPage":{"@id":"https:\/\/ifergangallery.com\/es\/piece\/maqueta-egipcia-de-madera-representando-a-un-hombre-6a-dinastia-2345-2190-a-c\/#primaryimage"},"datePublished":"2021-10-18T14:11:55+00:00","dateModified":"2022-12-01T09:08:57+00:00","breadcrumb":{"@id":"https:\/\/ifergangallery.com\/es\/piece\/maqueta-egipcia-de-madera-representando-a-un-hombre-6a-dinastia-2345-2190-a-c\/#breadcrumb"},"inLanguage":"es","potentialAction":[{"@type":"ReadAction","target":["https:\/\/ifergangallery.com\/es\/piece\/maqueta-egipcia-de-madera-representando-a-un-hombre-6a-dinastia-2345-2190-a-c\/"]}]},{"@type":"BreadcrumbList","@id":"https:\/\/ifergangallery.com\/es\/piece\/maqueta-egipcia-de-madera-representando-a-un-hombre-6a-dinastia-2345-2190-a-c\/#breadcrumb","itemListElement":[{"@type":"ListItem","position":1,"name":"Home","item":"https:\/\/ifergangallery.com\/es\/"},{"@type":"ListItem","position":2,"name":"Works of art","item":"https:\/\/ifergangallery.com\/es\/works_of_art\/"},{"@type":"ListItem","position":3,"name":"Maqueta egipcia de madera representando a un hombre, 6\u00aa Dinast\u00eda, 2345-2190 a.C."}]}]}},"_links":{"self":[{"href":"https:\/\/ifergangallery.com\/es\/wp-json\/wp\/v2\/product\/2393"}],"collection":[{"href":"https:\/\/ifergangallery.com\/es\/wp-json\/wp\/v2\/product"}],"about":[{"href":"https:\/\/ifergangallery.com\/es\/wp-json\/wp\/v2\/types\/product"}],"replies":[{"embeddable":true,"href":"https:\/\/ifergangallery.com\/es\/wp-json\/wp\/v2\/comments?post=2393"}],"wp:featuredmedia":[{"embeddable":true,"href":"https:\/\/ifergangallery.com\/es\/wp-json\/wp\/v2\/media\/8798"}],"wp:attachment":[{"href":"https:\/\/ifergangallery.com\/es\/wp-json\/wp\/v2\/media?parent=2393"}],"wp:term":[{"taxonomy":"product_cat","embeddable":true,"href":"https:\/\/ifergangallery.com\/es\/wp-json\/wp\/v2\/product_cat?post=2393"},{"taxonomy":"product_tag","embeddable":true,"href":"https:\/\/ifergangallery.com\/es\/wp-json\/wp\/v2\/product_tag?post=2393"}],"curies":[{"name":"wp","href":"https:\/\/api.w.org\/{rel}","templated":true}]}}