{"id":2399,"date":"2024-10-18T14:12:38","date_gmt":"2024-10-18T14:12:38","guid":{"rendered":"https:\/\/snackjerusalem.com\/piece\/ushebti-egipcio-de-fayenza-para-khaemwaset-imperio-nuevo-din-xix-reinado-de-ramses-ii-1279-1213-a-c\/"},"modified":"2026-02-11T13:47:12","modified_gmt":"2026-02-11T13:47:12","slug":"ushebti-egipcio-de-fayenza-para-khaemwaset-imperio-nuevo-din-xix-reinado-de-ramses-ii-1279-1213-a-c","status":"publish","type":"product","link":"https:\/\/ifergangallery.com\/es\/piece\/ushebti-egipcio-de-fayenza-para-khaemwaset-imperio-nuevo-din-xix-reinado-de-ramses-ii-1279-1213-a-c\/","title":{"rendered":"Ushebti egipcio de fayenza para Khaemwaset, Imperio Nuevo, Din. XIX, Reinado de Rams\u00e9s II, 1279-1213 a.C."},"content":{"rendered":"<p style=\"text-align: justify;\"><span dir=\"auto\" style=\"vertical-align: inherit;\"><span dir=\"auto\" style=\"vertical-align: inherit;\">Este ushebti de Khaemwaset est\u00e1 representado como obrero, puesto que empu\u00f1a dos azadas para trabajar en los campos de Osiris del M\u00e1s All\u00e1. Va tocado con la peluca corta de la que sobresale una trenza en el lado derecho. Luce una barba osir\u00edaca rizada, terminada en una curva cerrada hacia delante. De su mortaja momiforme que cubre todo el cuerpo, \u00fanicamente sobresalen las manos que, cruzadas sobre el pecho, sostienen las herramientas agr\u00edcolas ya mencionadas.<\/span><\/span><\/p>\n<p style=\"text-align: justify;\"><span dir=\"auto\" style=\"vertical-align: inherit;\"><span dir=\"auto\" style=\"vertical-align: inherit;\">Sobre el cuerpo tiene un registro vertical de escritura jerogl\u00edfica. Esta inscripci\u00f3n horizontal se traduce: <\/span><\/span><em><span dir=\"auto\" style=\"vertical-align: inherit;\"><span dir=\"auto\" style=\"vertical-align: inherit;\">\u201cQue sea iluminado el Osiris, Hijo de Rey,(sacerdote) Sem, Khaemwaset, justo de voz\u201d.<\/span><\/span><\/em><\/p>\n<p style=\"text-align: justify;\"><span dir=\"auto\" style=\"vertical-align: inherit;\"><span dir=\"auto\" style=\"vertical-align: inherit;\">Khaemuast fue un pr\u00edncipe de Egipto. Cuarto hijo del fara\u00f3n Rams\u00e9s II y el segundo de su segunda Gran Esposa Real, la reina Isis-Nefert. Es el mejor conocido de los hijos de Rams\u00e9s, ya que sus contribuciones a la sociedad egipcia fueron recordadas durante siglos. Ha sido descrito como el primer egipt\u00f3logo debido a sus trabajos en la identificaci\u00f3n y restauraci\u00f3n de edificios hist\u00f3ricos, tumbas y templos. Fue Sumo sacerdote de Ptah y, al final de su vida, gobernador de Menfis y pr\u00edncipe heredero. Muri\u00f3 a los 56 a\u00f1os de edad, en el a\u00f1o 55 del reinado de su padre. Su tumba est\u00e1 probablemente en Saqqara, donde se encontraron algunos restos que pueden pertenecer a la misma.<\/span><\/span><\/p>\n<p style=\"text-align: justify;\"><span dir=\"auto\" style=\"vertical-align: inherit;\"><span dir=\"auto\" style=\"vertical-align: inherit;\">Pero Khaemwaset realmente es conocido por sus funciones sacerdotales y de restauraci\u00f3n de templos y santuarios. Se convirti\u00f3 en sacerdote de Ptah en Menfis, siendo el Sumo sacerdote Huy. Durante su etapa como sacerdote particip\u00f3 en diversos rituales, como el entierro de los toros Apis en el Serapeum de Saqqara.<\/span><\/span><\/p>\n<p style=\"text-align: justify;\"><span dir=\"auto\" style=\"vertical-align: inherit;\"><span dir=\"auto\" style=\"vertical-align: inherit;\">Khaemwaset remodel\u00f3 el Serapeum, construyendo una galer\u00eda subterr\u00e1nea con varias c\u00e1maras funerarias que permitieron el entierro de varios toros Apis. Cuando fue Sumo sacerdote, ampli\u00f3 el templo de Ptah en Memfis, como atestiguan varias inscripciones.<\/span><\/span><\/p>\n<p style=\"text-align: justify;\"><span dir=\"auto\" style=\"vertical-align: inherit;\"><span dir=\"auto\" style=\"vertical-align: inherit;\">Khaemwaset restaur\u00f3 los monumentos de anteriores reyes y nobles, no en vano el Sumo sacerdote de Ptah era el Maestro de los Artesanos. Textos con datos sobre la restauraci\u00f3n se han encontrado en la pir\u00e1mide de Unis en Saqqara, la mastaba de Shepseskaf, el templo solar de Nyuserra, la pir\u00e1mide de Sahura, la pir\u00e1mide escalonada de Zoser, y la pir\u00e1mide de Userkaf. Tambi\u00e9n restaur\u00f3 una estatua del pr\u00edncipe Kauab, hijo de Jufu, e inscribi\u00f3 en el trono de la misma su nombre y el trabajo realizado.<\/span><\/span><\/p>","protected":false},"excerpt":{"rendered":"<p>Este ushebti de Khaemwaset est\u00e1 representado como obrero, puesto que empu\u00f1a dos azadas para trabajar en los campos de Osiris del M\u00e1s All\u00e1. Va tocado con la peluca corta de la que sobresale una trenza en el lado derecho. Luce una barba osir\u00edaca rizada, terminada en una curva cerrada hacia delante. De su mortaja momiforme &hellip;<\/p>\n<p class=\"read-more\"> <a class=\"\" href=\"https:\/\/ifergangallery.com\/es\/piece\/ushebti-egipcio-de-fayenza-para-khaemwaset-imperio-nuevo-din-xix-reinado-de-ramses-ii-1279-1213-a-c\/\"> <span class=\"screen-reader-text\">Ushebti egipcio de fayenza para Khaemwaset, Imperio Nuevo, Din. XIX, Reinado de Rams\u00e9s II, 1279-1213 a.C.<\/span> Leer m\u00e1s &raquo;<\/a><\/p>","protected":false},"featured_media":9721,"comment_status":"closed","ping_status":"closed","template":"","meta":{"spay_email":""},"product_cat":[110,499],"product_tag":[313,812,218,581],"yoast_head":"<!-- This site is optimized with the Yoast SEO Premium plugin v17.6 (Yoast SEO v17.6) - https:\/\/yoast.com\/wordpress\/plugins\/seo\/ -->\n<title>Ushebti egipcio de fayenza para Khaemwaset, 1279-1213 a.C.<\/title>\n<meta name=\"description\" content=\"Khaemwaset fue un pr\u00edncipe de Egipto. Cuarto hijo del fara\u00f3n Rams\u00e9s II y el segundo de su segunda Gran Esposa Real, la reina Isis-Nefert.\" \/>\n<meta name=\"robots\" content=\"index, follow, max-snippet:-1, max-image-preview:large, max-video-preview:-1\" \/>\n<link rel=\"canonical\" href=\"https:\/\/ifergangallery.com\/es\/piece\/ushebti-egipcio-de-fayenza-para-khaemwaset-imperio-nuevo-din-xix-reinado-de-ramses-ii-1279-1213-a-c\/\" \/>\n<meta property=\"og:locale\" content=\"es_ES\" \/>\n<meta property=\"og:type\" content=\"article\" \/>\n<meta property=\"og:title\" content=\"Ushebti egipcio de fayenza para Khaemwaset, Imperio Nuevo, Din. XIX, Reinado de Rams\u00e9s II, 1279-1213 a.C.\" \/>\n<meta property=\"og:description\" content=\"Khaemwaset fue un pr\u00edncipe de Egipto. Cuarto hijo del fara\u00f3n Rams\u00e9s II y el segundo de su segunda Gran Esposa Real, la reina Isis-Nefert.\" \/>\n<meta property=\"og:url\" content=\"https:\/\/ifergangallery.com\/es\/piece\/ushebti-egipcio-de-fayenza-para-khaemwaset-imperio-nuevo-din-xix-reinado-de-ramses-ii-1279-1213-a-c\/\" \/>\n<meta property=\"og:site_name\" content=\"Ifergan Gallery\" \/>\n<meta property=\"article:publisher\" content=\"https:\/\/www.facebook.com\/Ifergancollectionmalaga\" \/>\n<meta property=\"article:modified_time\" content=\"2026-02-11T13:47:12+00:00\" \/>\n<meta property=\"og:image\" content=\"https:\/\/ifergangallery.com\/wp-content\/uploads\/2021\/10\/jba144-7-1-scaled.jpg\" \/>\n\t<meta property=\"og:image:width\" content=\"2560\" \/>\n\t<meta property=\"og:image:height\" content=\"2560\" \/>\n<meta name=\"twitter:card\" content=\"summary_large_image\" \/>\n<meta name=\"twitter:site\" content=\"@Ifergangallery\" \/>\n<meta name=\"twitter:label1\" content=\"Tiempo de lectura\" \/>\n\t<meta name=\"twitter:data1\" content=\"1 minuto\" \/>\n<script type=\"application\/ld+json\" class=\"yoast-schema-graph\">{\"@context\":\"https:\/\/schema.org\",\"@graph\":[{\"@type\":\"Organization\",\"@id\":\"https:\/\/ifergangallery.com\/#organization\",\"name\":\"Ifergan Gallery\",\"url\":\"https:\/\/ifergangallery.com\/\",\"sameAs\":[\"https:\/\/www.facebook.com\/Ifergancollectionmalaga\",\"https:\/\/www.instagram.com\/ifergangallery\/\",\"https:\/\/www.youtube.com\/channel\/UC2O2zZ9BJKhbUFOnu_5mE3g\",\"https:\/\/twitter.com\/Ifergangallery\"],\"logo\":{\"@type\":\"ImageObject\",\"@id\":\"https:\/\/ifergangallery.com\/#logo\",\"inLanguage\":\"es\",\"url\":\"https:\/\/ifergangallery.com\/wp-content\/uploads\/2021\/09\/Imagotipo_blanco-e1637271379231.png\",\"contentUrl\":\"https:\/\/ifergangallery.com\/wp-content\/uploads\/2021\/09\/Imagotipo_blanco-e1637271379231.png\",\"width\":1920,\"height\":1065,\"caption\":\"Ifergan Gallery\"},\"image\":{\"@id\":\"https:\/\/ifergangallery.com\/#logo\"}},{\"@type\":\"WebSite\",\"@id\":\"https:\/\/ifergangallery.com\/#website\",\"url\":\"https:\/\/ifergangallery.com\/\",\"name\":\"Ifergan Gallery\",\"description\":\"Ancient Art Gallery\",\"publisher\":{\"@id\":\"https:\/\/ifergangallery.com\/#organization\"},\"potentialAction\":[{\"@type\":\"SearchAction\",\"target\":{\"@type\":\"EntryPoint\",\"urlTemplate\":\"https:\/\/ifergangallery.com\/?s={search_term_string}\"},\"query-input\":\"required name=search_term_string\"}],\"inLanguage\":\"es\"},{\"@type\":\"ImageObject\",\"@id\":\"https:\/\/ifergangallery.com\/es\/piece\/ushebti-egipcio-de-fayenza-para-khaemwaset-imperio-nuevo-din-xix-reinado-de-ramses-ii-1279-1213-a-c\/#primaryimage\",\"inLanguage\":\"es\",\"url\":\"https:\/\/ifergangallery.com\/wp-content\/uploads\/2021\/10\/jba144-7-1-scaled.jpg\",\"contentUrl\":\"https:\/\/ifergangallery.com\/wp-content\/uploads\/2021\/10\/jba144-7-1-scaled.jpg\",\"width\":2560,\"height\":2560,\"caption\":\"ushebti-fayenza-Khaemwaset\"},{\"@type\":\"WebPage\",\"@id\":\"https:\/\/ifergangallery.com\/es\/piece\/ushebti-egipcio-de-fayenza-para-khaemwaset-imperio-nuevo-din-xix-reinado-de-ramses-ii-1279-1213-a-c\/#webpage\",\"url\":\"https:\/\/ifergangallery.com\/es\/piece\/ushebti-egipcio-de-fayenza-para-khaemwaset-imperio-nuevo-din-xix-reinado-de-ramses-ii-1279-1213-a-c\/\",\"name\":\"Ushebti egipcio de fayenza para Khaemwaset, 1279-1213 a.C.\",\"isPartOf\":{\"@id\":\"https:\/\/ifergangallery.com\/#website\"},\"primaryImageOfPage\":{\"@id\":\"https:\/\/ifergangallery.com\/es\/piece\/ushebti-egipcio-de-fayenza-para-khaemwaset-imperio-nuevo-din-xix-reinado-de-ramses-ii-1279-1213-a-c\/#primaryimage\"},\"datePublished\":\"2024-10-18T14:12:38+00:00\",\"dateModified\":\"2026-02-11T13:47:12+00:00\",\"description\":\"Khaemwaset fue un pr\\u00edncipe de Egipto. Cuarto hijo del fara\\u00f3n Rams\\u00e9s II y el segundo de su segunda Gran Esposa Real, la reina Isis-Nefert.\",\"breadcrumb\":{\"@id\":\"https:\/\/ifergangallery.com\/es\/piece\/ushebti-egipcio-de-fayenza-para-khaemwaset-imperio-nuevo-din-xix-reinado-de-ramses-ii-1279-1213-a-c\/#breadcrumb\"},\"inLanguage\":\"es\",\"potentialAction\":[{\"@type\":\"ReadAction\",\"target\":[\"https:\/\/ifergangallery.com\/es\/piece\/ushebti-egipcio-de-fayenza-para-khaemwaset-imperio-nuevo-din-xix-reinado-de-ramses-ii-1279-1213-a-c\/\"]}]},{\"@type\":\"BreadcrumbList\",\"@id\":\"https:\/\/ifergangallery.com\/es\/piece\/ushebti-egipcio-de-fayenza-para-khaemwaset-imperio-nuevo-din-xix-reinado-de-ramses-ii-1279-1213-a-c\/#breadcrumb\",\"itemListElement\":[{\"@type\":\"ListItem\",\"position\":1,\"name\":\"Home\",\"item\":\"https:\/\/ifergangallery.com\/es\/\"},{\"@type\":\"ListItem\",\"position\":2,\"name\":\"Works of art\",\"item\":\"https:\/\/ifergangallery.com\/es\/works_of_art\/\"},{\"@type\":\"ListItem\",\"position\":3,\"name\":\"Ushebti egipcio de fayenza para Khaemwaset, Imperio Nuevo, Din. XIX, Reinado de Rams\\u00e9s II, 1279-1213 a.C.\"}]}]}<\/script>\n<!-- \/ Yoast SEO Premium plugin. -->","yoast_head_json":{"title":"Ushebti egipcio de fayenza para Khaemwaset, 1279-1213 a.C.","description":"Khaemwaset fue un pr\u00edncipe de Egipto. Cuarto hijo del fara\u00f3n Rams\u00e9s II y el segundo de su segunda Gran Esposa Real, la reina Isis-Nefert.","robots":{"index":"index","follow":"follow","max-snippet":"max-snippet:-1","max-image-preview":"max-image-preview:large","max-video-preview":"max-video-preview:-1"},"canonical":"https:\/\/ifergangallery.com\/es\/piece\/ushebti-egipcio-de-fayenza-para-khaemwaset-imperio-nuevo-din-xix-reinado-de-ramses-ii-1279-1213-a-c\/","og_locale":"es_ES","og_type":"article","og_title":"Ushebti egipcio de fayenza para Khaemwaset, Imperio Nuevo, Din. XIX, Reinado de Rams\u00e9s II, 1279-1213 a.C.","og_description":"Khaemwaset fue un pr\u00edncipe de Egipto. Cuarto hijo del fara\u00f3n Rams\u00e9s II y el segundo de su segunda Gran Esposa Real, la reina Isis-Nefert.","og_url":"https:\/\/ifergangallery.com\/es\/piece\/ushebti-egipcio-de-fayenza-para-khaemwaset-imperio-nuevo-din-xix-reinado-de-ramses-ii-1279-1213-a-c\/","og_site_name":"Ifergan Gallery","article_publisher":"https:\/\/www.facebook.com\/Ifergancollectionmalaga","article_modified_time":"2026-02-11T13:47:12+00:00","og_image":[{"width":2560,"height":2560,"url":"https:\/\/ifergangallery.com\/wp-content\/uploads\/2021\/10\/jba144-7-1-scaled.jpg","type":"image\/jpeg"}],"twitter_card":"summary_large_image","twitter_site":"@Ifergangallery","twitter_misc":{"Tiempo de lectura":"1 minuto"},"schema":{"@context":"https:\/\/schema.org","@graph":[{"@type":"Organization","@id":"https:\/\/ifergangallery.com\/#organization","name":"Ifergan Gallery","url":"https:\/\/ifergangallery.com\/","sameAs":["https:\/\/www.facebook.com\/Ifergancollectionmalaga","https:\/\/www.instagram.com\/ifergangallery\/","https:\/\/www.youtube.com\/channel\/UC2O2zZ9BJKhbUFOnu_5mE3g","https:\/\/twitter.com\/Ifergangallery"],"logo":{"@type":"ImageObject","@id":"https:\/\/ifergangallery.com\/#logo","inLanguage":"es","url":"https:\/\/ifergangallery.com\/wp-content\/uploads\/2021\/09\/Imagotipo_blanco-e1637271379231.png","contentUrl":"https:\/\/ifergangallery.com\/wp-content\/uploads\/2021\/09\/Imagotipo_blanco-e1637271379231.png","width":1920,"height":1065,"caption":"Ifergan Gallery"},"image":{"@id":"https:\/\/ifergangallery.com\/#logo"}},{"@type":"WebSite","@id":"https:\/\/ifergangallery.com\/#website","url":"https:\/\/ifergangallery.com\/","name":"Ifergan Gallery","description":"Ancient Art Gallery","publisher":{"@id":"https:\/\/ifergangallery.com\/#organization"},"potentialAction":[{"@type":"SearchAction","target":{"@type":"EntryPoint","urlTemplate":"https:\/\/ifergangallery.com\/?s={search_term_string}"},"query-input":"required name=search_term_string"}],"inLanguage":"es"},{"@type":"ImageObject","@id":"https:\/\/ifergangallery.com\/es\/piece\/ushebti-egipcio-de-fayenza-para-khaemwaset-imperio-nuevo-din-xix-reinado-de-ramses-ii-1279-1213-a-c\/#primaryimage","inLanguage":"es","url":"https:\/\/ifergangallery.com\/wp-content\/uploads\/2021\/10\/jba144-7-1-scaled.jpg","contentUrl":"https:\/\/ifergangallery.com\/wp-content\/uploads\/2021\/10\/jba144-7-1-scaled.jpg","width":2560,"height":2560,"caption":"ushebti-fayenza-Khaemwaset"},{"@type":"WebPage","@id":"https:\/\/ifergangallery.com\/es\/piece\/ushebti-egipcio-de-fayenza-para-khaemwaset-imperio-nuevo-din-xix-reinado-de-ramses-ii-1279-1213-a-c\/#webpage","url":"https:\/\/ifergangallery.com\/es\/piece\/ushebti-egipcio-de-fayenza-para-khaemwaset-imperio-nuevo-din-xix-reinado-de-ramses-ii-1279-1213-a-c\/","name":"Ushebti egipcio de fayenza para Khaemwaset, 1279-1213 a.C.","isPartOf":{"@id":"https:\/\/ifergangallery.com\/#website"},"primaryImageOfPage":{"@id":"https:\/\/ifergangallery.com\/es\/piece\/ushebti-egipcio-de-fayenza-para-khaemwaset-imperio-nuevo-din-xix-reinado-de-ramses-ii-1279-1213-a-c\/#primaryimage"},"datePublished":"2024-10-18T14:12:38+00:00","dateModified":"2026-02-11T13:47:12+00:00","description":"Khaemwaset fue un pr\u00edncipe de Egipto. Cuarto hijo del fara\u00f3n Rams\u00e9s II y el segundo de su segunda Gran Esposa Real, la reina Isis-Nefert.","breadcrumb":{"@id":"https:\/\/ifergangallery.com\/es\/piece\/ushebti-egipcio-de-fayenza-para-khaemwaset-imperio-nuevo-din-xix-reinado-de-ramses-ii-1279-1213-a-c\/#breadcrumb"},"inLanguage":"es","potentialAction":[{"@type":"ReadAction","target":["https:\/\/ifergangallery.com\/es\/piece\/ushebti-egipcio-de-fayenza-para-khaemwaset-imperio-nuevo-din-xix-reinado-de-ramses-ii-1279-1213-a-c\/"]}]},{"@type":"BreadcrumbList","@id":"https:\/\/ifergangallery.com\/es\/piece\/ushebti-egipcio-de-fayenza-para-khaemwaset-imperio-nuevo-din-xix-reinado-de-ramses-ii-1279-1213-a-c\/#breadcrumb","itemListElement":[{"@type":"ListItem","position":1,"name":"Home","item":"https:\/\/ifergangallery.com\/es\/"},{"@type":"ListItem","position":2,"name":"Works of art","item":"https:\/\/ifergangallery.com\/es\/works_of_art\/"},{"@type":"ListItem","position":3,"name":"Ushebti egipcio de fayenza para Khaemwaset, Imperio Nuevo, Din. XIX, Reinado de Rams\u00e9s II, 1279-1213 a.C."}]}]}},"_links":{"self":[{"href":"https:\/\/ifergangallery.com\/es\/wp-json\/wp\/v2\/product\/2399"}],"collection":[{"href":"https:\/\/ifergangallery.com\/es\/wp-json\/wp\/v2\/product"}],"about":[{"href":"https:\/\/ifergangallery.com\/es\/wp-json\/wp\/v2\/types\/product"}],"replies":[{"embeddable":true,"href":"https:\/\/ifergangallery.com\/es\/wp-json\/wp\/v2\/comments?post=2399"}],"wp:featuredmedia":[{"embeddable":true,"href":"https:\/\/ifergangallery.com\/es\/wp-json\/wp\/v2\/media\/9721"}],"wp:attachment":[{"href":"https:\/\/ifergangallery.com\/es\/wp-json\/wp\/v2\/media?parent=2399"}],"wp:term":[{"taxonomy":"product_cat","embeddable":true,"href":"https:\/\/ifergangallery.com\/es\/wp-json\/wp\/v2\/product_cat?post=2399"},{"taxonomy":"product_tag","embeddable":true,"href":"https:\/\/ifergangallery.com\/es\/wp-json\/wp\/v2\/product_tag?post=2399"}],"curies":[{"name":"wp","href":"https:\/\/api.w.org\/{rel}","templated":true}]}}