{"id":2409,"date":"2021-10-19T09:49:28","date_gmt":"2021-10-19T09:49:28","guid":{"rendered":"https:\/\/snackjerusalem.com\/piece\/anfora-de-ceramica-apuliana-con-figuras-rojas-atribuida-al-pintor-de-wolfenbuttel-circa-350-325-b-c\/"},"modified":"2024-11-06T12:50:12","modified_gmt":"2024-11-06T12:50:12","slug":"anfora-de-ceramica-apuliana-con-figuras-rojas-atribuida-al-pintor-de-wolfenbuttel-circa-350-325-b-c","status":"publish","type":"product","link":"https:\/\/ifergangallery.com\/es\/piece\/anfora-de-ceramica-apuliana-con-figuras-rojas-atribuida-al-pintor-de-wolfenbuttel-circa-350-325-b-c\/","title":{"rendered":"\u00c1nfora de cer\u00e1mica apuliana con figuras rojas atribuida al pintor de Wolfenb\u00fcttel, Circa 350-325 B.C."},"content":{"rendered":"<p style=\"text-align: justify;\">De esbelta forma panatenaica, la decoraci\u00f3n animada con blanco y ocre a\u00f1adido, mostrando en el lado (a) una escena de naiskos j\u00f3nicos, un guerrero desnudo de blanco sentado en su interior, sosteniendo una lanza en su mano izquierda, un casco de pilos en la derecha, flanqueado por a la izquierda por una figura masculina desnuda, con las cortinas sobre el brazo izquierdo, sosteniendo una corona y una patera, y a la derecha por una figura femenina vestida con una corona y un espejo, el lado (b) muestra dos j\u00f3venes vestidos de himation, sosteniendo bastones con un d\u00edptico arriba, palmetas elaboradas debajo de las asas, colocadas en una l\u00ednea de base de meandro, con una banda de patr\u00f3n de ondas en el hombro delantero, trazos en el cuello alto con patr\u00f3n de ondas y palmetas arriba, laurel de bayas en blanco en el borde exterior .<\/p>\n<p>&nbsp;<\/p>\n<p>&nbsp;<\/p>","protected":false},"excerpt":{"rendered":"<p>De esbelta forma panatenaica, la decoraci\u00f3n animada con blanco y ocre a\u00f1adido, mostrando en el lado (a) una escena de naiskos j\u00f3nicos, un guerrero desnudo de blanco sentado en su interior, sosteniendo una lanza en su mano izquierda, un casco de pilos en la derecha, flanqueado por a la izquierda por una figura masculina desnuda, &hellip;<\/p>\n<p class=\"read-more\"> <a class=\"\" href=\"https:\/\/ifergangallery.com\/es\/piece\/anfora-de-ceramica-apuliana-con-figuras-rojas-atribuida-al-pintor-de-wolfenbuttel-circa-350-325-b-c\/\"> <span class=\"screen-reader-text\">\u00c1nfora de cer\u00e1mica apuliana con figuras rojas atribuida al pintor de Wolfenb\u00fcttel, Circa 350-325 B.C.<\/span> Leer m\u00e1s &raquo;<\/a><\/p>","protected":false},"featured_media":8667,"comment_status":"closed","ping_status":"closed","template":"","meta":{"spay_email":""},"product_cat":[111,457],"product_tag":[265,560,432,534,423,537,802,206,461],"yoast_head":"<!-- This site is optimized with the Yoast SEO Premium plugin v17.6 (Yoast SEO v17.6) - https:\/\/yoast.com\/wordpress\/plugins\/seo\/ -->\n<title>\u00c1nfora de cer\u00e1mica apuliana con figuras rojas atribuida al pintor de Wolfenb\u00fcttel, Circa 350-325 B.C. &ndash; Ifergan Gallery<\/title>\n<meta name=\"robots\" content=\"index, follow, max-snippet:-1, max-image-preview:large, max-video-preview:-1\" \/>\n<link rel=\"canonical\" href=\"https:\/\/ifergangallery.com\/es\/piece\/anfora-de-ceramica-apuliana-con-figuras-rojas-atribuida-al-pintor-de-wolfenbuttel-circa-350-325-b-c\/\" \/>\n<meta property=\"og:locale\" content=\"es_ES\" \/>\n<meta property=\"og:type\" content=\"article\" \/>\n<meta property=\"og:title\" content=\"\u00c1nfora de cer\u00e1mica apuliana con figuras rojas atribuida al pintor de Wolfenb\u00fcttel, Circa 350-325 B.C.\" \/>\n<meta property=\"og:description\" content=\"De esbelta forma panatenaica, la decoraci\u00f3n animada con blanco y ocre a\u00f1adido, mostrando en el lado (a) una escena de naiskos j\u00f3nicos, un guerrero desnudo de blanco sentado en su interior, sosteniendo una lanza en su mano izquierda, un casco de pilos en la derecha, flanqueado por a la izquierda por una figura masculina desnuda, &hellip; \u00c1nfora de cer\u00e1mica apuliana con figuras rojas atribuida al pintor de Wolfenb\u00fcttel, Circa 350-325 B.C. Leer m\u00e1s &raquo;\" \/>\n<meta property=\"og:url\" content=\"https:\/\/ifergangallery.com\/es\/piece\/anfora-de-ceramica-apuliana-con-figuras-rojas-atribuida-al-pintor-de-wolfenbuttel-circa-350-325-b-c\/\" \/>\n<meta property=\"og:site_name\" content=\"Ifergan Gallery\" \/>\n<meta property=\"article:publisher\" content=\"https:\/\/www.facebook.com\/Ifergancollectionmalaga\" \/>\n<meta property=\"article:modified_time\" content=\"2024-11-06T12:50:12+00:00\" \/>\n<meta property=\"og:image\" content=\"https:\/\/ifergangallery.com\/wp-content\/uploads\/2021\/10\/bhm005-16-1.jpg\" \/>\n\t<meta property=\"og:image:width\" content=\"1295\" \/>\n\t<meta property=\"og:image:height\" content=\"1295\" \/>\n<meta name=\"twitter:card\" content=\"summary_large_image\" \/>\n<meta name=\"twitter:site\" content=\"@Ifergangallery\" \/>\n<meta name=\"twitter:label1\" content=\"Tiempo de lectura\" \/>\n\t<meta name=\"twitter:data1\" content=\"1 minuto\" \/>\n<script type=\"application\/ld+json\" class=\"yoast-schema-graph\">{\"@context\":\"https:\/\/schema.org\",\"@graph\":[{\"@type\":\"Organization\",\"@id\":\"https:\/\/ifergangallery.com\/#organization\",\"name\":\"Ifergan Gallery\",\"url\":\"https:\/\/ifergangallery.com\/\",\"sameAs\":[\"https:\/\/www.facebook.com\/Ifergancollectionmalaga\",\"https:\/\/www.instagram.com\/ifergangallery\/\",\"https:\/\/www.youtube.com\/channel\/UC2O2zZ9BJKhbUFOnu_5mE3g\",\"https:\/\/twitter.com\/Ifergangallery\"],\"logo\":{\"@type\":\"ImageObject\",\"@id\":\"https:\/\/ifergangallery.com\/#logo\",\"inLanguage\":\"es\",\"url\":\"https:\/\/ifergangallery.com\/wp-content\/uploads\/2021\/09\/Imagotipo_blanco-e1637271379231.png\",\"contentUrl\":\"https:\/\/ifergangallery.com\/wp-content\/uploads\/2021\/09\/Imagotipo_blanco-e1637271379231.png\",\"width\":1920,\"height\":1065,\"caption\":\"Ifergan Gallery\"},\"image\":{\"@id\":\"https:\/\/ifergangallery.com\/#logo\"}},{\"@type\":\"WebSite\",\"@id\":\"https:\/\/ifergangallery.com\/#website\",\"url\":\"https:\/\/ifergangallery.com\/\",\"name\":\"Ifergan Gallery\",\"description\":\"Ancient Art Gallery\",\"publisher\":{\"@id\":\"https:\/\/ifergangallery.com\/#organization\"},\"potentialAction\":[{\"@type\":\"SearchAction\",\"target\":{\"@type\":\"EntryPoint\",\"urlTemplate\":\"https:\/\/ifergangallery.com\/?s={search_term_string}\"},\"query-input\":\"required name=search_term_string\"}],\"inLanguage\":\"es\"},{\"@type\":\"ImageObject\",\"@id\":\"https:\/\/ifergangallery.com\/es\/piece\/anfora-de-ceramica-apuliana-con-figuras-rojas-atribuida-al-pintor-de-wolfenbuttel-circa-350-325-b-c\/#primaryimage\",\"inLanguage\":\"es\",\"url\":\"https:\/\/ifergangallery.com\/wp-content\/uploads\/2021\/10\/bhm005-16-1.jpg\",\"contentUrl\":\"https:\/\/ifergangallery.com\/wp-content\/uploads\/2021\/10\/bhm005-16-1.jpg\",\"width\":1295,\"height\":1295},{\"@type\":\"WebPage\",\"@id\":\"https:\/\/ifergangallery.com\/es\/piece\/anfora-de-ceramica-apuliana-con-figuras-rojas-atribuida-al-pintor-de-wolfenbuttel-circa-350-325-b-c\/#webpage\",\"url\":\"https:\/\/ifergangallery.com\/es\/piece\/anfora-de-ceramica-apuliana-con-figuras-rojas-atribuida-al-pintor-de-wolfenbuttel-circa-350-325-b-c\/\",\"name\":\"\\u00c1nfora de cer\\u00e1mica apuliana con figuras rojas atribuida al pintor de Wolfenb\\u00fcttel, Circa 350-325 B.C. &ndash; Ifergan Gallery\",\"isPartOf\":{\"@id\":\"https:\/\/ifergangallery.com\/#website\"},\"primaryImageOfPage\":{\"@id\":\"https:\/\/ifergangallery.com\/es\/piece\/anfora-de-ceramica-apuliana-con-figuras-rojas-atribuida-al-pintor-de-wolfenbuttel-circa-350-325-b-c\/#primaryimage\"},\"datePublished\":\"2021-10-19T09:49:28+00:00\",\"dateModified\":\"2024-11-06T12:50:12+00:00\",\"breadcrumb\":{\"@id\":\"https:\/\/ifergangallery.com\/es\/piece\/anfora-de-ceramica-apuliana-con-figuras-rojas-atribuida-al-pintor-de-wolfenbuttel-circa-350-325-b-c\/#breadcrumb\"},\"inLanguage\":\"es\",\"potentialAction\":[{\"@type\":\"ReadAction\",\"target\":[\"https:\/\/ifergangallery.com\/es\/piece\/anfora-de-ceramica-apuliana-con-figuras-rojas-atribuida-al-pintor-de-wolfenbuttel-circa-350-325-b-c\/\"]}]},{\"@type\":\"BreadcrumbList\",\"@id\":\"https:\/\/ifergangallery.com\/es\/piece\/anfora-de-ceramica-apuliana-con-figuras-rojas-atribuida-al-pintor-de-wolfenbuttel-circa-350-325-b-c\/#breadcrumb\",\"itemListElement\":[{\"@type\":\"ListItem\",\"position\":1,\"name\":\"Home\",\"item\":\"https:\/\/ifergangallery.com\/es\/\"},{\"@type\":\"ListItem\",\"position\":2,\"name\":\"Works of art\",\"item\":\"https:\/\/ifergangallery.com\/es\/works_of_art\/\"},{\"@type\":\"ListItem\",\"position\":3,\"name\":\"\\u00c1nfora de cer\\u00e1mica apuliana con figuras rojas atribuida al pintor de Wolfenb\\u00fcttel, Circa 350-325 B.C.\"}]}]}<\/script>\n<!-- \/ Yoast SEO Premium plugin. -->","yoast_head_json":{"title":"\u00c1nfora de cer\u00e1mica apuliana con figuras rojas atribuida al pintor de Wolfenb\u00fcttel, Circa 350-325 B.C. &ndash; Ifergan Gallery","robots":{"index":"index","follow":"follow","max-snippet":"max-snippet:-1","max-image-preview":"max-image-preview:large","max-video-preview":"max-video-preview:-1"},"canonical":"https:\/\/ifergangallery.com\/es\/piece\/anfora-de-ceramica-apuliana-con-figuras-rojas-atribuida-al-pintor-de-wolfenbuttel-circa-350-325-b-c\/","og_locale":"es_ES","og_type":"article","og_title":"\u00c1nfora de cer\u00e1mica apuliana con figuras rojas atribuida al pintor de Wolfenb\u00fcttel, Circa 350-325 B.C.","og_description":"De esbelta forma panatenaica, la decoraci\u00f3n animada con blanco y ocre a\u00f1adido, mostrando en el lado (a) una escena de naiskos j\u00f3nicos, un guerrero desnudo de blanco sentado en su interior, sosteniendo una lanza en su mano izquierda, un casco de pilos en la derecha, flanqueado por a la izquierda por una figura masculina desnuda, &hellip; \u00c1nfora de cer\u00e1mica apuliana con figuras rojas atribuida al pintor de Wolfenb\u00fcttel, Circa 350-325 B.C. Leer m\u00e1s &raquo;","og_url":"https:\/\/ifergangallery.com\/es\/piece\/anfora-de-ceramica-apuliana-con-figuras-rojas-atribuida-al-pintor-de-wolfenbuttel-circa-350-325-b-c\/","og_site_name":"Ifergan Gallery","article_publisher":"https:\/\/www.facebook.com\/Ifergancollectionmalaga","article_modified_time":"2024-11-06T12:50:12+00:00","og_image":[{"width":1295,"height":1295,"url":"https:\/\/ifergangallery.com\/wp-content\/uploads\/2021\/10\/bhm005-16-1.jpg","type":"image\/jpeg"}],"twitter_card":"summary_large_image","twitter_site":"@Ifergangallery","twitter_misc":{"Tiempo de lectura":"1 minuto"},"schema":{"@context":"https:\/\/schema.org","@graph":[{"@type":"Organization","@id":"https:\/\/ifergangallery.com\/#organization","name":"Ifergan Gallery","url":"https:\/\/ifergangallery.com\/","sameAs":["https:\/\/www.facebook.com\/Ifergancollectionmalaga","https:\/\/www.instagram.com\/ifergangallery\/","https:\/\/www.youtube.com\/channel\/UC2O2zZ9BJKhbUFOnu_5mE3g","https:\/\/twitter.com\/Ifergangallery"],"logo":{"@type":"ImageObject","@id":"https:\/\/ifergangallery.com\/#logo","inLanguage":"es","url":"https:\/\/ifergangallery.com\/wp-content\/uploads\/2021\/09\/Imagotipo_blanco-e1637271379231.png","contentUrl":"https:\/\/ifergangallery.com\/wp-content\/uploads\/2021\/09\/Imagotipo_blanco-e1637271379231.png","width":1920,"height":1065,"caption":"Ifergan Gallery"},"image":{"@id":"https:\/\/ifergangallery.com\/#logo"}},{"@type":"WebSite","@id":"https:\/\/ifergangallery.com\/#website","url":"https:\/\/ifergangallery.com\/","name":"Ifergan Gallery","description":"Ancient Art Gallery","publisher":{"@id":"https:\/\/ifergangallery.com\/#organization"},"potentialAction":[{"@type":"SearchAction","target":{"@type":"EntryPoint","urlTemplate":"https:\/\/ifergangallery.com\/?s={search_term_string}"},"query-input":"required name=search_term_string"}],"inLanguage":"es"},{"@type":"ImageObject","@id":"https:\/\/ifergangallery.com\/es\/piece\/anfora-de-ceramica-apuliana-con-figuras-rojas-atribuida-al-pintor-de-wolfenbuttel-circa-350-325-b-c\/#primaryimage","inLanguage":"es","url":"https:\/\/ifergangallery.com\/wp-content\/uploads\/2021\/10\/bhm005-16-1.jpg","contentUrl":"https:\/\/ifergangallery.com\/wp-content\/uploads\/2021\/10\/bhm005-16-1.jpg","width":1295,"height":1295},{"@type":"WebPage","@id":"https:\/\/ifergangallery.com\/es\/piece\/anfora-de-ceramica-apuliana-con-figuras-rojas-atribuida-al-pintor-de-wolfenbuttel-circa-350-325-b-c\/#webpage","url":"https:\/\/ifergangallery.com\/es\/piece\/anfora-de-ceramica-apuliana-con-figuras-rojas-atribuida-al-pintor-de-wolfenbuttel-circa-350-325-b-c\/","name":"\u00c1nfora de cer\u00e1mica apuliana con figuras rojas atribuida al pintor de Wolfenb\u00fcttel, Circa 350-325 B.C. &ndash; Ifergan Gallery","isPartOf":{"@id":"https:\/\/ifergangallery.com\/#website"},"primaryImageOfPage":{"@id":"https:\/\/ifergangallery.com\/es\/piece\/anfora-de-ceramica-apuliana-con-figuras-rojas-atribuida-al-pintor-de-wolfenbuttel-circa-350-325-b-c\/#primaryimage"},"datePublished":"2021-10-19T09:49:28+00:00","dateModified":"2024-11-06T12:50:12+00:00","breadcrumb":{"@id":"https:\/\/ifergangallery.com\/es\/piece\/anfora-de-ceramica-apuliana-con-figuras-rojas-atribuida-al-pintor-de-wolfenbuttel-circa-350-325-b-c\/#breadcrumb"},"inLanguage":"es","potentialAction":[{"@type":"ReadAction","target":["https:\/\/ifergangallery.com\/es\/piece\/anfora-de-ceramica-apuliana-con-figuras-rojas-atribuida-al-pintor-de-wolfenbuttel-circa-350-325-b-c\/"]}]},{"@type":"BreadcrumbList","@id":"https:\/\/ifergangallery.com\/es\/piece\/anfora-de-ceramica-apuliana-con-figuras-rojas-atribuida-al-pintor-de-wolfenbuttel-circa-350-325-b-c\/#breadcrumb","itemListElement":[{"@type":"ListItem","position":1,"name":"Home","item":"https:\/\/ifergangallery.com\/es\/"},{"@type":"ListItem","position":2,"name":"Works of art","item":"https:\/\/ifergangallery.com\/es\/works_of_art\/"},{"@type":"ListItem","position":3,"name":"\u00c1nfora de cer\u00e1mica apuliana con figuras rojas atribuida al pintor de Wolfenb\u00fcttel, Circa 350-325 B.C."}]}]}},"_links":{"self":[{"href":"https:\/\/ifergangallery.com\/es\/wp-json\/wp\/v2\/product\/2409"}],"collection":[{"href":"https:\/\/ifergangallery.com\/es\/wp-json\/wp\/v2\/product"}],"about":[{"href":"https:\/\/ifergangallery.com\/es\/wp-json\/wp\/v2\/types\/product"}],"replies":[{"embeddable":true,"href":"https:\/\/ifergangallery.com\/es\/wp-json\/wp\/v2\/comments?post=2409"}],"wp:featuredmedia":[{"embeddable":true,"href":"https:\/\/ifergangallery.com\/es\/wp-json\/wp\/v2\/media\/8667"}],"wp:attachment":[{"href":"https:\/\/ifergangallery.com\/es\/wp-json\/wp\/v2\/media?parent=2409"}],"wp:term":[{"taxonomy":"product_cat","embeddable":true,"href":"https:\/\/ifergangallery.com\/es\/wp-json\/wp\/v2\/product_cat?post=2409"},{"taxonomy":"product_tag","embeddable":true,"href":"https:\/\/ifergangallery.com\/es\/wp-json\/wp\/v2\/product_tag?post=2409"}],"curies":[{"name":"wp","href":"https:\/\/api.w.org\/{rel}","templated":true}]}}