{"id":2412,"date":"2021-10-19T09:49:28","date_gmt":"2021-10-19T09:49:28","guid":{"rendered":"https:\/\/snackjerusalem.com\/piece\/gran-kore-griega-de-terracota-periodo-arcaico-500-a-c\/"},"modified":"2024-10-08T09:36:14","modified_gmt":"2024-10-08T09:36:14","slug":"gran-kore-griega-de-terracota-periodo-arcaico-500-a-c","status":"publish","type":"product","link":"https:\/\/ifergangallery.com\/es\/piece\/gran-kore-griega-de-terracota-periodo-arcaico-500-a-c\/","title":{"rendered":"Gran kor\u00e9 griega de terracota, Per\u00edodo Arcaico, 500 a.C."},"content":{"rendered":"<p style=\"text-align: justify;\">Esta pieza sigue el modelo de las estatuas, como el korai de m\u00e1rmol contempor\u00e1neo de la Acr\u00f3polis. El resultado es un agradable exvoto que habr\u00eda adornado el altar de un templo como dedicaci\u00f3n a una diosa, simbolizando el servicio y el culto eternos. La cabeza se asienta sobre unos hombros fuertes y redondeados que fluyen con gracia hasta el tronco del cuerpo. Las cualidades tridimensionales del molde se transmiten a trav\u00e9s de las masas s\u00f3lidas y redondeadas del cuerpo y la cabeza. La figura est\u00e1 erguida y lleva un chit\u00f3n fluido con un himation, o manto, m\u00e1s corto, encima. Los pliegues de la falda fruncida y el drapeado del himation crean el efecto de diagonales paralelas que, junto con la postura asim\u00e9trica, ayudan a combatir el car\u00e1cter estricto y est\u00e1tico de la r\u00edgida pose frontal. Bajo el drapeado, se sugieren sutilmente las curvas de los senos y las piernas.<\/p>","protected":false},"excerpt":{"rendered":"<p>Esta pieza sigue el modelo de las estatuas, como el korai de m\u00e1rmol contempor\u00e1neo de la Acr\u00f3polis. El resultado es un agradable exvoto que habr\u00eda adornado el altar de un templo como dedicaci\u00f3n a una diosa, simbolizando el servicio y el culto eternos. La cabeza se asienta sobre unos hombros fuertes y redondeados que fluyen &hellip;<\/p>\n<p class=\"read-more\"> <a class=\"\" href=\"https:\/\/ifergangallery.com\/es\/piece\/gran-kore-griega-de-terracota-periodo-arcaico-500-a-c\/\"> <span class=\"screen-reader-text\">Gran kor\u00e9 griega de terracota, Per\u00edodo Arcaico, 500 a.C.<\/span> Leer m\u00e1s &raquo;<\/a><\/p>","protected":false},"featured_media":8678,"comment_status":"closed","ping_status":"closed","template":"","meta":{"spay_email":""},"product_cat":[111,457],"product_tag":[],"yoast_head":"<!-- This site is optimized with the Yoast SEO Premium plugin v17.6 (Yoast SEO v17.6) - https:\/\/yoast.com\/wordpress\/plugins\/seo\/ -->\n<title>Gran kor\u00e9 griega de terracota, Per\u00edodo Arcaico, 500 a.C. &ndash; Ifergan Gallery<\/title>\n<meta name=\"robots\" content=\"index, follow, max-snippet:-1, max-image-preview:large, max-video-preview:-1\" \/>\n<link rel=\"canonical\" href=\"https:\/\/ifergangallery.com\/es\/piece\/gran-kore-griega-de-terracota-periodo-arcaico-500-a-c\/\" \/>\n<meta property=\"og:locale\" content=\"es_ES\" \/>\n<meta property=\"og:type\" content=\"article\" \/>\n<meta property=\"og:title\" content=\"Gran kor\u00e9 griega de terracota, Per\u00edodo Arcaico, 500 a.C.\" \/>\n<meta property=\"og:description\" content=\"Esta pieza sigue el modelo de las estatuas, como el korai de m\u00e1rmol contempor\u00e1neo de la Acr\u00f3polis. El resultado es un agradable exvoto que habr\u00eda adornado el altar de un templo como dedicaci\u00f3n a una diosa, simbolizando el servicio y el culto eternos. La cabeza se asienta sobre unos hombros fuertes y redondeados que fluyen &hellip; Gran kor\u00e9 griega de terracota, Per\u00edodo Arcaico, 500 a.C. Leer m\u00e1s &raquo;\" \/>\n<meta property=\"og:url\" content=\"https:\/\/ifergangallery.com\/es\/piece\/gran-kore-griega-de-terracota-periodo-arcaico-500-a-c\/\" \/>\n<meta property=\"og:site_name\" content=\"Ifergan Gallery\" \/>\n<meta property=\"article:publisher\" content=\"https:\/\/www.facebook.com\/Ifergancollectionmalaga\" \/>\n<meta property=\"article:modified_time\" content=\"2024-10-08T09:36:14+00:00\" \/>\n<meta property=\"og:image\" content=\"https:\/\/ifergangallery.com\/wp-content\/uploads\/2021\/10\/bai003-6-1.jpg\" \/>\n\t<meta property=\"og:image:width\" content=\"1920\" \/>\n\t<meta property=\"og:image:height\" content=\"1920\" \/>\n<meta name=\"twitter:card\" content=\"summary_large_image\" \/>\n<meta name=\"twitter:site\" content=\"@Ifergangallery\" \/>\n<meta name=\"twitter:label1\" content=\"Tiempo de lectura\" \/>\n\t<meta name=\"twitter:data1\" content=\"1 minuto\" \/>\n<script type=\"application\/ld+json\" class=\"yoast-schema-graph\">{\"@context\":\"https:\/\/schema.org\",\"@graph\":[{\"@type\":\"Organization\",\"@id\":\"https:\/\/ifergangallery.com\/#organization\",\"name\":\"Ifergan Gallery\",\"url\":\"https:\/\/ifergangallery.com\/\",\"sameAs\":[\"https:\/\/www.facebook.com\/Ifergancollectionmalaga\",\"https:\/\/www.instagram.com\/ifergangallery\/\",\"https:\/\/www.youtube.com\/channel\/UC2O2zZ9BJKhbUFOnu_5mE3g\",\"https:\/\/twitter.com\/Ifergangallery\"],\"logo\":{\"@type\":\"ImageObject\",\"@id\":\"https:\/\/ifergangallery.com\/#logo\",\"inLanguage\":\"es\",\"url\":\"https:\/\/ifergangallery.com\/wp-content\/uploads\/2021\/09\/Imagotipo_blanco-e1637271379231.png\",\"contentUrl\":\"https:\/\/ifergangallery.com\/wp-content\/uploads\/2021\/09\/Imagotipo_blanco-e1637271379231.png\",\"width\":1920,\"height\":1065,\"caption\":\"Ifergan Gallery\"},\"image\":{\"@id\":\"https:\/\/ifergangallery.com\/#logo\"}},{\"@type\":\"WebSite\",\"@id\":\"https:\/\/ifergangallery.com\/#website\",\"url\":\"https:\/\/ifergangallery.com\/\",\"name\":\"Ifergan Gallery\",\"description\":\"Ancient Art Gallery\",\"publisher\":{\"@id\":\"https:\/\/ifergangallery.com\/#organization\"},\"potentialAction\":[{\"@type\":\"SearchAction\",\"target\":{\"@type\":\"EntryPoint\",\"urlTemplate\":\"https:\/\/ifergangallery.com\/?s={search_term_string}\"},\"query-input\":\"required name=search_term_string\"}],\"inLanguage\":\"es\"},{\"@type\":\"ImageObject\",\"@id\":\"https:\/\/ifergangallery.com\/es\/piece\/gran-kore-griega-de-terracota-periodo-arcaico-500-a-c\/#primaryimage\",\"inLanguage\":\"es\",\"url\":\"https:\/\/ifergangallery.com\/wp-content\/uploads\/2021\/10\/bai003-6-1.jpg\",\"contentUrl\":\"https:\/\/ifergangallery.com\/wp-content\/uploads\/2021\/10\/bai003-6-1.jpg\",\"width\":1920,\"height\":1920},{\"@type\":\"WebPage\",\"@id\":\"https:\/\/ifergangallery.com\/es\/piece\/gran-kore-griega-de-terracota-periodo-arcaico-500-a-c\/#webpage\",\"url\":\"https:\/\/ifergangallery.com\/es\/piece\/gran-kore-griega-de-terracota-periodo-arcaico-500-a-c\/\",\"name\":\"Gran kor\\u00e9 griega de terracota, Per\\u00edodo Arcaico, 500 a.C. &ndash; Ifergan Gallery\",\"isPartOf\":{\"@id\":\"https:\/\/ifergangallery.com\/#website\"},\"primaryImageOfPage\":{\"@id\":\"https:\/\/ifergangallery.com\/es\/piece\/gran-kore-griega-de-terracota-periodo-arcaico-500-a-c\/#primaryimage\"},\"datePublished\":\"2021-10-19T09:49:28+00:00\",\"dateModified\":\"2024-10-08T09:36:14+00:00\",\"breadcrumb\":{\"@id\":\"https:\/\/ifergangallery.com\/es\/piece\/gran-kore-griega-de-terracota-periodo-arcaico-500-a-c\/#breadcrumb\"},\"inLanguage\":\"es\",\"potentialAction\":[{\"@type\":\"ReadAction\",\"target\":[\"https:\/\/ifergangallery.com\/es\/piece\/gran-kore-griega-de-terracota-periodo-arcaico-500-a-c\/\"]}]},{\"@type\":\"BreadcrumbList\",\"@id\":\"https:\/\/ifergangallery.com\/es\/piece\/gran-kore-griega-de-terracota-periodo-arcaico-500-a-c\/#breadcrumb\",\"itemListElement\":[{\"@type\":\"ListItem\",\"position\":1,\"name\":\"Home\",\"item\":\"https:\/\/ifergangallery.com\/es\/\"},{\"@type\":\"ListItem\",\"position\":2,\"name\":\"Works of art\",\"item\":\"https:\/\/ifergangallery.com\/es\/works_of_art\/\"},{\"@type\":\"ListItem\",\"position\":3,\"name\":\"Gran kor\\u00e9 griega de terracota, Per\\u00edodo Arcaico, 500 a.C.\"}]}]}<\/script>\n<!-- \/ Yoast SEO Premium plugin. -->","yoast_head_json":{"title":"Gran kor\u00e9 griega de terracota, Per\u00edodo Arcaico, 500 a.C. &ndash; Ifergan Gallery","robots":{"index":"index","follow":"follow","max-snippet":"max-snippet:-1","max-image-preview":"max-image-preview:large","max-video-preview":"max-video-preview:-1"},"canonical":"https:\/\/ifergangallery.com\/es\/piece\/gran-kore-griega-de-terracota-periodo-arcaico-500-a-c\/","og_locale":"es_ES","og_type":"article","og_title":"Gran kor\u00e9 griega de terracota, Per\u00edodo Arcaico, 500 a.C.","og_description":"Esta pieza sigue el modelo de las estatuas, como el korai de m\u00e1rmol contempor\u00e1neo de la Acr\u00f3polis. El resultado es un agradable exvoto que habr\u00eda adornado el altar de un templo como dedicaci\u00f3n a una diosa, simbolizando el servicio y el culto eternos. La cabeza se asienta sobre unos hombros fuertes y redondeados que fluyen &hellip; Gran kor\u00e9 griega de terracota, Per\u00edodo Arcaico, 500 a.C. Leer m\u00e1s &raquo;","og_url":"https:\/\/ifergangallery.com\/es\/piece\/gran-kore-griega-de-terracota-periodo-arcaico-500-a-c\/","og_site_name":"Ifergan Gallery","article_publisher":"https:\/\/www.facebook.com\/Ifergancollectionmalaga","article_modified_time":"2024-10-08T09:36:14+00:00","og_image":[{"width":1920,"height":1920,"url":"https:\/\/ifergangallery.com\/wp-content\/uploads\/2021\/10\/bai003-6-1.jpg","type":"image\/jpeg"}],"twitter_card":"summary_large_image","twitter_site":"@Ifergangallery","twitter_misc":{"Tiempo de lectura":"1 minuto"},"schema":{"@context":"https:\/\/schema.org","@graph":[{"@type":"Organization","@id":"https:\/\/ifergangallery.com\/#organization","name":"Ifergan Gallery","url":"https:\/\/ifergangallery.com\/","sameAs":["https:\/\/www.facebook.com\/Ifergancollectionmalaga","https:\/\/www.instagram.com\/ifergangallery\/","https:\/\/www.youtube.com\/channel\/UC2O2zZ9BJKhbUFOnu_5mE3g","https:\/\/twitter.com\/Ifergangallery"],"logo":{"@type":"ImageObject","@id":"https:\/\/ifergangallery.com\/#logo","inLanguage":"es","url":"https:\/\/ifergangallery.com\/wp-content\/uploads\/2021\/09\/Imagotipo_blanco-e1637271379231.png","contentUrl":"https:\/\/ifergangallery.com\/wp-content\/uploads\/2021\/09\/Imagotipo_blanco-e1637271379231.png","width":1920,"height":1065,"caption":"Ifergan Gallery"},"image":{"@id":"https:\/\/ifergangallery.com\/#logo"}},{"@type":"WebSite","@id":"https:\/\/ifergangallery.com\/#website","url":"https:\/\/ifergangallery.com\/","name":"Ifergan Gallery","description":"Ancient Art Gallery","publisher":{"@id":"https:\/\/ifergangallery.com\/#organization"},"potentialAction":[{"@type":"SearchAction","target":{"@type":"EntryPoint","urlTemplate":"https:\/\/ifergangallery.com\/?s={search_term_string}"},"query-input":"required name=search_term_string"}],"inLanguage":"es"},{"@type":"ImageObject","@id":"https:\/\/ifergangallery.com\/es\/piece\/gran-kore-griega-de-terracota-periodo-arcaico-500-a-c\/#primaryimage","inLanguage":"es","url":"https:\/\/ifergangallery.com\/wp-content\/uploads\/2021\/10\/bai003-6-1.jpg","contentUrl":"https:\/\/ifergangallery.com\/wp-content\/uploads\/2021\/10\/bai003-6-1.jpg","width":1920,"height":1920},{"@type":"WebPage","@id":"https:\/\/ifergangallery.com\/es\/piece\/gran-kore-griega-de-terracota-periodo-arcaico-500-a-c\/#webpage","url":"https:\/\/ifergangallery.com\/es\/piece\/gran-kore-griega-de-terracota-periodo-arcaico-500-a-c\/","name":"Gran kor\u00e9 griega de terracota, Per\u00edodo Arcaico, 500 a.C. &ndash; Ifergan Gallery","isPartOf":{"@id":"https:\/\/ifergangallery.com\/#website"},"primaryImageOfPage":{"@id":"https:\/\/ifergangallery.com\/es\/piece\/gran-kore-griega-de-terracota-periodo-arcaico-500-a-c\/#primaryimage"},"datePublished":"2021-10-19T09:49:28+00:00","dateModified":"2024-10-08T09:36:14+00:00","breadcrumb":{"@id":"https:\/\/ifergangallery.com\/es\/piece\/gran-kore-griega-de-terracota-periodo-arcaico-500-a-c\/#breadcrumb"},"inLanguage":"es","potentialAction":[{"@type":"ReadAction","target":["https:\/\/ifergangallery.com\/es\/piece\/gran-kore-griega-de-terracota-periodo-arcaico-500-a-c\/"]}]},{"@type":"BreadcrumbList","@id":"https:\/\/ifergangallery.com\/es\/piece\/gran-kore-griega-de-terracota-periodo-arcaico-500-a-c\/#breadcrumb","itemListElement":[{"@type":"ListItem","position":1,"name":"Home","item":"https:\/\/ifergangallery.com\/es\/"},{"@type":"ListItem","position":2,"name":"Works of art","item":"https:\/\/ifergangallery.com\/es\/works_of_art\/"},{"@type":"ListItem","position":3,"name":"Gran kor\u00e9 griega de terracota, Per\u00edodo Arcaico, 500 a.C."}]}]}},"_links":{"self":[{"href":"https:\/\/ifergangallery.com\/es\/wp-json\/wp\/v2\/product\/2412"}],"collection":[{"href":"https:\/\/ifergangallery.com\/es\/wp-json\/wp\/v2\/product"}],"about":[{"href":"https:\/\/ifergangallery.com\/es\/wp-json\/wp\/v2\/types\/product"}],"replies":[{"embeddable":true,"href":"https:\/\/ifergangallery.com\/es\/wp-json\/wp\/v2\/comments?post=2412"}],"wp:featuredmedia":[{"embeddable":true,"href":"https:\/\/ifergangallery.com\/es\/wp-json\/wp\/v2\/media\/8678"}],"wp:attachment":[{"href":"https:\/\/ifergangallery.com\/es\/wp-json\/wp\/v2\/media?parent=2412"}],"wp:term":[{"taxonomy":"product_cat","embeddable":true,"href":"https:\/\/ifergangallery.com\/es\/wp-json\/wp\/v2\/product_cat?post=2412"},{"taxonomy":"product_tag","embeddable":true,"href":"https:\/\/ifergangallery.com\/es\/wp-json\/wp\/v2\/product_tag?post=2412"}],"curies":[{"name":"wp","href":"https:\/\/api.w.org\/{rel}","templated":true}]}}