{"id":2425,"date":"2023-10-19T09:52:06","date_gmt":"2023-10-19T09:52:06","guid":{"rendered":"https:\/\/snackjerusalem.com\/piece\/fragmento-de-relieve-romano-en-marmol-representando-a-un-centauro-armado-con-una-lanza-s-ii-d-c\/"},"modified":"2026-02-03T14:15:43","modified_gmt":"2026-02-03T14:15:43","slug":"fragmento-de-relieve-romano-en-marmol-representando-a-un-centauro-armado-con-una-lanza-s-ii-d-c","status":"publish","type":"product","link":"https:\/\/ifergangallery.com\/es\/piece\/fragmento-de-relieve-romano-en-marmol-representando-a-un-centauro-armado-con-una-lanza-s-ii-d-c\/","title":{"rendered":"Fragmento de relieve romano en m\u00e1rmol representando a un centauro, S. II d.C."},"content":{"rendered":"<p style=\"text-align: justify;\"><span dir=\"auto\" style=\"vertical-align: inherit;\"><span dir=\"auto\" style=\"vertical-align: inherit;\"><span dir=\"auto\" style=\"vertical-align: inherit;\"><span dir=\"auto\" style=\"vertical-align: inherit;\">Siguiendo la est\u00e9tica griega, este relieve presenta el torso de un centauro con el cabello rizado y el rostro de perfil, con la cabeza girada hacia su izquierda. En el rostro se pueden apreciar los ojos almendrados de influencia griega y una expresi\u00f3n de tensi\u00f3n contenida que muestra el momento de acci\u00f3n e ira que est\u00e1 viviendo este personaje. Al tener el pecho descubierto se puede observar el excelente estudio anat\u00f3mico de los m\u00fasculos. Con sendos brazos doblados por el codo, impulsa una lanza atacando hacia la izquierda siguiendo su mirada.<\/span><\/span><\/span><\/span><\/p>\n<p style=\"text-align: justify;\"><span dir=\"auto\" style=\"vertical-align: inherit;\"><span dir=\"auto\" style=\"vertical-align: inherit;\"><span dir=\"auto\" style=\"vertical-align: inherit;\"><span dir=\"auto\" style=\"vertical-align: inherit;\">Los antiguos griegos, magn\u00edficos escultores, utilizaban la imagen desnuda como el icono de la personalidad, el cuerpo desprovisto de las distracciones y disfraces de la vestimenta.<\/span><\/span><\/span><\/span><\/p>\n<p style=\"text-align: justify;\"><span dir=\"auto\" style=\"vertical-align: inherit;\"><span dir=\"auto\" style=\"vertical-align: inherit;\"><span dir=\"auto\" style=\"vertical-align: inherit;\"><span dir=\"auto\" style=\"vertical-align: inherit;\">Los relieves griegos se caracterizaban por utilizarse para ornamentar los edificios provey\u00e9ndolos de fuerza contenida. Unos relieves que, aunque muestran movimiento y narratividad, son contenidos.<\/span><\/span><\/span><\/span><\/p>\n<p style=\"text-align: justify;\"><span dir=\"auto\" style=\"vertical-align: inherit;\"><span dir=\"auto\" style=\"vertical-align: inherit;\"><span dir=\"auto\" style=\"vertical-align: inherit;\"><span dir=\"auto\" style=\"vertical-align: inherit;\">El centauro es un icono griego de la lucha entre la barbarie y la civilizaci\u00f3n. Su cuerpo est\u00e1 formado por cabeza, torso y brazos humanos y las piernas se convierten en el cuerpo cuadr\u00fapedo de un caballo.<\/span><\/span><\/span><\/span><\/p>\n<p style=\"text-align: justify;\"><span dir=\"auto\" style=\"vertical-align: inherit;\"><span dir=\"auto\" style=\"vertical-align: inherit;\"><span dir=\"auto\" style=\"vertical-align: inherit;\"><span dir=\"auto\" style=\"vertical-align: inherit;\">Una de las composiciones en relieve m\u00e1s populares era la centauromaquia representada en uno de los 4 frisos del Parten\u00f3n. En ella se cuenta la batalla que tuvieron los lapitas y los centauros. Los centauros fueron invitados como muestra de paz a la boda del rey de los lapitas y su mujer, estos se emborrachan y comienzan a raptar a las mujeres del pueblo, comenzando as\u00ed una cruenta guerra entre los dos pueblos. Este episodio ha sido representado en relieves en varias ocasiones, al ser perfecto para el estudio anat\u00f3mico humano y animal, as\u00ed como el estudio compositivo. Muchas obras han sido inspiradas por el friso del Parten\u00f3n.<\/span><\/span><\/span><\/span><\/p>\n<p style=\"text-align: justify;\"><span dir=\"auto\" style=\"vertical-align: inherit;\"><span dir=\"auto\" style=\"vertical-align: inherit;\"><span dir=\"auto\" style=\"vertical-align: inherit;\"><span dir=\"auto\" style=\"vertical-align: inherit;\">Normalmente representados de forma masculina, representan la fuerza y \u200b\u200b\u200b\u200bvigorosidad de un animal. Vemos como este torso, magn\u00edficamente esculpido, porta en la mano un palo, ya que se encontrar\u00eda en lucha, que era una de las principales facetas de los centauros, siempre b\u00e9licos.<\/span><\/span><\/span><\/span><\/p>\n<p style=\"text-align: justify;\"><span dir=\"auto\" style=\"vertical-align: inherit;\"><span dir=\"auto\" style=\"vertical-align: inherit;\"><span dir=\"auto\" style=\"vertical-align: inherit;\"><span dir=\"auto\" style=\"vertical-align: inherit;\">La fuerza de este relieve reside adem\u00e1s de su precisi\u00f3n escult\u00f3rica en la expresi\u00f3n contenida de su rostro enfrentada al movimiento de su pelo y su cuerpo.<\/span><\/span><\/span><\/span><\/p>","protected":false},"excerpt":{"rendered":"<p>Siguiendo la est\u00e9tica griega, este relieve presenta el torso de un centauro con el cabello rizado y el rostro de perfil, con la cabeza girada hacia su izquierda. En el rostro se pueden apreciar los ojos almendrados de influencia griega y una expresi\u00f3n de tensi\u00f3n contenida que muestra el momento de acci\u00f3n e ira que &hellip;<\/p>\n<p class=\"read-more\"> <a class=\"\" href=\"https:\/\/ifergangallery.com\/es\/piece\/fragmento-de-relieve-romano-en-marmol-representando-a-un-centauro-armado-con-una-lanza-s-ii-d-c\/\"> <span class=\"screen-reader-text\">Fragmento de relieve romano en m\u00e1rmol representando a un centauro, S. II d.C.<\/span> Leer m\u00e1s &raquo;<\/a><\/p>","protected":false},"featured_media":12946,"comment_status":"closed","ping_status":"closed","template":"","meta":{"spay_email":""},"product_cat":[112,490],"product_tag":[421,805,802,216],"yoast_head":"<!-- This site is optimized with the Yoast SEO Premium plugin v17.6 (Yoast SEO v17.6) - https:\/\/yoast.com\/wordpress\/plugins\/seo\/ -->\n<title>Fragmento de relieve romano en m\u00e1rmol representando a un centauro, S. II d.C. &ndash; Ifergan Gallery<\/title>\n<meta name=\"robots\" content=\"index, follow, max-snippet:-1, max-image-preview:large, max-video-preview:-1\" \/>\n<link rel=\"canonical\" href=\"https:\/\/ifergangallery.com\/es\/piece\/fragmento-de-relieve-romano-en-marmol-representando-a-un-centauro-armado-con-una-lanza-s-ii-d-c\/\" \/>\n<meta property=\"og:locale\" content=\"es_ES\" \/>\n<meta property=\"og:type\" content=\"article\" \/>\n<meta property=\"og:title\" content=\"Fragmento de relieve romano en m\u00e1rmol representando a un centauro, S. II d.C.\" \/>\n<meta property=\"og:description\" content=\"Siguiendo la est\u00e9tica griega, este relieve presenta el torso de un centauro con el cabello rizado y el rostro de perfil, con la cabeza girada hacia su izquierda. En el rostro se pueden apreciar los ojos almendrados de influencia griega y una expresi\u00f3n de tensi\u00f3n contenida que muestra el momento de acci\u00f3n e ira que &hellip; Fragmento de relieve romano en m\u00e1rmol representando a un centauro, S. II d.C. Leer m\u00e1s &raquo;\" \/>\n<meta property=\"og:url\" content=\"https:\/\/ifergangallery.com\/es\/piece\/fragmento-de-relieve-romano-en-marmol-representando-a-un-centauro-armado-con-una-lanza-s-ii-d-c\/\" \/>\n<meta property=\"og:site_name\" content=\"Ifergan Gallery\" \/>\n<meta property=\"article:publisher\" content=\"https:\/\/www.facebook.com\/Ifergancollectionmalaga\" \/>\n<meta property=\"article:modified_time\" content=\"2026-02-03T14:15:43+00:00\" \/>\n<meta property=\"og:image\" content=\"https:\/\/ifergangallery.com\/wp-content\/uploads\/2021\/10\/ars027_001-1.jpg\" \/>\n\t<meta property=\"og:image:width\" content=\"1315\" \/>\n\t<meta property=\"og:image:height\" content=\"1315\" \/>\n<meta name=\"twitter:card\" content=\"summary_large_image\" \/>\n<meta name=\"twitter:site\" content=\"@Ifergangallery\" \/>\n<meta name=\"twitter:label1\" content=\"Tiempo de lectura\" \/>\n\t<meta name=\"twitter:data1\" content=\"2 minutos\" \/>\n<script type=\"application\/ld+json\" class=\"yoast-schema-graph\">{\"@context\":\"https:\/\/schema.org\",\"@graph\":[{\"@type\":\"Organization\",\"@id\":\"https:\/\/ifergangallery.com\/#organization\",\"name\":\"Ifergan Gallery\",\"url\":\"https:\/\/ifergangallery.com\/\",\"sameAs\":[\"https:\/\/www.facebook.com\/Ifergancollectionmalaga\",\"https:\/\/www.instagram.com\/ifergangallery\/\",\"https:\/\/www.youtube.com\/channel\/UC2O2zZ9BJKhbUFOnu_5mE3g\",\"https:\/\/twitter.com\/Ifergangallery\"],\"logo\":{\"@type\":\"ImageObject\",\"@id\":\"https:\/\/ifergangallery.com\/#logo\",\"inLanguage\":\"es\",\"url\":\"https:\/\/ifergangallery.com\/wp-content\/uploads\/2021\/09\/Imagotipo_blanco-e1637271379231.png\",\"contentUrl\":\"https:\/\/ifergangallery.com\/wp-content\/uploads\/2021\/09\/Imagotipo_blanco-e1637271379231.png\",\"width\":1920,\"height\":1065,\"caption\":\"Ifergan Gallery\"},\"image\":{\"@id\":\"https:\/\/ifergangallery.com\/#logo\"}},{\"@type\":\"WebSite\",\"@id\":\"https:\/\/ifergangallery.com\/#website\",\"url\":\"https:\/\/ifergangallery.com\/\",\"name\":\"Ifergan Gallery\",\"description\":\"Ancient Art Gallery\",\"publisher\":{\"@id\":\"https:\/\/ifergangallery.com\/#organization\"},\"potentialAction\":[{\"@type\":\"SearchAction\",\"target\":{\"@type\":\"EntryPoint\",\"urlTemplate\":\"https:\/\/ifergangallery.com\/?s={search_term_string}\"},\"query-input\":\"required name=search_term_string\"}],\"inLanguage\":\"es\"},{\"@type\":\"ImageObject\",\"@id\":\"https:\/\/ifergangallery.com\/es\/piece\/fragmento-de-relieve-romano-en-marmol-representando-a-un-centauro-armado-con-una-lanza-s-ii-d-c\/#primaryimage\",\"inLanguage\":\"es\",\"url\":\"https:\/\/ifergangallery.com\/wp-content\/uploads\/2021\/10\/ars027_001-1.jpg\",\"contentUrl\":\"https:\/\/ifergangallery.com\/wp-content\/uploads\/2021\/10\/ars027_001-1.jpg\",\"width\":1315,\"height\":1315},{\"@type\":\"WebPage\",\"@id\":\"https:\/\/ifergangallery.com\/es\/piece\/fragmento-de-relieve-romano-en-marmol-representando-a-un-centauro-armado-con-una-lanza-s-ii-d-c\/#webpage\",\"url\":\"https:\/\/ifergangallery.com\/es\/piece\/fragmento-de-relieve-romano-en-marmol-representando-a-un-centauro-armado-con-una-lanza-s-ii-d-c\/\",\"name\":\"Fragmento de relieve romano en m\\u00e1rmol representando a un centauro, S. II d.C. &ndash; Ifergan Gallery\",\"isPartOf\":{\"@id\":\"https:\/\/ifergangallery.com\/#website\"},\"primaryImageOfPage\":{\"@id\":\"https:\/\/ifergangallery.com\/es\/piece\/fragmento-de-relieve-romano-en-marmol-representando-a-un-centauro-armado-con-una-lanza-s-ii-d-c\/#primaryimage\"},\"datePublished\":\"2023-10-19T09:52:06+00:00\",\"dateModified\":\"2026-02-03T14:15:43+00:00\",\"breadcrumb\":{\"@id\":\"https:\/\/ifergangallery.com\/es\/piece\/fragmento-de-relieve-romano-en-marmol-representando-a-un-centauro-armado-con-una-lanza-s-ii-d-c\/#breadcrumb\"},\"inLanguage\":\"es\",\"potentialAction\":[{\"@type\":\"ReadAction\",\"target\":[\"https:\/\/ifergangallery.com\/es\/piece\/fragmento-de-relieve-romano-en-marmol-representando-a-un-centauro-armado-con-una-lanza-s-ii-d-c\/\"]}]},{\"@type\":\"BreadcrumbList\",\"@id\":\"https:\/\/ifergangallery.com\/es\/piece\/fragmento-de-relieve-romano-en-marmol-representando-a-un-centauro-armado-con-una-lanza-s-ii-d-c\/#breadcrumb\",\"itemListElement\":[{\"@type\":\"ListItem\",\"position\":1,\"name\":\"Home\",\"item\":\"https:\/\/ifergangallery.com\/es\/\"},{\"@type\":\"ListItem\",\"position\":2,\"name\":\"Works of art\",\"item\":\"https:\/\/ifergangallery.com\/es\/works_of_art\/\"},{\"@type\":\"ListItem\",\"position\":3,\"name\":\"Fragmento de relieve romano en m\\u00e1rmol representando a un centauro, S. II d.C.\"}]}]}<\/script>\n<!-- \/ Yoast SEO Premium plugin. -->","yoast_head_json":{"title":"Fragmento de relieve romano en m\u00e1rmol representando a un centauro, S. II d.C. &ndash; Ifergan Gallery","robots":{"index":"index","follow":"follow","max-snippet":"max-snippet:-1","max-image-preview":"max-image-preview:large","max-video-preview":"max-video-preview:-1"},"canonical":"https:\/\/ifergangallery.com\/es\/piece\/fragmento-de-relieve-romano-en-marmol-representando-a-un-centauro-armado-con-una-lanza-s-ii-d-c\/","og_locale":"es_ES","og_type":"article","og_title":"Fragmento de relieve romano en m\u00e1rmol representando a un centauro, S. II d.C.","og_description":"Siguiendo la est\u00e9tica griega, este relieve presenta el torso de un centauro con el cabello rizado y el rostro de perfil, con la cabeza girada hacia su izquierda. En el rostro se pueden apreciar los ojos almendrados de influencia griega y una expresi\u00f3n de tensi\u00f3n contenida que muestra el momento de acci\u00f3n e ira que &hellip; Fragmento de relieve romano en m\u00e1rmol representando a un centauro, S. II d.C. Leer m\u00e1s &raquo;","og_url":"https:\/\/ifergangallery.com\/es\/piece\/fragmento-de-relieve-romano-en-marmol-representando-a-un-centauro-armado-con-una-lanza-s-ii-d-c\/","og_site_name":"Ifergan Gallery","article_publisher":"https:\/\/www.facebook.com\/Ifergancollectionmalaga","article_modified_time":"2026-02-03T14:15:43+00:00","og_image":[{"width":1315,"height":1315,"url":"https:\/\/ifergangallery.com\/wp-content\/uploads\/2021\/10\/ars027_001-1.jpg","type":"image\/jpeg"}],"twitter_card":"summary_large_image","twitter_site":"@Ifergangallery","twitter_misc":{"Tiempo de lectura":"2 minutos"},"schema":{"@context":"https:\/\/schema.org","@graph":[{"@type":"Organization","@id":"https:\/\/ifergangallery.com\/#organization","name":"Ifergan Gallery","url":"https:\/\/ifergangallery.com\/","sameAs":["https:\/\/www.facebook.com\/Ifergancollectionmalaga","https:\/\/www.instagram.com\/ifergangallery\/","https:\/\/www.youtube.com\/channel\/UC2O2zZ9BJKhbUFOnu_5mE3g","https:\/\/twitter.com\/Ifergangallery"],"logo":{"@type":"ImageObject","@id":"https:\/\/ifergangallery.com\/#logo","inLanguage":"es","url":"https:\/\/ifergangallery.com\/wp-content\/uploads\/2021\/09\/Imagotipo_blanco-e1637271379231.png","contentUrl":"https:\/\/ifergangallery.com\/wp-content\/uploads\/2021\/09\/Imagotipo_blanco-e1637271379231.png","width":1920,"height":1065,"caption":"Ifergan Gallery"},"image":{"@id":"https:\/\/ifergangallery.com\/#logo"}},{"@type":"WebSite","@id":"https:\/\/ifergangallery.com\/#website","url":"https:\/\/ifergangallery.com\/","name":"Ifergan Gallery","description":"Ancient Art Gallery","publisher":{"@id":"https:\/\/ifergangallery.com\/#organization"},"potentialAction":[{"@type":"SearchAction","target":{"@type":"EntryPoint","urlTemplate":"https:\/\/ifergangallery.com\/?s={search_term_string}"},"query-input":"required name=search_term_string"}],"inLanguage":"es"},{"@type":"ImageObject","@id":"https:\/\/ifergangallery.com\/es\/piece\/fragmento-de-relieve-romano-en-marmol-representando-a-un-centauro-armado-con-una-lanza-s-ii-d-c\/#primaryimage","inLanguage":"es","url":"https:\/\/ifergangallery.com\/wp-content\/uploads\/2021\/10\/ars027_001-1.jpg","contentUrl":"https:\/\/ifergangallery.com\/wp-content\/uploads\/2021\/10\/ars027_001-1.jpg","width":1315,"height":1315},{"@type":"WebPage","@id":"https:\/\/ifergangallery.com\/es\/piece\/fragmento-de-relieve-romano-en-marmol-representando-a-un-centauro-armado-con-una-lanza-s-ii-d-c\/#webpage","url":"https:\/\/ifergangallery.com\/es\/piece\/fragmento-de-relieve-romano-en-marmol-representando-a-un-centauro-armado-con-una-lanza-s-ii-d-c\/","name":"Fragmento de relieve romano en m\u00e1rmol representando a un centauro, S. II d.C. &ndash; Ifergan Gallery","isPartOf":{"@id":"https:\/\/ifergangallery.com\/#website"},"primaryImageOfPage":{"@id":"https:\/\/ifergangallery.com\/es\/piece\/fragmento-de-relieve-romano-en-marmol-representando-a-un-centauro-armado-con-una-lanza-s-ii-d-c\/#primaryimage"},"datePublished":"2023-10-19T09:52:06+00:00","dateModified":"2026-02-03T14:15:43+00:00","breadcrumb":{"@id":"https:\/\/ifergangallery.com\/es\/piece\/fragmento-de-relieve-romano-en-marmol-representando-a-un-centauro-armado-con-una-lanza-s-ii-d-c\/#breadcrumb"},"inLanguage":"es","potentialAction":[{"@type":"ReadAction","target":["https:\/\/ifergangallery.com\/es\/piece\/fragmento-de-relieve-romano-en-marmol-representando-a-un-centauro-armado-con-una-lanza-s-ii-d-c\/"]}]},{"@type":"BreadcrumbList","@id":"https:\/\/ifergangallery.com\/es\/piece\/fragmento-de-relieve-romano-en-marmol-representando-a-un-centauro-armado-con-una-lanza-s-ii-d-c\/#breadcrumb","itemListElement":[{"@type":"ListItem","position":1,"name":"Home","item":"https:\/\/ifergangallery.com\/es\/"},{"@type":"ListItem","position":2,"name":"Works of art","item":"https:\/\/ifergangallery.com\/es\/works_of_art\/"},{"@type":"ListItem","position":3,"name":"Fragmento de relieve romano en m\u00e1rmol representando a un centauro, S. II d.C."}]}]}},"_links":{"self":[{"href":"https:\/\/ifergangallery.com\/es\/wp-json\/wp\/v2\/product\/2425"}],"collection":[{"href":"https:\/\/ifergangallery.com\/es\/wp-json\/wp\/v2\/product"}],"about":[{"href":"https:\/\/ifergangallery.com\/es\/wp-json\/wp\/v2\/types\/product"}],"replies":[{"embeddable":true,"href":"https:\/\/ifergangallery.com\/es\/wp-json\/wp\/v2\/comments?post=2425"}],"wp:featuredmedia":[{"embeddable":true,"href":"https:\/\/ifergangallery.com\/es\/wp-json\/wp\/v2\/media\/12946"}],"wp:attachment":[{"href":"https:\/\/ifergangallery.com\/es\/wp-json\/wp\/v2\/media?parent=2425"}],"wp:term":[{"taxonomy":"product_cat","embeddable":true,"href":"https:\/\/ifergangallery.com\/es\/wp-json\/wp\/v2\/product_cat?post=2425"},{"taxonomy":"product_tag","embeddable":true,"href":"https:\/\/ifergangallery.com\/es\/wp-json\/wp\/v2\/product_tag?post=2425"}],"curies":[{"name":"wp","href":"https:\/\/api.w.org\/{rel}","templated":true}]}}