{"id":2429,"date":"2021-10-19T09:52:21","date_gmt":"2021-10-19T09:52:21","guid":{"rendered":"https:\/\/snackjerusalem.com\/piece\/pareja-de-caballos-griegos-de-canosa-en-terracota-300-a-c\/"},"modified":"2022-12-01T09:30:48","modified_gmt":"2022-12-01T09:30:48","slug":"pareja-de-caballos-griegos-de-canosa-en-terracota-300-a-c","status":"publish","type":"product","link":"https:\/\/ifergangallery.com\/es\/piece\/pareja-de-caballos-griegos-de-canosa-en-terracota-300-a-c\/","title":{"rendered":"Pareja de caballos griegos de Canosa en terracota, 300 a.C."},"content":{"rendered":"<p style=\"text-align: justify;\">Ambos caballos representados se alzan con las patas delanteras proyectadas hacia adelante, usando elaboradas bridas decoradas con discos, las melenas atadas con un nudo superior, los cuerpos con engobe blanco, conservando rastros de policrom\u00eda.<\/p>\n<p>Estos elementos son muy detallados, lo que se aprecia tanto en la fisonom\u00eda del animal como en las cuerdas y apliques que decoran la cabeza del caballo. Las figuras parecen formar parte de una escultura con un carruaje o con otra pieza m\u00e1s grande, ya que el caballo tiene las patas levantadas en se\u00f1al de carrera.<\/p>","protected":false},"excerpt":{"rendered":"<p>Ambos caballos representados se alzan con las patas delanteras proyectadas hacia adelante, usando elaboradas bridas decoradas con discos, las melenas atadas con un nudo superior, los cuerpos con engobe blanco, conservando rastros de policrom\u00eda. Estos elementos son muy detallados, lo que se aprecia tanto en la fisonom\u00eda del animal como en las cuerdas y apliques &hellip;<\/p>\n<p class=\"read-more\"> <a class=\"\" href=\"https:\/\/ifergangallery.com\/es\/piece\/pareja-de-caballos-griegos-de-canosa-en-terracota-300-a-c\/\"> <span class=\"screen-reader-text\">Pareja de caballos griegos de Canosa en terracota, 300 a.C.<\/span> Leer m\u00e1s &raquo;<\/a><\/p>","protected":false},"featured_media":8653,"comment_status":"closed","ping_status":"closed","template":"","meta":{"spay_email":""},"product_cat":[111,457],"product_tag":[211],"yoast_head":"<!-- This site is optimized with the Yoast SEO Premium plugin v17.6 (Yoast SEO v17.6) - https:\/\/yoast.com\/wordpress\/plugins\/seo\/ -->\n<title>Pareja de caballos griegos de Canosa en terracota, 300 a.C. &ndash; Ifergan Gallery<\/title>\n<meta name=\"robots\" content=\"index, follow, max-snippet:-1, max-image-preview:large, max-video-preview:-1\" \/>\n<link rel=\"canonical\" href=\"https:\/\/ifergangallery.com\/es\/piece\/pareja-de-caballos-griegos-de-canosa-en-terracota-300-a-c\/\" \/>\n<meta property=\"og:locale\" content=\"es_ES\" \/>\n<meta property=\"og:type\" content=\"article\" \/>\n<meta property=\"og:title\" content=\"Pareja de caballos griegos de Canosa en terracota, 300 a.C.\" \/>\n<meta property=\"og:description\" content=\"Ambos caballos representados se alzan con las patas delanteras proyectadas hacia adelante, usando elaboradas bridas decoradas con discos, las melenas atadas con un nudo superior, los cuerpos con engobe blanco, conservando rastros de policrom\u00eda. Estos elementos son muy detallados, lo que se aprecia tanto en la fisonom\u00eda del animal como en las cuerdas y apliques &hellip; Pareja de caballos griegos de Canosa en terracota, 300 a.C. Leer m\u00e1s &raquo;\" \/>\n<meta property=\"og:url\" content=\"https:\/\/ifergangallery.com\/es\/piece\/pareja-de-caballos-griegos-de-canosa-en-terracota-300-a-c\/\" \/>\n<meta property=\"og:site_name\" content=\"Ifergan Gallery\" \/>\n<meta property=\"article:publisher\" content=\"https:\/\/www.facebook.com\/Ifergancollectionmalaga\" \/>\n<meta property=\"article:modified_time\" content=\"2022-12-01T09:30:48+00:00\" \/>\n<meta property=\"og:image\" content=\"https:\/\/ifergangallery.com\/wp-content\/uploads\/2021\/10\/bhm123-2-scaled.jpg\" \/>\n\t<meta property=\"og:image:width\" content=\"2560\" \/>\n\t<meta property=\"og:image:height\" content=\"2560\" \/>\n<meta name=\"twitter:card\" content=\"summary_large_image\" \/>\n<meta name=\"twitter:site\" content=\"@Ifergangallery\" \/>\n<meta name=\"twitter:label1\" content=\"Tiempo de lectura\" \/>\n\t<meta name=\"twitter:data1\" content=\"1 minuto\" \/>\n<script type=\"application\/ld+json\" class=\"yoast-schema-graph\">{\"@context\":\"https:\/\/schema.org\",\"@graph\":[{\"@type\":\"Organization\",\"@id\":\"https:\/\/ifergangallery.com\/#organization\",\"name\":\"Ifergan Gallery\",\"url\":\"https:\/\/ifergangallery.com\/\",\"sameAs\":[\"https:\/\/www.facebook.com\/Ifergancollectionmalaga\",\"https:\/\/www.instagram.com\/ifergangallery\/\",\"https:\/\/www.youtube.com\/channel\/UC2O2zZ9BJKhbUFOnu_5mE3g\",\"https:\/\/twitter.com\/Ifergangallery\"],\"logo\":{\"@type\":\"ImageObject\",\"@id\":\"https:\/\/ifergangallery.com\/#logo\",\"inLanguage\":\"es\",\"url\":\"https:\/\/ifergangallery.com\/wp-content\/uploads\/2021\/09\/Imagotipo_blanco-e1637271379231.png\",\"contentUrl\":\"https:\/\/ifergangallery.com\/wp-content\/uploads\/2021\/09\/Imagotipo_blanco-e1637271379231.png\",\"width\":1920,\"height\":1065,\"caption\":\"Ifergan Gallery\"},\"image\":{\"@id\":\"https:\/\/ifergangallery.com\/#logo\"}},{\"@type\":\"WebSite\",\"@id\":\"https:\/\/ifergangallery.com\/#website\",\"url\":\"https:\/\/ifergangallery.com\/\",\"name\":\"Ifergan Gallery\",\"description\":\"Ancient Art Gallery\",\"publisher\":{\"@id\":\"https:\/\/ifergangallery.com\/#organization\"},\"potentialAction\":[{\"@type\":\"SearchAction\",\"target\":{\"@type\":\"EntryPoint\",\"urlTemplate\":\"https:\/\/ifergangallery.com\/?s={search_term_string}\"},\"query-input\":\"required name=search_term_string\"}],\"inLanguage\":\"es\"},{\"@type\":\"ImageObject\",\"@id\":\"https:\/\/ifergangallery.com\/es\/piece\/pareja-de-caballos-griegos-de-canosa-en-terracota-300-a-c\/#primaryimage\",\"inLanguage\":\"es\",\"url\":\"https:\/\/ifergangallery.com\/wp-content\/uploads\/2021\/10\/bhm123-2-scaled.jpg\",\"contentUrl\":\"https:\/\/ifergangallery.com\/wp-content\/uploads\/2021\/10\/bhm123-2-scaled.jpg\",\"width\":2560,\"height\":2560},{\"@type\":\"WebPage\",\"@id\":\"https:\/\/ifergangallery.com\/es\/piece\/pareja-de-caballos-griegos-de-canosa-en-terracota-300-a-c\/#webpage\",\"url\":\"https:\/\/ifergangallery.com\/es\/piece\/pareja-de-caballos-griegos-de-canosa-en-terracota-300-a-c\/\",\"name\":\"Pareja de caballos griegos de Canosa en terracota, 300 a.C. &ndash; Ifergan Gallery\",\"isPartOf\":{\"@id\":\"https:\/\/ifergangallery.com\/#website\"},\"primaryImageOfPage\":{\"@id\":\"https:\/\/ifergangallery.com\/es\/piece\/pareja-de-caballos-griegos-de-canosa-en-terracota-300-a-c\/#primaryimage\"},\"datePublished\":\"2021-10-19T09:52:21+00:00\",\"dateModified\":\"2022-12-01T09:30:48+00:00\",\"breadcrumb\":{\"@id\":\"https:\/\/ifergangallery.com\/es\/piece\/pareja-de-caballos-griegos-de-canosa-en-terracota-300-a-c\/#breadcrumb\"},\"inLanguage\":\"es\",\"potentialAction\":[{\"@type\":\"ReadAction\",\"target\":[\"https:\/\/ifergangallery.com\/es\/piece\/pareja-de-caballos-griegos-de-canosa-en-terracota-300-a-c\/\"]}]},{\"@type\":\"BreadcrumbList\",\"@id\":\"https:\/\/ifergangallery.com\/es\/piece\/pareja-de-caballos-griegos-de-canosa-en-terracota-300-a-c\/#breadcrumb\",\"itemListElement\":[{\"@type\":\"ListItem\",\"position\":1,\"name\":\"Home\",\"item\":\"https:\/\/ifergangallery.com\/es\/\"},{\"@type\":\"ListItem\",\"position\":2,\"name\":\"Works of art\",\"item\":\"https:\/\/ifergangallery.com\/es\/works_of_art\/\"},{\"@type\":\"ListItem\",\"position\":3,\"name\":\"Pareja de caballos griegos de Canosa en terracota, 300 a.C.\"}]}]}<\/script>\n<!-- \/ Yoast SEO Premium plugin. -->","yoast_head_json":{"title":"Pareja de caballos griegos de Canosa en terracota, 300 a.C. &ndash; Ifergan Gallery","robots":{"index":"index","follow":"follow","max-snippet":"max-snippet:-1","max-image-preview":"max-image-preview:large","max-video-preview":"max-video-preview:-1"},"canonical":"https:\/\/ifergangallery.com\/es\/piece\/pareja-de-caballos-griegos-de-canosa-en-terracota-300-a-c\/","og_locale":"es_ES","og_type":"article","og_title":"Pareja de caballos griegos de Canosa en terracota, 300 a.C.","og_description":"Ambos caballos representados se alzan con las patas delanteras proyectadas hacia adelante, usando elaboradas bridas decoradas con discos, las melenas atadas con un nudo superior, los cuerpos con engobe blanco, conservando rastros de policrom\u00eda. Estos elementos son muy detallados, lo que se aprecia tanto en la fisonom\u00eda del animal como en las cuerdas y apliques &hellip; Pareja de caballos griegos de Canosa en terracota, 300 a.C. Leer m\u00e1s &raquo;","og_url":"https:\/\/ifergangallery.com\/es\/piece\/pareja-de-caballos-griegos-de-canosa-en-terracota-300-a-c\/","og_site_name":"Ifergan Gallery","article_publisher":"https:\/\/www.facebook.com\/Ifergancollectionmalaga","article_modified_time":"2022-12-01T09:30:48+00:00","og_image":[{"width":2560,"height":2560,"url":"https:\/\/ifergangallery.com\/wp-content\/uploads\/2021\/10\/bhm123-2-scaled.jpg","type":"image\/jpeg"}],"twitter_card":"summary_large_image","twitter_site":"@Ifergangallery","twitter_misc":{"Tiempo de lectura":"1 minuto"},"schema":{"@context":"https:\/\/schema.org","@graph":[{"@type":"Organization","@id":"https:\/\/ifergangallery.com\/#organization","name":"Ifergan Gallery","url":"https:\/\/ifergangallery.com\/","sameAs":["https:\/\/www.facebook.com\/Ifergancollectionmalaga","https:\/\/www.instagram.com\/ifergangallery\/","https:\/\/www.youtube.com\/channel\/UC2O2zZ9BJKhbUFOnu_5mE3g","https:\/\/twitter.com\/Ifergangallery"],"logo":{"@type":"ImageObject","@id":"https:\/\/ifergangallery.com\/#logo","inLanguage":"es","url":"https:\/\/ifergangallery.com\/wp-content\/uploads\/2021\/09\/Imagotipo_blanco-e1637271379231.png","contentUrl":"https:\/\/ifergangallery.com\/wp-content\/uploads\/2021\/09\/Imagotipo_blanco-e1637271379231.png","width":1920,"height":1065,"caption":"Ifergan Gallery"},"image":{"@id":"https:\/\/ifergangallery.com\/#logo"}},{"@type":"WebSite","@id":"https:\/\/ifergangallery.com\/#website","url":"https:\/\/ifergangallery.com\/","name":"Ifergan Gallery","description":"Ancient Art Gallery","publisher":{"@id":"https:\/\/ifergangallery.com\/#organization"},"potentialAction":[{"@type":"SearchAction","target":{"@type":"EntryPoint","urlTemplate":"https:\/\/ifergangallery.com\/?s={search_term_string}"},"query-input":"required name=search_term_string"}],"inLanguage":"es"},{"@type":"ImageObject","@id":"https:\/\/ifergangallery.com\/es\/piece\/pareja-de-caballos-griegos-de-canosa-en-terracota-300-a-c\/#primaryimage","inLanguage":"es","url":"https:\/\/ifergangallery.com\/wp-content\/uploads\/2021\/10\/bhm123-2-scaled.jpg","contentUrl":"https:\/\/ifergangallery.com\/wp-content\/uploads\/2021\/10\/bhm123-2-scaled.jpg","width":2560,"height":2560},{"@type":"WebPage","@id":"https:\/\/ifergangallery.com\/es\/piece\/pareja-de-caballos-griegos-de-canosa-en-terracota-300-a-c\/#webpage","url":"https:\/\/ifergangallery.com\/es\/piece\/pareja-de-caballos-griegos-de-canosa-en-terracota-300-a-c\/","name":"Pareja de caballos griegos de Canosa en terracota, 300 a.C. &ndash; Ifergan Gallery","isPartOf":{"@id":"https:\/\/ifergangallery.com\/#website"},"primaryImageOfPage":{"@id":"https:\/\/ifergangallery.com\/es\/piece\/pareja-de-caballos-griegos-de-canosa-en-terracota-300-a-c\/#primaryimage"},"datePublished":"2021-10-19T09:52:21+00:00","dateModified":"2022-12-01T09:30:48+00:00","breadcrumb":{"@id":"https:\/\/ifergangallery.com\/es\/piece\/pareja-de-caballos-griegos-de-canosa-en-terracota-300-a-c\/#breadcrumb"},"inLanguage":"es","potentialAction":[{"@type":"ReadAction","target":["https:\/\/ifergangallery.com\/es\/piece\/pareja-de-caballos-griegos-de-canosa-en-terracota-300-a-c\/"]}]},{"@type":"BreadcrumbList","@id":"https:\/\/ifergangallery.com\/es\/piece\/pareja-de-caballos-griegos-de-canosa-en-terracota-300-a-c\/#breadcrumb","itemListElement":[{"@type":"ListItem","position":1,"name":"Home","item":"https:\/\/ifergangallery.com\/es\/"},{"@type":"ListItem","position":2,"name":"Works of art","item":"https:\/\/ifergangallery.com\/es\/works_of_art\/"},{"@type":"ListItem","position":3,"name":"Pareja de caballos griegos de Canosa en terracota, 300 a.C."}]}]}},"_links":{"self":[{"href":"https:\/\/ifergangallery.com\/es\/wp-json\/wp\/v2\/product\/2429"}],"collection":[{"href":"https:\/\/ifergangallery.com\/es\/wp-json\/wp\/v2\/product"}],"about":[{"href":"https:\/\/ifergangallery.com\/es\/wp-json\/wp\/v2\/types\/product"}],"replies":[{"embeddable":true,"href":"https:\/\/ifergangallery.com\/es\/wp-json\/wp\/v2\/comments?post=2429"}],"wp:featuredmedia":[{"embeddable":true,"href":"https:\/\/ifergangallery.com\/es\/wp-json\/wp\/v2\/media\/8653"}],"wp:attachment":[{"href":"https:\/\/ifergangallery.com\/es\/wp-json\/wp\/v2\/media?parent=2429"}],"wp:term":[{"taxonomy":"product_cat","embeddable":true,"href":"https:\/\/ifergangallery.com\/es\/wp-json\/wp\/v2\/product_cat?post=2429"},{"taxonomy":"product_tag","embeddable":true,"href":"https:\/\/ifergangallery.com\/es\/wp-json\/wp\/v2\/product_tag?post=2429"}],"curies":[{"name":"wp","href":"https:\/\/api.w.org\/{rel}","templated":true}]}}