{"id":2432,"date":"2021-10-19T09:52:21","date_gmt":"2021-10-19T09:52:21","guid":{"rendered":"https:\/\/snackjerusalem.com\/piece\/escultura-griega-de-cabeza-diosa-demeter-en-marmol-s-iv-a-c\/"},"modified":"2025-11-17T10:24:50","modified_gmt":"2025-11-17T10:24:50","slug":"escultura-griega-de-cabeza-diosa-demeter-en-marmol-s-iv-a-c","status":"publish","type":"product","link":"https:\/\/ifergangallery.com\/es\/piece\/escultura-griega-de-cabeza-diosa-demeter-en-marmol-s-iv-a-c\/","title":{"rendered":"Escultura griega de cabeza diosa Dem\u00e9ter en m\u00e1rmol, S. IV a.C."},"content":{"rendered":"<p><span dir=\"auto\" style=\"vertical-align: inherit;\"><span dir=\"auto\" style=\"vertical-align: inherit;\">Esta cabeza esculpida en m\u00e1rmol es la representaci\u00f3n de la diosa Dem\u00e9ter, hija de Cronos y Rea. Es la diosa protectora de las cosechas, la regeneraci\u00f3n de los campos y la fertilidad de las plantaciones. Es una de las diosas m\u00e1s importantes de la H\u00e9lade y le rindieron culto en numerosas localidades griegas.<\/span><\/span><\/p>\n<p><span dir=\"auto\" style=\"vertical-align: inherit;\"><span dir=\"auto\" style=\"vertical-align: inherit;\">El culto a Dem\u00e9ter se desarroll\u00f3 especialmente en la ciudad de Eleusis, situada al oeste de Atenas, ya que, seg\u00fan el mito, Dem\u00e9ter hab\u00eda parado en esa ciudad a descansar mientras iba en busca de su hija Pers\u00e9fone. Habr\u00eda sido entonces cuando la diosa habr\u00eda encargado la realizaci\u00f3n de un templo y un altar en su honor e incluso habr\u00eda dado las instrucciones del ritual para rendirle culto.<\/span><\/span><\/p>\n<p><span dir=\"auto\" style=\"vertical-align: inherit;\"><span dir=\"auto\" style=\"vertical-align: inherit;\">A nivel art\u00edstico, presenta una dulce talla que presenta una belleza idealizada con rasgos tratados de forma muy sutil. Destaca especialmente el peinado que presenta la mujer, acompa\u00f1ado del velo que cae sobre su cabeza y que caracteriza las representaciones de esta diosa.<\/span><\/span><\/p>\n<p><span dir=\"auto\" style=\"vertical-align: inherit;\"><span dir=\"auto\" style=\"vertical-align: inherit;\">A lo largo del siglo IV a. C. Atenas continu\u00f3 siendo el centro de la vida intelectual griega, a pesar de la p\u00e9rdida de su poder pol\u00edtico. A nivel art\u00edstico, es una etapa que pasa de la armon\u00eda y belleza idealizada a un expresionismo y realismo con teatralidad.<\/span><\/span><\/p>","protected":false},"excerpt":{"rendered":"<p>Esta cabeza esculpida en m\u00e1rmol es la representaci\u00f3n de la diosa Dem\u00e9ter, hija de Cronos y Rea. Es la diosa protectora de las cosechas, la regeneraci\u00f3n de los campos y la fertilidad de las plantaciones. Es una de las diosas m\u00e1s importantes de la H\u00e9lade y le rindieron culto en numerosas localidades griegas. El culto &hellip;<\/p>\n<p class=\"read-more\"> <a class=\"\" href=\"https:\/\/ifergangallery.com\/es\/piece\/escultura-griega-de-cabeza-diosa-demeter-en-marmol-s-iv-a-c\/\"> <span class=\"screen-reader-text\">Escultura griega de cabeza diosa Dem\u00e9ter en m\u00e1rmol, S. IV a.C.<\/span> Leer m\u00e1s &raquo;<\/a><\/p>","protected":false},"featured_media":14969,"comment_status":"closed","ping_status":"closed","template":"","meta":{"spay_email":""},"product_cat":[811,111],"product_tag":[793,380,271,442],"yoast_head":"<!-- This site is optimized with the Yoast SEO Premium plugin v17.6 (Yoast SEO v17.6) - https:\/\/yoast.com\/wordpress\/plugins\/seo\/ -->\n<title>Escultura griega de cabeza diosa Dem\u00e9ter en m\u00e1rmol, S. IV a.C. &ndash; Ifergan Gallery<\/title>\n<meta name=\"robots\" content=\"index, follow, max-snippet:-1, max-image-preview:large, max-video-preview:-1\" \/>\n<link rel=\"canonical\" href=\"https:\/\/ifergangallery.com\/es\/piece\/escultura-griega-de-cabeza-diosa-demeter-en-marmol-s-iv-a-c\/\" \/>\n<meta property=\"og:locale\" content=\"es_ES\" \/>\n<meta property=\"og:type\" content=\"article\" \/>\n<meta property=\"og:title\" content=\"Escultura griega de cabeza diosa Dem\u00e9ter en m\u00e1rmol, S. IV a.C.\" \/>\n<meta property=\"og:description\" content=\"Esta cabeza esculpida en m\u00e1rmol es la representaci\u00f3n de la diosa Dem\u00e9ter, hija de Cronos y Rea. Es la diosa protectora de las cosechas, la regeneraci\u00f3n de los campos y la fertilidad de las plantaciones. Es una de las diosas m\u00e1s importantes de la H\u00e9lade y le rindieron culto en numerosas localidades griegas. El culto &hellip; Escultura griega de cabeza diosa Dem\u00e9ter en m\u00e1rmol, S. IV a.C. Leer m\u00e1s &raquo;\" \/>\n<meta property=\"og:url\" content=\"https:\/\/ifergangallery.com\/es\/piece\/escultura-griega-de-cabeza-diosa-demeter-en-marmol-s-iv-a-c\/\" \/>\n<meta property=\"og:site_name\" content=\"Ifergan Gallery\" \/>\n<meta property=\"article:publisher\" content=\"https:\/\/www.facebook.com\/Ifergancollectionmalaga\" \/>\n<meta property=\"article:modified_time\" content=\"2025-11-17T10:24:50+00:00\" \/>\n<meta property=\"og:image\" content=\"https:\/\/ifergangallery.com\/wp-content\/uploads\/2021\/10\/Fcr0471-1-scaled.jpg\" \/>\n\t<meta property=\"og:image:width\" content=\"2560\" \/>\n\t<meta property=\"og:image:height\" content=\"1707\" \/>\n<meta name=\"twitter:card\" content=\"summary_large_image\" \/>\n<meta name=\"twitter:site\" content=\"@Ifergangallery\" \/>\n<meta name=\"twitter:label1\" content=\"Tiempo de lectura\" \/>\n\t<meta name=\"twitter:data1\" content=\"1 minuto\" \/>\n<script type=\"application\/ld+json\" class=\"yoast-schema-graph\">{\"@context\":\"https:\/\/schema.org\",\"@graph\":[{\"@type\":\"Organization\",\"@id\":\"https:\/\/ifergangallery.com\/#organization\",\"name\":\"Ifergan Gallery\",\"url\":\"https:\/\/ifergangallery.com\/\",\"sameAs\":[\"https:\/\/www.facebook.com\/Ifergancollectionmalaga\",\"https:\/\/www.instagram.com\/ifergangallery\/\",\"https:\/\/www.youtube.com\/channel\/UC2O2zZ9BJKhbUFOnu_5mE3g\",\"https:\/\/twitter.com\/Ifergangallery\"],\"logo\":{\"@type\":\"ImageObject\",\"@id\":\"https:\/\/ifergangallery.com\/#logo\",\"inLanguage\":\"es\",\"url\":\"https:\/\/ifergangallery.com\/wp-content\/uploads\/2021\/09\/Imagotipo_blanco-e1637271379231.png\",\"contentUrl\":\"https:\/\/ifergangallery.com\/wp-content\/uploads\/2021\/09\/Imagotipo_blanco-e1637271379231.png\",\"width\":1920,\"height\":1065,\"caption\":\"Ifergan Gallery\"},\"image\":{\"@id\":\"https:\/\/ifergangallery.com\/#logo\"}},{\"@type\":\"WebSite\",\"@id\":\"https:\/\/ifergangallery.com\/#website\",\"url\":\"https:\/\/ifergangallery.com\/\",\"name\":\"Ifergan Gallery\",\"description\":\"Ancient Art Gallery\",\"publisher\":{\"@id\":\"https:\/\/ifergangallery.com\/#organization\"},\"potentialAction\":[{\"@type\":\"SearchAction\",\"target\":{\"@type\":\"EntryPoint\",\"urlTemplate\":\"https:\/\/ifergangallery.com\/?s={search_term_string}\"},\"query-input\":\"required name=search_term_string\"}],\"inLanguage\":\"es\"},{\"@type\":\"ImageObject\",\"@id\":\"https:\/\/ifergangallery.com\/es\/piece\/escultura-griega-de-cabeza-diosa-demeter-en-marmol-s-iv-a-c\/#primaryimage\",\"inLanguage\":\"es\",\"url\":\"https:\/\/ifergangallery.com\/wp-content\/uploads\/2021\/10\/Fcr0471-1-scaled.jpg\",\"contentUrl\":\"https:\/\/ifergangallery.com\/wp-content\/uploads\/2021\/10\/Fcr0471-1-scaled.jpg\",\"width\":2560,\"height\":1707},{\"@type\":\"WebPage\",\"@id\":\"https:\/\/ifergangallery.com\/es\/piece\/escultura-griega-de-cabeza-diosa-demeter-en-marmol-s-iv-a-c\/#webpage\",\"url\":\"https:\/\/ifergangallery.com\/es\/piece\/escultura-griega-de-cabeza-diosa-demeter-en-marmol-s-iv-a-c\/\",\"name\":\"Escultura griega de cabeza diosa Dem\\u00e9ter en m\\u00e1rmol, S. IV a.C. &ndash; Ifergan Gallery\",\"isPartOf\":{\"@id\":\"https:\/\/ifergangallery.com\/#website\"},\"primaryImageOfPage\":{\"@id\":\"https:\/\/ifergangallery.com\/es\/piece\/escultura-griega-de-cabeza-diosa-demeter-en-marmol-s-iv-a-c\/#primaryimage\"},\"datePublished\":\"2021-10-19T09:52:21+00:00\",\"dateModified\":\"2025-11-17T10:24:50+00:00\",\"breadcrumb\":{\"@id\":\"https:\/\/ifergangallery.com\/es\/piece\/escultura-griega-de-cabeza-diosa-demeter-en-marmol-s-iv-a-c\/#breadcrumb\"},\"inLanguage\":\"es\",\"potentialAction\":[{\"@type\":\"ReadAction\",\"target\":[\"https:\/\/ifergangallery.com\/es\/piece\/escultura-griega-de-cabeza-diosa-demeter-en-marmol-s-iv-a-c\/\"]}]},{\"@type\":\"BreadcrumbList\",\"@id\":\"https:\/\/ifergangallery.com\/es\/piece\/escultura-griega-de-cabeza-diosa-demeter-en-marmol-s-iv-a-c\/#breadcrumb\",\"itemListElement\":[{\"@type\":\"ListItem\",\"position\":1,\"name\":\"Home\",\"item\":\"https:\/\/ifergangallery.com\/es\/\"},{\"@type\":\"ListItem\",\"position\":2,\"name\":\"Works of art\",\"item\":\"https:\/\/ifergangallery.com\/es\/works_of_art\/\"},{\"@type\":\"ListItem\",\"position\":3,\"name\":\"Escultura griega de cabeza diosa Dem\\u00e9ter en m\\u00e1rmol, S. IV a.C.\"}]}]}<\/script>\n<!-- \/ Yoast SEO Premium plugin. -->","yoast_head_json":{"title":"Escultura griega de cabeza diosa Dem\u00e9ter en m\u00e1rmol, S. IV a.C. &ndash; Ifergan Gallery","robots":{"index":"index","follow":"follow","max-snippet":"max-snippet:-1","max-image-preview":"max-image-preview:large","max-video-preview":"max-video-preview:-1"},"canonical":"https:\/\/ifergangallery.com\/es\/piece\/escultura-griega-de-cabeza-diosa-demeter-en-marmol-s-iv-a-c\/","og_locale":"es_ES","og_type":"article","og_title":"Escultura griega de cabeza diosa Dem\u00e9ter en m\u00e1rmol, S. IV a.C.","og_description":"Esta cabeza esculpida en m\u00e1rmol es la representaci\u00f3n de la diosa Dem\u00e9ter, hija de Cronos y Rea. Es la diosa protectora de las cosechas, la regeneraci\u00f3n de los campos y la fertilidad de las plantaciones. Es una de las diosas m\u00e1s importantes de la H\u00e9lade y le rindieron culto en numerosas localidades griegas. El culto &hellip; Escultura griega de cabeza diosa Dem\u00e9ter en m\u00e1rmol, S. IV a.C. Leer m\u00e1s &raquo;","og_url":"https:\/\/ifergangallery.com\/es\/piece\/escultura-griega-de-cabeza-diosa-demeter-en-marmol-s-iv-a-c\/","og_site_name":"Ifergan Gallery","article_publisher":"https:\/\/www.facebook.com\/Ifergancollectionmalaga","article_modified_time":"2025-11-17T10:24:50+00:00","og_image":[{"width":2560,"height":1707,"url":"https:\/\/ifergangallery.com\/wp-content\/uploads\/2021\/10\/Fcr0471-1-scaled.jpg","type":"image\/jpeg"}],"twitter_card":"summary_large_image","twitter_site":"@Ifergangallery","twitter_misc":{"Tiempo de lectura":"1 minuto"},"schema":{"@context":"https:\/\/schema.org","@graph":[{"@type":"Organization","@id":"https:\/\/ifergangallery.com\/#organization","name":"Ifergan Gallery","url":"https:\/\/ifergangallery.com\/","sameAs":["https:\/\/www.facebook.com\/Ifergancollectionmalaga","https:\/\/www.instagram.com\/ifergangallery\/","https:\/\/www.youtube.com\/channel\/UC2O2zZ9BJKhbUFOnu_5mE3g","https:\/\/twitter.com\/Ifergangallery"],"logo":{"@type":"ImageObject","@id":"https:\/\/ifergangallery.com\/#logo","inLanguage":"es","url":"https:\/\/ifergangallery.com\/wp-content\/uploads\/2021\/09\/Imagotipo_blanco-e1637271379231.png","contentUrl":"https:\/\/ifergangallery.com\/wp-content\/uploads\/2021\/09\/Imagotipo_blanco-e1637271379231.png","width":1920,"height":1065,"caption":"Ifergan Gallery"},"image":{"@id":"https:\/\/ifergangallery.com\/#logo"}},{"@type":"WebSite","@id":"https:\/\/ifergangallery.com\/#website","url":"https:\/\/ifergangallery.com\/","name":"Ifergan Gallery","description":"Ancient Art Gallery","publisher":{"@id":"https:\/\/ifergangallery.com\/#organization"},"potentialAction":[{"@type":"SearchAction","target":{"@type":"EntryPoint","urlTemplate":"https:\/\/ifergangallery.com\/?s={search_term_string}"},"query-input":"required name=search_term_string"}],"inLanguage":"es"},{"@type":"ImageObject","@id":"https:\/\/ifergangallery.com\/es\/piece\/escultura-griega-de-cabeza-diosa-demeter-en-marmol-s-iv-a-c\/#primaryimage","inLanguage":"es","url":"https:\/\/ifergangallery.com\/wp-content\/uploads\/2021\/10\/Fcr0471-1-scaled.jpg","contentUrl":"https:\/\/ifergangallery.com\/wp-content\/uploads\/2021\/10\/Fcr0471-1-scaled.jpg","width":2560,"height":1707},{"@type":"WebPage","@id":"https:\/\/ifergangallery.com\/es\/piece\/escultura-griega-de-cabeza-diosa-demeter-en-marmol-s-iv-a-c\/#webpage","url":"https:\/\/ifergangallery.com\/es\/piece\/escultura-griega-de-cabeza-diosa-demeter-en-marmol-s-iv-a-c\/","name":"Escultura griega de cabeza diosa Dem\u00e9ter en m\u00e1rmol, S. IV a.C. &ndash; Ifergan Gallery","isPartOf":{"@id":"https:\/\/ifergangallery.com\/#website"},"primaryImageOfPage":{"@id":"https:\/\/ifergangallery.com\/es\/piece\/escultura-griega-de-cabeza-diosa-demeter-en-marmol-s-iv-a-c\/#primaryimage"},"datePublished":"2021-10-19T09:52:21+00:00","dateModified":"2025-11-17T10:24:50+00:00","breadcrumb":{"@id":"https:\/\/ifergangallery.com\/es\/piece\/escultura-griega-de-cabeza-diosa-demeter-en-marmol-s-iv-a-c\/#breadcrumb"},"inLanguage":"es","potentialAction":[{"@type":"ReadAction","target":["https:\/\/ifergangallery.com\/es\/piece\/escultura-griega-de-cabeza-diosa-demeter-en-marmol-s-iv-a-c\/"]}]},{"@type":"BreadcrumbList","@id":"https:\/\/ifergangallery.com\/es\/piece\/escultura-griega-de-cabeza-diosa-demeter-en-marmol-s-iv-a-c\/#breadcrumb","itemListElement":[{"@type":"ListItem","position":1,"name":"Home","item":"https:\/\/ifergangallery.com\/es\/"},{"@type":"ListItem","position":2,"name":"Works of art","item":"https:\/\/ifergangallery.com\/es\/works_of_art\/"},{"@type":"ListItem","position":3,"name":"Escultura griega de cabeza diosa Dem\u00e9ter en m\u00e1rmol, S. IV a.C."}]}]}},"_links":{"self":[{"href":"https:\/\/ifergangallery.com\/es\/wp-json\/wp\/v2\/product\/2432"}],"collection":[{"href":"https:\/\/ifergangallery.com\/es\/wp-json\/wp\/v2\/product"}],"about":[{"href":"https:\/\/ifergangallery.com\/es\/wp-json\/wp\/v2\/types\/product"}],"replies":[{"embeddable":true,"href":"https:\/\/ifergangallery.com\/es\/wp-json\/wp\/v2\/comments?post=2432"}],"wp:featuredmedia":[{"embeddable":true,"href":"https:\/\/ifergangallery.com\/es\/wp-json\/wp\/v2\/media\/14969"}],"wp:attachment":[{"href":"https:\/\/ifergangallery.com\/es\/wp-json\/wp\/v2\/media?parent=2432"}],"wp:term":[{"taxonomy":"product_cat","embeddable":true,"href":"https:\/\/ifergangallery.com\/es\/wp-json\/wp\/v2\/product_cat?post=2432"},{"taxonomy":"product_tag","embeddable":true,"href":"https:\/\/ifergangallery.com\/es\/wp-json\/wp\/v2\/product_tag?post=2432"}],"curies":[{"name":"wp","href":"https:\/\/api.w.org\/{rel}","templated":true}]}}