{"id":2444,"date":"2021-10-19T10:18:16","date_gmt":"2021-10-19T10:18:16","guid":{"rendered":"https:\/\/snackjerusalem.com\/piece\/cabeza-romana-de-apolo-karneios-en-marmol-s-i-a-c-i-d-c\/"},"modified":"2022-12-01T09:17:04","modified_gmt":"2022-12-01T09:17:04","slug":"cabeza-romana-de-apolo-karneios-en-marmol-s-i-a-c-i-d-c","status":"publish","type":"product","link":"https:\/\/ifergangallery.com\/es\/piece\/cabeza-romana-de-apolo-karneios-en-marmol-s-i-a-c-i-d-c\/","title":{"rendered":"Cabeza romana de Alejandro Magno como &#8220;Apolo Karneios&#8221; en m\u00e1rmol, S. I a.C.-I d.C."},"content":{"rendered":"<p style=\"text-align: justify;\">Esta cabeza es lo que se conoce como retrato a lo divino, es decir, la representaci\u00f3n de un personaje real como si se tratara de una divinidad. Se trata de un rostro joven masculino con el cabello peinado en una banda frontal que termina en cuernos de carnero enrollados alrededor de las orejas.<\/p>\n<p style=\"text-align: justify;\">En este caso el personaje es Alejandro Magno que se encuentra idealizado como Apolo Karneios, un dios d\u00f3rico arcaico, protector de los reba\u00f1os. A diferencia de Zeus-Ammon, Apolo Karneios est\u00e1 representado por una figura poco brillante y fue asimilado por los Cireneos. Su santuario oracular estaba ubicado en el oasis de Siwa, conocido en el mundo helen\u00edstico; fue el tercer santuario m\u00e1s grande dedicado a Apolo despu\u00e9s de Delfos y Didino.<\/p>\n<p style=\"text-align: justify;\">La figura de Apolo Karneios est\u00e1 \u00edntimamente vinculada a la de Alejandro, ya que despu\u00e9s de consultar al or\u00e1culo de Delfos, que predijo que ser\u00eda invencible, el de Didino, corrobor\u00f3 sus poderes haciendo brotar el agua del manantial seco del santuario, y Alejandro fue a Siwa para tener confirmaci\u00f3n de su nacimiento divino y se proclam\u00f3 hijo de Zeus-Amm\u00f3n antes de su conquista del Imperio Persa en el a\u00f1o 331 a.C.<\/p>\n<p style=\"text-align: justify;\">Esta es la primera representaci\u00f3n de Alejandro Magno como Apolo reclamando la filiaci\u00f3n de Zeus; le seguir\u00e1n otras, como en Apolo Helios o en Kosmokrator.<\/p>\n<p>&nbsp;<\/p>","protected":false},"excerpt":{"rendered":"<p>Esta cabeza es lo que se conoce como retrato a lo divino, es decir, la representaci\u00f3n de un personaje real como si se tratara de una divinidad. Se trata de un rostro joven masculino con el cabello peinado en una banda frontal que termina en cuernos de carnero enrollados alrededor de las orejas. En este &hellip;<\/p>\n<p class=\"read-more\"> <a class=\"\" href=\"https:\/\/ifergangallery.com\/es\/piece\/cabeza-romana-de-apolo-karneios-en-marmol-s-i-a-c-i-d-c\/\"> <span class=\"screen-reader-text\">Cabeza romana de Alejandro Magno como &#8220;Apolo Karneios&#8221; en m\u00e1rmol, S. I a.C.-I d.C.<\/span> Leer m\u00e1s &raquo;<\/a><\/p>","protected":false},"featured_media":11409,"comment_status":"closed","ping_status":"closed","template":"","meta":{"spay_email":""},"product_cat":[112,490],"product_tag":[442],"yoast_head":"<!-- This site is optimized with the Yoast SEO Premium plugin v17.6 (Yoast SEO v17.6) - https:\/\/yoast.com\/wordpress\/plugins\/seo\/ -->\n<title>Cabeza romana de Alejandro Magno como &quot;Apolo Karneios&quot; en m\u00e1rmol, S. I a.C.-I d.C. &ndash; Ifergan Gallery<\/title>\n<meta name=\"robots\" content=\"index, follow, max-snippet:-1, max-image-preview:large, max-video-preview:-1\" \/>\n<link rel=\"canonical\" href=\"https:\/\/ifergangallery.com\/es\/piece\/cabeza-romana-de-apolo-karneios-en-marmol-s-i-a-c-i-d-c\/\" \/>\n<meta property=\"og:locale\" content=\"es_ES\" \/>\n<meta property=\"og:type\" content=\"article\" \/>\n<meta property=\"og:title\" content=\"Cabeza romana de Alejandro Magno como &quot;Apolo Karneios&quot; en m\u00e1rmol, S. I a.C.-I d.C.\" \/>\n<meta property=\"og:description\" content=\"Esta cabeza es lo que se conoce como retrato a lo divino, es decir, la representaci\u00f3n de un personaje real como si se tratara de una divinidad. Se trata de un rostro joven masculino con el cabello peinado en una banda frontal que termina en cuernos de carnero enrollados alrededor de las orejas. En este &hellip; Cabeza romana de Alejandro Magno como &#8220;Apolo Karneios&#8221; en m\u00e1rmol, S. I a.C.-I d.C. Leer m\u00e1s &raquo;\" \/>\n<meta property=\"og:url\" content=\"https:\/\/ifergangallery.com\/es\/piece\/cabeza-romana-de-apolo-karneios-en-marmol-s-i-a-c-i-d-c\/\" \/>\n<meta property=\"og:site_name\" content=\"Ifergan Gallery\" \/>\n<meta property=\"article:publisher\" content=\"https:\/\/www.facebook.com\/Ifergancollectionmalaga\" \/>\n<meta property=\"article:modified_time\" content=\"2022-12-01T09:17:04+00:00\" \/>\n<meta property=\"og:image\" content=\"https:\/\/ifergangallery.com\/wp-content\/uploads\/2021\/10\/ala001-12-1.jpg\" \/>\n\t<meta property=\"og:image:width\" content=\"2048\" \/>\n\t<meta property=\"og:image:height\" content=\"1365\" \/>\n<meta name=\"twitter:card\" content=\"summary_large_image\" \/>\n<meta name=\"twitter:site\" content=\"@Ifergangallery\" \/>\n<meta name=\"twitter:label1\" content=\"Tiempo de lectura\" \/>\n\t<meta name=\"twitter:data1\" content=\"1 minuto\" \/>\n<script type=\"application\/ld+json\" class=\"yoast-schema-graph\">{\"@context\":\"https:\/\/schema.org\",\"@graph\":[{\"@type\":\"Organization\",\"@id\":\"https:\/\/ifergangallery.com\/#organization\",\"name\":\"Ifergan Gallery\",\"url\":\"https:\/\/ifergangallery.com\/\",\"sameAs\":[\"https:\/\/www.facebook.com\/Ifergancollectionmalaga\",\"https:\/\/www.instagram.com\/ifergangallery\/\",\"https:\/\/www.youtube.com\/channel\/UC2O2zZ9BJKhbUFOnu_5mE3g\",\"https:\/\/twitter.com\/Ifergangallery\"],\"logo\":{\"@type\":\"ImageObject\",\"@id\":\"https:\/\/ifergangallery.com\/#logo\",\"inLanguage\":\"es\",\"url\":\"https:\/\/ifergangallery.com\/wp-content\/uploads\/2021\/09\/Imagotipo_blanco-e1637271379231.png\",\"contentUrl\":\"https:\/\/ifergangallery.com\/wp-content\/uploads\/2021\/09\/Imagotipo_blanco-e1637271379231.png\",\"width\":1920,\"height\":1065,\"caption\":\"Ifergan Gallery\"},\"image\":{\"@id\":\"https:\/\/ifergangallery.com\/#logo\"}},{\"@type\":\"WebSite\",\"@id\":\"https:\/\/ifergangallery.com\/#website\",\"url\":\"https:\/\/ifergangallery.com\/\",\"name\":\"Ifergan Gallery\",\"description\":\"Ancient Art Gallery\",\"publisher\":{\"@id\":\"https:\/\/ifergangallery.com\/#organization\"},\"potentialAction\":[{\"@type\":\"SearchAction\",\"target\":{\"@type\":\"EntryPoint\",\"urlTemplate\":\"https:\/\/ifergangallery.com\/?s={search_term_string}\"},\"query-input\":\"required name=search_term_string\"}],\"inLanguage\":\"es\"},{\"@type\":\"ImageObject\",\"@id\":\"https:\/\/ifergangallery.com\/es\/piece\/cabeza-romana-de-apolo-karneios-en-marmol-s-i-a-c-i-d-c\/#primaryimage\",\"inLanguage\":\"es\",\"url\":\"https:\/\/ifergangallery.com\/wp-content\/uploads\/2021\/10\/ala001-12-1.jpg\",\"contentUrl\":\"https:\/\/ifergangallery.com\/wp-content\/uploads\/2021\/10\/ala001-12-1.jpg\",\"width\":2048,\"height\":1365},{\"@type\":\"WebPage\",\"@id\":\"https:\/\/ifergangallery.com\/es\/piece\/cabeza-romana-de-apolo-karneios-en-marmol-s-i-a-c-i-d-c\/#webpage\",\"url\":\"https:\/\/ifergangallery.com\/es\/piece\/cabeza-romana-de-apolo-karneios-en-marmol-s-i-a-c-i-d-c\/\",\"name\":\"Cabeza romana de Alejandro Magno como \\\"Apolo Karneios\\\" en m\\u00e1rmol, S. I a.C.-I d.C. &ndash; Ifergan Gallery\",\"isPartOf\":{\"@id\":\"https:\/\/ifergangallery.com\/#website\"},\"primaryImageOfPage\":{\"@id\":\"https:\/\/ifergangallery.com\/es\/piece\/cabeza-romana-de-apolo-karneios-en-marmol-s-i-a-c-i-d-c\/#primaryimage\"},\"datePublished\":\"2021-10-19T10:18:16+00:00\",\"dateModified\":\"2022-12-01T09:17:04+00:00\",\"breadcrumb\":{\"@id\":\"https:\/\/ifergangallery.com\/es\/piece\/cabeza-romana-de-apolo-karneios-en-marmol-s-i-a-c-i-d-c\/#breadcrumb\"},\"inLanguage\":\"es\",\"potentialAction\":[{\"@type\":\"ReadAction\",\"target\":[\"https:\/\/ifergangallery.com\/es\/piece\/cabeza-romana-de-apolo-karneios-en-marmol-s-i-a-c-i-d-c\/\"]}]},{\"@type\":\"BreadcrumbList\",\"@id\":\"https:\/\/ifergangallery.com\/es\/piece\/cabeza-romana-de-apolo-karneios-en-marmol-s-i-a-c-i-d-c\/#breadcrumb\",\"itemListElement\":[{\"@type\":\"ListItem\",\"position\":1,\"name\":\"Home\",\"item\":\"https:\/\/ifergangallery.com\/es\/\"},{\"@type\":\"ListItem\",\"position\":2,\"name\":\"Works of art\",\"item\":\"https:\/\/ifergangallery.com\/es\/works_of_art\/\"},{\"@type\":\"ListItem\",\"position\":3,\"name\":\"Cabeza romana de Alejandro Magno como &#8220;Apolo Karneios&#8221; en m\\u00e1rmol, S. I a.C.-I d.C.\"}]}]}<\/script>\n<!-- \/ Yoast SEO Premium plugin. -->","yoast_head_json":{"title":"Cabeza romana de Alejandro Magno como \"Apolo Karneios\" en m\u00e1rmol, S. I a.C.-I d.C. &ndash; Ifergan Gallery","robots":{"index":"index","follow":"follow","max-snippet":"max-snippet:-1","max-image-preview":"max-image-preview:large","max-video-preview":"max-video-preview:-1"},"canonical":"https:\/\/ifergangallery.com\/es\/piece\/cabeza-romana-de-apolo-karneios-en-marmol-s-i-a-c-i-d-c\/","og_locale":"es_ES","og_type":"article","og_title":"Cabeza romana de Alejandro Magno como \"Apolo Karneios\" en m\u00e1rmol, S. I a.C.-I d.C.","og_description":"Esta cabeza es lo que se conoce como retrato a lo divino, es decir, la representaci\u00f3n de un personaje real como si se tratara de una divinidad. Se trata de un rostro joven masculino con el cabello peinado en una banda frontal que termina en cuernos de carnero enrollados alrededor de las orejas. En este &hellip; Cabeza romana de Alejandro Magno como &#8220;Apolo Karneios&#8221; en m\u00e1rmol, S. I a.C.-I d.C. Leer m\u00e1s &raquo;","og_url":"https:\/\/ifergangallery.com\/es\/piece\/cabeza-romana-de-apolo-karneios-en-marmol-s-i-a-c-i-d-c\/","og_site_name":"Ifergan Gallery","article_publisher":"https:\/\/www.facebook.com\/Ifergancollectionmalaga","article_modified_time":"2022-12-01T09:17:04+00:00","og_image":[{"width":2048,"height":1365,"url":"https:\/\/ifergangallery.com\/wp-content\/uploads\/2021\/10\/ala001-12-1.jpg","type":"image\/jpeg"}],"twitter_card":"summary_large_image","twitter_site":"@Ifergangallery","twitter_misc":{"Tiempo de lectura":"1 minuto"},"schema":{"@context":"https:\/\/schema.org","@graph":[{"@type":"Organization","@id":"https:\/\/ifergangallery.com\/#organization","name":"Ifergan Gallery","url":"https:\/\/ifergangallery.com\/","sameAs":["https:\/\/www.facebook.com\/Ifergancollectionmalaga","https:\/\/www.instagram.com\/ifergangallery\/","https:\/\/www.youtube.com\/channel\/UC2O2zZ9BJKhbUFOnu_5mE3g","https:\/\/twitter.com\/Ifergangallery"],"logo":{"@type":"ImageObject","@id":"https:\/\/ifergangallery.com\/#logo","inLanguage":"es","url":"https:\/\/ifergangallery.com\/wp-content\/uploads\/2021\/09\/Imagotipo_blanco-e1637271379231.png","contentUrl":"https:\/\/ifergangallery.com\/wp-content\/uploads\/2021\/09\/Imagotipo_blanco-e1637271379231.png","width":1920,"height":1065,"caption":"Ifergan Gallery"},"image":{"@id":"https:\/\/ifergangallery.com\/#logo"}},{"@type":"WebSite","@id":"https:\/\/ifergangallery.com\/#website","url":"https:\/\/ifergangallery.com\/","name":"Ifergan Gallery","description":"Ancient Art Gallery","publisher":{"@id":"https:\/\/ifergangallery.com\/#organization"},"potentialAction":[{"@type":"SearchAction","target":{"@type":"EntryPoint","urlTemplate":"https:\/\/ifergangallery.com\/?s={search_term_string}"},"query-input":"required name=search_term_string"}],"inLanguage":"es"},{"@type":"ImageObject","@id":"https:\/\/ifergangallery.com\/es\/piece\/cabeza-romana-de-apolo-karneios-en-marmol-s-i-a-c-i-d-c\/#primaryimage","inLanguage":"es","url":"https:\/\/ifergangallery.com\/wp-content\/uploads\/2021\/10\/ala001-12-1.jpg","contentUrl":"https:\/\/ifergangallery.com\/wp-content\/uploads\/2021\/10\/ala001-12-1.jpg","width":2048,"height":1365},{"@type":"WebPage","@id":"https:\/\/ifergangallery.com\/es\/piece\/cabeza-romana-de-apolo-karneios-en-marmol-s-i-a-c-i-d-c\/#webpage","url":"https:\/\/ifergangallery.com\/es\/piece\/cabeza-romana-de-apolo-karneios-en-marmol-s-i-a-c-i-d-c\/","name":"Cabeza romana de Alejandro Magno como \"Apolo Karneios\" en m\u00e1rmol, S. I a.C.-I d.C. &ndash; Ifergan Gallery","isPartOf":{"@id":"https:\/\/ifergangallery.com\/#website"},"primaryImageOfPage":{"@id":"https:\/\/ifergangallery.com\/es\/piece\/cabeza-romana-de-apolo-karneios-en-marmol-s-i-a-c-i-d-c\/#primaryimage"},"datePublished":"2021-10-19T10:18:16+00:00","dateModified":"2022-12-01T09:17:04+00:00","breadcrumb":{"@id":"https:\/\/ifergangallery.com\/es\/piece\/cabeza-romana-de-apolo-karneios-en-marmol-s-i-a-c-i-d-c\/#breadcrumb"},"inLanguage":"es","potentialAction":[{"@type":"ReadAction","target":["https:\/\/ifergangallery.com\/es\/piece\/cabeza-romana-de-apolo-karneios-en-marmol-s-i-a-c-i-d-c\/"]}]},{"@type":"BreadcrumbList","@id":"https:\/\/ifergangallery.com\/es\/piece\/cabeza-romana-de-apolo-karneios-en-marmol-s-i-a-c-i-d-c\/#breadcrumb","itemListElement":[{"@type":"ListItem","position":1,"name":"Home","item":"https:\/\/ifergangallery.com\/es\/"},{"@type":"ListItem","position":2,"name":"Works of art","item":"https:\/\/ifergangallery.com\/es\/works_of_art\/"},{"@type":"ListItem","position":3,"name":"Cabeza romana de Alejandro Magno como &#8220;Apolo Karneios&#8221; en m\u00e1rmol, S. I a.C.-I d.C."}]}]}},"_links":{"self":[{"href":"https:\/\/ifergangallery.com\/es\/wp-json\/wp\/v2\/product\/2444"}],"collection":[{"href":"https:\/\/ifergangallery.com\/es\/wp-json\/wp\/v2\/product"}],"about":[{"href":"https:\/\/ifergangallery.com\/es\/wp-json\/wp\/v2\/types\/product"}],"replies":[{"embeddable":true,"href":"https:\/\/ifergangallery.com\/es\/wp-json\/wp\/v2\/comments?post=2444"}],"wp:featuredmedia":[{"embeddable":true,"href":"https:\/\/ifergangallery.com\/es\/wp-json\/wp\/v2\/media\/11409"}],"wp:attachment":[{"href":"https:\/\/ifergangallery.com\/es\/wp-json\/wp\/v2\/media?parent=2444"}],"wp:term":[{"taxonomy":"product_cat","embeddable":true,"href":"https:\/\/ifergangallery.com\/es\/wp-json\/wp\/v2\/product_cat?post=2444"},{"taxonomy":"product_tag","embeddable":true,"href":"https:\/\/ifergangallery.com\/es\/wp-json\/wp\/v2\/product_tag?post=2444"}],"curies":[{"name":"wp","href":"https:\/\/api.w.org\/{rel}","templated":true}]}}