{"id":2445,"date":"2025-02-19T10:18:16","date_gmt":"2025-02-19T10:18:16","guid":{"rendered":"https:\/\/snackjerusalem.com\/piece\/cabeza-femenina-de-momia-egipcia-imperio-nuevo-din-xviii-1000-a-c\/"},"modified":"2025-03-20T10:08:10","modified_gmt":"2025-03-20T10:08:10","slug":"cabeza-femenina-de-momia-egipcia-imperio-nuevo-din-xviii-1000-a-c","status":"publish","type":"product","link":"https:\/\/ifergangallery.com\/es\/piece\/cabeza-femenina-de-momia-egipcia-imperio-nuevo-din-xviii-1000-a-c\/","title":{"rendered":"Cabeza femenina de momia egipcia, Imperio Nuevo, Din. XVIII, 1000 a.C."},"content":{"rendered":"<p style=\"text-align: justify;\">Esta cabeza momificada es un ejemplar muy raro y fino de una hembra, con rasgos delicados y que retiene pr\u00e1cticamente todas las superficies de la piel, dentici\u00f3n y cabello. Incluso las envolturas de lino se mantienen parcialmente en su lugar (sobre todo sobre el pelo). Tambi\u00e9n se aprecian perfectamente las fosas nasales por donde ser\u00eda extra\u00eddo el cerebro. Uno de los elementos m\u00e1s importantes es que mantiene en perfecto estado la v\u00e9rtebra cervical, lo que acredita que la separaci\u00f3n del cuerpo fue realizada con sumo cuidado.<\/p>\n<p style=\"text-align: justify;\">Fue un regalo ofrecido al m\u00e9dico dan\u00e9s Christian Fenger por su labor curando a ni\u00f1os de enfermedades oculares en El Cairo durante 1875 y 1876. Fenger contrajo una enfermedad pulmonar por lo que debi\u00f3 ir a tratarse a Estados Unidos y a su marcha el gobierno egipcio le agradeci\u00f3 su labor con la entrega de dos momias de regalo. Por problemas de log\u00edstica, Fenger no pudo llevarse las dos momias completas por lo que decidi\u00f3 separar las cabezas de los cuerpos, hecho que se aprecie en la v\u00e9rtebra del cuello que se encuentra perfectamente separada del cuerpo.<\/p>","protected":false},"excerpt":{"rendered":"<p>Esta cabeza momificada es un ejemplar muy raro y fino de una hembra, con rasgos delicados y que retiene pr\u00e1cticamente todas las superficies de la piel, dentici\u00f3n y cabello. Incluso las envolturas de lino se mantienen parcialmente en su lugar (sobre todo sobre el pelo). Tambi\u00e9n se aprecian perfectamente las fosas nasales por donde ser\u00eda &hellip;<\/p>\n<p class=\"read-more\"> <a class=\"\" href=\"https:\/\/ifergangallery.com\/es\/piece\/cabeza-femenina-de-momia-egipcia-imperio-nuevo-din-xviii-1000-a-c\/\"> <span class=\"screen-reader-text\">Cabeza femenina de momia egipcia, Imperio Nuevo, Din. XVIII, 1000 a.C.<\/span> Leer m\u00e1s &raquo;<\/a><\/p>","protected":false},"featured_media":8748,"comment_status":"closed","ping_status":"closed","template":"","meta":{"spay_email":""},"product_cat":[110,499],"product_tag":[156,152,610],"yoast_head":"<!-- This site is optimized with the Yoast SEO Premium plugin v17.6 (Yoast SEO v17.6) - https:\/\/yoast.com\/wordpress\/plugins\/seo\/ -->\n<title>Cabeza femenina de momia egipcia, Imperio Nuevo, Din. XVIII, 1000 a.C. &ndash; Ifergan Gallery<\/title>\n<meta name=\"robots\" content=\"index, follow, max-snippet:-1, max-image-preview:large, max-video-preview:-1\" \/>\n<link rel=\"canonical\" href=\"https:\/\/ifergangallery.com\/es\/piece\/cabeza-femenina-de-momia-egipcia-imperio-nuevo-din-xviii-1000-a-c\/\" \/>\n<meta property=\"og:locale\" content=\"es_ES\" \/>\n<meta property=\"og:type\" content=\"article\" \/>\n<meta property=\"og:title\" content=\"Cabeza femenina de momia egipcia, Imperio Nuevo, Din. XVIII, 1000 a.C.\" \/>\n<meta property=\"og:description\" content=\"Esta cabeza momificada es un ejemplar muy raro y fino de una hembra, con rasgos delicados y que retiene pr\u00e1cticamente todas las superficies de la piel, dentici\u00f3n y cabello. Incluso las envolturas de lino se mantienen parcialmente en su lugar (sobre todo sobre el pelo). Tambi\u00e9n se aprecian perfectamente las fosas nasales por donde ser\u00eda &hellip; Cabeza femenina de momia egipcia, Imperio Nuevo, Din. XVIII, 1000 a.C. Leer m\u00e1s &raquo;\" \/>\n<meta property=\"og:url\" content=\"https:\/\/ifergangallery.com\/es\/piece\/cabeza-femenina-de-momia-egipcia-imperio-nuevo-din-xviii-1000-a-c\/\" \/>\n<meta property=\"og:site_name\" content=\"Ifergan Gallery\" \/>\n<meta property=\"article:publisher\" content=\"https:\/\/www.facebook.com\/Ifergancollectionmalaga\" \/>\n<meta property=\"article:modified_time\" content=\"2025-03-20T10:08:10+00:00\" \/>\n<meta property=\"og:image\" content=\"https:\/\/ifergangallery.com\/wp-content\/uploads\/2021\/10\/New-Project479.jpg\" \/>\n\t<meta property=\"og:image:width\" content=\"1081\" \/>\n\t<meta property=\"og:image:height\" content=\"1024\" \/>\n<meta name=\"twitter:card\" content=\"summary_large_image\" \/>\n<meta name=\"twitter:site\" content=\"@Ifergangallery\" \/>\n<meta name=\"twitter:label1\" content=\"Tiempo de lectura\" \/>\n\t<meta name=\"twitter:data1\" content=\"1 minuto\" \/>\n<script type=\"application\/ld+json\" class=\"yoast-schema-graph\">{\"@context\":\"https:\/\/schema.org\",\"@graph\":[{\"@type\":\"Organization\",\"@id\":\"https:\/\/ifergangallery.com\/#organization\",\"name\":\"Ifergan Gallery\",\"url\":\"https:\/\/ifergangallery.com\/\",\"sameAs\":[\"https:\/\/www.facebook.com\/Ifergancollectionmalaga\",\"https:\/\/www.instagram.com\/ifergangallery\/\",\"https:\/\/www.youtube.com\/channel\/UC2O2zZ9BJKhbUFOnu_5mE3g\",\"https:\/\/twitter.com\/Ifergangallery\"],\"logo\":{\"@type\":\"ImageObject\",\"@id\":\"https:\/\/ifergangallery.com\/#logo\",\"inLanguage\":\"es\",\"url\":\"https:\/\/ifergangallery.com\/wp-content\/uploads\/2021\/09\/Imagotipo_blanco-e1637271379231.png\",\"contentUrl\":\"https:\/\/ifergangallery.com\/wp-content\/uploads\/2021\/09\/Imagotipo_blanco-e1637271379231.png\",\"width\":1920,\"height\":1065,\"caption\":\"Ifergan Gallery\"},\"image\":{\"@id\":\"https:\/\/ifergangallery.com\/#logo\"}},{\"@type\":\"WebSite\",\"@id\":\"https:\/\/ifergangallery.com\/#website\",\"url\":\"https:\/\/ifergangallery.com\/\",\"name\":\"Ifergan Gallery\",\"description\":\"Ancient Art Gallery\",\"publisher\":{\"@id\":\"https:\/\/ifergangallery.com\/#organization\"},\"potentialAction\":[{\"@type\":\"SearchAction\",\"target\":{\"@type\":\"EntryPoint\",\"urlTemplate\":\"https:\/\/ifergangallery.com\/?s={search_term_string}\"},\"query-input\":\"required name=search_term_string\"}],\"inLanguage\":\"es\"},{\"@type\":\"ImageObject\",\"@id\":\"https:\/\/ifergangallery.com\/es\/piece\/cabeza-femenina-de-momia-egipcia-imperio-nuevo-din-xviii-1000-a-c\/#primaryimage\",\"inLanguage\":\"es\",\"url\":\"https:\/\/ifergangallery.com\/wp-content\/uploads\/2021\/10\/New-Project479.jpg\",\"contentUrl\":\"https:\/\/ifergangallery.com\/wp-content\/uploads\/2021\/10\/New-Project479.jpg\",\"width\":1081,\"height\":1024},{\"@type\":\"WebPage\",\"@id\":\"https:\/\/ifergangallery.com\/es\/piece\/cabeza-femenina-de-momia-egipcia-imperio-nuevo-din-xviii-1000-a-c\/#webpage\",\"url\":\"https:\/\/ifergangallery.com\/es\/piece\/cabeza-femenina-de-momia-egipcia-imperio-nuevo-din-xviii-1000-a-c\/\",\"name\":\"Cabeza femenina de momia egipcia, Imperio Nuevo, Din. XVIII, 1000 a.C. &ndash; Ifergan Gallery\",\"isPartOf\":{\"@id\":\"https:\/\/ifergangallery.com\/#website\"},\"primaryImageOfPage\":{\"@id\":\"https:\/\/ifergangallery.com\/es\/piece\/cabeza-femenina-de-momia-egipcia-imperio-nuevo-din-xviii-1000-a-c\/#primaryimage\"},\"datePublished\":\"2025-02-19T10:18:16+00:00\",\"dateModified\":\"2025-03-20T10:08:10+00:00\",\"breadcrumb\":{\"@id\":\"https:\/\/ifergangallery.com\/es\/piece\/cabeza-femenina-de-momia-egipcia-imperio-nuevo-din-xviii-1000-a-c\/#breadcrumb\"},\"inLanguage\":\"es\",\"potentialAction\":[{\"@type\":\"ReadAction\",\"target\":[\"https:\/\/ifergangallery.com\/es\/piece\/cabeza-femenina-de-momia-egipcia-imperio-nuevo-din-xviii-1000-a-c\/\"]}]},{\"@type\":\"BreadcrumbList\",\"@id\":\"https:\/\/ifergangallery.com\/es\/piece\/cabeza-femenina-de-momia-egipcia-imperio-nuevo-din-xviii-1000-a-c\/#breadcrumb\",\"itemListElement\":[{\"@type\":\"ListItem\",\"position\":1,\"name\":\"Home\",\"item\":\"https:\/\/ifergangallery.com\/es\/\"},{\"@type\":\"ListItem\",\"position\":2,\"name\":\"Works of art\",\"item\":\"https:\/\/ifergangallery.com\/es\/works_of_art\/\"},{\"@type\":\"ListItem\",\"position\":3,\"name\":\"Cabeza femenina de momia egipcia, Imperio Nuevo, Din. XVIII, 1000 a.C.\"}]}]}<\/script>\n<!-- \/ Yoast SEO Premium plugin. -->","yoast_head_json":{"title":"Cabeza femenina de momia egipcia, Imperio Nuevo, Din. XVIII, 1000 a.C. &ndash; Ifergan Gallery","robots":{"index":"index","follow":"follow","max-snippet":"max-snippet:-1","max-image-preview":"max-image-preview:large","max-video-preview":"max-video-preview:-1"},"canonical":"https:\/\/ifergangallery.com\/es\/piece\/cabeza-femenina-de-momia-egipcia-imperio-nuevo-din-xviii-1000-a-c\/","og_locale":"es_ES","og_type":"article","og_title":"Cabeza femenina de momia egipcia, Imperio Nuevo, Din. XVIII, 1000 a.C.","og_description":"Esta cabeza momificada es un ejemplar muy raro y fino de una hembra, con rasgos delicados y que retiene pr\u00e1cticamente todas las superficies de la piel, dentici\u00f3n y cabello. Incluso las envolturas de lino se mantienen parcialmente en su lugar (sobre todo sobre el pelo). Tambi\u00e9n se aprecian perfectamente las fosas nasales por donde ser\u00eda &hellip; Cabeza femenina de momia egipcia, Imperio Nuevo, Din. XVIII, 1000 a.C. Leer m\u00e1s &raquo;","og_url":"https:\/\/ifergangallery.com\/es\/piece\/cabeza-femenina-de-momia-egipcia-imperio-nuevo-din-xviii-1000-a-c\/","og_site_name":"Ifergan Gallery","article_publisher":"https:\/\/www.facebook.com\/Ifergancollectionmalaga","article_modified_time":"2025-03-20T10:08:10+00:00","og_image":[{"width":1081,"height":1024,"url":"https:\/\/ifergangallery.com\/wp-content\/uploads\/2021\/10\/New-Project479.jpg","type":"image\/jpeg"}],"twitter_card":"summary_large_image","twitter_site":"@Ifergangallery","twitter_misc":{"Tiempo de lectura":"1 minuto"},"schema":{"@context":"https:\/\/schema.org","@graph":[{"@type":"Organization","@id":"https:\/\/ifergangallery.com\/#organization","name":"Ifergan Gallery","url":"https:\/\/ifergangallery.com\/","sameAs":["https:\/\/www.facebook.com\/Ifergancollectionmalaga","https:\/\/www.instagram.com\/ifergangallery\/","https:\/\/www.youtube.com\/channel\/UC2O2zZ9BJKhbUFOnu_5mE3g","https:\/\/twitter.com\/Ifergangallery"],"logo":{"@type":"ImageObject","@id":"https:\/\/ifergangallery.com\/#logo","inLanguage":"es","url":"https:\/\/ifergangallery.com\/wp-content\/uploads\/2021\/09\/Imagotipo_blanco-e1637271379231.png","contentUrl":"https:\/\/ifergangallery.com\/wp-content\/uploads\/2021\/09\/Imagotipo_blanco-e1637271379231.png","width":1920,"height":1065,"caption":"Ifergan Gallery"},"image":{"@id":"https:\/\/ifergangallery.com\/#logo"}},{"@type":"WebSite","@id":"https:\/\/ifergangallery.com\/#website","url":"https:\/\/ifergangallery.com\/","name":"Ifergan Gallery","description":"Ancient Art Gallery","publisher":{"@id":"https:\/\/ifergangallery.com\/#organization"},"potentialAction":[{"@type":"SearchAction","target":{"@type":"EntryPoint","urlTemplate":"https:\/\/ifergangallery.com\/?s={search_term_string}"},"query-input":"required name=search_term_string"}],"inLanguage":"es"},{"@type":"ImageObject","@id":"https:\/\/ifergangallery.com\/es\/piece\/cabeza-femenina-de-momia-egipcia-imperio-nuevo-din-xviii-1000-a-c\/#primaryimage","inLanguage":"es","url":"https:\/\/ifergangallery.com\/wp-content\/uploads\/2021\/10\/New-Project479.jpg","contentUrl":"https:\/\/ifergangallery.com\/wp-content\/uploads\/2021\/10\/New-Project479.jpg","width":1081,"height":1024},{"@type":"WebPage","@id":"https:\/\/ifergangallery.com\/es\/piece\/cabeza-femenina-de-momia-egipcia-imperio-nuevo-din-xviii-1000-a-c\/#webpage","url":"https:\/\/ifergangallery.com\/es\/piece\/cabeza-femenina-de-momia-egipcia-imperio-nuevo-din-xviii-1000-a-c\/","name":"Cabeza femenina de momia egipcia, Imperio Nuevo, Din. XVIII, 1000 a.C. &ndash; Ifergan Gallery","isPartOf":{"@id":"https:\/\/ifergangallery.com\/#website"},"primaryImageOfPage":{"@id":"https:\/\/ifergangallery.com\/es\/piece\/cabeza-femenina-de-momia-egipcia-imperio-nuevo-din-xviii-1000-a-c\/#primaryimage"},"datePublished":"2025-02-19T10:18:16+00:00","dateModified":"2025-03-20T10:08:10+00:00","breadcrumb":{"@id":"https:\/\/ifergangallery.com\/es\/piece\/cabeza-femenina-de-momia-egipcia-imperio-nuevo-din-xviii-1000-a-c\/#breadcrumb"},"inLanguage":"es","potentialAction":[{"@type":"ReadAction","target":["https:\/\/ifergangallery.com\/es\/piece\/cabeza-femenina-de-momia-egipcia-imperio-nuevo-din-xviii-1000-a-c\/"]}]},{"@type":"BreadcrumbList","@id":"https:\/\/ifergangallery.com\/es\/piece\/cabeza-femenina-de-momia-egipcia-imperio-nuevo-din-xviii-1000-a-c\/#breadcrumb","itemListElement":[{"@type":"ListItem","position":1,"name":"Home","item":"https:\/\/ifergangallery.com\/es\/"},{"@type":"ListItem","position":2,"name":"Works of art","item":"https:\/\/ifergangallery.com\/es\/works_of_art\/"},{"@type":"ListItem","position":3,"name":"Cabeza femenina de momia egipcia, Imperio Nuevo, Din. XVIII, 1000 a.C."}]}]}},"_links":{"self":[{"href":"https:\/\/ifergangallery.com\/es\/wp-json\/wp\/v2\/product\/2445"}],"collection":[{"href":"https:\/\/ifergangallery.com\/es\/wp-json\/wp\/v2\/product"}],"about":[{"href":"https:\/\/ifergangallery.com\/es\/wp-json\/wp\/v2\/types\/product"}],"replies":[{"embeddable":true,"href":"https:\/\/ifergangallery.com\/es\/wp-json\/wp\/v2\/comments?post=2445"}],"wp:featuredmedia":[{"embeddable":true,"href":"https:\/\/ifergangallery.com\/es\/wp-json\/wp\/v2\/media\/8748"}],"wp:attachment":[{"href":"https:\/\/ifergangallery.com\/es\/wp-json\/wp\/v2\/media?parent=2445"}],"wp:term":[{"taxonomy":"product_cat","embeddable":true,"href":"https:\/\/ifergangallery.com\/es\/wp-json\/wp\/v2\/product_cat?post=2445"},{"taxonomy":"product_tag","embeddable":true,"href":"https:\/\/ifergangallery.com\/es\/wp-json\/wp\/v2\/product_tag?post=2445"}],"curies":[{"name":"wp","href":"https:\/\/api.w.org\/{rel}","templated":true}]}}