{"id":2456,"date":"2023-10-19T13:24:57","date_gmt":"2023-10-19T13:24:57","guid":{"rendered":"https:\/\/snackjerusalem.com\/piece\/figura-celta-o-galo-romana-de-bronce-de-un-orador-100-a-c-100-d-c\/"},"modified":"2026-02-03T14:02:06","modified_gmt":"2026-02-03T14:02:06","slug":"figura-celta-o-galo-romana-de-bronce-de-un-orador-100-a-c-100-d-c","status":"publish","type":"product","link":"https:\/\/ifergangallery.com\/es\/piece\/figura-celta-o-galo-romana-de-bronce-de-un-orador-100-a-c-100-d-c\/","title":{"rendered":"Figura celta o galo-romana de bronce de un orador, 100 a.C.-100 d.C."},"content":{"rendered":"<p style=\"text-align: justify;\"><span dir=\"auto\" style=\"vertical-align: inherit;\"><span dir=\"auto\" style=\"vertical-align: inherit;\"><span dir=\"auto\" style=\"vertical-align: inherit;\"><span dir=\"auto\" style=\"vertical-align: inherit;\"><span dir=\"auto\" style=\"vertical-align: inherit;\"><span dir=\"auto\" style=\"vertical-align: inherit;\">La imponente figura lleva un palio envuelto alrededor de su musculoso torso y est\u00e1 asegurada en la cintura con su mano izquierda, <\/span><\/span><\/span><\/span><\/span><\/span><!--more--><span style=\"font-size: 16px;\"><span dir=\"auto\" style=\"vertical-align: inherit;\"><span dir=\"auto\" style=\"vertical-align: inherit;\"><span dir=\"auto\" style=\"vertical-align: inherit;\"><span dir=\"auto\" style=\"vertical-align: inherit;\"><span dir=\"auto\" style=\"vertical-align: inherit;\"><span dir=\"auto\" style=\"vertical-align: inherit;\">de cara barbuda enmarcada por mechones curvos y adornada con una elaborada corona de flores y ojos de cristal con incrustaciones. Los bardos, en la historia antigua de Europa, eran las personas encargadas de transmitir las historias, las leyendas y poemas de forma oral adem\u00e1s de cantar la historia de sus pueblos en largos poemas recitativos.<\/span><\/span><\/span><\/span><\/span><\/span><\/span><\/p>\n<p style=\"text-align: justify;\"><span dir=\"auto\" style=\"vertical-align: inherit;\"><span dir=\"auto\" style=\"vertical-align: inherit;\"><span dir=\"auto\" style=\"vertical-align: inherit;\"><span dir=\"auto\" style=\"vertical-align: inherit;\"><span dir=\"auto\" style=\"vertical-align: inherit;\"><span dir=\"auto\" style=\"vertical-align: inherit;\">Esta bella figura de narrador o de bardo parece no tener parang\u00f3n, pero se asemeja en su concepci\u00f3n y esp\u00edritu al guerrero de bronce compuesto de planchas de bronce, m\u00e1s que de fundici\u00f3n maciza, hallado en Saint-Maur-en-Chaus\u00e9e (Oise) y actualmente en el Mus\u00e9e D\u00e9partment de l&#8217;Oise, Beauvais. \u00c1rbitro. Cat\u00e1logo de la exposici\u00f3n: Los celtas: los or\u00edgenes de Europa, (Venecia 1991), p.330. Este hallazgo del guerrero de Beauvais y la similitud del tratamiento del cabello de esta pieza, sobre todo cuando se observa de perfil, con las monedas celtas de la Galia septentrional y occidental de los siglos II-I aC confirman la identidad de esta imponente pieza.<\/span><\/span><\/span><\/span><\/span><\/span><\/p>\n<p style=\"text-align: justify;\"><span dir=\"auto\" style=\"vertical-align: inherit;\"><span dir=\"auto\" style=\"vertical-align: inherit;\"><span dir=\"auto\" style=\"vertical-align: inherit;\"><span dir=\"auto\" style=\"vertical-align: inherit;\"><span dir=\"auto\" style=\"vertical-align: inherit;\"><span dir=\"auto\" style=\"vertical-align: inherit;\">Esta figura sigue la tradici\u00f3n griega de representar a oradores, dramaturgos y pol\u00edticos; para un bronce etrusco de un orador, el &#8220;Arringatore&#8221;, en el Museo Arqueol\u00f3gico de Florencia, v\u00e9ase Ian Jenkins: Greek and roman life, British Museum Press, 1986, p\u00e1g. 25.<\/span><\/span><\/span><\/span><\/span><\/span><\/p>","protected":false},"excerpt":{"rendered":"<p>La imponente figura lleva un palio envuelto alrededor de su musculoso torso y est\u00e1 asegurada en la cintura con su mano izquierda,<\/p>","protected":false},"featured_media":9769,"comment_status":"closed","ping_status":"closed","template":"","meta":{"spay_email":""},"product_cat":[112,490],"product_tag":[805,802],"yoast_head":"<!-- This site is optimized with the Yoast SEO Premium plugin v17.6 (Yoast SEO v17.6) - https:\/\/yoast.com\/wordpress\/plugins\/seo\/ -->\n<title>Figura celta o galo-romana de bronce de un orador, 100 a.C.-100 d.C. &ndash; Ifergan Gallery<\/title>\n<meta name=\"robots\" content=\"index, follow, max-snippet:-1, max-image-preview:large, max-video-preview:-1\" \/>\n<link rel=\"canonical\" href=\"https:\/\/ifergangallery.com\/es\/piece\/figura-celta-o-galo-romana-de-bronce-de-un-orador-100-a-c-100-d-c\/\" \/>\n<meta property=\"og:locale\" content=\"es_ES\" \/>\n<meta property=\"og:type\" content=\"article\" \/>\n<meta property=\"og:title\" content=\"Figura celta o galo-romana de bronce de un orador, 100 a.C.-100 d.C.\" \/>\n<meta property=\"og:description\" content=\"La imponente figura lleva un palio envuelto alrededor de su musculoso torso y est\u00e1 asegurada en la cintura con su mano izquierda,\" \/>\n<meta property=\"og:url\" content=\"https:\/\/ifergangallery.com\/es\/piece\/figura-celta-o-galo-romana-de-bronce-de-un-orador-100-a-c-100-d-c\/\" \/>\n<meta property=\"og:site_name\" content=\"Ifergan Gallery\" \/>\n<meta property=\"article:publisher\" content=\"https:\/\/www.facebook.com\/Ifergancollectionmalaga\" \/>\n<meta property=\"article:modified_time\" content=\"2026-02-03T14:02:06+00:00\" \/>\n<meta property=\"og:image\" content=\"https:\/\/ifergangallery.com\/wp-content\/uploads\/2021\/10\/bhm093-6-1-scaled.jpg\" \/>\n\t<meta property=\"og:image:width\" content=\"2560\" \/>\n\t<meta property=\"og:image:height\" content=\"2560\" \/>\n<meta name=\"twitter:card\" content=\"summary_large_image\" \/>\n<meta name=\"twitter:site\" content=\"@Ifergangallery\" \/>\n<meta name=\"twitter:label1\" content=\"Tiempo de lectura\" \/>\n\t<meta name=\"twitter:data1\" content=\"1 minuto\" \/>\n<script type=\"application\/ld+json\" class=\"yoast-schema-graph\">{\"@context\":\"https:\/\/schema.org\",\"@graph\":[{\"@type\":\"Organization\",\"@id\":\"https:\/\/ifergangallery.com\/#organization\",\"name\":\"Ifergan Gallery\",\"url\":\"https:\/\/ifergangallery.com\/\",\"sameAs\":[\"https:\/\/www.facebook.com\/Ifergancollectionmalaga\",\"https:\/\/www.instagram.com\/ifergangallery\/\",\"https:\/\/www.youtube.com\/channel\/UC2O2zZ9BJKhbUFOnu_5mE3g\",\"https:\/\/twitter.com\/Ifergangallery\"],\"logo\":{\"@type\":\"ImageObject\",\"@id\":\"https:\/\/ifergangallery.com\/#logo\",\"inLanguage\":\"es\",\"url\":\"https:\/\/ifergangallery.com\/wp-content\/uploads\/2021\/09\/Imagotipo_blanco-e1637271379231.png\",\"contentUrl\":\"https:\/\/ifergangallery.com\/wp-content\/uploads\/2021\/09\/Imagotipo_blanco-e1637271379231.png\",\"width\":1920,\"height\":1065,\"caption\":\"Ifergan Gallery\"},\"image\":{\"@id\":\"https:\/\/ifergangallery.com\/#logo\"}},{\"@type\":\"WebSite\",\"@id\":\"https:\/\/ifergangallery.com\/#website\",\"url\":\"https:\/\/ifergangallery.com\/\",\"name\":\"Ifergan Gallery\",\"description\":\"Ancient Art Gallery\",\"publisher\":{\"@id\":\"https:\/\/ifergangallery.com\/#organization\"},\"potentialAction\":[{\"@type\":\"SearchAction\",\"target\":{\"@type\":\"EntryPoint\",\"urlTemplate\":\"https:\/\/ifergangallery.com\/?s={search_term_string}\"},\"query-input\":\"required name=search_term_string\"}],\"inLanguage\":\"es\"},{\"@type\":\"ImageObject\",\"@id\":\"https:\/\/ifergangallery.com\/es\/piece\/figura-celta-o-galo-romana-de-bronce-de-un-orador-100-a-c-100-d-c\/#primaryimage\",\"inLanguage\":\"es\",\"url\":\"https:\/\/ifergangallery.com\/wp-content\/uploads\/2021\/10\/bhm093-6-1-scaled.jpg\",\"contentUrl\":\"https:\/\/ifergangallery.com\/wp-content\/uploads\/2021\/10\/bhm093-6-1-scaled.jpg\",\"width\":2560,\"height\":2560},{\"@type\":\"WebPage\",\"@id\":\"https:\/\/ifergangallery.com\/es\/piece\/figura-celta-o-galo-romana-de-bronce-de-un-orador-100-a-c-100-d-c\/#webpage\",\"url\":\"https:\/\/ifergangallery.com\/es\/piece\/figura-celta-o-galo-romana-de-bronce-de-un-orador-100-a-c-100-d-c\/\",\"name\":\"Figura celta o galo-romana de bronce de un orador, 100 a.C.-100 d.C. &ndash; Ifergan Gallery\",\"isPartOf\":{\"@id\":\"https:\/\/ifergangallery.com\/#website\"},\"primaryImageOfPage\":{\"@id\":\"https:\/\/ifergangallery.com\/es\/piece\/figura-celta-o-galo-romana-de-bronce-de-un-orador-100-a-c-100-d-c\/#primaryimage\"},\"datePublished\":\"2023-10-19T13:24:57+00:00\",\"dateModified\":\"2026-02-03T14:02:06+00:00\",\"breadcrumb\":{\"@id\":\"https:\/\/ifergangallery.com\/es\/piece\/figura-celta-o-galo-romana-de-bronce-de-un-orador-100-a-c-100-d-c\/#breadcrumb\"},\"inLanguage\":\"es\",\"potentialAction\":[{\"@type\":\"ReadAction\",\"target\":[\"https:\/\/ifergangallery.com\/es\/piece\/figura-celta-o-galo-romana-de-bronce-de-un-orador-100-a-c-100-d-c\/\"]}]},{\"@type\":\"BreadcrumbList\",\"@id\":\"https:\/\/ifergangallery.com\/es\/piece\/figura-celta-o-galo-romana-de-bronce-de-un-orador-100-a-c-100-d-c\/#breadcrumb\",\"itemListElement\":[{\"@type\":\"ListItem\",\"position\":1,\"name\":\"Home\",\"item\":\"https:\/\/ifergangallery.com\/es\/\"},{\"@type\":\"ListItem\",\"position\":2,\"name\":\"Works of art\",\"item\":\"https:\/\/ifergangallery.com\/es\/works_of_art\/\"},{\"@type\":\"ListItem\",\"position\":3,\"name\":\"Figura celta o galo-romana de bronce de un orador, 100 a.C.-100 d.C.\"}]}]}<\/script>\n<!-- \/ Yoast SEO Premium plugin. -->","yoast_head_json":{"title":"Figura celta o galo-romana de bronce de un orador, 100 a.C.-100 d.C. &ndash; Ifergan Gallery","robots":{"index":"index","follow":"follow","max-snippet":"max-snippet:-1","max-image-preview":"max-image-preview:large","max-video-preview":"max-video-preview:-1"},"canonical":"https:\/\/ifergangallery.com\/es\/piece\/figura-celta-o-galo-romana-de-bronce-de-un-orador-100-a-c-100-d-c\/","og_locale":"es_ES","og_type":"article","og_title":"Figura celta o galo-romana de bronce de un orador, 100 a.C.-100 d.C.","og_description":"La imponente figura lleva un palio envuelto alrededor de su musculoso torso y est\u00e1 asegurada en la cintura con su mano izquierda,","og_url":"https:\/\/ifergangallery.com\/es\/piece\/figura-celta-o-galo-romana-de-bronce-de-un-orador-100-a-c-100-d-c\/","og_site_name":"Ifergan Gallery","article_publisher":"https:\/\/www.facebook.com\/Ifergancollectionmalaga","article_modified_time":"2026-02-03T14:02:06+00:00","og_image":[{"width":2560,"height":2560,"url":"https:\/\/ifergangallery.com\/wp-content\/uploads\/2021\/10\/bhm093-6-1-scaled.jpg","type":"image\/jpeg"}],"twitter_card":"summary_large_image","twitter_site":"@Ifergangallery","twitter_misc":{"Tiempo de lectura":"1 minuto"},"schema":{"@context":"https:\/\/schema.org","@graph":[{"@type":"Organization","@id":"https:\/\/ifergangallery.com\/#organization","name":"Ifergan Gallery","url":"https:\/\/ifergangallery.com\/","sameAs":["https:\/\/www.facebook.com\/Ifergancollectionmalaga","https:\/\/www.instagram.com\/ifergangallery\/","https:\/\/www.youtube.com\/channel\/UC2O2zZ9BJKhbUFOnu_5mE3g","https:\/\/twitter.com\/Ifergangallery"],"logo":{"@type":"ImageObject","@id":"https:\/\/ifergangallery.com\/#logo","inLanguage":"es","url":"https:\/\/ifergangallery.com\/wp-content\/uploads\/2021\/09\/Imagotipo_blanco-e1637271379231.png","contentUrl":"https:\/\/ifergangallery.com\/wp-content\/uploads\/2021\/09\/Imagotipo_blanco-e1637271379231.png","width":1920,"height":1065,"caption":"Ifergan Gallery"},"image":{"@id":"https:\/\/ifergangallery.com\/#logo"}},{"@type":"WebSite","@id":"https:\/\/ifergangallery.com\/#website","url":"https:\/\/ifergangallery.com\/","name":"Ifergan Gallery","description":"Ancient Art Gallery","publisher":{"@id":"https:\/\/ifergangallery.com\/#organization"},"potentialAction":[{"@type":"SearchAction","target":{"@type":"EntryPoint","urlTemplate":"https:\/\/ifergangallery.com\/?s={search_term_string}"},"query-input":"required name=search_term_string"}],"inLanguage":"es"},{"@type":"ImageObject","@id":"https:\/\/ifergangallery.com\/es\/piece\/figura-celta-o-galo-romana-de-bronce-de-un-orador-100-a-c-100-d-c\/#primaryimage","inLanguage":"es","url":"https:\/\/ifergangallery.com\/wp-content\/uploads\/2021\/10\/bhm093-6-1-scaled.jpg","contentUrl":"https:\/\/ifergangallery.com\/wp-content\/uploads\/2021\/10\/bhm093-6-1-scaled.jpg","width":2560,"height":2560},{"@type":"WebPage","@id":"https:\/\/ifergangallery.com\/es\/piece\/figura-celta-o-galo-romana-de-bronce-de-un-orador-100-a-c-100-d-c\/#webpage","url":"https:\/\/ifergangallery.com\/es\/piece\/figura-celta-o-galo-romana-de-bronce-de-un-orador-100-a-c-100-d-c\/","name":"Figura celta o galo-romana de bronce de un orador, 100 a.C.-100 d.C. &ndash; Ifergan Gallery","isPartOf":{"@id":"https:\/\/ifergangallery.com\/#website"},"primaryImageOfPage":{"@id":"https:\/\/ifergangallery.com\/es\/piece\/figura-celta-o-galo-romana-de-bronce-de-un-orador-100-a-c-100-d-c\/#primaryimage"},"datePublished":"2023-10-19T13:24:57+00:00","dateModified":"2026-02-03T14:02:06+00:00","breadcrumb":{"@id":"https:\/\/ifergangallery.com\/es\/piece\/figura-celta-o-galo-romana-de-bronce-de-un-orador-100-a-c-100-d-c\/#breadcrumb"},"inLanguage":"es","potentialAction":[{"@type":"ReadAction","target":["https:\/\/ifergangallery.com\/es\/piece\/figura-celta-o-galo-romana-de-bronce-de-un-orador-100-a-c-100-d-c\/"]}]},{"@type":"BreadcrumbList","@id":"https:\/\/ifergangallery.com\/es\/piece\/figura-celta-o-galo-romana-de-bronce-de-un-orador-100-a-c-100-d-c\/#breadcrumb","itemListElement":[{"@type":"ListItem","position":1,"name":"Home","item":"https:\/\/ifergangallery.com\/es\/"},{"@type":"ListItem","position":2,"name":"Works of art","item":"https:\/\/ifergangallery.com\/es\/works_of_art\/"},{"@type":"ListItem","position":3,"name":"Figura celta o galo-romana de bronce de un orador, 100 a.C.-100 d.C."}]}]}},"_links":{"self":[{"href":"https:\/\/ifergangallery.com\/es\/wp-json\/wp\/v2\/product\/2456"}],"collection":[{"href":"https:\/\/ifergangallery.com\/es\/wp-json\/wp\/v2\/product"}],"about":[{"href":"https:\/\/ifergangallery.com\/es\/wp-json\/wp\/v2\/types\/product"}],"replies":[{"embeddable":true,"href":"https:\/\/ifergangallery.com\/es\/wp-json\/wp\/v2\/comments?post=2456"}],"wp:featuredmedia":[{"embeddable":true,"href":"https:\/\/ifergangallery.com\/es\/wp-json\/wp\/v2\/media\/9769"}],"wp:attachment":[{"href":"https:\/\/ifergangallery.com\/es\/wp-json\/wp\/v2\/media?parent=2456"}],"wp:term":[{"taxonomy":"product_cat","embeddable":true,"href":"https:\/\/ifergangallery.com\/es\/wp-json\/wp\/v2\/product_cat?post=2456"},{"taxonomy":"product_tag","embeddable":true,"href":"https:\/\/ifergangallery.com\/es\/wp-json\/wp\/v2\/product_tag?post=2456"}],"curies":[{"name":"wp","href":"https:\/\/api.w.org\/{rel}","templated":true}]}}