{"id":2611,"date":"2021-10-20T09:48:23","date_gmt":"2021-10-20T09:48:23","guid":{"rendered":"https:\/\/snackjerusalem.com\/piece\/pelike-de-lucania-atribuida-al-pintor-de-creusa-ceramica-de-figuras-rojas-390-a-c\/"},"modified":"2023-03-14T08:40:38","modified_gmt":"2023-03-14T08:40:38","slug":"pelike-de-lucania-atribuida-al-pintor-de-creusa-ceramica-de-figuras-rojas-390-a-c","status":"publish","type":"product","link":"https:\/\/ifergangallery.com\/es\/piece\/pelike-de-lucania-atribuida-al-pintor-de-creusa-ceramica-de-figuras-rojas-390-a-c\/","title":{"rendered":"Pelike de Lucania atribuida al pintor de Cre\u00fasa. Cer\u00e1mica de figuras rojas. 390 a.C."},"content":{"rendered":"<p style=\"text-align: justify;\">En el lado (a), la figura central de un joven, sentado sobre una roca con pa\u00f1os en la parte inferior del cuerpo, un petasos detr\u00e1s de la cabeza, sosteniendo una lanza en la mano derecha, flanqueado por dos j\u00f3venes desnudos de pie, ambos con botas, uno a la izquierda con una chlamys prendida en el cuello y un petasos detr\u00e1s de la cabeza, sosteniendo una lanza en la mano izquierda, un escudo en la derecha, el otro con un casco pilos en la mano derecha y una lanza en la izquierda; el lado (b) muestra a tres j\u00f3venes ataviados con himatia, la figura central con un bast\u00f3n en la mano izquierda y un incensario en la derecha, haciendo una ofrenda a una estela funeraria que tiene delante, una banda de cuadrados de meandro y saltire a lo largo de la l\u00ednea de fondo, una banda de laurel alrededor del cuello entre las asas.<\/p>\n<p>&nbsp;<\/p>","protected":false},"excerpt":{"rendered":"<p>En el lado (a), la figura central de un joven, sentado sobre una roca con pa\u00f1os en la parte inferior del cuerpo, un petasos detr\u00e1s de la cabeza, sosteniendo una lanza en la mano derecha, flanqueado por dos j\u00f3venes desnudos de pie, ambos con botas, uno a la izquierda con una chlamys prendida en el &hellip;<\/p>\n<p class=\"read-more\"> <a class=\"\" href=\"https:\/\/ifergangallery.com\/es\/piece\/pelike-de-lucania-atribuida-al-pintor-de-creusa-ceramica-de-figuras-rojas-390-a-c\/\"> <span class=\"screen-reader-text\">Pelike de Lucania atribuida al pintor de Cre\u00fasa. Cer\u00e1mica de figuras rojas. 390 a.C.<\/span> Leer m\u00e1s &raquo;<\/a><\/p>","protected":false},"featured_media":8853,"comment_status":"closed","ping_status":"closed","template":"","meta":{"spay_email":""},"product_cat":[111,457],"product_tag":[534,423,537,206,461],"yoast_head":"<!-- This site is optimized with the Yoast SEO Premium plugin v17.6 (Yoast SEO v17.6) - https:\/\/yoast.com\/wordpress\/plugins\/seo\/ -->\n<title>Pelike de Lucania atribuida al pintor de Cre\u00fasa. Cer\u00e1mica de figuras rojas. 390 a.C. &ndash; Ifergan Gallery<\/title>\n<meta name=\"robots\" content=\"index, follow, max-snippet:-1, max-image-preview:large, max-video-preview:-1\" \/>\n<link rel=\"canonical\" href=\"https:\/\/ifergangallery.com\/es\/piece\/pelike-de-lucania-atribuida-al-pintor-de-creusa-ceramica-de-figuras-rojas-390-a-c\/\" \/>\n<meta property=\"og:locale\" content=\"es_ES\" \/>\n<meta property=\"og:type\" content=\"article\" \/>\n<meta property=\"og:title\" content=\"Pelike de Lucania atribuida al pintor de Cre\u00fasa. Cer\u00e1mica de figuras rojas. 390 a.C.\" \/>\n<meta property=\"og:description\" content=\"En el lado (a), la figura central de un joven, sentado sobre una roca con pa\u00f1os en la parte inferior del cuerpo, un petasos detr\u00e1s de la cabeza, sosteniendo una lanza en la mano derecha, flanqueado por dos j\u00f3venes desnudos de pie, ambos con botas, uno a la izquierda con una chlamys prendida en el &hellip; Pelike de Lucania atribuida al pintor de Cre\u00fasa. Cer\u00e1mica de figuras rojas. 390 a.C. Leer m\u00e1s &raquo;\" \/>\n<meta property=\"og:url\" content=\"https:\/\/ifergangallery.com\/es\/piece\/pelike-de-lucania-atribuida-al-pintor-de-creusa-ceramica-de-figuras-rojas-390-a-c\/\" \/>\n<meta property=\"og:site_name\" content=\"Ifergan Gallery\" \/>\n<meta property=\"article:publisher\" content=\"https:\/\/www.facebook.com\/Ifergancollectionmalaga\" \/>\n<meta property=\"article:modified_time\" content=\"2023-03-14T08:40:38+00:00\" \/>\n<meta property=\"og:image\" content=\"https:\/\/ifergangallery.com\/wp-content\/uploads\/2021\/10\/bhm002_edit_005-1.jpg\" \/>\n\t<meta property=\"og:image:width\" content=\"1920\" \/>\n\t<meta property=\"og:image:height\" content=\"1920\" \/>\n<meta name=\"twitter:card\" content=\"summary_large_image\" \/>\n<meta name=\"twitter:site\" content=\"@Ifergangallery\" \/>\n<meta name=\"twitter:label1\" content=\"Tiempo de lectura\" \/>\n\t<meta name=\"twitter:data1\" content=\"1 minuto\" \/>\n<script type=\"application\/ld+json\" class=\"yoast-schema-graph\">{\"@context\":\"https:\/\/schema.org\",\"@graph\":[{\"@type\":\"Organization\",\"@id\":\"https:\/\/ifergangallery.com\/#organization\",\"name\":\"Ifergan Gallery\",\"url\":\"https:\/\/ifergangallery.com\/\",\"sameAs\":[\"https:\/\/www.facebook.com\/Ifergancollectionmalaga\",\"https:\/\/www.instagram.com\/ifergangallery\/\",\"https:\/\/www.youtube.com\/channel\/UC2O2zZ9BJKhbUFOnu_5mE3g\",\"https:\/\/twitter.com\/Ifergangallery\"],\"logo\":{\"@type\":\"ImageObject\",\"@id\":\"https:\/\/ifergangallery.com\/#logo\",\"inLanguage\":\"es\",\"url\":\"https:\/\/ifergangallery.com\/wp-content\/uploads\/2021\/09\/Imagotipo_blanco-e1637271379231.png\",\"contentUrl\":\"https:\/\/ifergangallery.com\/wp-content\/uploads\/2021\/09\/Imagotipo_blanco-e1637271379231.png\",\"width\":1920,\"height\":1065,\"caption\":\"Ifergan Gallery\"},\"image\":{\"@id\":\"https:\/\/ifergangallery.com\/#logo\"}},{\"@type\":\"WebSite\",\"@id\":\"https:\/\/ifergangallery.com\/#website\",\"url\":\"https:\/\/ifergangallery.com\/\",\"name\":\"Ifergan Gallery\",\"description\":\"Ancient Art Gallery\",\"publisher\":{\"@id\":\"https:\/\/ifergangallery.com\/#organization\"},\"potentialAction\":[{\"@type\":\"SearchAction\",\"target\":{\"@type\":\"EntryPoint\",\"urlTemplate\":\"https:\/\/ifergangallery.com\/?s={search_term_string}\"},\"query-input\":\"required name=search_term_string\"}],\"inLanguage\":\"es\"},{\"@type\":\"ImageObject\",\"@id\":\"https:\/\/ifergangallery.com\/es\/piece\/pelike-de-lucania-atribuida-al-pintor-de-creusa-ceramica-de-figuras-rojas-390-a-c\/#primaryimage\",\"inLanguage\":\"es\",\"url\":\"https:\/\/ifergangallery.com\/wp-content\/uploads\/2021\/10\/bhm002_edit_005-1.jpg\",\"contentUrl\":\"https:\/\/ifergangallery.com\/wp-content\/uploads\/2021\/10\/bhm002_edit_005-1.jpg\",\"width\":1920,\"height\":1920},{\"@type\":\"WebPage\",\"@id\":\"https:\/\/ifergangallery.com\/es\/piece\/pelike-de-lucania-atribuida-al-pintor-de-creusa-ceramica-de-figuras-rojas-390-a-c\/#webpage\",\"url\":\"https:\/\/ifergangallery.com\/es\/piece\/pelike-de-lucania-atribuida-al-pintor-de-creusa-ceramica-de-figuras-rojas-390-a-c\/\",\"name\":\"Pelike de Lucania atribuida al pintor de Cre\\u00fasa. Cer\\u00e1mica de figuras rojas. 390 a.C. &ndash; Ifergan Gallery\",\"isPartOf\":{\"@id\":\"https:\/\/ifergangallery.com\/#website\"},\"primaryImageOfPage\":{\"@id\":\"https:\/\/ifergangallery.com\/es\/piece\/pelike-de-lucania-atribuida-al-pintor-de-creusa-ceramica-de-figuras-rojas-390-a-c\/#primaryimage\"},\"datePublished\":\"2021-10-20T09:48:23+00:00\",\"dateModified\":\"2023-03-14T08:40:38+00:00\",\"breadcrumb\":{\"@id\":\"https:\/\/ifergangallery.com\/es\/piece\/pelike-de-lucania-atribuida-al-pintor-de-creusa-ceramica-de-figuras-rojas-390-a-c\/#breadcrumb\"},\"inLanguage\":\"es\",\"potentialAction\":[{\"@type\":\"ReadAction\",\"target\":[\"https:\/\/ifergangallery.com\/es\/piece\/pelike-de-lucania-atribuida-al-pintor-de-creusa-ceramica-de-figuras-rojas-390-a-c\/\"]}]},{\"@type\":\"BreadcrumbList\",\"@id\":\"https:\/\/ifergangallery.com\/es\/piece\/pelike-de-lucania-atribuida-al-pintor-de-creusa-ceramica-de-figuras-rojas-390-a-c\/#breadcrumb\",\"itemListElement\":[{\"@type\":\"ListItem\",\"position\":1,\"name\":\"Home\",\"item\":\"https:\/\/ifergangallery.com\/es\/\"},{\"@type\":\"ListItem\",\"position\":2,\"name\":\"Works of art\",\"item\":\"https:\/\/ifergangallery.com\/es\/works_of_art\/\"},{\"@type\":\"ListItem\",\"position\":3,\"name\":\"Pelike de Lucania atribuida al pintor de Cre\\u00fasa. Cer\\u00e1mica de figuras rojas. 390 a.C.\"}]}]}<\/script>\n<!-- \/ Yoast SEO Premium plugin. -->","yoast_head_json":{"title":"Pelike de Lucania atribuida al pintor de Cre\u00fasa. Cer\u00e1mica de figuras rojas. 390 a.C. &ndash; Ifergan Gallery","robots":{"index":"index","follow":"follow","max-snippet":"max-snippet:-1","max-image-preview":"max-image-preview:large","max-video-preview":"max-video-preview:-1"},"canonical":"https:\/\/ifergangallery.com\/es\/piece\/pelike-de-lucania-atribuida-al-pintor-de-creusa-ceramica-de-figuras-rojas-390-a-c\/","og_locale":"es_ES","og_type":"article","og_title":"Pelike de Lucania atribuida al pintor de Cre\u00fasa. Cer\u00e1mica de figuras rojas. 390 a.C.","og_description":"En el lado (a), la figura central de un joven, sentado sobre una roca con pa\u00f1os en la parte inferior del cuerpo, un petasos detr\u00e1s de la cabeza, sosteniendo una lanza en la mano derecha, flanqueado por dos j\u00f3venes desnudos de pie, ambos con botas, uno a la izquierda con una chlamys prendida en el &hellip; Pelike de Lucania atribuida al pintor de Cre\u00fasa. Cer\u00e1mica de figuras rojas. 390 a.C. Leer m\u00e1s &raquo;","og_url":"https:\/\/ifergangallery.com\/es\/piece\/pelike-de-lucania-atribuida-al-pintor-de-creusa-ceramica-de-figuras-rojas-390-a-c\/","og_site_name":"Ifergan Gallery","article_publisher":"https:\/\/www.facebook.com\/Ifergancollectionmalaga","article_modified_time":"2023-03-14T08:40:38+00:00","og_image":[{"width":1920,"height":1920,"url":"https:\/\/ifergangallery.com\/wp-content\/uploads\/2021\/10\/bhm002_edit_005-1.jpg","type":"image\/jpeg"}],"twitter_card":"summary_large_image","twitter_site":"@Ifergangallery","twitter_misc":{"Tiempo de lectura":"1 minuto"},"schema":{"@context":"https:\/\/schema.org","@graph":[{"@type":"Organization","@id":"https:\/\/ifergangallery.com\/#organization","name":"Ifergan Gallery","url":"https:\/\/ifergangallery.com\/","sameAs":["https:\/\/www.facebook.com\/Ifergancollectionmalaga","https:\/\/www.instagram.com\/ifergangallery\/","https:\/\/www.youtube.com\/channel\/UC2O2zZ9BJKhbUFOnu_5mE3g","https:\/\/twitter.com\/Ifergangallery"],"logo":{"@type":"ImageObject","@id":"https:\/\/ifergangallery.com\/#logo","inLanguage":"es","url":"https:\/\/ifergangallery.com\/wp-content\/uploads\/2021\/09\/Imagotipo_blanco-e1637271379231.png","contentUrl":"https:\/\/ifergangallery.com\/wp-content\/uploads\/2021\/09\/Imagotipo_blanco-e1637271379231.png","width":1920,"height":1065,"caption":"Ifergan Gallery"},"image":{"@id":"https:\/\/ifergangallery.com\/#logo"}},{"@type":"WebSite","@id":"https:\/\/ifergangallery.com\/#website","url":"https:\/\/ifergangallery.com\/","name":"Ifergan Gallery","description":"Ancient Art Gallery","publisher":{"@id":"https:\/\/ifergangallery.com\/#organization"},"potentialAction":[{"@type":"SearchAction","target":{"@type":"EntryPoint","urlTemplate":"https:\/\/ifergangallery.com\/?s={search_term_string}"},"query-input":"required name=search_term_string"}],"inLanguage":"es"},{"@type":"ImageObject","@id":"https:\/\/ifergangallery.com\/es\/piece\/pelike-de-lucania-atribuida-al-pintor-de-creusa-ceramica-de-figuras-rojas-390-a-c\/#primaryimage","inLanguage":"es","url":"https:\/\/ifergangallery.com\/wp-content\/uploads\/2021\/10\/bhm002_edit_005-1.jpg","contentUrl":"https:\/\/ifergangallery.com\/wp-content\/uploads\/2021\/10\/bhm002_edit_005-1.jpg","width":1920,"height":1920},{"@type":"WebPage","@id":"https:\/\/ifergangallery.com\/es\/piece\/pelike-de-lucania-atribuida-al-pintor-de-creusa-ceramica-de-figuras-rojas-390-a-c\/#webpage","url":"https:\/\/ifergangallery.com\/es\/piece\/pelike-de-lucania-atribuida-al-pintor-de-creusa-ceramica-de-figuras-rojas-390-a-c\/","name":"Pelike de Lucania atribuida al pintor de Cre\u00fasa. Cer\u00e1mica de figuras rojas. 390 a.C. &ndash; Ifergan Gallery","isPartOf":{"@id":"https:\/\/ifergangallery.com\/#website"},"primaryImageOfPage":{"@id":"https:\/\/ifergangallery.com\/es\/piece\/pelike-de-lucania-atribuida-al-pintor-de-creusa-ceramica-de-figuras-rojas-390-a-c\/#primaryimage"},"datePublished":"2021-10-20T09:48:23+00:00","dateModified":"2023-03-14T08:40:38+00:00","breadcrumb":{"@id":"https:\/\/ifergangallery.com\/es\/piece\/pelike-de-lucania-atribuida-al-pintor-de-creusa-ceramica-de-figuras-rojas-390-a-c\/#breadcrumb"},"inLanguage":"es","potentialAction":[{"@type":"ReadAction","target":["https:\/\/ifergangallery.com\/es\/piece\/pelike-de-lucania-atribuida-al-pintor-de-creusa-ceramica-de-figuras-rojas-390-a-c\/"]}]},{"@type":"BreadcrumbList","@id":"https:\/\/ifergangallery.com\/es\/piece\/pelike-de-lucania-atribuida-al-pintor-de-creusa-ceramica-de-figuras-rojas-390-a-c\/#breadcrumb","itemListElement":[{"@type":"ListItem","position":1,"name":"Home","item":"https:\/\/ifergangallery.com\/es\/"},{"@type":"ListItem","position":2,"name":"Works of art","item":"https:\/\/ifergangallery.com\/es\/works_of_art\/"},{"@type":"ListItem","position":3,"name":"Pelike de Lucania atribuida al pintor de Cre\u00fasa. Cer\u00e1mica de figuras rojas. 390 a.C."}]}]}},"_links":{"self":[{"href":"https:\/\/ifergangallery.com\/es\/wp-json\/wp\/v2\/product\/2611"}],"collection":[{"href":"https:\/\/ifergangallery.com\/es\/wp-json\/wp\/v2\/product"}],"about":[{"href":"https:\/\/ifergangallery.com\/es\/wp-json\/wp\/v2\/types\/product"}],"replies":[{"embeddable":true,"href":"https:\/\/ifergangallery.com\/es\/wp-json\/wp\/v2\/comments?post=2611"}],"wp:featuredmedia":[{"embeddable":true,"href":"https:\/\/ifergangallery.com\/es\/wp-json\/wp\/v2\/media\/8853"}],"wp:attachment":[{"href":"https:\/\/ifergangallery.com\/es\/wp-json\/wp\/v2\/media?parent=2611"}],"wp:term":[{"taxonomy":"product_cat","embeddable":true,"href":"https:\/\/ifergangallery.com\/es\/wp-json\/wp\/v2\/product_cat?post=2611"},{"taxonomy":"product_tag","embeddable":true,"href":"https:\/\/ifergangallery.com\/es\/wp-json\/wp\/v2\/product_tag?post=2611"}],"curies":[{"name":"wp","href":"https:\/\/api.w.org\/{rel}","templated":true}]}}