{"id":2614,"date":"2024-10-20T09:49:05","date_gmt":"2024-10-20T09:49:05","guid":{"rendered":"https:\/\/snackjerusalem.com\/piece\/figura-femenina-elamita-de-bronce-iran-2000-a-c\/"},"modified":"2025-03-20T10:21:48","modified_gmt":"2025-03-20T10:21:48","slug":"figura-femenina-elamita-de-bronce-iran-2000-a-c","status":"publish","type":"product","link":"https:\/\/ifergangallery.com\/es\/piece\/figura-femenina-elamita-de-bronce-iran-2000-a-c\/","title":{"rendered":"Figura femenina elamita de bronce,  Ir\u00e1n, 2000 a.C."},"content":{"rendered":"<p style=\"text-align: justify;\">Con rasgos faciales estilizados, de pie con los pies juntos sobre un peque\u00f1o plinto, con los brazos cortos extendidos hacia delante, llevando un vestido ajustado con detalles incisos, con una diadema en pico en el pelo.<\/p>\n<p style=\"text-align: justify;\">El antiguo Elam estaba emplazado en el territorio que hoy corresponde con Ir\u00e1n, configur\u00e1ndose como el eslab\u00f3n de enlace entre los antiguos pueblos de Ir\u00e1n y el centro de Asia. Respecto al origen y la raza de los elamitas, se asume que ser\u00eda similar a la de las culturas desarrollas en la meseta de Ir\u00e1n, aunque el \u00fanico hecho certero es que ser\u00edan de raza negra. El reino de Elam surge en el III milenio a.C. y se configura como una importante potencia comercial durante el II milenio a.C., mediante la venta de productos como madera, vestidos, plantas arom\u00e1ticas, plata o esclavos.<\/p>\n<p style=\"text-align: justify;\">Tampoco se tiene mucho conocimiento sobre su inclinaci\u00f3n religiosa, aunque se tiene constancia del nombre de ciertos dioses y de que los elamitas levantaron templos en honor a ellos, decor\u00e1ndolos con esculturas representativas. Como centro art\u00edstico destac\u00f3 Susa, donde se practicaba esencialmente el arte del cobre mediante la t\u00e9cnica de la cera perdida. Destacaron por la realizaci\u00f3n de hachas de cobre, figuritas de fundaci\u00f3n en bronce fundido y sellos grabados con escenas de fantas\u00eda.<\/p>\n<p style=\"text-align: justify;\">","protected":false},"excerpt":{"rendered":"<p>Con rasgos faciales estilizados, de pie con los pies juntos sobre un peque\u00f1o plinto, con los brazos cortos extendidos hacia delante, llevando un vestido ajustado con detalles incisos, con una diadema en pico en el pelo. El antiguo Elam estaba emplazado en el territorio que hoy corresponde con Ir\u00e1n, configur\u00e1ndose como el eslab\u00f3n de enlace &hellip;<\/p>\n<p class=\"read-more\"> <a class=\"\" href=\"https:\/\/ifergangallery.com\/es\/piece\/figura-femenina-elamita-de-bronce-iran-2000-a-c\/\"> <span class=\"screen-reader-text\">Figura femenina elamita de bronce,  Ir\u00e1n, 2000 a.C.<\/span> Leer m\u00e1s &raquo;<\/a><\/p>","protected":false},"featured_media":15119,"comment_status":"closed","ping_status":"closed","template":"","meta":{"spay_email":""},"product_cat":[123],"product_tag":[807],"yoast_head":"<!-- This site is optimized with the Yoast SEO Premium plugin v17.6 (Yoast SEO v17.6) - https:\/\/yoast.com\/wordpress\/plugins\/seo\/ -->\n<title>Figura femenina elamita de bronce, Ir\u00e1n, 2000 a.C. &ndash; Ifergan Gallery<\/title>\n<meta name=\"robots\" content=\"index, follow, max-snippet:-1, max-image-preview:large, max-video-preview:-1\" \/>\n<link rel=\"canonical\" href=\"https:\/\/ifergangallery.com\/es\/piece\/figura-femenina-elamita-de-bronce-iran-2000-a-c\/\" \/>\n<meta property=\"og:locale\" content=\"es_ES\" \/>\n<meta property=\"og:type\" content=\"article\" \/>\n<meta property=\"og:title\" content=\"Figura femenina elamita de bronce, Ir\u00e1n, 2000 a.C.\" \/>\n<meta property=\"og:description\" content=\"Con rasgos faciales estilizados, de pie con los pies juntos sobre un peque\u00f1o plinto, con los brazos cortos extendidos hacia delante, llevando un vestido ajustado con detalles incisos, con una diadema en pico en el pelo. El antiguo Elam estaba emplazado en el territorio que hoy corresponde con Ir\u00e1n, configur\u00e1ndose como el eslab\u00f3n de enlace &hellip; Figura femenina elamita de bronce, Ir\u00e1n, 2000 a.C. Leer m\u00e1s &raquo;\" \/>\n<meta property=\"og:url\" content=\"https:\/\/ifergangallery.com\/es\/piece\/figura-femenina-elamita-de-bronce-iran-2000-a-c\/\" \/>\n<meta property=\"og:site_name\" content=\"Ifergan Gallery\" \/>\n<meta property=\"article:publisher\" content=\"https:\/\/www.facebook.com\/Ifergancollectionmalaga\" \/>\n<meta property=\"article:modified_time\" content=\"2025-03-20T10:21:48+00:00\" \/>\n<meta property=\"og:image\" content=\"https:\/\/ifergangallery.com\/wp-content\/uploads\/2021\/10\/bhm131-3-4.jpg\" \/>\n\t<meta property=\"og:image:width\" content=\"2048\" \/>\n\t<meta property=\"og:image:height\" content=\"2048\" \/>\n<meta name=\"twitter:card\" content=\"summary_large_image\" \/>\n<meta name=\"twitter:site\" content=\"@Ifergangallery\" \/>\n<meta name=\"twitter:label1\" content=\"Tiempo de lectura\" \/>\n\t<meta name=\"twitter:data1\" content=\"1 minuto\" \/>\n<script type=\"application\/ld+json\" class=\"yoast-schema-graph\">{\"@context\":\"https:\/\/schema.org\",\"@graph\":[{\"@type\":\"Organization\",\"@id\":\"https:\/\/ifergangallery.com\/#organization\",\"name\":\"Ifergan Gallery\",\"url\":\"https:\/\/ifergangallery.com\/\",\"sameAs\":[\"https:\/\/www.facebook.com\/Ifergancollectionmalaga\",\"https:\/\/www.instagram.com\/ifergangallery\/\",\"https:\/\/www.youtube.com\/channel\/UC2O2zZ9BJKhbUFOnu_5mE3g\",\"https:\/\/twitter.com\/Ifergangallery\"],\"logo\":{\"@type\":\"ImageObject\",\"@id\":\"https:\/\/ifergangallery.com\/#logo\",\"inLanguage\":\"es\",\"url\":\"https:\/\/ifergangallery.com\/wp-content\/uploads\/2021\/09\/Imagotipo_blanco-e1637271379231.png\",\"contentUrl\":\"https:\/\/ifergangallery.com\/wp-content\/uploads\/2021\/09\/Imagotipo_blanco-e1637271379231.png\",\"width\":1920,\"height\":1065,\"caption\":\"Ifergan Gallery\"},\"image\":{\"@id\":\"https:\/\/ifergangallery.com\/#logo\"}},{\"@type\":\"WebSite\",\"@id\":\"https:\/\/ifergangallery.com\/#website\",\"url\":\"https:\/\/ifergangallery.com\/\",\"name\":\"Ifergan Gallery\",\"description\":\"Ancient Art Gallery\",\"publisher\":{\"@id\":\"https:\/\/ifergangallery.com\/#organization\"},\"potentialAction\":[{\"@type\":\"SearchAction\",\"target\":{\"@type\":\"EntryPoint\",\"urlTemplate\":\"https:\/\/ifergangallery.com\/?s={search_term_string}\"},\"query-input\":\"required name=search_term_string\"}],\"inLanguage\":\"es\"},{\"@type\":\"ImageObject\",\"@id\":\"https:\/\/ifergangallery.com\/es\/piece\/figura-femenina-elamita-de-bronce-iran-2000-a-c\/#primaryimage\",\"inLanguage\":\"es\",\"url\":\"https:\/\/ifergangallery.com\/wp-content\/uploads\/2021\/10\/bhm131-3-4.jpg\",\"contentUrl\":\"https:\/\/ifergangallery.com\/wp-content\/uploads\/2021\/10\/bhm131-3-4.jpg\",\"width\":2048,\"height\":2048},{\"@type\":\"WebPage\",\"@id\":\"https:\/\/ifergangallery.com\/es\/piece\/figura-femenina-elamita-de-bronce-iran-2000-a-c\/#webpage\",\"url\":\"https:\/\/ifergangallery.com\/es\/piece\/figura-femenina-elamita-de-bronce-iran-2000-a-c\/\",\"name\":\"Figura femenina elamita de bronce, Ir\\u00e1n, 2000 a.C. &ndash; Ifergan Gallery\",\"isPartOf\":{\"@id\":\"https:\/\/ifergangallery.com\/#website\"},\"primaryImageOfPage\":{\"@id\":\"https:\/\/ifergangallery.com\/es\/piece\/figura-femenina-elamita-de-bronce-iran-2000-a-c\/#primaryimage\"},\"datePublished\":\"2024-10-20T09:49:05+00:00\",\"dateModified\":\"2025-03-20T10:21:48+00:00\",\"breadcrumb\":{\"@id\":\"https:\/\/ifergangallery.com\/es\/piece\/figura-femenina-elamita-de-bronce-iran-2000-a-c\/#breadcrumb\"},\"inLanguage\":\"es\",\"potentialAction\":[{\"@type\":\"ReadAction\",\"target\":[\"https:\/\/ifergangallery.com\/es\/piece\/figura-femenina-elamita-de-bronce-iran-2000-a-c\/\"]}]},{\"@type\":\"BreadcrumbList\",\"@id\":\"https:\/\/ifergangallery.com\/es\/piece\/figura-femenina-elamita-de-bronce-iran-2000-a-c\/#breadcrumb\",\"itemListElement\":[{\"@type\":\"ListItem\",\"position\":1,\"name\":\"Home\",\"item\":\"https:\/\/ifergangallery.com\/es\/\"},{\"@type\":\"ListItem\",\"position\":2,\"name\":\"Works of art\",\"item\":\"https:\/\/ifergangallery.com\/es\/works_of_art\/\"},{\"@type\":\"ListItem\",\"position\":3,\"name\":\"Figura femenina elamita de bronce, Ir\\u00e1n, 2000 a.C.\"}]}]}<\/script>\n<!-- \/ Yoast SEO Premium plugin. -->","yoast_head_json":{"title":"Figura femenina elamita de bronce, Ir\u00e1n, 2000 a.C. &ndash; Ifergan Gallery","robots":{"index":"index","follow":"follow","max-snippet":"max-snippet:-1","max-image-preview":"max-image-preview:large","max-video-preview":"max-video-preview:-1"},"canonical":"https:\/\/ifergangallery.com\/es\/piece\/figura-femenina-elamita-de-bronce-iran-2000-a-c\/","og_locale":"es_ES","og_type":"article","og_title":"Figura femenina elamita de bronce, Ir\u00e1n, 2000 a.C.","og_description":"Con rasgos faciales estilizados, de pie con los pies juntos sobre un peque\u00f1o plinto, con los brazos cortos extendidos hacia delante, llevando un vestido ajustado con detalles incisos, con una diadema en pico en el pelo. El antiguo Elam estaba emplazado en el territorio que hoy corresponde con Ir\u00e1n, configur\u00e1ndose como el eslab\u00f3n de enlace &hellip; Figura femenina elamita de bronce, Ir\u00e1n, 2000 a.C. Leer m\u00e1s &raquo;","og_url":"https:\/\/ifergangallery.com\/es\/piece\/figura-femenina-elamita-de-bronce-iran-2000-a-c\/","og_site_name":"Ifergan Gallery","article_publisher":"https:\/\/www.facebook.com\/Ifergancollectionmalaga","article_modified_time":"2025-03-20T10:21:48+00:00","og_image":[{"width":2048,"height":2048,"url":"https:\/\/ifergangallery.com\/wp-content\/uploads\/2021\/10\/bhm131-3-4.jpg","type":"image\/jpeg"}],"twitter_card":"summary_large_image","twitter_site":"@Ifergangallery","twitter_misc":{"Tiempo de lectura":"1 minuto"},"schema":{"@context":"https:\/\/schema.org","@graph":[{"@type":"Organization","@id":"https:\/\/ifergangallery.com\/#organization","name":"Ifergan Gallery","url":"https:\/\/ifergangallery.com\/","sameAs":["https:\/\/www.facebook.com\/Ifergancollectionmalaga","https:\/\/www.instagram.com\/ifergangallery\/","https:\/\/www.youtube.com\/channel\/UC2O2zZ9BJKhbUFOnu_5mE3g","https:\/\/twitter.com\/Ifergangallery"],"logo":{"@type":"ImageObject","@id":"https:\/\/ifergangallery.com\/#logo","inLanguage":"es","url":"https:\/\/ifergangallery.com\/wp-content\/uploads\/2021\/09\/Imagotipo_blanco-e1637271379231.png","contentUrl":"https:\/\/ifergangallery.com\/wp-content\/uploads\/2021\/09\/Imagotipo_blanco-e1637271379231.png","width":1920,"height":1065,"caption":"Ifergan Gallery"},"image":{"@id":"https:\/\/ifergangallery.com\/#logo"}},{"@type":"WebSite","@id":"https:\/\/ifergangallery.com\/#website","url":"https:\/\/ifergangallery.com\/","name":"Ifergan Gallery","description":"Ancient Art Gallery","publisher":{"@id":"https:\/\/ifergangallery.com\/#organization"},"potentialAction":[{"@type":"SearchAction","target":{"@type":"EntryPoint","urlTemplate":"https:\/\/ifergangallery.com\/?s={search_term_string}"},"query-input":"required name=search_term_string"}],"inLanguage":"es"},{"@type":"ImageObject","@id":"https:\/\/ifergangallery.com\/es\/piece\/figura-femenina-elamita-de-bronce-iran-2000-a-c\/#primaryimage","inLanguage":"es","url":"https:\/\/ifergangallery.com\/wp-content\/uploads\/2021\/10\/bhm131-3-4.jpg","contentUrl":"https:\/\/ifergangallery.com\/wp-content\/uploads\/2021\/10\/bhm131-3-4.jpg","width":2048,"height":2048},{"@type":"WebPage","@id":"https:\/\/ifergangallery.com\/es\/piece\/figura-femenina-elamita-de-bronce-iran-2000-a-c\/#webpage","url":"https:\/\/ifergangallery.com\/es\/piece\/figura-femenina-elamita-de-bronce-iran-2000-a-c\/","name":"Figura femenina elamita de bronce, Ir\u00e1n, 2000 a.C. &ndash; Ifergan Gallery","isPartOf":{"@id":"https:\/\/ifergangallery.com\/#website"},"primaryImageOfPage":{"@id":"https:\/\/ifergangallery.com\/es\/piece\/figura-femenina-elamita-de-bronce-iran-2000-a-c\/#primaryimage"},"datePublished":"2024-10-20T09:49:05+00:00","dateModified":"2025-03-20T10:21:48+00:00","breadcrumb":{"@id":"https:\/\/ifergangallery.com\/es\/piece\/figura-femenina-elamita-de-bronce-iran-2000-a-c\/#breadcrumb"},"inLanguage":"es","potentialAction":[{"@type":"ReadAction","target":["https:\/\/ifergangallery.com\/es\/piece\/figura-femenina-elamita-de-bronce-iran-2000-a-c\/"]}]},{"@type":"BreadcrumbList","@id":"https:\/\/ifergangallery.com\/es\/piece\/figura-femenina-elamita-de-bronce-iran-2000-a-c\/#breadcrumb","itemListElement":[{"@type":"ListItem","position":1,"name":"Home","item":"https:\/\/ifergangallery.com\/es\/"},{"@type":"ListItem","position":2,"name":"Works of art","item":"https:\/\/ifergangallery.com\/es\/works_of_art\/"},{"@type":"ListItem","position":3,"name":"Figura femenina elamita de bronce, Ir\u00e1n, 2000 a.C."}]}]}},"_links":{"self":[{"href":"https:\/\/ifergangallery.com\/es\/wp-json\/wp\/v2\/product\/2614"}],"collection":[{"href":"https:\/\/ifergangallery.com\/es\/wp-json\/wp\/v2\/product"}],"about":[{"href":"https:\/\/ifergangallery.com\/es\/wp-json\/wp\/v2\/types\/product"}],"replies":[{"embeddable":true,"href":"https:\/\/ifergangallery.com\/es\/wp-json\/wp\/v2\/comments?post=2614"}],"wp:featuredmedia":[{"embeddable":true,"href":"https:\/\/ifergangallery.com\/es\/wp-json\/wp\/v2\/media\/15119"}],"wp:attachment":[{"href":"https:\/\/ifergangallery.com\/es\/wp-json\/wp\/v2\/media?parent=2614"}],"wp:term":[{"taxonomy":"product_cat","embeddable":true,"href":"https:\/\/ifergangallery.com\/es\/wp-json\/wp\/v2\/product_cat?post=2614"},{"taxonomy":"product_tag","embeddable":true,"href":"https:\/\/ifergangallery.com\/es\/wp-json\/wp\/v2\/product_tag?post=2614"}],"curies":[{"name":"wp","href":"https:\/\/api.w.org\/{rel}","templated":true}]}}