{"id":2630,"date":"2021-10-20T09:51:33","date_gmt":"2021-10-20T09:51:33","guid":{"rendered":"https:\/\/snackjerusalem.com\/piece\/capitel-de-marmol-islamico-periodo-califal-siglo-x-d-c\/"},"modified":"2024-11-15T13:35:23","modified_gmt":"2024-11-15T13:35:23","slug":"capitel-de-marmol-islamico-periodo-califal-siglo-x-d-c","status":"publish","type":"product","link":"https:\/\/ifergangallery.com\/es\/piece\/capitel-de-marmol-islamico-periodo-califal-siglo-x-d-c\/","title":{"rendered":"Capitel de m\u00e1rmol isl\u00e1mico, Periodo califal, Siglo X d.C"},"content":{"rendered":"<p style=\"text-align: justify;\">Un capitel es la parte superior de una columna, que corona el fuste. Este fuste es un fragmento de la historia, una pieza de arte califal en nuestras manos. Su decoraci\u00f3n vegetal, que juega con los vol\u00famenes, es uno de los mejores ejemplos del arte califal.<br \/>\nEl arte isl\u00e1mico es anic\u00f3nico, no representa seres vivos que tengan alma, por lo que generalmente no encontraremos representaciones de animales o personas, aunque s\u00ed de vegetaci\u00f3n, ya que para los musulmanes las plantas no tienen alma.<\/p>\n<p>&nbsp;<\/p>","protected":false},"excerpt":{"rendered":"<p>Un capitel es la parte superior de una columna, que corona el fuste. Este fuste es un fragmento de la historia, una pieza de arte califal en nuestras manos. Su decoraci\u00f3n vegetal, que juega con los vol\u00famenes, es uno de los mejores ejemplos del arte califal. El arte isl\u00e1mico es anic\u00f3nico, no representa seres vivos &hellip;<\/p>\n<p class=\"read-more\"> <a class=\"\" href=\"https:\/\/ifergangallery.com\/es\/piece\/capitel-de-marmol-islamico-periodo-califal-siglo-x-d-c\/\"> <span class=\"screen-reader-text\">Capitel de m\u00e1rmol isl\u00e1mico, Periodo califal, Siglo X d.C<\/span> Leer m\u00e1s &raquo;<\/a><\/p>","protected":false},"featured_media":14033,"comment_status":"closed","ping_status":"closed","template":"","meta":{"spay_email":""},"product_cat":[811,118],"product_tag":[793,769,445],"yoast_head":"<!-- This site is optimized with the Yoast SEO Premium plugin v17.6 (Yoast SEO v17.6) - https:\/\/yoast.com\/wordpress\/plugins\/seo\/ -->\n<title>Capitel de m\u00e1rmol isl\u00e1mico, Periodo califal, Siglo X d.C &ndash; Ifergan Gallery<\/title>\n<meta name=\"robots\" content=\"index, follow, max-snippet:-1, max-image-preview:large, max-video-preview:-1\" \/>\n<link rel=\"canonical\" href=\"https:\/\/ifergangallery.com\/es\/piece\/capitel-de-marmol-islamico-periodo-califal-siglo-x-d-c\/\" \/>\n<meta property=\"og:locale\" content=\"es_ES\" \/>\n<meta property=\"og:type\" content=\"article\" \/>\n<meta property=\"og:title\" content=\"Capitel de m\u00e1rmol isl\u00e1mico, Periodo califal, Siglo X d.C\" \/>\n<meta property=\"og:description\" content=\"Un capitel es la parte superior de una columna, que corona el fuste. Este fuste es un fragmento de la historia, una pieza de arte califal en nuestras manos. Su decoraci\u00f3n vegetal, que juega con los vol\u00famenes, es uno de los mejores ejemplos del arte califal. El arte isl\u00e1mico es anic\u00f3nico, no representa seres vivos &hellip; Capitel de m\u00e1rmol isl\u00e1mico, Periodo califal, Siglo X d.C Leer m\u00e1s &raquo;\" \/>\n<meta property=\"og:url\" content=\"https:\/\/ifergangallery.com\/es\/piece\/capitel-de-marmol-islamico-periodo-califal-siglo-x-d-c\/\" \/>\n<meta property=\"og:site_name\" content=\"Ifergan Gallery\" \/>\n<meta property=\"article:publisher\" content=\"https:\/\/www.facebook.com\/Ifergancollectionmalaga\" \/>\n<meta property=\"article:modified_time\" content=\"2024-11-15T13:35:23+00:00\" \/>\n<meta property=\"og:image\" content=\"https:\/\/ifergangallery.com\/wp-content\/uploads\/2021\/10\/ars037-2-4-scaled.jpg\" \/>\n\t<meta property=\"og:image:width\" content=\"2560\" \/>\n\t<meta property=\"og:image:height\" content=\"2560\" \/>\n<meta name=\"twitter:card\" content=\"summary_large_image\" \/>\n<meta name=\"twitter:site\" content=\"@Ifergangallery\" \/>\n<meta name=\"twitter:label1\" content=\"Tiempo de lectura\" \/>\n\t<meta name=\"twitter:data1\" content=\"1 minuto\" \/>\n<script type=\"application\/ld+json\" class=\"yoast-schema-graph\">{\"@context\":\"https:\/\/schema.org\",\"@graph\":[{\"@type\":\"Organization\",\"@id\":\"https:\/\/ifergangallery.com\/#organization\",\"name\":\"Ifergan Gallery\",\"url\":\"https:\/\/ifergangallery.com\/\",\"sameAs\":[\"https:\/\/www.facebook.com\/Ifergancollectionmalaga\",\"https:\/\/www.instagram.com\/ifergangallery\/\",\"https:\/\/www.youtube.com\/channel\/UC2O2zZ9BJKhbUFOnu_5mE3g\",\"https:\/\/twitter.com\/Ifergangallery\"],\"logo\":{\"@type\":\"ImageObject\",\"@id\":\"https:\/\/ifergangallery.com\/#logo\",\"inLanguage\":\"es\",\"url\":\"https:\/\/ifergangallery.com\/wp-content\/uploads\/2021\/09\/Imagotipo_blanco-e1637271379231.png\",\"contentUrl\":\"https:\/\/ifergangallery.com\/wp-content\/uploads\/2021\/09\/Imagotipo_blanco-e1637271379231.png\",\"width\":1920,\"height\":1065,\"caption\":\"Ifergan Gallery\"},\"image\":{\"@id\":\"https:\/\/ifergangallery.com\/#logo\"}},{\"@type\":\"WebSite\",\"@id\":\"https:\/\/ifergangallery.com\/#website\",\"url\":\"https:\/\/ifergangallery.com\/\",\"name\":\"Ifergan Gallery\",\"description\":\"Ancient Art Gallery\",\"publisher\":{\"@id\":\"https:\/\/ifergangallery.com\/#organization\"},\"potentialAction\":[{\"@type\":\"SearchAction\",\"target\":{\"@type\":\"EntryPoint\",\"urlTemplate\":\"https:\/\/ifergangallery.com\/?s={search_term_string}\"},\"query-input\":\"required name=search_term_string\"}],\"inLanguage\":\"es\"},{\"@type\":\"ImageObject\",\"@id\":\"https:\/\/ifergangallery.com\/es\/piece\/capitel-de-marmol-islamico-periodo-califal-siglo-x-d-c\/#primaryimage\",\"inLanguage\":\"es\",\"url\":\"https:\/\/ifergangallery.com\/wp-content\/uploads\/2021\/10\/ars037-2-4-scaled.jpg\",\"contentUrl\":\"https:\/\/ifergangallery.com\/wp-content\/uploads\/2021\/10\/ars037-2-4-scaled.jpg\",\"width\":2560,\"height\":2560},{\"@type\":\"WebPage\",\"@id\":\"https:\/\/ifergangallery.com\/es\/piece\/capitel-de-marmol-islamico-periodo-califal-siglo-x-d-c\/#webpage\",\"url\":\"https:\/\/ifergangallery.com\/es\/piece\/capitel-de-marmol-islamico-periodo-califal-siglo-x-d-c\/\",\"name\":\"Capitel de m\\u00e1rmol isl\\u00e1mico, Periodo califal, Siglo X d.C &ndash; Ifergan Gallery\",\"isPartOf\":{\"@id\":\"https:\/\/ifergangallery.com\/#website\"},\"primaryImageOfPage\":{\"@id\":\"https:\/\/ifergangallery.com\/es\/piece\/capitel-de-marmol-islamico-periodo-califal-siglo-x-d-c\/#primaryimage\"},\"datePublished\":\"2021-10-20T09:51:33+00:00\",\"dateModified\":\"2024-11-15T13:35:23+00:00\",\"breadcrumb\":{\"@id\":\"https:\/\/ifergangallery.com\/es\/piece\/capitel-de-marmol-islamico-periodo-califal-siglo-x-d-c\/#breadcrumb\"},\"inLanguage\":\"es\",\"potentialAction\":[{\"@type\":\"ReadAction\",\"target\":[\"https:\/\/ifergangallery.com\/es\/piece\/capitel-de-marmol-islamico-periodo-califal-siglo-x-d-c\/\"]}]},{\"@type\":\"BreadcrumbList\",\"@id\":\"https:\/\/ifergangallery.com\/es\/piece\/capitel-de-marmol-islamico-periodo-califal-siglo-x-d-c\/#breadcrumb\",\"itemListElement\":[{\"@type\":\"ListItem\",\"position\":1,\"name\":\"Home\",\"item\":\"https:\/\/ifergangallery.com\/es\/\"},{\"@type\":\"ListItem\",\"position\":2,\"name\":\"Works of art\",\"item\":\"https:\/\/ifergangallery.com\/es\/works_of_art\/\"},{\"@type\":\"ListItem\",\"position\":3,\"name\":\"Capitel de m\\u00e1rmol isl\\u00e1mico, Periodo califal, Siglo X d.C\"}]}]}<\/script>\n<!-- \/ Yoast SEO Premium plugin. -->","yoast_head_json":{"title":"Capitel de m\u00e1rmol isl\u00e1mico, Periodo califal, Siglo X d.C &ndash; Ifergan Gallery","robots":{"index":"index","follow":"follow","max-snippet":"max-snippet:-1","max-image-preview":"max-image-preview:large","max-video-preview":"max-video-preview:-1"},"canonical":"https:\/\/ifergangallery.com\/es\/piece\/capitel-de-marmol-islamico-periodo-califal-siglo-x-d-c\/","og_locale":"es_ES","og_type":"article","og_title":"Capitel de m\u00e1rmol isl\u00e1mico, Periodo califal, Siglo X d.C","og_description":"Un capitel es la parte superior de una columna, que corona el fuste. Este fuste es un fragmento de la historia, una pieza de arte califal en nuestras manos. Su decoraci\u00f3n vegetal, que juega con los vol\u00famenes, es uno de los mejores ejemplos del arte califal. El arte isl\u00e1mico es anic\u00f3nico, no representa seres vivos &hellip; Capitel de m\u00e1rmol isl\u00e1mico, Periodo califal, Siglo X d.C Leer m\u00e1s &raquo;","og_url":"https:\/\/ifergangallery.com\/es\/piece\/capitel-de-marmol-islamico-periodo-califal-siglo-x-d-c\/","og_site_name":"Ifergan Gallery","article_publisher":"https:\/\/www.facebook.com\/Ifergancollectionmalaga","article_modified_time":"2024-11-15T13:35:23+00:00","og_image":[{"width":2560,"height":2560,"url":"https:\/\/ifergangallery.com\/wp-content\/uploads\/2021\/10\/ars037-2-4-scaled.jpg","type":"image\/jpeg"}],"twitter_card":"summary_large_image","twitter_site":"@Ifergangallery","twitter_misc":{"Tiempo de lectura":"1 minuto"},"schema":{"@context":"https:\/\/schema.org","@graph":[{"@type":"Organization","@id":"https:\/\/ifergangallery.com\/#organization","name":"Ifergan Gallery","url":"https:\/\/ifergangallery.com\/","sameAs":["https:\/\/www.facebook.com\/Ifergancollectionmalaga","https:\/\/www.instagram.com\/ifergangallery\/","https:\/\/www.youtube.com\/channel\/UC2O2zZ9BJKhbUFOnu_5mE3g","https:\/\/twitter.com\/Ifergangallery"],"logo":{"@type":"ImageObject","@id":"https:\/\/ifergangallery.com\/#logo","inLanguage":"es","url":"https:\/\/ifergangallery.com\/wp-content\/uploads\/2021\/09\/Imagotipo_blanco-e1637271379231.png","contentUrl":"https:\/\/ifergangallery.com\/wp-content\/uploads\/2021\/09\/Imagotipo_blanco-e1637271379231.png","width":1920,"height":1065,"caption":"Ifergan Gallery"},"image":{"@id":"https:\/\/ifergangallery.com\/#logo"}},{"@type":"WebSite","@id":"https:\/\/ifergangallery.com\/#website","url":"https:\/\/ifergangallery.com\/","name":"Ifergan Gallery","description":"Ancient Art Gallery","publisher":{"@id":"https:\/\/ifergangallery.com\/#organization"},"potentialAction":[{"@type":"SearchAction","target":{"@type":"EntryPoint","urlTemplate":"https:\/\/ifergangallery.com\/?s={search_term_string}"},"query-input":"required name=search_term_string"}],"inLanguage":"es"},{"@type":"ImageObject","@id":"https:\/\/ifergangallery.com\/es\/piece\/capitel-de-marmol-islamico-periodo-califal-siglo-x-d-c\/#primaryimage","inLanguage":"es","url":"https:\/\/ifergangallery.com\/wp-content\/uploads\/2021\/10\/ars037-2-4-scaled.jpg","contentUrl":"https:\/\/ifergangallery.com\/wp-content\/uploads\/2021\/10\/ars037-2-4-scaled.jpg","width":2560,"height":2560},{"@type":"WebPage","@id":"https:\/\/ifergangallery.com\/es\/piece\/capitel-de-marmol-islamico-periodo-califal-siglo-x-d-c\/#webpage","url":"https:\/\/ifergangallery.com\/es\/piece\/capitel-de-marmol-islamico-periodo-califal-siglo-x-d-c\/","name":"Capitel de m\u00e1rmol isl\u00e1mico, Periodo califal, Siglo X d.C &ndash; Ifergan Gallery","isPartOf":{"@id":"https:\/\/ifergangallery.com\/#website"},"primaryImageOfPage":{"@id":"https:\/\/ifergangallery.com\/es\/piece\/capitel-de-marmol-islamico-periodo-califal-siglo-x-d-c\/#primaryimage"},"datePublished":"2021-10-20T09:51:33+00:00","dateModified":"2024-11-15T13:35:23+00:00","breadcrumb":{"@id":"https:\/\/ifergangallery.com\/es\/piece\/capitel-de-marmol-islamico-periodo-califal-siglo-x-d-c\/#breadcrumb"},"inLanguage":"es","potentialAction":[{"@type":"ReadAction","target":["https:\/\/ifergangallery.com\/es\/piece\/capitel-de-marmol-islamico-periodo-califal-siglo-x-d-c\/"]}]},{"@type":"BreadcrumbList","@id":"https:\/\/ifergangallery.com\/es\/piece\/capitel-de-marmol-islamico-periodo-califal-siglo-x-d-c\/#breadcrumb","itemListElement":[{"@type":"ListItem","position":1,"name":"Home","item":"https:\/\/ifergangallery.com\/es\/"},{"@type":"ListItem","position":2,"name":"Works of art","item":"https:\/\/ifergangallery.com\/es\/works_of_art\/"},{"@type":"ListItem","position":3,"name":"Capitel de m\u00e1rmol isl\u00e1mico, Periodo califal, Siglo X d.C"}]}]}},"_links":{"self":[{"href":"https:\/\/ifergangallery.com\/es\/wp-json\/wp\/v2\/product\/2630"}],"collection":[{"href":"https:\/\/ifergangallery.com\/es\/wp-json\/wp\/v2\/product"}],"about":[{"href":"https:\/\/ifergangallery.com\/es\/wp-json\/wp\/v2\/types\/product"}],"replies":[{"embeddable":true,"href":"https:\/\/ifergangallery.com\/es\/wp-json\/wp\/v2\/comments?post=2630"}],"wp:featuredmedia":[{"embeddable":true,"href":"https:\/\/ifergangallery.com\/es\/wp-json\/wp\/v2\/media\/14033"}],"wp:attachment":[{"href":"https:\/\/ifergangallery.com\/es\/wp-json\/wp\/v2\/media?parent=2630"}],"wp:term":[{"taxonomy":"product_cat","embeddable":true,"href":"https:\/\/ifergangallery.com\/es\/wp-json\/wp\/v2\/product_cat?post=2630"},{"taxonomy":"product_tag","embeddable":true,"href":"https:\/\/ifergangallery.com\/es\/wp-json\/wp\/v2\/product_tag?post=2630"}],"curies":[{"name":"wp","href":"https:\/\/api.w.org\/{rel}","templated":true}]}}