{"id":2638,"date":"2021-10-20T09:51:33","date_gmt":"2021-10-20T09:51:33","guid":{"rendered":"https:\/\/snackjerusalem.com\/piece\/ushebti-egipcio-de-fayenza-para-tius-baja-epoca-din-xxvii-xxx-525-341-a-c\/"},"modified":"2024-11-15T14:53:06","modified_gmt":"2024-11-15T14:53:06","slug":"ushebti-egipcio-de-fayenza-para-tius-baja-epoca-din-xxvii-xxx-525-341-a-c","status":"publish","type":"product","link":"https:\/\/ifergangallery.com\/es\/piece\/ushebti-egipcio-de-fayenza-para-tius-baja-epoca-din-xxvii-xxx-525-341-a-c\/","title":{"rendered":"Ushebti egipcio de fayenza para &#8220;Tius&#8221;, Baja \u00c9poca, Din. XXVII-XXX, 525-341 a.C."},"content":{"rendered":"<p style=\"text-align: justify;\">En el cuerpo hay nueve registros horizontales de escritura jerogl\u00edfica, que se entregan a una columna dorsal sin inscripci\u00f3n. Y toda la figura se apoya en un peque\u00f1o plinto que la eleva.<\/p>\n<p style=\"text-align: justify;\">Traducci\u00f3n del texto: &#8220;Que el Osiris de Tius sea iluminado, justificado. Nacido de Tayderek, justificado. Dice: \u00a1Oh! estos ushebtis. Si se me requiere. El Osiris de Tius, para hacer todas las obras que se har\u00e1n en el M\u00e1s All\u00e1, \u00a1Aqu\u00ed estoy! dir\u00e1s, para derribar los obst\u00e1culos, para cultivar los campos, para regar las tierras ribere\u00f1as y para transportar la arena de oeste a este y viceversa. aqu\u00ed estoy yo! dir\u00e1s&#8221;.<\/p>\n<p>&nbsp;<\/p>\n<p>&nbsp;<\/p>\n<p>&nbsp;<\/p>","protected":false},"excerpt":{"rendered":"<p>En el cuerpo hay nueve registros horizontales de escritura jerogl\u00edfica, que se entregan a una columna dorsal sin inscripci\u00f3n. Y toda la figura se apoya en un peque\u00f1o plinto que la eleva. Traducci\u00f3n del texto: &#8220;Que el Osiris de Tius sea iluminado, justificado. Nacido de Tayderek, justificado. Dice: \u00a1Oh! estos ushebtis. Si se me requiere. &hellip;<\/p>\n<p class=\"read-more\"> <a class=\"\" href=\"https:\/\/ifergangallery.com\/es\/piece\/ushebti-egipcio-de-fayenza-para-tius-baja-epoca-din-xxvii-xxx-525-341-a-c\/\"> <span class=\"screen-reader-text\">Ushebti egipcio de fayenza para &#8220;Tius&#8221;, Baja \u00c9poca, Din. XXVII-XXX, 525-341 a.C.<\/span> Leer m\u00e1s &raquo;<\/a><\/p>","protected":false},"featured_media":9560,"comment_status":"closed","ping_status":"closed","template":"","meta":{"spay_email":""},"product_cat":[110,499],"product_tag":[218,581],"yoast_head":"<!-- This site is optimized with the Yoast SEO Premium plugin v17.6 (Yoast SEO v17.6) - https:\/\/yoast.com\/wordpress\/plugins\/seo\/ -->\n<title>Ushebti egipcio de fayenza para &quot;Tius&quot;, Baja \u00c9poca, Din. XXVII-XXX, 525-341 a.C. &ndash; Ifergan Gallery<\/title>\n<meta name=\"robots\" content=\"index, follow, max-snippet:-1, max-image-preview:large, max-video-preview:-1\" \/>\n<link rel=\"canonical\" href=\"https:\/\/ifergangallery.com\/es\/piece\/ushebti-egipcio-de-fayenza-para-tius-baja-epoca-din-xxvii-xxx-525-341-a-c\/\" \/>\n<meta property=\"og:locale\" content=\"es_ES\" \/>\n<meta property=\"og:type\" content=\"article\" \/>\n<meta property=\"og:title\" content=\"Ushebti egipcio de fayenza para &quot;Tius&quot;, Baja \u00c9poca, Din. XXVII-XXX, 525-341 a.C.\" \/>\n<meta property=\"og:description\" content=\"En el cuerpo hay nueve registros horizontales de escritura jerogl\u00edfica, que se entregan a una columna dorsal sin inscripci\u00f3n. Y toda la figura se apoya en un peque\u00f1o plinto que la eleva. Traducci\u00f3n del texto: &#8220;Que el Osiris de Tius sea iluminado, justificado. Nacido de Tayderek, justificado. Dice: \u00a1Oh! estos ushebtis. Si se me requiere. &hellip; Ushebti egipcio de fayenza para &#8220;Tius&#8221;, Baja \u00c9poca, Din. XXVII-XXX, 525-341 a.C. Leer m\u00e1s &raquo;\" \/>\n<meta property=\"og:url\" content=\"https:\/\/ifergangallery.com\/es\/piece\/ushebti-egipcio-de-fayenza-para-tius-baja-epoca-din-xxvii-xxx-525-341-a-c\/\" \/>\n<meta property=\"og:site_name\" content=\"Ifergan Gallery\" \/>\n<meta property=\"article:publisher\" content=\"https:\/\/www.facebook.com\/Ifergancollectionmalaga\" \/>\n<meta property=\"article:modified_time\" content=\"2024-11-15T14:53:06+00:00\" \/>\n<meta property=\"og:image\" content=\"https:\/\/ifergangallery.com\/wp-content\/uploads\/2021\/10\/jba147-2-1.jpg\" \/>\n\t<meta property=\"og:image:width\" content=\"922\" \/>\n\t<meta property=\"og:image:height\" content=\"922\" \/>\n<meta name=\"twitter:card\" content=\"summary_large_image\" \/>\n<meta name=\"twitter:site\" content=\"@Ifergangallery\" \/>\n<meta name=\"twitter:label1\" content=\"Tiempo de lectura\" \/>\n\t<meta name=\"twitter:data1\" content=\"1 minuto\" \/>\n<script type=\"application\/ld+json\" class=\"yoast-schema-graph\">{\"@context\":\"https:\/\/schema.org\",\"@graph\":[{\"@type\":\"Organization\",\"@id\":\"https:\/\/ifergangallery.com\/#organization\",\"name\":\"Ifergan Gallery\",\"url\":\"https:\/\/ifergangallery.com\/\",\"sameAs\":[\"https:\/\/www.facebook.com\/Ifergancollectionmalaga\",\"https:\/\/www.instagram.com\/ifergangallery\/\",\"https:\/\/www.youtube.com\/channel\/UC2O2zZ9BJKhbUFOnu_5mE3g\",\"https:\/\/twitter.com\/Ifergangallery\"],\"logo\":{\"@type\":\"ImageObject\",\"@id\":\"https:\/\/ifergangallery.com\/#logo\",\"inLanguage\":\"es\",\"url\":\"https:\/\/ifergangallery.com\/wp-content\/uploads\/2021\/09\/Imagotipo_blanco-e1637271379231.png\",\"contentUrl\":\"https:\/\/ifergangallery.com\/wp-content\/uploads\/2021\/09\/Imagotipo_blanco-e1637271379231.png\",\"width\":1920,\"height\":1065,\"caption\":\"Ifergan Gallery\"},\"image\":{\"@id\":\"https:\/\/ifergangallery.com\/#logo\"}},{\"@type\":\"WebSite\",\"@id\":\"https:\/\/ifergangallery.com\/#website\",\"url\":\"https:\/\/ifergangallery.com\/\",\"name\":\"Ifergan Gallery\",\"description\":\"Ancient Art Gallery\",\"publisher\":{\"@id\":\"https:\/\/ifergangallery.com\/#organization\"},\"potentialAction\":[{\"@type\":\"SearchAction\",\"target\":{\"@type\":\"EntryPoint\",\"urlTemplate\":\"https:\/\/ifergangallery.com\/?s={search_term_string}\"},\"query-input\":\"required name=search_term_string\"}],\"inLanguage\":\"es\"},{\"@type\":\"ImageObject\",\"@id\":\"https:\/\/ifergangallery.com\/es\/piece\/ushebti-egipcio-de-fayenza-para-tius-baja-epoca-din-xxvii-xxx-525-341-a-c\/#primaryimage\",\"inLanguage\":\"es\",\"url\":\"https:\/\/ifergangallery.com\/wp-content\/uploads\/2021\/10\/jba147-2-1.jpg\",\"contentUrl\":\"https:\/\/ifergangallery.com\/wp-content\/uploads\/2021\/10\/jba147-2-1.jpg\",\"width\":922,\"height\":922},{\"@type\":\"WebPage\",\"@id\":\"https:\/\/ifergangallery.com\/es\/piece\/ushebti-egipcio-de-fayenza-para-tius-baja-epoca-din-xxvii-xxx-525-341-a-c\/#webpage\",\"url\":\"https:\/\/ifergangallery.com\/es\/piece\/ushebti-egipcio-de-fayenza-para-tius-baja-epoca-din-xxvii-xxx-525-341-a-c\/\",\"name\":\"Ushebti egipcio de fayenza para \\\"Tius\\\", Baja \\u00c9poca, Din. XXVII-XXX, 525-341 a.C. &ndash; Ifergan Gallery\",\"isPartOf\":{\"@id\":\"https:\/\/ifergangallery.com\/#website\"},\"primaryImageOfPage\":{\"@id\":\"https:\/\/ifergangallery.com\/es\/piece\/ushebti-egipcio-de-fayenza-para-tius-baja-epoca-din-xxvii-xxx-525-341-a-c\/#primaryimage\"},\"datePublished\":\"2021-10-20T09:51:33+00:00\",\"dateModified\":\"2024-11-15T14:53:06+00:00\",\"breadcrumb\":{\"@id\":\"https:\/\/ifergangallery.com\/es\/piece\/ushebti-egipcio-de-fayenza-para-tius-baja-epoca-din-xxvii-xxx-525-341-a-c\/#breadcrumb\"},\"inLanguage\":\"es\",\"potentialAction\":[{\"@type\":\"ReadAction\",\"target\":[\"https:\/\/ifergangallery.com\/es\/piece\/ushebti-egipcio-de-fayenza-para-tius-baja-epoca-din-xxvii-xxx-525-341-a-c\/\"]}]},{\"@type\":\"BreadcrumbList\",\"@id\":\"https:\/\/ifergangallery.com\/es\/piece\/ushebti-egipcio-de-fayenza-para-tius-baja-epoca-din-xxvii-xxx-525-341-a-c\/#breadcrumb\",\"itemListElement\":[{\"@type\":\"ListItem\",\"position\":1,\"name\":\"Home\",\"item\":\"https:\/\/ifergangallery.com\/es\/\"},{\"@type\":\"ListItem\",\"position\":2,\"name\":\"Works of art\",\"item\":\"https:\/\/ifergangallery.com\/es\/works_of_art\/\"},{\"@type\":\"ListItem\",\"position\":3,\"name\":\"Ushebti egipcio de fayenza para &#8220;Tius&#8221;, Baja \\u00c9poca, Din. XXVII-XXX, 525-341 a.C.\"}]}]}<\/script>\n<!-- \/ Yoast SEO Premium plugin. -->","yoast_head_json":{"title":"Ushebti egipcio de fayenza para \"Tius\", Baja \u00c9poca, Din. XXVII-XXX, 525-341 a.C. &ndash; Ifergan Gallery","robots":{"index":"index","follow":"follow","max-snippet":"max-snippet:-1","max-image-preview":"max-image-preview:large","max-video-preview":"max-video-preview:-1"},"canonical":"https:\/\/ifergangallery.com\/es\/piece\/ushebti-egipcio-de-fayenza-para-tius-baja-epoca-din-xxvii-xxx-525-341-a-c\/","og_locale":"es_ES","og_type":"article","og_title":"Ushebti egipcio de fayenza para \"Tius\", Baja \u00c9poca, Din. XXVII-XXX, 525-341 a.C.","og_description":"En el cuerpo hay nueve registros horizontales de escritura jerogl\u00edfica, que se entregan a una columna dorsal sin inscripci\u00f3n. Y toda la figura se apoya en un peque\u00f1o plinto que la eleva. Traducci\u00f3n del texto: &#8220;Que el Osiris de Tius sea iluminado, justificado. Nacido de Tayderek, justificado. Dice: \u00a1Oh! estos ushebtis. Si se me requiere. &hellip; Ushebti egipcio de fayenza para &#8220;Tius&#8221;, Baja \u00c9poca, Din. XXVII-XXX, 525-341 a.C. Leer m\u00e1s &raquo;","og_url":"https:\/\/ifergangallery.com\/es\/piece\/ushebti-egipcio-de-fayenza-para-tius-baja-epoca-din-xxvii-xxx-525-341-a-c\/","og_site_name":"Ifergan Gallery","article_publisher":"https:\/\/www.facebook.com\/Ifergancollectionmalaga","article_modified_time":"2024-11-15T14:53:06+00:00","og_image":[{"width":922,"height":922,"url":"https:\/\/ifergangallery.com\/wp-content\/uploads\/2021\/10\/jba147-2-1.jpg","type":"image\/jpeg"}],"twitter_card":"summary_large_image","twitter_site":"@Ifergangallery","twitter_misc":{"Tiempo de lectura":"1 minuto"},"schema":{"@context":"https:\/\/schema.org","@graph":[{"@type":"Organization","@id":"https:\/\/ifergangallery.com\/#organization","name":"Ifergan Gallery","url":"https:\/\/ifergangallery.com\/","sameAs":["https:\/\/www.facebook.com\/Ifergancollectionmalaga","https:\/\/www.instagram.com\/ifergangallery\/","https:\/\/www.youtube.com\/channel\/UC2O2zZ9BJKhbUFOnu_5mE3g","https:\/\/twitter.com\/Ifergangallery"],"logo":{"@type":"ImageObject","@id":"https:\/\/ifergangallery.com\/#logo","inLanguage":"es","url":"https:\/\/ifergangallery.com\/wp-content\/uploads\/2021\/09\/Imagotipo_blanco-e1637271379231.png","contentUrl":"https:\/\/ifergangallery.com\/wp-content\/uploads\/2021\/09\/Imagotipo_blanco-e1637271379231.png","width":1920,"height":1065,"caption":"Ifergan Gallery"},"image":{"@id":"https:\/\/ifergangallery.com\/#logo"}},{"@type":"WebSite","@id":"https:\/\/ifergangallery.com\/#website","url":"https:\/\/ifergangallery.com\/","name":"Ifergan Gallery","description":"Ancient Art Gallery","publisher":{"@id":"https:\/\/ifergangallery.com\/#organization"},"potentialAction":[{"@type":"SearchAction","target":{"@type":"EntryPoint","urlTemplate":"https:\/\/ifergangallery.com\/?s={search_term_string}"},"query-input":"required name=search_term_string"}],"inLanguage":"es"},{"@type":"ImageObject","@id":"https:\/\/ifergangallery.com\/es\/piece\/ushebti-egipcio-de-fayenza-para-tius-baja-epoca-din-xxvii-xxx-525-341-a-c\/#primaryimage","inLanguage":"es","url":"https:\/\/ifergangallery.com\/wp-content\/uploads\/2021\/10\/jba147-2-1.jpg","contentUrl":"https:\/\/ifergangallery.com\/wp-content\/uploads\/2021\/10\/jba147-2-1.jpg","width":922,"height":922},{"@type":"WebPage","@id":"https:\/\/ifergangallery.com\/es\/piece\/ushebti-egipcio-de-fayenza-para-tius-baja-epoca-din-xxvii-xxx-525-341-a-c\/#webpage","url":"https:\/\/ifergangallery.com\/es\/piece\/ushebti-egipcio-de-fayenza-para-tius-baja-epoca-din-xxvii-xxx-525-341-a-c\/","name":"Ushebti egipcio de fayenza para \"Tius\", Baja \u00c9poca, Din. XXVII-XXX, 525-341 a.C. &ndash; Ifergan Gallery","isPartOf":{"@id":"https:\/\/ifergangallery.com\/#website"},"primaryImageOfPage":{"@id":"https:\/\/ifergangallery.com\/es\/piece\/ushebti-egipcio-de-fayenza-para-tius-baja-epoca-din-xxvii-xxx-525-341-a-c\/#primaryimage"},"datePublished":"2021-10-20T09:51:33+00:00","dateModified":"2024-11-15T14:53:06+00:00","breadcrumb":{"@id":"https:\/\/ifergangallery.com\/es\/piece\/ushebti-egipcio-de-fayenza-para-tius-baja-epoca-din-xxvii-xxx-525-341-a-c\/#breadcrumb"},"inLanguage":"es","potentialAction":[{"@type":"ReadAction","target":["https:\/\/ifergangallery.com\/es\/piece\/ushebti-egipcio-de-fayenza-para-tius-baja-epoca-din-xxvii-xxx-525-341-a-c\/"]}]},{"@type":"BreadcrumbList","@id":"https:\/\/ifergangallery.com\/es\/piece\/ushebti-egipcio-de-fayenza-para-tius-baja-epoca-din-xxvii-xxx-525-341-a-c\/#breadcrumb","itemListElement":[{"@type":"ListItem","position":1,"name":"Home","item":"https:\/\/ifergangallery.com\/es\/"},{"@type":"ListItem","position":2,"name":"Works of art","item":"https:\/\/ifergangallery.com\/es\/works_of_art\/"},{"@type":"ListItem","position":3,"name":"Ushebti egipcio de fayenza para &#8220;Tius&#8221;, Baja \u00c9poca, Din. XXVII-XXX, 525-341 a.C."}]}]}},"_links":{"self":[{"href":"https:\/\/ifergangallery.com\/es\/wp-json\/wp\/v2\/product\/2638"}],"collection":[{"href":"https:\/\/ifergangallery.com\/es\/wp-json\/wp\/v2\/product"}],"about":[{"href":"https:\/\/ifergangallery.com\/es\/wp-json\/wp\/v2\/types\/product"}],"replies":[{"embeddable":true,"href":"https:\/\/ifergangallery.com\/es\/wp-json\/wp\/v2\/comments?post=2638"}],"wp:featuredmedia":[{"embeddable":true,"href":"https:\/\/ifergangallery.com\/es\/wp-json\/wp\/v2\/media\/9560"}],"wp:attachment":[{"href":"https:\/\/ifergangallery.com\/es\/wp-json\/wp\/v2\/media?parent=2638"}],"wp:term":[{"taxonomy":"product_cat","embeddable":true,"href":"https:\/\/ifergangallery.com\/es\/wp-json\/wp\/v2\/product_cat?post=2638"},{"taxonomy":"product_tag","embeddable":true,"href":"https:\/\/ifergangallery.com\/es\/wp-json\/wp\/v2\/product_tag?post=2638"}],"curies":[{"name":"wp","href":"https:\/\/api.w.org\/{rel}","templated":true}]}}