{"id":3597,"date":"2021-10-21T10:37:28","date_gmt":"2021-10-21T10:37:28","guid":{"rendered":"https:\/\/snackjerusalem.com\/?post_type=product&#038;p=3597"},"modified":"2026-01-30T12:39:08","modified_gmt":"2026-01-30T12:39:08","slug":"phiale-mesomphalos-aquemenida-de-plata-con-inscripcion-en-arameo-para-el-rey-de-tiro-s-v-vi-a-c","status":"publish","type":"product","link":"https:\/\/ifergangallery.com\/es\/piece\/phiale-mesomphalos-aquemenida-de-plata-con-inscripcion-en-arameo-para-el-rey-de-tiro-s-v-vi-a-c\/","title":{"rendered":"Phiale mesomphalos aquem\u00e9nida de plata con inscripci\u00f3n en arameo para el rey de Tiro, S. V-VI a.C."},"content":{"rendered":"<p style=\"text-align: justify;\"><span dir=\"auto\" style=\"vertical-align: inherit;\"><span dir=\"auto\" style=\"vertical-align: inherit;\">Este recipiente denominado phiale mesomphalos es un recipiente abierto a modo de cuenco de poca profundidad, que consta de un omphalos central que sobresale en el interior del recipiente mientras que por la parte exterior presenta una apariencia rehundida. Estos recipientes se empleaban en ceremoniales para hacer libaciones a modo de ofrenda religiosa.<\/span><\/span><\/p>\n<p style=\"text-align: justify;\"><span dir=\"auto\" style=\"vertical-align: inherit;\"><span dir=\"auto\" style=\"vertical-align: inherit;\">Este phiale est\u00e1 realizado en plata y al exterior presenta una decoraci\u00f3n estriada. El omphalos, en su cara externa, presenta una inscripci\u00f3n en arameo realizada con unos caracteres muy finos, estilizados y ejecutados con mucho cuidado. La traducci\u00f3n de esta inscripci\u00f3n dice: \u201cPara el rey de Tiro\u201d.<\/span><\/span><\/p>\n<p style=\"text-align: justify;\"><span dir=\"auto\" style=\"vertical-align: inherit;\"><span dir=\"auto\" style=\"vertical-align: inherit;\">El Imperio Aquem\u00e9nida someti\u00f3 a Tiro y al resto de reinos fenicios desde finales del siglo VI aC, siendo en el a\u00f1o 539 aC cuando la ciudad de Tiro fue conquistada por el Imperio Aquem\u00e9nida gracias al rey Ciro el Grande, quien la permaneci\u00f3 bajo su dominio hasta el 332 aC con la llegada de Alejandro Magno. Los reyes fenicios fueron aliados y no vasallos de los Aquem\u00e9nidas, los cual permitieron a los pueblos fenicios gozar de una amplia autonom\u00eda y disfrutar de la protecci\u00f3n persa, a cambio de apoyar a los persas en campa\u00f1as como la conquista de Grecia o de Egipto.<\/span><\/span><\/p>\n<p style=\"text-align: justify;\"><span dir=\"auto\" style=\"vertical-align: inherit;\"><span dir=\"auto\" style=\"vertical-align: inherit;\">Diversas ciudades gozaron del favor de los reyes persas, especialmente Sid\u00f3n y Tiro. Pero tras la rebeli\u00f3n sidonia entre 351-350 aC, Tiro se convirti\u00f3 en la garant\u00eda del dominio persa en toda la franja mediterr\u00e1nea del Levante durante alg\u00fan tiempo, lo que le permiti\u00f3 ampliar sus dominios hacia el sur y controlar buena parte de la costa actual de Israel.<\/span><\/span><\/p>\n<p style=\"text-align: justify;\"><span dir=\"auto\" style=\"vertical-align: inherit;\"><span dir=\"auto\" style=\"vertical-align: inherit;\">Respecto a la tipolog\u00eda de la pieza, una phiale, es un tipo de pieza muy frecuente en el Pr\u00f3ximo Oriente durante la Edad del Hierro, asoci\u00e1ndose a \u00e1reas como Chipre, Asia Menor, Siria, Fenicia, Asiria e Ir\u00e1n, manteni\u00e9ndose su uso hasta \u00e9poca persa. Se empleaban como objetos de lujo entre las \u00e9lites y eran empleaos en santuarios y tumbas.<\/span><\/span><\/p>\n<p style=\"text-align: justify;\"><span dir=\"auto\" style=\"vertical-align: inherit;\"><span dir=\"auto\" style=\"vertical-align: inherit;\">Esta pieza puede tener dos lecturas pues, o bien, puede tratarse de un regalo diplom\u00e1tico a un monarca de Tiro en el per\u00edodo persa o una ofrenda al \u201crey de Tiro\u201d, que no es otro que Melqart, la principal deidad de la ciudad de Tiro cuyo nombre significa \u201crey de la ciudad\u201d.<\/span><\/span><\/p>","protected":false},"excerpt":{"rendered":"<p>Este recipiente denominado phiale mesomphalos es un recipiente abierto a modo de cuenco de poca profundidad, que consta de un omphalos central que sobresale en el interior del recipiente mientras que por la parte exterior presenta una apariencia rehundida. Estos recipientes se empleaban en ceremoniales para hacer libaciones a modo de ofrenda religiosa. Este phiale &hellip;<\/p>\n<p class=\"read-more\"> <a class=\"\" href=\"https:\/\/ifergangallery.com\/es\/piece\/phiale-mesomphalos-aquemenida-de-plata-con-inscripcion-en-arameo-para-el-rey-de-tiro-s-v-vi-a-c\/\"> <span class=\"screen-reader-text\">Phiale mesomphalos aquem\u00e9nida de plata con inscripci\u00f3n en arameo para el rey de Tiro, S. V-VI a.C.<\/span> Leer m\u00e1s &raquo;<\/a><\/p>","protected":false},"featured_media":14371,"comment_status":"closed","ping_status":"closed","template":"","meta":{"spay_email":""},"product_cat":[123],"product_tag":[807],"yoast_head":"<!-- This site is optimized with the Yoast SEO Premium plugin v17.6 (Yoast SEO v17.6) - https:\/\/yoast.com\/wordpress\/plugins\/seo\/ -->\n<title>Phiale mesomphalos aquem\u00e9nida de plata con inscripci\u00f3n en arameo para el rey de Tiro, S. V-VI a.C. &ndash; Ifergan Gallery<\/title>\n<meta name=\"robots\" content=\"index, follow, max-snippet:-1, max-image-preview:large, max-video-preview:-1\" \/>\n<link rel=\"canonical\" href=\"https:\/\/ifergangallery.com\/es\/piece\/phiale-mesomphalos-aquemenida-de-plata-con-inscripcion-en-arameo-para-el-rey-de-tiro-s-v-vi-a-c\/\" \/>\n<meta property=\"og:locale\" content=\"es_ES\" \/>\n<meta property=\"og:type\" content=\"article\" \/>\n<meta property=\"og:title\" content=\"Phiale mesomphalos aquem\u00e9nida de plata con inscripci\u00f3n en arameo para el rey de Tiro, S. V-VI a.C.\" \/>\n<meta property=\"og:description\" content=\"Este recipiente denominado phiale mesomphalos es un recipiente abierto a modo de cuenco de poca profundidad, que consta de un omphalos central que sobresale en el interior del recipiente mientras que por la parte exterior presenta una apariencia rehundida. Estos recipientes se empleaban en ceremoniales para hacer libaciones a modo de ofrenda religiosa. Este phiale &hellip; Phiale mesomphalos aquem\u00e9nida de plata con inscripci\u00f3n en arameo para el rey de Tiro, S. V-VI a.C. Leer m\u00e1s &raquo;\" \/>\n<meta property=\"og:url\" content=\"https:\/\/ifergangallery.com\/es\/piece\/phiale-mesomphalos-aquemenida-de-plata-con-inscripcion-en-arameo-para-el-rey-de-tiro-s-v-vi-a-c\/\" \/>\n<meta property=\"og:site_name\" content=\"Ifergan Gallery\" \/>\n<meta property=\"article:publisher\" content=\"https:\/\/www.facebook.com\/Ifergancollectionmalaga\" \/>\n<meta property=\"article:modified_time\" content=\"2026-01-30T12:39:08+00:00\" \/>\n<meta property=\"og:image\" content=\"https:\/\/ifergangallery.com\/wp-content\/uploads\/2021\/10\/bhm133-3-scaled.jpg\" \/>\n\t<meta property=\"og:image:width\" content=\"2560\" \/>\n\t<meta property=\"og:image:height\" content=\"1706\" \/>\n<meta name=\"twitter:card\" content=\"summary_large_image\" \/>\n<meta name=\"twitter:site\" content=\"@Ifergangallery\" \/>\n<meta name=\"twitter:label1\" content=\"Tiempo de lectura\" \/>\n\t<meta name=\"twitter:data1\" content=\"2 minutos\" \/>\n<script type=\"application\/ld+json\" class=\"yoast-schema-graph\">{\"@context\":\"https:\/\/schema.org\",\"@graph\":[{\"@type\":\"Organization\",\"@id\":\"https:\/\/ifergangallery.com\/#organization\",\"name\":\"Ifergan Gallery\",\"url\":\"https:\/\/ifergangallery.com\/\",\"sameAs\":[\"https:\/\/www.facebook.com\/Ifergancollectionmalaga\",\"https:\/\/www.instagram.com\/ifergangallery\/\",\"https:\/\/www.youtube.com\/channel\/UC2O2zZ9BJKhbUFOnu_5mE3g\",\"https:\/\/twitter.com\/Ifergangallery\"],\"logo\":{\"@type\":\"ImageObject\",\"@id\":\"https:\/\/ifergangallery.com\/#logo\",\"inLanguage\":\"es\",\"url\":\"https:\/\/ifergangallery.com\/wp-content\/uploads\/2021\/09\/Imagotipo_blanco-e1637271379231.png\",\"contentUrl\":\"https:\/\/ifergangallery.com\/wp-content\/uploads\/2021\/09\/Imagotipo_blanco-e1637271379231.png\",\"width\":1920,\"height\":1065,\"caption\":\"Ifergan Gallery\"},\"image\":{\"@id\":\"https:\/\/ifergangallery.com\/#logo\"}},{\"@type\":\"WebSite\",\"@id\":\"https:\/\/ifergangallery.com\/#website\",\"url\":\"https:\/\/ifergangallery.com\/\",\"name\":\"Ifergan Gallery\",\"description\":\"Ancient Art Gallery\",\"publisher\":{\"@id\":\"https:\/\/ifergangallery.com\/#organization\"},\"potentialAction\":[{\"@type\":\"SearchAction\",\"target\":{\"@type\":\"EntryPoint\",\"urlTemplate\":\"https:\/\/ifergangallery.com\/?s={search_term_string}\"},\"query-input\":\"required name=search_term_string\"}],\"inLanguage\":\"es\"},{\"@type\":\"ImageObject\",\"@id\":\"https:\/\/ifergangallery.com\/es\/piece\/phiale-mesomphalos-aquemenida-de-plata-con-inscripcion-en-arameo-para-el-rey-de-tiro-s-v-vi-a-c\/#primaryimage\",\"inLanguage\":\"es\",\"url\":\"https:\/\/ifergangallery.com\/wp-content\/uploads\/2021\/10\/bhm133-3-scaled.jpg\",\"contentUrl\":\"https:\/\/ifergangallery.com\/wp-content\/uploads\/2021\/10\/bhm133-3-scaled.jpg\",\"width\":2560,\"height\":1706},{\"@type\":\"WebPage\",\"@id\":\"https:\/\/ifergangallery.com\/es\/piece\/phiale-mesomphalos-aquemenida-de-plata-con-inscripcion-en-arameo-para-el-rey-de-tiro-s-v-vi-a-c\/#webpage\",\"url\":\"https:\/\/ifergangallery.com\/es\/piece\/phiale-mesomphalos-aquemenida-de-plata-con-inscripcion-en-arameo-para-el-rey-de-tiro-s-v-vi-a-c\/\",\"name\":\"Phiale mesomphalos aquem\\u00e9nida de plata con inscripci\\u00f3n en arameo para el rey de Tiro, S. V-VI a.C. &ndash; Ifergan Gallery\",\"isPartOf\":{\"@id\":\"https:\/\/ifergangallery.com\/#website\"},\"primaryImageOfPage\":{\"@id\":\"https:\/\/ifergangallery.com\/es\/piece\/phiale-mesomphalos-aquemenida-de-plata-con-inscripcion-en-arameo-para-el-rey-de-tiro-s-v-vi-a-c\/#primaryimage\"},\"datePublished\":\"2021-10-21T10:37:28+00:00\",\"dateModified\":\"2026-01-30T12:39:08+00:00\",\"breadcrumb\":{\"@id\":\"https:\/\/ifergangallery.com\/es\/piece\/phiale-mesomphalos-aquemenida-de-plata-con-inscripcion-en-arameo-para-el-rey-de-tiro-s-v-vi-a-c\/#breadcrumb\"},\"inLanguage\":\"es\",\"potentialAction\":[{\"@type\":\"ReadAction\",\"target\":[\"https:\/\/ifergangallery.com\/es\/piece\/phiale-mesomphalos-aquemenida-de-plata-con-inscripcion-en-arameo-para-el-rey-de-tiro-s-v-vi-a-c\/\"]}]},{\"@type\":\"BreadcrumbList\",\"@id\":\"https:\/\/ifergangallery.com\/es\/piece\/phiale-mesomphalos-aquemenida-de-plata-con-inscripcion-en-arameo-para-el-rey-de-tiro-s-v-vi-a-c\/#breadcrumb\",\"itemListElement\":[{\"@type\":\"ListItem\",\"position\":1,\"name\":\"Home\",\"item\":\"https:\/\/ifergangallery.com\/es\/\"},{\"@type\":\"ListItem\",\"position\":2,\"name\":\"Works of art\",\"item\":\"https:\/\/ifergangallery.com\/es\/works_of_art\/\"},{\"@type\":\"ListItem\",\"position\":3,\"name\":\"Phiale mesomphalos aquem\\u00e9nida de plata con inscripci\\u00f3n en arameo para el rey de Tiro, S. V-VI a.C.\"}]}]}<\/script>\n<!-- \/ Yoast SEO Premium plugin. -->","yoast_head_json":{"title":"Phiale mesomphalos aquem\u00e9nida de plata con inscripci\u00f3n en arameo para el rey de Tiro, S. V-VI a.C. &ndash; Ifergan Gallery","robots":{"index":"index","follow":"follow","max-snippet":"max-snippet:-1","max-image-preview":"max-image-preview:large","max-video-preview":"max-video-preview:-1"},"canonical":"https:\/\/ifergangallery.com\/es\/piece\/phiale-mesomphalos-aquemenida-de-plata-con-inscripcion-en-arameo-para-el-rey-de-tiro-s-v-vi-a-c\/","og_locale":"es_ES","og_type":"article","og_title":"Phiale mesomphalos aquem\u00e9nida de plata con inscripci\u00f3n en arameo para el rey de Tiro, S. V-VI a.C.","og_description":"Este recipiente denominado phiale mesomphalos es un recipiente abierto a modo de cuenco de poca profundidad, que consta de un omphalos central que sobresale en el interior del recipiente mientras que por la parte exterior presenta una apariencia rehundida. Estos recipientes se empleaban en ceremoniales para hacer libaciones a modo de ofrenda religiosa. Este phiale &hellip; Phiale mesomphalos aquem\u00e9nida de plata con inscripci\u00f3n en arameo para el rey de Tiro, S. V-VI a.C. Leer m\u00e1s &raquo;","og_url":"https:\/\/ifergangallery.com\/es\/piece\/phiale-mesomphalos-aquemenida-de-plata-con-inscripcion-en-arameo-para-el-rey-de-tiro-s-v-vi-a-c\/","og_site_name":"Ifergan Gallery","article_publisher":"https:\/\/www.facebook.com\/Ifergancollectionmalaga","article_modified_time":"2026-01-30T12:39:08+00:00","og_image":[{"width":2560,"height":1706,"url":"https:\/\/ifergangallery.com\/wp-content\/uploads\/2021\/10\/bhm133-3-scaled.jpg","type":"image\/jpeg"}],"twitter_card":"summary_large_image","twitter_site":"@Ifergangallery","twitter_misc":{"Tiempo de lectura":"2 minutos"},"schema":{"@context":"https:\/\/schema.org","@graph":[{"@type":"Organization","@id":"https:\/\/ifergangallery.com\/#organization","name":"Ifergan Gallery","url":"https:\/\/ifergangallery.com\/","sameAs":["https:\/\/www.facebook.com\/Ifergancollectionmalaga","https:\/\/www.instagram.com\/ifergangallery\/","https:\/\/www.youtube.com\/channel\/UC2O2zZ9BJKhbUFOnu_5mE3g","https:\/\/twitter.com\/Ifergangallery"],"logo":{"@type":"ImageObject","@id":"https:\/\/ifergangallery.com\/#logo","inLanguage":"es","url":"https:\/\/ifergangallery.com\/wp-content\/uploads\/2021\/09\/Imagotipo_blanco-e1637271379231.png","contentUrl":"https:\/\/ifergangallery.com\/wp-content\/uploads\/2021\/09\/Imagotipo_blanco-e1637271379231.png","width":1920,"height":1065,"caption":"Ifergan Gallery"},"image":{"@id":"https:\/\/ifergangallery.com\/#logo"}},{"@type":"WebSite","@id":"https:\/\/ifergangallery.com\/#website","url":"https:\/\/ifergangallery.com\/","name":"Ifergan Gallery","description":"Ancient Art Gallery","publisher":{"@id":"https:\/\/ifergangallery.com\/#organization"},"potentialAction":[{"@type":"SearchAction","target":{"@type":"EntryPoint","urlTemplate":"https:\/\/ifergangallery.com\/?s={search_term_string}"},"query-input":"required name=search_term_string"}],"inLanguage":"es"},{"@type":"ImageObject","@id":"https:\/\/ifergangallery.com\/es\/piece\/phiale-mesomphalos-aquemenida-de-plata-con-inscripcion-en-arameo-para-el-rey-de-tiro-s-v-vi-a-c\/#primaryimage","inLanguage":"es","url":"https:\/\/ifergangallery.com\/wp-content\/uploads\/2021\/10\/bhm133-3-scaled.jpg","contentUrl":"https:\/\/ifergangallery.com\/wp-content\/uploads\/2021\/10\/bhm133-3-scaled.jpg","width":2560,"height":1706},{"@type":"WebPage","@id":"https:\/\/ifergangallery.com\/es\/piece\/phiale-mesomphalos-aquemenida-de-plata-con-inscripcion-en-arameo-para-el-rey-de-tiro-s-v-vi-a-c\/#webpage","url":"https:\/\/ifergangallery.com\/es\/piece\/phiale-mesomphalos-aquemenida-de-plata-con-inscripcion-en-arameo-para-el-rey-de-tiro-s-v-vi-a-c\/","name":"Phiale mesomphalos aquem\u00e9nida de plata con inscripci\u00f3n en arameo para el rey de Tiro, S. V-VI a.C. &ndash; Ifergan Gallery","isPartOf":{"@id":"https:\/\/ifergangallery.com\/#website"},"primaryImageOfPage":{"@id":"https:\/\/ifergangallery.com\/es\/piece\/phiale-mesomphalos-aquemenida-de-plata-con-inscripcion-en-arameo-para-el-rey-de-tiro-s-v-vi-a-c\/#primaryimage"},"datePublished":"2021-10-21T10:37:28+00:00","dateModified":"2026-01-30T12:39:08+00:00","breadcrumb":{"@id":"https:\/\/ifergangallery.com\/es\/piece\/phiale-mesomphalos-aquemenida-de-plata-con-inscripcion-en-arameo-para-el-rey-de-tiro-s-v-vi-a-c\/#breadcrumb"},"inLanguage":"es","potentialAction":[{"@type":"ReadAction","target":["https:\/\/ifergangallery.com\/es\/piece\/phiale-mesomphalos-aquemenida-de-plata-con-inscripcion-en-arameo-para-el-rey-de-tiro-s-v-vi-a-c\/"]}]},{"@type":"BreadcrumbList","@id":"https:\/\/ifergangallery.com\/es\/piece\/phiale-mesomphalos-aquemenida-de-plata-con-inscripcion-en-arameo-para-el-rey-de-tiro-s-v-vi-a-c\/#breadcrumb","itemListElement":[{"@type":"ListItem","position":1,"name":"Home","item":"https:\/\/ifergangallery.com\/es\/"},{"@type":"ListItem","position":2,"name":"Works of art","item":"https:\/\/ifergangallery.com\/es\/works_of_art\/"},{"@type":"ListItem","position":3,"name":"Phiale mesomphalos aquem\u00e9nida de plata con inscripci\u00f3n en arameo para el rey de Tiro, S. V-VI a.C."}]}]}},"_links":{"self":[{"href":"https:\/\/ifergangallery.com\/es\/wp-json\/wp\/v2\/product\/3597"}],"collection":[{"href":"https:\/\/ifergangallery.com\/es\/wp-json\/wp\/v2\/product"}],"about":[{"href":"https:\/\/ifergangallery.com\/es\/wp-json\/wp\/v2\/types\/product"}],"replies":[{"embeddable":true,"href":"https:\/\/ifergangallery.com\/es\/wp-json\/wp\/v2\/comments?post=3597"}],"wp:featuredmedia":[{"embeddable":true,"href":"https:\/\/ifergangallery.com\/es\/wp-json\/wp\/v2\/media\/14371"}],"wp:attachment":[{"href":"https:\/\/ifergangallery.com\/es\/wp-json\/wp\/v2\/media?parent=3597"}],"wp:term":[{"taxonomy":"product_cat","embeddable":true,"href":"https:\/\/ifergangallery.com\/es\/wp-json\/wp\/v2\/product_cat?post=3597"},{"taxonomy":"product_tag","embeddable":true,"href":"https:\/\/ifergangallery.com\/es\/wp-json\/wp\/v2\/product_tag?post=3597"}],"curies":[{"name":"wp","href":"https:\/\/api.w.org\/{rel}","templated":true}]}}