{"id":3855,"date":"2025-01-21T11:19:21","date_gmt":"2025-01-21T11:19:21","guid":{"rendered":"https:\/\/snackjerusalem.com\/?post_type=product&#038;p=3855"},"modified":"2026-02-12T10:08:48","modified_gmt":"2026-02-12T10:08:48","slug":"ushebti-egipcio-para-tius-de-fayenza-baja-epoca-din-xxvii-xxx-525-341-a-c","status":"publish","type":"product","link":"https:\/\/ifergangallery.com\/es\/piece\/ushebti-egipcio-para-tius-de-fayenza-baja-epoca-din-xxvii-xxx-525-341-a-c\/","title":{"rendered":"Ushebti egipcio para Tius de fayenza, Baja \u00c9poca, Din. XXVII-XXX, 525-341 a.C."},"content":{"rendered":"<p style=\"text-align: justify;\"><span dir=\"auto\" style=\"vertical-align: inherit;\"><span dir=\"auto\" style=\"vertical-align: inherit;\"><span dir=\"auto\" style=\"vertical-align: inherit;\"><span dir=\"auto\" style=\"vertical-align: inherit;\">Esta figura ushebti es representada como obrero, puesto que empu\u00f1a dos azadas para trabajar en los campos de Osiris del M\u00e1s All\u00e1. Va tocado con la peluca tripartita que desciende entre los hombros, luce una barba osir\u00edaca rizada, terminada en una curva cerrada hacia delante. De su mortaja momiforme que cubre todo el cuerpo, \u00fanicamente sobresalen las manos que, cruzadas sobre el pecho, sostienen las herramientas agr\u00edcolas ya mencionadas.<\/span><\/span><\/span><\/span><\/p>\n<p style=\"text-align: justify;\"><span dir=\"auto\" style=\"vertical-align: inherit;\"><span dir=\"auto\" style=\"vertical-align: inherit;\"><span dir=\"auto\" style=\"vertical-align: inherit;\"><span dir=\"auto\" style=\"vertical-align: inherit;\">Sobre el cuerpo tiene nueve registros de escritura jerogl\u00edfica en horizontal, que se entregan a una columna dorsal sin inscripci\u00f3n. Y toda la figura se sustenta sobre un peque\u00f1o z\u00f3calo que la eleva.<\/span><\/span><\/span><\/span><\/p>\n<p style=\"text-align: justify;\"><span dir=\"auto\" style=\"vertical-align: inherit;\"><span dir=\"auto\" style=\"vertical-align: inherit;\"><span dir=\"auto\" style=\"vertical-align: inherit;\"><span dir=\"auto\" style=\"vertical-align: inherit;\">Traducci\u00f3n del texto: &#8220;Que sea iluminado el Osiris de Tius, justificado. Nacido de Tayderek, justificada. \u00c9l dice: \u00a1Oh! Estos ushebtis. Si soy requerido. El Osiris de Tius, para hacer todos los trabajos que hay que hacer en el M\u00e1s All\u00e1, \u00a1Aqu\u00ed estoy! T\u00fa dir\u00e1s, para derribar los obst\u00e1culos, para cultivar los campos, para regar las tierras ribere\u00f1as y para transportar la arena de oeste a este y viceversa. \u00a1Aqu\u00ed estoy! Dir\u00e9is vosotros.\u201d<\/span><\/span><\/span><\/span><\/p>\n<p style=\"text-align: justify;\"><span dir=\"auto\" style=\"vertical-align: inherit;\"><span dir=\"auto\" style=\"vertical-align: inherit;\"><span dir=\"auto\" style=\"vertical-align: inherit;\"><span dir=\"auto\" style=\"vertical-align: inherit;\">Los ushebtis se modelaban partiendo de un bivalvo original. Luego se elimin\u00f3 la rebaba de la junta, y cuando la pasta estaba todav\u00eda h\u00fameda se retocaban los detalles de la imagen y se distribu\u00edan los registros sobre los que se gravaban los signos de la escritura. Esto hace que cada ushebti sea \u00fanico, aun usando un mismo molde.<\/span><\/span><\/span><\/span><\/p>\n<p style=\"text-align: justify;\"><span dir=\"auto\" style=\"vertical-align: inherit;\"><span dir=\"auto\" style=\"vertical-align: inherit;\"><span dir=\"auto\" style=\"vertical-align: inherit;\"><span dir=\"auto\" style=\"vertical-align: inherit;\">Los ushebtis, un t\u00e9rmino egipcio que significa \u201clos que responden\u201d, eran unas figuras que representaban al propio difunto; apareci\u00f3 en el Imperio Medio y se populariz\u00f3 su uso durante el Imperio Nuevo, formando parte del ajuar funerario. Sobre su cuerpo se colocaba el cap\u00edtulo VI del Libro de los Muertos, referencia a estas figuras, o una versi\u00f3n muy simple con el nombre y t\u00edtulos del difunto. Su uso permit\u00eda al propietario disfrutar en el Mas All\u00e1 y el ushebti actuaba a modo de obrero, reemplazando a su due\u00f1o en el trabajo de los campos Aaru, el para\u00edso egipcio, ya que los egipcios pensaban que los esp\u00edritus de estos figuran trabajar\u00edan para ellos en la otra vida y obtener as\u00ed su sustento. Los ushebtis colocados en el ajuar eran 365 figurillas, una para cada d\u00eda del a\u00f1o. Adem\u00e1s podr\u00eda a\u00f1adirse 36 capacidades, que comandaban cada una de las cuadrillas compuestas por 10 trabajadores, para evitar as\u00ed posibles revueltas. Estas figuras podr\u00edan estar dispuestas en una caja de madera destinada a esa fin, o en muchos casos colocadas de forma grupal en un lugar cercano al sarc\u00f3fago. En \u00c9poca Tard\u00eda estas figurillas fueron elaboradas masivamente, increment\u00e1ndose su n\u00famero y uso en las tumbas de dicho per\u00edodo.<\/span><\/span><\/span><\/span><\/p>","protected":false},"excerpt":{"rendered":"<p>Esta figura ushebti es representada como obrero, puesto que empu\u00f1a dos azadas para trabajar en los campos de Osiris del M\u00e1s All\u00e1. Va tocado con la peluca tripartita que desciende entre los hombros, luce una barba osir\u00edaca rizada, terminada en una curva cerrada hacia delante. De su mortaja momiforme que cubre todo el cuerpo, \u00fanicamente &hellip;<\/p>\n<p class=\"read-more\"> <a class=\"\" href=\"https:\/\/ifergangallery.com\/es\/piece\/ushebti-egipcio-para-tius-de-fayenza-baja-epoca-din-xxvii-xxx-525-341-a-c\/\"> <span class=\"screen-reader-text\">Ushebti egipcio para Tius de fayenza, Baja \u00c9poca, Din. XXVII-XXX, 525-341 a.C.<\/span> Leer m\u00e1s &raquo;<\/a><\/p>","protected":false},"featured_media":14271,"comment_status":"closed","ping_status":"closed","template":"","meta":{"spay_email":""},"product_cat":[110],"product_tag":[218,581],"yoast_head":"<!-- This site is optimized with the Yoast SEO Premium plugin v17.6 (Yoast SEO v17.6) - https:\/\/yoast.com\/wordpress\/plugins\/seo\/ -->\n<title>Ushebti egipcio para Tius de fayenza, Baja \u00c9poca, Din. XXVII-XXX, 525-341 a.C. &ndash; Ifergan Gallery<\/title>\n<meta name=\"robots\" content=\"index, follow, max-snippet:-1, max-image-preview:large, max-video-preview:-1\" \/>\n<link rel=\"canonical\" href=\"https:\/\/ifergangallery.com\/es\/piece\/ushebti-egipcio-para-tius-de-fayenza-baja-epoca-din-xxvii-xxx-525-341-a-c\/\" \/>\n<meta property=\"og:locale\" content=\"es_ES\" \/>\n<meta property=\"og:type\" content=\"article\" \/>\n<meta property=\"og:title\" content=\"Ushebti egipcio para Tius de fayenza, Baja \u00c9poca, Din. XXVII-XXX, 525-341 a.C.\" \/>\n<meta property=\"og:description\" content=\"Esta figura ushebti es representada como obrero, puesto que empu\u00f1a dos azadas para trabajar en los campos de Osiris del M\u00e1s All\u00e1. Va tocado con la peluca tripartita que desciende entre los hombros, luce una barba osir\u00edaca rizada, terminada en una curva cerrada hacia delante. De su mortaja momiforme que cubre todo el cuerpo, \u00fanicamente &hellip; Ushebti egipcio para Tius de fayenza, Baja \u00c9poca, Din. XXVII-XXX, 525-341 a.C. Leer m\u00e1s &raquo;\" \/>\n<meta property=\"og:url\" content=\"https:\/\/ifergangallery.com\/es\/piece\/ushebti-egipcio-para-tius-de-fayenza-baja-epoca-din-xxvii-xxx-525-341-a-c\/\" \/>\n<meta property=\"og:site_name\" content=\"Ifergan Gallery\" \/>\n<meta property=\"article:publisher\" content=\"https:\/\/www.facebook.com\/Ifergancollectionmalaga\" \/>\n<meta property=\"article:modified_time\" content=\"2026-02-12T10:08:48+00:00\" \/>\n<meta property=\"og:image\" content=\"https:\/\/ifergangallery.com\/wp-content\/uploads\/2021\/10\/jba134-8.jpg\" \/>\n\t<meta property=\"og:image:width\" content=\"2048\" \/>\n\t<meta property=\"og:image:height\" content=\"1365\" \/>\n<meta name=\"twitter:card\" content=\"summary_large_image\" \/>\n<meta name=\"twitter:site\" content=\"@Ifergangallery\" \/>\n<meta name=\"twitter:label1\" content=\"Tiempo de lectura\" \/>\n\t<meta name=\"twitter:data1\" content=\"2 minutos\" \/>\n<script type=\"application\/ld+json\" class=\"yoast-schema-graph\">{\"@context\":\"https:\/\/schema.org\",\"@graph\":[{\"@type\":\"Organization\",\"@id\":\"https:\/\/ifergangallery.com\/#organization\",\"name\":\"Ifergan Gallery\",\"url\":\"https:\/\/ifergangallery.com\/\",\"sameAs\":[\"https:\/\/www.facebook.com\/Ifergancollectionmalaga\",\"https:\/\/www.instagram.com\/ifergangallery\/\",\"https:\/\/www.youtube.com\/channel\/UC2O2zZ9BJKhbUFOnu_5mE3g\",\"https:\/\/twitter.com\/Ifergangallery\"],\"logo\":{\"@type\":\"ImageObject\",\"@id\":\"https:\/\/ifergangallery.com\/#logo\",\"inLanguage\":\"es\",\"url\":\"https:\/\/ifergangallery.com\/wp-content\/uploads\/2021\/09\/Imagotipo_blanco-e1637271379231.png\",\"contentUrl\":\"https:\/\/ifergangallery.com\/wp-content\/uploads\/2021\/09\/Imagotipo_blanco-e1637271379231.png\",\"width\":1920,\"height\":1065,\"caption\":\"Ifergan Gallery\"},\"image\":{\"@id\":\"https:\/\/ifergangallery.com\/#logo\"}},{\"@type\":\"WebSite\",\"@id\":\"https:\/\/ifergangallery.com\/#website\",\"url\":\"https:\/\/ifergangallery.com\/\",\"name\":\"Ifergan Gallery\",\"description\":\"Ancient Art Gallery\",\"publisher\":{\"@id\":\"https:\/\/ifergangallery.com\/#organization\"},\"potentialAction\":[{\"@type\":\"SearchAction\",\"target\":{\"@type\":\"EntryPoint\",\"urlTemplate\":\"https:\/\/ifergangallery.com\/?s={search_term_string}\"},\"query-input\":\"required name=search_term_string\"}],\"inLanguage\":\"es\"},{\"@type\":\"ImageObject\",\"@id\":\"https:\/\/ifergangallery.com\/es\/piece\/ushebti-egipcio-para-tius-de-fayenza-baja-epoca-din-xxvii-xxx-525-341-a-c\/#primaryimage\",\"inLanguage\":\"es\",\"url\":\"https:\/\/ifergangallery.com\/wp-content\/uploads\/2021\/10\/jba134-8.jpg\",\"contentUrl\":\"https:\/\/ifergangallery.com\/wp-content\/uploads\/2021\/10\/jba134-8.jpg\",\"width\":2048,\"height\":1365},{\"@type\":\"WebPage\",\"@id\":\"https:\/\/ifergangallery.com\/es\/piece\/ushebti-egipcio-para-tius-de-fayenza-baja-epoca-din-xxvii-xxx-525-341-a-c\/#webpage\",\"url\":\"https:\/\/ifergangallery.com\/es\/piece\/ushebti-egipcio-para-tius-de-fayenza-baja-epoca-din-xxvii-xxx-525-341-a-c\/\",\"name\":\"Ushebti egipcio para Tius de fayenza, Baja \\u00c9poca, Din. XXVII-XXX, 525-341 a.C. &ndash; Ifergan Gallery\",\"isPartOf\":{\"@id\":\"https:\/\/ifergangallery.com\/#website\"},\"primaryImageOfPage\":{\"@id\":\"https:\/\/ifergangallery.com\/es\/piece\/ushebti-egipcio-para-tius-de-fayenza-baja-epoca-din-xxvii-xxx-525-341-a-c\/#primaryimage\"},\"datePublished\":\"2025-01-21T11:19:21+00:00\",\"dateModified\":\"2026-02-12T10:08:48+00:00\",\"breadcrumb\":{\"@id\":\"https:\/\/ifergangallery.com\/es\/piece\/ushebti-egipcio-para-tius-de-fayenza-baja-epoca-din-xxvii-xxx-525-341-a-c\/#breadcrumb\"},\"inLanguage\":\"es\",\"potentialAction\":[{\"@type\":\"ReadAction\",\"target\":[\"https:\/\/ifergangallery.com\/es\/piece\/ushebti-egipcio-para-tius-de-fayenza-baja-epoca-din-xxvii-xxx-525-341-a-c\/\"]}]},{\"@type\":\"BreadcrumbList\",\"@id\":\"https:\/\/ifergangallery.com\/es\/piece\/ushebti-egipcio-para-tius-de-fayenza-baja-epoca-din-xxvii-xxx-525-341-a-c\/#breadcrumb\",\"itemListElement\":[{\"@type\":\"ListItem\",\"position\":1,\"name\":\"Home\",\"item\":\"https:\/\/ifergangallery.com\/es\/\"},{\"@type\":\"ListItem\",\"position\":2,\"name\":\"Works of art\",\"item\":\"https:\/\/ifergangallery.com\/es\/works_of_art\/\"},{\"@type\":\"ListItem\",\"position\":3,\"name\":\"Ushebti egipcio para Tius de fayenza, Baja \\u00c9poca, Din. XXVII-XXX, 525-341 a.C.\"}]}]}<\/script>\n<!-- \/ Yoast SEO Premium plugin. -->","yoast_head_json":{"title":"Ushebti egipcio para Tius de fayenza, Baja \u00c9poca, Din. XXVII-XXX, 525-341 a.C. &ndash; Ifergan Gallery","robots":{"index":"index","follow":"follow","max-snippet":"max-snippet:-1","max-image-preview":"max-image-preview:large","max-video-preview":"max-video-preview:-1"},"canonical":"https:\/\/ifergangallery.com\/es\/piece\/ushebti-egipcio-para-tius-de-fayenza-baja-epoca-din-xxvii-xxx-525-341-a-c\/","og_locale":"es_ES","og_type":"article","og_title":"Ushebti egipcio para Tius de fayenza, Baja \u00c9poca, Din. XXVII-XXX, 525-341 a.C.","og_description":"Esta figura ushebti es representada como obrero, puesto que empu\u00f1a dos azadas para trabajar en los campos de Osiris del M\u00e1s All\u00e1. Va tocado con la peluca tripartita que desciende entre los hombros, luce una barba osir\u00edaca rizada, terminada en una curva cerrada hacia delante. De su mortaja momiforme que cubre todo el cuerpo, \u00fanicamente &hellip; Ushebti egipcio para Tius de fayenza, Baja \u00c9poca, Din. XXVII-XXX, 525-341 a.C. Leer m\u00e1s &raquo;","og_url":"https:\/\/ifergangallery.com\/es\/piece\/ushebti-egipcio-para-tius-de-fayenza-baja-epoca-din-xxvii-xxx-525-341-a-c\/","og_site_name":"Ifergan Gallery","article_publisher":"https:\/\/www.facebook.com\/Ifergancollectionmalaga","article_modified_time":"2026-02-12T10:08:48+00:00","og_image":[{"width":2048,"height":1365,"url":"https:\/\/ifergangallery.com\/wp-content\/uploads\/2021\/10\/jba134-8.jpg","type":"image\/jpeg"}],"twitter_card":"summary_large_image","twitter_site":"@Ifergangallery","twitter_misc":{"Tiempo de lectura":"2 minutos"},"schema":{"@context":"https:\/\/schema.org","@graph":[{"@type":"Organization","@id":"https:\/\/ifergangallery.com\/#organization","name":"Ifergan Gallery","url":"https:\/\/ifergangallery.com\/","sameAs":["https:\/\/www.facebook.com\/Ifergancollectionmalaga","https:\/\/www.instagram.com\/ifergangallery\/","https:\/\/www.youtube.com\/channel\/UC2O2zZ9BJKhbUFOnu_5mE3g","https:\/\/twitter.com\/Ifergangallery"],"logo":{"@type":"ImageObject","@id":"https:\/\/ifergangallery.com\/#logo","inLanguage":"es","url":"https:\/\/ifergangallery.com\/wp-content\/uploads\/2021\/09\/Imagotipo_blanco-e1637271379231.png","contentUrl":"https:\/\/ifergangallery.com\/wp-content\/uploads\/2021\/09\/Imagotipo_blanco-e1637271379231.png","width":1920,"height":1065,"caption":"Ifergan Gallery"},"image":{"@id":"https:\/\/ifergangallery.com\/#logo"}},{"@type":"WebSite","@id":"https:\/\/ifergangallery.com\/#website","url":"https:\/\/ifergangallery.com\/","name":"Ifergan Gallery","description":"Ancient Art Gallery","publisher":{"@id":"https:\/\/ifergangallery.com\/#organization"},"potentialAction":[{"@type":"SearchAction","target":{"@type":"EntryPoint","urlTemplate":"https:\/\/ifergangallery.com\/?s={search_term_string}"},"query-input":"required name=search_term_string"}],"inLanguage":"es"},{"@type":"ImageObject","@id":"https:\/\/ifergangallery.com\/es\/piece\/ushebti-egipcio-para-tius-de-fayenza-baja-epoca-din-xxvii-xxx-525-341-a-c\/#primaryimage","inLanguage":"es","url":"https:\/\/ifergangallery.com\/wp-content\/uploads\/2021\/10\/jba134-8.jpg","contentUrl":"https:\/\/ifergangallery.com\/wp-content\/uploads\/2021\/10\/jba134-8.jpg","width":2048,"height":1365},{"@type":"WebPage","@id":"https:\/\/ifergangallery.com\/es\/piece\/ushebti-egipcio-para-tius-de-fayenza-baja-epoca-din-xxvii-xxx-525-341-a-c\/#webpage","url":"https:\/\/ifergangallery.com\/es\/piece\/ushebti-egipcio-para-tius-de-fayenza-baja-epoca-din-xxvii-xxx-525-341-a-c\/","name":"Ushebti egipcio para Tius de fayenza, Baja \u00c9poca, Din. XXVII-XXX, 525-341 a.C. &ndash; Ifergan Gallery","isPartOf":{"@id":"https:\/\/ifergangallery.com\/#website"},"primaryImageOfPage":{"@id":"https:\/\/ifergangallery.com\/es\/piece\/ushebti-egipcio-para-tius-de-fayenza-baja-epoca-din-xxvii-xxx-525-341-a-c\/#primaryimage"},"datePublished":"2025-01-21T11:19:21+00:00","dateModified":"2026-02-12T10:08:48+00:00","breadcrumb":{"@id":"https:\/\/ifergangallery.com\/es\/piece\/ushebti-egipcio-para-tius-de-fayenza-baja-epoca-din-xxvii-xxx-525-341-a-c\/#breadcrumb"},"inLanguage":"es","potentialAction":[{"@type":"ReadAction","target":["https:\/\/ifergangallery.com\/es\/piece\/ushebti-egipcio-para-tius-de-fayenza-baja-epoca-din-xxvii-xxx-525-341-a-c\/"]}]},{"@type":"BreadcrumbList","@id":"https:\/\/ifergangallery.com\/es\/piece\/ushebti-egipcio-para-tius-de-fayenza-baja-epoca-din-xxvii-xxx-525-341-a-c\/#breadcrumb","itemListElement":[{"@type":"ListItem","position":1,"name":"Home","item":"https:\/\/ifergangallery.com\/es\/"},{"@type":"ListItem","position":2,"name":"Works of art","item":"https:\/\/ifergangallery.com\/es\/works_of_art\/"},{"@type":"ListItem","position":3,"name":"Ushebti egipcio para Tius de fayenza, Baja \u00c9poca, Din. XXVII-XXX, 525-341 a.C."}]}]}},"_links":{"self":[{"href":"https:\/\/ifergangallery.com\/es\/wp-json\/wp\/v2\/product\/3855"}],"collection":[{"href":"https:\/\/ifergangallery.com\/es\/wp-json\/wp\/v2\/product"}],"about":[{"href":"https:\/\/ifergangallery.com\/es\/wp-json\/wp\/v2\/types\/product"}],"replies":[{"embeddable":true,"href":"https:\/\/ifergangallery.com\/es\/wp-json\/wp\/v2\/comments?post=3855"}],"wp:featuredmedia":[{"embeddable":true,"href":"https:\/\/ifergangallery.com\/es\/wp-json\/wp\/v2\/media\/14271"}],"wp:attachment":[{"href":"https:\/\/ifergangallery.com\/es\/wp-json\/wp\/v2\/media?parent=3855"}],"wp:term":[{"taxonomy":"product_cat","embeddable":true,"href":"https:\/\/ifergangallery.com\/es\/wp-json\/wp\/v2\/product_cat?post=3855"},{"taxonomy":"product_tag","embeddable":true,"href":"https:\/\/ifergangallery.com\/es\/wp-json\/wp\/v2\/product_tag?post=3855"}],"curies":[{"name":"wp","href":"https:\/\/api.w.org\/{rel}","templated":true}]}}