{"id":3974,"date":"2021-10-21T11:35:52","date_gmt":"2021-10-21T11:35:52","guid":{"rendered":"https:\/\/snackjerusalem.com\/?post_type=product&#038;p=3974"},"modified":"2022-12-01T09:06:19","modified_gmt":"2022-12-01T09:06:19","slug":"busto-femenino-de-arenisca-representando-a-una-dama-imperio-de-palmira-100-d-c","status":"publish","type":"product","link":"https:\/\/ifergangallery.com\/es\/piece\/busto-femenino-de-arenisca-representando-a-una-dama-imperio-de-palmira-100-d-c\/","title":{"rendered":"Busto femenino de arenisca representando a una dama, Imperio de Palmira, 100 d.C."},"content":{"rendered":"<p style=\"text-align: justify;\">Este busto femenino debi\u00f3 pertenecer a una dama de alto rango social ya que la representada se encuentra ricamente ataviada con una t\u00fanica que cubre cabeza y cuerpo, al mismo tiempo que presenta una gran riqueza en la recreaci\u00f3n de accesorios como pendientes, anillos, collares y pulseras.<\/p>\n<p style=\"text-align: justify;\">Las manifestaciones art\u00edsticas de este periodo son inmensamente bellas, con t\u00e9cnica y maestr\u00eda romana, el estilo de Palmira es a\u00fan m\u00e1s detallado y cargado de expresi\u00f3n y pasi\u00f3n. Destaca especialmente la t\u00e9cnica en el tratamiento de los pa\u00f1os que se pliegan sobre el cuerpo de la mujer, as\u00ed como la dulzura que consigue el escultor en el rostro. En la l\u00ednea de la tradici\u00f3n cl\u00e1sica, se trata de un retrato muy idealizado empleando rasgos suaves y un peinado rizado recogido en un mo\u00f1o tambi\u00e9n de corte cl\u00e1sico. Su mirada eterna permanece inmarcesible desde hace miles de a\u00f1os.<\/p>\n<p>&nbsp;<\/p>","protected":false},"excerpt":{"rendered":"<p>Este busto femenino debi\u00f3 pertenecer a una dama de alto rango social ya que la representada se encuentra ricamente ataviada con una t\u00fanica que cubre cabeza y cuerpo, al mismo tiempo que presenta una gran riqueza en la recreaci\u00f3n de accesorios como pendientes, anillos, collares y pulseras. Las manifestaciones art\u00edsticas de este periodo son inmensamente &hellip;<\/p>\n<p class=\"read-more\"> <a class=\"\" href=\"https:\/\/ifergangallery.com\/es\/piece\/busto-femenino-de-arenisca-representando-a-una-dama-imperio-de-palmira-100-d-c\/\"> <span class=\"screen-reader-text\">Busto femenino de arenisca representando a una dama, Imperio de Palmira, 100 d.C.<\/span> Leer m\u00e1s &raquo;<\/a><\/p>","protected":false},"featured_media":8856,"comment_status":"closed","ping_status":"closed","template":"","meta":{"spay_email":""},"product_cat":[112,490],"product_tag":[383],"yoast_head":"<!-- This site is optimized with the Yoast SEO Premium plugin v17.6 (Yoast SEO v17.6) - https:\/\/yoast.com\/wordpress\/plugins\/seo\/ -->\n<title>Busto femenino de arenisca representando a una dama, Imperio de Palmira, 100 d.C. &ndash; Ifergan Gallery<\/title>\n<meta name=\"robots\" content=\"index, follow, max-snippet:-1, max-image-preview:large, max-video-preview:-1\" \/>\n<link rel=\"canonical\" href=\"https:\/\/ifergangallery.com\/es\/piece\/busto-femenino-de-arenisca-representando-a-una-dama-imperio-de-palmira-100-d-c\/\" \/>\n<meta property=\"og:locale\" content=\"es_ES\" \/>\n<meta property=\"og:type\" content=\"article\" \/>\n<meta property=\"og:title\" content=\"Busto femenino de arenisca representando a una dama, Imperio de Palmira, 100 d.C.\" \/>\n<meta property=\"og:description\" content=\"Este busto femenino debi\u00f3 pertenecer a una dama de alto rango social ya que la representada se encuentra ricamente ataviada con una t\u00fanica que cubre cabeza y cuerpo, al mismo tiempo que presenta una gran riqueza en la recreaci\u00f3n de accesorios como pendientes, anillos, collares y pulseras. Las manifestaciones art\u00edsticas de este periodo son inmensamente &hellip; Busto femenino de arenisca representando a una dama, Imperio de Palmira, 100 d.C. Leer m\u00e1s &raquo;\" \/>\n<meta property=\"og:url\" content=\"https:\/\/ifergangallery.com\/es\/piece\/busto-femenino-de-arenisca-representando-a-una-dama-imperio-de-palmira-100-d-c\/\" \/>\n<meta property=\"og:site_name\" content=\"Ifergan Gallery\" \/>\n<meta property=\"article:publisher\" content=\"https:\/\/www.facebook.com\/Ifergancollectionmalaga\" \/>\n<meta property=\"article:modified_time\" content=\"2022-12-01T09:06:19+00:00\" \/>\n<meta property=\"og:image\" content=\"https:\/\/ifergangallery.com\/wp-content\/uploads\/2021\/10\/m6092-6.jpg\" \/>\n\t<meta property=\"og:image:width\" content=\"1228\" \/>\n\t<meta property=\"og:image:height\" content=\"1113\" \/>\n<meta name=\"twitter:card\" content=\"summary_large_image\" \/>\n<meta name=\"twitter:site\" content=\"@Ifergangallery\" \/>\n<meta name=\"twitter:label1\" content=\"Tiempo de lectura\" \/>\n\t<meta name=\"twitter:data1\" content=\"1 minuto\" \/>\n<script type=\"application\/ld+json\" class=\"yoast-schema-graph\">{\"@context\":\"https:\/\/schema.org\",\"@graph\":[{\"@type\":\"Organization\",\"@id\":\"https:\/\/ifergangallery.com\/#organization\",\"name\":\"Ifergan Gallery\",\"url\":\"https:\/\/ifergangallery.com\/\",\"sameAs\":[\"https:\/\/www.facebook.com\/Ifergancollectionmalaga\",\"https:\/\/www.instagram.com\/ifergangallery\/\",\"https:\/\/www.youtube.com\/channel\/UC2O2zZ9BJKhbUFOnu_5mE3g\",\"https:\/\/twitter.com\/Ifergangallery\"],\"logo\":{\"@type\":\"ImageObject\",\"@id\":\"https:\/\/ifergangallery.com\/#logo\",\"inLanguage\":\"es\",\"url\":\"https:\/\/ifergangallery.com\/wp-content\/uploads\/2021\/09\/Imagotipo_blanco-e1637271379231.png\",\"contentUrl\":\"https:\/\/ifergangallery.com\/wp-content\/uploads\/2021\/09\/Imagotipo_blanco-e1637271379231.png\",\"width\":1920,\"height\":1065,\"caption\":\"Ifergan Gallery\"},\"image\":{\"@id\":\"https:\/\/ifergangallery.com\/#logo\"}},{\"@type\":\"WebSite\",\"@id\":\"https:\/\/ifergangallery.com\/#website\",\"url\":\"https:\/\/ifergangallery.com\/\",\"name\":\"Ifergan Gallery\",\"description\":\"Ancient Art Gallery\",\"publisher\":{\"@id\":\"https:\/\/ifergangallery.com\/#organization\"},\"potentialAction\":[{\"@type\":\"SearchAction\",\"target\":{\"@type\":\"EntryPoint\",\"urlTemplate\":\"https:\/\/ifergangallery.com\/?s={search_term_string}\"},\"query-input\":\"required name=search_term_string\"}],\"inLanguage\":\"es\"},{\"@type\":\"ImageObject\",\"@id\":\"https:\/\/ifergangallery.com\/es\/piece\/busto-femenino-de-arenisca-representando-a-una-dama-imperio-de-palmira-100-d-c\/#primaryimage\",\"inLanguage\":\"es\",\"url\":\"https:\/\/ifergangallery.com\/wp-content\/uploads\/2021\/10\/m6092-6.jpg\",\"contentUrl\":\"https:\/\/ifergangallery.com\/wp-content\/uploads\/2021\/10\/m6092-6.jpg\",\"width\":1228,\"height\":1113},{\"@type\":\"WebPage\",\"@id\":\"https:\/\/ifergangallery.com\/es\/piece\/busto-femenino-de-arenisca-representando-a-una-dama-imperio-de-palmira-100-d-c\/#webpage\",\"url\":\"https:\/\/ifergangallery.com\/es\/piece\/busto-femenino-de-arenisca-representando-a-una-dama-imperio-de-palmira-100-d-c\/\",\"name\":\"Busto femenino de arenisca representando a una dama, Imperio de Palmira, 100 d.C. &ndash; Ifergan Gallery\",\"isPartOf\":{\"@id\":\"https:\/\/ifergangallery.com\/#website\"},\"primaryImageOfPage\":{\"@id\":\"https:\/\/ifergangallery.com\/es\/piece\/busto-femenino-de-arenisca-representando-a-una-dama-imperio-de-palmira-100-d-c\/#primaryimage\"},\"datePublished\":\"2021-10-21T11:35:52+00:00\",\"dateModified\":\"2022-12-01T09:06:19+00:00\",\"breadcrumb\":{\"@id\":\"https:\/\/ifergangallery.com\/es\/piece\/busto-femenino-de-arenisca-representando-a-una-dama-imperio-de-palmira-100-d-c\/#breadcrumb\"},\"inLanguage\":\"es\",\"potentialAction\":[{\"@type\":\"ReadAction\",\"target\":[\"https:\/\/ifergangallery.com\/es\/piece\/busto-femenino-de-arenisca-representando-a-una-dama-imperio-de-palmira-100-d-c\/\"]}]},{\"@type\":\"BreadcrumbList\",\"@id\":\"https:\/\/ifergangallery.com\/es\/piece\/busto-femenino-de-arenisca-representando-a-una-dama-imperio-de-palmira-100-d-c\/#breadcrumb\",\"itemListElement\":[{\"@type\":\"ListItem\",\"position\":1,\"name\":\"Home\",\"item\":\"https:\/\/ifergangallery.com\/es\/\"},{\"@type\":\"ListItem\",\"position\":2,\"name\":\"Works of art\",\"item\":\"https:\/\/ifergangallery.com\/es\/works_of_art\/\"},{\"@type\":\"ListItem\",\"position\":3,\"name\":\"Busto femenino de arenisca representando a una dama, Imperio de Palmira, 100 d.C.\"}]}]}<\/script>\n<!-- \/ Yoast SEO Premium plugin. -->","yoast_head_json":{"title":"Busto femenino de arenisca representando a una dama, Imperio de Palmira, 100 d.C. &ndash; Ifergan Gallery","robots":{"index":"index","follow":"follow","max-snippet":"max-snippet:-1","max-image-preview":"max-image-preview:large","max-video-preview":"max-video-preview:-1"},"canonical":"https:\/\/ifergangallery.com\/es\/piece\/busto-femenino-de-arenisca-representando-a-una-dama-imperio-de-palmira-100-d-c\/","og_locale":"es_ES","og_type":"article","og_title":"Busto femenino de arenisca representando a una dama, Imperio de Palmira, 100 d.C.","og_description":"Este busto femenino debi\u00f3 pertenecer a una dama de alto rango social ya que la representada se encuentra ricamente ataviada con una t\u00fanica que cubre cabeza y cuerpo, al mismo tiempo que presenta una gran riqueza en la recreaci\u00f3n de accesorios como pendientes, anillos, collares y pulseras. Las manifestaciones art\u00edsticas de este periodo son inmensamente &hellip; Busto femenino de arenisca representando a una dama, Imperio de Palmira, 100 d.C. Leer m\u00e1s &raquo;","og_url":"https:\/\/ifergangallery.com\/es\/piece\/busto-femenino-de-arenisca-representando-a-una-dama-imperio-de-palmira-100-d-c\/","og_site_name":"Ifergan Gallery","article_publisher":"https:\/\/www.facebook.com\/Ifergancollectionmalaga","article_modified_time":"2022-12-01T09:06:19+00:00","og_image":[{"width":1228,"height":1113,"url":"https:\/\/ifergangallery.com\/wp-content\/uploads\/2021\/10\/m6092-6.jpg","type":"image\/jpeg"}],"twitter_card":"summary_large_image","twitter_site":"@Ifergangallery","twitter_misc":{"Tiempo de lectura":"1 minuto"},"schema":{"@context":"https:\/\/schema.org","@graph":[{"@type":"Organization","@id":"https:\/\/ifergangallery.com\/#organization","name":"Ifergan Gallery","url":"https:\/\/ifergangallery.com\/","sameAs":["https:\/\/www.facebook.com\/Ifergancollectionmalaga","https:\/\/www.instagram.com\/ifergangallery\/","https:\/\/www.youtube.com\/channel\/UC2O2zZ9BJKhbUFOnu_5mE3g","https:\/\/twitter.com\/Ifergangallery"],"logo":{"@type":"ImageObject","@id":"https:\/\/ifergangallery.com\/#logo","inLanguage":"es","url":"https:\/\/ifergangallery.com\/wp-content\/uploads\/2021\/09\/Imagotipo_blanco-e1637271379231.png","contentUrl":"https:\/\/ifergangallery.com\/wp-content\/uploads\/2021\/09\/Imagotipo_blanco-e1637271379231.png","width":1920,"height":1065,"caption":"Ifergan Gallery"},"image":{"@id":"https:\/\/ifergangallery.com\/#logo"}},{"@type":"WebSite","@id":"https:\/\/ifergangallery.com\/#website","url":"https:\/\/ifergangallery.com\/","name":"Ifergan Gallery","description":"Ancient Art Gallery","publisher":{"@id":"https:\/\/ifergangallery.com\/#organization"},"potentialAction":[{"@type":"SearchAction","target":{"@type":"EntryPoint","urlTemplate":"https:\/\/ifergangallery.com\/?s={search_term_string}"},"query-input":"required name=search_term_string"}],"inLanguage":"es"},{"@type":"ImageObject","@id":"https:\/\/ifergangallery.com\/es\/piece\/busto-femenino-de-arenisca-representando-a-una-dama-imperio-de-palmira-100-d-c\/#primaryimage","inLanguage":"es","url":"https:\/\/ifergangallery.com\/wp-content\/uploads\/2021\/10\/m6092-6.jpg","contentUrl":"https:\/\/ifergangallery.com\/wp-content\/uploads\/2021\/10\/m6092-6.jpg","width":1228,"height":1113},{"@type":"WebPage","@id":"https:\/\/ifergangallery.com\/es\/piece\/busto-femenino-de-arenisca-representando-a-una-dama-imperio-de-palmira-100-d-c\/#webpage","url":"https:\/\/ifergangallery.com\/es\/piece\/busto-femenino-de-arenisca-representando-a-una-dama-imperio-de-palmira-100-d-c\/","name":"Busto femenino de arenisca representando a una dama, Imperio de Palmira, 100 d.C. &ndash; Ifergan Gallery","isPartOf":{"@id":"https:\/\/ifergangallery.com\/#website"},"primaryImageOfPage":{"@id":"https:\/\/ifergangallery.com\/es\/piece\/busto-femenino-de-arenisca-representando-a-una-dama-imperio-de-palmira-100-d-c\/#primaryimage"},"datePublished":"2021-10-21T11:35:52+00:00","dateModified":"2022-12-01T09:06:19+00:00","breadcrumb":{"@id":"https:\/\/ifergangallery.com\/es\/piece\/busto-femenino-de-arenisca-representando-a-una-dama-imperio-de-palmira-100-d-c\/#breadcrumb"},"inLanguage":"es","potentialAction":[{"@type":"ReadAction","target":["https:\/\/ifergangallery.com\/es\/piece\/busto-femenino-de-arenisca-representando-a-una-dama-imperio-de-palmira-100-d-c\/"]}]},{"@type":"BreadcrumbList","@id":"https:\/\/ifergangallery.com\/es\/piece\/busto-femenino-de-arenisca-representando-a-una-dama-imperio-de-palmira-100-d-c\/#breadcrumb","itemListElement":[{"@type":"ListItem","position":1,"name":"Home","item":"https:\/\/ifergangallery.com\/es\/"},{"@type":"ListItem","position":2,"name":"Works of art","item":"https:\/\/ifergangallery.com\/es\/works_of_art\/"},{"@type":"ListItem","position":3,"name":"Busto femenino de arenisca representando a una dama, Imperio de Palmira, 100 d.C."}]}]}},"_links":{"self":[{"href":"https:\/\/ifergangallery.com\/es\/wp-json\/wp\/v2\/product\/3974"}],"collection":[{"href":"https:\/\/ifergangallery.com\/es\/wp-json\/wp\/v2\/product"}],"about":[{"href":"https:\/\/ifergangallery.com\/es\/wp-json\/wp\/v2\/types\/product"}],"replies":[{"embeddable":true,"href":"https:\/\/ifergangallery.com\/es\/wp-json\/wp\/v2\/comments?post=3974"}],"wp:featuredmedia":[{"embeddable":true,"href":"https:\/\/ifergangallery.com\/es\/wp-json\/wp\/v2\/media\/8856"}],"wp:attachment":[{"href":"https:\/\/ifergangallery.com\/es\/wp-json\/wp\/v2\/media?parent=3974"}],"wp:term":[{"taxonomy":"product_cat","embeddable":true,"href":"https:\/\/ifergangallery.com\/es\/wp-json\/wp\/v2\/product_cat?post=3974"},{"taxonomy":"product_tag","embeddable":true,"href":"https:\/\/ifergangallery.com\/es\/wp-json\/wp\/v2\/product_tag?post=3974"}],"curies":[{"name":"wp","href":"https:\/\/api.w.org\/{rel}","templated":true}]}}